{"id":987,"date":"2024-12-11T08:29:22","date_gmt":"2024-12-11T07:29:22","guid":{"rendered":"https:\/\/www.etafast.org\/khach-tham-doanh-nghiep\/"},"modified":"2024-12-11T09:07:50","modified_gmt":"2024-12-11T08:07:50","slug":"khach-tham-doanh-nghiep","status":"publish","type":"page","link":"https:\/\/www.etafast.org\/vi\/khach-tham-doanh-nghiep\/","title":{"rendered":"Kh\u00e1ch th\u0103m doanh nghi\u1ec7p"},"content":{"rendered":"\n<h3 class=\"wp-block-heading\">Kh\u00e1ch doanh nghi\u1ec7p: Tham d\u1ef1 c\u00e1c cu\u1ed9c h\u1ecdp, s\u1ef1 ki\u1ec7n v\u00e0 h\u1ed9i ngh\u1ecb t\u1ea1i Canada<\/h3>\n\n<p>Kh\u00e1ch doanh nh\u00e2n \u0111\u00f3ng vai tr\u00f2 quan tr\u1ecdng trong vi\u1ec7c th\u00fac \u0111\u1ea9y th\u01b0\u01a1ng m\u1ea1i v\u00e0 h\u1ee3p t\u00e1c qu\u1ed1c t\u1ebf. N\u1ebfu b\u1ea1n \u0111ang c\u00f3 k\u1ebf ho\u1ea1ch tham d\u1ef1 c\u00e1c cu\u1ed9c h\u1ecdp, s\u1ef1 ki\u1ec7n ho\u1eb7c h\u1ed9i ngh\u1ecb t\u1ea1i Canada v\u1edbi t\u01b0 c\u00e1ch l\u00e0 kh\u00e1ch doanh nh\u00e2n, \u0111\u00e2y l\u00e0 h\u01b0\u1edbng d\u1eabn t\u1eebng b\u01b0\u1edbc \u0111\u1ec3 \u0111\u1ea3m b\u1ea3o qu\u00e1 tr\u00ecnh nh\u1eadp c\u1ea3nh di\u1ec5n ra su\u00f4n s\u1ebb. <\/p>\n\n<hr class=\"wp-block-separator has-alpha-channel-opacity\"\/>\n\n<h3 class=\"wp-block-heading\"><strong>B\u01b0\u1edbc 1: B\u1ea1n l\u00e0 kh\u00e1ch c\u00f4ng t\u00e1c hay c\u1ea7n gi\u1ea5y ph\u00e9p lao \u0111\u1ed9ng?<\/strong><\/h3>\n\n<p>\u0110\u1ec3 \u0111\u1ee7 \u0111i\u1ec1u ki\u1ec7n tr\u1edf th\u00e0nh <strong>kh\u00e1ch doanh nh\u00e2n<\/strong> t\u1ea1i Canada, b\u1ea1n ph\u1ea3i:<\/p>\n\n<ul class=\"wp-block-list\">\n<li><strong>Th\u1eddi gian<\/strong> : D\u1ef1 \u0111\u1ecbnh l\u01b0u tr\u00fa <strong>d\u01b0\u1edbi 6 th\u00e1ng<\/strong> .<\/li>\n\n\n\n<li><strong>M\u1ee5c \u0111\u00edch<\/strong> : Kh\u00f4ng tham gia v\u00e0o th\u1ecb tr\u01b0\u1eddng lao \u0111\u1ed9ng Canada.<\/li>\n\n\n\n<li><strong>Ngu\u1ed3n kinh doanh<\/strong> : \u0110\u1ea3m b\u1ea3o \u0111\u1ecba \u0111i\u1ec3m kinh doanh ch\u00ednh, thu nh\u1eadp v\u00e0 l\u1ee3i nhu\u1eadn c\u1ee7a b\u1ea1n v\u1eabn \u1edf <strong>b\u00ean ngo\u00e0i Canada<\/strong> .<\/li>\n\n\n\n<li><strong>Gi\u1ea5y t\u1edd<\/strong> : C\u00f3 c\u00e1c gi\u1ea5y t\u1edd c\u1ea7n thi\u1ebft \u0111\u1ec3 h\u1ed7 tr\u1ee3 cho \u0111\u01a1n \u0111\u0103ng k\u00fd c\u1ee7a b\u1ea1n.<\/li>\n<\/ul>\n\n<p><strong>Y\u00eau c\u1ea7u \u0111\u1ea7u v\u00e0o c\u01a1 b\u1ea3n<\/strong> :<\/p>\n\n<ul class=\"wp-block-list\">\n<li>M\u1ed9t gi\u1ea5y t\u1edd du l\u1ecbch h\u1ee3p l\u1ec7 (nh\u01b0 h\u1ed9 chi\u1ebfu).<\/li>\n\n\n\n<li>C\u00f3 \u0111\u1ee7 ti\u1ec1n cho chuy\u1ebfn \u0111i v\u00e0 chuy\u1ebfn v\u1ec1.<\/li>\n\n\n\n<li>B\u1eb1ng ch\u1ee9ng ch\u1ee9ng minh b\u1ea1n s\u1ebd r\u1eddi kh\u1ecfi Canada sau khi k\u1ebft th\u00fac chuy\u1ebfn th\u0103m.<\/li>\n\n\n\n<li>Kh\u00f4ng c\u00f3 r\u1ee7i ro v\u1ec1 t\u1ed9i ph\u1ea1m, an ninh ho\u1eb7c s\u1ee9c kh\u1ecfe cho ng\u01b0\u1eddi Canada.<\/li>\n<\/ul>\n\n<p><strong>C\u00e1c ho\u1ea1t \u0111\u1ed9ng \u0111\u01b0\u1ee3c ph\u00e9p v\u1edbi t\u01b0 c\u00e1ch l\u00e0 kh\u00e1ch doanh nghi\u1ec7p<\/strong> :<\/p>\n\n<ul class=\"wp-block-list\">\n<li>Mua h\u00e0ng h\u00f3a ho\u1eb7c d\u1ecbch v\u1ee5 c\u1ee7a Canada cho m\u1ed9t doanh nghi\u1ec7p ho\u1eb7c ch\u00ednh ph\u1ee7 n\u01b0\u1edbc ngo\u00e0i.<\/li>\n\n\n\n<li>Ti\u1ebfp nh\u1eadn \u0111\u01a1n \u0111\u1eb7t h\u00e0ng h\u00f3a ho\u1eb7c d\u1ecbch v\u1ee5.<\/li>\n\n\n\n<li>Tham d\u1ef1 c\u00e1c cu\u1ed9c h\u1ecdp, h\u1ed9i ngh\u1ecb, \u0111\u1ea1i h\u1ed9i ho\u1eb7c h\u1ed9i ch\u1ee3 th\u01b0\u01a1ng m\u1ea1i.<\/li>\n\n\n\n<li>Cung c\u1ea5p d\u1ecbch v\u1ee5 sau b\u00e1n h\u00e0ng theo ch\u1ebf \u0111\u1ed9 b\u1ea3o h\u00e0nh ho\u1eb7c th\u1ecfa thu\u1eadn b\u00e1n h\u00e0ng.<\/li>\n\n\n\n<li>Ti\u1ebfp nh\u1eadn ho\u1eb7c ti\u1ebfn h\u00e0nh \u0111\u00e0o t\u1ea1o li\u00ean quan \u0111\u1ebfn doanh nghi\u1ec7p c\u1ee7a b\u1ea1n.<\/li>\n<\/ul>\n\n<p><strong>L\u01b0u \u00fd<\/strong> : N\u1ebfu chuy\u1ebfn th\u0103m c\u1ee7a b\u1ea1n k\u00e9o d\u00e0i h\u01a1n 6 th\u00e1ng ho\u1eb7c tham gia v\u00e0o c\u00e1c ho\u1ea1t \u0111\u1ed9ng th\u1ecb tr\u01b0\u1eddng lao \u0111\u1ed9ng Canada, b\u1ea1n c\u00f3 th\u1ec3 c\u1ea7n <strong>gi\u1ea5y ph\u00e9p lao \u0111\u1ed9ng<\/strong> .<\/p>\n\n<hr class=\"wp-block-separator has-alpha-channel-opacity\"\/>\n\n<h3 class=\"wp-block-heading\"><strong>B\u01b0\u1edbc 2: B\u1ea1n c\u1ea7n Visa hay eTA?<\/strong><\/h3>\n\n<p>B\u1ea1n c\u1ea7n <strong>th\u1ecb th\u1ef1c<\/strong> hay <strong>gi\u1ea5y ph\u00e9p du l\u1ecbch \u0111i\u1ec7n t\u1eed (eTA)<\/strong> t\u00f9y thu\u1ed9c v\u00e0o qu\u1ed1c t\u1ecbch v\u00e0 ho\u00e0n c\u1ea3nh chuy\u1ebfn \u0111i c\u1ee7a b\u1ea1n.<\/p>\n\n<ul class=\"wp-block-list\">\n<li>S\u1eed d\u1ee5ng <a>c\u00f4ng c\u1ee5 c\u1ee7a Ch\u00ednh ph\u1ee7 Canada<\/a> \u0111\u1ec3 x\u00e1c \u0111\u1ecbnh xem b\u1ea1n c\u00f3 \u0111\u1ee7 \u0111i\u1ec1u ki\u1ec7n hay kh\u00f4ng.<\/li>\n<\/ul>\n\n<hr class=\"wp-block-separator has-alpha-channel-opacity\"\/>\n\n<h3 class=\"wp-block-heading\"><strong>B\u01b0\u1edbc 3: Nh\u1eadn M\u00e3 s\u1ef1 ki\u1ec7n (n\u1ebfu c\u00f3)<\/strong><\/h3>\n\n<p>\u0110\u1ed1i v\u1edbi c\u00e1c s\u1ef1 ki\u1ec7n, cu\u1ed9c h\u1ecdp ho\u1eb7c h\u1ed9i ngh\u1ecb \u0111\u00e3 \u0111\u0103ng k\u00fd v\u1edbi <strong>B\u1ed9 Di tr\u00fa, Ng\u01b0\u1eddi t\u1ecb n\u1ea1n v\u00e0 Quy\u1ec1n c\u00f4ng d\u00e2n Canada (IRCC)<\/strong> :<\/p>\n\n<ul class=\"wp-block-list\">\n<li>Ng\u01b0\u1eddi t\u1ed5 ch\u1ee9c s\u1ef1 ki\u1ec7n s\u1ebd cung c\u1ea5p cho b\u1ea1n <strong>m\u00e3 s\u1ef1 ki\u1ec7n<\/strong> v\u00e0 h\u01b0\u1edbng d\u1eabn v\u1ec1 \u0111\u01a1n xin th\u1ecb th\u1ef1c.<\/li>\n\n\n\n<li>Nh\u1eadp m\u00e3 s\u1ef1 ki\u1ec7n v\u00e0o \u1ee9ng d\u1ee5ng gi\u00fap x\u00e1c \u0111\u1ecbnh b\u1ea1n l\u00e0 ng\u01b0\u1eddi tham gia.<\/li>\n<\/ul>\n\n<hr class=\"wp-block-separator has-alpha-channel-opacity\"\/>\n\n<h3 class=\"wp-block-heading\"><strong>B\u01b0\u1edbc 4: N\u1ed9p \u0111\u01a1n xin th\u1ecb th\u1ef1c ho\u1eb7c eTA (n\u1ebfu c\u1ea7n)<\/strong><\/h3>\n\n<ul class=\"wp-block-list\">\n<li><strong>Th\u1ecb th\u1ef1c<\/strong> : N\u1ed9p \u0111\u01a1n xin th\u1ecb th\u1ef1c th\u00f4ng qua <a>trang web ch\u00ednh th\u1ee9c c\u1ee7a IRCC<\/a> .<\/li>\n\n\n\n<li><strong>eTA<\/strong> : N\u1ed9p \u0111\u01a1n xin eTA tr\u1ef1c tuy\u1ebfn.<\/li>\n<\/ul>\n\n<hr class=\"wp-block-separator has-alpha-channel-opacity\"\/>\n\n<h3 class=\"wp-block-heading\"><strong>B\u01b0\u1edbc 5: Chu\u1ea9n b\u1ecb gi\u1ea5y t\u1edd cho chuy\u1ebfn \u0111i c\u1ee7a b\u1ea1n<\/strong><\/h3>\n\n<p>Khi \u0111\u1ebfn bi\u00ean gi\u1edbi Canada, h\u00e3y \u0111\u1ea3m b\u1ea3o b\u1ea1n c\u00f3 nh\u1eefng gi\u1ea5y t\u1edd sau (kh\u00f4ng \u0111\u1ec3 nh\u1eefng gi\u1ea5y t\u1edd n\u00e0y trong vali):<\/p>\n\n<ul class=\"wp-block-list\">\n<li>H\u1ed9 chi\u1ebfu ho\u1eb7c gi\u1ea5y t\u1edd du l\u1ecbch h\u1ee3p l\u1ec7 trong to\u00e0n b\u1ed9 th\u1eddi gian l\u01b0u tr\u00fa c\u1ee7a b\u1ea1n.<\/li>\n\n\n\n<li>Th\u1ecb th\u1ef1c h\u1ee3p l\u1ec7 (n\u1ebfu c\u00f3).<\/li>\n\n\n\n<li>N\u1ebfu b\u1ea1n c\u1ea7n eTA, h\u00e3y mang theo h\u1ed9 chi\u1ebfu \u0111\u00e3 s\u1eed d\u1ee5ng khi n\u1ed9p \u0111\u01a1n xin eTA.<\/li>\n\n\n\n<li>Th\u01b0\u1eddng tr\u00fa nh\u00e2n h\u1ee3p ph\u00e1p c\u1ee7a Hoa K\u1ef3 ph\u1ea3i mang theo <strong>th\u1ebb xanh h\u1ee3p l\u1ec7<\/strong> (ho\u1eb7c b\u1eb1ng ch\u1ee9ng t\u01b0\u01a1ng \u0111\u01b0\u01a1ng v\u1ec1 t\u00ecnh tr\u1ea1ng) v\u00e0 h\u1ed9 chi\u1ebfu.<\/li>\n\n\n\n<li>Th\u01b0 h\u1ed7 tr\u1ee3 t\u1eeb c\u00f4ng ty m\u1eb9 c\u1ee7a b\u1ea1n v\u00e0 th\u01b0 m\u1eddi t\u1eeb doanh nghi\u1ec7p ch\u1ee7 nh\u00e0 Canada.<\/li>\n\n\n\n<li>C\u00e1c t\u00e0i li\u1ec7u b\u1ed5 sung nh\u01b0 h\u1ee3p \u0111\u1ed3ng, th\u1ecfa thu\u1eadn b\u1ea3o h\u00e0nh ho\u1eb7c t\u00e0i li\u1ec7u d\u1ecbch v\u1ee5 (n\u1ebfu c\u00f3 li\u00ean quan).<\/li>\n\n\n\n<li>Th\u00f4ng tin li\u00ean h\u1ec7 c\u1ee7a \u0111\u01a1n v\u1ecb ch\u1ee7 qu\u1ea3n doanh nghi\u1ec7p c\u1ee7a b\u1ea1n t\u1ea1i Canada.<\/li>\n\n\n\n<li>B\u1eb1ng ch\u1ee9ng ch\u1ee9ng minh c\u00f3 \u0111\u1ee7 kh\u1ea3 n\u0103ng t\u00e0i ch\u00ednh cho chuy\u1ebfn \u0111i v\u00e0 tr\u1edf v\u1ec1.<\/li>\n<\/ul>\n\n<hr class=\"wp-block-separator has-alpha-channel-opacity\"\/>\n\n<h3 class=\"wp-block-heading\"><strong>Tr\u1ebb v\u1ecb th\u00e0nh ni\u00ean \u0111i c\u00f9ng b\u1ea1n<\/strong><\/h3>\n\n<p>N\u1ebfu \u0111i du l\u1ecbch c\u00f9ng tr\u1ebb em d\u01b0\u1edbi 18 tu\u1ed5i, h\u00e3y t\u00ecm hi\u1ec3u c\u00e1c quy \u0111\u1ecbnh c\u1ee7a Canada d\u00e0nh cho tr\u1ebb v\u1ecb th\u00e0nh ni\u00ean.<\/p>\n\n<ul class=\"wp-block-list\">\n<li>Tham kh\u1ea3o c\u00e1c y\u00eau c\u1ea7u nh\u1eadp c\u1ea3nh d\u00e0nh cho tr\u1ebb v\u1ecb th\u00e0nh ni\u00ean \u0111\u1ec3 \u0111\u1ea3m b\u1ea3o tu\u00e2n th\u1ee7 lu\u1eadt ph\u00e1p Canada v\u1ec1 b\u1ea3o v\u1ec7 tr\u1ebb em.<\/li>\n<\/ul>\n\n<hr class=\"wp-block-separator has-alpha-channel-opacity\"\/>\n\n<h3 class=\"wp-block-heading\"><strong>Ghi ch\u00fa quan tr\u1ecdng cho kh\u00e1ch doanh nghi\u1ec7p<\/strong><\/h3>\n\n<ul class=\"wp-block-list\">\n<li><strong>Hi\u1ec7p \u0111\u1ecbnh Canada-Hoa K\u1ef3-Mexico (CUSMA)<\/strong> \u0111\u01b0a ra c\u00e1c \u0111i\u1ec1u kho\u1ea3n b\u1ed5 sung cho c\u00f4ng d\u00e2n Hoa K\u1ef3 v\u00e0 Mexico tham gia v\u00e0o c\u00e1c ho\u1ea1t \u0111\u1ed9ng nh\u01b0 nghi\u00ean c\u1ee9u, ti\u1ebfp th\u1ecb v\u00e0 d\u1ecbch v\u1ee5 chung.<\/li>\n\n\n\n<li>Lu\u00f4n ki\u1ec3m tra v\u1edbi ng\u01b0\u1eddi t\u1ed5 ch\u1ee9c cu\u1ed9c h\u1ecdp ho\u1eb7c s\u1ef1 ki\u1ec7n c\u1ee7a b\u1ea1n \u0111\u1ec3 bi\u1ebft c\u00e1c y\u00eau c\u1ea7u ho\u1eb7c h\u01b0\u1edbng d\u1eabn c\u1ee5 th\u1ec3.<\/li>\n\n\n\n<li>Kh\u00e1ch doanh nh\u00e2n b\u1ecb gi\u1edbi h\u1ea1n trong c\u00e1c ho\u1ea1t \u0111\u1ed9ng kh\u00f4ng li\u00ean quan \u0111\u1ebfn vi\u1ec7c l\u00e0m tr\u1ef1c ti\u1ebfp t\u1ea1i Canada.<\/li>\n<\/ul>\n\n<p>B\u1eb1ng c\u00e1ch l\u00e0m theo c\u00e1c b\u01b0\u1edbc n\u00e0y v\u00e0 \u0111\u1ea3m b\u1ea3o b\u1ea1n c\u00f3 \u0111\u1ee7 gi\u1ea5y t\u1edd ph\u00f9 h\u1ee3p, chuy\u1ebfn c\u00f4ng t\u00e1c t\u1edbi Canada c\u1ee7a b\u1ea1n c\u00f3 th\u1ec3 di\u1ec5n ra hi\u1ec7u qu\u1ea3 v\u00e0 th\u00e0nh c\u00f4ng.<\/p>\n","protected":false},"excerpt":{"rendered":"<p>Kh\u00e1ch doanh nghi\u1ec7p: Tham d\u1ef1 c\u00e1c cu\u1ed9c h\u1ecdp, s\u1ef1 ki\u1ec7n v\u00e0 h\u1ed9i ngh\u1ecb t\u1ea1i Canada Kh\u00e1ch doanh nh\u00e2n \u0111\u00f3ng vai [&hellip;]<\/p>\n","protected":false},"author":1,"featured_media":0,"parent":0,"menu_order":0,"comment_status":"closed","ping_status":"closed","template":"","meta":{"_uag_custom_page_level_css":"","site-sidebar-layout":"default","site-content-layout":"","ast-site-content-layout":"","site-content-style":"default","site-sidebar-style":"default","ast-global-header-display":"","ast-banner-title-visibility":"","ast-main-header-display":"","ast-hfb-above-header-display":"","ast-hfb-below-header-display":"","ast-hfb-mobile-header-display":"","site-post-title":"","ast-breadcrumbs-content":"","ast-featured-img":"","footer-sml-layout":"","theme-transparent-header-meta":"","adv-header-id-meta":"","stick-header-meta":"","header-above-stick-meta":"","header-main-stick-meta":"","header-below-stick-meta":"","astra-migrate-meta-layouts":"default","ast-page-background-enabled":"default","ast-page-background-meta":{"desktop":{"background-color":"var(--ast-global-color-4)","background-image":"","background-repeat":"repeat","background-position":"center center","background-size":"auto","background-attachment":"scroll","background-type":"","background-media":"","overlay-type":"","overlay-color":"","overlay-opacity":"","overlay-gradient":""},"tablet":{"background-color":"","background-image":"","background-repeat":"repeat","background-position":"center center","background-size":"auto","background-attachment":"scroll","background-type":"","background-media":"","overlay-type":"","overlay-color":"","overlay-opacity":"","overlay-gradient":""},"mobile":{"background-color":"","background-image":"","background-repeat":"repeat","background-position":"center center","background-size":"auto","background-attachment":"scroll","background-type":"","background-media":"","overlay-type":"","overlay-color":"","overlay-opacity":"","overlay-gradient":""}},"ast-content-background-meta":{"desktop":{"background-color":"var(--ast-global-color-5)","background-image":"","background-repeat":"repeat","background-position":"center center","background-size":"auto","background-attachment":"scroll","background-type":"","background-media":"","overlay-type":"","overlay-color":"","overlay-opacity":"","overlay-gradient":""},"tablet":{"background-color":"var(--ast-global-color-5)","background-image":"","background-repeat":"repeat","background-position":"center center","background-size":"auto","background-attachment":"scroll","background-type":"","background-media":"","overlay-type":"","overlay-color":"","overlay-opacity":"","overlay-gradient":""},"mobile":{"background-color":"var(--ast-global-color-5)","background-image":"","background-repeat":"repeat","background-position":"center center","background-size":"auto","background-attachment":"scroll","background-type":"","background-media":"","overlay-type":"","overlay-color":"","overlay-opacity":"","overlay-gradient":""}},"footnotes":""},"categories":[],"tags":[],"class_list":["post-987","page","type-page","status-publish","hentry"],"uagb_featured_image_src":{"full":false,"thumbnail":false,"medium":false,"medium_large":false,"large":false,"1536x1536":false,"2048x2048":false},"uagb_author_info":{"display_name":"admin","author_link":"https:\/\/www.etafast.org\/vi\/author\/admin\/"},"uagb_comment_info":0,"uagb_excerpt":"Kh\u00e1ch doanh nghi\u1ec7p: Tham d\u1ef1 c\u00e1c cu\u1ed9c h\u1ecdp, s\u1ef1 ki\u1ec7n v\u00e0 h\u1ed9i ngh\u1ecb t\u1ea1i Canada Kh\u00e1ch doanh nh\u00e2n \u0111\u00f3ng vai [&hellip;]","_links":{"self":[{"href":"https:\/\/www.etafast.org\/vi\/wp-json\/wp\/v2\/pages\/987","targetHints":{"allow":["GET"]}}],"collection":[{"href":"https:\/\/www.etafast.org\/vi\/wp-json\/wp\/v2\/pages"}],"about":[{"href":"https:\/\/www.etafast.org\/vi\/wp-json\/wp\/v2\/types\/page"}],"author":[{"embeddable":true,"href":"https:\/\/www.etafast.org\/vi\/wp-json\/wp\/v2\/users\/1"}],"replies":[{"embeddable":true,"href":"https:\/\/www.etafast.org\/vi\/wp-json\/wp\/v2\/comments?post=987"}],"version-history":[{"count":1,"href":"https:\/\/www.etafast.org\/vi\/wp-json\/wp\/v2\/pages\/987\/revisions"}],"predecessor-version":[{"id":988,"href":"https:\/\/www.etafast.org\/vi\/wp-json\/wp\/v2\/pages\/987\/revisions\/988"}],"wp:attachment":[{"href":"https:\/\/www.etafast.org\/vi\/wp-json\/wp\/v2\/media?parent=987"}],"wp:term":[{"taxonomy":"category","embeddable":true,"href":"https:\/\/www.etafast.org\/vi\/wp-json\/wp\/v2\/categories?post=987"},{"taxonomy":"post_tag","embeddable":true,"href":"https:\/\/www.etafast.org\/vi\/wp-json\/wp\/v2\/tags?post=987"}],"curies":[{"name":"wp","href":"https:\/\/api.w.org\/{rel}","templated":true}]}}