{"id":915,"date":"2024-12-11T08:30:38","date_gmt":"2024-12-11T07:30:38","guid":{"rendered":"https:\/\/www.etafast.org\/qua-canh-qua-canada\/"},"modified":"2024-12-11T09:06:58","modified_gmt":"2024-12-11T08:06:58","slug":"qua-canh-qua-canada","status":"publish","type":"page","link":"https:\/\/www.etafast.org\/vi\/qua-canh-qua-canada\/","title":{"rendered":"Qu\u00e1 c\u1ea3nh qua Canada"},"content":{"rendered":"\n<p>N\u1ebfu b\u1ea1n \u0111ang \u0111i du l\u1ecbch \u0111\u1ebfn m\u1ed9t qu\u1ed1c gia kh\u00e1c v\u00e0 c\u1ea7n qu\u00e1 c\u1ea3nh qua Canada, c\u00e1c y\u00eau c\u1ea7u v\u1ec1 t\u00e0i li\u1ec7u s\u1ebd ph\u1ee5 thu\u1ed9c v\u00e0o m\u1ed9t s\u1ed1 y\u1ebfu t\u1ed1, bao g\u1ed3m ph\u01b0\u01a1ng th\u1ee9c di chuy\u1ec3n, th\u1eddi gian l\u01b0u tr\u00fa, qu\u1ed1c t\u1ecbch v\u00e0 t\u00ecnh tr\u1ea1ng nh\u1eadp c\u01b0 c\u1ee7a b\u1ea1n. D\u01b0\u1edbi \u0111\u00e2y l\u00e0 h\u01b0\u1edbng d\u1eabn to\u00e0n di\u1ec7n gi\u00fap b\u1ea1n x\u00e1c \u0111\u1ecbnh nh\u1eefng g\u00ec b\u1ea1n c\u1ea7n \u0111\u1ec3 qu\u00e1 c\u1ea3nh qua Canada m\u1ed9t c\u00e1ch su\u00f4n s\u1ebb. <\/p>\n\n<hr class=\"wp-block-separator has-alpha-channel-opacity\"\/>\n\n<h3 class=\"wp-block-heading\"><strong>C\u00e1c y\u1ebfu t\u1ed1 quy\u1ebft \u0111\u1ecbnh nhu c\u1ea7u v\u1eadn chuy\u1ec3n c\u1ee7a b\u1ea1n<\/strong><\/h3>\n\n<ol class=\"wp-block-list\">\n<li><strong>Ph\u01b0\u01a1ng th\u1ee9c di chuy\u1ec3n<\/strong> :\n<ul class=\"wp-block-list\">\n<li>B\u1eb1ng \u0111\u01b0\u1eddng h\u00e0ng kh\u00f4ng (c\u00e1c chuy\u1ebfn bay qu\u1ed1c t\u1ebf k\u1ebft n\u1ed1i qua c\u00e1c s\u00e2n bay c\u1ee7a Canada).<\/li>\n\n\n\n<li>B\u1eb1ng \u00f4 t\u00f4, xe bu\u00fdt, t\u00e0u h\u1ecfa ho\u1eb7c thuy\u1ec1n (bao g\u1ed3m c\u1ea3 t\u00e0u du l\u1ecbch).<\/li>\n<\/ul>\n<\/li>\n\n\n\n<li><strong>Th\u1eddi gian qu\u00e1 c\u1ea3nh<\/strong> :\n<ul class=\"wp-block-list\">\n<li>\u00cdt h\u01a1n 48 gi\u1edd.<\/li>\n\n\n\n<li>H\u01a1n 48 gi\u1edd.<\/li>\n<\/ul>\n<\/li>\n\n\n\n<li><strong>Qu\u1ed1c t\u1ecbch v\u00e0 t\u00ecnh tr\u1ea1ng nh\u1eadp c\u01b0<\/strong> :\n<ul class=\"wp-block-list\">\n<li>Qu\u1ed1c gia h\u1ed9 chi\u1ebfu c\u1ee7a b\u1ea1n.<\/li>\n\n\n\n<li>Cho d\u00f9 b\u1ea1n l\u00e0 c\u00f4ng d\u00e2n Hoa K\u1ef3, th\u01b0\u1eddng tr\u00fa nh\u00e2n h\u1ee3p ph\u00e1p c\u1ee7a Hoa K\u1ef3 hay c\u00f3 th\u1ecb th\u1ef1c Hoa K\u1ef3 h\u1ee3p l\u1ec7.<\/li>\n<\/ul>\n<\/li>\n<\/ol>\n\n<hr class=\"wp-block-separator has-alpha-channel-opacity\"\/>\n\n<h3 class=\"wp-block-heading\"><strong>T\u00f9y ch\u1ecdn t\u00e0i li\u1ec7u \u0111\u1ec3 qu\u00e1 c\u1ea3nh qua Canada<\/strong><\/h3>\n\n<h4 class=\"wp-block-heading\"><strong>1. Visa du l\u1ecbch<\/strong><\/h4>\n\n<p>B\u1ea1n c\u1ea7n <strong>th\u1ecb th\u1ef1c du l\u1ecbch<\/strong> n\u1ebfu:<\/p>\n\n<ul class=\"wp-block-list\">\n<li>B\u1ea1n \u0111\u1ebfn t\u1eeb <strong>qu\u1ed1c gia y\u00eau c\u1ea7u th\u1ecb th\u1ef1c<\/strong> v\u00e0 c\u00f3 k\u1ebf ho\u1ea1ch:\n<ul class=\"wp-block-list\">\n<li>H\u00e3y \u0111\u1ebfn th\u0103m Canada, ngay c\u1ea3 khi ch\u1ec9 \u1edf l\u1ea1i ch\u01b0a \u0111\u1ea7y 48 gi\u1edd.<\/li>\n\n\n\n<li>\u1ede l\u1ea1i Canada <strong>h\u01a1n 48 gi\u1edd<\/strong> khi qu\u00e1 c\u1ea3nh.<\/li>\n<\/ul>\n<\/li>\n\n\n\n<li>B\u1ea1n \u0111ang di chuy\u1ec3n b\u1eb1ng <strong>xe bu\u00fdt, \u00f4 t\u00f4, t\u00e0u h\u1ecfa, thuy\u1ec1n ho\u1eb7c t\u00e0u du l\u1ecbch<\/strong> t\u1eeb m\u1ed9t qu\u1ed1c gia y\u00eau c\u1ea7u th\u1ecb th\u1ef1c.<\/li>\n<\/ul>\n\n<p><\/p>\n\n<hr class=\"wp-block-separator has-alpha-channel-opacity\"\/>\n\n<h4 class=\"wp-block-heading\"><strong>2. Visa qu\u00e1 c\u1ea3nh<\/strong><\/h4>\n\n<p>B\u1ea1n c\u1ea7n <strong>th\u1ecb th\u1ef1c qu\u00e1 c\u1ea3nh<\/strong> n\u1ebfu:<\/p>\n\n<ul class=\"wp-block-list\">\n<li>B\u1ea1n \u0111\u1ebfn t\u1eeb <strong>qu\u1ed1c gia y\u00eau c\u1ea7u th\u1ecb th\u1ef1c<\/strong> v\u00e0:\n<ul class=\"wp-block-list\">\n<li>Chuy\u1ebfn bay qu\u1ed1c t\u1ebf c\u1ee7a b\u1ea1n d\u1eebng t\u1ea1i m\u1ed9t s\u00e2n bay Canada tr\u00ean \u0111\u01b0\u1eddng \u0111\u1ebfn m\u1ed9t \u0111i\u1ec3m \u0111\u1ebfn kh\u00e1c.<\/li>\n\n\n\n<li>B\u1ea1n \u0111ang n\u1ed1i chuy\u1ebfn gi\u1eefa hai chuy\u1ebfn bay qu\u1ed1c t\u1ebf t\u1ea1i m\u1ed9t ho\u1eb7c nhi\u1ec1u s\u00e2n bay Canada.<\/li>\n\n\n\n<li>Qu\u00e1 tr\u00ecnh v\u1eadn chuy\u1ec3n c\u1ee7a b\u1ea1n k\u00e9o d\u00e0i <strong>48 gi\u1edd ho\u1eb7c \u00edt h\u01a1n<\/strong> .<\/li>\n\n\n\n<li>B\u1ea1n kh\u00f4ng c\u00f3 th\u1ecb th\u1ef1c du l\u1ecbch h\u1ee3p l\u1ec7.<\/li>\n\n\n\n<li>B\u1ea1n kh\u00f4ng \u0111\u1ee7 \u0111i\u1ec1u ki\u1ec7n \u0111\u1ec3 \u0111\u01b0\u1ee3c c\u1ea5p eTA.<\/li>\n<\/ul>\n<\/li>\n<\/ul>\n\n<p><\/p>\n\n<hr class=\"wp-block-separator has-alpha-channel-opacity\"\/>\n\n<h4 class=\"wp-block-heading\"><strong>3. Gi\u1ea5y ph\u00e9p du l\u1ecbch \u0111i\u1ec7n t\u1eed (eTA)<\/strong><\/h4>\n\n<p>B\u1ea1n c\u1ea7n <strong>eTA<\/strong> n\u1ebfu:<\/p>\n\n<ul class=\"wp-block-list\">\n<li>B\u1ea1n \u0111\u1ebfn t\u1eeb <strong>qu\u1ed1c gia y\u00eau c\u1ea7u eTA<\/strong> v\u00e0:\n<ul class=\"wp-block-list\">\n<li>Qu\u00e1 c\u1ea3nh qua Canada b\u1eb1ng \u0111\u01b0\u1eddng h\u00e0ng kh\u00f4ng.<\/li>\n\n\n\n<li>Chuy\u1ebfn bay qu\u00e1 c\u1ea3nh c\u1ee7a b\u1ea1n l\u00e0 m\u1ed9t ph\u1ea7n c\u1ee7a chuy\u1ebfn bay qu\u1ed1c t\u1ebf n\u1ed1i chuy\u1ebfn.<\/li>\n<\/ul>\n<\/li>\n<\/ul>\n\n<p><strong>Ngo\u1ea1i l\u1ec7<\/strong> :<\/p>\n\n<ul class=\"wp-block-list\">\n<li>B\u1ea1n kh\u00f4ng c\u1ea7n eTA n\u1ebfu di chuy\u1ec3n b\u1eb1ng t\u00e0u h\u1ecfa, xe bu\u00fdt, thuy\u1ec1n ho\u1eb7c t\u00e0u du l\u1ecbch, nh\u01b0ng b\u1ea1n ph\u1ea3i c\u00f3 gi\u1ea5y t\u1edd \u0111i l\u1ea1i h\u1ee3p l\u1ec7.<\/li>\n<\/ul>\n\n<p><\/p>\n\n<hr class=\"wp-block-separator has-alpha-channel-opacity\"\/>\n\n<h4 class=\"wp-block-heading\"><strong>4. Qu\u00e1 c\u1ea3nh kh\u00f4ng c\u1ea7n th\u1ecb th\u1ef1c<\/strong><\/h4>\n\n<ul class=\"wp-block-list\">\n<li><strong>C\u00f4ng d\u00e2n Hoa K\u1ef3 v\u00e0 th\u01b0\u1eddng tr\u00fa nh\u00e2n h\u1ee3p ph\u00e1p<\/strong> :<br> C\u00f4ng d\u00e2n Hoa K\u1ef3 v\u00e0 ng\u01b0\u1eddi s\u1edf h\u1eefu Th\u1ebb xanh Hoa K\u1ef3 c\u00f3 th\u1ec3 qu\u00e1 c\u1ea3nh qua Canada m\u00e0 kh\u00f4ng c\u1ea7n th\u1ecb th\u1ef1c b\u1eb1ng \u0111\u01b0\u1eddng h\u00e0ng kh\u00f4ng, \u00f4 t\u00f4, xe bu\u00fdt, t\u00e0u h\u1ecfa ho\u1eb7c thuy\u1ec1n. \u0110\u1ea3m b\u1ea3o b\u1ea1n mang theo: \n<ul class=\"wp-block-list\">\n<li>H\u1ed9 chi\u1ebfu ho\u1eb7c gi\u1ea5y t\u1edd th\u00f4ng h\u00e0nh h\u1ee3p l\u1ec7.<\/li>\n\n\n\n<li>Th\u1ebb xanh Hoa K\u1ef3 h\u1ee3p l\u1ec7 (d\u00e0nh cho th\u01b0\u1eddng tr\u00fa nh\u00e2n h\u1ee3p ph\u00e1p).<\/li>\n<\/ul>\n<\/li>\n\n\n\n<li><strong>Ng\u01b0\u1eddi s\u1edf h\u1eefu h\u1ed9 chi\u1ebfu t\u1eeb c\u00e1c qu\u1ed1c gia c\u1ee5 th\u1ec3<\/strong> :<br\/> C\u00f4ng d\u00e2n t\u1eeb <strong>Trung Qu\u1ed1c, Indonesia, Philippines, Th\u00e1i Lan<\/strong> ho\u1eb7c <strong>\u0110\u00e0i Loan<\/strong> (kh\u00f4ng c\u00f3 s\u1ed1 nh\u1eadn d\u1ea1ng c\u00e1 nh\u00e2n) c\u00f3 th\u1ec3 qu\u00e1 c\u1ea3nh m\u00e0 kh\u00f4ng c\u1ea7n th\u1ecb th\u1ef1c n\u1ebfu h\u1ecd \u0111\u00e1p \u1ee9ng m\u1ed9t s\u1ed1 \u0111i\u1ec1u ki\u1ec7n nh\u1ea5t \u0111\u1ecbnh.<\/li>\n<\/ul>\n\n<p><\/p>\n\n<hr class=\"wp-block-separator has-alpha-channel-opacity\"\/>\n\n<h3 class=\"wp-block-heading\"><strong>C\u00e1c t\u00e0i li\u1ec7u b\u1ea1n ph\u1ea3i mang theo<\/strong><\/h3>\n\n<p>Khi qu\u00e1 c\u1ea3nh qua Canada, h\u00e3y lu\u00f4n chu\u1ea9n b\u1ecb s\u1eb5n c\u00e1c gi\u1ea5y t\u1edd sau:<\/p>\n\n<ul class=\"wp-block-list\">\n<li>H\u1ed9 chi\u1ebfu ho\u1eb7c gi\u1ea5y t\u1edd du l\u1ecbch h\u1ee3p l\u1ec7 cho to\u00e0n b\u1ed9 chuy\u1ebfn \u0111i c\u1ee7a b\u1ea1n.<\/li>\n\n\n\n<li>Th\u1ecb th\u1ef1c h\u1ee3p l\u1ec7, th\u1ecb th\u1ef1c qu\u00e1 c\u1ea3nh ho\u1eb7c eTA (n\u1ebfu c\u00f3).<\/li>\n\n\n\n<li>\u0110\u1ed1i v\u1edbi th\u01b0\u1eddng tr\u00fa nh\u00e2n Hoa K\u1ef3: Th\u1ebb xanh h\u1ee3p l\u1ec7 ho\u1eb7c b\u1eb1ng ch\u1ee9ng t\u01b0\u01a1ng \u0111\u01b0\u01a1ng v\u1ec1 t\u00ecnh tr\u1ea1ng th\u01b0\u1eddng tr\u00fa.<\/li>\n\n\n\n<li>B\u1eb1ng ch\u1ee9ng v\u1ec1 chuy\u1ebfn \u0111i ti\u1ebfp theo, ch\u1eb3ng h\u1ea1n nh\u01b0 v\u00e9 m\u00e1y bay ho\u1eb7c h\u00e0nh tr\u00ecnh.<\/li>\n<\/ul>\n\n<hr class=\"wp-block-separator has-alpha-channel-opacity\"\/>\n\n<h3 class=\"wp-block-heading\"><strong>Ghi ch\u00fa ch\u00ednh<\/strong><\/h3>\n\n<ul class=\"wp-block-list\">\n<li><strong>Th\u1eddi gian qu\u00e1 c\u1ea3nh<\/strong> : N\u1ebfu th\u1eddi gian qu\u00e1 c\u1ea3nh c\u1ee7a b\u1ea1n v\u01b0\u1ee3t qu\u00e1 48 gi\u1edd, b\u1ea1n s\u1ebd c\u1ea7n th\u1ecb th\u1ef1c du l\u1ecbch.<\/li>\n\n\n\n<li><strong>H\u00ecnh th\u1ee9c nh\u1eadp c\u1ea3nh<\/strong> : eTA ch\u1ec9 \u00e1p d\u1ee5ng cho du l\u1ecbch h\u00e0ng kh\u00f4ng nh\u01b0ng kh\u00f4ng \u00e1p d\u1ee5ng cho du l\u1ecbch \u0111\u01b0\u1eddng b\u1ed9 ho\u1eb7c \u0111\u01b0\u1eddng bi\u1ec3n.<\/li>\n\n\n\n<li><strong>N\u1ed9p \u0111\u01a1n tr\u01b0\u1edbc<\/strong> : N\u1ed9p \u0111\u01a1n xin c\u00e1c gi\u1ea5y t\u1edd c\u1ea7n thi\u1ebft tr\u01b0\u1edbc ng\u00e0y \u0111i \u0111\u1ec3 tr\u00e1nh ch\u1eadm tr\u1ec5.<\/li>\n<\/ul>\n\n<p>B\u1eb1ng c\u00e1ch \u0111\u1ea3m b\u1ea3o b\u1ea1n c\u00f3 gi\u1ea5y t\u1edd ch\u00ednh x\u00e1c, b\u1ea1n c\u00f3 th\u1ec3 qu\u00e1 c\u1ea3nh t\u1ea1i Canada m\u1ed9t c\u00e1ch su\u00f4n s\u1ebb v\u00e0 t\u1eadp trung v\u00e0o vi\u1ec7c \u0111\u1ebfn \u0111\u00edch cu\u1ed1i c\u00f9ng.<\/p>\n","protected":false},"excerpt":{"rendered":"<p>N\u1ebfu b\u1ea1n \u0111ang \u0111i du l\u1ecbch \u0111\u1ebfn m\u1ed9t qu\u1ed1c gia kh\u00e1c v\u00e0 c\u1ea7n qu\u00e1 c\u1ea3nh qua Canada, c\u00e1c y\u00eau c\u1ea7u [&hellip;]<\/p>\n","protected":false},"author":1,"featured_media":0,"parent":0,"menu_order":0,"comment_status":"closed","ping_status":"closed","template":"","meta":{"_uag_custom_page_level_css":"","site-sidebar-layout":"default","site-content-layout":"","ast-site-content-layout":"","site-content-style":"default","site-sidebar-style":"default","ast-global-header-display":"","ast-banner-title-visibility":"","ast-main-header-display":"","ast-hfb-above-header-display":"","ast-hfb-below-header-display":"","ast-hfb-mobile-header-display":"","site-post-title":"","ast-breadcrumbs-content":"","ast-featured-img":"","footer-sml-layout":"","theme-transparent-header-meta":"","adv-header-id-meta":"","stick-header-meta":"","header-above-stick-meta":"","header-main-stick-meta":"","header-below-stick-meta":"","astra-migrate-meta-layouts":"default","ast-page-background-enabled":"default","ast-page-background-meta":{"desktop":{"background-color":"var(--ast-global-color-4)","background-image":"","background-repeat":"repeat","background-position":"center center","background-size":"auto","background-attachment":"scroll","background-type":"","background-media":"","overlay-type":"","overlay-color":"","overlay-opacity":"","overlay-gradient":""},"tablet":{"background-color":"","background-image":"","background-repeat":"repeat","background-position":"center center","background-size":"auto","background-attachment":"scroll","background-type":"","background-media":"","overlay-type":"","overlay-color":"","overlay-opacity":"","overlay-gradient":""},"mobile":{"background-color":"","background-image":"","background-repeat":"repeat","background-position":"center center","background-size":"auto","background-attachment":"scroll","background-type":"","background-media":"","overlay-type":"","overlay-color":"","overlay-opacity":"","overlay-gradient":""}},"ast-content-background-meta":{"desktop":{"background-color":"var(--ast-global-color-5)","background-image":"","background-repeat":"repeat","background-position":"center center","background-size":"auto","background-attachment":"scroll","background-type":"","background-media":"","overlay-type":"","overlay-color":"","overlay-opacity":"","overlay-gradient":""},"tablet":{"background-color":"var(--ast-global-color-5)","background-image":"","background-repeat":"repeat","background-position":"center center","background-size":"auto","background-attachment":"scroll","background-type":"","background-media":"","overlay-type":"","overlay-color":"","overlay-opacity":"","overlay-gradient":""},"mobile":{"background-color":"var(--ast-global-color-5)","background-image":"","background-repeat":"repeat","background-position":"center center","background-size":"auto","background-attachment":"scroll","background-type":"","background-media":"","overlay-type":"","overlay-color":"","overlay-opacity":"","overlay-gradient":""}},"footnotes":""},"categories":[],"tags":[],"class_list":["post-915","page","type-page","status-publish","hentry"],"uagb_featured_image_src":{"full":false,"thumbnail":false,"medium":false,"medium_large":false,"large":false,"1536x1536":false,"2048x2048":false},"uagb_author_info":{"display_name":"admin","author_link":"https:\/\/www.etafast.org\/vi\/author\/admin\/"},"uagb_comment_info":0,"uagb_excerpt":"N\u1ebfu b\u1ea1n \u0111ang \u0111i du l\u1ecbch \u0111\u1ebfn m\u1ed9t qu\u1ed1c gia kh\u00e1c v\u00e0 c\u1ea7n qu\u00e1 c\u1ea3nh qua Canada, c\u00e1c y\u00eau c\u1ea7u [&hellip;]","_links":{"self":[{"href":"https:\/\/www.etafast.org\/vi\/wp-json\/wp\/v2\/pages\/915","targetHints":{"allow":["GET"]}}],"collection":[{"href":"https:\/\/www.etafast.org\/vi\/wp-json\/wp\/v2\/pages"}],"about":[{"href":"https:\/\/www.etafast.org\/vi\/wp-json\/wp\/v2\/types\/page"}],"author":[{"embeddable":true,"href":"https:\/\/www.etafast.org\/vi\/wp-json\/wp\/v2\/users\/1"}],"replies":[{"embeddable":true,"href":"https:\/\/www.etafast.org\/vi\/wp-json\/wp\/v2\/comments?post=915"}],"version-history":[{"count":1,"href":"https:\/\/www.etafast.org\/vi\/wp-json\/wp\/v2\/pages\/915\/revisions"}],"predecessor-version":[{"id":916,"href":"https:\/\/www.etafast.org\/vi\/wp-json\/wp\/v2\/pages\/915\/revisions\/916"}],"wp:attachment":[{"href":"https:\/\/www.etafast.org\/vi\/wp-json\/wp\/v2\/media?parent=915"}],"wp:term":[{"taxonomy":"category","embeddable":true,"href":"https:\/\/www.etafast.org\/vi\/wp-json\/wp\/v2\/categories?post=915"},{"taxonomy":"post_tag","embeddable":true,"href":"https:\/\/www.etafast.org\/vi\/wp-json\/wp\/v2\/tags?post=915"}],"curies":[{"name":"wp","href":"https:\/\/api.w.org\/{rel}","templated":true}]}}