{"id":415,"date":"2024-12-02T16:08:30","date_gmt":"2024-12-02T15:08:30","guid":{"rendered":"https:\/\/www.etafast.org\/lien-he\/"},"modified":"2024-12-11T09:03:05","modified_gmt":"2024-12-11T08:03:05","slug":"lien-he","status":"publish","type":"page","link":"https:\/\/www.etafast.org\/vi\/lien-he\/","title":{"rendered":"Li\u00ean h\u1ec7"},"content":{"rendered":"<style>\n.accordion-content {\n    display: none;\n    padding: 10px;\n    border: 1px solid #ccc;\n    border-top: none;\n}\n\n.accordion-header {\n    cursor: pointer;\n    padding: 10px;\n    border: 1px solid #ccc;\n    margin: 0;\nbackground-color:#fafafa;\nmargin-bottom:10px;\nborder-radius:3px;\npadding-right:50px;\nposition: relative;\nfont-size:110%;\n}\n.accordion-header .qs {\n\n}\n.arrow {\n    position: absolute;\n    right: 10px;\n    top: 10px;\n}\n\n.arrow-up {\n    transform: rotate(180deg);\n}\n<\/style>\n\n\n<script>\njQuery(document).ready(function(){\n    jQuery(\".accordion-header\").click(function() {\n        \/\/ Toggle the arrow direction of the clicked header\n        jQuery(this).children(\".arrow\").toggleClass(\"arrow-up\", !jQuery(this).next().is(\":visible\"));\n        \n        \/\/ Close previously opened content and reset their arrows\n        jQuery(\".accordion-content\").not(jQuery(this).next()).slideUp().prev().children(\".arrow\").removeClass(\"arrow-up\");\n        jQuery(\".accordion-content\").not(jQuery(this).next()).prev().find(\".arrow\").html(\"&#9660;\"); \/\/ Reset other arrows to down\n        \n        jQuery(this).next().slideToggle();\n        if(jQuery(this).next().is(\":visible\")) {\n            jQuery(this).find(\".arrow\").html(\"&#9660;\"); \/\/ Change to up arrow\n        } else {\n            jQuery(this).find(\".arrow\").html(\"&#9650;\"); \/\/ Change back to down arrow\n        }\n    });\n});\n<\/script>\n\n\n<div class=\"accordion\"><h4 class=\"accordion-header\"><span class=\"qs\">Thanh to\u00e1n c\u00f3 \u0111\u01b0\u1ee3c ho\u00e0n l\u1ea1i kh\u00f4ng?<\/span><span class=\"arrow\">&#9660;<\/span><\/h4>\n            <div class=\"accordion-content\">\n            <p>C\u00f3. Kho\u1ea3n thanh to\u00e1n c\u00f3 th\u1ec3 \u0111\u01b0\u1ee3c ho\u00e0n l\u1ea1i tr\u01b0\u1edbc khi d\u1ecbch v\u1ee5 c\u1ee7a b\u1ea1n \u0111\u01b0\u1ee3c cung c\u1ea5p cho b\u1ea1n. Vui l\u00f2ng ki\u1ec3m tra c\u00e1c \u0111i\u1ec1u kho\u1ea3n v\u00e0 \u0111i\u1ec1u ki\u1ec7n \u0111\u1ec3 bi\u1ebft th\u00eam th\u00f4ng tin<\/p>\n            <\/div><\/div><script type=\"application\/ld+json\">\n    {\n      \"@context\": \"https:\/\/schema.org\",\n      \"@type\": \"FAQPage\",\n      \"mainEntity\": [{\n        \"@type\": \"Question\",\n        \"name\": \"Thanh to\u00e1n c\u00f3 \u0111\u01b0\u1ee3c ho\u00e0n l\u1ea1i kh\u00f4ng?\",\n        \"acceptedAnswer\": {\n          \"@type\": \"Answer\",\n          \"text\": \"C\u00f3. Kho\u1ea3n thanh to\u00e1n c\u00f3 th\u1ec3 \u0111\u01b0\u1ee3c ho\u00e0n l\u1ea1i tr\u01b0\u1edbc khi d\u1ecbch v\u1ee5 c\u1ee7a b\u1ea1n \u0111\u01b0\u1ee3c cung c\u1ea5p cho b\u1ea1n. Vui l\u00f2ng ki\u1ec3m tra c\u00e1c \u0111i\u1ec1u kho\u1ea3n v\u00e0 \u0111i\u1ec1u ki\u1ec7n \u0111\u1ec3 bi\u1ebft th\u00eam th\u00f4ng tin\"\n        }\n      }\n      ]\n    }\n    <\/script>\n\n\n<h2>H\u1ed7 tr\u1ee3 kh\u00e1ch h\u00e0ng<\/h2><style>\n.accordion-content2 {\n    display: none;\n    padding: 10px;\n    border: 1px solid #ccc;\n    border-top: none;\n}\n            \n.accordion-header2 {\n    cursor: pointer;\n    padding: 10px;\n    border: 1px solid #ccc;\n    margin: 0;\nbackground-color:#fafafa;\nmargin-bottom:10px;\nborder-radius:3px;\npadding-right:50px;\nposition: relative;\nfont-size:110%;\n}\n.accordion-header2 .qs {\n            \n}\n.arrow2 {\n    position: absolute;\n    right: 10px;\n    top: 10px;\n}\n            \n.arrow-up2 {\n    transform: rotate(180deg);\n}\n<\/style>\n            \n            \n<script>\njQuery(document).ready(function(){\n    jQuery(\".accordion-header2\").click(function() {\n        \/\/ Toggle the arrow direction of the clicked header\n        jQuery(this).children(\".arrow2\").toggleClass(\"arrow-up2\", !jQuery(this).next().is(\":visible\"));\n            \n        \/\/ Close previously opened content and reset their arrows\n        jQuery(\".accordion-content2\").not(jQuery(this).next()).slideUp().prev().children(\".arrow2\").removeClass(\"arrow-up2\");\n        jQuery(\".accordion-content2\").not(jQuery(this).next()).prev().find(\".arrow2\").html(\"&#9660;\"); \/\/ Reset other arrows to down\n            \n        jQuery(this).next().slideToggle();\n        if(jQuery(this).next().is(\":visible\")) {\n            jQuery(this).find(\".arrow2\").html(\"&#9660;\"); \/\/ Change to up arrow\n        } else {\n            jQuery(this).find(\".arrow2\").html(\"&#9650;\"); \/\/ Change back to down arrow\n        }\n    });\n});\n<\/script>\n            \n            \n<div class=\"accordion2\"><h4 class=\"accordion-header2\"><span class=\"qs2\">T\u00f4i ch\u01b0a nh\u1eadn \u0111\u01b0\u1ee3c b\u1ea5t k\u1ef3 x\u00e1c nh\u1eadn \u0111\u01a1n h\u00e0ng n\u00e0o.<\/span><span class=\"arrow2\">&#9660;<\/span><\/h4>\n            <div class=\"accordion-content2\">\n            <p>Ch\u00fang t\u00f4i b\u1eaft \u0111\u1ea7u \u0111\u0103ng k\u00fd d\u1ecbch v\u1ee5 cho b\u1ea1n kho\u1ea3ng 12 gi\u1edd tr\u01b0\u1edbc khi d\u1ecbch v\u1ee5 b\u1eaft \u0111\u1ea7u c\u00f3 hi\u1ec7u l\u1ef1c. Trong tr\u01b0\u1eddng h\u1ee3p hi\u1ec7u l\u1ef1c trong ng\u00e0y, trong v\u00f2ng 5 ph\u00fat sau khi nh\u1eadn \u0111\u01b0\u1ee3c thanh to\u00e1n.\n N\u1ebfu b\u1ea1n mu\u1ed1n nh\u1eadn d\u1eef li\u1ec7u k\u00edch ho\u1ea1t ngay l\u1eadp t\u1ee9c, b\u1ea1n c\u00f3 th\u1ec3 b\u1eaft \u0111\u1ea7u \u0111\u0103ng k\u00fd ngay t\u1ea1i \u0111\u1ecba ch\u1ec9 ch\u00fang t\u00f4i \u0111\u00e3 g\u1eedi cho b\u1ea1n trong email \u0111\u1ea7u ti\u00ean. \nC\u00f3 th\u1ec3 b\u1ea1n s\u1ebd kh\u00f4ng nh\u1eadn \u0111\u01b0\u1ee3c email x\u00e1c nh\u1eadn \u0111\u00e3 nh\u1eadn thanh to\u00e1n (v\u00ed d\u1ee5 do \u0111\u1ecba ch\u1ec9 email kh\u00f4ng \u0111\u00fang). Trong tr\u01b0\u1eddng h\u1ee3p \u0111\u00f3, vui l\u00f2ng:<br \/> \n- vui l\u00f2ng ki\u1ec3m tra th\u01b0 m\u1ee5c th\u01b0 r\u00e1c tr\u01b0\u1edbc<br \/> \n- n\u1ebfu b\u1ea1n v\u1eabn kh\u00f4ng t\u00ecm th\u1ea5y th\u00f4ng tin n\u00e0o t\u1eeb ch\u00fang t\u00f4i \u1edf \u0111\u00e2y, h\u00e3y th\u1eed t\u00ecm \u0111\u01a1n h\u00e0ng c\u1ee7a b\u1ea1n b\u1eb1ng bi\u1ec3u m\u1eabu \u1edf tr\u00ean<br \/> \n- tr\u00ean trang b\u1ea1n t\u00ecm th\u1ea5y, sau \u0111\u00f3 b\u1ea1n c\u00f3 th\u1ec3 s\u1eeda \u0111\u1ecba ch\u1ec9 email c\u1ee7a m\u00ecnh v\u00e0 theo d\u00f5i tr\u1ea1ng th\u00e1i \u0111\u01a1n h\u00e0ng c\u1ee7a b\u1ea1n<br \/><br \/> \n \nN\u1ebfu b\u1ea1n kh\u00f4ng t\u00ecm th\u1ea5y \u0111\u1ecba ch\u1ec9 qu\u1ea3n l\u00fd \u0111\u01a1n h\u00e0ng c\u1ee7a m\u00ecnh, vui l\u00f2ng li\u00ean h\u1ec7 v\u1edbi ch\u00fang t\u00f4i b\u1ea5t c\u1ee9 l\u00fac n\u00e0o.<br \/> \n\n#<br \/><a href=\"#cform\" onclick=\"document.getElementById('cform').style.display='';\">Li\u00ean h\u1ec7 b\u1ed9 ph\u1eadn h\u1ed7 tr\u1ee3 kh\u00e1ch h\u00e0ng<\/a><\/p>\n            <\/div><h4 class=\"accordion-header2\"><span class=\"qs2\">T\u00f4i mu\u1ed1n thay \u0111\u1ed5i th\u00f4ng tin \u0111\u0103ng k\u00fd c\u1ee7a m\u00ecnh<\/span><span class=\"arrow2\">&#9660;<\/span><\/h4>\n            <div class=\"accordion-content2\">\n            <p>Ch\u00fang t\u00f4i b\u1eaft \u0111\u1ea7u \u0111\u0103ng k\u00fd d\u1ecbch v\u1ee5 cho b\u1ea1n kho\u1ea3ng 12 gi\u1edd tr\u01b0\u1edbc khi d\u1ecbch v\u1ee5 b\u1eaft \u0111\u1ea7u c\u00f3 hi\u1ec7u l\u1ef1c. Trong tr\u01b0\u1eddng h\u1ee3p c\u00f3 hi\u1ec7u l\u1ef1c trong ng\u00e0y, trong v\u00f2ng 5 ph\u00fat k\u1ec3 t\u1eeb khi nh\u1eadn \u0111\u01b0\u1ee3c thanh to\u00e1n.\nCho \u0111\u1ebfn l\u00fac \u0111\u00f3, d\u1eef li\u1ec7u c\u00f3 th\u1ec3 \u0111\u01b0\u1ee3c thay \u0111\u1ed5i th\u00f4ng qua trang chi ti\u1ebft \u0111\u01a1n h\u00e0ng. B\u1ea1n s\u1ebd t\u00ecm th\u1ea5y \u0111\u1ecba ch\u1ec9 n\u00e0y trong m\u1ecdi email b\u1ea1n nh\u1eadn \u0111\u01b0\u1ee3c t\u1eeb ch\u00fang t\u00f4i.\n\nN\u1ebfu b\u1ea1n kh\u00f4ng nh\u1eadn \u0111\u01b0\u1ee3c email x\u00e1c nh\u1eadn \u0111\u00e3 nh\u1eadn thanh to\u00e1n (v\u00ed d\u1ee5 do \u0111\u1ecba ch\u1ec9 email kh\u00f4ng \u0111\u00fang). Trong tr\u01b0\u1eddng h\u1ee3p \u0111\u00f3, vui l\u00f2ng:<br \/> \n- vui l\u00f2ng ki\u1ec3m tra th\u01b0 m\u1ee5c th\u01b0 r\u00e1c tr\u01b0\u1edbc<br \/> \n- n\u1ebfu b\u1ea1n v\u1eabn kh\u00f4ng t\u00ecm th\u1ea5y th\u00f4ng tin n\u00e0o t\u1eeb ch\u00fang t\u00f4i \u1edf \u0111\u00e2y, h\u00e3y th\u1eed t\u00ecm \u0111\u01a1n h\u00e0ng c\u1ee7a b\u1ea1n b\u1eb1ng bi\u1ec3u m\u1eabu \u1edf tr\u00ean (Ki\u1ec3m tra tr\u1ea1ng th\u00e1i \u0111\u01a1n h\u00e0ng).<br \/> \n- tr\u00ean trang b\u1ea1n t\u00ecm th\u1ea5y, sau \u0111\u00f3 b\u1ea1n c\u00f3 th\u1ec3 ch\u1ec9nh s\u1eeda th\u00f4ng tin chi ti\u1ebft v\u00e0 theo d\u00f5i tr\u1ea1ng th\u00e1i \u0111\u01a1n h\u00e0ng c\u1ee7a m\u00ecnh<br \/> \n<br \/> N\u1ebfu \u0111\u01a1n h\u00e0ng c\u1ee7a b\u1ea1n \u0111\u00e3 \u0111\u01b0\u1ee3c x\u1eed l\u00fd, b\u1ea1n kh\u00f4ng th\u1ec3 thay \u0111\u1ed5i b\u1ea5t k\u1ef3 th\u00f4ng tin chi ti\u1ebft n\u00e0o. Xin l\u01b0u \u00fd r\u1eb1ng trong tr\u01b0\u1eddng h\u1ee3p d\u1eef li\u1ec7u kh\u00f4ng ch\u00ednh x\u00e1c (\u0111\u1eb7c bi\u1ec7t l\u00e0 qu\u1ed1c gia \u0111\u0103ng k\u00fd xe, bi\u1ec3n s\u1ed1 xe, ng\u00e0y hi\u1ec7u l\u1ef1c)#\n th\u00ec tem d\u00e1n kh\u00f4ng h\u1ee3p l\u1ec7 v\u00e0 ph\u1ea3i mua l\u1ea1i d\u1ecbch v\u1ee5.<br \/> \nC\u1ea3m \u01a1n s\u1ef1 hi\u1ec3u bi\u1ebft c\u1ee7a b\u1ea1n.\n\n<\/p>\n            <\/div><h4 class=\"accordion-header2\"><span class=\"qs2\">Kho\u1ea3n thanh to\u00e1n \u0111\u00e3 \u0111\u01b0\u1ee3c tr\u1eeb kh\u1ecfi t\u00e0i kho\u1ea3n c\u1ee7a t\u00f4i nh\u01b0ng t\u00f4i v\u1eabn ch\u01b0a nh\u1eadn \u0111\u01b0\u1ee3c email n\u00e0o.<\/span><span class=\"arrow2\">&#9660;<\/span><\/h4>\n            <div class=\"accordion-content2\">\n            <p>Theo nh\u01b0 \u0111\u00e3 n\u00eau trong c\u00e1c \u0111i\u1ec1u kho\u1ea3n v\u00e0 \u0111i\u1ec1u ki\u1ec7n, ch\u00fang t\u00f4i \u0111ang b\u1eaft \u0111\u1ea7u x\u1eed l\u00fd d\u1ecbch v\u1ee5. khi kho\u1ea3n thanh to\u00e1n \u0111\u00e3 c\u00f3 trong h\u1ec7 th\u1ed1ng. C\u00f3 th\u1ec3 c\u00f3 nhi\u1ec1u l\u00fd do khi\u1ebfn kho\u1ea3n thanh to\u00e1n kh\u00f4ng \u0111\u01b0\u1ee3c ghi c\u00f3. C\u00f3 th\u1ec3 do t\u1ed5 ch\u1ee9c ng\u00e2n h\u00e0ng c\u1ee7a b\u1ea1n g\u1eedi thanh to\u00e1n mu\u1ed9n ho\u1eb7c do s\u1ef1 c\u1ed1 k\u1ef9 thu\u1eadt. N\u00f3i m\u1ed9t c\u00e1ch \u0111\u01a1n gi\u1ea3n, cho \u0111\u1ebfn khi ch\u00fang t\u00f4i th\u1ea5y kho\u1ea3n thanh to\u00e1n trong h\u1ec7 th\u1ed1ng, ch\u00fang t\u00f4i s\u1ebd kh\u00f4ng coi \u0111\u01a1n h\u00e0ng c\u1ee7a b\u1ea1n \u0111\u00e3 ho\u00e0n t\u1ea5t. Ch\u00fang t\u00f4i th\u1ef1c hi\u1ec7n m\u1ecdi b\u01b0\u1edbc c\u00f3 th\u1ec3 \u0111\u1ec3 kh\u1edbp ch\u00ednh x\u00e1c t\u1ea5t c\u1ea3 c\u00e1c kho\u1ea3n thanh to\u00e1n \u0111\u1ebfn v\u00e0 t\u1ef7 l\u1ec7 sai s\u00f3t ch\u1ec9 \u1edf m\u1ee9c ph\u1ea7n tr\u0103m. N\u1ebfu b\u1ea1n kh\u00f4ng nh\u1eadn \u0111\u01b0\u1ee3c email th\u00f4ng b\u00e1o r\u1eb1ng kho\u1ea3n thanh to\u00e1n c\u1ee7a b\u1ea1n \u0111\u00e3 \u0111\u01b0\u1ee3c nh\u1eadn trong v\u00f2ng 1 gi\u1edd k\u1ec3 t\u1eeb khi thanh to\u00e1n (vui l\u00f2ng ki\u1ec3m tra c\u1ea3 th\u01b0 m\u1ee5c th\u01b0 r\u00e1c), vui l\u00f2ng li\u00ean h\u1ec7 v\u1edbi ch\u00fang t\u00f4i ngay l\u1eadp t\u1ee9c. \u0110\u00e2y l\u00e0 c\u00e1ch duy nh\u1ea5t ch\u00fang t\u00f4i c\u00f3 th\u1ec3 \u0111\u1ea3m b\u1ea3o qu\u00e1 tr\u00ecnh \u0111\u1eb7t h\u00e0ng di\u1ec5n ra su\u00f4n s\u1ebb. Xin l\u01b0u \u00fd r\u1eb1ng ch\u00fang t\u00f4i ch\u1ec9 b\u1eaft \u0111\u1ea7u x\u1eed l\u00fd \u0111\u01a1n h\u00e0ng sau khi nh\u1eadn \u0111\u01b0\u1ee3c thanh to\u00e1n v\u00e0o h\u1ec7 th\u1ed1ng, ch\u1ee9 kh\u00f4ng ph\u1ea3i khi \u0111\u01a1n h\u00e0ng \u0111\u00e3 \u0111\u01b0\u1ee3c g\u1eedi (ho\u1eb7c \u0111\u01a1n gi\u1ea3n l\u00e0 b\u1ecb kh\u00e1ch h\u00e0ng ch\u1eb7n). Ch\u00fang t\u00f4i kh\u00f4ng ch\u1ecbu tr\u00e1ch nhi\u1ec7m v\u1ec1 nh\u1eefng thi\u1ec7t h\u1ea1i ph\u00e1t sinh tr\u01b0\u1edbc khi nh\u1eadn \u0111\u01b0\u1ee3c thanh to\u00e1n. C\u1ea3m \u01a1n s\u1ef1 hi\u1ec3u bi\u1ebft c\u1ee7a b\u1ea1n.<br \/><br \/><a href=\"#cform\" onclick=\"document.getElementById('cform').style.display='';\">Li\u00ean h\u1ec7 b\u1ed9 ph\u1eadn h\u1ed7 tr\u1ee3 kh\u00e1ch h\u00e0ng<\/a><\/p>\n            <\/div><h4 class=\"accordion-header2\"><span class=\"qs2\">T\u00f4i c\u00f3 m\u1ed9t c\u00e2u h\u1ecfi kh\u00e1c d\u00e0nh cho b\u1ea1n.<\/span><span class=\"arrow2\">&#9660;<\/span><\/h4>\n            <div class=\"accordion-content2\">\n            <p>N\u1ebfu kh\u00f4ng c\u00f3 c\u00e2u tr\u1ea3 l\u1eddi n\u00e0o \u0111\u00e1p \u1ee9ng \u0111\u01b0\u1ee3c y\u00eau c\u1ea7u c\u1ee7a b\u1ea1n, b\u1ea1n c\u00f3 th\u1ec3 li\u00ean h\u1ec7 v\u1edbi ch\u00fang t\u00f4i b\u1ea5t c\u1ee9 l\u00fac n\u00e0o v\u00e0 ch\u00fang t\u00f4i s\u1ebd s\u1eb5n l\u00f2ng h\u1ed7 tr\u1ee3 b\u1ea1n.<br \/><br \/><a href=\"#cform\" onclick=\"document.getElementById('cform').style.display='';\">Li\u00ean h\u1ec7 b\u1ed9 ph\u1eadn h\u1ed7 tr\u1ee3 kh\u00e1ch h\u00e0ng<\/a><\/p>\n            <\/div><\/div><div id=\"cform\"><br style=\"clear:both;\" \/><h2>H\u1ed7 tr\u1ee3 qua email<\/h2><script type=\"text\/javascript\">\n        function decodeEmail(encodedLocalPart, encodedDomainPart, indices) {\n            const localPart = atob(encodedLocalPart).split('');\n            const domainPart = atob(encodedDomainPart).split('');\n\n            \/\/ Reconstruct the email address using the provided indices\n            const originalLocalPart = indices.local.map(index => localPart[index]).join('');\n            const originalDomainPart = indices.domain.map(index => domainPart[index]).join('');\n\n            const email = originalLocalPart + \"@\" + originalDomainPart;\n            document.getElementById('email').innerText = email;\n        }\n    <\/script><p>\u0110\u1ec3 t\u1ea1o y\u00eau c\u1ea7u h\u1ed7 tr\u1ee3 kh\u00e1ch h\u00e0ng, b\u1ea1n c\u00f3 th\u1ec3 g\u1eedi email \u0111\u1ebfn \u0111\u1ecba ch\u1ec9 b\u00ean d\u01b0\u1edbi:<\/p><div style=\"text-align:center;padding:20px 0 50px 0;font-size:150%;\nfont-weight:bold;\"><a id=\"email-link\" href=\"\"><\/a><\/div><script>document.addEventListener(\"DOMContentLoaded\", function() {    const emailLink = document.getElementById(\"email-link\");    const obfuscatedEmail = \"gro.tsafate@troppus\";    const realEmail = obfuscatedEmail.split(\"\").reverse().join(\"\");    const randomString = Array.from({length: realEmail.length}, () => Math.random().toString(36)[2]).join('');    emailLink.textContent = randomString;    emailLink.href = 'mailto:'+realEmail;\n                    emailLink.textContent = realEmail;});<\/script><h2>H\u1ed7 tr\u1ee3 WhatsApp<\/h2><p>\u0110\u1ec3 \u0111\u01b0\u1ee3c gi\u1ea3i \u0111\u00e1p nhanh ch\u00f3ng c\u00e1c c\u00e2u h\u1ecfi li\u00ean quan \u0111\u1ebfn \u0111\u01a1n h\u00e0ng, b\u1ea1n c\u00f3 th\u1ec3 li\u00ean h\u1ec7 v\u1edbi ch\u00fang t\u00f4i qua s\u1ed1 \u0111i\u1ec7n tho\u1ea1i WhatsApp (tin nh\u1eafn mi\u1ec5n ph\u00ed, b\u1ea1n ch\u1ec9 ph\u1ea3i tr\u1ea3 ph\u00ed d\u1eef li\u1ec7u trong k\u1ebft n\u1ed1i internet).<\/p><div style=\"text-align:center;padding:20px 0 50px 0;font-size:150%;\nfont-weight:bold;\"><a href=\"https:\/\/wa.me\/447893938888\">+44 789 393 8888<\/a><\/div><h2>H\u1ed7 tr\u1ee3 kh\u00e1ch h\u00e0ng<\/h2><p style=\"text-align:center;color:#6ab400;font-weight:bold;\">H\u1ed7 tr\u1ee3 tr\u1ef1c tuy\u1ebfn c\u00f3 s\u1eb5n 24x7<\/p><p>\u0110\u1ec3 x\u1eed l\u00fd y\u00eau c\u1ea7u c\u1ee7a b\u1ea1n nhanh h\u01a1n, ch\u00fang t\u00f4i y\u00eau c\u1ea7u b\u1ea1n cung c\u1ea5p \u0111\u1ecba ch\u1ec9 email \u0111\u00e3 cung c\u1ea5p khi \u0111\u0103ng k\u00fd, s\u1ed1 \u0111\u0103ng k\u00fd xe v\u00e0 ng\u00e0y \u0111\u1eb7t h\u00e0ng. C\u1ea3m \u01a1n s\u1ef1 hi\u1ec3u bi\u1ebft c\u1ee7a b\u1ea1n.<\/p>\n<a style=\"display:block;width:100%;\ncolor:#fff;background-color:rgb(241, 23, 23);padding:10px 0;\nfont-size:120%;text-align:center;\" onclick=\"zE('messenger', 'open');return false;\" href=\"#\">Li\u00ean h\u1ec7 h\u1ed7 tr\u1ee3<\/a>\n<!-- Start of Zendesk Widget script -->\n<script id=\"ze-snippet\" src=\"https:\/\/static.zdassets.com\/ekr\/snippet.js?key=fc8651a1-b5bf-4914-a59d-057a43523f5b\"> <\/script>\n<!-- End of Zendesk Widget script -->\n\n\n<script><\/script>\n<\/div>\n\n\n\n<p><\/p>\n","protected":false},"excerpt":{"rendered":"","protected":false},"author":1,"featured_media":0,"parent":0,"menu_order":0,"comment_status":"closed","ping_status":"closed","template":"","meta":{"_uag_custom_page_level_css":"","site-sidebar-layout":"default","site-content-layout":"","ast-site-content-layout":"","site-content-style":"default","site-sidebar-style":"default","ast-global-header-display":"","ast-banner-title-visibility":"","ast-main-header-display":"","ast-hfb-above-header-display":"","ast-hfb-below-header-display":"","ast-hfb-mobile-header-display":"","site-post-title":"","ast-breadcrumbs-content":"","ast-featured-img":"","footer-sml-layout":"","theme-transparent-header-meta":"","adv-header-id-meta":"","stick-header-meta":"","header-above-stick-meta":"","header-main-stick-meta":"","header-below-stick-meta":"","astra-migrate-meta-layouts":"default","ast-page-background-enabled":"default","ast-page-background-meta":{"desktop":{"background-color":"var(--ast-global-color-4)","background-image":"","background-repeat":"repeat","background-position":"center center","background-size":"auto","background-attachment":"scroll","background-type":"","background-media":"","overlay-type":"","overlay-color":"","overlay-opacity":"","overlay-gradient":""},"tablet":{"background-color":"","background-image":"","background-repeat":"repeat","background-position":"center center","background-size":"auto","background-attachment":"scroll","background-type":"","background-media":"","overlay-type":"","overlay-color":"","overlay-opacity":"","overlay-gradient":""},"mobile":{"background-color":"","background-image":"","background-repeat":"repeat","background-position":"center center","background-size":"auto","background-attachment":"scroll","background-type":"","background-media":"","overlay-type":"","overlay-color":"","overlay-opacity":"","overlay-gradient":""}},"ast-content-background-meta":{"desktop":{"background-color":"var(--ast-global-color-5)","background-image":"","background-repeat":"repeat","background-position":"center center","background-size":"auto","background-attachment":"scroll","background-type":"","background-media":"","overlay-type":"","overlay-color":"","overlay-opacity":"","overlay-gradient":""},"tablet":{"background-color":"var(--ast-global-color-5)","background-image":"","background-repeat":"repeat","background-position":"center center","background-size":"auto","background-attachment":"scroll","background-type":"","background-media":"","overlay-type":"","overlay-color":"","overlay-opacity":"","overlay-gradient":""},"mobile":{"background-color":"var(--ast-global-color-5)","background-image":"","background-repeat":"repeat","background-position":"center center","background-size":"auto","background-attachment":"scroll","background-type":"","background-media":"","overlay-type":"","overlay-color":"","overlay-opacity":"","overlay-gradient":""}},"footnotes":""},"categories":[],"tags":[],"class_list":["post-415","page","type-page","status-publish","hentry"],"uagb_featured_image_src":{"full":false,"thumbnail":false,"medium":false,"medium_large":false,"large":false,"1536x1536":false,"2048x2048":false},"uagb_author_info":{"display_name":"admin","author_link":"https:\/\/www.etafast.org\/vi\/author\/admin\/"},"uagb_comment_info":0,"uagb_excerpt":null,"_links":{"self":[{"href":"https:\/\/www.etafast.org\/vi\/wp-json\/wp\/v2\/pages\/415","targetHints":{"allow":["GET"]}}],"collection":[{"href":"https:\/\/www.etafast.org\/vi\/wp-json\/wp\/v2\/pages"}],"about":[{"href":"https:\/\/www.etafast.org\/vi\/wp-json\/wp\/v2\/types\/page"}],"author":[{"embeddable":true,"href":"https:\/\/www.etafast.org\/vi\/wp-json\/wp\/v2\/users\/1"}],"replies":[{"embeddable":true,"href":"https:\/\/www.etafast.org\/vi\/wp-json\/wp\/v2\/comments?post=415"}],"version-history":[{"count":1,"href":"https:\/\/www.etafast.org\/vi\/wp-json\/wp\/v2\/pages\/415\/revisions"}],"predecessor-version":[{"id":416,"href":"https:\/\/www.etafast.org\/vi\/wp-json\/wp\/v2\/pages\/415\/revisions\/416"}],"wp:attachment":[{"href":"https:\/\/www.etafast.org\/vi\/wp-json\/wp\/v2\/media?parent=415"}],"wp:term":[{"taxonomy":"category","embeddable":true,"href":"https:\/\/www.etafast.org\/vi\/wp-json\/wp\/v2\/categories?post=415"},{"taxonomy":"post_tag","embeddable":true,"href":"https:\/\/www.etafast.org\/vi\/wp-json\/wp\/v2\/tags?post=415"}],"curies":[{"name":"wp","href":"https:\/\/api.w.org\/{rel}","templated":true}]}}