{"id":1563,"date":"2024-12-11T08:24:00","date_gmt":"2024-12-11T07:24:00","guid":{"rendered":"https:\/\/www.etafast.org\/ve-qua-trinh\/"},"modified":"2024-12-11T09:16:39","modified_gmt":"2024-12-11T08:16:39","slug":"ve-qua-trinh","status":"publish","type":"page","link":"https:\/\/www.etafast.org\/vi\/ve-qua-trinh\/","title":{"rendered":"V\u1ec1 qu\u00e1 tr\u00ecnh"},"content":{"rendered":"\n<h3 class=\"wp-block-heading\">V\u1ec1 Quy tr\u00ecnh \u1ee6y quy\u1ec1n Du l\u1ecbch \u0110i\u1ec7n t\u1eed (eTA)<\/h3>\n\n<p>Gi\u1ea5y ph\u00e9p du l\u1ecbch \u0111i\u1ec7n t\u1eed (eTA) l\u00e0 y\u00eau c\u1ea7u nh\u1eadp c\u1ea3nh \u0111\u1ed1i v\u1edbi c\u00f4ng d\u00e2n n\u01b0\u1edbc ngo\u00e0i \u0111\u01b0\u1ee3c mi\u1ec5n th\u1ecb th\u1ef1c \u0111i du l\u1ecbch ho\u1eb7c qu\u00e1 c\u1ea3nh qua Canada b\u1eb1ng \u0111\u01b0\u1eddng h\u00e0ng kh\u00f4ng. \u0110\u00e2y l\u00e0 quy tr\u00ecnh tr\u1ef1c tuy\u1ebfn nhanh ch\u00f3ng v\u00e0 \u0111\u01a1n gi\u1ea3n \u0111\u01b0\u1ee3c thi\u1ebft k\u1ebf \u0111\u1ec3 t\u0103ng c\u01b0\u1eddng an ninh bi\u00ean gi\u1edbi \u0111\u1ed3ng th\u1eddi \u0111\u1ea3m b\u1ea3o vi\u1ec7c \u0111i l\u1ea1i thu\u1eadn l\u1ee3i cho nh\u1eefng c\u00e1 nh\u00e2n \u0111\u1ee7 \u0111i\u1ec1u ki\u1ec7n. <\/p>\n\n<h4 class=\"wp-block-heading\">eTA l\u00e0 g\u00ec?<\/h4>\n\n<p>eTA l\u00e0 gi\u1ea5y ph\u00e9p \u0111i l\u1ea1i \u0111\u01b0\u1ee3c li\u00ean k\u1ebft \u0111i\u1ec7n t\u1eed v\u1edbi h\u1ed9 chi\u1ebfu c\u1ee7a b\u1ea1n. Gi\u1ea5y ph\u00e9p n\u00e0y c\u00f3 hi\u1ec7u l\u1ef1c trong t\u1ed1i \u0111a n\u0103m n\u0103m ho\u1eb7c cho \u0111\u1ebfn khi h\u1ed9 chi\u1ebfu c\u1ee7a b\u1ea1n h\u1ebft h\u1ea1n, t\u00f9y theo \u0111i\u1ec1u ki\u1ec7n n\u00e0o \u0111\u1ebfn tr\u01b0\u1edbc. eTA cho ph\u00e9p b\u1ea1n \u0111\u1ebfn Canada trong th\u1eddi gian l\u01b0u tr\u00fa ng\u1eafn (th\u01b0\u1eddng l\u00e0 t\u1ed1i \u0111a s\u00e1u th\u00e1ng) cho m\u1ee5c \u0111\u00edch du l\u1ecbch, c\u00f4ng t\u00e1c ho\u1eb7c qu\u00e1 c\u1ea3nh.  <\/p>\n\n<h4 class=\"wp-block-heading\">Nh\u1eefng \u0111i\u1ec3m ch\u00ednh c\u1ea7n bi\u1ebft v\u1ec1 quy tr\u00ecnh eTA:<\/h4>\n\n<ol class=\"wp-block-list\">\n<li><strong>\u0110\u01a1n \u0111\u0103ng k\u00fd tr\u1ef1c tuy\u1ebfn \u0111\u01a1n gi\u1ea3n<\/strong> :<br\/> Quy tr\u00ecnh n\u1ed9p \u0111\u01a1n xin eTA \u0111\u01b0\u1ee3c th\u1ef1c hi\u1ec7n ho\u00e0n to\u00e0n tr\u1ef1c tuy\u1ebfn. Kh\u00f4ng c\u1ea7n gi\u1ea5y t\u1edd ho\u1eb7c \u0111\u1ebfn tr\u1ef1c ti\u1ebfp, khi\u1ebfn \u0111\u00e2y tr\u1edf th\u00e0nh l\u1ef1a ch\u1ecdn thu\u1eadn ti\u1ec7n cho du kh\u00e1ch. <\/li>\n\n\n\n<li><strong>Ph\u00ed ph\u1ea3i ch\u0103ng<\/strong> :<br\/> N\u1ed9p \u0111\u01a1n xin eTA ch\u1ec9 t\u1ed1n 7 \u0111\u00f4 la Canada. Ph\u00ed n\u00e0y \u0111\u01b0\u1ee3c thanh to\u00e1n tr\u1ef1c tuy\u1ebfn trong qu\u00e1 tr\u00ecnh n\u1ed9p \u0111\u01a1n. <\/li>\n\n\n\n<li><strong>X\u1eed l\u00fd nhanh<\/strong> :<br\/> H\u1ea7u h\u1ebft c\u00e1c \u0111\u01a1n xin eTA \u0111\u01b0\u1ee3c ch\u1ea5p thu\u1eadn trong v\u00f2ng v\u00e0i ph\u00fat. Tuy nhi\u00ean, m\u1ed9t s\u1ed1 \u0111\u01a1n xin c\u00f3 th\u1ec3 m\u1ea5t nhi\u1ec1u th\u1eddi gian h\u01a1n n\u1ebfu c\u1ea7n th\u00eam t\u00e0i li\u1ec7u. Trong nh\u1eefng tr\u01b0\u1eddng h\u1ee3p nh\u01b0 v\u1eady, ng\u01b0\u1eddi n\u1ed9p \u0111\u01a1n s\u1ebd nh\u1eadn \u0111\u01b0\u1ee3c h\u01b0\u1edbng d\u1eabn qua email trong v\u00f2ng 72 gi\u1edd.  <\/li>\n\n\n\n<li><strong>Y\u00eau c\u1ea7u \u0111\u1ee7 \u0111i\u1ec1u ki\u1ec7n<\/strong> :\n<ul class=\"wp-block-list\">\n<li>C\u00f4ng d\u00e2n n\u01b0\u1edbc ngo\u00e0i \u0111\u01b0\u1ee3c mi\u1ec5n th\u1ecb th\u1ef1c bay \u0111\u1ebfn ho\u1eb7c qu\u00e1 c\u1ea3nh t\u1ea1i Canada c\u1ea7n ph\u1ea3i c\u00f3 eTA.<\/li>\n\n\n\n<li>M\u1ed9t s\u1ed1 du kh\u00e1ch t\u1eeb c\u00e1c qu\u1ed1c gia y\u00eau c\u1ea7u th\u1ecb th\u1ef1c c\u0169ng c\u00f3 th\u1ec3 \u0111\u1ee7 \u0111i\u1ec1u ki\u1ec7n xin eTA n\u1ebfu h\u1ecd \u0111\u00e1p \u1ee9ng c\u00e1c ti\u00eau ch\u00ed c\u1ee5 th\u1ec3, ch\u1eb3ng h\u1ea1n nh\u01b0 c\u00f3 th\u1ecb th\u1ef1c kh\u00f4ng \u0111\u1ecbnh c\u01b0 h\u1ee3p l\u1ec7 c\u1ee7a Hoa K\u1ef3 ho\u1eb7c \u0111\u00e3 c\u00f3 th\u1ecb th\u1ef1c du l\u1ecbch Canada trong 10 n\u0103m qua.<\/li>\n\n\n\n<li>Du kh\u00e1ch \u0111\u1ebfn b\u1eb1ng \u00f4 t\u00f4, xe bu\u00fdt, t\u00e0u h\u1ecfa ho\u1eb7c thuy\u1ec1n, bao g\u1ed3m c\u1ea3 t\u00e0u du l\u1ecbch, ph\u1ea3i c\u00f3 th\u1ecb th\u1ef1c du l\u1ecbch thay v\u00ec eTA.<\/li>\n<\/ul>\n<\/li>\n\n\n\n<li><strong>H\u1ea1n ch\u1ebf \u0111i l\u1ea1i<\/strong> :\n<ul class=\"wp-block-list\">\n<li>eTA kh\u00f4ng cho ph\u00e9p b\u1ea1n l\u00e0m vi\u1ec7c ho\u1eb7c h\u1ecdc t\u1eadp t\u1ea1i Canada. N\u1ebfu b\u1ea1n c\u00f3 k\u1ebf ho\u1ea1ch l\u00e0m vi\u1ec7c ho\u1eb7c h\u1ecdc t\u1eadp, b\u1ea1n ph\u1ea3i n\u1ed9p \u0111\u01a1n xin gi\u1ea5y ph\u00e9p ph\u00f9 h\u1ee3p. <\/li>\n\n\n\n<li>eTA kh\u00f4ng \u0111\u1ea3m b\u1ea3o vi\u1ec7c nh\u1eadp c\u1ea3nh v\u00e0o Canada. C\u00e1c vi\u00ean ch\u1ee9c bi\u00ean gi\u1edbi s\u1ebd \u0111\u00e1nh gi\u00e1 t\u00ednh \u0111\u1ee7 \u0111i\u1ec1u ki\u1ec7n c\u1ee7a b\u1ea1n khi \u0111\u1ebfn n\u01a1i. <\/li>\n<\/ul>\n<\/li>\n\n\n\n<li><strong>T\u00ednh h\u1ee3p l\u1ec7<\/strong> :<br\/> Sau khi \u0111\u01b0\u1ee3c ch\u1ea5p thu\u1eadn, eTA s\u1ebd \u0111\u01b0\u1ee3c li\u00ean k\u1ebft v\u1edbi h\u1ed9 chi\u1ebfu c\u1ee7a b\u1ea1n v\u00e0 v\u1eabn c\u00f3 hi\u1ec7u l\u1ef1c cho nhi\u1ec1u l\u1ea7n nh\u1eadp c\u1ea3nh, mi\u1ec5n l\u00e0 h\u1ed9 chi\u1ebfu c\u1ee7a b\u1ea1n v\u1eabn c\u00f2n hi\u1ec7u l\u1ef1c. Lu\u00f4n mang theo c\u00f9ng m\u1ed9t h\u1ed9 chi\u1ebfu m\u00e0 b\u1ea1n \u0111\u00e3 s\u1eed d\u1ee5ng \u0111\u1ec3 n\u1ed9p \u0111\u01a1n xin eTA. <\/li>\n<\/ol>\n\n<h4 class=\"wp-block-heading\">B\u1ea3o v\u1ec7 b\u1ea3n th\u00e2n kh\u1ecfi l\u1eeba \u0111\u1ea3o<\/h4>\n\n<p>H\u00e3y c\u1ea9n th\u1eadn v\u1edbi c\u00e1c trang web ho\u1eb7c c\u00e1 nh\u00e2n l\u1eeba \u0111\u1ea3o h\u1ee9a h\u1eb9n c\u01a1 h\u1ed9i nh\u1eadp c\u1ea3nh, l\u00e0m vi\u1ec7c ho\u1eb7c h\u1ecdc t\u1eadp \u0111\u01b0\u1ee3c \u0111\u1ea3m b\u1ea3o t\u1ea1i Canada. Ch\u1ec9 n\u1ed9p \u0111\u01a1n th\u00f4ng qua trang web ch\u00ednh th\u1ee9c c\u1ee7a Ch\u00ednh ph\u1ee7 Canada v\u00e0 tr\u00e1nh chia s\u1ebb th\u00f4ng tin c\u00e1 nh\u00e2n v\u1edbi c\u00e1c ngu\u1ed3n ch\u01b0a \u0111\u01b0\u1ee3c x\u00e1c minh. Vi\u1ec7c tr\u00ecnh b\u00e0y sai s\u1ef1 th\u1eadt ho\u1eb7c gian l\u1eadn c\u00f3 th\u1ec3 g\u00e2y ra h\u1eadu qu\u1ea3 ph\u00e1p l\u00fd nghi\u00eam tr\u1ecdng.  <\/p>\n\n<h4 class=\"wp-block-heading\">Tr\u01b0\u1edbc khi b\u1ea1n n\u1ed9p \u0111\u01a1n<\/h4>\n\n<ul class=\"wp-block-list\">\n<li>\u0110\u1ea3m b\u1ea3o b\u1ea1n c\u00f3 h\u1ed9 chi\u1ebfu h\u1ee3p l\u1ec7, th\u1ebb t\u00edn d\u1ee5ng ho\u1eb7c th\u1ebb ghi n\u1ee3 v\u00e0 \u0111\u1ecba ch\u1ec9 email.<\/li>\n\n\n\n<li>\u0110\u1ecdc t\u00e0i li\u1ec7u tr\u1ee3 gi\u00fap \u1ee9ng d\u1ee5ng c\u00f3 s\u1eb5n b\u1eb1ng nhi\u1ec1u ng\u00f4n ng\u1eef \u0111\u1ec3 bi\u1ebft h\u01b0\u1edbng d\u1eabn.<\/li>\n\n\n\n<li>N\u1ed9p \u0111\u01a1n xin eTA <strong>tr\u01b0\u1edbc khi<\/strong> \u0111\u1eb7t chuy\u1ebfn bay \u0111\u1ec3 tr\u00e1nh b\u1ecb ch\u1eadm tr\u1ec5.<\/li>\n<\/ul>\n\n<p>N\u1ed9p \u0111\u01a1n xin eTA l\u00e0 b\u01b0\u1edbc thi\u1ebft y\u1ebfu \u0111\u1ed1i v\u1edbi nh\u1eefng du kh\u00e1ch \u0111\u1ee7 \u0111i\u1ec1u ki\u1ec7n c\u00f3 k\u1ebf ho\u1ea1ch \u0111\u1ebfn th\u0103m Canada. B\u1eb1ng c\u00e1ch hi\u1ec3u r\u00f5 quy tr\u00ecnh v\u00e0 chu\u1ea9n b\u1ecb \u0111\u01a1n xin c\u1ea9n th\u1eadn, b\u1ea1n c\u00f3 th\u1ec3 \u0111\u1ea3m b\u1ea3o m\u1ed9t chuy\u1ebfn \u0111i su\u00f4n s\u1ebb v\u00e0 kh\u00f4ng g\u1eb7p r\u1eafc r\u1ed1i. <\/p>\n","protected":false},"excerpt":{"rendered":"<p>V\u1ec1 Quy tr\u00ecnh \u1ee6y quy\u1ec1n Du l\u1ecbch \u0110i\u1ec7n t\u1eed (eTA) Gi\u1ea5y ph\u00e9p du l\u1ecbch \u0111i\u1ec7n t\u1eed (eTA) l\u00e0 y\u00eau c\u1ea7u [&hellip;]<\/p>\n","protected":false},"author":1,"featured_media":0,"parent":0,"menu_order":0,"comment_status":"closed","ping_status":"closed","template":"","meta":{"_uag_custom_page_level_css":"","site-sidebar-layout":"default","site-content-layout":"","ast-site-content-layout":"","site-content-style":"default","site-sidebar-style":"default","ast-global-header-display":"","ast-banner-title-visibility":"","ast-main-header-display":"","ast-hfb-above-header-display":"","ast-hfb-below-header-display":"","ast-hfb-mobile-header-display":"","site-post-title":"","ast-breadcrumbs-content":"","ast-featured-img":"","footer-sml-layout":"","theme-transparent-header-meta":"","adv-header-id-meta":"","stick-header-meta":"","header-above-stick-meta":"","header-main-stick-meta":"","header-below-stick-meta":"","astra-migrate-meta-layouts":"default","ast-page-background-enabled":"default","ast-page-background-meta":{"desktop":{"background-color":"var(--ast-global-color-4)","background-image":"","background-repeat":"repeat","background-position":"center center","background-size":"auto","background-attachment":"scroll","background-type":"","background-media":"","overlay-type":"","overlay-color":"","overlay-opacity":"","overlay-gradient":""},"tablet":{"background-color":"","background-image":"","background-repeat":"repeat","background-position":"center center","background-size":"auto","background-attachment":"scroll","background-type":"","background-media":"","overlay-type":"","overlay-color":"","overlay-opacity":"","overlay-gradient":""},"mobile":{"background-color":"","background-image":"","background-repeat":"repeat","background-position":"center center","background-size":"auto","background-attachment":"scroll","background-type":"","background-media":"","overlay-type":"","overlay-color":"","overlay-opacity":"","overlay-gradient":""}},"ast-content-background-meta":{"desktop":{"background-color":"var(--ast-global-color-5)","background-image":"","background-repeat":"repeat","background-position":"center center","background-size":"auto","background-attachment":"scroll","background-type":"","background-media":"","overlay-type":"","overlay-color":"","overlay-opacity":"","overlay-gradient":""},"tablet":{"background-color":"var(--ast-global-color-5)","background-image":"","background-repeat":"repeat","background-position":"center center","background-size":"auto","background-attachment":"scroll","background-type":"","background-media":"","overlay-type":"","overlay-color":"","overlay-opacity":"","overlay-gradient":""},"mobile":{"background-color":"var(--ast-global-color-5)","background-image":"","background-repeat":"repeat","background-position":"center center","background-size":"auto","background-attachment":"scroll","background-type":"","background-media":"","overlay-type":"","overlay-color":"","overlay-opacity":"","overlay-gradient":""}},"footnotes":""},"categories":[],"tags":[],"class_list":["post-1563","page","type-page","status-publish","hentry"],"uagb_featured_image_src":{"full":false,"thumbnail":false,"medium":false,"medium_large":false,"large":false,"1536x1536":false,"2048x2048":false},"uagb_author_info":{"display_name":"admin","author_link":"https:\/\/www.etafast.org\/vi\/author\/admin\/"},"uagb_comment_info":0,"uagb_excerpt":"V\u1ec1 Quy tr\u00ecnh \u1ee6y quy\u1ec1n Du l\u1ecbch \u0110i\u1ec7n t\u1eed (eTA) Gi\u1ea5y ph\u00e9p du l\u1ecbch \u0111i\u1ec7n t\u1eed (eTA) l\u00e0 y\u00eau c\u1ea7u [&hellip;]","_links":{"self":[{"href":"https:\/\/www.etafast.org\/vi\/wp-json\/wp\/v2\/pages\/1563","targetHints":{"allow":["GET"]}}],"collection":[{"href":"https:\/\/www.etafast.org\/vi\/wp-json\/wp\/v2\/pages"}],"about":[{"href":"https:\/\/www.etafast.org\/vi\/wp-json\/wp\/v2\/types\/page"}],"author":[{"embeddable":true,"href":"https:\/\/www.etafast.org\/vi\/wp-json\/wp\/v2\/users\/1"}],"replies":[{"embeddable":true,"href":"https:\/\/www.etafast.org\/vi\/wp-json\/wp\/v2\/comments?post=1563"}],"version-history":[{"count":1,"href":"https:\/\/www.etafast.org\/vi\/wp-json\/wp\/v2\/pages\/1563\/revisions"}],"predecessor-version":[{"id":1564,"href":"https:\/\/www.etafast.org\/vi\/wp-json\/wp\/v2\/pages\/1563\/revisions\/1564"}],"wp:attachment":[{"href":"https:\/\/www.etafast.org\/vi\/wp-json\/wp\/v2\/media?parent=1563"}],"wp:term":[{"taxonomy":"category","embeddable":true,"href":"https:\/\/www.etafast.org\/vi\/wp-json\/wp\/v2\/categories?post=1563"},{"taxonomy":"post_tag","embeddable":true,"href":"https:\/\/www.etafast.org\/vi\/wp-json\/wp\/v2\/tags?post=1563"}],"curies":[{"name":"wp","href":"https:\/\/api.w.org\/{rel}","templated":true}]}}