{"id":1493,"date":"2024-12-11T08:24:51","date_gmt":"2024-12-11T07:24:51","guid":{"rendered":"https:\/\/www.etafast.org\/ai-co-the-nop-don\/"},"modified":"2024-12-11T09:15:31","modified_gmt":"2024-12-11T08:15:31","slug":"ai-co-the-nop-don","status":"publish","type":"page","link":"https:\/\/www.etafast.org\/vi\/ai-co-the-nop-don\/","title":{"rendered":"Ai c\u00f3 th\u1ec3 n\u1ed9p \u0111\u01a1n"},"content":{"rendered":"\n<h3 class=\"wp-block-heading\">Ai c\u00f3 th\u1ec3 n\u1ed9p \u0111\u01a1n xin Gi\u1ea5y ph\u00e9p du l\u1ecbch \u0111i\u1ec7n t\u1eed (eTA)<\/h3>\n\n<p>Gi\u1ea5y ph\u00e9p du l\u1ecbch \u0111i\u1ec7n t\u1eed (eTA) l\u00e0 y\u00eau c\u1ea7u du l\u1ecbch \u0111\u1ed1i v\u1edbi m\u1ed9t s\u1ed1 c\u00e1 nh\u00e2n \u0111i du l\u1ecbch \u0111\u1ebfn ho\u1eb7c qu\u00e1 c\u1ea3nh qua Canada b\u1eb1ng \u0111\u01b0\u1eddng h\u00e0ng kh\u00f4ng. Sau \u0111\u00e2y l\u00e0 th\u00f4ng tin chi ti\u1ebft v\u1ec1 nh\u1eefng ng\u01b0\u1eddi \u0111\u1ee7 \u0111i\u1ec1u ki\u1ec7n \u0111\u1ec3 n\u1ed9p \u0111\u01a1n: <\/p>\n\n<h4 class=\"wp-block-heading\"><strong>Ti\u00eau ch\u00ed \u0111\u1ee7 \u0111i\u1ec1u ki\u1ec7n \u0111\u1ec3 \u0111\u01b0\u1ee3c c\u1ea5p eTA<\/strong><\/h4>\n\n<p>B\u1ea1n c\u00f3 th\u1ec3 n\u1ed9p \u0111\u01a1n xin eTA n\u1ebfu b\u1ea1n \u0111\u00e1p \u1ee9ng <strong>c\u1ea3 ba y\u00eau c\u1ea7u sau<\/strong> :<\/p>\n\n<ol class=\"wp-block-list\">\n<li><strong>L\u1ecbch s\u1eed du l\u1ecbch tr\u01b0\u1edbc \u0111\u00e2y<\/strong> :<ul><li>B\u1ea1n \u0111\u00e3 c\u00f3 th\u1ecb th\u1ef1c du l\u1ecbch Canada (th\u1ecb th\u1ef1c th\u01b0\u1eddng tr\u00fa t\u1ea1m th\u1eddi) trong 10 n\u0103m qua, HO\u1eb6C<\/li><li>Hi\u1ec7n t\u1ea1i b\u1ea1n \u0111ang s\u1edf h\u1eefu th\u1ecb th\u1ef1c kh\u00f4ng \u0111\u1ecbnh c\u01b0 h\u1ee3p l\u1ec7 c\u1ee7a Hoa K\u1ef3 (US).<\/li><\/ul><em>(Visa kh\u00f4ng \u0111\u1ecbnh c\u01b0 Hoa K\u1ef3 c\u1ee7a b\u1ea1n ph\u1ea3i c\u00f2n hi\u1ec7u l\u1ef1c v\u00e0o ng\u00e0y b\u1ea1n n\u1ed9p \u0111\u01a1n xin eTA, nh\u01b0ng kh\u00f4ng c\u1ea7n ph\u1ea3i ti\u1ebfp t\u1ee5c c\u00f3 hi\u1ec7u l\u1ef1c cho chuy\u1ebfn \u0111i c\u1ee7a b\u1ea1n \u0111\u1ebfn Canada.)<\/em><\/li>\n\n\n\n<li><strong>M\u1ee5c \u0111\u00edch c\u1ee7a chuy\u1ebfn \u0111i<\/strong> :\n<ul class=\"wp-block-list\">\n<li>B\u1ea1n \u0111\u1ebfn Canada \u0111\u1ec3 <strong>l\u01b0u tr\u00fa t\u1ea1m th\u1eddi<\/strong> , th\u01b0\u1eddng l\u00e0 t\u1ed1i \u0111a s\u00e1u th\u00e1ng.<\/li>\n<\/ul>\n<\/li>\n\n\n\n<li><strong>Ch\u1ebf \u0111\u1ed9 di chuy\u1ec3n<\/strong> :\n<ul class=\"wp-block-list\">\n<li>B\u1ea1n \u0111ang bay \u0111\u1ebfn ho\u1eb7c qu\u00e1 c\u1ea3nh t\u1ea1i m\u1ed9t s\u00e2n bay c\u1ee7a Canada v\u1edbi h\u1ed9 chi\u1ebfu h\u1ee3p l\u1ec7 t\u1eeb m\u1ed9t trong nh\u1eefng <strong>qu\u1ed1c gia \u0111\u1ee7 \u0111i\u1ec1u ki\u1ec7n y\u00eau c\u1ea7u th\u1ecb th\u1ef1c<\/strong> .<\/li>\n<\/ul>\n<\/li>\n<\/ol>\n\n<h4 class=\"wp-block-heading\"><strong>C\u00e1c qu\u1ed1c gia \u0111\u1ee7 \u0111i\u1ec1u ki\u1ec7n c\u1ea7n xin th\u1ecb th\u1ef1c<\/strong><\/h4>\n\n<p>C\u00f4ng d\u00e2n c\u1ee7a c\u00e1c qu\u1ed1c gia sau \u0111\u00e2y c\u00f3 th\u1ec3 n\u1ed9p \u0111\u01a1n xin eTA n\u1ebfu h\u1ecd \u0111\u00e1p \u1ee9ng c\u00e1c ti\u00eau ch\u00ed tr\u00ean:<\/p>\n\n<ul class=\"wp-block-list\">\n<li>Antigua v\u00e0 Barbuda<\/li>\n\n\n\n<li>Argentina<\/li>\n\n\n\n<li>Brazil<\/li>\n\n\n\n<li>Costa Rica<\/li>\n\n\n\n<li>M\u00eahic\u00f4<\/li>\n\n\n\n<li>Ma-r\u1ed1c<\/li>\n\n\n\n<li>Panama<\/li>\n\n\n\n<li>Philippines<\/li>\n\n\n\n<li>St. Kitts v\u00e0 Nevis<\/li>\n\n\n\n<li>Th\u00e1nh Lucia<\/li>\n\n\n\n<li>St. Vincent v\u00e0 Grenadines<\/li>\n\n\n\n<li>Seychelles<\/li>\n\n\n\n<li>Th\u00e1i Lan<\/li>\n\n\n\n<li>Trinidad v\u00e0 Tobago<\/li>\n\n\n\n<li>Urugoay<\/li>\n<\/ul>\n\n<p>N\u1ebfu b\u1ea1n kh\u00f4ng \u0111\u00e1p \u1ee9ng \u0111\u01b0\u1ee3c t\u1ea5t c\u1ea3 c\u00e1c y\u00eau c\u1ea7u n\u00e0y, b\u1ea1n s\u1ebd ph\u1ea3i n\u1ed9p \u0111\u01a1n xin th\u1ecb th\u1ef1c du l\u1ecbch (th\u1ecb th\u1ef1c th\u01b0\u1eddng tr\u00fa t\u1ea1m th\u1eddi).<\/p>\n\n<hr class=\"wp-block-separator has-alpha-channel-opacity\"\/>\n\n<h3 class=\"wp-block-heading\"><strong>Ai KH\u00d4NG c\u1ea7n eTA?<\/strong><\/h3>\n\n<ul class=\"wp-block-list\">\n<li><strong>C\u00f4ng d\u00e2n Hoa K\u1ef3<\/strong> :<br\/> C\u00f4ng d\u00e2n Hoa K\u1ef3 \u0111\u01b0\u1ee3c mi\u1ec5n y\u00eau c\u1ea7u eTA. H\u1ecd ch\u1ec9 c\u1ea7n xu\u1ea5t tr\u00ecnh h\u1ed9 chi\u1ebfu Hoa K\u1ef3 h\u1ee3p l\u1ec7. <\/li>\n\n\n\n<li><strong>C\u00f4ng d\u00e2n Canada (bao g\u1ed3m c\u1ea3 c\u00f4ng d\u00e2n c\u00f3 hai qu\u1ed1c t\u1ecbch)<\/strong> :<br\/> C\u00f4ng d\u00e2n Canada kh\u00f4ng th\u1ec3 n\u1ed9p \u0111\u01a1n xin eTA. H\u1ecd ph\u1ea3i \u0111i du l\u1ecbch v\u1edbi h\u1ed9 chi\u1ebfu Canada h\u1ee3p l\u1ec7. C\u00f4ng d\u00e2n c\u00f3 hai qu\u1ed1c t\u1ecbch c\u0169ng ph\u1ea3i s\u1eed d\u1ee5ng h\u1ed9 chi\u1ebfu Canada khi bay \u0111\u1ebfn Canada.  <\/li>\n\n\n\n<li><strong>Th\u01b0\u1eddng tr\u00fa nh\u00e2n Canada<\/strong> :<br> Th\u01b0\u1eddng tr\u00fa nh\u00e2n Canada kh\u00f4ng th\u1ec3 n\u1ed9p \u0111\u01a1n xin eTA. Thay v\u00e0o \u0111\u00f3, h\u1ecd ph\u1ea3i \u0111i du l\u1ecbch v\u1edbi: \n<ul class=\"wp-block-list\">\n<li>Th\u1ebb th\u01b0\u1eddng tr\u00fa nh\u00e2n h\u1ee3p l\u1ec7, HO\u1eb6C<\/li>\n\n\n\n<li>Gi\u1ea5y t\u1edd th\u00f4ng h\u00e0nh th\u01b0\u1eddng tr\u00fa.<\/li>\n<\/ul>\n<\/li>\n\n\n\n<li><strong>Th\u01b0\u1eddng tr\u00fa nh\u00e2n h\u1ee3p ph\u00e1p c\u1ee7a Hoa K\u1ef3<\/strong> :<br> T\u00ednh \u0111\u1ebfn ng\u00e0y 26 th\u00e1ng 4 n\u0103m 2022, th\u01b0\u1eddng tr\u00fa nh\u00e2n h\u1ee3p ph\u00e1p c\u1ee7a Hoa K\u1ef3 \u0111\u01b0\u1ee3c mi\u1ec5n y\u00eau c\u1ea7u eTA. H\u1ecd ph\u1ea3i mang theo: \n<ul class=\"wp-block-list\">\n<li>H\u1ed9 chi\u1ebfu h\u1ee3p l\u1ec7 t\u1eeb qu\u1ed1c gia m\u00e0 h\u1ecd mang qu\u1ed1c t\u1ecbch, v\u00e0<\/li>\n\n\n\n<li>Th\u1ebb xanh Hoa K\u1ef3 h\u1ee3p l\u1ec7 ho\u1eb7c b\u1eb1ng ch\u1ee9ng t\u01b0\u01a1ng \u0111\u01b0\u01a1ng v\u1ec1 t\u00ecnh tr\u1ea1ng th\u01b0\u1eddng tr\u00fa.<\/li>\n<\/ul>\n<\/li>\n<\/ul>\n\n<hr class=\"wp-block-separator has-alpha-channel-opacity\"\/>\n\n<h3 class=\"wp-block-heading\"><strong>C\u00e1c t\u00ecnh hu\u1ed1ng du l\u1ecbch v\u00e0 y\u00eau c\u1ea7u v\u1ec1 t\u00e0i li\u1ec7u<\/strong><\/h3>\n\n<figure class=\"wp-block-table\"><table class=\"has-fixed-layout\"><thead><tr><th><strong>B\u1ea1n \u0111ang \u0111i du l\u1ecbch \u0111\u1ebfn Canada nh\u01b0 th\u1ebf n\u00e0o<\/strong><\/th><th><strong>T\u00e0i li\u1ec7u b\u1eaft bu\u1ed9c<\/strong><\/th><\/tr><\/thead><tbody><tr><td>Bay \u0111\u1ebfn ho\u1eb7c qu\u00e1 c\u1ea3nh t\u1ea1i m\u1ed9t s\u00e2n bay c\u1ee7a Canada v\u00e0 \u0111\u1ee7 \u0111i\u1ec1u ki\u1ec7n \u0111\u1ec3 \u0111\u01b0\u1ee3c c\u1ea5p eTA<\/td><td>eTA ho\u1eb7c th\u1ecb th\u1ef1c du l\u1ecbch<\/td><\/tr><tr><td>Bay \u0111\u1ebfn ho\u1eb7c qu\u00e1 c\u1ea3nh t\u1ea1i m\u1ed9t s\u00e2n bay c\u1ee7a Canada v\u00e0 KH\u00d4NG \u0111\u1ee7 \u0111i\u1ec1u ki\u1ec7n \u0111\u1ec3 \u0111\u01b0\u1ee3c c\u1ea5p eTA<\/td><td>Visa du l\u1ecbch<\/td><\/tr><tr><td>\u0110\u1ebfn b\u1eb1ng \u00f4 t\u00f4, xe bu\u00fdt, t\u00e0u h\u1ecfa ho\u1eb7c thuy\u1ec1n (bao g\u1ed3m c\u1ea3 t\u00e0u du l\u1ecbch)<\/td><td>Visa du l\u1ecbch<\/td><\/tr><tr><td>Du l\u1ecbch \u0111\u1ebfn Canada v\u1edbi th\u1ecb th\u1ef1c Canada h\u1ee3p l\u1ec7<\/td><td>Kh\u00f4ng c\u1ea7n eTA \u2013 s\u1eed d\u1ee5ng visa<\/td><\/tr><tr><td>Bay tr\u1edf l\u1ea1i Canada sau khi gia h\u1ea1n gi\u1ea5y ph\u00e9p l\u00e0m vi\u1ec7c ho\u1eb7c du h\u1ecdc<\/td><td>eTA \u0111\u01b0\u1ee3c cung c\u1ea5p k\u00e8m theo gia h\u1ea1n gi\u1ea5y ph\u00e9p<\/td><\/tr><tr><td>\u0110i du l\u1ecbch \u0111\u1ebfn Canada \u0111\u1ec3 l\u00e0m vi\u1ec7c ho\u1eb7c h\u1ecdc t\u1eadp trong h\u01a1n 6 th\u00e1ng<\/td><td>Gi\u1ea5y ph\u00e9p l\u00e0m vi\u1ec7c ho\u1eb7c h\u1ecdc t\u1eadp (bao g\u1ed3m th\u1ecb th\u1ef1c)<\/td><\/tr><\/tbody><\/table><\/figure>\n\n<hr class=\"wp-block-separator has-alpha-channel-opacity\"\/>\n\n<h3 class=\"wp-block-heading\"><strong>Nh\u1eefng c\u00e2n nh\u1eafc quan tr\u1ecdng<\/strong><\/h3>\n\n<ul class=\"wp-block-list\">\n<li><strong>Y\u00eau c\u1ea7u c\u01a1 b\u1ea3n<\/strong> : \u0110\u1ec3 nh\u1eadp c\u1ea3nh v\u00e0o Canada, b\u1ea1n ph\u1ea3i \u0111\u00e1p \u1ee9ng c\u00e1c ti\u00eau ch\u00ed nh\u1eadp c\u1ea3nh chung, bao g\u1ed3m gi\u1ea5y t\u1edd \u0111i l\u1ea1i h\u1ee3p l\u1ec7, s\u1ee9c kh\u1ecfe t\u1ed1t, h\u1ed7 tr\u1ee3 t\u00e0i ch\u00ednh v\u00e0 r\u00e0ng bu\u1ed9c ch\u1eb7t ch\u1ebd v\u1edbi qu\u1ed1c gia c\u1ee7a b\u1ea1n.<\/li>\n\n\n\n<li><strong>Kh\u00f4ng \u0111\u01b0\u1ee3c ph\u00e9p nh\u1eadp c\u1ea3nh<\/strong> : Nh\u1eefng c\u00e1 nh\u00e2n c\u00f3 li\u00ean quan \u0111\u1ebfn ho\u1ea1t \u0111\u1ed9ng t\u1ed9i ph\u1ea1m, \u0111e d\u1ecda an ninh ho\u1eb7c m\u1ed9t s\u1ed1 v\u1ea5n \u0111\u1ec1 v\u1ec1 s\u1ee9c kh\u1ecfe v\u00e0 t\u00e0i ch\u00ednh c\u00f3 th\u1ec3 b\u1ecb coi l\u00e0 kh\u00f4ng \u0111\u01b0\u1ee3c ph\u00e9p nh\u1eadp c\u1ea3nh v\u00e0o Canada, ngay c\u1ea3 khi c\u00f3 eTA h\u1ee3p l\u1ec7.<\/li>\n<\/ul>\n\n<p>eTA \u0111\u01b0\u1ee3c thi\u1ebft k\u1ebf \u0111\u1ec3 \u0111\u01a1n gi\u1ea3n h\u00f3a vi\u1ec7c \u0111i l\u1ea1i b\u1eb1ng \u0111\u01b0\u1eddng h\u00e0ng kh\u00f4ng \u0111\u1ebfn Canada cho nh\u1eefng c\u00e1 nh\u00e2n \u0111\u1ee7 \u0111i\u1ec1u ki\u1ec7n. H\u00e3y ch\u1eafc ch\u1eafn xem x\u00e9t k\u1ef9 c\u00e1c y\u00eau c\u1ea7u v\u00e0 n\u1ed9p \u0111\u01a1n tr\u01b0\u1edbc chuy\u1ebfn \u0111i \u0111\u00e3 \u0111\u1ecbnh c\u1ee7a b\u1ea1n. <\/p>\n","protected":false},"excerpt":{"rendered":"<p>Ai c\u00f3 th\u1ec3 n\u1ed9p \u0111\u01a1n xin Gi\u1ea5y ph\u00e9p du l\u1ecbch \u0111i\u1ec7n t\u1eed (eTA) Gi\u1ea5y ph\u00e9p du l\u1ecbch \u0111i\u1ec7n t\u1eed (eTA) [&hellip;]<\/p>\n","protected":false},"author":1,"featured_media":0,"parent":0,"menu_order":0,"comment_status":"closed","ping_status":"closed","template":"","meta":{"_uag_custom_page_level_css":"","site-sidebar-layout":"default","site-content-layout":"","ast-site-content-layout":"","site-content-style":"default","site-sidebar-style":"default","ast-global-header-display":"","ast-banner-title-visibility":"","ast-main-header-display":"","ast-hfb-above-header-display":"","ast-hfb-below-header-display":"","ast-hfb-mobile-header-display":"","site-post-title":"","ast-breadcrumbs-content":"","ast-featured-img":"","footer-sml-layout":"","theme-transparent-header-meta":"","adv-header-id-meta":"","stick-header-meta":"","header-above-stick-meta":"","header-main-stick-meta":"","header-below-stick-meta":"","astra-migrate-meta-layouts":"default","ast-page-background-enabled":"default","ast-page-background-meta":{"desktop":{"background-color":"var(--ast-global-color-4)","background-image":"","background-repeat":"repeat","background-position":"center center","background-size":"auto","background-attachment":"scroll","background-type":"","background-media":"","overlay-type":"","overlay-color":"","overlay-opacity":"","overlay-gradient":""},"tablet":{"background-color":"","background-image":"","background-repeat":"repeat","background-position":"center center","background-size":"auto","background-attachment":"scroll","background-type":"","background-media":"","overlay-type":"","overlay-color":"","overlay-opacity":"","overlay-gradient":""},"mobile":{"background-color":"","background-image":"","background-repeat":"repeat","background-position":"center center","background-size":"auto","background-attachment":"scroll","background-type":"","background-media":"","overlay-type":"","overlay-color":"","overlay-opacity":"","overlay-gradient":""}},"ast-content-background-meta":{"desktop":{"background-color":"var(--ast-global-color-5)","background-image":"","background-repeat":"repeat","background-position":"center center","background-size":"auto","background-attachment":"scroll","background-type":"","background-media":"","overlay-type":"","overlay-color":"","overlay-opacity":"","overlay-gradient":""},"tablet":{"background-color":"var(--ast-global-color-5)","background-image":"","background-repeat":"repeat","background-position":"center center","background-size":"auto","background-attachment":"scroll","background-type":"","background-media":"","overlay-type":"","overlay-color":"","overlay-opacity":"","overlay-gradient":""},"mobile":{"background-color":"var(--ast-global-color-5)","background-image":"","background-repeat":"repeat","background-position":"center center","background-size":"auto","background-attachment":"scroll","background-type":"","background-media":"","overlay-type":"","overlay-color":"","overlay-opacity":"","overlay-gradient":""}},"footnotes":""},"categories":[],"tags":[],"class_list":["post-1493","page","type-page","status-publish","hentry"],"uagb_featured_image_src":{"full":false,"thumbnail":false,"medium":false,"medium_large":false,"large":false,"1536x1536":false,"2048x2048":false},"uagb_author_info":{"display_name":"admin","author_link":"https:\/\/www.etafast.org\/vi\/author\/admin\/"},"uagb_comment_info":0,"uagb_excerpt":"Ai c\u00f3 th\u1ec3 n\u1ed9p \u0111\u01a1n xin Gi\u1ea5y ph\u00e9p du l\u1ecbch \u0111i\u1ec7n t\u1eed (eTA) Gi\u1ea5y ph\u00e9p du l\u1ecbch \u0111i\u1ec7n t\u1eed (eTA) [&hellip;]","_links":{"self":[{"href":"https:\/\/www.etafast.org\/vi\/wp-json\/wp\/v2\/pages\/1493","targetHints":{"allow":["GET"]}}],"collection":[{"href":"https:\/\/www.etafast.org\/vi\/wp-json\/wp\/v2\/pages"}],"about":[{"href":"https:\/\/www.etafast.org\/vi\/wp-json\/wp\/v2\/types\/page"}],"author":[{"embeddable":true,"href":"https:\/\/www.etafast.org\/vi\/wp-json\/wp\/v2\/users\/1"}],"replies":[{"embeddable":true,"href":"https:\/\/www.etafast.org\/vi\/wp-json\/wp\/v2\/comments?post=1493"}],"version-history":[{"count":1,"href":"https:\/\/www.etafast.org\/vi\/wp-json\/wp\/v2\/pages\/1493\/revisions"}],"predecessor-version":[{"id":1494,"href":"https:\/\/www.etafast.org\/vi\/wp-json\/wp\/v2\/pages\/1493\/revisions\/1494"}],"wp:attachment":[{"href":"https:\/\/www.etafast.org\/vi\/wp-json\/wp\/v2\/media?parent=1493"}],"wp:term":[{"taxonomy":"category","embeddable":true,"href":"https:\/\/www.etafast.org\/vi\/wp-json\/wp\/v2\/categories?post=1493"},{"taxonomy":"post_tag","embeddable":true,"href":"https:\/\/www.etafast.org\/vi\/wp-json\/wp\/v2\/tags?post=1493"}],"curies":[{"name":"wp","href":"https:\/\/api.w.org\/{rel}","templated":true}]}}