{"id":1391,"date":"2024-12-11T08:25:47","date_gmt":"2024-12-11T07:25:47","guid":{"rendered":"https:\/\/www.etafast.org\/ban-co-can-visa-khong\/"},"modified":"2024-12-11T09:14:06","modified_gmt":"2024-12-11T08:14:06","slug":"ban-co-can-visa-khong","status":"publish","type":"page","link":"https:\/\/www.etafast.org\/vi\/ban-co-can-visa-khong\/","title":{"rendered":"B\u1ea1n c\u00f3 c\u1ea7n VISA kh\u00f4ng?"},"content":{"rendered":"\n<h3 class=\"wp-block-heading\">L\u00e0m th\u1ebf n\u00e0o \u0111\u1ec3 t\u00ecm hi\u1ec3u xem b\u1ea1n c\u00f3 c\u1ea7n th\u1ecb th\u1ef1c \u0111\u1ec3 \u0111i du l\u1ecbch \u0111\u1ebfn Canada hay kh\u00f4ng<\/h3>\n\n<p>Canada y\u00eau c\u1ea7u du kh\u00e1ch ph\u1ea3i c\u00f3 <strong>th\u1ecb th\u1ef1c du l\u1ecbch<\/strong> ho\u1eb7c <strong>Gi\u1ea5y ph\u00e9p du l\u1ecbch \u0111i\u1ec7n t\u1eed (eTA)<\/strong> \u0111\u1ec3 nh\u1eadp c\u1ea3nh ho\u1eb7c qu\u00e1 c\u1ea3nh qua qu\u1ed1c gia n\u00e0y, t\u00f9y thu\u1ed9c v\u00e0o qu\u1ed1c t\u1ecbch v\u00e0 ph\u01b0\u01a1ng th\u1ee9c di chuy\u1ec3n c\u1ee7a h\u1ecd. Sau \u0111\u00e2y l\u00e0 c\u00e1ch b\u1ea1n c\u00f3 th\u1ec3 x\u00e1c \u0111\u1ecbnh nh\u1eefng g\u00ec m\u00ecnh c\u1ea7n: <\/p>\n\n<hr class=\"wp-block-separator has-alpha-channel-opacity\"\/>\n\n<h3 class=\"wp-block-heading\"><strong>B\u01b0\u1edbc 1: Ki\u1ec3m tra qu\u1ed1c t\u1ecbch c\u1ee7a b\u1ea1n<\/strong><\/h3>\n\n<p>Lo\u1ea1i gi\u1ea5y t\u1edd du l\u1ecbch b\u1ea1n c\u1ea7n ch\u1ee7 y\u1ebfu ph\u1ee5 thu\u1ed9c v\u00e0o qu\u1ed1c t\u1ecbch c\u1ee7a b\u1ea1n. Kh\u00e1ch du l\u1ecbch thu\u1ed9c m\u1ed9t trong ba lo\u1ea1i sau: <\/p>\n\n<ol class=\"wp-block-list\">\n<li><strong>Du kh\u00e1ch mi\u1ec5n th\u1ecb th\u1ef1c (C\u1ea7n c\u00f3 eTA)<\/strong><br\/> N\u1ebfu b\u1ea1n l\u00e0 c\u00f4ng d\u00e2n c\u1ee7a m\u1ed9t qu\u1ed1c gia mi\u1ec5n th\u1ecb th\u1ef1c, b\u1ea1n c\u1ea7n c\u00f3 eTA n\u1ebfu b\u1ea1n \u0111i du l\u1ecbch ho\u1eb7c qu\u00e1 c\u1ea3nh qua Canada b\u1eb1ng \u0111\u01b0\u1eddng h\u00e0ng kh\u00f4ng. V\u00ed d\u1ee5 v\u1ec1 c\u00e1c qu\u1ed1c gia mi\u1ec5n th\u1ecb th\u1ef1c bao g\u1ed3m: <ul><li>\u00dac<\/li><li>\u0110\u1ee9c<\/li><li>Nh\u1eadt B\u1ea3n<\/li><li>V\u01b0\u01a1ng qu\u1ed1c Anh<\/li><li>Ph\u00e1p<br\/> <em>(\u0110\u00e2y kh\u00f4ng ph\u1ea3i l\u00e0 danh s\u00e1ch \u0111\u1ea7y \u0111\u1ee7.)<\/em><\/li><\/ul><strong>Quan tr\u1ecdng<\/strong> : N\u1ebfu b\u1ea1n nh\u1eadp c\u1ea3nh v\u00e0o Canada b\u1eb1ng \u00f4 t\u00f4, xe bu\u00fdt, t\u00e0u h\u1ecfa ho\u1eb7c thuy\u1ec1n, bao g\u1ed3m c\u1ea3 du thuy\u1ec1n, b\u1ea1n KH\u00d4NG c\u1ea7n eTA ho\u1eb7c th\u1ecb th\u1ef1c du l\u1ecbch.<\/li>\n\n\n\n<li><strong>Du kh\u00e1ch c\u1ea7n th\u1ecb th\u1ef1c (C\u1ea7n th\u1ecb th\u1ef1c du l\u1ecbch)<\/strong><br> C\u00f4ng d\u00e2n c\u1ee7a c\u00e1c qu\u1ed1c gia kh\u00f4ng c\u00f3 t\u00ean trong danh s\u00e1ch mi\u1ec5n th\u1ecb th\u1ef1c ph\u1ea3i c\u00f3 th\u1ecb th\u1ef1c du l\u1ecbch (c\u00f2n g\u1ecdi l\u00e0 Th\u1ecb th\u1ef1c th\u01b0\u1eddng tr\u00fa t\u1ea1m th\u1eddi) \u0111\u1ec3 \u0111\u1ebfn Canada, b\u1ea5t k\u1ec3 h\u00ecnh th\u1ee9c di chuy\u1ec3n n\u00e0o.<br> V\u00ed d\u1ee5 v\u1ec1 c\u00e1c qu\u1ed1c gia y\u00eau c\u1ea7u th\u1ecb th\u1ef1c bao g\u1ed3m:\n<ul class=\"wp-block-list\">\n<li>\u1ea4n \u0110\u1ed9<\/li>\n\n\n\n<li>Trung Qu\u1ed1c<\/li>\n\n\n\n<li>Pakistan<br\/> <em>(\u0110\u00e2y kh\u00f4ng ph\u1ea3i l\u00e0 danh s\u00e1ch \u0111\u1ea7y \u0111\u1ee7.)<\/em><\/li>\n<\/ul>\n<\/li>\n\n\n\n<li><strong>Du kh\u00e1ch \u0111\u1ee7 \u0111i\u1ec1u ki\u1ec7n c\u1ea7n th\u1ecb th\u1ef1c (C\u00f3 th\u1ec3 \u0111\u1ee7 \u0111i\u1ec1u ki\u1ec7n xin eTA)<\/strong><br> N\u1ebfu b\u1ea1n \u0111\u1ebfn t\u1eeb qu\u1ed1c gia y\u00eau c\u1ea7u th\u1ecb th\u1ef1c nh\u01b0ng \u0111\u00e1p \u1ee9ng c\u00e1c \u0111i\u1ec1u ki\u1ec7n c\u1ee5 th\u1ec3, b\u1ea1n c\u00f3 th\u1ec3 n\u1ed9p \u0111\u01a1n xin eTA thay v\u00ec th\u1ecb th\u1ef1c. C\u00e1c \u0111i\u1ec1u ki\u1ec7n n\u00e0y bao g\u1ed3m: <ul><li>C\u00f3 th\u1ecb th\u1ef1c kh\u00f4ng \u0111\u1ecbnh c\u01b0 h\u1ee3p l\u1ec7 c\u1ee7a Hoa K\u1ef3, HO\u1eb6C<\/li><li>C\u00f3 th\u1ecb th\u1ef1c du l\u1ecbch Canada trong 10 n\u0103m tr\u1edf l\u1ea1i \u0111\u00e2y.<\/li><\/ul>C\u00e1c qu\u1ed1c gia \u0111\u1ee7 \u0111i\u1ec1u ki\u1ec7n cho t\u00f9y ch\u1ecdn n\u00e0y bao g\u1ed3m:\n<ul class=\"wp-block-list\">\n<li>Brazil<\/li>\n\n\n\n<li>M\u00eahic\u00f4<\/li>\n\n\n\n<li>Philippines<br\/> <em>(\u0110\u00e2y kh\u00f4ng ph\u1ea3i l\u00e0 danh s\u00e1ch \u0111\u1ea7y \u0111\u1ee7.)<\/em><\/li>\n<\/ul>\n<\/li>\n<\/ol>\n\n<hr class=\"wp-block-separator has-alpha-channel-opacity\"\/>\n\n<h3 class=\"wp-block-heading\"><strong>B\u01b0\u1edbc 2: Xem x\u00e9t ph\u01b0\u01a1ng ph\u00e1p di chuy\u1ec3n c\u1ee7a b\u1ea1n<\/strong><\/h3>\n\n<p>Gi\u1ea5y t\u1edd du l\u1ecbch b\u1ea1n c\u1ea7n c\u0169ng ph\u1ee5 thu\u1ed9c v\u00e0o c\u00e1ch b\u1ea1n nh\u1eadp c\u1ea3nh v\u00e0o Canada:<\/p>\n\n<figure class=\"wp-block-table\"><table class=\"has-fixed-layout\"><thead><tr><th><strong>Ph\u01b0\u01a1ng th\u1ee9c di chuy\u1ec3n<\/strong><\/th><th><strong>Y\u00eau c\u1ea7u<\/strong><\/th><\/tr><\/thead><tbody><tr><td>Bay \u0111\u1ebfn ho\u1eb7c qu\u00e1 c\u1ea3nh t\u1ea1i m\u1ed9t s\u00e2n bay c\u1ee7a Canada<\/td><td>eTA (d\u00e0nh cho kh\u00e1ch du l\u1ecbch \u0111\u01b0\u1ee3c mi\u1ec5n th\u1ecb th\u1ef1c) ho\u1eb7c th\u1ecb th\u1ef1c du l\u1ecbch<\/td><\/tr><tr><td>V\u00e0o b\u1eb1ng \u00f4 t\u00f4, xe bu\u00fdt, t\u00e0u h\u1ecfa ho\u1eb7c thuy\u1ec1n (bao g\u1ed3m c\u1ea3 du thuy\u1ec1n)<\/td><td>Th\u1ecb th\u1ef1c du l\u1ecbch (d\u00e0nh cho du kh\u00e1ch c\u1ea7n th\u1ecb th\u1ef1c)<\/td><\/tr><tr><td>\u0110i du l\u1ecbch v\u1edbi th\u1ecb th\u1ef1c Canada h\u1ee3p l\u1ec7<\/td><td>Kh\u00f4ng c\u1ea7n eTA; s\u1eed d\u1ee5ng visa c\u1ee7a b\u1ea1n<\/td><\/tr><\/tbody><\/table><\/figure>\n\n<hr class=\"wp-block-separator has-alpha-channel-opacity\"\/>\n\n<h3 class=\"wp-block-heading\"><strong>B\u01b0\u1edbc 3: Ngo\u1ea1i l\u1ec7 c\u1ee7a Quy t\u1eafc<\/strong><\/h3>\n\n<ol class=\"wp-block-list\">\n<li><strong>C\u00f4ng d\u00e2n Hoa K\u1ef3<\/strong><br\/> C\u00f4ng d\u00e2n Hoa K\u1ef3 KH\u00d4NG c\u1ea7n eTA ho\u1eb7c th\u1ecb th\u1ef1c du l\u1ecbch. H\u1ecd ch\u1ec9 c\u1ea7n h\u1ed9 chi\u1ebfu Hoa K\u1ef3 h\u1ee3p l\u1ec7. <\/li>\n\n\n\n<li><strong>C\u00f4ng d\u00e2n Canada (Bao g\u1ed3m c\u1ea3 c\u00f4ng d\u00e2n c\u00f3 hai qu\u1ed1c t\u1ecbch)<\/strong><br\/> C\u00f4ng d\u00e2n Canada kh\u00f4ng th\u1ec3 n\u1ed9p \u0111\u01a1n xin eTA ho\u1eb7c th\u1ecb th\u1ef1c. H\u1ecd ph\u1ea3i \u0111i du l\u1ecbch v\u1edbi h\u1ed9 chi\u1ebfu Canada h\u1ee3p l\u1ec7. <\/li>\n\n\n\n<li><strong>Th\u01b0\u1eddng tr\u00fa nh\u00e2n Canada<\/strong><br> Th\u01b0\u1eddng tr\u00fa nh\u00e2n Canada kh\u00f4ng th\u1ec3 n\u1ed9p \u0111\u01a1n xin eTA. H\u1ecd ph\u1ea3i \u0111i du l\u1ecbch v\u1edbi: \n<ul class=\"wp-block-list\">\n<li>Th\u1ebb th\u01b0\u1eddng tr\u00fa nh\u00e2n h\u1ee3p l\u1ec7, HO\u1eb6C<\/li>\n\n\n\n<li>Gi\u1ea5y t\u1edd th\u00f4ng h\u00e0nh th\u01b0\u1eddng tr\u00fa.<\/li>\n<\/ul>\n<\/li>\n\n\n\n<li><strong>Th\u01b0\u1eddng tr\u00fa nh\u00e2n Hoa K\u1ef3<\/strong><br> T\u00ednh \u0111\u1ebfn ng\u00e0y 26 th\u00e1ng 4 n\u0103m 2022, th\u01b0\u1eddng tr\u00fa nh\u00e2n h\u1ee3p ph\u00e1p c\u1ee7a Hoa K\u1ef3 kh\u00f4ng c\u1ea7n eTA. H\u1ecd ph\u1ea3i mang theo: \n<ul class=\"wp-block-list\">\n<li>H\u1ed9 chi\u1ebfu h\u1ee3p l\u1ec7 c\u1ee7a qu\u1ed1c t\u1ecbch c\u1ee7a h\u1ecd, V\u00c0<\/li>\n\n\n\n<li>Th\u1ebb xanh h\u1ee3p l\u1ec7 ho\u1eb7c b\u1eb1ng ch\u1ee9ng t\u01b0\u01a1ng \u0111\u01b0\u01a1ng v\u1ec1 t\u00ecnh tr\u1ea1ng th\u01b0\u1eddng tr\u00fa.<\/li>\n<\/ul>\n<\/li>\n<\/ol>\n\n<hr class=\"wp-block-separator has-alpha-channel-opacity\"\/>\n\n<h3 class=\"wp-block-heading\"><strong>B\u01b0\u1edbc 4: S\u1eed d\u1ee5ng C\u00f4ng c\u1ee5 c\u1ee7a Ch\u00ednh ph\u1ee7 Canada<\/strong><\/h3>\n\n<p>\u0110\u1ec3 x\u00e1c nh\u1eadn b\u1ea1n c\u1ea7n th\u1ecb th\u1ef1c hay eTA, b\u1ea1n c\u00f3 th\u1ec3 s\u1eed d\u1ee5ng <a>c\u00f4ng c\u1ee5 t\u00e0i li\u1ec7u du l\u1ecbch<\/a> ch\u00ednh th\u1ee9c c\u1ee7a Ch\u00ednh ph\u1ee7 Canada. Ch\u1ec9 c\u1ea7n nh\u1eadp qu\u1ed1c t\u1ecbch, ph\u01b0\u01a1ng th\u1ee9c di chuy\u1ec3n v\u00e0 m\u1ee5c \u0111\u00edch chuy\u1ebfn \u0111i c\u1ee7a b\u1ea1n \u0111\u1ec3 nh\u1eadn k\u1ebft qu\u1ea3 \u0111\u01b0\u1ee3c c\u00e1 nh\u00e2n h\u00f3a. <\/p>\n\n<hr class=\"wp-block-separator has-alpha-channel-opacity\"\/>\n\n<h3 class=\"wp-block-heading\"><strong>Ghi ch\u00fa cu\u1ed1i c\u00f9ng<\/strong><\/h3>\n\n<ul class=\"wp-block-list\">\n<li>H\u00e3y \u0111\u1ea3m b\u1ea3o b\u1ea1n n\u1ed9p \u0111\u00fang lo\u1ea1i gi\u1ea5y t\u1edd tr\u01b0\u1edbc ng\u00e0y \u0111i du l\u1ecbch.<\/li>\n\n\n\n<li>C\u00f3 th\u1ecb th\u1ef1c ho\u1eb7c eTA kh\u00f4ng \u0111\u1ea3m b\u1ea3o \u0111\u01b0\u1ee3c vi\u1ec7c nh\u1eadp c\u1ea3nh v\u00e0o Canada. B\u1ea1n ph\u1ea3i ch\u1ee9ng minh v\u1edbi nh\u00e2n vi\u00ean d\u1ecbch v\u1ee5 bi\u00ean gi\u1edbi r\u1eb1ng b\u1ea1n \u0111\u00e1p \u1ee9ng m\u1ecdi y\u00eau c\u1ea7u nh\u1eadp c\u1ea3nh. <\/li>\n<\/ul>\n\n<p><\/p>\n","protected":false},"excerpt":{"rendered":"<p>L\u00e0m th\u1ebf n\u00e0o \u0111\u1ec3 t\u00ecm hi\u1ec3u xem b\u1ea1n c\u00f3 c\u1ea7n th\u1ecb th\u1ef1c \u0111\u1ec3 \u0111i du l\u1ecbch \u0111\u1ebfn Canada hay kh\u00f4ng [&hellip;]<\/p>\n","protected":false},"author":1,"featured_media":0,"parent":0,"menu_order":0,"comment_status":"closed","ping_status":"closed","template":"","meta":{"_uag_custom_page_level_css":"","site-sidebar-layout":"default","site-content-layout":"","ast-site-content-layout":"","site-content-style":"default","site-sidebar-style":"default","ast-global-header-display":"","ast-banner-title-visibility":"","ast-main-header-display":"","ast-hfb-above-header-display":"","ast-hfb-below-header-display":"","ast-hfb-mobile-header-display":"","site-post-title":"","ast-breadcrumbs-content":"","ast-featured-img":"","footer-sml-layout":"","theme-transparent-header-meta":"","adv-header-id-meta":"","stick-header-meta":"","header-above-stick-meta":"","header-main-stick-meta":"","header-below-stick-meta":"","astra-migrate-meta-layouts":"default","ast-page-background-enabled":"default","ast-page-background-meta":{"desktop":{"background-color":"var(--ast-global-color-4)","background-image":"","background-repeat":"repeat","background-position":"center center","background-size":"auto","background-attachment":"scroll","background-type":"","background-media":"","overlay-type":"","overlay-color":"","overlay-opacity":"","overlay-gradient":""},"tablet":{"background-color":"","background-image":"","background-repeat":"repeat","background-position":"center center","background-size":"auto","background-attachment":"scroll","background-type":"","background-media":"","overlay-type":"","overlay-color":"","overlay-opacity":"","overlay-gradient":""},"mobile":{"background-color":"","background-image":"","background-repeat":"repeat","background-position":"center center","background-size":"auto","background-attachment":"scroll","background-type":"","background-media":"","overlay-type":"","overlay-color":"","overlay-opacity":"","overlay-gradient":""}},"ast-content-background-meta":{"desktop":{"background-color":"var(--ast-global-color-5)","background-image":"","background-repeat":"repeat","background-position":"center center","background-size":"auto","background-attachment":"scroll","background-type":"","background-media":"","overlay-type":"","overlay-color":"","overlay-opacity":"","overlay-gradient":""},"tablet":{"background-color":"var(--ast-global-color-5)","background-image":"","background-repeat":"repeat","background-position":"center center","background-size":"auto","background-attachment":"scroll","background-type":"","background-media":"","overlay-type":"","overlay-color":"","overlay-opacity":"","overlay-gradient":""},"mobile":{"background-color":"var(--ast-global-color-5)","background-image":"","background-repeat":"repeat","background-position":"center center","background-size":"auto","background-attachment":"scroll","background-type":"","background-media":"","overlay-type":"","overlay-color":"","overlay-opacity":"","overlay-gradient":""}},"footnotes":""},"categories":[],"tags":[],"class_list":["post-1391","page","type-page","status-publish","hentry"],"uagb_featured_image_src":{"full":false,"thumbnail":false,"medium":false,"medium_large":false,"large":false,"1536x1536":false,"2048x2048":false},"uagb_author_info":{"display_name":"admin","author_link":"https:\/\/www.etafast.org\/vi\/author\/admin\/"},"uagb_comment_info":0,"uagb_excerpt":"L\u00e0m th\u1ebf n\u00e0o \u0111\u1ec3 t\u00ecm hi\u1ec3u xem b\u1ea1n c\u00f3 c\u1ea7n th\u1ecb th\u1ef1c \u0111\u1ec3 \u0111i du l\u1ecbch \u0111\u1ebfn Canada hay kh\u00f4ng [&hellip;]","_links":{"self":[{"href":"https:\/\/www.etafast.org\/vi\/wp-json\/wp\/v2\/pages\/1391","targetHints":{"allow":["GET"]}}],"collection":[{"href":"https:\/\/www.etafast.org\/vi\/wp-json\/wp\/v2\/pages"}],"about":[{"href":"https:\/\/www.etafast.org\/vi\/wp-json\/wp\/v2\/types\/page"}],"author":[{"embeddable":true,"href":"https:\/\/www.etafast.org\/vi\/wp-json\/wp\/v2\/users\/1"}],"replies":[{"embeddable":true,"href":"https:\/\/www.etafast.org\/vi\/wp-json\/wp\/v2\/comments?post=1391"}],"version-history":[{"count":1,"href":"https:\/\/www.etafast.org\/vi\/wp-json\/wp\/v2\/pages\/1391\/revisions"}],"predecessor-version":[{"id":1392,"href":"https:\/\/www.etafast.org\/vi\/wp-json\/wp\/v2\/pages\/1391\/revisions\/1392"}],"wp:attachment":[{"href":"https:\/\/www.etafast.org\/vi\/wp-json\/wp\/v2\/media?parent=1391"}],"wp:term":[{"taxonomy":"category","embeddable":true,"href":"https:\/\/www.etafast.org\/vi\/wp-json\/wp\/v2\/categories?post=1391"},{"taxonomy":"post_tag","embeddable":true,"href":"https:\/\/www.etafast.org\/vi\/wp-json\/wp\/v2\/tags?post=1391"}],"curies":[{"name":"wp","href":"https:\/\/api.w.org\/{rel}","templated":true}]}}