{"id":1289,"date":"2024-12-11T08:26:43","date_gmt":"2024-12-11T07:26:43","guid":{"rendered":"https:\/\/www.etafast.org\/gia-han-thoi-gian-luu-tru-tai-canada\/"},"modified":"2024-12-11T09:12:02","modified_gmt":"2024-12-11T08:12:02","slug":"gia-han-thoi-gian-luu-tru-tai-canada","status":"publish","type":"page","link":"https:\/\/www.etafast.org\/vi\/gia-han-thoi-gian-luu-tru-tai-canada\/","title":{"rendered":"Gia h\u1ea1n th\u1eddi gian l\u01b0u tr\u00fa t\u1ea1i Canada"},"content":{"rendered":"\n<h3 class=\"wp-block-heading\">Gia h\u1ea1n th\u1eddi gian l\u01b0u tr\u00fa t\u1ea1i Canada: H\u1ed3 s\u01a1 du kh\u00e1ch<\/h3>\n\n<p>N\u1ebfu b\u1ea1n mu\u1ed1n \u1edf l\u1ea1i Canada l\u00e2u h\u01a1n th\u1eddi gian \u0111\u01b0\u1ee3c ph\u00e9p ban \u0111\u1ea7u v\u1edbi t\u01b0 c\u00e1ch l\u00e0 kh\u00e1ch du l\u1ecbch, b\u1ea1n s\u1ebd c\u1ea7n ph\u1ea3i n\u1ed9p \u0111\u01a1n xin <strong>h\u1ed3 s\u01a1 kh\u00e1ch du l\u1ecbch<\/strong> . H\u1ed3 s\u01a1 kh\u00e1ch du l\u1ecbch l\u00e0 m\u1ed9t t\u00e0i li\u1ec7u thi\u1ebft y\u1ebfu cho ph\u00e9p b\u1ea1n gia h\u1ea1n th\u1eddi gian l\u01b0u tr\u00fa m\u00e0 kh\u00f4ng vi ph\u1ea1m c\u00e1c quy \u0111\u1ecbnh v\u1ec1 nh\u1eadp c\u01b0. <\/p>\n\n<hr class=\"wp-block-separator has-alpha-channel-opacity\"\/>\n\n<h3 class=\"wp-block-heading\"><strong>H\u1ed3 s\u01a1 kh\u00e1ch truy c\u1eadp l\u00e0 g\u00ec?<\/strong><\/h3>\n\n<p>H\u1ed3 s\u01a1 du kh\u00e1ch <strong>kh\u00f4ng ph\u1ea3i l\u00e0 th\u1ecb th\u1ef1c<\/strong> . Thay v\u00e0o \u0111\u00f3, n\u00f3 l\u00e0 m\u1ed9t t\u00e0i li\u1ec7u ch\u00ednh th\u1ee9c: <\/p>\n\n<ul class=\"wp-block-list\">\n<li>Cho ph\u00e9p b\u1ea1n \u1edf l\u1ea1i Canada l\u00e2u h\u01a1n v\u1edbi t\u01b0 c\u00e1ch l\u00e0 <strong>du kh\u00e1ch<\/strong> , ng\u01b0\u1eddi lao \u0111\u1ed9ng \u0111\u01b0\u1ee3c ph\u00e9p l\u00e0m vi\u1ec7c m\u00e0 kh\u00f4ng c\u1ea7n gi\u1ea5y ph\u00e9p ho\u1eb7c sinh vi\u00ean \u0111\u01b0\u1ee3c ph\u00e9p h\u1ecdc m\u00e0 kh\u00f4ng c\u1ea7n gi\u1ea5y ph\u00e9p.<\/li>\n\n\n\n<li>Ch\u1ec9 \u0111\u1ecbnh ng\u00e0y h\u1ebft h\u1ea1n m\u1edbi m\u00e0 b\u1ea1n ph\u1ea3i r\u1eddi kh\u1ecfi Canada.<\/li>\n<\/ul>\n\n<hr class=\"wp-block-separator has-alpha-channel-opacity\"\/>\n\n<h3 class=\"wp-block-heading\"><strong>Khi n\u00e0o n\u00ean n\u1ed9p \u0111\u01a1n xin h\u1ed3 s\u01a1 th\u0103m vi\u1ebfng<\/strong><\/h3>\n\n<p>B\u1ea1n ph\u1ea3i n\u1ed9p \u0111\u01a1n xin c\u1ea5p h\u1ed3 s\u01a1 th\u0103m vi\u1ebfng <strong>tr\u01b0\u1edbc khi t\u00ecnh tr\u1ea1ng hi\u1ec7n t\u1ea1i c\u1ee7a b\u1ea1n h\u1ebft h\u1ea1n<\/strong> .<\/p>\n\n<ul class=\"wp-block-list\">\n<li>Ki\u1ec3m tra d\u1ea5u \u0111\u00f3ng tr\u00ean h\u1ed9 chi\u1ebfu ho\u1eb7c gi\u1ea5y x\u00e1c nh\u1eadn th\u1eddi gian l\u01b0u tr\u00fa \u0111\u01b0\u1ee3c ph\u00e9p c\u1ea5p khi b\u1ea1n nh\u1eadp c\u1ea3nh v\u00e0o Canada.<\/li>\n\n\n\n<li>N\u1ebfu kh\u00f4ng cung c\u1ea5p ng\u00e0y c\u1ee5 th\u1ec3, t\u00ecnh tr\u1ea1ng c\u1ee7a b\u1ea1n th\u01b0\u1eddng h\u1ebft h\u1ea1n sau <strong>6 th\u00e1ng k\u1ec3 t\u1eeb ng\u00e0y b\u1ea1n \u0111\u1ebfn<\/strong> .<\/li>\n<\/ul>\n\n<hr class=\"wp-block-separator has-alpha-channel-opacity\"\/>\n\n<h3 class=\"wp-block-heading\"><strong>Ai c\u00f3 th\u1ec3 n\u1ed9p \u0111\u01a1n xin c\u1ea5p H\u1ed3 s\u01a1 th\u0103m vi\u1ebfng?<\/strong><\/h3>\n\n<p>B\u1ea1n c\u00f3 th\u1ec3 n\u1ed9p \u0111\u01a1n xin c\u1ea5p h\u1ed3 s\u01a1 th\u0103m vi\u1ebfng n\u1ebfu b\u1ea1n:<\/p>\n\n<ul class=\"wp-block-list\">\n<li>Nh\u1eadp c\u1ea3nh v\u00e0o Canada b\u1eb1ng th\u1ecb th\u1ef1c du l\u1ecbch, eTA ho\u1eb7c gi\u1ea5y t\u1edd th\u00f4ng h\u00e0nh h\u1ee3p l\u1ec7 kh\u00e1c v\u00e0 hi\u1ec7n mu\u1ed1n gia h\u1ea1n th\u1eddi gian l\u01b0u tr\u00fa \u0111\u00e3 \u0111\u01b0\u1ee3c c\u1ea5p ph\u00e9p.<\/li>\n\n\n\n<li>Hi\u1ec7n \u0111ang \u1edf Canada v\u1edbi t\u01b0 c\u00e1ch l\u00e0 du kh\u00e1ch, c\u00f4ng nh\u00e2n ho\u1eb7c sinh vi\u00ean m\u00e0 kh\u00f4ng c\u00f3 gi\u1ea5y ph\u00e9p v\u00e0 mu\u1ed1n gia h\u1ea1n t\u00ecnh tr\u1ea1ng c\u1ee7a m\u00ecnh.<\/li>\n<\/ul>\n\n<hr class=\"wp-block-separator has-alpha-channel-opacity\"\/>\n\n<h3 class=\"wp-block-heading\"><strong>L\u00e0m th\u1ebf n\u00e0o \u0111\u1ec3 n\u1ed9p \u0111\u01a1n xin h\u1ed3 s\u01a1 th\u0103m vi\u1ebfng<\/strong><\/h3>\n\n<p>Quy tr\u00ecnh xin c\u1ea5p h\u1ed3 s\u01a1 du kh\u00e1ch bao g\u1ed3m c\u00e1c b\u01b0\u1edbc sau:<\/p>\n\n<ol class=\"wp-block-list\">\n<li><strong>Chu\u1ea9n b\u1ecb t\u00e0i li\u1ec7u c\u1ee7a b\u1ea1n<\/strong> :\n<ul class=\"wp-block-list\">\n<li>H\u1ed9 chi\u1ebfu ho\u1eb7c gi\u1ea5y t\u1edd du l\u1ecbch h\u1ee3p l\u1ec7 (\u0111\u1ea3m b\u1ea3o c\u00f3 hi\u1ec7u l\u1ef1c trong to\u00e0n b\u1ed9 th\u1eddi gian l\u01b0u tr\u00fa k\u00e9o d\u00e0i c\u1ee7a b\u1ea1n).<\/li>\n\n\n\n<li>B\u1eb1ng ch\u1ee9ng ch\u1ee9ng minh c\u00f3 \u0111\u1ee7 ti\u1ec1n \u0111\u1ec3 trang tr\u1ea3i chi ph\u00ed trong su\u1ed1t th\u1eddi gian l\u01b0u tr\u00fa k\u00e9o d\u00e0i.<\/li>\n\n\n\n<li>Gi\u1ea3i th\u00edch r\u00f5 r\u00e0ng l\u00fd do b\u1ea1n mu\u1ed1n gia h\u1ea1n th\u1eddi gian l\u01b0u tr\u00fa t\u1ea1i Canada.<\/li>\n<\/ul>\n<\/li>\n\n\n\n<li><strong>N\u1ed9p \u0111\u01a1n tr\u1ef1c tuy\u1ebfn<\/strong> :\n<ul class=\"wp-block-list\">\n<li>Ho\u00e0n th\u00e0nh m\u1eabu \u0111\u01a1n \u0111\u0103ng k\u00fd th\u00f4ng qua <a>c\u1ed5ng th\u00f4ng tin IRCC<\/a> .<\/li>\n\n\n\n<li>N\u1ed9p l\u1ec7 ph\u00ed n\u1ed9p \u0111\u01a1n, b\u1eaft \u0111\u1ea7u t\u1eeb <strong>$100<\/strong> .<\/li>\n<\/ul>\n<\/li>\n\n\n\n<li><strong>N\u1ed9p \u0111\u01a1n s\u1edbm<\/strong> :\n<ul class=\"wp-block-list\">\n<li>Th\u1eddi gian x\u1eed l\u00fd kho\u1ea3ng <strong>126 ng\u00e0y<\/strong> , v\u00ec v\u1eady, \u0111i\u1ec1u quan tr\u1ecdng l\u00e0 ph\u1ea3i n\u1ed9p \u0111\u01a1n tr\u01b0\u1edbc khi t\u00ecnh tr\u1ea1ng hi\u1ec7n t\u1ea1i c\u1ee7a b\u1ea1n h\u1ebft h\u1ea1n.<\/li>\n\n\n\n<li>N\u1ebfu t\u00ecnh tr\u1ea1ng c\u1ee7a b\u1ea1n h\u1ebft h\u1ea1n trong khi \u0111\u01a1n xin c\u1ee7a b\u1ea1n \u0111ang \u0111\u01b0\u1ee3c x\u1eed l\u00fd, b\u1ea1n s\u1ebd c\u00f3 <strong>t\u00ecnh tr\u1ea1ng ng\u1ee5 \u00fd<\/strong> v\u00e0 c\u00f3 th\u1ec3 h\u1ee3p ph\u00e1p \u1edf l\u1ea1i Canada cho \u0111\u1ebfn khi c\u00f3 quy\u1ebft \u0111\u1ecbnh.<\/li>\n<\/ul>\n<\/li>\n<\/ol>\n\n<hr class=\"wp-block-separator has-alpha-channel-opacity\"\/>\n\n<h3 class=\"wp-block-heading\"><strong>Sau khi b\u1ea1n n\u1ed9p \u0111\u01a1n<\/strong><\/h3>\n\n<ul class=\"wp-block-list\">\n<li><strong>Ph\u00ea duy\u1ec7t<\/strong> : N\u1ebfu \u0111\u01a1n \u0111\u0103ng k\u00fd c\u1ee7a b\u1ea1n \u0111\u01b0\u1ee3c ch\u1ea5p thu\u1eadn, b\u1ea1n s\u1ebd nh\u1eadn \u0111\u01b0\u1ee3c h\u1ed3 s\u01a1 kh\u00e1ch truy c\u1eadp ghi r\u00f5 ng\u00e0y h\u1ebft h\u1ea1n m\u1edbi.<\/li>\n\n\n\n<li><strong>T\u1eeb ch\u1ed1i<\/strong> : N\u1ebfu \u0111\u01a1n c\u1ee7a b\u1ea1n b\u1ecb t\u1eeb ch\u1ed1i, b\u1ea1n ph\u1ea3i r\u1eddi kh\u1ecfi Canada ngay l\u1eadp t\u1ee9c.<\/li>\n\n\n\n<li><strong>T\u00ecnh tr\u1ea1ng ng\u1ee5 \u00fd<\/strong> : Trong khi ch\u1edd quy\u1ebft \u0111\u1ecbnh, b\u1ea1n c\u00f3 th\u1ec3 \u1edf l\u1ea1i Canada m\u1ed9t c\u00e1ch h\u1ee3p ph\u00e1p n\u1ebfu b\u1ea1n \u0111\u00e3 n\u1ed9p \u0111\u01a1n tr\u01b0\u1edbc khi t\u00ecnh tr\u1ea1ng c\u1ee7a b\u1ea1n h\u1ebft h\u1ea1n.<\/li>\n<\/ul>\n\n<hr class=\"wp-block-separator has-alpha-channel-opacity\"\/>\n\n<h3 class=\"wp-block-heading\"><strong>Du l\u1ecbch ngo\u00e0i Canada<\/strong><\/h3>\n\n<p>H\u1ed3 s\u01a1 du kh\u00e1ch <strong>kh\u00f4ng \u0111\u1ea3m b\u1ea3o vi\u1ec7c t\u00e1i nh\u1eadp c\u1ea3nh v\u00e0o Canada<\/strong> . N\u1ebfu b\u1ea1n r\u1eddi kh\u1ecfi Canada trong th\u1eddi gian l\u01b0u tr\u00fa k\u00e9o d\u00e0i v\u00e0 c\u00f3 k\u1ebf ho\u1ea1ch quay l\u1ea1i, b\u1ea1n s\u1ebd c\u1ea7n: <\/p>\n\n<ul class=\"wp-block-list\">\n<li><strong>Th\u1ecb th\u1ef1c du l\u1ecbch<\/strong> h\u1ee3p l\u1ec7 ho\u1eb7c <strong>eTA<\/strong> \u0111\u1ec3 nh\u1eadp c\u1ea3nh l\u1ea1i Canada v\u00e0<\/li>\n\n\n\n<li>H\u1ed3 s\u01a1 th\u0103m vi\u1ebfng c\u1ee7a b\u1ea1n \u0111\u1ec3 ch\u1ee9ng minh vi\u1ec7c gia h\u1ea1n th\u1eddi gian l\u01b0u tr\u00fa \u0111\u01b0\u1ee3c \u1ee7y quy\u1ec1n c\u1ee7a b\u1ea1n.<\/li>\n<\/ul>\n\n<hr class=\"wp-block-separator has-alpha-channel-opacity\"\/>\n\n<h3 class=\"wp-block-heading\"><strong>Ph\u00ed ch\u00ednh v\u00e0 th\u1eddi gian x\u1eed l\u00fd<\/strong><\/h3>\n\n<ul class=\"wp-block-list\">\n<li><strong>L\u1ec7 ph\u00ed<\/strong> : B\u1eaft \u0111\u1ea7u t\u1eeb <strong>100 \u0111\u00f4 la<\/strong> cho m\u1ed9t \u0111\u01a1n xin c\u1ea5p h\u1ed3 s\u01a1 du kh\u00e1ch.<\/li>\n\n\n\n<li><strong>Th\u1eddi gian x\u1eed l\u00fd<\/strong> : Kho\u1ea3ng <strong>126 ng\u00e0y<\/strong> (c\u00f3 th\u1ec3 thay \u0111\u1ed5i).<\/li>\n<\/ul>\n\n<hr class=\"wp-block-separator has-alpha-channel-opacity\"\/>\n\n<h3 class=\"wp-block-heading\"><strong>L\u01b0u \u00fd quan tr\u1ecdng<\/strong><\/h3>\n\n<ul class=\"wp-block-list\">\n<li>\u0110\u1ea3m b\u1ea3o h\u1ed9 chi\u1ebfu c\u1ee7a b\u1ea1n v\u1eabn c\u00f2n hi\u1ec7u l\u1ef1c trong to\u00e0n b\u1ed9 th\u1eddi gian b\u1ea1n l\u01b0u tr\u00fa.<\/li>\n\n\n\n<li>H\u1ed3 s\u01a1 du kh\u00e1ch kh\u00f4ng cho ph\u00e9p b\u1ea1n l\u00e0m vi\u1ec7c ho\u1eb7c h\u1ecdc t\u1eadp t\u1ea1i Canada. B\u1ea1n s\u1ebd c\u1ea7n gi\u1ea5y ph\u00e9p l\u00e0m vi\u1ec7c ho\u1eb7c h\u1ecdc t\u1eadp cho c\u00e1c ho\u1ea1t \u0111\u1ed9ng \u0111\u00f3. <\/li>\n\n\n\n<li>Vi\u1ec7c v\u01b0\u1ee3t qu\u00e1 th\u1eddi gian l\u01b0u tr\u00fa \u0111\u01b0\u1ee3c ph\u00e9p m\u00e0 kh\u00f4ng xin gia h\u1ea1n c\u00f3 th\u1ec3 d\u1eabn \u0111\u1ebfn c\u00e1c h\u00ecnh ph\u1ea1t ph\u00e1p l\u00fd v\u00e0 \u1ea3nh h\u01b0\u1edfng \u0111\u1ebfn c\u00e1c chuy\u1ebfn \u0111i \u0111\u1ebfn Canada trong t\u01b0\u01a1ng lai.<\/li>\n<\/ul>\n\n<p>Vi\u1ec7c l\u1eadp k\u1ebf ho\u1ea1ch k\u00e9o d\u00e0i th\u1eddi gian l\u01b0u tr\u00fa t\u1ea1i Canada \u0111\u00f2i h\u1ecfi ph\u1ea3i c\u00f3 s\u1ef1 chu\u1ea9n b\u1ecb v\u00e0 n\u1ed9p \u0111\u01a1n \u0111\u00fang h\u1ea1n. B\u1eb1ng c\u00e1ch tu\u00e2n th\u1ee7 quy tr\u00ecnh, b\u1ea1n c\u00f3 th\u1ec3 t\u1eadn h\u01b0\u1edfng th\u1eddi gian l\u01b0u tr\u00fa d\u00e0i h\u01a1n trong khi v\u1eabn tu\u00e2n th\u1ee7 lu\u1eadt di tr\u00fa c\u1ee7a Canada. <\/p>\n","protected":false},"excerpt":{"rendered":"<p>Gia h\u1ea1n th\u1eddi gian l\u01b0u tr\u00fa t\u1ea1i Canada: H\u1ed3 s\u01a1 du kh\u00e1ch N\u1ebfu b\u1ea1n mu\u1ed1n \u1edf l\u1ea1i Canada l\u00e2u h\u01a1n [&hellip;]<\/p>\n","protected":false},"author":1,"featured_media":0,"parent":0,"menu_order":0,"comment_status":"closed","ping_status":"closed","template":"","meta":{"_uag_custom_page_level_css":"","site-sidebar-layout":"default","site-content-layout":"","ast-site-content-layout":"","site-content-style":"default","site-sidebar-style":"default","ast-global-header-display":"","ast-banner-title-visibility":"","ast-main-header-display":"","ast-hfb-above-header-display":"","ast-hfb-below-header-display":"","ast-hfb-mobile-header-display":"","site-post-title":"","ast-breadcrumbs-content":"","ast-featured-img":"","footer-sml-layout":"","theme-transparent-header-meta":"","adv-header-id-meta":"","stick-header-meta":"","header-above-stick-meta":"","header-main-stick-meta":"","header-below-stick-meta":"","astra-migrate-meta-layouts":"default","ast-page-background-enabled":"default","ast-page-background-meta":{"desktop":{"background-color":"var(--ast-global-color-4)","background-image":"","background-repeat":"repeat","background-position":"center center","background-size":"auto","background-attachment":"scroll","background-type":"","background-media":"","overlay-type":"","overlay-color":"","overlay-opacity":"","overlay-gradient":""},"tablet":{"background-color":"","background-image":"","background-repeat":"repeat","background-position":"center center","background-size":"auto","background-attachment":"scroll","background-type":"","background-media":"","overlay-type":"","overlay-color":"","overlay-opacity":"","overlay-gradient":""},"mobile":{"background-color":"","background-image":"","background-repeat":"repeat","background-position":"center center","background-size":"auto","background-attachment":"scroll","background-type":"","background-media":"","overlay-type":"","overlay-color":"","overlay-opacity":"","overlay-gradient":""}},"ast-content-background-meta":{"desktop":{"background-color":"var(--ast-global-color-5)","background-image":"","background-repeat":"repeat","background-position":"center center","background-size":"auto","background-attachment":"scroll","background-type":"","background-media":"","overlay-type":"","overlay-color":"","overlay-opacity":"","overlay-gradient":""},"tablet":{"background-color":"var(--ast-global-color-5)","background-image":"","background-repeat":"repeat","background-position":"center center","background-size":"auto","background-attachment":"scroll","background-type":"","background-media":"","overlay-type":"","overlay-color":"","overlay-opacity":"","overlay-gradient":""},"mobile":{"background-color":"var(--ast-global-color-5)","background-image":"","background-repeat":"repeat","background-position":"center center","background-size":"auto","background-attachment":"scroll","background-type":"","background-media":"","overlay-type":"","overlay-color":"","overlay-opacity":"","overlay-gradient":""}},"footnotes":""},"categories":[],"tags":[],"class_list":["post-1289","page","type-page","status-publish","hentry"],"uagb_featured_image_src":{"full":false,"thumbnail":false,"medium":false,"medium_large":false,"large":false,"1536x1536":false,"2048x2048":false},"uagb_author_info":{"display_name":"admin","author_link":"https:\/\/www.etafast.org\/vi\/author\/admin\/"},"uagb_comment_info":0,"uagb_excerpt":"Gia h\u1ea1n th\u1eddi gian l\u01b0u tr\u00fa t\u1ea1i Canada: H\u1ed3 s\u01a1 du kh\u00e1ch N\u1ebfu b\u1ea1n mu\u1ed1n \u1edf l\u1ea1i Canada l\u00e2u h\u01a1n [&hellip;]","_links":{"self":[{"href":"https:\/\/www.etafast.org\/vi\/wp-json\/wp\/v2\/pages\/1289","targetHints":{"allow":["GET"]}}],"collection":[{"href":"https:\/\/www.etafast.org\/vi\/wp-json\/wp\/v2\/pages"}],"about":[{"href":"https:\/\/www.etafast.org\/vi\/wp-json\/wp\/v2\/types\/page"}],"author":[{"embeddable":true,"href":"https:\/\/www.etafast.org\/vi\/wp-json\/wp\/v2\/users\/1"}],"replies":[{"embeddable":true,"href":"https:\/\/www.etafast.org\/vi\/wp-json\/wp\/v2\/comments?post=1289"}],"version-history":[{"count":1,"href":"https:\/\/www.etafast.org\/vi\/wp-json\/wp\/v2\/pages\/1289\/revisions"}],"predecessor-version":[{"id":1290,"href":"https:\/\/www.etafast.org\/vi\/wp-json\/wp\/v2\/pages\/1289\/revisions\/1290"}],"wp:attachment":[{"href":"https:\/\/www.etafast.org\/vi\/wp-json\/wp\/v2\/media?parent=1289"}],"wp:term":[{"taxonomy":"category","embeddable":true,"href":"https:\/\/www.etafast.org\/vi\/wp-json\/wp\/v2\/categories?post=1289"},{"taxonomy":"post_tag","embeddable":true,"href":"https:\/\/www.etafast.org\/vi\/wp-json\/wp\/v2\/tags?post=1289"}],"curies":[{"name":"wp","href":"https:\/\/api.w.org\/{rel}","templated":true}]}}