{"id":903,"date":"2024-12-11T08:30:38","date_gmt":"2024-12-11T07:30:38","guid":{"rendered":"https:\/\/www.etafast.org\/kanada-uzerinden-transit\/"},"modified":"2024-12-11T09:06:51","modified_gmt":"2024-12-11T08:06:51","slug":"kanada-uzerinden-transit","status":"publish","type":"page","link":"https:\/\/www.etafast.org\/tr\/kanada-uzerinden-transit\/","title":{"rendered":"Kanada \u00dczerinden Transit"},"content":{"rendered":"\n<p>Ba\u015fka bir \u00fclkeye seyahat ediyorsan\u0131z ve Kanada&#8217;dan transit ge\u00e7i\u015f yapman\u0131z gerekiyorsa, belge gereksinimleri seyahat \u015fekliniz, kal\u0131\u015f s\u00fcreniz, uyru\u011funuz ve g\u00f6\u00e7menlik durumunuz dahil olmak \u00fczere \u00e7e\u015fitli fakt\u00f6rlere ba\u011fl\u0131 olacakt\u0131r. A\u015fa\u011f\u0131da, Kanada&#8217;dan sorunsuz bir ge\u00e7i\u015f i\u00e7in nelere ihtiyac\u0131n\u0131z oldu\u011funu belirlemenize yard\u0131mc\u0131 olacak kapsaml\u0131 bir k\u0131lavuz bulunmaktad\u0131r. <\/p>\n\n<hr class=\"wp-block-separator has-alpha-channel-opacity\"\/>\n\n<h3 class=\"wp-block-heading\"><strong>Transit Gereksinimlerinizi Belirleyen Fakt\u00f6rler<\/strong><\/h3>\n\n<ol class=\"wp-block-list\">\n<li><strong>Seyahat \u015fekli<\/strong>:\n<ul class=\"wp-block-list\">\n<li>Hava yoluyla (Kanada havalimanlar\u0131ndan aktarmal\u0131 uluslararas\u0131 u\u00e7u\u015flar).<\/li>\n\n\n\n<li>Araba, otob\u00fcs, tren veya tekne ile (yolcu gemileri dahil).<\/li>\n<\/ul>\n<\/li>\n\n\n\n<li><strong>Transit S\u00fcresi<\/strong>:\n<ul class=\"wp-block-list\">\n<li>48 saatten az.<\/li>\n\n\n\n<li>48 saatten fazla.<\/li>\n<\/ul>\n<\/li>\n\n\n\n<li><strong>Uyruk ve G\u00f6\u00e7menlik Durumu<\/strong>:\n<ul class=\"wp-block-list\">\n<li>Pasaport \u00fclkeniz.<\/li>\n\n\n\n<li>\u0130ster ABD vatanda\u015f\u0131 olun, ister ABD&#8217;de yasal olarak daimi ikamet edin veya ge\u00e7erli bir ABD vizesine sahip olun.<\/li>\n<\/ul>\n<\/li>\n<\/ol>\n\n<hr class=\"wp-block-separator has-alpha-channel-opacity\"\/>\n\n<h3 class=\"wp-block-heading\"><strong>Kanada \u00dczerinden Transit Ge\u00e7i\u015f i\u00e7in Belge Se\u00e7enekleri<\/strong><\/h3>\n\n<h4 class=\"wp-block-heading\"><strong>1. Ziyaret\u00e7i Vizesi<\/strong><\/h4>\n\n<p>A\u015fa\u011f\u0131daki durumlarda <strong>ziyaret\u00e7i vizesine<\/strong> ihtiyac\u0131n\u0131z vard\u0131r:<\/p>\n\n<ul class=\"wp-block-list\">\n<li><strong>Vize gerektiren<\/strong> bir <strong>\u00fclkedensiniz<\/strong> ve <strong>vize<\/strong> almay\u0131 planl\u0131yorsunuz:\n<ul class=\"wp-block-list\">\n<li>Kanada&#8217;y\u0131 48 saatten az bir s\u00fcre i\u00e7in bile olsa ziyaret edin.<\/li>\n\n\n\n<li>Transit ge\u00e7i\u015f s\u0131ras\u0131nda Kanada&#8217;da <strong>48 saatten fazla<\/strong> kal\u0131n.<\/li>\n<\/ul>\n<\/li>\n\n\n\n<li>Vize gerektiren bir \u00fclkeden <strong>otob\u00fcs, araba, tren, tekne veya yolcu gemisi<\/strong> ile seyahat ediyorsunuz.<\/li>\n<\/ul>\n\n<p><\/p>\n\n<hr class=\"wp-block-separator has-alpha-channel-opacity\"\/>\n\n<h4 class=\"wp-block-heading\"><strong>2. Transit Vize<\/strong><\/h4>\n\n<p>A\u015fa\u011f\u0131daki durumlarda <strong>transit vizeye<\/strong> ihtiyac\u0131n\u0131z vard\u0131r:<\/p>\n\n<ul class=\"wp-block-list\">\n<li><strong>Vize gerektiren<\/strong> bir <strong>\u00fclkedenseniz<\/strong> ve\n<ul class=\"wp-block-list\">\n<li>Uluslararas\u0131 u\u00e7u\u015funuz ba\u015fka bir var\u0131\u015f noktas\u0131na giderken Kanada&#8217;daki bir havaliman\u0131nda durur.<\/li>\n\n\n\n<li>Bir veya daha fazla Kanada havaalan\u0131nda iki uluslararas\u0131 u\u00e7u\u015f aras\u0131nda aktarma yap\u0131yorsunuz.<\/li>\n\n\n\n<li>Transitiniz <strong>48 saat veya daha k\u0131sa<\/strong> s\u00fcrer.<\/li>\n\n\n\n<li>Ge\u00e7erli bir ziyaret\u00e7i vizeniz yok.<\/li>\n\n\n\n<li>Bir eTA i\u00e7in uygun de\u011filsiniz.<\/li>\n<\/ul>\n<\/li>\n<\/ul>\n\n<p><\/p>\n\n<hr class=\"wp-block-separator has-alpha-channel-opacity\"\/>\n\n<h4 class=\"wp-block-heading\"><strong>3. Elektronik Seyahat \u0130zni (eTA)<\/strong><\/h4>\n\n<p>A\u015fa\u011f\u0131daki durumlarda bir <strong>eTA<\/strong> &#8216;ya ihtiyac\u0131n\u0131z vard\u0131r:<\/p>\n\n<ul class=\"wp-block-list\">\n<li><strong>ETA gerektiren<\/strong> bir <strong>\u00fclkedenseniz<\/strong> ve\n<ul class=\"wp-block-list\">\n<li>Kanada&#8217;dan hava yoluyla ge\u00e7i\u015f.<\/li>\n\n\n\n<li>Aktarman\u0131z uluslararas\u0131 ba\u011flant\u0131l\u0131 bir u\u00e7u\u015fun par\u00e7as\u0131d\u0131r.<\/li>\n<\/ul>\n<\/li>\n<\/ul>\n\n<p><strong>\u0130stisnalar<\/strong>:<\/p>\n\n<ul class=\"wp-block-list\">\n<li>Tren, otob\u00fcs, tekne veya yolcu gemisi ile transit ge\u00e7i\u015f yap\u0131yorsan\u0131z eTA&#8217;ya ihtiyac\u0131n\u0131z yoktur, ancak ge\u00e7erli seyahat belgeleriniz olmal\u0131d\u0131r.<\/li>\n<\/ul>\n\n<p><\/p>\n\n<hr class=\"wp-block-separator has-alpha-channel-opacity\"\/>\n\n<h4 class=\"wp-block-heading\"><strong>4. Vizesiz Transit Ge\u00e7i\u015f<\/strong><\/h4>\n\n<ul class=\"wp-block-list\">\n<li><strong>ABD Vatanda\u015flar\u0131 ve Yasal Daimi \u0130k<\/strong>amet Edenler:<br>ABD vatanda\u015flar\u0131 ve ABD Ye\u015fil Kart sahipleri Kanada&#8217;dan hava, araba, otob\u00fcs, tren veya tekne ile vizesiz ge\u00e7i\u015f yapabilirler. Yan\u0131n\u0131zda ta\u015f\u0131d\u0131\u011f\u0131n\u0131zdan emin olun: \n<ul class=\"wp-block-list\">\n<li>Ge\u00e7erli bir pasaport veya seyahat belgesi.<\/li>\n\n\n\n<li>Ge\u00e7erli bir ABD Ye\u015fil Kart\u0131 (yasal daimi ikamet edenler i\u00e7in).<\/li>\n<\/ul>\n<\/li>\n\n\n\n<li><strong>Belirli \u00dclkelerden Pasaport Sahipleri<\/strong>:<br\/><strong>\u00c7in, Endonezya, Filipinler, Tayland<\/strong> veya <strong>Tayvan<\/strong> vatanda\u015flar\u0131 (ki\u015fisel kimlik numaras\u0131 olmayan) belirli ko\u015fullar\u0131 yerine getirmeleri halinde vizesiz transit ge\u00e7i\u015f yapabilirler.<\/li>\n<\/ul>\n\n<p><\/p>\n\n<hr class=\"wp-block-separator has-alpha-channel-opacity\"\/>\n\n<h3 class=\"wp-block-heading\"><strong>Yan\u0131n\u0131zda Ta\u015f\u0131man\u0131z Gereken Belgeler<\/strong><\/h3>\n\n<p>Kanada&#8217;dan transit ge\u00e7i\u015f yaparken a\u015fa\u011f\u0131daki belgeleri her zaman haz\u0131r bulundurun:<\/p>\n\n<ul class=\"wp-block-list\">\n<li>T\u00fcm seyahatiniz i\u00e7in ge\u00e7erli bir pasaport veya seyahat belgesi.<\/li>\n\n\n\n<li>Ge\u00e7erli bir vize, transit vize veya eTA (varsa).<\/li>\n\n\n\n<li>ABD&#8217;de daimi ikamet edenler i\u00e7in: Ge\u00e7erli bir Ye\u015fil Kart veya e\u015fde\u011fer bir stat\u00fc belgesi.<\/li>\n\n\n\n<li>U\u00e7ak bileti veya seyahat program\u0131 gibi seyahat belgesi.<\/li>\n<\/ul>\n\n<hr class=\"wp-block-separator has-alpha-channel-opacity\"\/>\n\n<h3 class=\"wp-block-heading\"><strong>Anahtar Notlar<\/strong><\/h3>\n\n<ul class=\"wp-block-list\">\n<li><strong>Transit Ge\u00e7i\u015f S\u00fcresi<\/strong>: Transit ge\u00e7i\u015finizin 48 saati a\u015fmas\u0131 halinde ziyaret\u00e7i vizesi alman\u0131z gerekecektir.<\/li>\n\n\n\n<li><strong>Giri\u015f \u015eekli<\/strong>: eTA hava yolculu\u011fu i\u00e7in gereklidir ancak kara veya deniz yolculu\u011fu i\u00e7in gerekli de\u011fildir.<\/li>\n\n\n\n<li><strong>\u00d6nceden Ba\u015fvuru<\/strong>: Gecikmeleri \u00f6nlemek i\u00e7in seyahat tarihinizden \u00e7ok \u00f6nce gerekli belge i\u00e7in ba\u015fvurun.<\/li>\n<\/ul>\n\n<p>Do\u011fru belgelere sahip oldu\u011funuzdan emin olarak Kanada&#8217;dan sorunsuz bir \u015fekilde ge\u00e7ebilir ve nihai var\u0131\u015f noktan\u0131za ula\u015fmaya odaklanabilirsiniz.<\/p>\n","protected":false},"excerpt":{"rendered":"<p>Ba\u015fka bir \u00fclkeye seyahat ediyorsan\u0131z ve Kanada&#8217;dan transit ge\u00e7i\u015f yapman\u0131z gerekiyorsa, belge gereksinimleri seyahat \u015fekliniz, kal\u0131\u015f s\u00fcreniz, uyru\u011funuz ve g\u00f6\u00e7menlik [&hellip;]<\/p>\n","protected":false},"author":1,"featured_media":0,"parent":0,"menu_order":0,"comment_status":"closed","ping_status":"closed","template":"","meta":{"_uag_custom_page_level_css":"","site-sidebar-layout":"default","site-content-layout":"","ast-site-content-layout":"","site-content-style":"default","site-sidebar-style":"default","ast-global-header-display":"","ast-banner-title-visibility":"","ast-main-header-display":"","ast-hfb-above-header-display":"","ast-hfb-below-header-display":"","ast-hfb-mobile-header-display":"","site-post-title":"","ast-breadcrumbs-content":"","ast-featured-img":"","footer-sml-layout":"","theme-transparent-header-meta":"","adv-header-id-meta":"","stick-header-meta":"","header-above-stick-meta":"","header-main-stick-meta":"","header-below-stick-meta":"","astra-migrate-meta-layouts":"default","ast-page-background-enabled":"default","ast-page-background-meta":{"desktop":{"background-color":"var(--ast-global-color-4)","background-image":"","background-repeat":"repeat","background-position":"center center","background-size":"auto","background-attachment":"scroll","background-type":"","background-media":"","overlay-type":"","overlay-color":"","overlay-opacity":"","overlay-gradient":""},"tablet":{"background-color":"","background-image":"","background-repeat":"repeat","background-position":"center center","background-size":"auto","background-attachment":"scroll","background-type":"","background-media":"","overlay-type":"","overlay-color":"","overlay-opacity":"","overlay-gradient":""},"mobile":{"background-color":"","background-image":"","background-repeat":"repeat","background-position":"center center","background-size":"auto","background-attachment":"scroll","background-type":"","background-media":"","overlay-type":"","overlay-color":"","overlay-opacity":"","overlay-gradient":""}},"ast-content-background-meta":{"desktop":{"background-color":"var(--ast-global-color-5)","background-image":"","background-repeat":"repeat","background-position":"center center","background-size":"auto","background-attachment":"scroll","background-type":"","background-media":"","overlay-type":"","overlay-color":"","overlay-opacity":"","overlay-gradient":""},"tablet":{"background-color":"var(--ast-global-color-5)","background-image":"","background-repeat":"repeat","background-position":"center center","background-size":"auto","background-attachment":"scroll","background-type":"","background-media":"","overlay-type":"","overlay-color":"","overlay-opacity":"","overlay-gradient":""},"mobile":{"background-color":"var(--ast-global-color-5)","background-image":"","background-repeat":"repeat","background-position":"center center","background-size":"auto","background-attachment":"scroll","background-type":"","background-media":"","overlay-type":"","overlay-color":"","overlay-opacity":"","overlay-gradient":""}},"footnotes":""},"categories":[],"tags":[],"class_list":["post-903","page","type-page","status-publish","hentry"],"uagb_featured_image_src":{"full":false,"thumbnail":false,"medium":false,"medium_large":false,"large":false,"1536x1536":false,"2048x2048":false},"uagb_author_info":{"display_name":"admin","author_link":"https:\/\/www.etafast.org\/tr\/author\/admin\/"},"uagb_comment_info":0,"uagb_excerpt":"Ba\u015fka bir \u00fclkeye seyahat ediyorsan\u0131z ve Kanada&#8217;dan transit ge\u00e7i\u015f yapman\u0131z gerekiyorsa, belge gereksinimleri seyahat \u015fekliniz, kal\u0131\u015f s\u00fcreniz, uyru\u011funuz ve g\u00f6\u00e7menlik [&hellip;]","_links":{"self":[{"href":"https:\/\/www.etafast.org\/tr\/wp-json\/wp\/v2\/pages\/903","targetHints":{"allow":["GET"]}}],"collection":[{"href":"https:\/\/www.etafast.org\/tr\/wp-json\/wp\/v2\/pages"}],"about":[{"href":"https:\/\/www.etafast.org\/tr\/wp-json\/wp\/v2\/types\/page"}],"author":[{"embeddable":true,"href":"https:\/\/www.etafast.org\/tr\/wp-json\/wp\/v2\/users\/1"}],"replies":[{"embeddable":true,"href":"https:\/\/www.etafast.org\/tr\/wp-json\/wp\/v2\/comments?post=903"}],"version-history":[{"count":1,"href":"https:\/\/www.etafast.org\/tr\/wp-json\/wp\/v2\/pages\/903\/revisions"}],"predecessor-version":[{"id":904,"href":"https:\/\/www.etafast.org\/tr\/wp-json\/wp\/v2\/pages\/903\/revisions\/904"}],"wp:attachment":[{"href":"https:\/\/www.etafast.org\/tr\/wp-json\/wp\/v2\/media?parent=903"}],"wp:term":[{"taxonomy":"category","embeddable":true,"href":"https:\/\/www.etafast.org\/tr\/wp-json\/wp\/v2\/categories?post=903"},{"taxonomy":"post_tag","embeddable":true,"href":"https:\/\/www.etafast.org\/tr\/wp-json\/wp\/v2\/tags?post=903"}],"curies":[{"name":"wp","href":"https:\/\/api.w.org\/{rel}","templated":true}]}}