{"id":423,"date":"2024-12-02T16:08:30","date_gmt":"2024-12-02T15:08:30","guid":{"rendered":"https:\/\/www.etafast.org\/iletisim\/"},"modified":"2024-12-11T09:03:07","modified_gmt":"2024-12-11T08:03:07","slug":"iletisim","status":"publish","type":"page","link":"https:\/\/www.etafast.org\/tr\/iletisim\/","title":{"rendered":"\u0130leti\u015fim"},"content":{"rendered":"<style>\n.accordion-content {\n    display: none;\n    padding: 10px;\n    border: 1px solid #ccc;\n    border-top: none;\n}\n\n.accordion-header {\n    cursor: pointer;\n    padding: 10px;\n    border: 1px solid #ccc;\n    margin: 0;\nbackground-color:#fafafa;\nmargin-bottom:10px;\nborder-radius:3px;\npadding-right:50px;\nposition: relative;\nfont-size:110%;\n}\n.accordion-header .qs {\n\n}\n.arrow {\n    position: absolute;\n    right: 10px;\n    top: 10px;\n}\n\n.arrow-up {\n    transform: rotate(180deg);\n}\n<\/style>\n\n\n<script>\njQuery(document).ready(function(){\n    jQuery(\".accordion-header\").click(function() {\n        \/\/ Toggle the arrow direction of the clicked header\n        jQuery(this).children(\".arrow\").toggleClass(\"arrow-up\", !jQuery(this).next().is(\":visible\"));\n        \n        \/\/ Close previously opened content and reset their arrows\n        jQuery(\".accordion-content\").not(jQuery(this).next()).slideUp().prev().children(\".arrow\").removeClass(\"arrow-up\");\n        jQuery(\".accordion-content\").not(jQuery(this).next()).prev().find(\".arrow\").html(\"&#9660;\"); \/\/ Reset other arrows to down\n        \n        jQuery(this).next().slideToggle();\n        if(jQuery(this).next().is(\":visible\")) {\n            jQuery(this).find(\".arrow\").html(\"&#9660;\"); \/\/ Change to up arrow\n        } else {\n            jQuery(this).find(\".arrow\").html(\"&#9650;\"); \/\/ Change back to down arrow\n        }\n    });\n});\n<\/script>\n\n\n<div class=\"accordion\"><h4 class=\"accordion-header\"><span class=\"qs\">\u00d6deme iade edilebilir mi<\/span><span class=\"arrow\">&#9660;<\/span><\/h4>\n            <div class=\"accordion-content\">\n            <p>Evet. Hizmetiniz size sunulmadan \u00f6nce \u00f6deme iade edilebilir. Daha fazla bilgi i\u00e7in l\u00fctfen \u015fartlar ve ko\u015fullar\u0131 kontrol edin<\/p>\n            <\/div><\/div><script type=\"application\/ld+json\">\n    {\n      \"@context\": \"https:\/\/schema.org\",\n      \"@type\": \"FAQPage\",\n      \"mainEntity\": [{\n        \"@type\": \"Question\",\n        \"name\": \"\u00d6deme iade edilebilir mi\",\n        \"acceptedAnswer\": {\n          \"@type\": \"Answer\",\n          \"text\": \"Evet. Hizmetiniz size sunulmadan \u00f6nce \u00f6deme iade edilebilir. Daha fazla bilgi i\u00e7in l\u00fctfen \u015fartlar ve ko\u015fullar\u0131 kontrol edin\"\n        }\n      }\n      ]\n    }\n    <\/script>\n\n\n<h2>M\u00fc\u015fteri deste\u011fi<\/h2><style>\n.accordion-content2 {\n    display: none;\n    padding: 10px;\n    border: 1px solid #ccc;\n    border-top: none;\n}\n            \n.accordion-header2 {\n    cursor: pointer;\n    padding: 10px;\n    border: 1px solid #ccc;\n    margin: 0;\nbackground-color:#fafafa;\nmargin-bottom:10px;\nborder-radius:3px;\npadding-right:50px;\nposition: relative;\nfont-size:110%;\n}\n.accordion-header2 .qs {\n            \n}\n.arrow2 {\n    position: absolute;\n    right: 10px;\n    top: 10px;\n}\n            \n.arrow-up2 {\n    transform: rotate(180deg);\n}\n<\/style>\n            \n            \n<script>\njQuery(document).ready(function(){\n    jQuery(\".accordion-header2\").click(function() {\n        \/\/ Toggle the arrow direction of the clicked header\n        jQuery(this).children(\".arrow2\").toggleClass(\"arrow-up2\", !jQuery(this).next().is(\":visible\"));\n            \n        \/\/ Close previously opened content and reset their arrows\n        jQuery(\".accordion-content2\").not(jQuery(this).next()).slideUp().prev().children(\".arrow2\").removeClass(\"arrow-up2\");\n        jQuery(\".accordion-content2\").not(jQuery(this).next()).prev().find(\".arrow2\").html(\"&#9660;\"); \/\/ Reset other arrows to down\n            \n        jQuery(this).next().slideToggle();\n        if(jQuery(this).next().is(\":visible\")) {\n            jQuery(this).find(\".arrow2\").html(\"&#9660;\"); \/\/ Change to up arrow\n        } else {\n            jQuery(this).find(\".arrow2\").html(\"&#9650;\"); \/\/ Change back to down arrow\n        }\n    });\n});\n<\/script>\n            \n            \n<div class=\"accordion2\"><h4 class=\"accordion-header2\"><span class=\"qs2\">Herhangi bir sipari\u015f onay\u0131 almad\u0131m<\/span><span class=\"arrow2\">&#9660;<\/span><\/h4>\n            <div class=\"accordion-content2\">\n            <p>Hizmetin ge\u00e7erlilik s\u00fcresinin ba\u015flamas\u0131ndan yakla\u015f\u0131k 12 saat \u00f6nce sizin i\u00e7in kayd\u0131n\u0131 ba\u015flat\u0131yoruz. Ayn\u0131 g\u00fcn ge\u00e7erlilik durumunda, \u00f6demeyi ald\u0131ktan sonra 5 dakika i\u00e7inde.\n Aktivasyon bilgilerinizi hemen almak istiyorsan\u0131z, ilk e-postada size g\u00f6nderdi\u011fimiz adrese hemen kay\u0131t i\u015fleminizi ba\u015flatabilirsiniz. \n\u00d6demenizi onaylayan bir e-posta alamaman\u0131z durumu olabilir (\u00f6rne\u011fin, yanl\u0131\u015f e-posta adresi nedeniyle). Bu durumda l\u00fctfen:<br \/> \n- l\u00fctfen \u00f6nce spam klas\u00f6r\u00fcn\u00fcz\u00fc kontrol edin<br \/> \n- burada hala bizden herhangi bir bilgi bulamazsan\u0131z, yukar\u0131daki formu kullanarak sipari\u015finizi bulmaya \u00e7al\u0131\u015f\u0131n<br \/> \n- buldu\u011funuz sayfada e-posta adresinizi d\u00fczeltebilir ve sipari\u015finizin durumunu takip edebilirsiniz<br \/><br \/> \n \nSipari\u015f y\u00f6netim adresinizi bulam\u0131yorsan\u0131z l\u00fctfen istedi\u011finiz zaman bizimle ileti\u015fime ge\u00e7in<br \/> \n\n<br \/><a href=\"#cform\" onclick=\"document.getElementById('cform').style.display='';\">M\u00fc\u015fteri deste\u011fiyle ileti\u015fime ge\u00e7in<\/a><\/p>\n            <\/div><h4 class=\"accordion-header2\"><span class=\"qs2\">Kay\u0131t bilgilerimi de\u011fi\u015ftirmek istiyorum<\/span><span class=\"arrow2\">&#9660;<\/span><\/h4>\n            <div class=\"accordion-content2\">\n            <p>Hizmetin ge\u00e7erlilik s\u00fcresinin ba\u015flamas\u0131ndan yakla\u015f\u0131k 12 saat \u00f6nce sizin i\u00e7in kayd\u0131n\u0131 ba\u015flat\u0131yoruz. Ayn\u0131 g\u00fcn ge\u00e7erlilik durumunda, \u00f6deme al\u0131nd\u0131ktan sonra 5 dakika i\u00e7inde.\nO zamana kadar sipari\u015f detaylar\u0131 sayfas\u0131ndan veriler de\u011fi\u015ftirilebilir. Bu adresi bizden ald\u0131\u011f\u0131n\u0131z her e-postada bulacaks\u0131n\u0131z.\n\n\u00d6demenizi onaylayan bir e-posta almad\u0131ysan\u0131z (\u00f6rne\u011fin, yanl\u0131\u015f e-posta adresi nedeniyle). Bu durumda l\u00fctfen:<br \/> \n- l\u00fctfen \u00f6nce spam klas\u00f6r\u00fcn\u00fcz\u00fc kontrol edin<br \/> \n- E\u011fer hala bizden herhangi bir bilgi bulamad\u0131ysan\u0131z, yukar\u0131daki formu (Sipari\u015f Durumu Kontrol\u00fc) kullanarak sipari\u015finizi bulmaya \u00e7al\u0131\u015f\u0131n.<br \/> \n- buldu\u011funuz sayfada, bilgilerinizi d\u00fczenleyebilir ve sipari\u015finizin durumunu takip edebilirsiniz<br \/> \n<br \/> Sipari\u015finiz daha \u00f6nceden i\u015fleme al\u0131nm\u0131\u015fsa herhangi bir bilgi de\u011fi\u015fikli\u011fi yapman\u0131z m\u00fcmk\u00fcn de\u011fildir. L\u00fctfen hatal\u0131 veri (\u00f6zellikle ara\u00e7 tescil \u00fclkesi, plaka numaras\u0131, ge\u00e7erlilik tarihi)#\n durumunda vinyet ge\u00e7ersiz say\u0131lacak ve hizmetin yeniden sat\u0131n al\u0131nmas\u0131 gerekecektir.<br \/> \nAnlay\u0131\u015f\u0131n\u0131z i\u00e7in te\u015fekk\u00fcr ederiz.\n\n<\/p>\n            <\/div><h4 class=\"accordion-header2\"><span class=\"qs2\">\u00d6deme hesab\u0131mdan \u00e7\u0131kt\u0131 ancak herhangi bir e-posta almad\u0131m<\/span><span class=\"arrow2\">&#9660;<\/span><\/h4>\n            <div class=\"accordion-content2\">\n            <p>\u015eartlar ve ko\u015fullar\u0131m\u0131zda belirtildi\u011fi gibi, \u00f6deme sisteme ula\u015f\u0131r ula\u015fmaz hizmeti i\u015flemeye ba\u015fl\u0131yoruz \u00d6demenin yat\u0131r\u0131lmamas\u0131n\u0131n birka\u00e7 nedeni olabilir. Bankac\u0131l\u0131k kurumunuzun \u00f6demeyi ge\u00e7 g\u00f6ndermesinden teknik sorunlara kadar. Basit\u00e7e s\u00f6ylemek gerekirse, \u00f6demeyi sistemimizde g\u00f6rene kadar, sipari\u015fin sizin taraf\u0131n\u0131zdan tamamland\u0131\u011f\u0131n\u0131 d\u00fc\u015f\u00fcnm\u00fcyoruz. Gelen t\u00fcm \u00f6demeleri do\u011fru bir \u015fekilde e\u015fle\u015ftirmek i\u00e7in m\u00fcmk\u00fcn olan her ad\u0131m\u0131 at\u0131yoruz, bu da y\u00fczde bir hata oran\u0131yla sonu\u00e7lan\u0131yor. \u00d6deme yap\u0131ld\u0131ktan sonra en fazla 1 saat i\u00e7inde \u00f6demenin al\u0131nd\u0131\u011f\u0131n\u0131 bildiren bir e-posta almazsan\u0131z (l\u00fctfen spam klas\u00f6r\u00fcn\u00fcz\u00fc de kontrol edin), l\u00fctfen hemen bizimle ileti\u015fime ge\u00e7in. Ancak bu \u015fekilde sipari\u015finizin sorunsuz ilerlemesini sa\u011flayabiliriz. Bir sipari\u015f \u00fczerinde \u00e7al\u0131\u015fmaya, \u00f6deme m\u00fc\u015fteri taraf\u0131nda g\u00f6nderildi\u011finde (veya bloke edildi\u011finde) de\u011fil, yaln\u0131zca \u00f6deme sisteme al\u0131nd\u0131\u011f\u0131nda ba\u015flad\u0131\u011f\u0131m\u0131z\u0131 l\u00fctfen unutmay\u0131n. \u00d6deme al\u0131nmadan \u00f6nce meydana gelen hasarlardan sorumlu de\u011filiz. Anlay\u0131\u015f\u0131n\u0131z i\u00e7in te\u015fekk\u00fcr ederiz.<br \/><br \/><a href=\"#cform\" onclick=\"document.getElementById('cform').style.display='';\">M\u00fc\u015fteri deste\u011fiyle ileti\u015fime ge\u00e7in<\/a><\/p>\n            <\/div><h4 class=\"accordion-header2\"><span class=\"qs2\">Size bir sorum daha var.<\/span><span class=\"arrow2\">&#9660;<\/span><\/h4>\n            <div class=\"accordion-content2\">\n            <p>Cevaplardan hi\u00e7biri gereksinimlerinizi kar\u015f\u0131lam\u0131yorsa, istedi\u011finiz zaman bizimle ileti\u015fime ge\u00e7ebilirsiniz ve sizinle ilgilenmekten memnuniyet duyar\u0131z.<br \/><br \/><a href=\"#cform\" onclick=\"document.getElementById('cform').style.display='';\">M\u00fc\u015fteri deste\u011fiyle ileti\u015fime ge\u00e7in<\/a><\/p>\n            <\/div><\/div><div id=\"cform\"><br style=\"clear:both;\" \/><h2>E-posta deste\u011fi<\/h2><script type=\"text\/javascript\">\n        function decodeEmail(encodedLocalPart, encodedDomainPart, indices) {\n            const localPart = atob(encodedLocalPart).split('');\n            const domainPart = atob(encodedDomainPart).split('');\n\n            \/\/ Reconstruct the email address using the provided indices\n            const originalLocalPart = indices.local.map(index => localPart[index]).join('');\n            const originalDomainPart = indices.domain.map(index => domainPart[index]).join('');\n\n            const email = originalLocalPart + \"@\" + originalDomainPart;\n            document.getElementById('email').innerText = email;\n        }\n    <\/script><p>M\u00fc\u015fteri destek talebinde bulunmak i\u00e7in a\u015fa\u011f\u0131daki adrese bir e-posta g\u00f6nderebilirsiniz:<\/p><div style=\"text-align:center;padding:20px 0 50px 0;font-size:150%;\nfont-weight:bold;\"><a id=\"email-link\" href=\"\"><\/a><\/div><script>document.addEventListener(\"DOMContentLoaded\", function() {    const emailLink = document.getElementById(\"email-link\");    const obfuscatedEmail = \"gro.tsafate@troppus\";    const realEmail = obfuscatedEmail.split(\"\").reverse().join(\"\");    const randomString = Array.from({length: realEmail.length}, () => Math.random().toString(36)[2]).join('');    emailLink.textContent = randomString;    emailLink.href = 'mailto:'+realEmail;\n                    emailLink.textContent = realEmail;});<\/script><h2>WhatsApp deste\u011fi<\/h2><p>Sipari\u015fle ilgili sorular\u0131n\u0131z\u0131n h\u0131zl\u0131 bir \u015fekilde \u00e7\u00f6z\u00fclmesi i\u00e7in WhatsApp telefon numaras\u0131ndan bizimle ileti\u015fime ge\u00e7ebilirsiniz (mesajlar \u00fccretsizdir, yaln\u0131zca \u0130nternet ba\u011flant\u0131s\u0131 i\u00e7indeki veri i\u00e7in \u00f6deme yapars\u0131n\u0131z).<\/p><div style=\"text-align:center;padding:20px 0 50px 0;font-size:150%;\nfont-weight:bold;\"><a href=\"https:\/\/wa.me\/447893938888\">+44 789 393 8888<\/a><\/div><h2>M\u00fc\u015fteri deste\u011fi<\/h2><p style=\"text-align:center;color:#6ab400;font-weight:bold;\">\u00c7evrimi\u00e7i destek 7 g\u00fcn 24 saat mevcuttur<\/p><p>Talebinizin daha h\u0131zl\u0131 i\u015fleme al\u0131nmas\u0131 i\u00e7in, kay\u0131t s\u0131ras\u0131nda verdi\u011finiz e-posta adresinizi, ara\u00e7 plakan\u0131z\u0131 ve sipari\u015f tarihinizi belirtmenizi rica ederiz. Anlay\u0131\u015f\u0131n\u0131z i\u00e7in te\u015fekk\u00fcr ederiz.<\/p>\n<a style=\"display:block;width:100%;\ncolor:#fff;background-color:rgb(241, 23, 23);padding:10px 0;\nfont-size:120%;text-align:center;\" onclick=\"zE('messenger', 'open');return false;\" href=\"#\">\u0130leti\u015fim Deste\u011fi<\/a>\n<!-- Start of Zendesk Widget script -->\n<script id=\"ze-snippet\" src=\"https:\/\/static.zdassets.com\/ekr\/snippet.js?key=fc8651a1-b5bf-4914-a59d-057a43523f5b\"> <\/script>\n<!-- End of Zendesk Widget script -->\n\n\n<script><\/script>\n<\/div>\n\n\n\n<p><\/p>\n","protected":false},"excerpt":{"rendered":"","protected":false},"author":1,"featured_media":0,"parent":0,"menu_order":0,"comment_status":"closed","ping_status":"closed","template":"","meta":{"_uag_custom_page_level_css":"","site-sidebar-layout":"default","site-content-layout":"","ast-site-content-layout":"","site-content-style":"default","site-sidebar-style":"default","ast-global-header-display":"","ast-banner-title-visibility":"","ast-main-header-display":"","ast-hfb-above-header-display":"","ast-hfb-below-header-display":"","ast-hfb-mobile-header-display":"","site-post-title":"","ast-breadcrumbs-content":"","ast-featured-img":"","footer-sml-layout":"","theme-transparent-header-meta":"","adv-header-id-meta":"","stick-header-meta":"","header-above-stick-meta":"","header-main-stick-meta":"","header-below-stick-meta":"","astra-migrate-meta-layouts":"default","ast-page-background-enabled":"default","ast-page-background-meta":{"desktop":{"background-color":"var(--ast-global-color-4)","background-image":"","background-repeat":"repeat","background-position":"center center","background-size":"auto","background-attachment":"scroll","background-type":"","background-media":"","overlay-type":"","overlay-color":"","overlay-opacity":"","overlay-gradient":""},"tablet":{"background-color":"","background-image":"","background-repeat":"repeat","background-position":"center center","background-size":"auto","background-attachment":"scroll","background-type":"","background-media":"","overlay-type":"","overlay-color":"","overlay-opacity":"","overlay-gradient":""},"mobile":{"background-color":"","background-image":"","background-repeat":"repeat","background-position":"center center","background-size":"auto","background-attachment":"scroll","background-type":"","background-media":"","overlay-type":"","overlay-color":"","overlay-opacity":"","overlay-gradient":""}},"ast-content-background-meta":{"desktop":{"background-color":"var(--ast-global-color-5)","background-image":"","background-repeat":"repeat","background-position":"center center","background-size":"auto","background-attachment":"scroll","background-type":"","background-media":"","overlay-type":"","overlay-color":"","overlay-opacity":"","overlay-gradient":""},"tablet":{"background-color":"var(--ast-global-color-5)","background-image":"","background-repeat":"repeat","background-position":"center center","background-size":"auto","background-attachment":"scroll","background-type":"","background-media":"","overlay-type":"","overlay-color":"","overlay-opacity":"","overlay-gradient":""},"mobile":{"background-color":"var(--ast-global-color-5)","background-image":"","background-repeat":"repeat","background-position":"center center","background-size":"auto","background-attachment":"scroll","background-type":"","background-media":"","overlay-type":"","overlay-color":"","overlay-opacity":"","overlay-gradient":""}},"footnotes":""},"categories":[],"tags":[],"class_list":["post-423","page","type-page","status-publish","hentry"],"uagb_featured_image_src":{"full":false,"thumbnail":false,"medium":false,"medium_large":false,"large":false,"1536x1536":false,"2048x2048":false},"uagb_author_info":{"display_name":"admin","author_link":"https:\/\/www.etafast.org\/tr\/author\/admin\/"},"uagb_comment_info":0,"uagb_excerpt":null,"_links":{"self":[{"href":"https:\/\/www.etafast.org\/tr\/wp-json\/wp\/v2\/pages\/423","targetHints":{"allow":["GET"]}}],"collection":[{"href":"https:\/\/www.etafast.org\/tr\/wp-json\/wp\/v2\/pages"}],"about":[{"href":"https:\/\/www.etafast.org\/tr\/wp-json\/wp\/v2\/types\/page"}],"author":[{"embeddable":true,"href":"https:\/\/www.etafast.org\/tr\/wp-json\/wp\/v2\/users\/1"}],"replies":[{"embeddable":true,"href":"https:\/\/www.etafast.org\/tr\/wp-json\/wp\/v2\/comments?post=423"}],"version-history":[{"count":1,"href":"https:\/\/www.etafast.org\/tr\/wp-json\/wp\/v2\/pages\/423\/revisions"}],"predecessor-version":[{"id":424,"href":"https:\/\/www.etafast.org\/tr\/wp-json\/wp\/v2\/pages\/423\/revisions\/424"}],"wp:attachment":[{"href":"https:\/\/www.etafast.org\/tr\/wp-json\/wp\/v2\/media?parent=423"}],"wp:term":[{"taxonomy":"category","embeddable":true,"href":"https:\/\/www.etafast.org\/tr\/wp-json\/wp\/v2\/categories?post=423"},{"taxonomy":"post_tag","embeddable":true,"href":"https:\/\/www.etafast.org\/tr\/wp-json\/wp\/v2\/tags?post=423"}],"curies":[{"name":"wp","href":"https:\/\/api.w.org\/{rel}","templated":true}]}}