{"id":251,"date":"2024-12-11T08:24:00","date_gmt":"2024-12-11T07:24:00","guid":{"rendered":"https:\/\/www.etafast.org\/surec-hakkinda\/"},"modified":"2024-12-11T09:01:42","modified_gmt":"2024-12-11T08:01:42","slug":"surec-hakkinda","status":"publish","type":"page","link":"https:\/\/www.etafast.org\/tr\/surec-hakkinda\/","title":{"rendered":"S\u00fcre\u00e7 hakk\u0131nda"},"content":{"rendered":"\n<h3 class=\"wp-block-heading\">Elektronik Seyahat \u0130zni (eTA) S\u00fcreci Hakk\u0131nda<\/h3>\n\n<p>Elektronik Seyahat \u0130zni (eTA), Kanada&#8217;ya seyahat eden veya Kanada&#8217;dan hava yoluyla transit ge\u00e7en vizeden muaf yabanc\u0131 uyruklular i\u00e7in bir giri\u015f \u015fart\u0131d\u0131r. Uygun ki\u015filer i\u00e7in sorunsuz seyahat sa\u011flarken s\u0131n\u0131r g\u00fcvenli\u011fini art\u0131rmak i\u00e7in tasarlanm\u0131\u015f h\u0131zl\u0131 ve basit bir \u00e7evrimi\u00e7i s\u00fcre\u00e7tir. <\/p>\n\n<h4 class=\"wp-block-heading\">ETA nedir?<\/h4>\n\n<p>eTA, pasaportunuzla ili\u015fkilendirilmi\u015f elektronik ba\u011flant\u0131l\u0131 bir seyahat iznidir. Be\u015f y\u0131la kadar veya pasaportunuzun s\u00fcresi dolana kadar (hangisi \u00f6nce gelirse) ge\u00e7erlidir. ETA, turizm, i\u015f veya transit ama\u00e7larla k\u0131sa s\u00fcreli (genellikle alt\u0131 aya kadar) Kanada&#8217;y\u0131 ziyaret etmenize izin verir.  <\/p>\n\n<h4 class=\"wp-block-heading\">eTA S\u00fcreci Hakk\u0131nda Bilinmesi Gereken \u00d6nemli Noktalar:<\/h4>\n\n<ol class=\"wp-block-list\">\n<li><strong>Basit Online Ba\u015fvuru<\/strong>:<br\/>eTA ba\u015fvuru s\u00fcreci tamamen online olarak y\u00fcr\u00fct\u00fclmektedir. Evrak i\u015flerine veya y\u00fcz y\u00fcze ziyaretlere gerek olmad\u0131\u011f\u0131ndan, seyahat edenler i\u00e7in uygun bir se\u00e7enektir. <\/li>\n\n\n\n<li><strong>Uygun \u00dccret<\/strong>:<br\/>eTA ba\u015fvurusu sadece 7 CAN$ tutmaktad\u0131r. Bu \u00fccret ba\u015fvuru s\u00fcreci s\u0131ras\u0131nda online olarak \u00f6denmektedir. <\/li>\n\n\n\n<li><strong>H\u0131zl\u0131 \u0130\u015flem<\/strong>:<br\/>\u00c7o\u011fu eTA ba\u015fvurusu dakikalar i\u00e7inde onaylan\u0131r. Ancak, ek belgeler gerekiyorsa baz\u0131 ba\u015fvurular daha uzun s\u00fcrebilir. Bu gibi durumlarda, ba\u015fvuru sahipleri 72 saat i\u00e7inde e-posta talimatlar\u0131 alacakt\u0131r.  <\/li>\n\n\n\n<li><strong>Uygunluk Ko\u015fullar\u0131<\/strong>:\n<ul class=\"wp-block-list\">\n<li>Kanada&#8217;ya u\u00e7an veya Kanada&#8217;dan transit ge\u00e7en vizeden muaf yabanc\u0131 uyruklular\u0131n bir eTA&#8217;ya ihtiyac\u0131 vard\u0131r.<\/li>\n\n\n\n<li>Vize gerektiren \u00fclkelerden gelen belirli yolcular da, ge\u00e7erli bir ABD g\u00f6\u00e7men olmayan vizesine sahip olmak veya son 10 y\u0131l i\u00e7inde Kanada ziyaret\u00e7i vizesi alm\u0131\u015f olmak gibi belirli kriterleri kar\u015f\u0131lamalar\u0131 halinde eTA almaya hak kazanabilirler.<\/li>\n\n\n\n<li>Yolcu gemileri de dahil olmak \u00fczere araba, otob\u00fcs, tren veya tekne ile gelen yolcular i\u00e7in eTA yerine ziyaret\u00e7i vizesi gerekmektedir.<\/li>\n<\/ul>\n<\/li>\n\n\n\n<li><strong>Seyahat S\u0131n\u0131rlamalar\u0131<\/strong>:\n<ul class=\"wp-block-list\">\n<li>Bir eTA, Kanada&#8217;da \u00e7al\u0131\u015fman\u0131za veya e\u011fitim g\u00f6rmenize izin vermez. \u00c7al\u0131\u015fmay\u0131 veya e\u011fitim almay\u0131 planl\u0131yorsan\u0131z, uygun izinler i\u00e7in ba\u015fvurmal\u0131s\u0131n\u0131z. <\/li>\n\n\n\n<li>Bir eTA Kanada&#8217;ya giri\u015fi garanti etmez. S\u0131n\u0131r g\u00f6revlileri var\u0131\u015fta uygunlu\u011funuzu de\u011ferlendirecektir. <\/li>\n<\/ul>\n<\/li>\n\n\n\n<li><strong>Ge\u00e7erlilik<\/strong>:<br\/>eTA onayland\u0131ktan sonra pasaportunuza ba\u011flan\u0131r ve pasaportunuzun ge\u00e7erlili\u011fini korumas\u0131 ko\u015fuluyla birden fazla giri\u015f i\u00e7in ge\u00e7erli kal\u0131r. Her zaman eTA ba\u015fvurunuz i\u00e7in kulland\u0131\u011f\u0131n\u0131z pasaportla seyahat edin. <\/li>\n<\/ol>\n\n<h4 class=\"wp-block-heading\">Kendinizi Doland\u0131r\u0131c\u0131l\u0131ktan Koruyun<\/h4>\n\n<p>Kanada&#8217;ya garantili giri\u015f, \u00e7al\u0131\u015fma veya e\u011fitim f\u0131rsatlar\u0131 vaat eden doland\u0131r\u0131c\u0131 web sitelerine veya ki\u015filere kar\u015f\u0131 dikkatli olun. Yaln\u0131zca Kanada H\u00fck\u00fcmeti&#8217;nin resmi web sitesi \u00fczerinden ba\u015fvuru yap\u0131n ve ki\u015fisel bilgilerinizi do\u011frulanmam\u0131\u015f kaynaklarla payla\u015fmaktan ka\u00e7\u0131n\u0131n. Yanl\u0131\u015f beyan veya doland\u0131r\u0131c\u0131l\u0131k ciddi yasal sonu\u00e7lar do\u011furabilir.  <\/p>\n\n<h4 class=\"wp-block-heading\">Ba\u015fvurmadan \u00d6nce<\/h4>\n\n<ul class=\"wp-block-list\">\n<li>Ge\u00e7erli bir pasaportunuz, bir kredi veya banka kart\u0131n\u0131z ve bir e-posta adresiniz oldu\u011fundan emin olun.<\/li>\n\n\n\n<li>Rehberlik i\u00e7in birden fazla dilde mevcut olan uygulama yard\u0131m belgesini okuyun.<\/li>\n\n\n\n<li>Gecikmeleri \u00f6nlemek i\u00e7in u\u00e7u\u015f rezervasyonunuzu yapmadan <strong>\u00f6nce<\/strong> eTA ba\u015fvurusunda bulunun.<\/li>\n<\/ul>\n\n<p>Kanada&#8217;y\u0131 ziyaret etmeyi planlayan uygun yolcular i\u00e7in eTA ba\u015fvurusu \u00f6nemli bir ad\u0131md\u0131r. S\u00fcreci anlayarak ve ba\u015fvurunuzu dikkatlice haz\u0131rlayarak, sorunsuz ve sorunsuz bir yolculuk sa\u011flayabilirsiniz. <\/p>\n","protected":false},"excerpt":{"rendered":"<p>Elektronik Seyahat \u0130zni (eTA) S\u00fcreci Hakk\u0131nda Elektronik Seyahat \u0130zni (eTA), Kanada&#8217;ya seyahat eden veya Kanada&#8217;dan hava yoluyla transit ge\u00e7en vizeden [&hellip;]<\/p>\n","protected":false},"author":1,"featured_media":0,"parent":0,"menu_order":0,"comment_status":"closed","ping_status":"closed","template":"","meta":{"_uag_custom_page_level_css":"","site-sidebar-layout":"default","site-content-layout":"","ast-site-content-layout":"","site-content-style":"default","site-sidebar-style":"default","ast-global-header-display":"","ast-banner-title-visibility":"","ast-main-header-display":"","ast-hfb-above-header-display":"","ast-hfb-below-header-display":"","ast-hfb-mobile-header-display":"","site-post-title":"","ast-breadcrumbs-content":"","ast-featured-img":"","footer-sml-layout":"","theme-transparent-header-meta":"","adv-header-id-meta":"","stick-header-meta":"","header-above-stick-meta":"","header-main-stick-meta":"","header-below-stick-meta":"","astra-migrate-meta-layouts":"default","ast-page-background-enabled":"default","ast-page-background-meta":{"desktop":{"background-color":"var(--ast-global-color-4)","background-image":"","background-repeat":"repeat","background-position":"center center","background-size":"auto","background-attachment":"scroll","background-type":"","background-media":"","overlay-type":"","overlay-color":"","overlay-opacity":"","overlay-gradient":""},"tablet":{"background-color":"","background-image":"","background-repeat":"repeat","background-position":"center center","background-size":"auto","background-attachment":"scroll","background-type":"","background-media":"","overlay-type":"","overlay-color":"","overlay-opacity":"","overlay-gradient":""},"mobile":{"background-color":"","background-image":"","background-repeat":"repeat","background-position":"center center","background-size":"auto","background-attachment":"scroll","background-type":"","background-media":"","overlay-type":"","overlay-color":"","overlay-opacity":"","overlay-gradient":""}},"ast-content-background-meta":{"desktop":{"background-color":"var(--ast-global-color-5)","background-image":"","background-repeat":"repeat","background-position":"center center","background-size":"auto","background-attachment":"scroll","background-type":"","background-media":"","overlay-type":"","overlay-color":"","overlay-opacity":"","overlay-gradient":""},"tablet":{"background-color":"var(--ast-global-color-5)","background-image":"","background-repeat":"repeat","background-position":"center center","background-size":"auto","background-attachment":"scroll","background-type":"","background-media":"","overlay-type":"","overlay-color":"","overlay-opacity":"","overlay-gradient":""},"mobile":{"background-color":"var(--ast-global-color-5)","background-image":"","background-repeat":"repeat","background-position":"center center","background-size":"auto","background-attachment":"scroll","background-type":"","background-media":"","overlay-type":"","overlay-color":"","overlay-opacity":"","overlay-gradient":""}},"footnotes":""},"categories":[],"tags":[],"class_list":["post-251","page","type-page","status-publish","hentry"],"uagb_featured_image_src":{"full":false,"thumbnail":false,"medium":false,"medium_large":false,"large":false,"1536x1536":false,"2048x2048":false},"uagb_author_info":{"display_name":"admin","author_link":"https:\/\/www.etafast.org\/tr\/author\/admin\/"},"uagb_comment_info":0,"uagb_excerpt":"Elektronik Seyahat \u0130zni (eTA) S\u00fcreci Hakk\u0131nda Elektronik Seyahat \u0130zni (eTA), Kanada&#8217;ya seyahat eden veya Kanada&#8217;dan hava yoluyla transit ge\u00e7en vizeden [&hellip;]","_links":{"self":[{"href":"https:\/\/www.etafast.org\/tr\/wp-json\/wp\/v2\/pages\/251","targetHints":{"allow":["GET"]}}],"collection":[{"href":"https:\/\/www.etafast.org\/tr\/wp-json\/wp\/v2\/pages"}],"about":[{"href":"https:\/\/www.etafast.org\/tr\/wp-json\/wp\/v2\/types\/page"}],"author":[{"embeddable":true,"href":"https:\/\/www.etafast.org\/tr\/wp-json\/wp\/v2\/users\/1"}],"replies":[{"embeddable":true,"href":"https:\/\/www.etafast.org\/tr\/wp-json\/wp\/v2\/comments?post=251"}],"version-history":[{"count":1,"href":"https:\/\/www.etafast.org\/tr\/wp-json\/wp\/v2\/pages\/251\/revisions"}],"predecessor-version":[{"id":252,"href":"https:\/\/www.etafast.org\/tr\/wp-json\/wp\/v2\/pages\/251\/revisions\/252"}],"wp:attachment":[{"href":"https:\/\/www.etafast.org\/tr\/wp-json\/wp\/v2\/media?parent=251"}],"wp:term":[{"taxonomy":"category","embeddable":true,"href":"https:\/\/www.etafast.org\/tr\/wp-json\/wp\/v2\/categories?post=251"},{"taxonomy":"post_tag","embeddable":true,"href":"https:\/\/www.etafast.org\/tr\/wp-json\/wp\/v2\/tags?post=251"}],"curies":[{"name":"wp","href":"https:\/\/api.w.org\/{rel}","templated":true}]}}