{"id":1481,"date":"2024-12-11T08:24:51","date_gmt":"2024-12-11T07:24:51","guid":{"rendered":"https:\/\/www.etafast.org\/kimler-basvurabilir\/"},"modified":"2024-12-11T09:15:19","modified_gmt":"2024-12-11T08:15:19","slug":"kimler-basvurabilir","status":"publish","type":"page","link":"https:\/\/www.etafast.org\/tr\/kimler-basvurabilir\/","title":{"rendered":"Kimler ba\u015fvurabilir"},"content":{"rendered":"\n<h3 class=\"wp-block-heading\">Elektronik Seyahat \u0130zni (eTA) i\u00e7in Kimler Ba\u015fvurabilir?<\/h3>\n\n<p>Elektronik Seyahat \u0130zni (eTA), Kanada&#8217;ya seyahat eden veya Kanada \u00fczerinden havayoluyla transit ge\u00e7i\u015f yapan belirli ki\u015filer i\u00e7in bir seyahat gereklili\u011fidir. \u0130\u015fte kimlerin ba\u015fvuruda bulunabilece\u011fine dair ayr\u0131nt\u0131l\u0131 bir d\u00f6k\u00fcm: <\/p>\n\n<h4 class=\"wp-block-heading\"><strong>eTA i\u00e7in Uygunluk Kriterleri<\/strong><\/h4>\n\n<p><strong>A\u015fa\u011f\u0131daki \u015fartlar\u0131n \u00fc\u00e7\u00fcn\u00fc<\/strong> de kar\u015f\u0131l\u0131yorsan\u0131z eTA ba\u015fvurusunda bulunabilirsiniz:<\/p>\n\n<ol class=\"wp-block-list\">\n<li><strong>Ge\u00e7mi\u015f Seyahat Ge\u00e7mi\u015fi<\/strong>:<ul><li>Son 10 y\u0131l i\u00e7inde Kanada ziyaret\u00e7i vizesi (ge\u00e7ici ikamet vizesi) ald\u0131ysan\u0131z VEYA<\/li><li>\u015eu anda ge\u00e7erli bir Amerika Birle\u015fik Devletleri (ABD) g\u00f6\u00e7men olmayan vizesine sahipsiniz.<\/li><\/ul><em>(ABD g\u00f6\u00e7men olmayan vizeniz eTA i\u00e7in ba\u015fvurdu\u011funuz g\u00fcn ge\u00e7erli olmal\u0131d\u0131r, ancak Kanada&#8217;ya seyahatiniz boyunca ge\u00e7erli kalmas\u0131 gerekmez).<\/em><\/li>\n\n\n\n<li><strong>Seyahat Amac\u0131<\/strong>:\n<ul class=\"wp-block-list\">\n<li>Kanada&#8217;ya genellikle alt\u0131 aya kadar <strong>ge\u00e7ici bir s\u00fcre kalmak<\/strong> i\u00e7in geliyorsunuz.<\/li>\n<\/ul>\n<\/li>\n\n\n\n<li><strong>Seyahat modu<\/strong>:\n<ul class=\"wp-block-list\">\n<li><strong>Uygun vize gerektiren \u00fclkelerden<\/strong> birine ait ge\u00e7erli bir pasaportla Kanada&#8217;daki bir havaliman\u0131na u\u00e7uyor veya bu havaliman\u0131ndan transit ge\u00e7i\u015f yap\u0131yorsunuz.<\/li>\n<\/ul>\n<\/li>\n<\/ol>\n\n<h4 class=\"wp-block-heading\"><strong>Uygun Vize Gerektiren \u00dclkeler<\/strong><\/h4>\n\n<p>A\u015fa\u011f\u0131daki \u00fclkelerin vatanda\u015flar\u0131, yukar\u0131daki kriterleri kar\u015f\u0131lamalar\u0131 halinde eTA ba\u015fvurusunda bulunabilirler:<\/p>\n\n<ul class=\"wp-block-list\">\n<li>Antigua ve Barbuda<\/li>\n\n\n\n<li>Arjantin<\/li>\n\n\n\n<li>Brezilya<\/li>\n\n\n\n<li>Kosta Rika<\/li>\n\n\n\n<li>Meksika<\/li>\n\n\n\n<li>Fas<\/li>\n\n\n\n<li>Panama<\/li>\n\n\n\n<li>Filipinler<\/li>\n\n\n\n<li>Kitts ve Nevis<\/li>\n\n\n\n<li>Lucia<\/li>\n\n\n\n<li>Vincent ve Grenadinler<\/li>\n\n\n\n<li>Sey\u015feller<\/li>\n\n\n\n<li>Tayland<\/li>\n\n\n\n<li>Trinidad ve Tobago<\/li>\n\n\n\n<li>Uruguay<\/li>\n<\/ul>\n\n<p>T\u00fcm bu gereklilikleri kar\u015f\u0131lam\u0131yorsan\u0131z, bunun yerine ziyaret\u00e7i vizesine (ge\u00e7ici ikamet vizesi) ba\u015fvurman\u0131z gerekecektir.<\/p>\n\n<hr class=\"wp-block-separator has-alpha-channel-opacity\"\/>\n\n<h3 class=\"wp-block-heading\"><strong>Kimler eTA&#8217;ya \u0130htiya\u00e7 Duymaz?<\/strong><\/h3>\n\n<ul class=\"wp-block-list\">\n<li><strong>ABD Vatanda\u015flar\u0131<\/strong>:<br\/>ABD vatanda\u015flar\u0131 eTA zorunlulu\u011fundan muaft\u0131r. Sadece ge\u00e7erli bir ABD pasaportu ibraz etmeleri gerekmektedir. <\/li>\n\n\n\n<li><strong>Kanada Vatanda\u015flar\u0131 (\u00c7ifte Vatanda\u015flar Dahil)<\/strong>:<br\/>Kanada vatanda\u015flar\u0131 eTA i\u00e7in ba\u015fvuramazlar. Ge\u00e7erli bir Kanada pasaportu ile seyahat etmelidirler. \u00c7ifte vatanda\u015flar da Kanada&#8217;ya u\u00e7arken Kanada pasaportlar\u0131n\u0131 kullanmal\u0131d\u0131r.  <\/li>\n\n\n\n<li>Kanada&#8217;<strong>da Daimi<\/strong> \u0130kamet Edenler:<br>Kanada&#8217;da daimi ikamet edenler eTA ba\u015fvurusunda bulunamazlar. Bunun yerine, birlikte seyahat etmeleri gerekir: \n<ul class=\"wp-block-list\">\n<li>Ge\u00e7erli bir daimi ikamet kart\u0131, VEYA<\/li>\n\n\n\n<li>Daimi ikamet seyahat belgesi.<\/li>\n<\/ul>\n<\/li>\n\n\n\n<li><strong>Amerika Birle\u015fik Devletleri&#8217;nde Yasal Olarak Daimi<\/strong> \u0130kamet Edenler:<br>26 Nisan 2022 tarihinden itibaren ABD&#8217;de yasal olarak daimi ikamet edenler eTA zorunlulu\u011fundan muaft\u0131r. Ta\u015f\u0131malar\u0131 gerekir: \n<ul class=\"wp-block-list\">\n<li>Vatanda\u015f\u0131 olduklar\u0131 \u00fclkeden ge\u00e7erli bir pasaport ve<\/li>\n\n\n\n<li>Ge\u00e7erli bir ABD Ye\u015fil Kart\u0131 veya e\u015fde\u011fer bir stat\u00fc belgesi.<\/li>\n<\/ul>\n<\/li>\n<\/ul>\n\n<hr class=\"wp-block-separator has-alpha-channel-opacity\"\/>\n\n<h3 class=\"wp-block-heading\"><strong>Seyahat Senaryolar\u0131 ve Belge Gereklilikleri<\/strong><\/h3>\n\n<figure class=\"wp-block-table\"><table class=\"has-fixed-layout\"><thead><tr><th><strong>Kanada&#8217;ya Nas\u0131l Seyahat Ediyorsunuz?<\/strong><\/th><th><strong>Gerekli Belge(ler)<\/strong><\/th><\/tr><\/thead><tbody><tr><td>Kanada&#8217;daki bir havaliman\u0131na u\u00e7an veya havaliman\u0131ndan transit ge\u00e7en ve eTA almaya uygun olan<\/td><td>eTA veya ziyaret\u00e7i vizesi<\/td><\/tr><tr><td>Bir Kanada havaliman\u0131na u\u00e7an veya Kanada havaliman\u0131ndan transit ge\u00e7en ve eTA i\u00e7in uygun OLMAYAN<\/td><td>Ziyaret\u00e7i vizesi<\/td><\/tr><tr><td>Araba, otob\u00fcs, tren veya tekne (yolcu gemileri dahil) ile geli\u015f<\/td><td>Ziyaret\u00e7i vizesi<\/td><\/tr><tr><td>Ge\u00e7erli bir Kanada vizesi ile Kanada&#8217;ya seyahat etmek<\/td><td>ETA gerekmez &#8211; vizeyi kullan\u0131n<\/td><\/tr><tr><td>\u00c7al\u0131\u015fma veya \u00f6\u011frenim izninizi yeniledikten sonra Kanada&#8217;ya geri u\u00e7mak<\/td><td>eTA izin yenileme ile birlikte sa\u011flan\u0131r<\/td><\/tr><tr><td>Kanada&#8217;ya 6 aydan uzun s\u00fcre \u00e7al\u0131\u015fmak veya okumak i\u00e7in seyahat etmek<\/td><td>\u00c7al\u0131\u015fma veya \u00f6\u011frenim izni (vize i\u00e7erir)<\/td><\/tr><\/tbody><\/table><\/figure>\n\n<hr class=\"wp-block-separator has-alpha-channel-opacity\"\/>\n\n<h3 class=\"wp-block-heading\"><strong>\u00d6nemli Hususlar<\/strong><\/h3>\n\n<ul class=\"wp-block-list\">\n<li><strong>Temel Gereklilikler<\/strong>: Kanada&#8217;ya girebilmek i\u00e7in ge\u00e7erli seyahat belgeleri, sa\u011fl\u0131k durumu, mali destek ve kendi \u00fclkenizle g\u00fc\u00e7l\u00fc ba\u011flar gibi genel giri\u015f kriterlerini kar\u015f\u0131laman\u0131z gerekmektedir.<\/li>\n\n\n\n<li><strong>Kabul edilemezlik<\/strong>: Su\u00e7 faaliyetlerine, g\u00fcvenlik tehditlerine veya belirli sa\u011fl\u0131k ve mali sorunlara kar\u0131\u015fan ki\u015filer, ge\u00e7erli bir eTA&#8217;ya sahip olsalar bile Kanada&#8217;ya kabul edilemez say\u0131labilirler.<\/li>\n<\/ul>\n\n<p>eTA, uygun ki\u015filer i\u00e7in Kanada&#8217;ya hava yoluyla seyahati kolayla\u015ft\u0131rmak \u00fczere tasarlanm\u0131\u015ft\u0131r. Gereklilikleri dikkatlice inceledi\u011finizden ve planlad\u0131\u011f\u0131n\u0131z seyahatten \u00e7ok \u00f6nce ba\u015fvurdu\u011funuzdan emin olun. <\/p>\n","protected":false},"excerpt":{"rendered":"<p>Elektronik Seyahat \u0130zni (eTA) i\u00e7in Kimler Ba\u015fvurabilir? Elektronik Seyahat \u0130zni (eTA), Kanada&#8217;ya seyahat eden veya Kanada \u00fczerinden havayoluyla transit ge\u00e7i\u015f [&hellip;]<\/p>\n","protected":false},"author":1,"featured_media":0,"parent":0,"menu_order":0,"comment_status":"closed","ping_status":"closed","template":"","meta":{"_uag_custom_page_level_css":"","site-sidebar-layout":"default","site-content-layout":"","ast-site-content-layout":"","site-content-style":"default","site-sidebar-style":"default","ast-global-header-display":"","ast-banner-title-visibility":"","ast-main-header-display":"","ast-hfb-above-header-display":"","ast-hfb-below-header-display":"","ast-hfb-mobile-header-display":"","site-post-title":"","ast-breadcrumbs-content":"","ast-featured-img":"","footer-sml-layout":"","theme-transparent-header-meta":"","adv-header-id-meta":"","stick-header-meta":"","header-above-stick-meta":"","header-main-stick-meta":"","header-below-stick-meta":"","astra-migrate-meta-layouts":"default","ast-page-background-enabled":"default","ast-page-background-meta":{"desktop":{"background-color":"var(--ast-global-color-4)","background-image":"","background-repeat":"repeat","background-position":"center center","background-size":"auto","background-attachment":"scroll","background-type":"","background-media":"","overlay-type":"","overlay-color":"","overlay-opacity":"","overlay-gradient":""},"tablet":{"background-color":"","background-image":"","background-repeat":"repeat","background-position":"center center","background-size":"auto","background-attachment":"scroll","background-type":"","background-media":"","overlay-type":"","overlay-color":"","overlay-opacity":"","overlay-gradient":""},"mobile":{"background-color":"","background-image":"","background-repeat":"repeat","background-position":"center center","background-size":"auto","background-attachment":"scroll","background-type":"","background-media":"","overlay-type":"","overlay-color":"","overlay-opacity":"","overlay-gradient":""}},"ast-content-background-meta":{"desktop":{"background-color":"var(--ast-global-color-5)","background-image":"","background-repeat":"repeat","background-position":"center center","background-size":"auto","background-attachment":"scroll","background-type":"","background-media":"","overlay-type":"","overlay-color":"","overlay-opacity":"","overlay-gradient":""},"tablet":{"background-color":"var(--ast-global-color-5)","background-image":"","background-repeat":"repeat","background-position":"center center","background-size":"auto","background-attachment":"scroll","background-type":"","background-media":"","overlay-type":"","overlay-color":"","overlay-opacity":"","overlay-gradient":""},"mobile":{"background-color":"var(--ast-global-color-5)","background-image":"","background-repeat":"repeat","background-position":"center center","background-size":"auto","background-attachment":"scroll","background-type":"","background-media":"","overlay-type":"","overlay-color":"","overlay-opacity":"","overlay-gradient":""}},"footnotes":""},"categories":[],"tags":[],"class_list":["post-1481","page","type-page","status-publish","hentry"],"uagb_featured_image_src":{"full":false,"thumbnail":false,"medium":false,"medium_large":false,"large":false,"1536x1536":false,"2048x2048":false},"uagb_author_info":{"display_name":"admin","author_link":"https:\/\/www.etafast.org\/tr\/author\/admin\/"},"uagb_comment_info":0,"uagb_excerpt":"Elektronik Seyahat \u0130zni (eTA) i\u00e7in Kimler Ba\u015fvurabilir? Elektronik Seyahat \u0130zni (eTA), Kanada&#8217;ya seyahat eden veya Kanada \u00fczerinden havayoluyla transit ge\u00e7i\u015f [&hellip;]","_links":{"self":[{"href":"https:\/\/www.etafast.org\/tr\/wp-json\/wp\/v2\/pages\/1481","targetHints":{"allow":["GET"]}}],"collection":[{"href":"https:\/\/www.etafast.org\/tr\/wp-json\/wp\/v2\/pages"}],"about":[{"href":"https:\/\/www.etafast.org\/tr\/wp-json\/wp\/v2\/types\/page"}],"author":[{"embeddable":true,"href":"https:\/\/www.etafast.org\/tr\/wp-json\/wp\/v2\/users\/1"}],"replies":[{"embeddable":true,"href":"https:\/\/www.etafast.org\/tr\/wp-json\/wp\/v2\/comments?post=1481"}],"version-history":[{"count":1,"href":"https:\/\/www.etafast.org\/tr\/wp-json\/wp\/v2\/pages\/1481\/revisions"}],"predecessor-version":[{"id":1482,"href":"https:\/\/www.etafast.org\/tr\/wp-json\/wp\/v2\/pages\/1481\/revisions\/1482"}],"wp:attachment":[{"href":"https:\/\/www.etafast.org\/tr\/wp-json\/wp\/v2\/media?parent=1481"}],"wp:term":[{"taxonomy":"category","embeddable":true,"href":"https:\/\/www.etafast.org\/tr\/wp-json\/wp\/v2\/categories?post=1481"},{"taxonomy":"post_tag","embeddable":true,"href":"https:\/\/www.etafast.org\/tr\/wp-json\/wp\/v2\/tags?post=1481"}],"curies":[{"name":"wp","href":"https:\/\/api.w.org\/{rel}","templated":true}]}}