{"id":1399,"date":"2024-12-11T08:25:47","date_gmt":"2024-12-11T07:25:47","guid":{"rendered":"https:\/\/www.etafast.org\/visaya-ihtiyaciniz-var-mi\/"},"modified":"2024-12-11T09:14:06","modified_gmt":"2024-12-11T08:14:06","slug":"visaya-ihtiyaciniz-var-mi","status":"publish","type":"page","link":"https:\/\/www.etafast.org\/tr\/visaya-ihtiyaciniz-var-mi\/","title":{"rendered":"VISA&#8217;ya ihtiyac\u0131n\u0131z var m\u0131?"},"content":{"rendered":"\n<h3 class=\"wp-block-heading\">Kanada&#8217;ya Seyahat Etmek \u0130\u00e7in Vizeye \u0130htiyac\u0131n\u0131z Olup Olmad\u0131\u011f\u0131n\u0131 Nas\u0131l \u00d6\u011frenebilirsiniz?<\/h3>\n\n<p>Kanada, yolcular\u0131n uyruklar\u0131na ve seyahat y\u00f6ntemlerine ba\u011fl\u0131 olarak \u00fclkeye girmek veya \u00fclkeden transit ge\u00e7mek i\u00e7in <strong>ziyaret\u00e7i vizesine<\/strong> veya <strong>Elektronik Seyahat \u0130znine (eTA<\/strong> ) sahip olmalar\u0131n\u0131 gerektirir. Neye ihtiyac\u0131n\u0131z oldu\u011funu \u015fu \u015fekilde belirleyebilirsiniz: <\/p>\n\n<hr class=\"wp-block-separator has-alpha-channel-opacity\"\/>\n\n<h3 class=\"wp-block-heading\"><strong>Ad\u0131m 1: Uyru\u011funuzu Kontrol Edin<\/strong><\/h3>\n\n<p>\u0130htiyac\u0131n\u0131z olan seyahat belgesinin t\u00fcr\u00fc \u00f6ncelikle vatanda\u015fl\u0131\u011f\u0131n\u0131za ba\u011fl\u0131d\u0131r. Seyahat edenler \u00fc\u00e7 kategoriden birine girer: <\/p>\n\n<ol class=\"wp-block-list\">\n<li><strong>Vizeden Muaf Yolcular (eTA Gerekir)<\/strong><br\/><strong>Vizeden<\/strong> muaf bir \u00fclkenin vatanda\u015f\u0131ysan\u0131z, Kanada&#8217;ya seyahat ediyorsan\u0131z veya Kanada&#8217;dan hava yoluyla transit ge\u00e7iyorsan\u0131z bir eTA&#8217;ya ihtiyac\u0131n\u0131z vard\u0131r. Vizeden muaf \u00fclkelere \u00f6rnek olarak \u015funlar verilebilir: <ul><li>Avustralya<\/li><li>Almanya<\/li><li>Japonya<\/li><li>Birle\u015fik Krall\u0131k<\/li><li>Fransa<br\/><em>(Bu tam bir liste de\u011fildir.)<\/em><\/li><\/ul><strong>\u00d6nemli<\/strong>: Kanada&#8217;ya araba, otob\u00fcs, tren veya gemi seyahati de dahil olmak \u00fczere tekne ile giri\u015f yap\u0131yorsan\u0131z, eTA veya ziyaret\u00e7i vizesine ihtiyac\u0131n\u0131z YOKTUR.<\/li>\n\n\n\n<li><strong>Vize Gerektiren Yolcular (Ziyaret\u00e7i Vizesine \u0130htiya\u00e7<\/strong> Duyanlar)<br>Vizeden muaf \u00fclkeler listesinde yer almayan \u00fclkelerin vatanda\u015flar\u0131n\u0131n, seyahat \u015fekline bak\u0131lmaks\u0131z\u0131n Kanada&#8217;ya seyahat edebilmeleri i\u00e7in ziyaret\u00e7i vizesi (Ge\u00e7ici \u0130kamet Vizesi olarak da bilinir) almalar\u0131 gerekmektedir.<br>Vize gerektiren \u00fclkelere \u00f6rnek olarak \u015funlar verilebilir:\n<ul class=\"wp-block-list\">\n<li>Hindistan<\/li>\n\n\n\n<li>\u00c7in<\/li>\n\n\n\n<li>Pakistan<br\/><em>(Bu tam bir liste de\u011fildir.)<\/em><\/li>\n<\/ul>\n<\/li>\n\n\n\n<li><strong>Vize Gerektiren Uygun Yolcular (eTA i\u00e7in Uygun Olabilir)<\/strong><br><strong>Vize<\/strong> gerektiren bir \u00fclkeden geliyorsan\u0131z ancak belirli ko\u015fullar\u0131 kar\u015f\u0131l\u0131yorsan\u0131z, vize yerine eTA i\u00e7in ba\u015fvurabilirsiniz. Bu ko\u015fullar \u015funlar\u0131 i\u00e7erir: <ul><li>Ge\u00e7erli bir ABD g\u00f6\u00e7men olmayan vizesine sahip olmak, VEYA<\/li><li>Son 10 y\u0131l i\u00e7inde Kanada ziyaret\u00e7i vizesi alm\u0131\u015f olmak.<\/li><\/ul>Bu se\u00e7enek i\u00e7in uygun \u00fclkeler \u015funlard\u0131r:\n<ul class=\"wp-block-list\">\n<li>Brezilya<\/li>\n\n\n\n<li>Meksika<\/li>\n\n\n\n<li>Filipinler<br\/><em>(Bu tam bir liste de\u011fildir.)<\/em><\/li>\n<\/ul>\n<\/li>\n<\/ol>\n\n<hr class=\"wp-block-separator has-alpha-channel-opacity\"\/>\n\n<h3 class=\"wp-block-heading\"><strong>Ad\u0131m 2: Seyahat Y\u00f6nteminizi D\u00fc\u015f\u00fcn\u00fcn<\/strong><\/h3>\n\n<p>\u0130htiyac\u0131n\u0131z olan seyahat belgesi Kanada&#8217;ya nas\u0131l giri\u015f yapaca\u011f\u0131n\u0131za da ba\u011fl\u0131d\u0131r:<\/p>\n\n<figure class=\"wp-block-table\"><table class=\"has-fixed-layout\"><thead><tr><th><strong>Seyahat \u015eekli<\/strong><\/th><th><strong>Gereksinim<\/strong><\/th><\/tr><\/thead><tbody><tr><td>Bir Kanada havaliman\u0131na u\u00e7mak veya bu havaliman\u0131ndan transit ge\u00e7mek<\/td><td>eTA (vizeden muaf gezginler i\u00e7in) veya ziyaret\u00e7i vizesi<\/td><\/tr><tr><td>Araba, otob\u00fcs, tren veya tekne ile giri\u015f (gemi seyahati dahil)<\/td><td>Ziyaret\u00e7i vizesi (vize gerektiren seyahatler i\u00e7in)<\/td><\/tr><tr><td>Ge\u00e7erli bir Kanada vizesi ile seyahat etmek<\/td><td>ETA gerekmez; vizenizi kullan\u0131n<\/td><\/tr><\/tbody><\/table><\/figure>\n\n<hr class=\"wp-block-separator has-alpha-channel-opacity\"\/>\n\n<h3 class=\"wp-block-heading\"><strong>3. Ad\u0131m: Kural\u0131n \u0130stisnalar\u0131<\/strong><\/h3>\n\n<ol class=\"wp-block-list\">\n<li><strong>ABD Vatanda\u015flar\u0131<\/strong><br\/>ABD vatanda\u015flar\u0131n\u0131n eTA veya ziyaret\u00e7i vizesine ihtiyac\u0131 YOKTUR. Sadece ge\u00e7erli bir ABD pasaportuna ihtiya\u00e7lar\u0131 vard\u0131r. <\/li>\n\n\n\n<li><strong>Kanada Vatanda\u015flar\u0131 (\u00c7ifte Vatanda\u015flar Dahil)<\/strong><br\/>Kanada vatanda\u015flar\u0131 eTA veya vize ba\u015fvurusunda bulunamazlar. Ge\u00e7erli bir Kanada pasaportu ile seyahat etmeleri gerekmektedir. <\/li>\n\n\n\n<li>Kanada&#8217;<strong>da Daimi<\/strong> \u0130kamet Edenler<br>Kanada&#8217;da daimi ikamet edenler eTA ba\u015fvurusunda bulunamazlar. Birlikte seyahat etmeleri gerekir: \n<ul class=\"wp-block-list\">\n<li>Ge\u00e7erli bir daimi ikamet kart\u0131, VEYA<\/li>\n\n\n\n<li>Daimi ikamet seyahat belgesi.<\/li>\n<\/ul>\n<\/li>\n\n\n\n<li>ABD&#8217;de <strong>Daimi<\/strong> \u0130kamet Edenler<br>26 Nisan 2022 tarihinden itibaren, ABD&#8217;de yasal olarak daimi ikamet edenlerin eTA&#8217;ya ihtiyac\u0131 yoktur. Yanlar\u0131nda ta\u015f\u0131malar\u0131 gerekir: \n<ul class=\"wp-block-list\">\n<li>Vatanda\u015f\u0131 olduklar\u0131 \u00fclkenin ge\u00e7erli bir pasaportu, VE<\/li>\n\n\n\n<li>Ge\u00e7erli bir Ye\u015fil Kart veya e\u015fde\u011fer bir stat\u00fc belgesi.<\/li>\n<\/ul>\n<\/li>\n<\/ol>\n\n<hr class=\"wp-block-separator has-alpha-channel-opacity\"\/>\n\n<h3 class=\"wp-block-heading\"><strong>Ad\u0131m 4: Kanada H\u00fck\u00fcmeti Arac\u0131n\u0131 Kullan\u0131n<\/strong><\/h3>\n\n<p>Vizeye mi yoksa eTA&#8217;ya m\u0131 ihtiyac\u0131n\u0131z oldu\u011funu teyit etmek i\u00e7in Kanada H\u00fck\u00fcmeti&#8217;nin resmi <a>seyahat belgesi arac\u0131n\u0131<\/a> kullanabilirsiniz. Ki\u015fiselle\u015ftirilmi\u015f sonu\u00e7lar almak i\u00e7in uyru\u011funuzu, seyahat y\u00f6nteminizi ve ziyaret amac\u0131n\u0131z\u0131 girmeniz yeterlidir. <\/p>\n\n<hr class=\"wp-block-separator has-alpha-channel-opacity\"\/>\n\n<h3 class=\"wp-block-heading\"><strong>Son Notlar<\/strong><\/h3>\n\n<ul class=\"wp-block-list\">\n<li>Seyahat tarihinizden \u00e7ok \u00f6nce do\u011fru belge i\u00e7in ba\u015fvurdu\u011funuzdan emin olun.<\/li>\n\n\n\n<li>Vize veya eTA sahibi olman\u0131z Kanada&#8217;ya giri\u015finizi garanti etmez. S\u0131n\u0131r hizmetleri g\u00f6revlisini t\u00fcm giri\u015f ko\u015fullar\u0131n\u0131 kar\u015f\u0131lad\u0131\u011f\u0131n\u0131za ikna etmelisiniz. <\/li>\n<\/ul>\n\n<p><\/p>\n","protected":false},"excerpt":{"rendered":"<p>Kanada&#8217;ya Seyahat Etmek \u0130\u00e7in Vizeye \u0130htiyac\u0131n\u0131z Olup Olmad\u0131\u011f\u0131n\u0131 Nas\u0131l \u00d6\u011frenebilirsiniz? Kanada, yolcular\u0131n uyruklar\u0131na ve seyahat y\u00f6ntemlerine ba\u011fl\u0131 olarak \u00fclkeye girmek [&hellip;]<\/p>\n","protected":false},"author":1,"featured_media":0,"parent":0,"menu_order":0,"comment_status":"closed","ping_status":"closed","template":"","meta":{"_uag_custom_page_level_css":"","site-sidebar-layout":"default","site-content-layout":"","ast-site-content-layout":"","site-content-style":"default","site-sidebar-style":"default","ast-global-header-display":"","ast-banner-title-visibility":"","ast-main-header-display":"","ast-hfb-above-header-display":"","ast-hfb-below-header-display":"","ast-hfb-mobile-header-display":"","site-post-title":"","ast-breadcrumbs-content":"","ast-featured-img":"","footer-sml-layout":"","theme-transparent-header-meta":"","adv-header-id-meta":"","stick-header-meta":"","header-above-stick-meta":"","header-main-stick-meta":"","header-below-stick-meta":"","astra-migrate-meta-layouts":"default","ast-page-background-enabled":"default","ast-page-background-meta":{"desktop":{"background-color":"var(--ast-global-color-4)","background-image":"","background-repeat":"repeat","background-position":"center center","background-size":"auto","background-attachment":"scroll","background-type":"","background-media":"","overlay-type":"","overlay-color":"","overlay-opacity":"","overlay-gradient":""},"tablet":{"background-color":"","background-image":"","background-repeat":"repeat","background-position":"center center","background-size":"auto","background-attachment":"scroll","background-type":"","background-media":"","overlay-type":"","overlay-color":"","overlay-opacity":"","overlay-gradient":""},"mobile":{"background-color":"","background-image":"","background-repeat":"repeat","background-position":"center center","background-size":"auto","background-attachment":"scroll","background-type":"","background-media":"","overlay-type":"","overlay-color":"","overlay-opacity":"","overlay-gradient":""}},"ast-content-background-meta":{"desktop":{"background-color":"var(--ast-global-color-5)","background-image":"","background-repeat":"repeat","background-position":"center center","background-size":"auto","background-attachment":"scroll","background-type":"","background-media":"","overlay-type":"","overlay-color":"","overlay-opacity":"","overlay-gradient":""},"tablet":{"background-color":"var(--ast-global-color-5)","background-image":"","background-repeat":"repeat","background-position":"center center","background-size":"auto","background-attachment":"scroll","background-type":"","background-media":"","overlay-type":"","overlay-color":"","overlay-opacity":"","overlay-gradient":""},"mobile":{"background-color":"var(--ast-global-color-5)","background-image":"","background-repeat":"repeat","background-position":"center center","background-size":"auto","background-attachment":"scroll","background-type":"","background-media":"","overlay-type":"","overlay-color":"","overlay-opacity":"","overlay-gradient":""}},"footnotes":""},"categories":[],"tags":[],"class_list":["post-1399","page","type-page","status-publish","hentry"],"uagb_featured_image_src":{"full":false,"thumbnail":false,"medium":false,"medium_large":false,"large":false,"1536x1536":false,"2048x2048":false},"uagb_author_info":{"display_name":"admin","author_link":"https:\/\/www.etafast.org\/tr\/author\/admin\/"},"uagb_comment_info":0,"uagb_excerpt":"Kanada&#8217;ya Seyahat Etmek \u0130\u00e7in Vizeye \u0130htiyac\u0131n\u0131z Olup Olmad\u0131\u011f\u0131n\u0131 Nas\u0131l \u00d6\u011frenebilirsiniz? Kanada, yolcular\u0131n uyruklar\u0131na ve seyahat y\u00f6ntemlerine ba\u011fl\u0131 olarak \u00fclkeye girmek [&hellip;]","_links":{"self":[{"href":"https:\/\/www.etafast.org\/tr\/wp-json\/wp\/v2\/pages\/1399","targetHints":{"allow":["GET"]}}],"collection":[{"href":"https:\/\/www.etafast.org\/tr\/wp-json\/wp\/v2\/pages"}],"about":[{"href":"https:\/\/www.etafast.org\/tr\/wp-json\/wp\/v2\/types\/page"}],"author":[{"embeddable":true,"href":"https:\/\/www.etafast.org\/tr\/wp-json\/wp\/v2\/users\/1"}],"replies":[{"embeddable":true,"href":"https:\/\/www.etafast.org\/tr\/wp-json\/wp\/v2\/comments?post=1399"}],"version-history":[{"count":1,"href":"https:\/\/www.etafast.org\/tr\/wp-json\/wp\/v2\/pages\/1399\/revisions"}],"predecessor-version":[{"id":1400,"href":"https:\/\/www.etafast.org\/tr\/wp-json\/wp\/v2\/pages\/1399\/revisions\/1400"}],"wp:attachment":[{"href":"https:\/\/www.etafast.org\/tr\/wp-json\/wp\/v2\/media?parent=1399"}],"wp:term":[{"taxonomy":"category","embeddable":true,"href":"https:\/\/www.etafast.org\/tr\/wp-json\/wp\/v2\/categories?post=1399"},{"taxonomy":"post_tag","embeddable":true,"href":"https:\/\/www.etafast.org\/tr\/wp-json\/wp\/v2\/tags?post=1399"}],"curies":[{"name":"wp","href":"https:\/\/api.w.org\/{rel}","templated":true}]}}