{"id":1317,"date":"2024-12-11T08:26:43","date_gmt":"2024-12-11T07:26:43","guid":{"rendered":"https:\/\/www.etafast.org\/kanadada-kalma-surenizi-uzatin\/"},"modified":"2024-12-11T09:12:32","modified_gmt":"2024-12-11T08:12:32","slug":"kanadada-kalma-surenizi-uzatin","status":"publish","type":"page","link":"https:\/\/www.etafast.org\/tr\/kanadada-kalma-surenizi-uzatin\/","title":{"rendered":"Kanada&#8217;da Kalma S\u00fcrenizi Uzat\u0131n"},"content":{"rendered":"\n<h3 class=\"wp-block-heading\">Kanada&#8217;daki Kal\u0131\u015f S\u00fcrenizi Uzat\u0131n: Ziyaret\u00e7i Kayd\u0131<\/h3>\n\n<p>Kanada&#8217;da ziyaret\u00e7i olarak ilk izin s\u00fcrenizden daha uzun s\u00fcre kalmak istiyorsan\u0131z, ziyaret\u00e7i <strong>kayd\u0131<\/strong> i\u00e7in ba\u015fvurman\u0131z gerekecektir. Ziyaret\u00e7i kayd\u0131, g\u00f6\u00e7menlik kurallar\u0131n\u0131 ihlal etmeden kal\u0131\u015f s\u00fcrenizi uzatman\u0131z\u0131 sa\u011flayan \u00f6nemli bir belgedir. <\/p>\n\n<hr class=\"wp-block-separator has-alpha-channel-opacity\"\/>\n\n<h3 class=\"wp-block-heading\"><strong>Ziyaret\u00e7i Kayd\u0131 Nedir?<\/strong><\/h3>\n\n<p>Ziyaret\u00e7i kayd\u0131 <strong>bir vize de\u011fildir<\/strong>. Bunun yerine, resmi bir belgedir: <\/p>\n\n<ul class=\"wp-block-list\">\n<li>Kanada&#8217;da <strong>ziyaret\u00e7i<\/strong>, izinsiz \u00e7al\u0131\u015fma yetkisine sahip bir i\u015f\u00e7i veya izinsiz e\u011fitim g\u00f6rme yetkisine sahip bir \u00f6\u011frenci olarak daha uzun s\u00fcre kalman\u0131za izin verir.<\/li>\n\n\n\n<li>Kanada&#8217;dan ayr\u0131lman\u0131z gereken yeni bir son kullanma tarihi belirtir.<\/li>\n<\/ul>\n\n<hr class=\"wp-block-separator has-alpha-channel-opacity\"\/>\n\n<h3 class=\"wp-block-heading\"><strong>Ziyaret\u00e7i Kayd\u0131 i\u00e7in Ne Zaman Ba\u015fvurulmal\u0131<\/strong><\/h3>\n\n<p><strong>Mevcut stat\u00fcn\u00fcz sona ermeden \u00f6nce<\/strong> ziyaret\u00e7i kayd\u0131 i\u00e7in ba\u015fvuruda bulunmal\u0131s\u0131n\u0131z.<\/p>\n\n<ul class=\"wp-block-list\">\n<li>Pasaport damgan\u0131z\u0131 veya Kanada&#8217;ya giri\u015f yapt\u0131\u011f\u0131n\u0131zda verilen izinli kal\u0131\u015f s\u00fcrenizin yaz\u0131l\u0131 onay\u0131n\u0131 kontrol edin.<\/li>\n\n\n\n<li>Belirli bir tarih belirtilmemi\u015fse, stat\u00fcn\u00fcz genellikle <strong>var\u0131\u015f tarihinizden itibaren 6 ay sonra<\/strong> sona erer.<\/li>\n<\/ul>\n\n<hr class=\"wp-block-separator has-alpha-channel-opacity\"\/>\n\n<h3 class=\"wp-block-heading\"><strong>Ziyaret\u00e7i Kayd\u0131 i\u00e7in Kimler Ba\u015fvurabilir?<\/strong><\/h3>\n\n<p>A\u015fa\u011f\u0131daki durumlarda ziyaret\u00e7i kayd\u0131 i\u00e7in ba\u015fvurabilirsiniz:<\/p>\n\n<ul class=\"wp-block-list\">\n<li>Kanada&#8217;ya ziyaret\u00e7i vizesi, eTA veya ba\u015fka bir ge\u00e7erli seyahat belgesi ile giri\u015f yapt\u0131n\u0131z ve \u015fimdi izinli kal\u0131\u015f s\u00fcrenizi uzatmak istiyorsunuz.<\/li>\n\n\n\n<li>\u015eu anda Kanada&#8217;da izinsiz olarak ziyaret\u00e7i, i\u015f\u00e7i veya \u00f6\u011frenci olarak bulunuyorsan\u0131z ve stat\u00fcn\u00fcz\u00fc uzatmak istiyorsan\u0131z.<\/li>\n<\/ul>\n\n<hr class=\"wp-block-separator has-alpha-channel-opacity\"\/>\n\n<h3 class=\"wp-block-heading\"><strong>Ziyaret\u00e7i Kayd\u0131 i\u00e7in Nas\u0131l Ba\u015fvurulur<\/strong><\/h3>\n\n<p>Ziyaret\u00e7i kayd\u0131 i\u00e7in ba\u015fvuru s\u00fcreci a\u015fa\u011f\u0131daki ad\u0131mlar\u0131 i\u00e7erir:<\/p>\n\n<ol class=\"wp-block-list\">\n<li><strong>Belgelerinizi Haz\u0131rlay\u0131n<\/strong>:\n<ul class=\"wp-block-list\">\n<li>Ge\u00e7erli bir pasaport veya seyahat belgesi (uzun s\u00fcreli kal\u0131\u015f\u0131n\u0131z\u0131n tamam\u0131 i\u00e7in ge\u00e7erli oldu\u011fundan emin olun).<\/li>\n\n\n\n<li>Uzun s\u00fcreli konaklama s\u0131ras\u0131nda kendinizi ge\u00e7indirmek i\u00e7in yeterli paraya sahip oldu\u011funuzu kan\u0131tlay\u0131n.<\/li>\n\n\n\n<li>Kanada&#8217;daki kal\u0131\u015f s\u00fcrenizi neden uzatmak istedi\u011finize dair net bir a\u00e7\u0131klama.<\/li>\n<\/ul>\n<\/li>\n\n\n\n<li><strong>Ba\u015fvurunuzu \u00c7evrimi\u00e7i Olarak G\u00f6nderin<\/strong>:\n<ul class=\"wp-block-list\">\n<li><a>IRCC portal\u0131<\/a> \u00fczerinden ba\u015fvuru formunu doldurun.<\/li>\n\n\n\n<li><strong>100$<\/strong>&#8216;dan ba\u015flayan ba\u015fvuru \u00fccretini \u00f6deyin.<\/li>\n<\/ul>\n<\/li>\n\n\n\n<li><strong>Erken ba\u015fvurun<\/strong>:\n<ul class=\"wp-block-list\">\n<li>\u0130\u015flem s\u00fcresi yakla\u015f\u0131k <strong>126 g\u00fcnd\u00fcr<\/strong>, bu nedenle mevcut stat\u00fcn\u00fcz\u00fcn sona ermesinden \u00e7ok \u00f6nce ba\u015fvurman\u0131z \u00f6nemlidir.<\/li>\n\n\n\n<li>Ba\u015fvurunuz i\u015flemdeyken stat\u00fcn\u00fcz sona ererse, <strong>z\u0131mni stat<\/strong> \u00fcye sahip olursunuz ve bir karar verilene kadar yasal olarak Kanada&#8217;da kalabilirsiniz.<\/li>\n<\/ul>\n<\/li>\n<\/ol>\n\n<hr class=\"wp-block-separator has-alpha-channel-opacity\"\/>\n\n<h3 class=\"wp-block-heading\"><strong>Ba\u015fvurduktan Sonra<\/strong><\/h3>\n\n<ul class=\"wp-block-list\">\n<li><strong>Onaylama<\/strong>: Ba\u015fvurunuz onaylan\u0131rsa, yeni son kullanma tarihinizi belirten bir ziyaret\u00e7i kayd\u0131 alacaks\u0131n\u0131z.<\/li>\n\n\n\n<li><strong>Reddedilme<\/strong>: Ba\u015fvurunuz reddedilirse, Kanada&#8217;y\u0131 derhal terk etmeniz gerekir.<\/li>\n\n\n\n<li><strong>Z\u0131mni Stat\u00fc<\/strong>: Bir karar beklerken, stat\u00fcn\u00fcz\u00fcn s\u00fcresi dolmadan \u00f6nce ba\u015fvurduysan\u0131z Kanada&#8217;da yasal olarak kalabilirsiniz.<\/li>\n<\/ul>\n\n<hr class=\"wp-block-separator has-alpha-channel-opacity\"\/>\n\n<h3 class=\"wp-block-heading\"><strong>Kanada D\u0131\u015f\u0131na Seyahat<\/strong><\/h3>\n\n<p>Ziyaret\u00e7i kayd\u0131 <strong>Kanada&#8217;ya yeniden giri\u015fi garanti etmez<\/strong>. Uzun s\u00fcreli kal\u0131\u015f\u0131n\u0131z s\u0131ras\u0131nda Kanada&#8217;dan ayr\u0131l\u0131rsan\u0131z ve geri d\u00f6nmeyi planl\u0131yorsan\u0131z, a\u015fa\u011f\u0131dakilere ihtiyac\u0131n\u0131z olacakt\u0131r: <\/p>\n\n<ul class=\"wp-block-list\">\n<li>Kanada&#8217;ya yeniden giri\u015f yapmak i\u00e7in ge\u00e7erli bir <strong>ziyaret\u00e7i vizesi<\/strong> veya <strong>eTA<\/strong> ve<\/li>\n\n\n\n<li>\u0130zinli kal\u0131\u015f s\u00fcrenizin uzat\u0131ld\u0131\u011f\u0131n\u0131 kan\u0131tlamak i\u00e7in ziyaret\u00e7i kayd\u0131n\u0131z.<\/li>\n<\/ul>\n\n<hr class=\"wp-block-separator has-alpha-channel-opacity\"\/>\n\n<h3 class=\"wp-block-heading\"><strong>\u00d6nemli \u00dccretler ve \u0130\u015flem S\u00fcreleri<\/strong><\/h3>\n\n<ul class=\"wp-block-list\">\n<li><strong>\u00dccretler<\/strong>: Ziyaret\u00e7i kayd\u0131 ba\u015fvurusu i\u00e7in <strong> 100$<\/strong> &#8216;dan ba\u015flayan \u00fccretler.<\/li>\n\n\n\n<li><strong>\u0130\u015flem S\u00fcresi<\/strong>: Yakla\u015f\u0131k <strong>126 g\u00fcn<\/strong> (de\u011fi\u015fikli\u011fe tabidir).<\/li>\n<\/ul>\n\n<hr class=\"wp-block-separator has-alpha-channel-opacity\"\/>\n\n<h3 class=\"wp-block-heading\"><strong>\u00d6nemli Notlar<\/strong><\/h3>\n\n<ul class=\"wp-block-list\">\n<li>Pasaportunuzun kal\u0131\u015f s\u00fcreniz boyunca ge\u00e7erli oldu\u011fundan emin olun.<\/li>\n\n\n\n<li>Ziyaret\u00e7i kayd\u0131 Kanada&#8217;da \u00e7al\u0131\u015fman\u0131za veya e\u011fitim alman\u0131za izin vermez. Bu faaliyetler i\u00e7in bir \u00e7al\u0131\u015fma veya e\u011fitim iznine ihtiyac\u0131n\u0131z olacakt\u0131r. <\/li>\n\n\n\n<li>Uzatma ba\u015fvurusunda bulunmadan izin verilen kal\u0131\u015f s\u00fcresini a\u015fmak yasal cezalara neden olabilir ve Kanada&#8217;ya gelecekteki seyahatleri etkileyebilir.<\/li>\n<\/ul>\n\n<p>Kanada&#8217;daki kal\u0131\u015f s\u00fcrenizi uzatmay\u0131 planlamak, haz\u0131rl\u0131k ve zaman\u0131nda ba\u015fvuru yap\u0131lmas\u0131n\u0131 gerektirir. S\u00fcrece ba\u011fl\u0131 kalarak, Kanada g\u00f6\u00e7menlik yasalar\u0131na uyarken daha uzun s\u00fcre kalman\u0131n keyfini \u00e7\u0131karabilirsiniz. <\/p>\n","protected":false},"excerpt":{"rendered":"<p>Kanada&#8217;daki Kal\u0131\u015f S\u00fcrenizi Uzat\u0131n: Ziyaret\u00e7i Kayd\u0131 Kanada&#8217;da ziyaret\u00e7i olarak ilk izin s\u00fcrenizden daha uzun s\u00fcre kalmak istiyorsan\u0131z, ziyaret\u00e7i kayd\u0131 i\u00e7in [&hellip;]<\/p>\n","protected":false},"author":1,"featured_media":0,"parent":0,"menu_order":0,"comment_status":"closed","ping_status":"closed","template":"","meta":{"_uag_custom_page_level_css":"","site-sidebar-layout":"default","site-content-layout":"","ast-site-content-layout":"","site-content-style":"default","site-sidebar-style":"default","ast-global-header-display":"","ast-banner-title-visibility":"","ast-main-header-display":"","ast-hfb-above-header-display":"","ast-hfb-below-header-display":"","ast-hfb-mobile-header-display":"","site-post-title":"","ast-breadcrumbs-content":"","ast-featured-img":"","footer-sml-layout":"","theme-transparent-header-meta":"","adv-header-id-meta":"","stick-header-meta":"","header-above-stick-meta":"","header-main-stick-meta":"","header-below-stick-meta":"","astra-migrate-meta-layouts":"default","ast-page-background-enabled":"default","ast-page-background-meta":{"desktop":{"background-color":"var(--ast-global-color-4)","background-image":"","background-repeat":"repeat","background-position":"center center","background-size":"auto","background-attachment":"scroll","background-type":"","background-media":"","overlay-type":"","overlay-color":"","overlay-opacity":"","overlay-gradient":""},"tablet":{"background-color":"","background-image":"","background-repeat":"repeat","background-position":"center center","background-size":"auto","background-attachment":"scroll","background-type":"","background-media":"","overlay-type":"","overlay-color":"","overlay-opacity":"","overlay-gradient":""},"mobile":{"background-color":"","background-image":"","background-repeat":"repeat","background-position":"center center","background-size":"auto","background-attachment":"scroll","background-type":"","background-media":"","overlay-type":"","overlay-color":"","overlay-opacity":"","overlay-gradient":""}},"ast-content-background-meta":{"desktop":{"background-color":"var(--ast-global-color-5)","background-image":"","background-repeat":"repeat","background-position":"center center","background-size":"auto","background-attachment":"scroll","background-type":"","background-media":"","overlay-type":"","overlay-color":"","overlay-opacity":"","overlay-gradient":""},"tablet":{"background-color":"var(--ast-global-color-5)","background-image":"","background-repeat":"repeat","background-position":"center center","background-size":"auto","background-attachment":"scroll","background-type":"","background-media":"","overlay-type":"","overlay-color":"","overlay-opacity":"","overlay-gradient":""},"mobile":{"background-color":"var(--ast-global-color-5)","background-image":"","background-repeat":"repeat","background-position":"center center","background-size":"auto","background-attachment":"scroll","background-type":"","background-media":"","overlay-type":"","overlay-color":"","overlay-opacity":"","overlay-gradient":""}},"footnotes":""},"categories":[],"tags":[],"class_list":["post-1317","page","type-page","status-publish","hentry"],"uagb_featured_image_src":{"full":false,"thumbnail":false,"medium":false,"medium_large":false,"large":false,"1536x1536":false,"2048x2048":false},"uagb_author_info":{"display_name":"admin","author_link":"https:\/\/www.etafast.org\/tr\/author\/admin\/"},"uagb_comment_info":0,"uagb_excerpt":"Kanada&#8217;daki Kal\u0131\u015f S\u00fcrenizi Uzat\u0131n: Ziyaret\u00e7i Kayd\u0131 Kanada&#8217;da ziyaret\u00e7i olarak ilk izin s\u00fcrenizden daha uzun s\u00fcre kalmak istiyorsan\u0131z, ziyaret\u00e7i kayd\u0131 i\u00e7in [&hellip;]","_links":{"self":[{"href":"https:\/\/www.etafast.org\/tr\/wp-json\/wp\/v2\/pages\/1317","targetHints":{"allow":["GET"]}}],"collection":[{"href":"https:\/\/www.etafast.org\/tr\/wp-json\/wp\/v2\/pages"}],"about":[{"href":"https:\/\/www.etafast.org\/tr\/wp-json\/wp\/v2\/types\/page"}],"author":[{"embeddable":true,"href":"https:\/\/www.etafast.org\/tr\/wp-json\/wp\/v2\/users\/1"}],"replies":[{"embeddable":true,"href":"https:\/\/www.etafast.org\/tr\/wp-json\/wp\/v2\/comments?post=1317"}],"version-history":[{"count":1,"href":"https:\/\/www.etafast.org\/tr\/wp-json\/wp\/v2\/pages\/1317\/revisions"}],"predecessor-version":[{"id":1318,"href":"https:\/\/www.etafast.org\/tr\/wp-json\/wp\/v2\/pages\/1317\/revisions\/1318"}],"wp:attachment":[{"href":"https:\/\/www.etafast.org\/tr\/wp-json\/wp\/v2\/media?parent=1317"}],"wp:term":[{"taxonomy":"category","embeddable":true,"href":"https:\/\/www.etafast.org\/tr\/wp-json\/wp\/v2\/categories?post=1317"},{"taxonomy":"post_tag","embeddable":true,"href":"https:\/\/www.etafast.org\/tr\/wp-json\/wp\/v2\/tags?post=1317"}],"curies":[{"name":"wp","href":"https:\/\/api.w.org\/{rel}","templated":true}]}}