{"id":1205,"date":"2024-12-11T08:28:06","date_gmt":"2024-12-11T07:28:06","guid":{"rendered":"https:\/\/www.etafast.org\/ebeveynler-ve-buyukanne-ve-buyukbabalar-icin-super-vize\/"},"modified":"2024-12-11T09:11:08","modified_gmt":"2024-12-11T08:11:08","slug":"ebeveynler-ve-buyukanne-ve-buyukbabalar-icin-super-vize","status":"publish","type":"page","link":"https:\/\/www.etafast.org\/tr\/ebeveynler-ve-buyukanne-ve-buyukbabalar-icin-super-vize\/","title":{"rendered":"Ebeveynler ve B\u00fcy\u00fckanne ve B\u00fcy\u00fckbabalar i\u00e7in S\u00fcper Vize"},"content":{"rendered":"\n<h3 class=\"wp-block-heading\">Ebeveynler ve B\u00fcy\u00fckanne ve B\u00fcy\u00fckbabalar i\u00e7in S\u00fcper Vize<\/h3>\n\n<p><strong>S\u00fcper Vize<\/strong>, Kanada vatanda\u015flar\u0131n\u0131n ve daimi ikamet edenlerin ebeveynleri ve b\u00fcy\u00fckanne ve b\u00fcy\u00fckbabalar\u0131 i\u00e7in tasarlanm\u0131\u015f \u00f6zel bir vizedir. Kanada&#8217;ya uzun s\u00fcreli ziyaretlere izin vererek, uzun bir s\u00fcre boyunca birden fazla giri\u015fin avantajlar\u0131ndan yararlan\u0131rken ailenizle vakit ge\u00e7irmek i\u00e7in e\u015fsiz bir f\u0131rsat sunar. <\/p>\n\n<hr class=\"wp-block-separator has-alpha-channel-opacity\"\/>\n\n<h3 class=\"wp-block-heading\"><strong>S\u00fcper Vize nedir?<\/strong><\/h3>\n\n<p><strong>S\u00fcper Vize<\/strong>:<\/p>\n\n<ul class=\"wp-block-list\">\n<li>Uygun ebeveynlerin ve b\u00fcy\u00fckanne ve b\u00fcy\u00fckbabalar\u0131n stat\u00fclerini yenilemelerine gerek kalmadan <strong>ziyaret ba\u015f\u0131na 5 y\u0131la kadar<\/strong> Kanada&#8217;y\u0131 ziyaret etmelerine olanak tan\u0131yan <strong>uzun s\u00fcreli bir vize<\/strong>.<\/li>\n\n\n\n<li>Vizenin ge\u00e7erlilik s\u00fcresi boyunca Kanada&#8217;y\u0131 s\u0131k s\u0131k ziyaret etmeyi sa\u011flayan, <strong>10 y\u0131la kadar<\/strong> ge\u00e7erli <strong>\u00e7ok giri\u015fli<\/strong> bir vize.<\/li>\n<\/ul>\n\n<p>Bu vize, \u00e7ocuklar\u0131n\u0131 veya torunlar\u0131n\u0131 uzun s\u00fcreli ziyaret etmeyi planlayan ki\u015filer i\u00e7in idealdir.<\/p>\n\n<hr class=\"wp-block-separator has-alpha-channel-opacity\"\/>\n\n<h3 class=\"wp-block-heading\"><strong>S\u00fcper Vize i\u00e7in Uygunluk Ko\u015fullar\u0131<\/strong><\/h3>\n\n<p>S\u00fcper Vize almaya hak kazanmak i\u00e7in ba\u015fvuru sahiplerinin belirli kriterleri kar\u015f\u0131lamas\u0131 gerekmektedir:<\/p>\n\n<ol class=\"wp-block-list\">\n<li><strong>\u0130li\u015fki<\/strong>:\n<ul class=\"wp-block-list\">\n<li>Kanada vatanda\u015f\u0131 veya daimi ikamet eden bir ki\u015finin <strong>ebeveyni veya b\u00fcy\u00fck ebeveyni<\/strong> olmak.<\/li>\n<\/ul>\n<\/li>\n\n\n\n<li><strong>Davet mektubu<\/strong>:\n<ul class=\"wp-block-list\">\n<li>Kanada&#8217;daki \u00e7ocu\u011funuzdan veya torununuzdan bir davet mektubu sa\u011flay\u0131n.<\/li>\n\n\n\n<li>Mektup \u015funlar\u0131 i\u00e7ermelidir:\n<ul class=\"wp-block-list\">\n<li>Ziyaretiniz s\u00fcresince maddi destek s\u00f6z\u00fc.<\/li>\n\n\n\n<li>\u0130li\u015fkinizin detaylar\u0131.<\/li>\n\n\n\n<li>Ev sahibinin Kanada&#8217;daki hane halk\u0131 \u00fcyelerinin bir listesi.<\/li>\n<\/ul>\n<\/li>\n<\/ul>\n<\/li>\n\n\n\n<li><strong>Gelir Ko\u015fullar\u0131<\/strong>:\n<ul class=\"wp-block-list\">\n<li>\u00c7ocuk veya torun, aile \u00fcyelerinin say\u0131s\u0131na ba\u011fl\u0131 olarak <strong>asgari bir gelir e\u015fi\u011fini<\/strong> kar\u015f\u0131lamal\u0131d\u0131r.<\/li>\n<\/ul>\n<\/li>\n\n\n\n<li><strong>Sa\u011fl\u0131k Sigortas\u0131<\/strong>:\n<ul class=\"wp-block-list\">\n<li>Kanadal\u0131 bir sigorta \u015firketinden \u00f6zel <strong>sa\u011fl\u0131k sigortas\u0131<\/strong> sat\u0131n al\u0131n:\n<ul class=\"wp-block-list\">\n<li>Sizi en az <strong> 100.000 Kanada Dolar\u0131<\/strong> tutar\u0131nda teminat alt\u0131na al\u0131r.<\/li>\n\n\n\n<li>Giri\u015f tarihinden itibaren <strong>en az bir y\u0131l<\/strong> ge\u00e7erlidir.<\/li>\n\n\n\n<li>Tam \u00f6demenin kan\u0131t\u0131n\u0131 i\u00e7erir (fiyat teklifi de\u011fil).<\/li>\n<\/ul>\n<\/li>\n<\/ul>\n<\/li>\n\n\n\n<li><strong>T\u0131bbi Muayene<\/strong>:\n<ul class=\"wp-block-list\">\n<li>Kabul edilebilirli\u011fi g\u00f6stermek i\u00e7in bir g\u00f6\u00e7menlik t\u0131bbi muayenesini tamamlay\u0131n.<\/li>\n<\/ul>\n<\/li>\n\n\n\n<li><strong>Ek Gereksinimler<\/strong>:\n<ul class=\"wp-block-list\">\n<li>Ziyaretinizden sonra Kanada&#8217;y\u0131 terk edece\u011finizden emin olmak i\u00e7in aile, mali durum veya i\u015f gibi kendi \u00fclkenizle g\u00fc\u00e7l\u00fc ba\u011flar\u0131n\u0131z oldu\u011funu kan\u0131tlay\u0131n.<\/li>\n\n\n\n<li>Ziyaretiniz i\u00e7in yeterli paran\u0131z oldu\u011funu g\u00f6sterin.<\/li>\n<\/ul>\n<\/li>\n<\/ol>\n\n<hr class=\"wp-block-separator has-alpha-channel-opacity\"\/>\n\n<h3 class=\"wp-block-heading\"><strong>Kanada&#8217;da Ne Kadar S\u00fcre Kalabilirsiniz?<\/strong><\/h3>\n\n<p>Kal\u0131\u015f s\u00fcreniz, S\u00fcper Vize i\u00e7in ne zaman ba\u015fvurdu\u011funuza ba\u011fl\u0131d\u0131r:<\/p>\n\n<ul class=\"wp-block-list\">\n<li><strong>Ba\u015fvurular 22 Haziran 2023 tarihinde veya sonras\u0131nda<\/strong> yap\u0131lacakt\u0131r:\n<ul class=\"wp-block-list\">\n<li>S\u00fcper Vize sahipleri <strong>ziyaret ba\u015f\u0131na 5 y\u0131la kadar<\/strong> kalabilirler.<\/li>\n<\/ul>\n<\/li>\n\n\n\n<li><strong>Ba\u015fvurular 22 Haziran 2023 tarihinden \u00f6nce<\/strong> yap\u0131lmal\u0131d\u0131r:\n<ul class=\"wp-block-list\">\n<li><strong>Ziyaret ba\u015f\u0131na 2 y\u0131la kadar<\/strong> kalabilirsiniz.<\/li>\n<\/ul>\n<\/li>\n<\/ul>\n\n<p>Ba\u015fvurunuzun tarihi ne olursa olsun:<\/p>\n\n<ul class=\"wp-block-list\">\n<li><strong>Pasaportunuzun<\/strong> kal\u0131\u015f s\u00fcreniz boyunca <strong>ge\u00e7erli oldu\u011fundan<\/strong> emin olun.<\/li>\n\n\n\n<li>Kanada&#8217;dayken veya yeniden giri\u015f yapt\u0131\u011f\u0131n\u0131zda <strong>sa\u011fl\u0131k sigortan\u0131z\u0131<\/strong> s\u00fcrd\u00fcr\u00fcn veya yenileyin.<\/li>\n<\/ul>\n\n<hr class=\"wp-block-separator has-alpha-channel-opacity\"\/>\n\n<h3 class=\"wp-block-heading\"><strong>S\u00fcper Vizenin Faydalar\u0131<\/strong><\/h3>\n\n<ol class=\"wp-block-list\">\n<li><strong>Uzat\u0131lm\u0131\u015f Ziyaretler<\/strong>:\n<ul class=\"wp-block-list\">\n<li>S\u0131k s\u0131k uzatma ba\u015fvurusunda bulunmadan uzun s\u00fcreli konaklamalar\u0131n keyfini \u00e7\u0131kar\u0131n.<\/li>\n<\/ul>\n<\/li>\n\n\n\n<li><strong>\u00c7oklu Giri\u015fler<\/strong>:\n<ul class=\"wp-block-list\">\n<li>Kanada&#8217;ya 10 y\u0131ll\u0131k bir s\u00fcre i\u00e7inde birden fazla kez seyahat edin.<\/li>\n<\/ul>\n<\/li>\n\n\n\n<li><strong>\u0130\u00e7iniz<\/strong> rahat olsun:\n<ul class=\"wp-block-list\">\n<li>Sa\u011fl\u0131k sigortas\u0131 zorunlulu\u011fu, konaklaman\u0131z s\u0131ras\u0131nda t\u0131bbi g\u00fcvence sa\u011flar.<\/li>\n<\/ul>\n<\/li>\n\n\n\n<li><strong>Aile Birle\u015fimi<\/strong>:\n<ul class=\"wp-block-list\">\n<li>\u00c7ocuklar\u0131n\u0131z ve torunlar\u0131n\u0131zla daha yak\u0131n ba\u011flar kurun.<\/li>\n<\/ul>\n<\/li>\n<\/ol>\n","protected":false},"excerpt":{"rendered":"<p>Ebeveynler ve B\u00fcy\u00fckanne ve B\u00fcy\u00fckbabalar i\u00e7in S\u00fcper Vize S\u00fcper Vize, Kanada vatanda\u015flar\u0131n\u0131n ve daimi ikamet edenlerin ebeveynleri ve b\u00fcy\u00fckanne ve [&hellip;]<\/p>\n","protected":false},"author":1,"featured_media":0,"parent":0,"menu_order":0,"comment_status":"closed","ping_status":"closed","template":"","meta":{"_uag_custom_page_level_css":"","site-sidebar-layout":"default","site-content-layout":"","ast-site-content-layout":"","site-content-style":"default","site-sidebar-style":"default","ast-global-header-display":"","ast-banner-title-visibility":"","ast-main-header-display":"","ast-hfb-above-header-display":"","ast-hfb-below-header-display":"","ast-hfb-mobile-header-display":"","site-post-title":"","ast-breadcrumbs-content":"","ast-featured-img":"","footer-sml-layout":"","theme-transparent-header-meta":"","adv-header-id-meta":"","stick-header-meta":"","header-above-stick-meta":"","header-main-stick-meta":"","header-below-stick-meta":"","astra-migrate-meta-layouts":"default","ast-page-background-enabled":"default","ast-page-background-meta":{"desktop":{"background-color":"var(--ast-global-color-4)","background-image":"","background-repeat":"repeat","background-position":"center center","background-size":"auto","background-attachment":"scroll","background-type":"","background-media":"","overlay-type":"","overlay-color":"","overlay-opacity":"","overlay-gradient":""},"tablet":{"background-color":"","background-image":"","background-repeat":"repeat","background-position":"center center","background-size":"auto","background-attachment":"scroll","background-type":"","background-media":"","overlay-type":"","overlay-color":"","overlay-opacity":"","overlay-gradient":""},"mobile":{"background-color":"","background-image":"","background-repeat":"repeat","background-position":"center center","background-size":"auto","background-attachment":"scroll","background-type":"","background-media":"","overlay-type":"","overlay-color":"","overlay-opacity":"","overlay-gradient":""}},"ast-content-background-meta":{"desktop":{"background-color":"var(--ast-global-color-5)","background-image":"","background-repeat":"repeat","background-position":"center center","background-size":"auto","background-attachment":"scroll","background-type":"","background-media":"","overlay-type":"","overlay-color":"","overlay-opacity":"","overlay-gradient":""},"tablet":{"background-color":"var(--ast-global-color-5)","background-image":"","background-repeat":"repeat","background-position":"center center","background-size":"auto","background-attachment":"scroll","background-type":"","background-media":"","overlay-type":"","overlay-color":"","overlay-opacity":"","overlay-gradient":""},"mobile":{"background-color":"var(--ast-global-color-5)","background-image":"","background-repeat":"repeat","background-position":"center center","background-size":"auto","background-attachment":"scroll","background-type":"","background-media":"","overlay-type":"","overlay-color":"","overlay-opacity":"","overlay-gradient":""}},"footnotes":""},"categories":[],"tags":[],"class_list":["post-1205","page","type-page","status-publish","hentry"],"uagb_featured_image_src":{"full":false,"thumbnail":false,"medium":false,"medium_large":false,"large":false,"1536x1536":false,"2048x2048":false},"uagb_author_info":{"display_name":"admin","author_link":"https:\/\/www.etafast.org\/tr\/author\/admin\/"},"uagb_comment_info":0,"uagb_excerpt":"Ebeveynler ve B\u00fcy\u00fckanne ve B\u00fcy\u00fckbabalar i\u00e7in S\u00fcper Vize S\u00fcper Vize, Kanada vatanda\u015flar\u0131n\u0131n ve daimi ikamet edenlerin ebeveynleri ve b\u00fcy\u00fckanne ve [&hellip;]","_links":{"self":[{"href":"https:\/\/www.etafast.org\/tr\/wp-json\/wp\/v2\/pages\/1205","targetHints":{"allow":["GET"]}}],"collection":[{"href":"https:\/\/www.etafast.org\/tr\/wp-json\/wp\/v2\/pages"}],"about":[{"href":"https:\/\/www.etafast.org\/tr\/wp-json\/wp\/v2\/types\/page"}],"author":[{"embeddable":true,"href":"https:\/\/www.etafast.org\/tr\/wp-json\/wp\/v2\/users\/1"}],"replies":[{"embeddable":true,"href":"https:\/\/www.etafast.org\/tr\/wp-json\/wp\/v2\/comments?post=1205"}],"version-history":[{"count":1,"href":"https:\/\/www.etafast.org\/tr\/wp-json\/wp\/v2\/pages\/1205\/revisions"}],"predecessor-version":[{"id":1206,"href":"https:\/\/www.etafast.org\/tr\/wp-json\/wp\/v2\/pages\/1205\/revisions\/1206"}],"wp:attachment":[{"href":"https:\/\/www.etafast.org\/tr\/wp-json\/wp\/v2\/media?parent=1205"}],"wp:term":[{"taxonomy":"category","embeddable":true,"href":"https:\/\/www.etafast.org\/tr\/wp-json\/wp\/v2\/categories?post=1205"},{"taxonomy":"post_tag","embeddable":true,"href":"https:\/\/www.etafast.org\/tr\/wp-json\/wp\/v2\/tags?post=1205"}],"curies":[{"name":"wp","href":"https:\/\/api.w.org\/{rel}","templated":true}]}}