{"id":1015,"date":"2024-12-11T08:29:22","date_gmt":"2024-12-11T07:29:22","guid":{"rendered":"https:\/\/www.etafast.org\/is-ziyaretcileri\/"},"modified":"2024-12-11T09:08:21","modified_gmt":"2024-12-11T08:08:21","slug":"is-ziyaretcileri","status":"publish","type":"page","link":"https:\/\/www.etafast.org\/tr\/is-ziyaretcileri\/","title":{"rendered":"\u0130\u015f Ziyaret\u00e7ileri"},"content":{"rendered":"\n<h3 class=\"wp-block-heading\">\u0130\u015f Ziyaret\u00e7ileri: Kanada&#8217;da Toplant\u0131lara, Etkinliklere ve Konferanslara Kat\u0131lmak<\/h3>\n\n<p>Ticari ziyaret\u00e7iler, uluslararas\u0131 ticaret ve i\u015fbirli\u011finin geli\u015ftirilmesinde hayati bir rol oynamaktad\u0131r. Kanada&#8217;da i\u015f ziyaret\u00e7isi olarak toplant\u0131lara, etkinliklere veya konferanslara kat\u0131lmay\u0131 planl\u0131yorsan\u0131z, sorunsuz bir giri\u015f s\u00fcreci sa\u011flamak i\u00e7in ad\u0131m ad\u0131m bir k\u0131lavuz. <\/p>\n\n<hr class=\"wp-block-separator has-alpha-channel-opacity\"\/>\n\n<h3 class=\"wp-block-heading\"><strong>1. Ad\u0131m: \u0130\u015f Ziyaret\u00e7isi misiniz yoksa \u00c7al\u0131\u015fma \u0130znine mi \u0130htiyac\u0131n\u0131z Var?<\/strong><\/h3>\n\n<p>Kanada&#8217;da <strong>i\u015f ziyaret\u00e7isi<\/strong> olarak kalifiye olmak i\u00e7in \u015funlar\u0131 yapmal\u0131s\u0131n\u0131z:<\/p>\n\n<ul class=\"wp-block-list\">\n<li><strong>S\u00fcre<\/strong>: <strong>En az 6 ay<\/strong> kalmay\u0131 planlay\u0131n.<\/li>\n\n\n\n<li><strong>Ama\u00e7<\/strong>: Kanada i\u015fg\u00fcc\u00fc piyasas\u0131na girmemek.<\/li>\n\n\n\n<li><strong>\u0130\u015f Kayna\u011f\u0131:<\/strong> Ana i\u015f yerinizin, gelirinizin ve k\u00e2r\u0131n\u0131z\u0131n <strong>Kanada d\u0131\u015f\u0131nda<\/strong> kald\u0131\u011f\u0131ndan emin olun.<\/li>\n\n\n\n<li><strong>Belgeler<\/strong>: Ba\u015fvurunuzu desteklemek i\u00e7in gerekli belgelere sahip olun.<\/li>\n<\/ul>\n\n<p><strong>Temel Giri\u015f Ko\u015fullar\u0131<\/strong>:<\/p>\n\n<ul class=\"wp-block-list\">\n<li>Ge\u00e7erli bir seyahat belgesi (pasaport gibi).<\/li>\n\n\n\n<li>Konaklaman\u0131z ve d\u00f6n\u00fc\u015f yolculu\u011funuz i\u00e7in yeterli fon.<\/li>\n\n\n\n<li>Ziyaretinizin sonunda Kanada&#8217;dan ayr\u0131laca\u011f\u0131n\u0131za dair kan\u0131t.<\/li>\n\n\n\n<li>Kanadal\u0131lar i\u00e7in hi\u00e7bir su\u00e7, g\u00fcvenlik veya sa\u011fl\u0131k riski yoktur.<\/li>\n<\/ul>\n\n<p><strong>\u0130\u015f Ziyaret\u00e7isi Olarak \u0130zin Verilen Faaliyetler<\/strong>:<\/p>\n\n<ul class=\"wp-block-list\">\n<li>Yabanc\u0131 bir i\u015fletme veya h\u00fck\u00fcmet i\u00e7in Kanada mal veya hizmetlerinin sat\u0131n al\u0131nmas\u0131.<\/li>\n\n\n\n<li>Mal veya hizmet sipari\u015flerinin al\u0131nmas\u0131.<\/li>\n\n\n\n<li>Toplant\u0131lara, konferanslara, kongrelere veya ticari fuarlara kat\u0131lmak.<\/li>\n\n\n\n<li>Bir garanti veya sat\u0131\u015f s\u00f6zle\u015fmesi kapsam\u0131nda sat\u0131\u015f sonras\u0131 hizmet sa\u011flanmas\u0131.<\/li>\n\n\n\n<li>\u0130\u015finizle ilgili e\u011fitim almak veya y\u00fcr\u00fctmek.<\/li>\n<\/ul>\n\n<p><strong>Not<\/strong>: Ziyaretiniz 6 aydan fazla kalmay\u0131 veya Kanada i\u015fg\u00fcc\u00fc piyasas\u0131 faaliyetlerine kat\u0131lmay\u0131 i\u00e7eriyorsa, <strong>\u00e7al\u0131\u015fma iznine<\/strong> ihtiyac\u0131n\u0131z olabilir.<\/p>\n\n<hr class=\"wp-block-separator has-alpha-channel-opacity\"\/>\n\n<h3 class=\"wp-block-heading\"><strong>Ad\u0131m 2: Vizeye mi yoksa eTA&#8217;ya m\u0131 \u0130htiyac\u0131n\u0131z Var?<\/strong><\/h3>\n\n<p><strong>Vizeye<\/strong> mi yoksa <strong>elektronik seyahat iznine (eTA<\/strong> ) mi ihtiyac\u0131n\u0131z oldu\u011fu uyru\u011funuza ve seyahat ko\u015fullar\u0131n\u0131za ba\u011fl\u0131d\u0131r.<\/p>\n\n<ul class=\"wp-block-list\">\n<li>Uygunlu\u011funuzu belirlemek i\u00e7in <a>Kanada H\u00fck\u00fcmeti arac\u0131n\u0131<\/a> kullan\u0131n.<\/li>\n<\/ul>\n\n<hr class=\"wp-block-separator has-alpha-channel-opacity\"\/>\n\n<h3 class=\"wp-block-heading\"><strong>Ad\u0131m 3: Bir Etkinlik Kodu Al\u0131n (varsa)<\/strong><\/h3>\n\n<p><strong>G\u00f6\u00e7menlik, M\u00fcltecilik ve Vatanda\u015fl\u0131k Kanada&#8217;ya (IRCC<\/strong>) kay\u0131tl\u0131 etkinlikler, toplant\u0131lar veya konferanslar i\u00e7in:<\/p>\n\n<ul class=\"wp-block-list\">\n<li>Etkinlik organizat\u00f6r\u00fcn\u00fcz size bir <strong>etkinlik kodu<\/strong> ve vize ba\u015fvurunuz i\u00e7in talimatlar verecektir.<\/li>\n\n\n\n<li>Ba\u015fvurunuzda etkinlik kodunu girmeniz, kat\u0131l\u0131mc\u0131 olarak kimli\u011finizin belirlenmesine yard\u0131mc\u0131 olur.<\/li>\n<\/ul>\n\n<hr class=\"wp-block-separator has-alpha-channel-opacity\"\/>\n\n<h3 class=\"wp-block-heading\"><strong>Ad\u0131m 4: Vize veya eTA Ba\u015fvurusu (Gerekiyorsa)<\/strong><\/h3>\n\n<ul class=\"wp-block-list\">\n<li><strong>Vize<\/strong>: Resmi <a>IRCC web sitesi<\/a> \u00fczerinden vize ba\u015fvurusunda bulunun.<\/li>\n\n\n\n<li><strong>eTA<\/strong>: eTA i\u00e7in online ba\u015fvuru yap\u0131n.<\/li>\n<\/ul>\n\n<hr class=\"wp-block-separator has-alpha-channel-opacity\"\/>\n\n<h3 class=\"wp-block-heading\"><strong>Ad\u0131m 5: Seyahatiniz i\u00e7in Belgeleri Haz\u0131rlay\u0131n<\/strong><\/h3>\n\n<p>Kanada s\u0131n\u0131r\u0131na vard\u0131\u011f\u0131n\u0131zda, a\u015fa\u011f\u0131daki belgeleri yan\u0131n\u0131zda bulundurdu\u011funuzdan emin olun (bunlar\u0131 bavulunuza koymay\u0131n):<\/p>\n\n<ul class=\"wp-block-list\">\n<li>Kald\u0131\u011f\u0131n\u0131z s\u00fcre boyunca ge\u00e7erli bir pasaport veya seyahat belgesi.<\/li>\n\n\n\n<li>Ge\u00e7erli bir vize (varsa).<\/li>\n\n\n\n<li>Bir eTA&#8217;ya ihtiyac\u0131n\u0131z varsa, eTA ba\u015fvurunuzda kulland\u0131\u011f\u0131n\u0131z pasaportla seyahat edin.<\/li>\n\n\n\n<li>Amerika Birle\u015fik Devletleri&#8217;nde yasal olarak daimi ikamet edenler <strong>ge\u00e7erli<\/strong> bir <strong>ye\u015fil kart<\/strong> (veya e\u015fde\u011fer stat\u00fc belgesi) ve pasaportlar\u0131n\u0131 getirmelidir.<\/li>\n\n\n\n<li>Ana \u015firketinizden destek mektuplar\u0131 ve Kanada&#8217;daki ev sahibi i\u015fletmeden bir davet mektubu.<\/li>\n\n\n\n<li>S\u00f6zle\u015fmeler, garanti anla\u015fmalar\u0131 veya hizmet belgeleri gibi ek belgeler (ilgili ise).<\/li>\n\n\n\n<li>Kanada&#8217;daki i\u015fletme sahibinizin ileti\u015fim bilgileri.<\/li>\n\n\n\n<li>Kal\u0131\u015f\u0131n\u0131z ve d\u00f6n\u00fc\u015f\u00fcn\u00fcz i\u00e7in yeterli fonun kan\u0131t\u0131.<\/li>\n<\/ul>\n\n<hr class=\"wp-block-separator has-alpha-channel-opacity\"\/>\n\n<h3 class=\"wp-block-heading\"><strong>Sizinle Seyahat Eden Re\u015fit Olmayanlar<\/strong><\/h3>\n\n<p>E\u011fer 18 ya\u015f\u0131n alt\u0131ndaki \u00e7ocuklarla seyahat ediyorsan\u0131z, Kanada&#8217;n\u0131n re\u015fit olmayanlara y\u00f6nelik d\u00fczenlemelerini \u00f6\u011frenin.<\/p>\n\n<ul class=\"wp-block-list\">\n<li>\u00c7ocuklar\u0131 koruyan Kanada yasalar\u0131na uygunlu\u011fu sa\u011flamak i\u00e7in re\u015fit olmayanlar i\u00e7in giri\u015f ko\u015fullar\u0131na bak\u0131n.<\/li>\n<\/ul>\n\n<hr class=\"wp-block-separator has-alpha-channel-opacity\"\/>\n\n<h3 class=\"wp-block-heading\"><strong>\u0130\u015f Ziyaret\u00e7ileri i\u00e7in \u00d6nemli Notlar<\/strong><\/h3>\n\n<ul class=\"wp-block-list\">\n<li><strong>Kanada-Birle\u015fik Devletler-Meksika Anla\u015fmas\u0131 (CUSMA<\/strong> ) ara\u015ft\u0131rma, pazarlama ve genel hizmetler gibi faaliyetlere kat\u0131lan ABD ve Meksika vatanda\u015flar\u0131 i\u00e7in ek h\u00fck\u00fcmler sa\u011flamaktad\u0131r.<\/li>\n\n\n\n<li>\u00d6zel gereklilikler veya rehberlik i\u00e7in her zaman toplant\u0131 veya etkinlik organizat\u00f6r\u00fcn\u00fcze dan\u0131\u015f\u0131n.<\/li>\n\n\n\n<li>Ticari ziyaret\u00e7iler, Kanada i\u00e7inde do\u011frudan istihdam i\u00e7ermeyen faaliyetlerle s\u0131n\u0131rl\u0131d\u0131r.<\/li>\n<\/ul>\n\n<p>Bu ad\u0131mlar\u0131 izleyerek ve do\u011fru belgelere sahip oldu\u011funuzdan emin olarak Kanada&#8217;ya yapaca\u011f\u0131n\u0131z i\u015f ziyareti verimli ve ba\u015far\u0131l\u0131 bir \u015fekilde ilerleyebilir.<\/p>\n","protected":false},"excerpt":{"rendered":"<p>\u0130\u015f Ziyaret\u00e7ileri: Kanada&#8217;da Toplant\u0131lara, Etkinliklere ve Konferanslara Kat\u0131lmak Ticari ziyaret\u00e7iler, uluslararas\u0131 ticaret ve i\u015fbirli\u011finin geli\u015ftirilmesinde hayati bir rol oynamaktad\u0131r. Kanada&#8217;da [&hellip;]<\/p>\n","protected":false},"author":1,"featured_media":0,"parent":0,"menu_order":0,"comment_status":"closed","ping_status":"closed","template":"","meta":{"_uag_custom_page_level_css":"","site-sidebar-layout":"default","site-content-layout":"","ast-site-content-layout":"","site-content-style":"default","site-sidebar-style":"default","ast-global-header-display":"","ast-banner-title-visibility":"","ast-main-header-display":"","ast-hfb-above-header-display":"","ast-hfb-below-header-display":"","ast-hfb-mobile-header-display":"","site-post-title":"","ast-breadcrumbs-content":"","ast-featured-img":"","footer-sml-layout":"","theme-transparent-header-meta":"","adv-header-id-meta":"","stick-header-meta":"","header-above-stick-meta":"","header-main-stick-meta":"","header-below-stick-meta":"","astra-migrate-meta-layouts":"default","ast-page-background-enabled":"default","ast-page-background-meta":{"desktop":{"background-color":"var(--ast-global-color-4)","background-image":"","background-repeat":"repeat","background-position":"center center","background-size":"auto","background-attachment":"scroll","background-type":"","background-media":"","overlay-type":"","overlay-color":"","overlay-opacity":"","overlay-gradient":""},"tablet":{"background-color":"","background-image":"","background-repeat":"repeat","background-position":"center center","background-size":"auto","background-attachment":"scroll","background-type":"","background-media":"","overlay-type":"","overlay-color":"","overlay-opacity":"","overlay-gradient":""},"mobile":{"background-color":"","background-image":"","background-repeat":"repeat","background-position":"center center","background-size":"auto","background-attachment":"scroll","background-type":"","background-media":"","overlay-type":"","overlay-color":"","overlay-opacity":"","overlay-gradient":""}},"ast-content-background-meta":{"desktop":{"background-color":"var(--ast-global-color-5)","background-image":"","background-repeat":"repeat","background-position":"center center","background-size":"auto","background-attachment":"scroll","background-type":"","background-media":"","overlay-type":"","overlay-color":"","overlay-opacity":"","overlay-gradient":""},"tablet":{"background-color":"var(--ast-global-color-5)","background-image":"","background-repeat":"repeat","background-position":"center center","background-size":"auto","background-attachment":"scroll","background-type":"","background-media":"","overlay-type":"","overlay-color":"","overlay-opacity":"","overlay-gradient":""},"mobile":{"background-color":"var(--ast-global-color-5)","background-image":"","background-repeat":"repeat","background-position":"center center","background-size":"auto","background-attachment":"scroll","background-type":"","background-media":"","overlay-type":"","overlay-color":"","overlay-opacity":"","overlay-gradient":""}},"footnotes":""},"categories":[],"tags":[],"class_list":["post-1015","page","type-page","status-publish","hentry"],"uagb_featured_image_src":{"full":false,"thumbnail":false,"medium":false,"medium_large":false,"large":false,"1536x1536":false,"2048x2048":false},"uagb_author_info":{"display_name":"admin","author_link":"https:\/\/www.etafast.org\/tr\/author\/admin\/"},"uagb_comment_info":0,"uagb_excerpt":"\u0130\u015f Ziyaret\u00e7ileri: Kanada&#8217;da Toplant\u0131lara, Etkinliklere ve Konferanslara Kat\u0131lmak Ticari ziyaret\u00e7iler, uluslararas\u0131 ticaret ve i\u015fbirli\u011finin geli\u015ftirilmesinde hayati bir rol oynamaktad\u0131r. Kanada&#8217;da [&hellip;]","_links":{"self":[{"href":"https:\/\/www.etafast.org\/tr\/wp-json\/wp\/v2\/pages\/1015","targetHints":{"allow":["GET"]}}],"collection":[{"href":"https:\/\/www.etafast.org\/tr\/wp-json\/wp\/v2\/pages"}],"about":[{"href":"https:\/\/www.etafast.org\/tr\/wp-json\/wp\/v2\/types\/page"}],"author":[{"embeddable":true,"href":"https:\/\/www.etafast.org\/tr\/wp-json\/wp\/v2\/users\/1"}],"replies":[{"embeddable":true,"href":"https:\/\/www.etafast.org\/tr\/wp-json\/wp\/v2\/comments?post=1015"}],"version-history":[{"count":1,"href":"https:\/\/www.etafast.org\/tr\/wp-json\/wp\/v2\/pages\/1015\/revisions"}],"predecessor-version":[{"id":1016,"href":"https:\/\/www.etafast.org\/tr\/wp-json\/wp\/v2\/pages\/1015\/revisions\/1016"}],"wp:attachment":[{"href":"https:\/\/www.etafast.org\/tr\/wp-json\/wp\/v2\/media?parent=1015"}],"wp:term":[{"taxonomy":"category","embeddable":true,"href":"https:\/\/www.etafast.org\/tr\/wp-json\/wp\/v2\/categories?post=1015"},{"taxonomy":"post_tag","embeddable":true,"href":"https:\/\/www.etafast.org\/tr\/wp-json\/wp\/v2\/tags?post=1015"}],"curies":[{"name":"wp","href":"https:\/\/api.w.org\/{rel}","templated":true}]}}