{"id":909,"date":"2024-12-11T08:30:38","date_gmt":"2024-12-11T07:30:38","guid":{"rendered":"https:\/\/www.etafast.org\/transit-genom-kanada\/"},"modified":"2024-12-11T09:06:51","modified_gmt":"2024-12-11T08:06:51","slug":"transit-genom-kanada","status":"publish","type":"page","link":"https:\/\/www.etafast.org\/sv\/transit-genom-kanada\/","title":{"rendered":"Transit genom Kanada"},"content":{"rendered":"\n<p>Om du reser till ett annat land och beh\u00f6ver transitera genom Kanada beror dokumentkraven p\u00e5 flera faktorer, inklusive ditt reses\u00e4tt, vistelsens varaktighet, nationalitet och invandringsstatus. Nedan finns en omfattande guide som hj\u00e4lper dig att avg\u00f6ra vad du beh\u00f6ver f\u00f6r en smidig transit genom Kanada. <\/p>\n\n<hr class=\"wp-block-separator has-alpha-channel-opacity\"\/>\n\n<h3 class=\"wp-block-heading\"><strong>Faktorer som avg\u00f6r dina transitbehov<\/strong><\/h3>\n\n<ol class=\"wp-block-list\">\n<li><strong>Reses\u00e4tt<\/strong>:\n<ul class=\"wp-block-list\">\n<li>Med flyg (internationella flyg som ansluter via kanadensiska flygplatser).<\/li>\n\n\n\n<li>Med bil, buss, t\u00e5g eller b\u00e5t (inklusive kryssningsfartyg).<\/li>\n<\/ul>\n<\/li>\n\n\n\n<li><strong>Transiteringens varaktighet<\/strong>:\n<ul class=\"wp-block-list\">\n<li>Mindre \u00e4n 48 timmar.<\/li>\n\n\n\n<li>Mer \u00e4n 48 timmar.<\/li>\n<\/ul>\n<\/li>\n\n\n\n<li><strong>Nationalitet och invandringsstatus<\/strong>:\n<ul class=\"wp-block-list\">\n<li>Ditt pass land.<\/li>\n\n\n\n<li>Oavsett om du \u00e4r amerikansk medborgare, laglig permanent bosatt i USA eller har ett giltigt amerikanskt visum.<\/li>\n<\/ul>\n<\/li>\n<\/ol>\n\n<hr class=\"wp-block-separator has-alpha-channel-opacity\"\/>\n\n<h3 class=\"wp-block-heading\"><strong>Dokumentalternativ f\u00f6r transitering genom Kanada<\/strong><\/h3>\n\n<h4 class=\"wp-block-heading\"><strong>1. Visum f\u00f6r bes\u00f6kare<\/strong><\/h4>\n\n<p>Du beh\u00f6ver ett <strong>bes\u00f6ksvisum<\/strong> om:<\/p>\n\n<ul class=\"wp-block-list\">\n<li>Du \u00e4r fr\u00e5n ett <strong>land d\u00e4r visum kr\u00e4vs<\/strong> och planerar att:\n<ul class=\"wp-block-list\">\n<li>Bes\u00f6k Kanada, \u00e4ven om det \u00e4r f\u00f6r mindre \u00e4n 48 timmar.<\/li>\n\n\n\n<li>Vistas i Kanada i mer \u00e4n <strong>48 timmar<\/strong> under transitering.<\/li>\n<\/ul>\n<\/li>\n\n\n\n<li>Du reser med <strong>buss, bil, t\u00e5g, b\u00e5t eller kryssningsfartyg<\/strong> fr\u00e5n ett visumpliktigt land.<\/li>\n<\/ul>\n\n<p><\/p>\n\n<hr class=\"wp-block-separator has-alpha-channel-opacity\"\/>\n\n<h4 class=\"wp-block-heading\"><strong>2. Transitvisum<\/strong><\/h4>\n\n<p>Du beh\u00f6ver ett <strong>transitvisum<\/strong> om:<\/p>\n\n<ul class=\"wp-block-list\">\n<li>Du \u00e4r fr\u00e5n ett <strong>land d\u00e4r visum kr\u00e4vs<\/strong> och:\n<ul class=\"wp-block-list\">\n<li>Ditt internationella flyg stannar p\u00e5 en kanadensisk flygplats p\u00e5 v\u00e4g till en annan destination.<\/li>\n\n\n\n<li>Du byter mellan tv\u00e5 internationella flygningar p\u00e5 en eller flera flygplatser i Kanada.<\/li>\n\n\n\n<li>Din transit varar <strong>48 timmar eller mindre<\/strong>.<\/li>\n\n\n\n<li>Du har inte ett giltigt bes\u00f6ksvisum.<\/li>\n\n\n\n<li>Du \u00e4r inte ber\u00e4ttigad till en eTA.<\/li>\n<\/ul>\n<\/li>\n<\/ul>\n\n<p><\/p>\n\n<hr class=\"wp-block-separator has-alpha-channel-opacity\"\/>\n\n<h4 class=\"wp-block-heading\"><strong>3. Elektroniskt resef\u00f6rordnande (eTA)<\/strong><\/h4>\n\n<p>Du beh\u00f6ver en <strong>eTA<\/strong> om:<\/p>\n\n<ul class=\"wp-block-list\">\n<li>Du \u00e4r fr\u00e5n <strong>ett land som kr\u00e4ver eTA<\/strong> och:\n<ul class=\"wp-block-list\">\n<li>Transiterar genom Kanada med flyg.<\/li>\n\n\n\n<li>Din transit \u00e4r en del av en anslutande internationell flygning.<\/li>\n<\/ul>\n<\/li>\n<\/ul>\n\n<p><strong>Undantag<\/strong>:<\/p>\n\n<ul class=\"wp-block-list\">\n<li>Du beh\u00f6ver ingen eTA om du reser med t\u00e5g, buss, b\u00e5t eller kryssningsfartyg, men du m\u00e5ste ha giltiga resehandlingar.<\/li>\n<\/ul>\n\n<p><\/p>\n\n<hr class=\"wp-block-separator has-alpha-channel-opacity\"\/>\n\n<h4 class=\"wp-block-heading\"><strong>4. Transit utan visering<\/strong><\/h4>\n\n<ul class=\"wp-block-list\">\n<li>Amerikanska <strong>medborgare och lagliga permanenta inv\u00e5nare<\/strong>:<br>Amerikanska medborgare och innehavare av Green Card kan resa genom Kanada utan visum med flyg, bil, buss, t\u00e5g eller b\u00e5t. Se till att du har med dig: \n<ul class=\"wp-block-list\">\n<li>Ett giltigt pass eller resedokument.<\/li>\n\n\n\n<li>Ett giltigt amerikanskt Green Card (f\u00f6r lagliga permanenta inv\u00e5nare).<\/li>\n<\/ul>\n<\/li>\n\n\n\n<li><strong>Passinnehavare fr\u00e5n vissa l\u00e4nder<\/strong>:<br\/>Medborgare fr\u00e5n <strong>Kina, Indonesien, Filippinerna, Thailand<\/strong> eller <strong>Taiwan<\/strong> (utan personnummer) kan resa in utan visum om de uppfyller vissa villkor.<\/li>\n<\/ul>\n\n<p><\/p>\n\n<hr class=\"wp-block-separator has-alpha-channel-opacity\"\/>\n\n<h3 class=\"wp-block-heading\"><strong>Dokument du m\u00e5ste ha med dig<\/strong><\/h3>\n\n<p>Vid transitering genom Kanada ska du alltid ha f\u00f6ljande dokument redo:<\/p>\n\n<ul class=\"wp-block-list\">\n<li>Ett giltigt pass eller resedokument f\u00f6r hela resan.<\/li>\n\n\n\n<li>En giltig visering, transitvisering eller eTA (om till\u00e4mpligt).<\/li>\n\n\n\n<li>F\u00f6r permanent bosatta i USA: Ett giltigt Green Card eller motsvarande bevis p\u00e5 status.<\/li>\n\n\n\n<li>Bevis p\u00e5 vidare resa, t.ex. flygbiljetter eller resplan.<\/li>\n<\/ul>\n\n<hr class=\"wp-block-separator has-alpha-channel-opacity\"\/>\n\n<h3 class=\"wp-block-heading\"><strong>Viktiga anm\u00e4rkningar<\/strong><\/h3>\n\n<ul class=\"wp-block-list\">\n<li><strong>Transitens varaktighet<\/strong>: Om din genomresa \u00f6verstiger 48 timmar beh\u00f6ver du ett bes\u00f6ksvisum.<\/li>\n\n\n\n<li><strong>Inreses\u00e4tt<\/strong>: eTA kr\u00e4vs f\u00f6r flygresor men inte f\u00f6r resor till lands eller till sj\u00f6ss.<\/li>\n\n\n\n<li><strong>Ans\u00f6k<\/strong> i <strong>f\u00f6rv\u00e4g<\/strong>: Ans\u00f6k om de dokument som kr\u00e4vs i god tid f\u00f6re resedatumet f\u00f6r att undvika f\u00f6rseningar.<\/li>\n<\/ul>\n\n<p>Genom att se till att du har r\u00e4tt dokumentation kan du passera genom Kanada smidigt och fokusera p\u00e5 att n\u00e5 din slutdestination.<\/p>\n","protected":false},"excerpt":{"rendered":"<p>Om du reser till ett annat land och beh\u00f6ver transitera genom Kanada beror dokumentkraven p\u00e5 flera faktorer, inklusive ditt reses\u00e4tt, [&hellip;]<\/p>\n","protected":false},"author":1,"featured_media":0,"parent":0,"menu_order":0,"comment_status":"closed","ping_status":"closed","template":"","meta":{"_uag_custom_page_level_css":"","site-sidebar-layout":"default","site-content-layout":"","ast-site-content-layout":"","site-content-style":"default","site-sidebar-style":"default","ast-global-header-display":"","ast-banner-title-visibility":"","ast-main-header-display":"","ast-hfb-above-header-display":"","ast-hfb-below-header-display":"","ast-hfb-mobile-header-display":"","site-post-title":"","ast-breadcrumbs-content":"","ast-featured-img":"","footer-sml-layout":"","theme-transparent-header-meta":"","adv-header-id-meta":"","stick-header-meta":"","header-above-stick-meta":"","header-main-stick-meta":"","header-below-stick-meta":"","astra-migrate-meta-layouts":"default","ast-page-background-enabled":"default","ast-page-background-meta":{"desktop":{"background-color":"var(--ast-global-color-4)","background-image":"","background-repeat":"repeat","background-position":"center center","background-size":"auto","background-attachment":"scroll","background-type":"","background-media":"","overlay-type":"","overlay-color":"","overlay-opacity":"","overlay-gradient":""},"tablet":{"background-color":"","background-image":"","background-repeat":"repeat","background-position":"center center","background-size":"auto","background-attachment":"scroll","background-type":"","background-media":"","overlay-type":"","overlay-color":"","overlay-opacity":"","overlay-gradient":""},"mobile":{"background-color":"","background-image":"","background-repeat":"repeat","background-position":"center center","background-size":"auto","background-attachment":"scroll","background-type":"","background-media":"","overlay-type":"","overlay-color":"","overlay-opacity":"","overlay-gradient":""}},"ast-content-background-meta":{"desktop":{"background-color":"var(--ast-global-color-5)","background-image":"","background-repeat":"repeat","background-position":"center center","background-size":"auto","background-attachment":"scroll","background-type":"","background-media":"","overlay-type":"","overlay-color":"","overlay-opacity":"","overlay-gradient":""},"tablet":{"background-color":"var(--ast-global-color-5)","background-image":"","background-repeat":"repeat","background-position":"center center","background-size":"auto","background-attachment":"scroll","background-type":"","background-media":"","overlay-type":"","overlay-color":"","overlay-opacity":"","overlay-gradient":""},"mobile":{"background-color":"var(--ast-global-color-5)","background-image":"","background-repeat":"repeat","background-position":"center center","background-size":"auto","background-attachment":"scroll","background-type":"","background-media":"","overlay-type":"","overlay-color":"","overlay-opacity":"","overlay-gradient":""}},"footnotes":""},"categories":[],"tags":[],"class_list":["post-909","page","type-page","status-publish","hentry"],"uagb_featured_image_src":{"full":false,"thumbnail":false,"medium":false,"medium_large":false,"large":false,"1536x1536":false,"2048x2048":false},"uagb_author_info":{"display_name":"admin","author_link":"https:\/\/www.etafast.org\/sv\/author\/admin\/"},"uagb_comment_info":0,"uagb_excerpt":"Om du reser till ett annat land och beh\u00f6ver transitera genom Kanada beror dokumentkraven p\u00e5 flera faktorer, inklusive ditt reses\u00e4tt, [&hellip;]","_links":{"self":[{"href":"https:\/\/www.etafast.org\/sv\/wp-json\/wp\/v2\/pages\/909","targetHints":{"allow":["GET"]}}],"collection":[{"href":"https:\/\/www.etafast.org\/sv\/wp-json\/wp\/v2\/pages"}],"about":[{"href":"https:\/\/www.etafast.org\/sv\/wp-json\/wp\/v2\/types\/page"}],"author":[{"embeddable":true,"href":"https:\/\/www.etafast.org\/sv\/wp-json\/wp\/v2\/users\/1"}],"replies":[{"embeddable":true,"href":"https:\/\/www.etafast.org\/sv\/wp-json\/wp\/v2\/comments?post=909"}],"version-history":[{"count":1,"href":"https:\/\/www.etafast.org\/sv\/wp-json\/wp\/v2\/pages\/909\/revisions"}],"predecessor-version":[{"id":910,"href":"https:\/\/www.etafast.org\/sv\/wp-json\/wp\/v2\/pages\/909\/revisions\/910"}],"wp:attachment":[{"href":"https:\/\/www.etafast.org\/sv\/wp-json\/wp\/v2\/media?parent=909"}],"wp:term":[{"taxonomy":"category","embeddable":true,"href":"https:\/\/www.etafast.org\/sv\/wp-json\/wp\/v2\/categories?post=909"},{"taxonomy":"post_tag","embeddable":true,"href":"https:\/\/www.etafast.org\/sv\/wp-json\/wp\/v2\/tags?post=909"}],"curies":[{"name":"wp","href":"https:\/\/api.w.org\/{rel}","templated":true}]}}