{"id":449,"date":"2024-12-02T16:08:30","date_gmt":"2024-12-02T15:08:30","guid":{"rendered":"https:\/\/www.etafast.org\/kontakt\/"},"modified":"2024-12-11T09:03:17","modified_gmt":"2024-12-11T08:03:17","slug":"kontakt","status":"publish","type":"page","link":"https:\/\/www.etafast.org\/sv\/kontakt\/","title":{"rendered":"Kontakt"},"content":{"rendered":"<style>\n.accordion-content {\n    display: none;\n    padding: 10px;\n    border: 1px solid #ccc;\n    border-top: none;\n}\n\n.accordion-header {\n    cursor: pointer;\n    padding: 10px;\n    border: 1px solid #ccc;\n    margin: 0;\nbackground-color:#fafafa;\nmargin-bottom:10px;\nborder-radius:3px;\npadding-right:50px;\nposition: relative;\nfont-size:110%;\n}\n.accordion-header .qs {\n\n}\n.arrow {\n    position: absolute;\n    right: 10px;\n    top: 10px;\n}\n\n.arrow-up {\n    transform: rotate(180deg);\n}\n<\/style>\n\n\n<script>\njQuery(document).ready(function(){\n    jQuery(\".accordion-header\").click(function() {\n        \/\/ Toggle the arrow direction of the clicked header\n        jQuery(this).children(\".arrow\").toggleClass(\"arrow-up\", !jQuery(this).next().is(\":visible\"));\n        \n        \/\/ Close previously opened content and reset their arrows\n        jQuery(\".accordion-content\").not(jQuery(this).next()).slideUp().prev().children(\".arrow\").removeClass(\"arrow-up\");\n        jQuery(\".accordion-content\").not(jQuery(this).next()).prev().find(\".arrow\").html(\"&#9660;\"); \/\/ Reset other arrows to down\n        \n        jQuery(this).next().slideToggle();\n        if(jQuery(this).next().is(\":visible\")) {\n            jQuery(this).find(\".arrow\").html(\"&#9660;\"); \/\/ Change to up arrow\n        } else {\n            jQuery(this).find(\".arrow\").html(\"&#9650;\"); \/\/ Change back to down arrow\n        }\n    });\n});\n<\/script>\n\n\n<div class=\"accordion\"><h4 class=\"accordion-header\"><span class=\"qs\">\u00c4r betalningen \u00e5terbetalningsbar<\/span><span class=\"arrow\">&#9660;<\/span><\/h4>\n            <div class=\"accordion-content\">\n            <p>Ja, betalningen \u00e4r \u00e5terbetalningsbar innan tj\u00e4nsten levereras till dig. L\u00e4s villkoren f\u00f6r mer information.<\/p>\n            <\/div><\/div><script type=\"application\/ld+json\">\n    {\n      \"@context\": \"https:\/\/schema.org\",\n      \"@type\": \"FAQPage\",\n      \"mainEntity\": [{\n        \"@type\": \"Question\",\n        \"name\": \"\u00c4r betalningen \u00e5terbetalningsbar\",\n        \"acceptedAnswer\": {\n          \"@type\": \"Answer\",\n          \"text\": \"Ja, betalningen \u00e4r \u00e5terbetalningsbar innan tj\u00e4nsten levereras till dig. L\u00e4s villkoren f\u00f6r mer information.\"\n        }\n      }\n      ]\n    }\n    <\/script>\n\n\n<h2>Kundtj\u00e4nst<\/h2><style>\n.accordion-content2 {\n    display: none;\n    padding: 10px;\n    border: 1px solid #ccc;\n    border-top: none;\n}\n            \n.accordion-header2 {\n    cursor: pointer;\n    padding: 10px;\n    border: 1px solid #ccc;\n    margin: 0;\nbackground-color:#fafafa;\nmargin-bottom:10px;\nborder-radius:3px;\npadding-right:50px;\nposition: relative;\nfont-size:110%;\n}\n.accordion-header2 .qs {\n            \n}\n.arrow2 {\n    position: absolute;\n    right: 10px;\n    top: 10px;\n}\n            \n.arrow-up2 {\n    transform: rotate(180deg);\n}\n<\/style>\n            \n            \n<script>\njQuery(document).ready(function(){\n    jQuery(\".accordion-header2\").click(function() {\n        \/\/ Toggle the arrow direction of the clicked header\n        jQuery(this).children(\".arrow2\").toggleClass(\"arrow-up2\", !jQuery(this).next().is(\":visible\"));\n            \n        \/\/ Close previously opened content and reset their arrows\n        jQuery(\".accordion-content2\").not(jQuery(this).next()).slideUp().prev().children(\".arrow2\").removeClass(\"arrow-up2\");\n        jQuery(\".accordion-content2\").not(jQuery(this).next()).prev().find(\".arrow2\").html(\"&#9660;\"); \/\/ Reset other arrows to down\n            \n        jQuery(this).next().slideToggle();\n        if(jQuery(this).next().is(\":visible\")) {\n            jQuery(this).find(\".arrow2\").html(\"&#9660;\"); \/\/ Change to up arrow\n        } else {\n            jQuery(this).find(\".arrow2\").html(\"&#9650;\"); \/\/ Change back to down arrow\n        }\n    });\n});\n<\/script>\n            \n            \n<div class=\"accordion2\"><h4 class=\"accordion-header2\"><span class=\"qs2\">Jag har inte f\u00e5tt n\u00e5gon orderbekr\u00e4ftelse<\/span><span class=\"arrow2\">&#9660;<\/span><\/h4>\n            <div class=\"accordion-content2\">\n            <p>Vi b\u00f6rjar registrera tj\u00e4nsten \u00e5t dig cirka 12 timmar innan giltighetstiden b\u00f6rjar. Vid giltighet samma dag, inom 5 minuter efter att betalningen mottagits.\n Om du vill f\u00e5 aktiveringsinformationen omedelbart kan du starta registreringen direkt p\u00e5 adressen vi skickade till dig i det f\u00f6rsta e-postmeddelandet. \nDet kan h\u00e4nda att du inte f\u00e5r ett e-postmeddelande som bekr\u00e4ftar mottagandet av betalningen (till exempel p\u00e5 grund av en felaktig e-postadress). I s\u00e5 fall, v\u00e4nligen:<br \/> \n- kontrollera din skr\u00e4ppostmapp f\u00f6rst<br \/> \n- om du fortfarande inte hittar n\u00e5gon information fr\u00e5n oss h\u00e4r, f\u00f6rs\u00f6k att hitta din best\u00e4llning med hj\u00e4lp av formul\u00e4ret ovan<br \/> \n- p\u00e5 sidan du hittar kan du sedan korrigera din e-postadress och sp\u00e5ra statusen f\u00f6r din best\u00e4llning.<br \/><br \/> \n \nOm du inte hittar din orderhanteringsadress \u00e4r du v\u00e4lkommen att kontakta oss n\u00e4r som helst.<br \/> \n\n<br \/><a href=\"#cform\" onclick=\"document.getElementById('cform').style.display='';\">Kontakta kundtj\u00e4nst<\/a><\/p>\n            <\/div><h4 class=\"accordion-header2\"><span class=\"qs2\">Jag vill \u00e4ndra mina registreringsuppgifter<\/span><span class=\"arrow2\">&#9660;<\/span><\/h4>\n            <div class=\"accordion-content2\">\n            <p>Vi b\u00f6rjar registrera tj\u00e4nsten \u00e5t dig cirka 12 timmar innan giltighetstiden b\u00f6rjar. Vid giltighet samma dag, inom 5 minuter efter mottagandet av betalning.\nFram till dess kan uppgifterna \u00e4ndras via sidan med orderinformation. Du hittar den h\u00e4r adressen i alla e-postmeddelanden du f\u00e5r fr\u00e5n oss.\n\nOm du inte har f\u00e5tt ett e-postbekr\u00e4ftelse p\u00e5 mottagandet av betalningen (till exempel p\u00e5 grund av en felaktig e-postadress). I s\u00e5 fall, v\u00e4nligen:<br \/> \n- kontrollera din skr\u00e4ppostmapp f\u00f6rst<br \/> \n- om du fortfarande inte hittar n\u00e5gon information fr\u00e5n oss h\u00e4r, f\u00f6rs\u00f6k att hitta din best\u00e4llning med hj\u00e4lp av formul\u00e4ret ovan (Kontroll av orderstatus).<br \/> \n- p\u00e5 sidan du hittar kan du sedan redigera dina uppgifter och sp\u00e5ra statusen f\u00f6r din best\u00e4llning<br \/> \n<br \/> Om din best\u00e4llning redan har behandlats \u00e4r det inte m\u00f6jligt att \u00e4ndra n\u00e5gra uppgifter. Observera att vid felaktiga uppgifter (s\u00e4rskilt fordonets registreringsland, registreringsskylt, giltighetsdatum) \u00e4r vinjetten ogiltig och tj\u00e4nsten m\u00e5ste k\u00f6pas om.<br \/> \nTack f\u00f6r din f\u00f6rst\u00e5else.\n\n<\/p>\n            <\/div><h4 class=\"accordion-header2\"><span class=\"qs2\">Betalningen har g\u00e5tt till mitt konto men jag har inte f\u00e5tt n\u00e5got e-postmeddelande<\/span><span class=\"arrow2\">&#9660;<\/span><\/h4>\n            <div class=\"accordion-content2\">\n            <p>Som framg\u00e5r av v\u00e5ra villkor b\u00f6rjar vi behandla tj\u00e4nsten s\u00e5 snart betalningen kommer in i systemet. Det kan finnas flera orsaker till att betalningen inte krediteras. Fr\u00e5n det faktum att ditt bankinstitut skickade betalningen sent till tekniska problem. Enkelt uttryckt, tills vi ser betalningen i v\u00e5rt system, anser vi inte att best\u00e4llningen \u00e4r slutf\u00f6rd fr\u00e5n din sida. Vi vidtar alla m\u00f6jliga \u00e5tg\u00e4rder f\u00f6r att korrekt para ihop alla betalningar som kommer in, vilket resulterar i en felfrekvens p\u00e5 en hundradel av en procent. Om du inte f\u00e5r ett e-postmeddelande som informerar dig om att betalningen har mottagits inom h\u00f6gst 1 timme efter betalningen (kontrollera \u00e4ven din skr\u00e4ppostmapp), v\u00e4nligen kontakta oss omedelbart. Detta \u00e4r det enda s\u00e4ttet f\u00f6r oss att s\u00e4kerst\u00e4lla att din best\u00e4llning g\u00e5r smidigt. Observera att vi b\u00f6rjar arbeta med en order f\u00f6rst n\u00e4r betalningen har tagits emot i systemet, inte n\u00e4r betalningen har skickats (eller helt enkelt blockerats) p\u00e5 kundens sida. Vi ansvarar inte f\u00f6r eventuella skador som uppst\u00e5r innan betalningen har mottagits. Tack f\u00f6r din f\u00f6rst\u00e5else.<br \/><br \/><a href=\"#cform\" onclick=\"document.getElementById('cform').style.display='';\">Kontakta kundtj\u00e4nst<\/a><\/p>\n            <\/div><h4 class=\"accordion-header2\"><span class=\"qs2\">Jag har en annan fr\u00e5ga till dig.<\/span><span class=\"arrow2\">&#9660;<\/span><\/h4>\n            <div class=\"accordion-content2\">\n            <p>Om inget av svaren uppfyller dina krav kan du n\u00e4r som helst kontakta oss, s\u00e5 hj\u00e4lper vi dig g\u00e4rna.<br \/><br \/><a href=\"#cform\" onclick=\"document.getElementById('cform').style.display='';\">Kontakta kundtj\u00e4nst<\/a><\/p>\n            <\/div><\/div><div id=\"cform\"><br style=\"clear:both;\" \/><h2>Support via e-post<\/h2><script type=\"text\/javascript\">\n        function decodeEmail(encodedLocalPart, encodedDomainPart, indices) {\n            const localPart = atob(encodedLocalPart).split('');\n            const domainPart = atob(encodedDomainPart).split('');\n\n            \/\/ Reconstruct the email address using the provided indices\n            const originalLocalPart = indices.local.map(index => localPart[index]).join('');\n            const originalDomainPart = indices.domain.map(index => domainPart[index]).join('');\n\n            const email = originalLocalPart + \"@\" + originalDomainPart;\n            document.getElementById('email').innerText = email;\n        }\n    <\/script><p>F\u00f6r att g\u00f6ra en beg\u00e4ran om kundsupport kan du skicka ett e-postmeddelande till adressen nedan:<\/p><div style=\"text-align:center;padding:20px 0 50px 0;font-size:150%;\nfont-weight:bold;\"><a id=\"email-link\" href=\"\"><\/a><\/div><script>document.addEventListener(\"DOMContentLoaded\", function() {    const emailLink = document.getElementById(\"email-link\");    const obfuscatedEmail = \"gro.tsafate@troppus\";    const realEmail = obfuscatedEmail.split(\"\").reverse().join(\"\");    const randomString = Array.from({length: realEmail.length}, () => Math.random().toString(36)[2]).join('');    emailLink.textContent = randomString;    emailLink.href = 'mailto:'+realEmail;\n                    emailLink.textContent = realEmail;});<\/script><h2>St\u00f6d f\u00f6r WhatsApp<\/h2><p>F\u00f6r en snabb l\u00f6sning p\u00e5 dina orderrelaterade fr\u00e5gor kan du kontakta oss p\u00e5 WhatsApp-telefonnummer (meddelanden \u00e4r gratis, du betalar bara f\u00f6r data inom internetanslutningen).<\/p><div style=\"text-align:center;padding:20px 0 50px 0;font-size:150%;\nfont-weight:bold;\"><a href=\"https:\/\/wa.me\/447893938888\">+44 789 393 8888<\/a><\/div><h2>Kundtj\u00e4nst<\/h2><p style=\"text-align:center;color:#6ab400;font-weight:bold;\">Online-support finns tillg\u00e4nglig 24x7<\/p><p>F\u00f6r snabbare behandling av din f\u00f6rfr\u00e5gan ber vi dig att ange din e-postadress som angavs vid registreringen, din bils registreringsnummer och datumet f\u00f6r din best\u00e4llning. Tack f\u00f6r din f\u00f6rst\u00e5else.<\/p>\n<a style=\"display:block;width:100%;\ncolor:#fff;background-color:rgb(241, 23, 23);padding:10px 0;\nfont-size:120%;text-align:center;\" onclick=\"zE('messenger', 'open');return false;\" href=\"#\">Kontakta support<\/a>\n<!-- Start of Zendesk Widget script -->\n<script id=\"ze-snippet\" src=\"https:\/\/static.zdassets.com\/ekr\/snippet.js?key=fc8651a1-b5bf-4914-a59d-057a43523f5b\"> <\/script>\n<!-- End of Zendesk Widget script -->\n\n\n<script><\/script>\n<\/div>\n\n\n\n<p><\/p>\n","protected":false},"excerpt":{"rendered":"","protected":false},"author":1,"featured_media":0,"parent":0,"menu_order":0,"comment_status":"closed","ping_status":"closed","template":"","meta":{"_uag_custom_page_level_css":"","site-sidebar-layout":"default","site-content-layout":"","ast-site-content-layout":"","site-content-style":"default","site-sidebar-style":"default","ast-global-header-display":"","ast-banner-title-visibility":"","ast-main-header-display":"","ast-hfb-above-header-display":"","ast-hfb-below-header-display":"","ast-hfb-mobile-header-display":"","site-post-title":"","ast-breadcrumbs-content":"","ast-featured-img":"","footer-sml-layout":"","theme-transparent-header-meta":"","adv-header-id-meta":"","stick-header-meta":"","header-above-stick-meta":"","header-main-stick-meta":"","header-below-stick-meta":"","astra-migrate-meta-layouts":"default","ast-page-background-enabled":"default","ast-page-background-meta":{"desktop":{"background-color":"var(--ast-global-color-4)","background-image":"","background-repeat":"repeat","background-position":"center center","background-size":"auto","background-attachment":"scroll","background-type":"","background-media":"","overlay-type":"","overlay-color":"","overlay-opacity":"","overlay-gradient":""},"tablet":{"background-color":"","background-image":"","background-repeat":"repeat","background-position":"center center","background-size":"auto","background-attachment":"scroll","background-type":"","background-media":"","overlay-type":"","overlay-color":"","overlay-opacity":"","overlay-gradient":""},"mobile":{"background-color":"","background-image":"","background-repeat":"repeat","background-position":"center center","background-size":"auto","background-attachment":"scroll","background-type":"","background-media":"","overlay-type":"","overlay-color":"","overlay-opacity":"","overlay-gradient":""}},"ast-content-background-meta":{"desktop":{"background-color":"var(--ast-global-color-5)","background-image":"","background-repeat":"repeat","background-position":"center center","background-size":"auto","background-attachment":"scroll","background-type":"","background-media":"","overlay-type":"","overlay-color":"","overlay-opacity":"","overlay-gradient":""},"tablet":{"background-color":"var(--ast-global-color-5)","background-image":"","background-repeat":"repeat","background-position":"center center","background-size":"auto","background-attachment":"scroll","background-type":"","background-media":"","overlay-type":"","overlay-color":"","overlay-opacity":"","overlay-gradient":""},"mobile":{"background-color":"var(--ast-global-color-5)","background-image":"","background-repeat":"repeat","background-position":"center center","background-size":"auto","background-attachment":"scroll","background-type":"","background-media":"","overlay-type":"","overlay-color":"","overlay-opacity":"","overlay-gradient":""}},"footnotes":""},"categories":[],"tags":[],"class_list":["post-449","page","type-page","status-publish","hentry"],"uagb_featured_image_src":{"full":false,"thumbnail":false,"medium":false,"medium_large":false,"large":false,"1536x1536":false,"2048x2048":false},"uagb_author_info":{"display_name":"admin","author_link":"https:\/\/www.etafast.org\/sv\/author\/admin\/"},"uagb_comment_info":0,"uagb_excerpt":null,"_links":{"self":[{"href":"https:\/\/www.etafast.org\/sv\/wp-json\/wp\/v2\/pages\/449","targetHints":{"allow":["GET"]}}],"collection":[{"href":"https:\/\/www.etafast.org\/sv\/wp-json\/wp\/v2\/pages"}],"about":[{"href":"https:\/\/www.etafast.org\/sv\/wp-json\/wp\/v2\/types\/page"}],"author":[{"embeddable":true,"href":"https:\/\/www.etafast.org\/sv\/wp-json\/wp\/v2\/users\/1"}],"replies":[{"embeddable":true,"href":"https:\/\/www.etafast.org\/sv\/wp-json\/wp\/v2\/comments?post=449"}],"version-history":[{"count":1,"href":"https:\/\/www.etafast.org\/sv\/wp-json\/wp\/v2\/pages\/449\/revisions"}],"predecessor-version":[{"id":450,"href":"https:\/\/www.etafast.org\/sv\/wp-json\/wp\/v2\/pages\/449\/revisions\/450"}],"wp:attachment":[{"href":"https:\/\/www.etafast.org\/sv\/wp-json\/wp\/v2\/media?parent=449"}],"wp:term":[{"taxonomy":"category","embeddable":true,"href":"https:\/\/www.etafast.org\/sv\/wp-json\/wp\/v2\/categories?post=449"},{"taxonomy":"post_tag","embeddable":true,"href":"https:\/\/www.etafast.org\/sv\/wp-json\/wp\/v2\/tags?post=449"}],"curies":[{"name":"wp","href":"https:\/\/api.w.org\/{rel}","templated":true}]}}