{"id":1569,"date":"2024-12-11T08:24:00","date_gmt":"2024-12-11T07:24:00","guid":{"rendered":"https:\/\/www.etafast.org\/om-processen\/"},"modified":"2024-12-11T09:16:39","modified_gmt":"2024-12-11T08:16:39","slug":"om-processen","status":"publish","type":"page","link":"https:\/\/www.etafast.org\/sv\/om-processen\/","title":{"rendered":"Om processen"},"content":{"rendered":"\n<h3 class=\"wp-block-heading\">Om processen f\u00f6r elektroniskt resetillst\u00e5nd (eTA)<\/h3>\n\n<p>Electronic Travel Authorization (eTA) \u00e4r ett inresekrav f\u00f6r viseringsfria utl\u00e4ndska medborgare som reser till eller transiterar genom Kanada med flyg. Det \u00e4r en snabb och okomplicerad onlineprocess som \u00e4r utformad f\u00f6r att f\u00f6rb\u00e4ttra gr\u00e4nss\u00e4kerheten och samtidigt s\u00e4kerst\u00e4lla en smidig resa f\u00f6r ber\u00e4ttigade personer. <\/p>\n\n<h4 class=\"wp-block-heading\">Vad \u00e4r en eTA?<\/h4>\n\n<p>En eTA \u00e4r ett elektroniskt l\u00e4nkat resetillst\u00e5nd som \u00e4r kopplat till ditt pass. Det \u00e4r giltigt i upp till fem \u00e5r eller tills ditt pass g\u00e5r ut, beroende p\u00e5 vilket som kommer f\u00f6rst. Med eTA kan du bes\u00f6ka Kanada f\u00f6r kortare vistelser (vanligtvis upp till sex m\u00e5nader) f\u00f6r turism, aff\u00e4rer eller transit.  <\/p>\n\n<h4 class=\"wp-block-heading\">Viktiga punkter att k\u00e4nna till om eTA-processen:<\/h4>\n\n<ol class=\"wp-block-list\">\n<li><strong>Enkel onlineans\u00f6kan<\/strong>:<br\/>eTA-ans\u00f6kningsprocessen genomf\u00f6rs helt online. Det finns inget behov av pappersarbete eller personliga bes\u00f6k, vilket g\u00f6r det till ett bekv\u00e4mt alternativ f\u00f6r resen\u00e4rer. <\/li>\n\n\n\n<li><strong>Prisv\u00e4rd avgift<\/strong>:<br\/>Att ans\u00f6ka om en eTA kostar endast CAN $ 7. Denna avgift betalas online under ans\u00f6kningsprocessen. <\/li>\n\n\n\n<li><strong>Snabb behandling<\/strong>:<br\/>De flesta eTA-ans\u00f6kningar godk\u00e4nns inom n\u00e5gra minuter. Vissa ans\u00f6kningar kan dock ta l\u00e4ngre tid om ytterligare dokument kr\u00e4vs. I s\u00e5dana fall kommer s\u00f6kande att f\u00e5 instruktioner via e-post inom 72 timmar.  <\/li>\n\n\n\n<li><strong>Krav f\u00f6r st\u00f6dber\u00e4ttigande<\/strong>:\n<ul class=\"wp-block-list\">\n<li>Visumbefriade utl\u00e4ndska medborgare som flyger till eller transiterar genom Kanada beh\u00f6ver en eTA.<\/li>\n\n\n\n<li>Vissa resen\u00e4rer fr\u00e5n viseringspliktiga l\u00e4nder kan ocks\u00e5 kvalificera sig f\u00f6r ett eTA om de uppfyller s\u00e4rskilda kriterier, till exempel att de har ett giltigt amerikanskt nonimmigrant-visum eller har haft ett kanadensiskt bes\u00f6ksvisum under de senaste 10 \u00e5ren.<\/li>\n\n\n\n<li>Resen\u00e4rer som anl\u00e4nder med bil, buss, t\u00e5g eller b\u00e5t, inklusive kryssningsfartyg, beh\u00f6ver ett bes\u00f6ksvisum ist\u00e4llet f\u00f6r en eTA.<\/li>\n<\/ul>\n<\/li>\n\n\n\n<li><strong>Begr\u00e4nsningar av resor<\/strong>:\n<ul class=\"wp-block-list\">\n<li>En eTA ger dig inte r\u00e4tt att arbeta eller studera i Kanada. Om du planerar att arbeta eller studera m\u00e5ste du ans\u00f6ka om l\u00e4mpliga tillst\u00e5nd. <\/li>\n\n\n\n<li>En eTA garanterar inte inresa till Kanada. Gr\u00e4nskontrollanterna kommer att bed\u00f6ma din beh\u00f6righet vid ankomsten. <\/li>\n<\/ul>\n<\/li>\n\n\n\n<li><strong>Giltighet<\/strong>:<br\/>N\u00e4r ett eTA har godk\u00e4nts kopplas det till ditt pass och f\u00f6rblir giltigt f\u00f6r flera inresor, f\u00f6rutsatt att ditt pass f\u00f6rblir giltigt. Res alltid med samma pass som du anv\u00e4nde f\u00f6r din eTA-ans\u00f6kan. <\/li>\n<\/ol>\n\n<h4 class=\"wp-block-heading\">Skydda dig sj\u00e4lv fr\u00e5n bedr\u00e4gerier<\/h4>\n\n<p>Akta dig f\u00f6r bedr\u00e4gliga webbplatser eller personer som lovar garanterad inresa, arbete eller studiem\u00f6jligheter i Kanada. Ans\u00f6k endast via den officiella webbplatsen f\u00f6r Kanadas regering och undvik att dela personlig information med obekr\u00e4ftade k\u00e4llor. Felaktiga uppgifter eller bedr\u00e4geri kan f\u00e5 allvarliga r\u00e4ttsliga konsekvenser.  <\/p>\n\n<h4 class=\"wp-block-heading\">Innan du ans\u00f6ker<\/h4>\n\n<ul class=\"wp-block-list\">\n<li>Se till att du har ett giltigt pass, ett kredit- eller betalkort och en e-postadress.<\/li>\n\n\n\n<li>L\u00e4s hj\u00e4lpdokumentet f\u00f6r applikationen som finns p\u00e5 flera spr\u00e5k f\u00f6r v\u00e4gledning.<\/li>\n\n\n\n<li>Ans\u00f6k om eTA <strong>innan<\/strong> du bokar ditt flyg f\u00f6r att undvika f\u00f6rseningar.<\/li>\n<\/ul>\n\n<p>Att ans\u00f6ka om en eTA \u00e4r ett viktigt steg f\u00f6r ber\u00e4ttigade resen\u00e4rer som planerar att bes\u00f6ka Kanada. Genom att f\u00f6rst\u00e5 processen och f\u00f6rbereda din ans\u00f6kan noggrant kan du s\u00e4kerst\u00e4lla en smidig och problemfri resa. <\/p>\n","protected":false},"excerpt":{"rendered":"<p>Om processen f\u00f6r elektroniskt resetillst\u00e5nd (eTA) Electronic Travel Authorization (eTA) \u00e4r ett inresekrav f\u00f6r viseringsfria utl\u00e4ndska medborgare som reser till [&hellip;]<\/p>\n","protected":false},"author":1,"featured_media":0,"parent":0,"menu_order":0,"comment_status":"closed","ping_status":"closed","template":"","meta":{"_uag_custom_page_level_css":"","site-sidebar-layout":"default","site-content-layout":"","ast-site-content-layout":"","site-content-style":"default","site-sidebar-style":"default","ast-global-header-display":"","ast-banner-title-visibility":"","ast-main-header-display":"","ast-hfb-above-header-display":"","ast-hfb-below-header-display":"","ast-hfb-mobile-header-display":"","site-post-title":"","ast-breadcrumbs-content":"","ast-featured-img":"","footer-sml-layout":"","theme-transparent-header-meta":"","adv-header-id-meta":"","stick-header-meta":"","header-above-stick-meta":"","header-main-stick-meta":"","header-below-stick-meta":"","astra-migrate-meta-layouts":"default","ast-page-background-enabled":"default","ast-page-background-meta":{"desktop":{"background-color":"var(--ast-global-color-4)","background-image":"","background-repeat":"repeat","background-position":"center center","background-size":"auto","background-attachment":"scroll","background-type":"","background-media":"","overlay-type":"","overlay-color":"","overlay-opacity":"","overlay-gradient":""},"tablet":{"background-color":"","background-image":"","background-repeat":"repeat","background-position":"center center","background-size":"auto","background-attachment":"scroll","background-type":"","background-media":"","overlay-type":"","overlay-color":"","overlay-opacity":"","overlay-gradient":""},"mobile":{"background-color":"","background-image":"","background-repeat":"repeat","background-position":"center center","background-size":"auto","background-attachment":"scroll","background-type":"","background-media":"","overlay-type":"","overlay-color":"","overlay-opacity":"","overlay-gradient":""}},"ast-content-background-meta":{"desktop":{"background-color":"var(--ast-global-color-5)","background-image":"","background-repeat":"repeat","background-position":"center center","background-size":"auto","background-attachment":"scroll","background-type":"","background-media":"","overlay-type":"","overlay-color":"","overlay-opacity":"","overlay-gradient":""},"tablet":{"background-color":"var(--ast-global-color-5)","background-image":"","background-repeat":"repeat","background-position":"center center","background-size":"auto","background-attachment":"scroll","background-type":"","background-media":"","overlay-type":"","overlay-color":"","overlay-opacity":"","overlay-gradient":""},"mobile":{"background-color":"var(--ast-global-color-5)","background-image":"","background-repeat":"repeat","background-position":"center center","background-size":"auto","background-attachment":"scroll","background-type":"","background-media":"","overlay-type":"","overlay-color":"","overlay-opacity":"","overlay-gradient":""}},"footnotes":""},"categories":[],"tags":[],"class_list":["post-1569","page","type-page","status-publish","hentry"],"uagb_featured_image_src":{"full":false,"thumbnail":false,"medium":false,"medium_large":false,"large":false,"1536x1536":false,"2048x2048":false},"uagb_author_info":{"display_name":"admin","author_link":"https:\/\/www.etafast.org\/sv\/author\/admin\/"},"uagb_comment_info":0,"uagb_excerpt":"Om processen f\u00f6r elektroniskt resetillst\u00e5nd (eTA) Electronic Travel Authorization (eTA) \u00e4r ett inresekrav f\u00f6r viseringsfria utl\u00e4ndska medborgare som reser till [&hellip;]","_links":{"self":[{"href":"https:\/\/www.etafast.org\/sv\/wp-json\/wp\/v2\/pages\/1569","targetHints":{"allow":["GET"]}}],"collection":[{"href":"https:\/\/www.etafast.org\/sv\/wp-json\/wp\/v2\/pages"}],"about":[{"href":"https:\/\/www.etafast.org\/sv\/wp-json\/wp\/v2\/types\/page"}],"author":[{"embeddable":true,"href":"https:\/\/www.etafast.org\/sv\/wp-json\/wp\/v2\/users\/1"}],"replies":[{"embeddable":true,"href":"https:\/\/www.etafast.org\/sv\/wp-json\/wp\/v2\/comments?post=1569"}],"version-history":[{"count":1,"href":"https:\/\/www.etafast.org\/sv\/wp-json\/wp\/v2\/pages\/1569\/revisions"}],"predecessor-version":[{"id":1570,"href":"https:\/\/www.etafast.org\/sv\/wp-json\/wp\/v2\/pages\/1569\/revisions\/1570"}],"wp:attachment":[{"href":"https:\/\/www.etafast.org\/sv\/wp-json\/wp\/v2\/media?parent=1569"}],"wp:term":[{"taxonomy":"category","embeddable":true,"href":"https:\/\/www.etafast.org\/sv\/wp-json\/wp\/v2\/categories?post=1569"},{"taxonomy":"post_tag","embeddable":true,"href":"https:\/\/www.etafast.org\/sv\/wp-json\/wp\/v2\/tags?post=1569"}],"curies":[{"name":"wp","href":"https:\/\/api.w.org\/{rel}","templated":true}]}}