{"id":1487,"date":"2024-12-11T08:24:51","date_gmt":"2024-12-11T07:24:51","guid":{"rendered":"https:\/\/www.etafast.org\/vem-kan-ansoka\/"},"modified":"2024-12-11T09:15:19","modified_gmt":"2024-12-11T08:15:19","slug":"vem-kan-ansoka","status":"publish","type":"page","link":"https:\/\/www.etafast.org\/sv\/vem-kan-ansoka\/","title":{"rendered":"Vem kan ans\u00f6ka"},"content":{"rendered":"\n<h3 class=\"wp-block-heading\">Vem kan ans\u00f6ka om ett elektroniskt resetillst\u00e5nd (eTA)?<\/h3>\n\n<p>Electronic Travel Authorization (eTA) \u00e4r ett resekrav f\u00f6r vissa personer som reser till eller transiterar genom Kanada med flyg. H\u00e4r \u00e4r en detaljerad uppdelning av vem som \u00e4r ber\u00e4ttigad att ans\u00f6ka: <\/p>\n\n<h4 class=\"wp-block-heading\"><strong>Beh\u00f6righetskriterier f\u00f6r en eTA<\/strong><\/h4>\n\n<p>Du kan ans\u00f6ka om en eTA om du uppfyller <strong>alla tre av f\u00f6ljande krav:<\/strong><\/p>\n\n<ol class=\"wp-block-list\">\n<li><strong>Tidigare resehistoria<\/strong>:<ul><li>Du har haft ett kanadensiskt bes\u00f6ksvisum (visum f\u00f6r tillf\u00e4llig vistelse) under de senaste 10 \u00e5ren, ELLER<\/li><li>Du har f\u00f6r n\u00e4rvarande ett giltigt visum f\u00f6r icke-immigranter i USA (U.S.).<\/li><\/ul><em>(Ditt amerikanska nonimmigrantvisum m\u00e5ste vara giltigt den dag du ans\u00f6ker om en eTA, men det beh\u00f6ver inte vara giltigt under din resa till Kanada).<\/em><\/li>\n\n\n\n<li><strong>\u00c4ndam\u00e5let med resan<\/strong>:\n<ul class=\"wp-block-list\">\n<li>Du kommer till Kanada f\u00f6r en <strong>tillf\u00e4llig vistelse<\/strong>, vanligtvis upp till sex m\u00e5nader.<\/li>\n<\/ul>\n<\/li>\n\n\n\n<li><strong>Resel\u00e4ge<\/strong>:\n<ul class=\"wp-block-list\">\n<li>Du flyger till eller transiterar genom en kanadensisk flygplats med ett giltigt pass fr\u00e5n n\u00e5got av de <strong>l\u00e4nder som omfattas av viseringskravet<\/strong>.<\/li>\n<\/ul>\n<\/li>\n<\/ol>\n\n<h4 class=\"wp-block-heading\"><strong>L\u00e4nder som omfattas av visumtv\u00e5ng<\/strong><\/h4>\n\n<p>Medborgare i f\u00f6ljande l\u00e4nder kan ans\u00f6ka om en eTA om de uppfyller kriterierna ovan:<\/p>\n\n<ul class=\"wp-block-list\">\n<li>Antigua och Barbuda<\/li>\n\n\n\n<li>Argentina<\/li>\n\n\n\n<li>Brasilien<\/li>\n\n\n\n<li>Costa Rica<\/li>\n\n\n\n<li>Mexiko<\/li>\n\n\n\n<li>Marocko<\/li>\n\n\n\n<li>Panama<\/li>\n\n\n\n<li>Filippinerna<\/li>\n\n\n\n<li>St Kitts och Nevis<\/li>\n\n\n\n<li>St Lucia<\/li>\n\n\n\n<li>St Vincent och Grenadinerna<\/li>\n\n\n\n<li>Seychellerna<\/li>\n\n\n\n<li>Thailand<\/li>\n\n\n\n<li>Trinidad och Tobago<\/li>\n\n\n\n<li>Uruguay<\/li>\n<\/ul>\n\n<p>Om du inte uppfyller alla dessa krav m\u00e5ste du i st\u00e4llet ans\u00f6ka om ett bes\u00f6ksvisum (visum f\u00f6r tillf\u00e4llig vistelse).<\/p>\n\n<hr class=\"wp-block-separator has-alpha-channel-opacity\"\/>\n\n<h3 class=\"wp-block-heading\"><strong>Vem beh\u00f6ver INTE en eTA?<\/strong><\/h3>\n\n<ul class=\"wp-block-list\">\n<li>Amerikanska <strong>medborgare<\/strong>:<br\/>Amerikanska medborgare \u00e4r undantagna fr\u00e5n eTA-kravet. De beh\u00f6ver bara visa upp ett giltigt amerikanskt pass. <\/li>\n\n\n\n<li><strong>Kanadensiska medborgare (inklusive dubbla medborgare)<\/strong>:<br\/>Kanadensiska medborgare kan inte ans\u00f6ka om eTA. De m\u00e5ste resa med ett giltigt kanadensiskt pass. Personer med dubbelt medborgarskap m\u00e5ste ocks\u00e5 anv\u00e4nda sitt kanadensiska pass n\u00e4r de flyger till Kanada.  <\/li>\n\n\n\n<li><strong>Permanent bosatta<\/strong> i Kanada:<br>Permanent bosatta i Kanada <strong>kan<\/strong> inte ans\u00f6ka om en eTA. Ist\u00e4llet m\u00e5ste de resa med: \n<ul class=\"wp-block-list\">\n<li>Ett giltigt permanent uppeh\u00e5llstillst\u00e5nd, ELLER<\/li>\n\n\n\n<li>Resedokument f\u00f6r permanent bosatta.<\/li>\n<\/ul>\n<\/li>\n\n\n\n<li><strong>Lagliga perman<\/strong>enta inv\u00e5nare i USA:<br>Fr\u00e5n och med den 26 april 2022 \u00e4r lagliga permanenta inv\u00e5nare i USA undantagna fr\u00e5n eTA-kravet. De m\u00e5ste b\u00e4ra: \n<ul class=\"wp-block-list\">\n<li>ett giltigt pass fr\u00e5n det land d\u00e4r de \u00e4r medborgare, och<\/li>\n\n\n\n<li>Ett giltigt amerikanskt Green Card eller motsvarande bevis p\u00e5 status.<\/li>\n<\/ul>\n<\/li>\n<\/ul>\n\n<hr class=\"wp-block-separator has-alpha-channel-opacity\"\/>\n\n<h3 class=\"wp-block-heading\"><strong>Resescenarier och dokumentkrav<\/strong><\/h3>\n\n<figure class=\"wp-block-table\"><table class=\"has-fixed-layout\"><thead><tr><th><strong>Hur du reser till Kanada<\/strong><\/th><th><strong>Obligatoriska dokument<\/strong><\/th><\/tr><\/thead><tbody><tr><td>Flyger till eller transiterar genom en kanadensisk flygplats och \u00e4r ber\u00e4ttigad till ett eTA<\/td><td>eTA eller bes\u00f6ksvisum<\/td><\/tr><tr><td>Flyger till eller transiterar genom en kanadensisk flygplats och INTE \u00e4r ber\u00e4ttigad till en eTA<\/td><td>Visum f\u00f6r bes\u00f6kare<\/td><\/tr><tr><td>Anl\u00e4nder med bil, buss, t\u00e5g eller b\u00e5t (inklusive kryssningsfartyg)<\/td><td>Visum f\u00f6r bes\u00f6kare<\/td><\/tr><tr><td>Resa till Kanada med ett giltigt kanadensiskt visum<\/td><td>Ingen eTA kr\u00e4vs &#8211; anv\u00e4nd visumet<\/td><\/tr><tr><td>Flyga tillbaka till Kanada efter att ha f\u00f6rnyat ditt arbets- eller studietillst\u00e5nd<\/td><td>eTA f\u00f6rsedd med f\u00f6rnyat tillst\u00e5nd<\/td><\/tr><tr><td>Reser till Kanada f\u00f6r att arbeta eller studera i mer \u00e4n 6 m\u00e5nader<\/td><td>Arbets- eller studietillst\u00e5nd (inkluderar visum)<\/td><\/tr><\/tbody><\/table><\/figure>\n\n<hr class=\"wp-block-separator has-alpha-channel-opacity\"\/>\n\n<h3 class=\"wp-block-heading\"><strong>Viktiga \u00f6verv\u00e4ganden<\/strong><\/h3>\n\n<ul class=\"wp-block-list\">\n<li><strong>Grundl\u00e4ggande krav<\/strong>: F\u00f6r att komma in i Kanada m\u00e5ste du uppfylla allm\u00e4nna inresekriterier, inklusive giltiga resedokument, god h\u00e4lsa, ekonomiskt st\u00f6d och starka band till ditt hemland.<\/li>\n\n\n\n<li><strong>Otill\u00e5tlighet<\/strong>: Personer som \u00e4r inblandade i brottslig verksamhet, s\u00e4kerhetshot eller vissa h\u00e4lso- och ekonomiska fr\u00e5gor kan anses vara otill\u00e5tna att komma till Kanada, \u00e4ven med en giltig eTA.<\/li>\n<\/ul>\n\n<p>eTA \u00e4r utformat f\u00f6r att f\u00f6renkla flygresor till Kanada f\u00f6r ber\u00e4ttigade personer. L\u00e4s igenom kraven noggrant och ans\u00f6k i god tid f\u00f6re din planerade resa. <\/p>\n","protected":false},"excerpt":{"rendered":"<p>Vem kan ans\u00f6ka om ett elektroniskt resetillst\u00e5nd (eTA)? Electronic Travel Authorization (eTA) \u00e4r ett resekrav f\u00f6r vissa personer som reser [&hellip;]<\/p>\n","protected":false},"author":1,"featured_media":0,"parent":0,"menu_order":0,"comment_status":"closed","ping_status":"closed","template":"","meta":{"_uag_custom_page_level_css":"","site-sidebar-layout":"default","site-content-layout":"","ast-site-content-layout":"","site-content-style":"default","site-sidebar-style":"default","ast-global-header-display":"","ast-banner-title-visibility":"","ast-main-header-display":"","ast-hfb-above-header-display":"","ast-hfb-below-header-display":"","ast-hfb-mobile-header-display":"","site-post-title":"","ast-breadcrumbs-content":"","ast-featured-img":"","footer-sml-layout":"","theme-transparent-header-meta":"","adv-header-id-meta":"","stick-header-meta":"","header-above-stick-meta":"","header-main-stick-meta":"","header-below-stick-meta":"","astra-migrate-meta-layouts":"default","ast-page-background-enabled":"default","ast-page-background-meta":{"desktop":{"background-color":"var(--ast-global-color-4)","background-image":"","background-repeat":"repeat","background-position":"center center","background-size":"auto","background-attachment":"scroll","background-type":"","background-media":"","overlay-type":"","overlay-color":"","overlay-opacity":"","overlay-gradient":""},"tablet":{"background-color":"","background-image":"","background-repeat":"repeat","background-position":"center center","background-size":"auto","background-attachment":"scroll","background-type":"","background-media":"","overlay-type":"","overlay-color":"","overlay-opacity":"","overlay-gradient":""},"mobile":{"background-color":"","background-image":"","background-repeat":"repeat","background-position":"center center","background-size":"auto","background-attachment":"scroll","background-type":"","background-media":"","overlay-type":"","overlay-color":"","overlay-opacity":"","overlay-gradient":""}},"ast-content-background-meta":{"desktop":{"background-color":"var(--ast-global-color-5)","background-image":"","background-repeat":"repeat","background-position":"center center","background-size":"auto","background-attachment":"scroll","background-type":"","background-media":"","overlay-type":"","overlay-color":"","overlay-opacity":"","overlay-gradient":""},"tablet":{"background-color":"var(--ast-global-color-5)","background-image":"","background-repeat":"repeat","background-position":"center center","background-size":"auto","background-attachment":"scroll","background-type":"","background-media":"","overlay-type":"","overlay-color":"","overlay-opacity":"","overlay-gradient":""},"mobile":{"background-color":"var(--ast-global-color-5)","background-image":"","background-repeat":"repeat","background-position":"center center","background-size":"auto","background-attachment":"scroll","background-type":"","background-media":"","overlay-type":"","overlay-color":"","overlay-opacity":"","overlay-gradient":""}},"footnotes":""},"categories":[],"tags":[],"class_list":["post-1487","page","type-page","status-publish","hentry"],"uagb_featured_image_src":{"full":false,"thumbnail":false,"medium":false,"medium_large":false,"large":false,"1536x1536":false,"2048x2048":false},"uagb_author_info":{"display_name":"admin","author_link":"https:\/\/www.etafast.org\/sv\/author\/admin\/"},"uagb_comment_info":0,"uagb_excerpt":"Vem kan ans\u00f6ka om ett elektroniskt resetillst\u00e5nd (eTA)? Electronic Travel Authorization (eTA) \u00e4r ett resekrav f\u00f6r vissa personer som reser [&hellip;]","_links":{"self":[{"href":"https:\/\/www.etafast.org\/sv\/wp-json\/wp\/v2\/pages\/1487","targetHints":{"allow":["GET"]}}],"collection":[{"href":"https:\/\/www.etafast.org\/sv\/wp-json\/wp\/v2\/pages"}],"about":[{"href":"https:\/\/www.etafast.org\/sv\/wp-json\/wp\/v2\/types\/page"}],"author":[{"embeddable":true,"href":"https:\/\/www.etafast.org\/sv\/wp-json\/wp\/v2\/users\/1"}],"replies":[{"embeddable":true,"href":"https:\/\/www.etafast.org\/sv\/wp-json\/wp\/v2\/comments?post=1487"}],"version-history":[{"count":1,"href":"https:\/\/www.etafast.org\/sv\/wp-json\/wp\/v2\/pages\/1487\/revisions"}],"predecessor-version":[{"id":1488,"href":"https:\/\/www.etafast.org\/sv\/wp-json\/wp\/v2\/pages\/1487\/revisions\/1488"}],"wp:attachment":[{"href":"https:\/\/www.etafast.org\/sv\/wp-json\/wp\/v2\/media?parent=1487"}],"wp:term":[{"taxonomy":"category","embeddable":true,"href":"https:\/\/www.etafast.org\/sv\/wp-json\/wp\/v2\/categories?post=1487"},{"taxonomy":"post_tag","embeddable":true,"href":"https:\/\/www.etafast.org\/sv\/wp-json\/wp\/v2\/tags?post=1487"}],"curies":[{"name":"wp","href":"https:\/\/api.w.org\/{rel}","templated":true}]}}