{"id":1405,"date":"2024-12-11T08:25:47","date_gmt":"2024-12-11T07:25:47","guid":{"rendered":"https:\/\/www.etafast.org\/behover-du-visa\/"},"modified":"2024-12-11T09:14:14","modified_gmt":"2024-12-11T08:14:14","slug":"behover-du-visa","status":"publish","type":"page","link":"https:\/\/www.etafast.org\/sv\/behover-du-visa\/","title":{"rendered":"Beh\u00f6ver du VISA?"},"content":{"rendered":"\n<h3 class=\"wp-block-heading\">Hur du tar reda p\u00e5 om du beh\u00f6ver visum f\u00f6r att resa till Kanada<\/h3>\n\n<p>Kanada kr\u00e4ver att resen\u00e4rer har antingen ett <strong>bes\u00f6ksvisum<\/strong> eller ett <strong>elektroniskt resetillst\u00e5nd (eTA)<\/strong> f\u00f6r att komma in i eller transitera genom landet, beroende p\u00e5 deras nationalitet och resemetod. S\u00e5 h\u00e4r kan du avg\u00f6ra vad du beh\u00f6ver: <\/p>\n\n<hr class=\"wp-block-separator has-alpha-channel-opacity\"\/>\n\n<h3 class=\"wp-block-heading\"><strong>Steg 1: Kontrollera din nationalitet<\/strong><\/h3>\n\n<p>Vilken typ av resehandling du beh\u00f6ver beror fr\u00e4mst p\u00e5 ditt medborgarskap. Resen\u00e4rer faller inom en av tre kategorier: <\/p>\n\n<ol class=\"wp-block-list\">\n<li><strong>Visumbefriade resen\u00e4rer (beh\u00f6ver en eTA)<\/strong><br\/>Om du \u00e4r medborgare i ett visumbefriat land beh\u00f6ver du en eTA om du reser till eller transiterar genom Kanada med flyg. Exempel p\u00e5 viseringsfria l\u00e4nder inkluderar: <ul><li>Australien<\/li><li>Tyskland<\/li><li>Japan<\/li><li>F\u00f6renade kungariket<\/li><li>Frankrike<br\/><em>(Detta \u00e4r inte en fullst\u00e4ndig lista.)<\/em><\/li><\/ul><strong>Viktigt<\/strong>: Om du reser in i Kanada med bil, buss, t\u00e5g eller b\u00e5t, inklusive en kryssning, beh\u00f6ver du INTE en eTA eller ett bes\u00f6ksvisum.<\/li>\n\n\n\n<li><strong>Visumkr\u00e4vande resen\u00e4rer (beh\u00f6ver ett bes\u00f6ksvisum)<\/strong><br>Medborgare i l\u00e4nder som inte finns med p\u00e5 listan \u00f6ver viseringsfria l\u00e4nder beh\u00f6ver ett bes\u00f6ksvisum (\u00e4ven kallat tillf\u00e4lligt uppeh\u00e5llstillst\u00e5nd) f\u00f6r att resa till Kanada, oavsett f\u00e4rds\u00e4tt.<br>Exempel p\u00e5 visumpliktiga l\u00e4nder \u00e4r f\u00f6ljande:\n<ul class=\"wp-block-list\">\n<li>Indien<\/li>\n\n\n\n<li>Kina<\/li>\n\n\n\n<li>Pakistan<br\/><em>(Detta \u00e4r inte en fullst\u00e4ndig lista.)<\/em><\/li>\n<\/ul>\n<\/li>\n\n\n\n<li>Visumpliktiga <strong>resen\u00e4rer (kan kvalificera sig f\u00f6r ett eTA)<\/strong><br>Om du kommer fr\u00e5n ett visumpliktigt land men uppfyller vissa villkor kan du ans\u00f6ka om ett eTA i st\u00e4llet f\u00f6r visum. Dessa villkor inkluderar: <ul><li>Innehar ett giltigt amerikanskt visum f\u00f6r icke-invandrare, ELLER<\/li><li>Har haft ett kanadensiskt bes\u00f6ksvisum under de senaste 10 \u00e5ren.<\/li><\/ul>L\u00e4nder som \u00e4r ber\u00e4ttigade till detta alternativ \u00e4r\n<ul class=\"wp-block-list\">\n<li>Brasilien<\/li>\n\n\n\n<li>Mexiko<\/li>\n\n\n\n<li>Filippinerna<br\/><em>(Detta \u00e4r inte en fullst\u00e4ndig lista.)<\/em><\/li>\n<\/ul>\n<\/li>\n<\/ol>\n\n<hr class=\"wp-block-separator has-alpha-channel-opacity\"\/>\n\n<h3 class=\"wp-block-heading\"><strong>Steg 2: T\u00e4nk p\u00e5 din resemetod<\/strong><\/h3>\n\n<p>Vilken resehandling du beh\u00f6ver beror ocks\u00e5 p\u00e5 hur du reser in i Kanada:<\/p>\n\n<figure class=\"wp-block-table\"><table class=\"has-fixed-layout\"><thead><tr><th><strong>F\u00e4rds\u00e4tt<\/strong><\/th><th><strong>Krav<\/strong><\/th><\/tr><\/thead><tbody><tr><td>Flyger till eller transiterar genom en kanadensisk flygplats<\/td><td>eTA (f\u00f6r viseringsfria resen\u00e4rer) eller bes\u00f6ksvisum<\/td><\/tr><tr><td>Anl\u00e4nder med bil, buss, t\u00e5g eller b\u00e5t (inklusive kryssning)<\/td><td>Bes\u00f6ksvisum (f\u00f6r resen\u00e4rer som beh\u00f6ver visum)<\/td><\/tr><tr><td>Resa med ett giltigt kanadensiskt visum<\/td><td>Ingen eTA kr\u00e4vs; anv\u00e4nd ditt visum<\/td><\/tr><\/tbody><\/table><\/figure>\n\n<hr class=\"wp-block-separator has-alpha-channel-opacity\"\/>\n\n<h3 class=\"wp-block-heading\"><strong>Steg 3: Undantag fr\u00e5n regeln<\/strong><\/h3>\n\n<ol class=\"wp-block-list\">\n<li>Amerikanska <strong>medborgare<\/strong><br\/>Amerikanska medborgare beh\u00f6ver INTE en eTA eller en bes\u00f6ksvisum. De beh\u00f6ver bara ett giltigt amerikanskt pass. <\/li>\n\n\n\n<li>Kanadensiska <strong>medborgare (inklusive medborgare med dubbelt medborg<\/strong>arskap)<br\/>Kanadensiska medborgare kan inte ans\u00f6ka om eTA eller visum. De m\u00e5ste resa med ett giltigt kanadensiskt pass. <\/li>\n\n\n\n<li><strong>Permanent bosatta<\/strong> i Kanada<br>Permanent bosatta i Kanada <strong>kan<\/strong> inte ans\u00f6ka om en eTA. De m\u00e5ste resa med: \n<ul class=\"wp-block-list\">\n<li>Ett giltigt permanent uppeh\u00e5llstillst\u00e5nd, ELLER<\/li>\n\n\n\n<li>Resedokument f\u00f6r permanent bosatta.<\/li>\n<\/ul>\n<\/li>\n\n\n\n<li>Amerikanska <strong>permanenta<\/strong> inv\u00e5nare<br>Fr\u00e5n och med den 26 april 2022 beh\u00f6ver lagliga permanenta inv\u00e5nare i USA inte en eTA. De m\u00e5ste b\u00e4ra med sig: \n<ul class=\"wp-block-list\">\n<li>Ett giltigt pass fr\u00e5n deras nationalitet, OCH<\/li>\n\n\n\n<li>Ett giltigt Green Card eller motsvarande bevis p\u00e5 status.<\/li>\n<\/ul>\n<\/li>\n<\/ol>\n\n<hr class=\"wp-block-separator has-alpha-channel-opacity\"\/>\n\n<h3 class=\"wp-block-heading\"><strong>Steg 4: Anv\u00e4nd verktyget fr\u00e5n Kanadas regering<\/strong><\/h3>\n\n<p>F\u00f6r att bekr\u00e4fta om du beh\u00f6ver visum eller eTA kan du anv\u00e4nda den kanadensiska regeringens officiella <a>verktyg f\u00f6r resehandlingar<\/a>. Ange bara din nationalitet, resemetod och syftet med bes\u00f6ket f\u00f6r att f\u00e5 personliga resultat. <\/p>\n\n<hr class=\"wp-block-separator has-alpha-channel-opacity\"\/>\n\n<h3 class=\"wp-block-heading\"><strong>Slutliga anteckningar<\/strong><\/h3>\n\n<ul class=\"wp-block-list\">\n<li>Se till att du ans\u00f6ker om r\u00e4tt dokument i god tid f\u00f6re resedatumet.<\/li>\n\n\n\n<li>Att ha en visering eller eTA garanterar inte inresa till Kanada. Du m\u00e5ste \u00f6vertyga gr\u00e4nskontrolltj\u00e4nstemannen om att du uppfyller alla inresekrav. <\/li>\n<\/ul>\n\n<p><\/p>\n","protected":false},"excerpt":{"rendered":"<p>Hur du tar reda p\u00e5 om du beh\u00f6ver visum f\u00f6r att resa till Kanada Kanada kr\u00e4ver att resen\u00e4rer har antingen [&hellip;]<\/p>\n","protected":false},"author":1,"featured_media":0,"parent":0,"menu_order":0,"comment_status":"closed","ping_status":"closed","template":"","meta":{"_uag_custom_page_level_css":"","site-sidebar-layout":"default","site-content-layout":"","ast-site-content-layout":"","site-content-style":"default","site-sidebar-style":"default","ast-global-header-display":"","ast-banner-title-visibility":"","ast-main-header-display":"","ast-hfb-above-header-display":"","ast-hfb-below-header-display":"","ast-hfb-mobile-header-display":"","site-post-title":"","ast-breadcrumbs-content":"","ast-featured-img":"","footer-sml-layout":"","theme-transparent-header-meta":"","adv-header-id-meta":"","stick-header-meta":"","header-above-stick-meta":"","header-main-stick-meta":"","header-below-stick-meta":"","astra-migrate-meta-layouts":"default","ast-page-background-enabled":"default","ast-page-background-meta":{"desktop":{"background-color":"var(--ast-global-color-4)","background-image":"","background-repeat":"repeat","background-position":"center center","background-size":"auto","background-attachment":"scroll","background-type":"","background-media":"","overlay-type":"","overlay-color":"","overlay-opacity":"","overlay-gradient":""},"tablet":{"background-color":"","background-image":"","background-repeat":"repeat","background-position":"center center","background-size":"auto","background-attachment":"scroll","background-type":"","background-media":"","overlay-type":"","overlay-color":"","overlay-opacity":"","overlay-gradient":""},"mobile":{"background-color":"","background-image":"","background-repeat":"repeat","background-position":"center center","background-size":"auto","background-attachment":"scroll","background-type":"","background-media":"","overlay-type":"","overlay-color":"","overlay-opacity":"","overlay-gradient":""}},"ast-content-background-meta":{"desktop":{"background-color":"var(--ast-global-color-5)","background-image":"","background-repeat":"repeat","background-position":"center center","background-size":"auto","background-attachment":"scroll","background-type":"","background-media":"","overlay-type":"","overlay-color":"","overlay-opacity":"","overlay-gradient":""},"tablet":{"background-color":"var(--ast-global-color-5)","background-image":"","background-repeat":"repeat","background-position":"center center","background-size":"auto","background-attachment":"scroll","background-type":"","background-media":"","overlay-type":"","overlay-color":"","overlay-opacity":"","overlay-gradient":""},"mobile":{"background-color":"var(--ast-global-color-5)","background-image":"","background-repeat":"repeat","background-position":"center center","background-size":"auto","background-attachment":"scroll","background-type":"","background-media":"","overlay-type":"","overlay-color":"","overlay-opacity":"","overlay-gradient":""}},"footnotes":""},"categories":[],"tags":[],"class_list":["post-1405","page","type-page","status-publish","hentry"],"uagb_featured_image_src":{"full":false,"thumbnail":false,"medium":false,"medium_large":false,"large":false,"1536x1536":false,"2048x2048":false},"uagb_author_info":{"display_name":"admin","author_link":"https:\/\/www.etafast.org\/sv\/author\/admin\/"},"uagb_comment_info":0,"uagb_excerpt":"Hur du tar reda p\u00e5 om du beh\u00f6ver visum f\u00f6r att resa till Kanada Kanada kr\u00e4ver att resen\u00e4rer har antingen [&hellip;]","_links":{"self":[{"href":"https:\/\/www.etafast.org\/sv\/wp-json\/wp\/v2\/pages\/1405","targetHints":{"allow":["GET"]}}],"collection":[{"href":"https:\/\/www.etafast.org\/sv\/wp-json\/wp\/v2\/pages"}],"about":[{"href":"https:\/\/www.etafast.org\/sv\/wp-json\/wp\/v2\/types\/page"}],"author":[{"embeddable":true,"href":"https:\/\/www.etafast.org\/sv\/wp-json\/wp\/v2\/users\/1"}],"replies":[{"embeddable":true,"href":"https:\/\/www.etafast.org\/sv\/wp-json\/wp\/v2\/comments?post=1405"}],"version-history":[{"count":1,"href":"https:\/\/www.etafast.org\/sv\/wp-json\/wp\/v2\/pages\/1405\/revisions"}],"predecessor-version":[{"id":1406,"href":"https:\/\/www.etafast.org\/sv\/wp-json\/wp\/v2\/pages\/1405\/revisions\/1406"}],"wp:attachment":[{"href":"https:\/\/www.etafast.org\/sv\/wp-json\/wp\/v2\/media?parent=1405"}],"wp:term":[{"taxonomy":"category","embeddable":true,"href":"https:\/\/www.etafast.org\/sv\/wp-json\/wp\/v2\/categories?post=1405"},{"taxonomy":"post_tag","embeddable":true,"href":"https:\/\/www.etafast.org\/sv\/wp-json\/wp\/v2\/tags?post=1405"}],"curies":[{"name":"wp","href":"https:\/\/api.w.org\/{rel}","templated":true}]}}