{"id":1303,"date":"2024-12-11T08:26:43","date_gmt":"2024-12-11T07:26:43","guid":{"rendered":"https:\/\/www.etafast.org\/forlang-din-vistelse-i-kanada\/"},"modified":"2024-12-11T09:12:25","modified_gmt":"2024-12-11T08:12:25","slug":"forlang-din-vistelse-i-kanada","status":"publish","type":"page","link":"https:\/\/www.etafast.org\/sv\/forlang-din-vistelse-i-kanada\/","title":{"rendered":"F\u00f6rl\u00e4ng din vistelse i Kanada"},"content":{"rendered":"\n<h3 class=\"wp-block-heading\">F\u00f6rl\u00e4ng din vistelse i Kanada: Bes\u00f6ksregister<\/h3>\n\n<p>Om du vill stanna i Kanada l\u00e4ngre \u00e4n din ursprungliga auktoriserade period som bes\u00f6kare m\u00e5ste du ans\u00f6ka om en <strong>bes\u00f6karrekord<\/strong>. En bes\u00f6ksrekord \u00e4r ett viktigt dokument som g\u00f6r att du kan f\u00f6rl\u00e4nga din vistelse utan att bryta mot invandringsreglerna. <\/p>\n\n<hr class=\"wp-block-separator has-alpha-channel-opacity\"\/>\n\n<h3 class=\"wp-block-heading\"><strong>Vad \u00e4r ett bes\u00f6karregister?<\/strong><\/h3>\n\n<p>Ett bes\u00f6ksintyg \u00e4r <strong>inte en visering<\/strong>. Ist\u00e4llet \u00e4r det ett officiellt dokument som: <\/p>\n\n<ul class=\"wp-block-list\">\n<li>Ger dig r\u00e4tt att stanna l\u00e4ngre i Kanada som <strong>bes\u00f6kare<\/strong>, arbetstagare som har r\u00e4tt att arbeta utan tillst\u00e5nd eller student som har r\u00e4tt att studera utan tillst\u00e5nd.<\/li>\n\n\n\n<li>Anger ett nytt utg\u00e5ngsdatum d\u00e5 du m\u00e5ste l\u00e4mna Kanada.<\/li>\n<\/ul>\n\n<hr class=\"wp-block-separator has-alpha-channel-opacity\"\/>\n\n<h3 class=\"wp-block-heading\"><strong>N\u00e4r ska man ans\u00f6ka om ett bes\u00f6ksregister?<\/strong><\/h3>\n\n<p>Du m\u00e5ste ans\u00f6ka om ett bes\u00f6ksregister <strong>innan din nuvarande status upph\u00f6r att<\/strong> g\u00e4lla.<\/p>\n\n<ul class=\"wp-block-list\">\n<li>Kontrollera st\u00e4mpeln i ditt pass eller den skriftliga bekr\u00e4ftelsen p\u00e5 din till\u00e5tna vistelsetid som utf\u00e4rdades n\u00e4r du reste in i Kanada.<\/li>\n\n\n\n<li>Om inget specifikt datum har angetts upph\u00f6r din status normalt att g\u00e4lla <strong>6 m\u00e5nader efter ankomstdatumet<\/strong>.<\/li>\n<\/ul>\n\n<hr class=\"wp-block-separator has-alpha-channel-opacity\"\/>\n\n<h3 class=\"wp-block-heading\"><strong>Vem kan ans\u00f6ka om ett bes\u00f6ksregister?<\/strong><\/h3>\n\n<p>Du kan ans\u00f6ka om ett bes\u00f6ksregister om du:<\/p>\n\n<ul class=\"wp-block-list\">\n<li>reste in i Kanada med ett bes\u00f6ksvisum, eTA eller ett annat giltigt resedokument och nu vill f\u00f6rl\u00e4nga din till\u00e5tna vistelse.<\/li>\n\n\n\n<li>Du befinner dig f\u00f6r n\u00e4rvarande i Kanada som bes\u00f6kare, arbetstagare eller student utan tillst\u00e5nd och vill f\u00f6rl\u00e4nga din status.<\/li>\n<\/ul>\n\n<hr class=\"wp-block-separator has-alpha-channel-opacity\"\/>\n\n<h3 class=\"wp-block-heading\"><strong>Hur man ans\u00f6ker om ett bes\u00f6ksregister<\/strong><\/h3>\n\n<p>Processen f\u00f6r att ans\u00f6ka om ett bes\u00f6ksregister omfattar f\u00f6ljande steg:<\/p>\n\n<ol class=\"wp-block-list\">\n<li><strong>F\u00f6rbered dina dokument<\/strong>:\n<ul class=\"wp-block-list\">\n<li>Ett giltigt pass eller resedokument (se till att det \u00e4r giltigt under hela den f\u00f6rl\u00e4ngda vistelsen).<\/li>\n\n\n\n<li>Bevis p\u00e5 tillr\u00e4ckliga medel f\u00f6r att f\u00f6rs\u00f6rja dig under den f\u00f6rl\u00e4ngda vistelsen.<\/li>\n\n\n\n<li>En tydlig f\u00f6rklaring till varf\u00f6r du vill f\u00f6rl\u00e4nga din vistelse i Kanada.<\/li>\n<\/ul>\n<\/li>\n\n\n\n<li><strong>Skicka in din ans\u00f6kan online<\/strong>:\n<ul class=\"wp-block-list\">\n<li>Fyll i ans\u00f6kningsformul\u00e4ret via <a>IRCC-portalen<\/a>.<\/li>\n\n\n\n<li>Betala ans\u00f6kningsavgiften, som b\u00f6rjar p\u00e5 <strong>$ 100.<\/strong><\/li>\n<\/ul>\n<\/li>\n\n\n\n<li><strong>Ans\u00f6k tidigt<\/strong>:\n<ul class=\"wp-block-list\">\n<li>Handl\u00e4ggningstiden \u00e4r cirka <strong>126 dagar<\/strong>, s\u00e5 det \u00e4r viktigt att du ans\u00f6ker i god tid innan din nuvarande status l\u00f6per ut.<\/li>\n\n\n\n<li>Om din status upph\u00f6r att g\u00e4lla medan din ans\u00f6kan behandlas har du <strong>implicit status<\/strong> och kan lagligen stanna i Kanada tills ett beslut fattas.<\/li>\n<\/ul>\n<\/li>\n<\/ol>\n\n<hr class=\"wp-block-separator has-alpha-channel-opacity\"\/>\n\n<h3 class=\"wp-block-heading\"><strong>Efter att du ans\u00f6kt<\/strong><\/h3>\n\n<ul class=\"wp-block-list\">\n<li><strong>Godk\u00e4nnande<\/strong>: Om din ans\u00f6kan godk\u00e4nns f\u00e5r du ett bes\u00f6ksintyg med uppgift om ditt nya giltighetsdatum.<\/li>\n\n\n\n<li><strong>Avslag<\/strong> p\u00e5 <strong>ans\u00f6kan<\/strong>: Om du f\u00e5r avslag p\u00e5 din ans\u00f6kan m\u00e5ste du omedelbart l\u00e4mna Kanada.<\/li>\n\n\n\n<li><strong>Underf\u00f6rst\u00e5dd status<\/strong>: I v\u00e4ntan p\u00e5 ett beslut kan du stanna kvar i Kanada lagligt om du ans\u00f6kte innan din status l\u00f6pte ut.<\/li>\n<\/ul>\n\n<hr class=\"wp-block-separator has-alpha-channel-opacity\"\/>\n\n<h3 class=\"wp-block-heading\"><strong>Resa utanf\u00f6r Kanada<\/strong><\/h3>\n\n<p>Ett bes\u00f6ksregister <strong>garanterar inte \u00e5terinresa<\/strong> till <strong>Kanada<\/strong>. Om du l\u00e4mnar Kanada under din f\u00f6rl\u00e4ngda vistelse och planerar att \u00e5terv\u00e4nda, beh\u00f6ver du: <\/p>\n\n<ul class=\"wp-block-list\">\n<li>En giltig <strong>bes\u00f6ksvisering<\/strong> eller <strong>eTA<\/strong> f\u00f6r \u00e5terinresa till Kanada, och<\/li>\n\n\n\n<li>Ditt bes\u00f6ksregister f\u00f6r att bevisa din auktoriserade vistelsef\u00f6rl\u00e4ngning.<\/li>\n<\/ul>\n\n<hr class=\"wp-block-separator has-alpha-channel-opacity\"\/>\n\n<h3 class=\"wp-block-heading\"><strong>Viktiga avgifter och handl\u00e4ggningstider<\/strong><\/h3>\n\n<ul class=\"wp-block-list\">\n<li><strong>Avgifter<\/strong>: Fr\u00e5n <strong>$ 100<\/strong> f\u00f6r en ans\u00f6kan om bes\u00f6ksregister.<\/li>\n\n\n\n<li><strong>Bearbetningstid<\/strong>: Cirka <strong>126 dagar<\/strong> (med reservation f\u00f6r variationer).<\/li>\n<\/ul>\n\n<hr class=\"wp-block-separator has-alpha-channel-opacity\"\/>\n\n<h3 class=\"wp-block-heading\"><strong>Viktiga anm\u00e4rkningar<\/strong><\/h3>\n\n<ul class=\"wp-block-list\">\n<li>Se till att ditt pass \u00e4r giltigt under hela din vistelse.<\/li>\n\n\n\n<li>Ett bes\u00f6ksregister ger dig inte r\u00e4tt att arbeta eller studera i Kanada. Du beh\u00f6ver ett arbets- eller studietillst\u00e5nd f\u00f6r dessa aktiviteter. <\/li>\n\n\n\n<li>Om du \u00f6verskrider din till\u00e5tna vistelse utan att ans\u00f6ka om f\u00f6rl\u00e4ngning kan det leda till r\u00e4ttsliga p\u00e5f\u00f6ljder och kan p\u00e5verka framtida resor till Kanada.<\/li>\n<\/ul>\n\n<p>Att planera att f\u00f6rl\u00e4nga din vistelse i Kanada kr\u00e4ver f\u00f6rberedelser och snabb inl\u00e4mning av ans\u00f6kan. Genom att f\u00f6lja processen kan du njuta av en l\u00e4ngre vistelse samtidigt som du f\u00f6ljer kanadensiska invandringslagar. <\/p>\n","protected":false},"excerpt":{"rendered":"<p>F\u00f6rl\u00e4ng din vistelse i Kanada: Bes\u00f6ksregister Om du vill stanna i Kanada l\u00e4ngre \u00e4n din ursprungliga auktoriserade period som bes\u00f6kare [&hellip;]<\/p>\n","protected":false},"author":1,"featured_media":0,"parent":0,"menu_order":0,"comment_status":"closed","ping_status":"closed","template":"","meta":{"_uag_custom_page_level_css":"","site-sidebar-layout":"default","site-content-layout":"","ast-site-content-layout":"","site-content-style":"default","site-sidebar-style":"default","ast-global-header-display":"","ast-banner-title-visibility":"","ast-main-header-display":"","ast-hfb-above-header-display":"","ast-hfb-below-header-display":"","ast-hfb-mobile-header-display":"","site-post-title":"","ast-breadcrumbs-content":"","ast-featured-img":"","footer-sml-layout":"","theme-transparent-header-meta":"","adv-header-id-meta":"","stick-header-meta":"","header-above-stick-meta":"","header-main-stick-meta":"","header-below-stick-meta":"","astra-migrate-meta-layouts":"default","ast-page-background-enabled":"default","ast-page-background-meta":{"desktop":{"background-color":"var(--ast-global-color-4)","background-image":"","background-repeat":"repeat","background-position":"center center","background-size":"auto","background-attachment":"scroll","background-type":"","background-media":"","overlay-type":"","overlay-color":"","overlay-opacity":"","overlay-gradient":""},"tablet":{"background-color":"","background-image":"","background-repeat":"repeat","background-position":"center center","background-size":"auto","background-attachment":"scroll","background-type":"","background-media":"","overlay-type":"","overlay-color":"","overlay-opacity":"","overlay-gradient":""},"mobile":{"background-color":"","background-image":"","background-repeat":"repeat","background-position":"center center","background-size":"auto","background-attachment":"scroll","background-type":"","background-media":"","overlay-type":"","overlay-color":"","overlay-opacity":"","overlay-gradient":""}},"ast-content-background-meta":{"desktop":{"background-color":"var(--ast-global-color-5)","background-image":"","background-repeat":"repeat","background-position":"center center","background-size":"auto","background-attachment":"scroll","background-type":"","background-media":"","overlay-type":"","overlay-color":"","overlay-opacity":"","overlay-gradient":""},"tablet":{"background-color":"var(--ast-global-color-5)","background-image":"","background-repeat":"repeat","background-position":"center center","background-size":"auto","background-attachment":"scroll","background-type":"","background-media":"","overlay-type":"","overlay-color":"","overlay-opacity":"","overlay-gradient":""},"mobile":{"background-color":"var(--ast-global-color-5)","background-image":"","background-repeat":"repeat","background-position":"center center","background-size":"auto","background-attachment":"scroll","background-type":"","background-media":"","overlay-type":"","overlay-color":"","overlay-opacity":"","overlay-gradient":""}},"footnotes":""},"categories":[],"tags":[],"class_list":["post-1303","page","type-page","status-publish","hentry"],"uagb_featured_image_src":{"full":false,"thumbnail":false,"medium":false,"medium_large":false,"large":false,"1536x1536":false,"2048x2048":false},"uagb_author_info":{"display_name":"admin","author_link":"https:\/\/www.etafast.org\/sv\/author\/admin\/"},"uagb_comment_info":0,"uagb_excerpt":"F\u00f6rl\u00e4ng din vistelse i Kanada: Bes\u00f6ksregister Om du vill stanna i Kanada l\u00e4ngre \u00e4n din ursprungliga auktoriserade period som bes\u00f6kare [&hellip;]","_links":{"self":[{"href":"https:\/\/www.etafast.org\/sv\/wp-json\/wp\/v2\/pages\/1303","targetHints":{"allow":["GET"]}}],"collection":[{"href":"https:\/\/www.etafast.org\/sv\/wp-json\/wp\/v2\/pages"}],"about":[{"href":"https:\/\/www.etafast.org\/sv\/wp-json\/wp\/v2\/types\/page"}],"author":[{"embeddable":true,"href":"https:\/\/www.etafast.org\/sv\/wp-json\/wp\/v2\/users\/1"}],"replies":[{"embeddable":true,"href":"https:\/\/www.etafast.org\/sv\/wp-json\/wp\/v2\/comments?post=1303"}],"version-history":[{"count":1,"href":"https:\/\/www.etafast.org\/sv\/wp-json\/wp\/v2\/pages\/1303\/revisions"}],"predecessor-version":[{"id":1304,"href":"https:\/\/www.etafast.org\/sv\/wp-json\/wp\/v2\/pages\/1303\/revisions\/1304"}],"wp:attachment":[{"href":"https:\/\/www.etafast.org\/sv\/wp-json\/wp\/v2\/media?parent=1303"}],"wp:term":[{"taxonomy":"category","embeddable":true,"href":"https:\/\/www.etafast.org\/sv\/wp-json\/wp\/v2\/categories?post=1303"},{"taxonomy":"post_tag","embeddable":true,"href":"https:\/\/www.etafast.org\/sv\/wp-json\/wp\/v2\/tags?post=1303"}],"curies":[{"name":"wp","href":"https:\/\/api.w.org\/{rel}","templated":true}]}}