{"id":1221,"date":"2024-12-11T08:28:06","date_gmt":"2024-12-11T07:28:06","guid":{"rendered":"https:\/\/www.etafast.org\/supervisum-for-foraldrar-och-mor-och-farforaldrar\/"},"modified":"2024-12-11T09:11:21","modified_gmt":"2024-12-11T08:11:21","slug":"supervisum-for-foraldrar-och-mor-och-farforaldrar","status":"publish","type":"page","link":"https:\/\/www.etafast.org\/sv\/supervisum-for-foraldrar-och-mor-och-farforaldrar\/","title":{"rendered":"Supervisum f\u00f6r f\u00f6r\u00e4ldrar och mor- och farf\u00f6r\u00e4ldrar"},"content":{"rendered":"\n<h3 class=\"wp-block-heading\">Supervisum f\u00f6r f\u00f6r\u00e4ldrar och mor- och farf\u00f6r\u00e4ldrar<\/h3>\n\n<p><strong>Super Visa<\/strong> \u00e4r ett s\u00e4rskilt visum f\u00f6r f\u00f6r\u00e4ldrar och mor- och farf\u00f6r\u00e4ldrar till kanadensiska medborgare och permanent bosatta. Det till\u00e5ter f\u00f6rl\u00e4ngda bes\u00f6k i Kanada, vilket ger en unik m\u00f6jlighet att tillbringa tid med familjen och samtidigt njuta av f\u00f6rdelarna med flera inresor under en l\u00e4ngre tid. <\/p>\n\n<hr class=\"wp-block-separator has-alpha-channel-opacity\"\/>\n\n<h3 class=\"wp-block-heading\"><strong>Vad \u00e4r ett Super Visa?<\/strong><\/h3>\n\n<p>En <strong>Super Visa<\/strong> \u00e4r:<\/p>\n\n<ul class=\"wp-block-list\">\n<li>Ett <strong>l\u00e5ngtidsvisum<\/strong> som g\u00f6r det m\u00f6jligt f\u00f6r ber\u00e4ttigade f\u00f6r\u00e4ldrar och mor- och farf\u00f6r\u00e4ldrar att bes\u00f6ka Kanada i <strong>upp till 5 \u00e5r per bes\u00f6k<\/strong> utan att beh\u00f6va f\u00f6rnya sin status.<\/li>\n\n\n\n<li>Ett <strong>visum f\u00f6r flera inresor<\/strong> som \u00e4r giltigt i <strong>upp till 10 \u00e5r<\/strong> och som m\u00f6jligg\u00f6r frekventa bes\u00f6k i Kanada under visumets giltighetstid.<\/li>\n<\/ul>\n\n<p>Detta visum \u00e4r idealiskt f\u00f6r personer som planerar att bes\u00f6ka sina barn eller barnbarn under l\u00e4ngre vistelser.<\/p>\n\n<hr class=\"wp-block-separator has-alpha-channel-opacity\"\/>\n\n<h3 class=\"wp-block-heading\"><strong>Beh\u00f6righetskrav f\u00f6r Super Visa<\/strong><\/h3>\n\n<p>F\u00f6r att kvalificera sig f\u00f6r ett Super Visa m\u00e5ste den s\u00f6kande uppfylla vissa kriterier:<\/p>\n\n<ol class=\"wp-block-list\">\n<li><strong>F\u00f6rh\u00e5llande<\/strong>:\n<ul class=\"wp-block-list\">\n<li>vara <strong>f\u00f6r\u00e4lder eller mor- eller farf\u00f6r\u00e4lder<\/strong> till en kanadensisk medborgare eller permanent bosatt.<\/li>\n<\/ul>\n<\/li>\n\n\n\n<li><strong>Inbjudningsbrev<\/strong>:\n<ul class=\"wp-block-list\">\n<li>Bifoga ett inbjudningsbrev fr\u00e5n ditt barn eller barnbarn i Kanada.<\/li>\n\n\n\n<li>Brevet m\u00e5ste inneh\u00e5lla:\n<ul class=\"wp-block-list\">\n<li>Ett l\u00f6fte om ekonomiskt st\u00f6d under hela ditt bes\u00f6k.<\/li>\n\n\n\n<li>Detaljer om din relation.<\/li>\n\n\n\n<li>En lista \u00f6ver v\u00e4rdens hush\u00e5llsmedlemmar i Kanada.<\/li>\n<\/ul>\n<\/li>\n<\/ul>\n<\/li>\n\n\n\n<li><strong>Inkomstkrav<\/strong>:\n<ul class=\"wp-block-list\">\n<li>Barnet eller barnbarnet m\u00e5ste uppfylla en <strong>l\u00e4gsta inkomstgr\u00e4ns<\/strong> som baseras p\u00e5 antalet familjemedlemmar.<\/li>\n<\/ul>\n<\/li>\n\n\n\n<li><strong>Sjukf\u00f6rs\u00e4kring<\/strong>:\n<ul class=\"wp-block-list\">\n<li>K\u00f6pa en privat <strong>sjukv\u00e5rdsf\u00f6rs\u00e4kring<\/strong> fr\u00e5n ett kanadensiskt f\u00f6rs\u00e4kringsbolag som:\n<ul class=\"wp-block-list\">\n<li>T\u00e4cker dig f\u00f6r minst <strong>$100 000 CAD.<\/strong><\/li>\n\n\n\n<li>\u00c4r giltigt i <strong>minst ett \u00e5r<\/strong> fr\u00e5n inresedatumet.<\/li>\n\n\n\n<li>Inkluderar bevis p\u00e5 full betalning (inte offerter).<\/li>\n<\/ul>\n<\/li>\n<\/ul>\n<\/li>\n\n\n\n<li><strong>Medicinsk unders\u00f6kning<\/strong>:\n<ul class=\"wp-block-list\">\n<li>Slutf\u00f6r en medicinsk unders\u00f6kning f\u00f6r invandring f\u00f6r att visa till\u00e5tlighet.<\/li>\n<\/ul>\n<\/li>\n\n\n\n<li><strong>Ytterligare krav<\/strong>:\n<ul class=\"wp-block-list\">\n<li>Bevisa starka band till ditt hemland, t.ex. familj, ekonomi eller arbete, f\u00f6r att s\u00e4kerst\u00e4lla att du kommer att l\u00e4mna Kanada efter ditt bes\u00f6k.<\/li>\n\n\n\n<li>Visa att du har tillr\u00e4ckligt med pengar f\u00f6r ditt bes\u00f6k.<\/li>\n<\/ul>\n<\/li>\n<\/ol>\n\n<hr class=\"wp-block-separator has-alpha-channel-opacity\"\/>\n\n<h3 class=\"wp-block-heading\"><strong>Hur l\u00e4nge kan du stanna i Kanada?<\/strong><\/h3>\n\n<p>Hur l\u00e4nge du stannar beror p\u00e5 n\u00e4r du ans\u00f6kte om Super Visa:<\/p>\n\n<ul class=\"wp-block-list\">\n<li><strong>Ans\u00f6kningar fr\u00e5n och med den 22 juni 2023<\/strong>:\n<ul class=\"wp-block-list\">\n<li>Super Visa-innehavare kan stanna i <strong>upp till 5 \u00e5r per bes\u00f6k.<\/strong><\/li>\n<\/ul>\n<\/li>\n\n\n\n<li><strong>Ans\u00f6kan senast den 22 juni 2023<\/strong>:\n<ul class=\"wp-block-list\">\n<li>Du kan stanna i <strong>upp till 2 \u00e5r per bes\u00f6k.<\/strong><\/li>\n<\/ul>\n<\/li>\n<\/ul>\n\n<p>Oavsett vilket datum din ans\u00f6kan inkommer:<\/p>\n\n<ul class=\"wp-block-list\">\n<li>Se till att ditt <strong>pass \u00e4r giltigt<\/strong> under hela din vistelse.<\/li>\n\n\n\n<li>Underh\u00e5lla eller f\u00f6rnya din <strong>sjukf\u00f6rs\u00e4kring<\/strong> under vistelsen i Kanada eller vid \u00e5terinresa.<\/li>\n<\/ul>\n\n<hr class=\"wp-block-separator has-alpha-channel-opacity\"\/>\n\n<h3 class=\"wp-block-heading\"><strong>F\u00f6rdelarna med ett Super Visa<\/strong><\/h3>\n\n<ol class=\"wp-block-list\">\n<li><strong>Ut\u00f6kade bes\u00f6k<\/strong>:\n<ul class=\"wp-block-list\">\n<li>Njut av l\u00e5ngvariga vistelser utan att ofta ans\u00f6ka om f\u00f6rl\u00e4ngning.<\/li>\n<\/ul>\n<\/li>\n\n\n\n<li><strong>Flera poster<\/strong>:\n<ul class=\"wp-block-list\">\n<li>Resa till Kanada flera g\u00e5nger under en 10-\u00e5rsperiod.<\/li>\n<\/ul>\n<\/li>\n\n\n\n<li><strong>Lugn<\/strong> i <strong>sinnet<\/strong>:\n<ul class=\"wp-block-list\">\n<li>Kravet p\u00e5 sjukf\u00f6rs\u00e4kring s\u00e4kerst\u00e4ller medicinsk t\u00e4ckning under din vistelse.<\/li>\n<\/ul>\n<\/li>\n\n\n\n<li><strong>Familje\u00e5terf\u00f6rening<\/strong>:\n<ul class=\"wp-block-list\">\n<li>Fr\u00e4mja n\u00e4rmare band med dina barn och barnbarn.<\/li>\n<\/ul>\n<\/li>\n<\/ol>\n","protected":false},"excerpt":{"rendered":"<p>Supervisum f\u00f6r f\u00f6r\u00e4ldrar och mor- och farf\u00f6r\u00e4ldrar Super Visa \u00e4r ett s\u00e4rskilt visum f\u00f6r f\u00f6r\u00e4ldrar och mor- och farf\u00f6r\u00e4ldrar till [&hellip;]<\/p>\n","protected":false},"author":1,"featured_media":0,"parent":0,"menu_order":0,"comment_status":"closed","ping_status":"closed","template":"","meta":{"_uag_custom_page_level_css":"","site-sidebar-layout":"default","site-content-layout":"","ast-site-content-layout":"","site-content-style":"default","site-sidebar-style":"default","ast-global-header-display":"","ast-banner-title-visibility":"","ast-main-header-display":"","ast-hfb-above-header-display":"","ast-hfb-below-header-display":"","ast-hfb-mobile-header-display":"","site-post-title":"","ast-breadcrumbs-content":"","ast-featured-img":"","footer-sml-layout":"","theme-transparent-header-meta":"","adv-header-id-meta":"","stick-header-meta":"","header-above-stick-meta":"","header-main-stick-meta":"","header-below-stick-meta":"","astra-migrate-meta-layouts":"default","ast-page-background-enabled":"default","ast-page-background-meta":{"desktop":{"background-color":"var(--ast-global-color-4)","background-image":"","background-repeat":"repeat","background-position":"center center","background-size":"auto","background-attachment":"scroll","background-type":"","background-media":"","overlay-type":"","overlay-color":"","overlay-opacity":"","overlay-gradient":""},"tablet":{"background-color":"","background-image":"","background-repeat":"repeat","background-position":"center center","background-size":"auto","background-attachment":"scroll","background-type":"","background-media":"","overlay-type":"","overlay-color":"","overlay-opacity":"","overlay-gradient":""},"mobile":{"background-color":"","background-image":"","background-repeat":"repeat","background-position":"center center","background-size":"auto","background-attachment":"scroll","background-type":"","background-media":"","overlay-type":"","overlay-color":"","overlay-opacity":"","overlay-gradient":""}},"ast-content-background-meta":{"desktop":{"background-color":"var(--ast-global-color-5)","background-image":"","background-repeat":"repeat","background-position":"center center","background-size":"auto","background-attachment":"scroll","background-type":"","background-media":"","overlay-type":"","overlay-color":"","overlay-opacity":"","overlay-gradient":""},"tablet":{"background-color":"var(--ast-global-color-5)","background-image":"","background-repeat":"repeat","background-position":"center center","background-size":"auto","background-attachment":"scroll","background-type":"","background-media":"","overlay-type":"","overlay-color":"","overlay-opacity":"","overlay-gradient":""},"mobile":{"background-color":"var(--ast-global-color-5)","background-image":"","background-repeat":"repeat","background-position":"center center","background-size":"auto","background-attachment":"scroll","background-type":"","background-media":"","overlay-type":"","overlay-color":"","overlay-opacity":"","overlay-gradient":""}},"footnotes":""},"categories":[],"tags":[],"class_list":["post-1221","page","type-page","status-publish","hentry"],"uagb_featured_image_src":{"full":false,"thumbnail":false,"medium":false,"medium_large":false,"large":false,"1536x1536":false,"2048x2048":false},"uagb_author_info":{"display_name":"admin","author_link":"https:\/\/www.etafast.org\/sv\/author\/admin\/"},"uagb_comment_info":0,"uagb_excerpt":"Supervisum f\u00f6r f\u00f6r\u00e4ldrar och mor- och farf\u00f6r\u00e4ldrar Super Visa \u00e4r ett s\u00e4rskilt visum f\u00f6r f\u00f6r\u00e4ldrar och mor- och farf\u00f6r\u00e4ldrar till [&hellip;]","_links":{"self":[{"href":"https:\/\/www.etafast.org\/sv\/wp-json\/wp\/v2\/pages\/1221","targetHints":{"allow":["GET"]}}],"collection":[{"href":"https:\/\/www.etafast.org\/sv\/wp-json\/wp\/v2\/pages"}],"about":[{"href":"https:\/\/www.etafast.org\/sv\/wp-json\/wp\/v2\/types\/page"}],"author":[{"embeddable":true,"href":"https:\/\/www.etafast.org\/sv\/wp-json\/wp\/v2\/users\/1"}],"replies":[{"embeddable":true,"href":"https:\/\/www.etafast.org\/sv\/wp-json\/wp\/v2\/comments?post=1221"}],"version-history":[{"count":1,"href":"https:\/\/www.etafast.org\/sv\/wp-json\/wp\/v2\/pages\/1221\/revisions"}],"predecessor-version":[{"id":1222,"href":"https:\/\/www.etafast.org\/sv\/wp-json\/wp\/v2\/pages\/1221\/revisions\/1222"}],"wp:attachment":[{"href":"https:\/\/www.etafast.org\/sv\/wp-json\/wp\/v2\/media?parent=1221"}],"wp:term":[{"taxonomy":"category","embeddable":true,"href":"https:\/\/www.etafast.org\/sv\/wp-json\/wp\/v2\/categories?post=1221"},{"taxonomy":"post_tag","embeddable":true,"href":"https:\/\/www.etafast.org\/sv\/wp-json\/wp\/v2\/tags?post=1221"}],"curies":[{"name":"wp","href":"https:\/\/api.w.org\/{rel}","templated":true}]}}