{"id":1021,"date":"2024-12-11T08:29:22","date_gmt":"2024-12-11T07:29:22","guid":{"rendered":"https:\/\/www.etafast.org\/affarsbesokare\/"},"modified":"2024-12-11T09:08:21","modified_gmt":"2024-12-11T08:08:21","slug":"affarsbesokare","status":"publish","type":"page","link":"https:\/\/www.etafast.org\/sv\/affarsbesokare\/","title":{"rendered":"Aff\u00e4rsbes\u00f6kare"},"content":{"rendered":"\n<h3 class=\"wp-block-heading\">Aff\u00e4rsbes\u00f6kare: Deltagande i m\u00f6ten, evenemang och konferenser i Kanada<\/h3>\n\n<p>Aff\u00e4rsbes\u00f6kare spelar en viktig roll n\u00e4r det g\u00e4ller att fr\u00e4mja internationell handel och samarbete. Om du planerar att delta i m\u00f6ten, evenemang eller konferenser i Kanada som aff\u00e4rsbes\u00f6kare f\u00e5r du h\u00e4r en steg-f\u00f6r-steg-guide f\u00f6r att s\u00e4kerst\u00e4lla en smidig inreseprocess. <\/p>\n\n<hr class=\"wp-block-separator has-alpha-channel-opacity\"\/>\n\n<h3 class=\"wp-block-heading\"><strong>Steg 1: \u00c4r du en aff\u00e4rsbes\u00f6kare eller beh\u00f6ver du ett arbetstillst\u00e5nd?<\/strong><\/h3>\n\n<p>F\u00f6r att kvalificera dig som <strong>aff\u00e4rsbes\u00f6kare<\/strong> i Kanada m\u00e5ste du:<\/p>\n\n<ul class=\"wp-block-list\">\n<li><strong>Varaktighet<\/strong>: Planerar att stanna i <strong>mindre \u00e4n 6 m\u00e5nader<\/strong>.<\/li>\n\n\n\n<li><strong>Syfte<\/strong>: Att inte komma in p\u00e5 den kanadensiska arbetsmarknaden.<\/li>\n\n\n\n<li><strong>Verksamhetens k\u00e4lla<\/strong>: Se till att din huvudsakliga verksamhet, inkomst och vinst finns kvar <strong>utanf\u00f6r Kanada<\/strong>.<\/li>\n\n\n\n<li><strong>Dokument<\/strong>: Ha den dokumentation som kr\u00e4vs f\u00f6r att st\u00f6dja din ans\u00f6kan.<\/li>\n<\/ul>\n\n<p><strong>Grundl\u00e4ggande beh\u00f6righetskrav<\/strong>:<\/p>\n\n<ul class=\"wp-block-list\">\n<li>Ett giltigt resedokument (t.ex. ett pass).<\/li>\n\n\n\n<li>Tillr\u00e4ckligt med pengar f\u00f6r din vistelse och \u00e5terresa.<\/li>\n\n\n\n<li>Bevis p\u00e5 att du kommer att l\u00e4mna Kanada i slutet av ditt bes\u00f6k.<\/li>\n\n\n\n<li>Inga brotts-, s\u00e4kerhets- eller h\u00e4lsorisker f\u00f6r kanadensarna.<\/li>\n<\/ul>\n\n<p><strong>Aktiviteter som till\u00e5ts som aff\u00e4rsbes\u00f6kare<\/strong>:<\/p>\n\n<ul class=\"wp-block-list\">\n<li>Ink\u00f6p av kanadensiska varor eller tj\u00e4nster f\u00f6r ett utl\u00e4ndskt f\u00f6retag eller en utl\u00e4ndsk myndighet.<\/li>\n\n\n\n<li>Tar emot best\u00e4llningar av varor eller tj\u00e4nster.<\/li>\n\n\n\n<li>Deltagande i m\u00f6ten, konferenser, kongresser eller handelsm\u00e4ssor.<\/li>\n\n\n\n<li>Tillhandah\u00e5llande av service efter f\u00f6rs\u00e4ljning enligt garanti- eller f\u00f6rs\u00e4ljningsavtal.<\/li>\n\n\n\n<li>Ta emot eller genomf\u00f6ra utbildning relaterad till ditt f\u00f6retag.<\/li>\n<\/ul>\n\n<p><strong>Obs<\/strong>: Om ditt bes\u00f6k inneb\u00e4r att du stannar i mer \u00e4n 6 m\u00e5nader eller deltar i aktiviteter p\u00e5 den kanadensiska arbetsmarknaden kan du beh\u00f6va ett <strong>arbetstillst\u00e5nd<\/strong>.<\/p>\n\n<hr class=\"wp-block-separator has-alpha-channel-opacity\"\/>\n\n<h3 class=\"wp-block-heading\"><strong>Steg 2: Beh\u00f6ver du ett visum eller en eTA?<\/strong><\/h3>\n\n<p>Om du beh\u00f6ver <strong>visum<\/strong> eller ett <strong>elektroniskt resetillst\u00e5nd (eTA)<\/strong> beror p\u00e5 din nationalitet och omst\u00e4ndigheterna kring resan.<\/p>\n\n<ul class=\"wp-block-list\">\n<li>Anv\u00e4nd <a>Government of Canadas verktyg<\/a> f\u00f6r att avg\u00f6ra om du \u00e4r ber\u00e4ttigad.<\/li>\n<\/ul>\n\n<hr class=\"wp-block-separator has-alpha-channel-opacity\"\/>\n\n<h3 class=\"wp-block-heading\"><strong>Steg 3: Skaffa en evenemangskod (om till\u00e4mpligt)<\/strong><\/h3>\n\n<p>F\u00f6r evenemang, m\u00f6ten eller konferenser som \u00e4r registrerade hos <strong>Immigration, Refugees and Citizenship Canada (IRCC):<\/strong><\/p>\n\n<ul class=\"wp-block-list\">\n<li>Din evenemangsarrang\u00f6r kommer att f\u00f6rse dig med en <strong>evenemangskod<\/strong> och instruktioner f\u00f6r din visumans\u00f6kan.<\/li>\n\n\n\n<li>Genom att ange evenemangskoden i din ans\u00f6kan kan du identifiera dig som deltagare.<\/li>\n<\/ul>\n\n<hr class=\"wp-block-separator has-alpha-channel-opacity\"\/>\n\n<h3 class=\"wp-block-heading\"><strong>Steg 4: Ans\u00f6k om visum eller eTA (om det beh\u00f6vs)<\/strong><\/h3>\n\n<ul class=\"wp-block-list\">\n<li><strong>Visum<\/strong>: L\u00e4mna in en visumans\u00f6kan via <a>IRCC<\/a>:s officiella <a>webbplats<\/a>.<\/li>\n\n\n\n<li><strong>eTA<\/strong>: Ans\u00f6k online om ett eTA .<\/li>\n<\/ul>\n\n<hr class=\"wp-block-separator has-alpha-channel-opacity\"\/>\n\n<h3 class=\"wp-block-heading\"><strong>Steg 5: F\u00f6rbered dokument f\u00f6r din resa<\/strong><\/h3>\n\n<p>N\u00e4r du anl\u00e4nder till den kanadensiska gr\u00e4nsen ska du se till att du har med dig f\u00f6ljande dokument (packa inte ner dem i resv\u00e4skan):<\/p>\n\n<ul class=\"wp-block-list\">\n<li>Ett giltigt pass eller resedokument f\u00f6r hela vistelsen.<\/li>\n\n\n\n<li>Giltigt visum (om till\u00e4mpligt).<\/li>\n\n\n\n<li>Om du beh\u00f6ver en eTA ska du resa med det pass som anv\u00e4ndes i din eTA-ans\u00f6kan.<\/li>\n\n\n\n<li>Personer som \u00e4r lagligt permanent bosatta i USA m\u00e5ste ta med sig <strong>ett giltigt green card<\/strong> (eller motsvarande bevis p\u00e5 status) och sitt pass.<\/li>\n\n\n\n<li>St\u00f6dbrev fr\u00e5n ditt moderbolag och ett inbjudningsbrev fr\u00e5n det kanadensiska v\u00e4rdf\u00f6retaget.<\/li>\n\n\n\n<li>Ytterligare dokument s\u00e5som avtal, garantiavtal eller servicedokument (om relevant).<\/li>\n\n\n\n<li>Kontaktuppgifter till din f\u00f6retagshost i Kanada.<\/li>\n\n\n\n<li>Bevis p\u00e5 att du har tillr\u00e4ckliga medel f\u00f6r din vistelse och \u00e5terresa.<\/li>\n<\/ul>\n\n<hr class=\"wp-block-separator has-alpha-channel-opacity\"\/>\n\n<h3 class=\"wp-block-heading\"><strong>Minder\u00e5riga som reser med dig<\/strong><\/h3>\n\n<p>Om du reser med barn under 18 \u00e5r b\u00f6r du bekanta dig med Kanadas best\u00e4mmelser f\u00f6r minder\u00e5riga.<\/p>\n\n<ul class=\"wp-block-list\">\n<li>L\u00e4s inresekraven f\u00f6r minder\u00e5riga f\u00f6r att s\u00e4kerst\u00e4lla att de kanadensiska lagarna om skydd av barn f\u00f6ljs.<\/li>\n<\/ul>\n\n<hr class=\"wp-block-separator has-alpha-channel-opacity\"\/>\n\n<h3 class=\"wp-block-heading\"><strong>Viktiga anvisningar f\u00f6r aff\u00e4rsbes\u00f6kare<\/strong><\/h3>\n\n<ul class=\"wp-block-list\">\n<li><strong>Avtalet mellan Kanada, USA och Mexiko (CUSMA)<\/strong> inneh\u00e5ller ytterligare best\u00e4mmelser f\u00f6r amerikanska och mexikanska medborgare som deltar i aktiviteter som forskning, marknadsf\u00f6ring och allm\u00e4nna tj\u00e4nster.<\/li>\n\n\n\n<li>Kontrollera alltid med din m\u00f6tes- eller evenemangsarrang\u00f6r f\u00f6r specifika krav eller v\u00e4gledning.<\/li>\n\n\n\n<li>Aff\u00e4rsbes\u00f6kare \u00e4r begr\u00e4nsade till aktiviteter som inte inneb\u00e4r direkt anst\u00e4llning inom Kanada.<\/li>\n<\/ul>\n\n<p>Genom att f\u00f6lja dessa steg och se till att du har r\u00e4tt dokument kan ditt aff\u00e4rsbes\u00f6k i Kanada genomf\u00f6ras effektivt och framg\u00e5ngsrikt.<\/p>\n","protected":false},"excerpt":{"rendered":"<p>Aff\u00e4rsbes\u00f6kare: Deltagande i m\u00f6ten, evenemang och konferenser i Kanada Aff\u00e4rsbes\u00f6kare spelar en viktig roll n\u00e4r det g\u00e4ller att fr\u00e4mja internationell [&hellip;]<\/p>\n","protected":false},"author":1,"featured_media":0,"parent":0,"menu_order":0,"comment_status":"closed","ping_status":"closed","template":"","meta":{"_uag_custom_page_level_css":"","site-sidebar-layout":"default","site-content-layout":"","ast-site-content-layout":"","site-content-style":"default","site-sidebar-style":"default","ast-global-header-display":"","ast-banner-title-visibility":"","ast-main-header-display":"","ast-hfb-above-header-display":"","ast-hfb-below-header-display":"","ast-hfb-mobile-header-display":"","site-post-title":"","ast-breadcrumbs-content":"","ast-featured-img":"","footer-sml-layout":"","theme-transparent-header-meta":"","adv-header-id-meta":"","stick-header-meta":"","header-above-stick-meta":"","header-main-stick-meta":"","header-below-stick-meta":"","astra-migrate-meta-layouts":"default","ast-page-background-enabled":"default","ast-page-background-meta":{"desktop":{"background-color":"var(--ast-global-color-4)","background-image":"","background-repeat":"repeat","background-position":"center center","background-size":"auto","background-attachment":"scroll","background-type":"","background-media":"","overlay-type":"","overlay-color":"","overlay-opacity":"","overlay-gradient":""},"tablet":{"background-color":"","background-image":"","background-repeat":"repeat","background-position":"center center","background-size":"auto","background-attachment":"scroll","background-type":"","background-media":"","overlay-type":"","overlay-color":"","overlay-opacity":"","overlay-gradient":""},"mobile":{"background-color":"","background-image":"","background-repeat":"repeat","background-position":"center center","background-size":"auto","background-attachment":"scroll","background-type":"","background-media":"","overlay-type":"","overlay-color":"","overlay-opacity":"","overlay-gradient":""}},"ast-content-background-meta":{"desktop":{"background-color":"var(--ast-global-color-5)","background-image":"","background-repeat":"repeat","background-position":"center center","background-size":"auto","background-attachment":"scroll","background-type":"","background-media":"","overlay-type":"","overlay-color":"","overlay-opacity":"","overlay-gradient":""},"tablet":{"background-color":"var(--ast-global-color-5)","background-image":"","background-repeat":"repeat","background-position":"center center","background-size":"auto","background-attachment":"scroll","background-type":"","background-media":"","overlay-type":"","overlay-color":"","overlay-opacity":"","overlay-gradient":""},"mobile":{"background-color":"var(--ast-global-color-5)","background-image":"","background-repeat":"repeat","background-position":"center center","background-size":"auto","background-attachment":"scroll","background-type":"","background-media":"","overlay-type":"","overlay-color":"","overlay-opacity":"","overlay-gradient":""}},"footnotes":""},"categories":[],"tags":[],"class_list":["post-1021","page","type-page","status-publish","hentry"],"uagb_featured_image_src":{"full":false,"thumbnail":false,"medium":false,"medium_large":false,"large":false,"1536x1536":false,"2048x2048":false},"uagb_author_info":{"display_name":"admin","author_link":"https:\/\/www.etafast.org\/sv\/author\/admin\/"},"uagb_comment_info":0,"uagb_excerpt":"Aff\u00e4rsbes\u00f6kare: Deltagande i m\u00f6ten, evenemang och konferenser i Kanada Aff\u00e4rsbes\u00f6kare spelar en viktig roll n\u00e4r det g\u00e4ller att fr\u00e4mja internationell [&hellip;]","_links":{"self":[{"href":"https:\/\/www.etafast.org\/sv\/wp-json\/wp\/v2\/pages\/1021","targetHints":{"allow":["GET"]}}],"collection":[{"href":"https:\/\/www.etafast.org\/sv\/wp-json\/wp\/v2\/pages"}],"about":[{"href":"https:\/\/www.etafast.org\/sv\/wp-json\/wp\/v2\/types\/page"}],"author":[{"embeddable":true,"href":"https:\/\/www.etafast.org\/sv\/wp-json\/wp\/v2\/users\/1"}],"replies":[{"embeddable":true,"href":"https:\/\/www.etafast.org\/sv\/wp-json\/wp\/v2\/comments?post=1021"}],"version-history":[{"count":1,"href":"https:\/\/www.etafast.org\/sv\/wp-json\/wp\/v2\/pages\/1021\/revisions"}],"predecessor-version":[{"id":1022,"href":"https:\/\/www.etafast.org\/sv\/wp-json\/wp\/v2\/pages\/1021\/revisions\/1022"}],"wp:attachment":[{"href":"https:\/\/www.etafast.org\/sv\/wp-json\/wp\/v2\/media?parent=1021"}],"wp:term":[{"taxonomy":"category","embeddable":true,"href":"https:\/\/www.etafast.org\/sv\/wp-json\/wp\/v2\/categories?post=1021"},{"taxonomy":"post_tag","embeddable":true,"href":"https:\/\/www.etafast.org\/sv\/wp-json\/wp\/v2\/tags?post=1021"}],"curies":[{"name":"wp","href":"https:\/\/api.w.org\/{rel}","templated":true}]}}