{"id":923,"date":"2024-12-11T08:30:38","date_gmt":"2024-12-11T07:30:38","guid":{"rendered":"https:\/\/www.etafast.org\/transit-neper-kanada\/"},"modified":"2024-12-11T09:07:07","modified_gmt":"2024-12-11T08:07:07","slug":"transit-neper-kanada","status":"publish","type":"page","link":"https:\/\/www.etafast.org\/sq\/transit-neper-kanada\/","title":{"rendered":"Transit n\u00ebp\u00ebr Kanada"},"content":{"rendered":"\n<p>N\u00ebse po udh\u00ebtoni n\u00eb nj\u00eb vend tjet\u00ebr dhe duhet t\u00eb kaloni tranzit p\u00ebrmes Kanadas\u00eb, k\u00ebrkesat e dokumentit do t\u00eb varen nga disa faktor\u00eb, duke p\u00ebrfshir\u00eb m\u00ebnyr\u00ebn tuaj t\u00eb udh\u00ebtimit, koh\u00ebzgjatjen e q\u00ebndrimit, komb\u00ebsin\u00eb dhe statusin e imigrimit. M\u00eb posht\u00eb \u00ebsht\u00eb nj\u00eb udh\u00ebzues gjith\u00ebp\u00ebrfshir\u00ebs p\u00ebr t&#8217;ju ndihmuar t\u00eb p\u00ebrcaktoni se \u00e7far\u00eb ju nevojitet p\u00ebr nj\u00eb tranzit t\u00eb qet\u00eb p\u00ebrmes Kanadas\u00eb. <\/p>\n\n<hr class=\"wp-block-separator has-alpha-channel-opacity\"\/>\n\n<h3 class=\"wp-block-heading\"><strong>Faktor\u00ebt q\u00eb p\u00ebrcaktojn\u00eb k\u00ebrkesat tuaja t\u00eb tranzitit<\/strong><\/h3>\n\n<ol class=\"wp-block-list\">\n<li><strong>M\u00ebnyra e Udh\u00ebtimit<\/strong> :\n<ul class=\"wp-block-list\">\n<li>Me aj\u00ebr (fluturime nd\u00ebrkomb\u00ebtare q\u00eb lidhen p\u00ebrmes aeroporteve kanadeze).<\/li>\n\n\n\n<li>Me makin\u00eb, autobus, tren ose vark\u00eb (p\u00ebrfshir\u00eb anijet turistike).<\/li>\n<\/ul>\n<\/li>\n\n\n\n<li><strong>Koh\u00ebzgjatja e tranzitit<\/strong> :\n<ul class=\"wp-block-list\">\n<li>M\u00eb pak se 48 or\u00eb.<\/li>\n\n\n\n<li>M\u00eb shum\u00eb se 48 or\u00eb.<\/li>\n<\/ul>\n<\/li>\n\n\n\n<li><strong>Komb\u00ebsia dhe statusi i imigracionit<\/strong> :\n<ul class=\"wp-block-list\">\n<li>Vendi juaj i pasaport\u00ebs.<\/li>\n\n\n\n<li>N\u00ebse jeni shtetas i SHBA-s\u00eb, banor i p\u00ebrhersh\u00ebm ligjor i SHBA-s\u00eb ose keni nj\u00eb viz\u00eb t\u00eb vlefshme amerikane.<\/li>\n<\/ul>\n<\/li>\n<\/ol>\n\n<hr class=\"wp-block-separator has-alpha-channel-opacity\"\/>\n\n<h3 class=\"wp-block-heading\"><strong>Opsionet e dokumenteve p\u00ebr tranzit p\u00ebrmes Kanadas\u00eb<\/strong><\/h3>\n\n<h4 class=\"wp-block-heading\"><strong>1. Viza e Vizitorit<\/strong><\/h4>\n\n<p>Ju duhet nj\u00eb <strong>viz\u00eb vizitori<\/strong> n\u00ebse:<\/p>\n\n<ul class=\"wp-block-list\">\n<li>Ju jeni nga nj\u00eb <strong>vend i k\u00ebrkuar p\u00ebr viz\u00eb<\/strong> dhe planifikoni t\u00eb:\n<ul class=\"wp-block-list\">\n<li>Vizitoni Kanadan\u00eb, edhe n\u00ebse \u00ebsht\u00eb p\u00ebr m\u00eb pak se 48 or\u00eb.<\/li>\n\n\n\n<li>Q\u00ebndroni n\u00eb Kanada p\u00ebr <strong>m\u00eb shum\u00eb se 48 or\u00eb<\/strong> gjat\u00eb tranzitit.<\/li>\n<\/ul>\n<\/li>\n\n\n\n<li>Ju jeni duke udh\u00ebtuar me <strong>autobus, makin\u00eb, tren, vark\u00eb ose anije lundrimi<\/strong> nga nj\u00eb vend i k\u00ebrkuar p\u00ebr viz\u00eb.<\/li>\n<\/ul>\n\n<p><\/p>\n\n<hr class=\"wp-block-separator has-alpha-channel-opacity\"\/>\n\n<h4 class=\"wp-block-heading\"><strong>2. Viza tranzite<\/strong><\/h4>\n\n<p>Ju duhet nj\u00eb <strong>viz\u00eb tranziti<\/strong> n\u00ebse:<\/p>\n\n<ul class=\"wp-block-list\">\n<li>Ju jeni nga nj\u00eb <strong>vend i k\u00ebrkuar p\u00ebr viz\u00eb<\/strong> dhe:\n<ul class=\"wp-block-list\">\n<li>Fluturimi juaj nd\u00ebrkomb\u00ebtar ndalon n\u00eb nj\u00eb aeroport kanadez gjat\u00eb rrug\u00ebs p\u00ebr n\u00eb nj\u00eb destinacion tjet\u00ebr.<\/li>\n\n\n\n<li>Jeni duke u lidhur midis dy fluturimeve nd\u00ebrkomb\u00ebtare n\u00eb nj\u00eb ose m\u00eb shum\u00eb aeroporte kanadeze.<\/li>\n\n\n\n<li>Transporti juaj zgjat <strong>48 or\u00eb ose m\u00eb pak<\/strong> .<\/li>\n\n\n\n<li>Ju nuk keni nj\u00eb viz\u00eb t\u00eb vlefshme vizitori.<\/li>\n\n\n\n<li>Ju nuk kualifikoheni p\u00ebr nj\u00eb eTA.<\/li>\n<\/ul>\n<\/li>\n<\/ul>\n\n<p><\/p>\n\n<hr class=\"wp-block-separator has-alpha-channel-opacity\"\/>\n\n<h4 class=\"wp-block-heading\"><strong>3. Autorizimi Elektronik i Udh\u00ebtimit (eTA)<\/strong><\/h4>\n\n<p>Ju duhet nj\u00eb <strong>eTA<\/strong> n\u00ebse:<\/p>\n\n<ul class=\"wp-block-list\">\n<li>Ju jeni nga nj\u00eb <strong>vend i k\u00ebrkuar nga eTA<\/strong> dhe:\n<ul class=\"wp-block-list\">\n<li>Transit n\u00ebp\u00ebr Kanada me aj\u00ebr.<\/li>\n\n\n\n<li>Transiti juaj \u00ebsht\u00eb pjes\u00eb e nj\u00eb fluturimi nd\u00ebrkomb\u00ebtar lidh\u00ebs.<\/li>\n<\/ul>\n<\/li>\n<\/ul>\n\n<p><strong>P\u00ebrjashtimet<\/strong> :<\/p>\n\n<ul class=\"wp-block-list\">\n<li>Ju nuk keni nevoj\u00eb p\u00ebr nj\u00eb eTA n\u00ebse kaloni tranzit me tren, autobus, vark\u00eb ose anije lundrimi, por duhet t\u00eb keni dokumente t\u00eb vlefshme udh\u00ebtimi.<\/li>\n<\/ul>\n\n<p><\/p>\n\n<hr class=\"wp-block-separator has-alpha-channel-opacity\"\/>\n\n<h4 class=\"wp-block-heading\"><strong>4. Transit pa viz\u00eb<\/strong><\/h4>\n\n<ul class=\"wp-block-list\">\n<li><strong>Qytetar\u00ebt e SHBA-s\u00eb dhe banor\u00ebt e p\u00ebrhersh\u00ebm t\u00eb ligjsh\u00ebm<\/strong> :<br> Qytetar\u00ebt amerikan\u00eb dhe mbajt\u00ebsit e kartonit jeshil t\u00eb SHBA-s\u00eb mund t\u00eb kalojn\u00eb tranzit n\u00ebp\u00ebr Kanada pa viz\u00eb me aj\u00ebr, makin\u00eb, autobus, tren ose anije. Sigurohuni q\u00eb t\u00eb mbani: \n<ul class=\"wp-block-list\">\n<li>Nj\u00eb pasaport\u00eb e vlefshme ose dokument udh\u00ebtimi.<\/li>\n\n\n\n<li>Nj\u00eb kart\u00eb jeshile e vlefshme e SHBA (p\u00ebr banor\u00ebt e p\u00ebrhersh\u00ebm t\u00eb ligjsh\u00ebm).<\/li>\n<\/ul>\n<\/li>\n\n\n\n<li><strong>Mbajt\u00ebsit e pasaportave nga vende t\u00eb ve\u00e7anta<\/strong> :<br\/> Qytetar\u00ebt nga <strong>Kina, Indonezia, Filipinet, Tajlanda<\/strong> ose <strong>Tajvani<\/strong> (pa num\u00ebr personal identifikimi) mund t\u00eb kalojn\u00eb tranzit pa viz\u00eb n\u00ebse plot\u00ebsojn\u00eb disa kushte.<\/li>\n<\/ul>\n\n<p><\/p>\n\n<hr class=\"wp-block-separator has-alpha-channel-opacity\"\/>\n\n<h3 class=\"wp-block-heading\"><strong>Dokumentet q\u00eb duhet t\u00eb keni me vete<\/strong><\/h3>\n\n<p>Kur kaloni tranzit n\u00ebp\u00ebr Kanada, keni gjithmon\u00eb gati dokumentet e m\u00ebposhtme:<\/p>\n\n<ul class=\"wp-block-list\">\n<li>Nj\u00eb pasaport\u00eb e vlefshme ose dokument udh\u00ebtimi p\u00ebr t\u00eb gjith\u00eb udh\u00ebtimin tuaj.<\/li>\n\n\n\n<li>Nj\u00eb viz\u00eb e vlefshme, viz\u00eb tranziti ose eTA (n\u00ebse \u00ebsht\u00eb e aplikueshme).<\/li>\n\n\n\n<li>P\u00ebr banor\u00ebt e p\u00ebrhersh\u00ebm t\u00eb SHBA: Nj\u00eb kart\u00eb jeshile e vlefshme ose d\u00ebshmi ekuivalente e statusit.<\/li>\n\n\n\n<li>D\u00ebshmi e udh\u00ebtimit t\u00eb m\u00ebtejsh\u00ebm, si biletat e linj\u00ebs ajrore ose itinerari.<\/li>\n<\/ul>\n\n<hr class=\"wp-block-separator has-alpha-channel-opacity\"\/>\n\n<h3 class=\"wp-block-heading\"><strong>Sh\u00ebnime kryesore<\/strong><\/h3>\n\n<ul class=\"wp-block-list\">\n<li><strong>Koh\u00ebzgjatja e tranzitit<\/strong> : N\u00ebse tranziti juaj i kalon 48 or\u00eb, do t&#8217;ju duhet nj\u00eb viz\u00eb vizitori.<\/li>\n\n\n\n<li><strong>M\u00ebnyra e hyrjes<\/strong> : eTA k\u00ebrkohet p\u00ebr udh\u00ebtime ajrore, por jo p\u00ebr udh\u00ebtime tok\u00ebsore ose detare.<\/li>\n\n\n\n<li><strong>Aplikimi paraprak<\/strong> : Aplikoni p\u00ebr dokumentin e k\u00ebrkuar shum\u00eb p\u00ebrpara dat\u00ebs s\u00eb udh\u00ebtimit tuaj p\u00ebr t\u00eb shmangur vonesat.<\/li>\n<\/ul>\n\n<p>Duke u siguruar q\u00eb keni dokumentacionin e duhur, ju mund t\u00eb kaloni tranzit n\u00ebp\u00ebr Kanada pa probleme dhe t\u00eb p\u00ebrqendroheni n\u00eb arritjen e destinacionit tuaj p\u00ebrfundimtar.<\/p>\n","protected":false},"excerpt":{"rendered":"<p>N\u00ebse po udh\u00ebtoni n\u00eb nj\u00eb vend tjet\u00ebr dhe duhet t\u00eb kaloni tranzit p\u00ebrmes Kanadas\u00eb, k\u00ebrkesat e dokumentit do t\u00eb varen [&hellip;]<\/p>\n","protected":false},"author":1,"featured_media":0,"parent":0,"menu_order":0,"comment_status":"closed","ping_status":"closed","template":"","meta":{"_uag_custom_page_level_css":"","site-sidebar-layout":"default","site-content-layout":"","ast-site-content-layout":"","site-content-style":"default","site-sidebar-style":"default","ast-global-header-display":"","ast-banner-title-visibility":"","ast-main-header-display":"","ast-hfb-above-header-display":"","ast-hfb-below-header-display":"","ast-hfb-mobile-header-display":"","site-post-title":"","ast-breadcrumbs-content":"","ast-featured-img":"","footer-sml-layout":"","theme-transparent-header-meta":"","adv-header-id-meta":"","stick-header-meta":"","header-above-stick-meta":"","header-main-stick-meta":"","header-below-stick-meta":"","astra-migrate-meta-layouts":"default","ast-page-background-enabled":"default","ast-page-background-meta":{"desktop":{"background-color":"var(--ast-global-color-4)","background-image":"","background-repeat":"repeat","background-position":"center center","background-size":"auto","background-attachment":"scroll","background-type":"","background-media":"","overlay-type":"","overlay-color":"","overlay-opacity":"","overlay-gradient":""},"tablet":{"background-color":"","background-image":"","background-repeat":"repeat","background-position":"center center","background-size":"auto","background-attachment":"scroll","background-type":"","background-media":"","overlay-type":"","overlay-color":"","overlay-opacity":"","overlay-gradient":""},"mobile":{"background-color":"","background-image":"","background-repeat":"repeat","background-position":"center center","background-size":"auto","background-attachment":"scroll","background-type":"","background-media":"","overlay-type":"","overlay-color":"","overlay-opacity":"","overlay-gradient":""}},"ast-content-background-meta":{"desktop":{"background-color":"var(--ast-global-color-5)","background-image":"","background-repeat":"repeat","background-position":"center center","background-size":"auto","background-attachment":"scroll","background-type":"","background-media":"","overlay-type":"","overlay-color":"","overlay-opacity":"","overlay-gradient":""},"tablet":{"background-color":"var(--ast-global-color-5)","background-image":"","background-repeat":"repeat","background-position":"center center","background-size":"auto","background-attachment":"scroll","background-type":"","background-media":"","overlay-type":"","overlay-color":"","overlay-opacity":"","overlay-gradient":""},"mobile":{"background-color":"var(--ast-global-color-5)","background-image":"","background-repeat":"repeat","background-position":"center center","background-size":"auto","background-attachment":"scroll","background-type":"","background-media":"","overlay-type":"","overlay-color":"","overlay-opacity":"","overlay-gradient":""}},"footnotes":""},"categories":[],"tags":[],"class_list":["post-923","page","type-page","status-publish","hentry"],"uagb_featured_image_src":{"full":false,"thumbnail":false,"medium":false,"medium_large":false,"large":false,"1536x1536":false,"2048x2048":false},"uagb_author_info":{"display_name":"admin","author_link":"https:\/\/www.etafast.org\/sq\/author\/admin\/"},"uagb_comment_info":0,"uagb_excerpt":"N\u00ebse po udh\u00ebtoni n\u00eb nj\u00eb vend tjet\u00ebr dhe duhet t\u00eb kaloni tranzit p\u00ebrmes Kanadas\u00eb, k\u00ebrkesat e dokumentit do t\u00eb varen [&hellip;]","_links":{"self":[{"href":"https:\/\/www.etafast.org\/sq\/wp-json\/wp\/v2\/pages\/923","targetHints":{"allow":["GET"]}}],"collection":[{"href":"https:\/\/www.etafast.org\/sq\/wp-json\/wp\/v2\/pages"}],"about":[{"href":"https:\/\/www.etafast.org\/sq\/wp-json\/wp\/v2\/types\/page"}],"author":[{"embeddable":true,"href":"https:\/\/www.etafast.org\/sq\/wp-json\/wp\/v2\/users\/1"}],"replies":[{"embeddable":true,"href":"https:\/\/www.etafast.org\/sq\/wp-json\/wp\/v2\/comments?post=923"}],"version-history":[{"count":1,"href":"https:\/\/www.etafast.org\/sq\/wp-json\/wp\/v2\/pages\/923\/revisions"}],"predecessor-version":[{"id":924,"href":"https:\/\/www.etafast.org\/sq\/wp-json\/wp\/v2\/pages\/923\/revisions\/924"}],"wp:attachment":[{"href":"https:\/\/www.etafast.org\/sq\/wp-json\/wp\/v2\/media?parent=923"}],"wp:term":[{"taxonomy":"category","embeddable":true,"href":"https:\/\/www.etafast.org\/sq\/wp-json\/wp\/v2\/categories?post=923"},{"taxonomy":"post_tag","embeddable":true,"href":"https:\/\/www.etafast.org\/sq\/wp-json\/wp\/v2\/tags?post=923"}],"curies":[{"name":"wp","href":"https:\/\/api.w.org\/{rel}","templated":true}]}}