{"id":453,"date":"2024-12-02T16:08:30","date_gmt":"2024-12-02T15:08:30","guid":{"rendered":"https:\/\/www.etafast.org\/kontaktoni\/"},"modified":"2024-12-11T09:03:18","modified_gmt":"2024-12-11T08:03:18","slug":"kontaktoni","status":"publish","type":"page","link":"https:\/\/www.etafast.org\/sq\/kontaktoni\/","title":{"rendered":"Kontaktoni"},"content":{"rendered":"<style>\n.accordion-content {\n    display: none;\n    padding: 10px;\n    border: 1px solid #ccc;\n    border-top: none;\n}\n\n.accordion-header {\n    cursor: pointer;\n    padding: 10px;\n    border: 1px solid #ccc;\n    margin: 0;\nbackground-color:#fafafa;\nmargin-bottom:10px;\nborder-radius:3px;\npadding-right:50px;\nposition: relative;\nfont-size:110%;\n}\n.accordion-header .qs {\n\n}\n.arrow {\n    position: absolute;\n    right: 10px;\n    top: 10px;\n}\n\n.arrow-up {\n    transform: rotate(180deg);\n}\n<\/style>\n\n\n<script>\njQuery(document).ready(function(){\n    jQuery(\".accordion-header\").click(function() {\n        \/\/ Toggle the arrow direction of the clicked header\n        jQuery(this).children(\".arrow\").toggleClass(\"arrow-up\", !jQuery(this).next().is(\":visible\"));\n        \n        \/\/ Close previously opened content and reset their arrows\n        jQuery(\".accordion-content\").not(jQuery(this).next()).slideUp().prev().children(\".arrow\").removeClass(\"arrow-up\");\n        jQuery(\".accordion-content\").not(jQuery(this).next()).prev().find(\".arrow\").html(\"&#9660;\"); \/\/ Reset other arrows to down\n        \n        jQuery(this).next().slideToggle();\n        if(jQuery(this).next().is(\":visible\")) {\n            jQuery(this).find(\".arrow\").html(\"&#9660;\"); \/\/ Change to up arrow\n        } else {\n            jQuery(this).find(\".arrow\").html(\"&#9650;\"); \/\/ Change back to down arrow\n        }\n    });\n});\n<\/script>\n\n\n<div class=\"accordion\"><h4 class=\"accordion-header\"><span class=\"qs\">A \u00ebsht\u00eb pagesa e rimbursueshme<\/span><span class=\"arrow\">&#9660;<\/span><\/h4>\n            <div class=\"accordion-content\">\n            <p>po. Pagesa \u00ebsht\u00eb e rimbursueshme p\u00ebrpara se t&#39;ju ofrohet sh\u00ebrbimi juaj. Ju lutemi kontrolloni termat dhe kushtet p\u00ebr m\u00eb shum\u00eb informacion<\/p>\n            <\/div><\/div><script type=\"application\/ld+json\">\n    {\n      \"@context\": \"https:\/\/schema.org\",\n      \"@type\": \"FAQPage\",\n      \"mainEntity\": [{\n        \"@type\": \"Question\",\n        \"name\": \"A \u00ebsht\u00eb pagesa e rimbursueshme\",\n        \"acceptedAnswer\": {\n          \"@type\": \"Answer\",\n          \"text\": \"po. Pagesa \u00ebsht\u00eb e rimbursueshme p\u00ebrpara se t&#39;ju ofrohet sh\u00ebrbimi juaj. Ju lutemi kontrolloni termat dhe kushtet p\u00ebr m\u00eb shum\u00eb informacion\"\n        }\n      }\n      ]\n    }\n    <\/script>\n\n\n<h2>Mb\u00ebshtetja e klientit<\/h2><style>\n.accordion-content2 {\n    display: none;\n    padding: 10px;\n    border: 1px solid #ccc;\n    border-top: none;\n}\n            \n.accordion-header2 {\n    cursor: pointer;\n    padding: 10px;\n    border: 1px solid #ccc;\n    margin: 0;\nbackground-color:#fafafa;\nmargin-bottom:10px;\nborder-radius:3px;\npadding-right:50px;\nposition: relative;\nfont-size:110%;\n}\n.accordion-header2 .qs {\n            \n}\n.arrow2 {\n    position: absolute;\n    right: 10px;\n    top: 10px;\n}\n            \n.arrow-up2 {\n    transform: rotate(180deg);\n}\n<\/style>\n            \n            \n<script>\njQuery(document).ready(function(){\n    jQuery(\".accordion-header2\").click(function() {\n        \/\/ Toggle the arrow direction of the clicked header\n        jQuery(this).children(\".arrow2\").toggleClass(\"arrow-up2\", !jQuery(this).next().is(\":visible\"));\n            \n        \/\/ Close previously opened content and reset their arrows\n        jQuery(\".accordion-content2\").not(jQuery(this).next()).slideUp().prev().children(\".arrow2\").removeClass(\"arrow-up2\");\n        jQuery(\".accordion-content2\").not(jQuery(this).next()).prev().find(\".arrow2\").html(\"&#9660;\"); \/\/ Reset other arrows to down\n            \n        jQuery(this).next().slideToggle();\n        if(jQuery(this).next().is(\":visible\")) {\n            jQuery(this).find(\".arrow2\").html(\"&#9660;\"); \/\/ Change to up arrow\n        } else {\n            jQuery(this).find(\".arrow2\").html(\"&#9650;\"); \/\/ Change back to down arrow\n        }\n    });\n});\n<\/script>\n            \n            \n<div class=\"accordion2\"><h4 class=\"accordion-header2\"><span class=\"qs2\">Nuk kam marr\u00eb asnj\u00eb konfirmim porosie.<\/span><span class=\"arrow2\">&#9660;<\/span><\/h4>\n            <div class=\"accordion-content2\">\n            <p>Ne fillojm\u00eb regjistrimin e sh\u00ebrbimit p\u00ebr ju af\u00ebrsisht 12 or\u00eb para fillimit t\u00eb vlefshm\u00ebris\u00eb. N\u00eb rast vlefshm\u00ebrie n\u00eb t\u00eb nj\u00ebjt\u00ebn dit\u00eb, brenda 5 minutave nga marrja e pages\u00ebs.\n N\u00ebse d\u00ebshironi t\u00eb merrni t\u00eb dh\u00ebnat e aktivizimit menj\u00ebher\u00eb, mund t\u00eb filloni regjistrimin menj\u00ebher\u00eb n\u00eb adres\u00ebn q\u00eb ju d\u00ebrguam n\u00eb emailin e par\u00eb. \nMund t\u00eb ndodh\u00eb q\u00eb t\u00eb mos merrni nj\u00eb email q\u00eb konfirmon marrjen e pages\u00ebs (p\u00ebr shembull, p\u00ebr shkak t\u00eb nj\u00eb adrese emaili t\u00eb pasakt\u00eb). N\u00eb at\u00eb rast, ju lutem:<br \/> \n- ju lutem kontrolloni m\u00eb par\u00eb dosjen e spam-it<br \/> \n- n\u00ebse ende nuk mund t\u00eb gjeni ndonj\u00eb informacion nga ne k\u00ebtu, provoni t\u00eb gjeni porosin\u00eb tuaj duke p\u00ebrdorur formularin m\u00eb sip\u00ebr<br \/> \n- n\u00eb faqen q\u00eb do t\u00eb gjeni, mund t\u00eb korrigjoni adres\u00ebn tuaj t\u00eb email-it dhe t\u00eb gjurmoni statusin e porosis\u00eb suaj<br \/><br \/> \n \nN\u00ebse nuk mund ta gjeni adres\u00ebn e menaxhimit t\u00eb porosive tuaja, ju lutemi na kontaktoni n\u00eb \u00e7do koh\u00eb.<br \/> \n\n<br \/><a href=\"#cform\" onclick=\"document.getElementById('cform').style.display='';\">Kontaktoni mb\u00ebshtetjen e klientit<\/a><\/p>\n            <\/div><h4 class=\"accordion-header2\"><span class=\"qs2\">Dua t\u00eb ndryshoj detajet e regjistrimit<\/span><span class=\"arrow2\">&#9660;<\/span><\/h4>\n            <div class=\"accordion-content2\">\n            <p>Ne fillojm\u00eb regjistrimin e sh\u00ebrbimit p\u00ebr ju af\u00ebrsisht 12 or\u00eb para fillimit t\u00eb vlefshm\u00ebris\u00eb. N\u00eb rastin e vlefshm\u00ebris\u00eb brenda dit\u00ebs, brenda 5 minutave nga marrja e pages\u00ebs.\nDeri at\u00ebher\u00eb, t\u00eb dh\u00ebnat mund t\u00eb ndryshohen n\u00ebp\u00ebrmjet faqes s\u00eb detajeve t\u00eb porosis\u00eb. Do ta gjeni k\u00ebt\u00eb adres\u00eb n\u00eb \u00e7do email q\u00eb merrni nga ne.\n\nN\u00ebse nuk keni marr\u00eb nj\u00eb email q\u00eb konfirmon marrjen e pages\u00ebs (p\u00ebr shembull, p\u00ebr shkak t\u00eb nj\u00eb adrese emaili t\u00eb pasakt\u00eb). N\u00eb at\u00eb rast, ju lutem:<br \/> \n- ju lutem kontrolloni m\u00eb par\u00eb dosjen e spam-it<br \/> \n- n\u00ebse ende nuk mund t\u00eb gjeni ndonj\u00eb informacion nga ne k\u00ebtu, provoni t\u00eb gjeni porosin\u00eb tuaj duke p\u00ebrdorur formularin m\u00eb sip\u00ebr (Kontrolli i Statusit t\u00eb Porosis\u00eb).<br \/> \n- n\u00eb faqen q\u00eb do t\u00eb gjeni, mund t\u00eb modifikoni t\u00eb dh\u00ebnat tuaja dhe t\u00eb gjurmoni statusin e porosis\u00eb suaj<br \/> \n<br \/> N\u00ebse porosia juaj \u00ebsht\u00eb p\u00ebrpunuar tashm\u00eb, nuk \u00ebsht\u00eb e mundur t\u00eb ndryshoni asnj\u00eb detaj. Ju lutemi vini re se n\u00eb rast t\u00eb t\u00eb dh\u00ebnave t\u00eb pasakta (ve\u00e7an\u00ebrisht vendi i regjistrimit t\u00eb automjetit, numri i targ\u00ebs, data e vlefshm\u00ebris\u00eb)#\n skica \u00ebsht\u00eb e pavlefshme dhe sh\u00ebrbimi duhet t\u00eb blihet p\u00ebrs\u00ebri.<br \/> \nFaleminderit p\u00ebr mir\u00ebkuptimin tuaj.\n\n<\/p>\n            <\/div><h4 class=\"accordion-header2\"><span class=\"qs2\">Pagesa \u00ebsht\u00eb marr\u00eb nga llogaria ime, por nuk kam marr\u00eb asnj\u00eb email.<\/span><span class=\"arrow2\">&#9660;<\/span><\/h4>\n            <div class=\"accordion-content2\">\n            <p>Si\u00e7 thuhet n\u00eb termat dhe kushtet tona, ne po fillojm\u00eb t\u00eb p\u00ebrpunojm\u00eb sh\u00ebrbimin. sapo pagesa t\u00eb arrij\u00eb n\u00eb sistem. Mund t\u00eb ket\u00eb disa arsye pse pagesa nuk kreditohet. Nga fakti q\u00eb institucioni juaj bankar e d\u00ebrgoi pages\u00ebn m\u00eb von\u00eb n\u00eb probleme teknike. E th\u00ebn\u00eb thjesht, derisa t\u00eb shohim pages\u00ebn n\u00eb sistemin ton\u00eb, ne nuk e konsiderojm\u00eb porosin\u00eb t\u00eb p\u00ebrfunduar nga ana juaj. Ne marrim \u00e7do hap t\u00eb mundsh\u00ebm p\u00ebr t\u00eb p\u00ebrputhur sakt\u00eb t\u00eb gjitha pagesat q\u00eb mb\u00ebrrijn\u00eb dhe shkalla e gabimit \u00ebsht\u00eb n\u00eb nivelin e t\u00eb qindtave t\u00eb p\u00ebrqindjes. N\u00ebse nuk merrni nj\u00eb email q\u00eb thot\u00eb se pagesa juaj \u00ebsht\u00eb marr\u00eb brenda 1 ore nga pagesa (ju lutemi kontrolloni edhe dosjen tuaj t\u00eb post\u00ebs elektronike), ju lutemi na kontaktoni menj\u00ebher\u00eb. Kjo \u00ebsht\u00eb e vetmja m\u00ebnyr\u00eb p\u00ebr t\u00eb siguruar nj\u00eb proces t\u00eb qet\u00eb porosie. Ju lutemi vini re se ne fillojm\u00eb t\u00eb punojm\u00eb me porosin\u00eb vet\u00ebm pasi pagesa t\u00eb merret n\u00eb sistem, jo kur ajo d\u00ebrgohet (ose thjesht bllokohet nga klienti). Ne nuk jemi p\u00ebrgjegj\u00ebs p\u00ebr d\u00ebmet e shkaktuara p\u00ebrpara se t\u00eb merret pagesa. Faleminderit p\u00ebr mir\u00ebkuptimin.<br \/><br \/><a href=\"#cform\" onclick=\"document.getElementById('cform').style.display='';\">Kontaktoni mb\u00ebshtetjen e klientit<\/a><\/p>\n            <\/div><h4 class=\"accordion-header2\"><span class=\"qs2\">Un\u00eb kam nj\u00eb pyetje tjet\u00ebr p\u00ebr ju.<\/span><span class=\"arrow2\">&#9660;<\/span><\/h4>\n            <div class=\"accordion-content2\">\n            <p>N\u00ebse asnj\u00eb nga p\u00ebrgjigjet nuk i plot\u00ebson k\u00ebrkesat tuaja, mund t\u00eb na kontaktoni n\u00eb \u00e7do koh\u00eb dhe ne do t\u00eb jemi t\u00eb lumtur t&#39;ju ndihmojm\u00eb.<br \/><br \/><a href=\"#cform\" onclick=\"document.getElementById('cform').style.display='';\">Kontaktoni mb\u00ebshtetjen e klientit<\/a><\/p>\n            <\/div><\/div><div id=\"cform\"><br style=\"clear:both;\" \/><h2>Mb\u00ebshtetje me email<\/h2><script type=\"text\/javascript\">\n        function decodeEmail(encodedLocalPart, encodedDomainPart, indices) {\n            const localPart = atob(encodedLocalPart).split('');\n            const domainPart = atob(encodedDomainPart).split('');\n\n            \/\/ Reconstruct the email address using the provided indices\n            const originalLocalPart = indices.local.map(index => localPart[index]).join('');\n            const originalDomainPart = indices.domain.map(index => domainPart[index]).join('');\n\n            const email = originalLocalPart + \"@\" + originalDomainPart;\n            document.getElementById('email').innerText = email;\n        }\n    <\/script><p>P\u00ebr t\u00eb krijuar nj\u00eb k\u00ebrkes\u00eb p\u00ebr mb\u00ebshtetjen e klientit, mund t\u00eb d\u00ebrgoni nj\u00eb email n\u00eb adres\u00ebn e m\u00ebposhtme:<\/p><div style=\"text-align:center;padding:20px 0 50px 0;font-size:150%;\nfont-weight:bold;\"><a id=\"email-link\" href=\"\"><\/a><\/div><script>document.addEventListener(\"DOMContentLoaded\", function() {    const emailLink = document.getElementById(\"email-link\");    const obfuscatedEmail = \"gro.tsafate@troppus\";    const realEmail = obfuscatedEmail.split(\"\").reverse().join(\"\");    const randomString = Array.from({length: realEmail.length}, () => Math.random().toString(36)[2]).join('');    emailLink.textContent = randomString;    emailLink.href = 'mailto:'+realEmail;\n                    emailLink.textContent = realEmail;});<\/script><h2>Mb\u00ebshtetje p\u00ebr WhatsApp<\/h2><p>P\u00ebr p\u00ebrgjigje t\u00eb shpejt\u00eb ndaj pyetjeve tuaja n\u00eb lidhje me porosin\u00eb, mund t\u00eb na kontaktoni n\u00eb numrin e telefonit WhatsApp (mesazhet jan\u00eb falas, ju paguani vet\u00ebm p\u00ebr t\u00eb dh\u00ebnat brenda lidhjes s\u00eb internetit).<\/p><div style=\"text-align:center;padding:20px 0 50px 0;font-size:150%;\nfont-weight:bold;\"><a href=\"https:\/\/wa.me\/447893938888\">+44 789 393 8888<\/a><\/div><h2>Mb\u00ebshtetja e klientit<\/h2><p style=\"text-align:center;color:#6ab400;font-weight:bold;\">Mb\u00ebshtetja n\u00eb internet \u00ebsht\u00eb e disponueshme 24x7<\/p><p>P\u00ebr t\u00eb p\u00ebrpunuar m\u00eb shpejt k\u00ebrkes\u00ebn tuaj, ju k\u00ebrkojm\u00eb t\u00eb jepni adres\u00ebn tuaj t\u00eb emailit t\u00eb dh\u00ebn\u00eb gjat\u00eb regjistrimit, numrin e regjistrimit t\u00eb automjetit dhe dat\u00ebn e porosis\u00eb tuaj. Faleminderit p\u00ebr mir\u00ebkuptimin.<\/p>\n<a style=\"display:block;width:100%;\ncolor:#fff;background-color:rgb(241, 23, 23);padding:10px 0;\nfont-size:120%;text-align:center;\" onclick=\"zE('messenger', 'open');return false;\" href=\"#\">Kontaktoni me mb\u00ebshtetjen<\/a>\n<!-- Start of Zendesk Widget script -->\n<script id=\"ze-snippet\" src=\"https:\/\/static.zdassets.com\/ekr\/snippet.js?key=fc8651a1-b5bf-4914-a59d-057a43523f5b\"> <\/script>\n<!-- End of Zendesk Widget script -->\n\n\n<script><\/script>\n<\/div>\n\n\n\n<p><\/p>\n","protected":false},"excerpt":{"rendered":"","protected":false},"author":1,"featured_media":0,"parent":0,"menu_order":0,"comment_status":"closed","ping_status":"closed","template":"","meta":{"_uag_custom_page_level_css":"","site-sidebar-layout":"default","site-content-layout":"","ast-site-content-layout":"","site-content-style":"default","site-sidebar-style":"default","ast-global-header-display":"","ast-banner-title-visibility":"","ast-main-header-display":"","ast-hfb-above-header-display":"","ast-hfb-below-header-display":"","ast-hfb-mobile-header-display":"","site-post-title":"","ast-breadcrumbs-content":"","ast-featured-img":"","footer-sml-layout":"","theme-transparent-header-meta":"","adv-header-id-meta":"","stick-header-meta":"","header-above-stick-meta":"","header-main-stick-meta":"","header-below-stick-meta":"","astra-migrate-meta-layouts":"default","ast-page-background-enabled":"default","ast-page-background-meta":{"desktop":{"background-color":"var(--ast-global-color-4)","background-image":"","background-repeat":"repeat","background-position":"center center","background-size":"auto","background-attachment":"scroll","background-type":"","background-media":"","overlay-type":"","overlay-color":"","overlay-opacity":"","overlay-gradient":""},"tablet":{"background-color":"","background-image":"","background-repeat":"repeat","background-position":"center center","background-size":"auto","background-attachment":"scroll","background-type":"","background-media":"","overlay-type":"","overlay-color":"","overlay-opacity":"","overlay-gradient":""},"mobile":{"background-color":"","background-image":"","background-repeat":"repeat","background-position":"center center","background-size":"auto","background-attachment":"scroll","background-type":"","background-media":"","overlay-type":"","overlay-color":"","overlay-opacity":"","overlay-gradient":""}},"ast-content-background-meta":{"desktop":{"background-color":"var(--ast-global-color-5)","background-image":"","background-repeat":"repeat","background-position":"center center","background-size":"auto","background-attachment":"scroll","background-type":"","background-media":"","overlay-type":"","overlay-color":"","overlay-opacity":"","overlay-gradient":""},"tablet":{"background-color":"var(--ast-global-color-5)","background-image":"","background-repeat":"repeat","background-position":"center center","background-size":"auto","background-attachment":"scroll","background-type":"","background-media":"","overlay-type":"","overlay-color":"","overlay-opacity":"","overlay-gradient":""},"mobile":{"background-color":"var(--ast-global-color-5)","background-image":"","background-repeat":"repeat","background-position":"center center","background-size":"auto","background-attachment":"scroll","background-type":"","background-media":"","overlay-type":"","overlay-color":"","overlay-opacity":"","overlay-gradient":""}},"footnotes":""},"categories":[],"tags":[],"class_list":["post-453","page","type-page","status-publish","hentry"],"uagb_featured_image_src":{"full":false,"thumbnail":false,"medium":false,"medium_large":false,"large":false,"1536x1536":false,"2048x2048":false},"uagb_author_info":{"display_name":"admin","author_link":"https:\/\/www.etafast.org\/sq\/author\/admin\/"},"uagb_comment_info":0,"uagb_excerpt":null,"_links":{"self":[{"href":"https:\/\/www.etafast.org\/sq\/wp-json\/wp\/v2\/pages\/453","targetHints":{"allow":["GET"]}}],"collection":[{"href":"https:\/\/www.etafast.org\/sq\/wp-json\/wp\/v2\/pages"}],"about":[{"href":"https:\/\/www.etafast.org\/sq\/wp-json\/wp\/v2\/types\/page"}],"author":[{"embeddable":true,"href":"https:\/\/www.etafast.org\/sq\/wp-json\/wp\/v2\/users\/1"}],"replies":[{"embeddable":true,"href":"https:\/\/www.etafast.org\/sq\/wp-json\/wp\/v2\/comments?post=453"}],"version-history":[{"count":1,"href":"https:\/\/www.etafast.org\/sq\/wp-json\/wp\/v2\/pages\/453\/revisions"}],"predecessor-version":[{"id":454,"href":"https:\/\/www.etafast.org\/sq\/wp-json\/wp\/v2\/pages\/453\/revisions\/454"}],"wp:attachment":[{"href":"https:\/\/www.etafast.org\/sq\/wp-json\/wp\/v2\/media?parent=453"}],"wp:term":[{"taxonomy":"category","embeddable":true,"href":"https:\/\/www.etafast.org\/sq\/wp-json\/wp\/v2\/categories?post=453"},{"taxonomy":"post_tag","embeddable":true,"href":"https:\/\/www.etafast.org\/sq\/wp-json\/wp\/v2\/tags?post=453"}],"curies":[{"name":"wp","href":"https:\/\/api.w.org\/{rel}","templated":true}]}}