{"id":259,"date":"2024-12-11T08:24:00","date_gmt":"2024-12-11T07:24:00","guid":{"rendered":"https:\/\/www.etafast.org\/rreth-procesit\/"},"modified":"2024-12-11T09:01:48","modified_gmt":"2024-12-11T08:01:48","slug":"rreth-procesit","status":"publish","type":"page","link":"https:\/\/www.etafast.org\/sq\/rreth-procesit\/","title":{"rendered":"Rreth procesit"},"content":{"rendered":"\n<h3 class=\"wp-block-heading\">Rreth Procesit t\u00eb Autorizimit Elektronik t\u00eb Udh\u00ebtimit (eTA).<\/h3>\n\n<p>Autorizimi Elektronik i Udh\u00ebtimit (eTA) \u00ebsht\u00eb nj\u00eb k\u00ebrkes\u00eb hyr\u00ebse p\u00ebr shtetasit e huaj t\u00eb p\u00ebrjashtuar nga viza q\u00eb udh\u00ebtojn\u00eb ose kalojn\u00eb tranzit p\u00ebrmes Kanadas\u00eb me rrug\u00eb ajrore. \u00cbsht\u00eb nj\u00eb proces i shpejt\u00eb dhe i drejtp\u00ebrdrejt\u00eb n\u00eb internet i krijuar p\u00ebr t\u00eb rritur sigurin\u00eb kufitare duke siguruar udh\u00ebtim t\u00eb qet\u00eb p\u00ebr individ\u00ebt e kualifikuar. <\/p>\n\n<h4 class=\"wp-block-heading\">\u00c7far\u00eb \u00ebsht\u00eb nj\u00eb eTA?<\/h4>\n\n<p>Nj\u00eb eTA \u00ebsht\u00eb nj\u00eb autorizim udh\u00ebtimi i lidhur elektronikisht i lidhur me pasaport\u00ebn tuaj. Ai \u00ebsht\u00eb i vlefsh\u00ebm deri n\u00eb pes\u00eb vjet ose deri n\u00eb skadimin e pasaport\u00ebs suaj, cilado qoft\u00eb e para. ETA ju lejon t\u00eb vizitoni Kanadan\u00eb p\u00ebr q\u00ebndrime t\u00eb shkurtra (zakonisht deri n\u00eb gjasht\u00eb muaj) p\u00ebr q\u00ebllime turizmi, biznesi ose tranziti.  <\/p>\n\n<h4 class=\"wp-block-heading\">Pikat kryesore p\u00ebr t\u00eb ditur rreth procesit eTA:<\/h4>\n\n<ol class=\"wp-block-list\">\n<li><strong>Aplikim i thjesht\u00eb n\u00eb internet<\/strong> :<br\/> Procesi i aplikimit eTA kryhet t\u00ebr\u00ebsisht online. Nuk ka nevoj\u00eb p\u00ebr dokumente ose vizita personale, duke e b\u00ebr\u00eb at\u00eb nj\u00eb opsion t\u00eb p\u00ebrshtatsh\u00ebm p\u00ebr udh\u00ebtar\u00ebt. <\/li>\n\n\n\n<li><strong>Tarifa e p\u00ebrballueshme<\/strong> :<br\/> Aplikimi p\u00ebr nj\u00eb eTA kushton vet\u00ebm 7 CAN$. Kjo tarif\u00eb paguhet online gjat\u00eb procesit t\u00eb aplikimit. <\/li>\n\n\n\n<li><strong>P\u00ebrpunim i shpejt\u00eb<\/strong> :<br\/> Shumica e aplikacioneve eTA miratohen brenda pak minutash. Megjithat\u00eb, disa aplikacione mund t\u00eb zgjasin m\u00eb shum\u00eb n\u00ebse k\u00ebrkohen dokumente shtes\u00eb. N\u00eb raste t\u00eb tilla, aplikant\u00ebt do t\u00eb marrin udh\u00ebzime me email brenda 72 or\u00ebve.  <\/li>\n\n\n\n<li><strong>K\u00ebrkesat e pranueshm\u00ebris\u00eb<\/strong> :\n<ul class=\"wp-block-list\">\n<li>Shtetasit e huaj t\u00eb p\u00ebrjashtuar nga viza q\u00eb fluturojn\u00eb ose kalojn\u00eb tranzit n\u00ebp\u00ebr Kanada kan\u00eb nevoj\u00eb p\u00ebr nj\u00eb eTA.<\/li>\n\n\n\n<li>Disa udh\u00ebtar\u00eb nga vende t\u00eb k\u00ebrkuara p\u00ebr viz\u00eb mund t\u00eb kualifikohen gjithashtu p\u00ebr nj\u00eb eTA n\u00ebse plot\u00ebsojn\u00eb kritere specifike, t\u00eb tilla si mbajtja e nj\u00eb vize t\u00eb vlefshme joemigruese t\u00eb SHBA-s\u00eb ose mbajtja e nj\u00eb vize vizitori kanadeze n\u00eb 10 vitet e fundit.<\/li>\n\n\n\n<li>Udh\u00ebtar\u00ebt q\u00eb vijn\u00eb me makin\u00eb, autobus, tren ose vark\u00eb, duke p\u00ebrfshir\u00eb anijet turistike, k\u00ebrkojn\u00eb nj\u00eb viz\u00eb vizitori n\u00eb vend t\u00eb nj\u00eb eTA.<\/li>\n<\/ul>\n<\/li>\n\n\n\n<li><strong>Kufizimet e udh\u00ebtimit<\/strong> :\n<ul class=\"wp-block-list\">\n<li>Nj\u00eb eTA nuk ju lejon t\u00eb punoni ose studioni n\u00eb Kanada. N\u00ebse planifikoni t\u00eb punoni ose t\u00eb studioni, duhet t\u00eb aplikoni p\u00ebr lejet e duhura. <\/li>\n\n\n\n<li>Nj\u00eb eTA nuk garanton hyrjen n\u00eb Kanada. Zyrtar\u00ebt kufitar\u00eb do t\u00eb vler\u00ebsojn\u00eb p\u00ebrshtatshm\u00ebrin\u00eb tuaj pas mb\u00ebrritjes. <\/li>\n<\/ul>\n<\/li>\n\n\n\n<li><strong>Vlefshm\u00ebria<\/strong> :<br\/> Pasi t\u00eb miratohet, nj\u00eb eTA lidhet me pasaport\u00ebn tuaj dhe mbetet e vlefshme p\u00ebr hyrje t\u00eb shumta, me kusht q\u00eb pasaporta juaj t\u00eb mbetet e vlefshme. Gjithmon\u00eb udh\u00ebtoni me t\u00eb nj\u00ebjt\u00ebn pasaport\u00eb q\u00eb keni p\u00ebrdorur p\u00ebr aplikimin tuaj eTA. <\/li>\n<\/ol>\n\n<h4 class=\"wp-block-heading\">Mbroni veten nga mashtrimet<\/h4>\n\n<p>Kujdes nga faqet e internetit mashtruese ose individ\u00ebt q\u00eb premtojn\u00eb mund\u00ebsi t\u00eb garantuara hyrjeje, pune ose studimi n\u00eb Kanada. Aplikoni vet\u00ebm p\u00ebrmes faqes zyrtare t\u00eb internetit t\u00eb Qeveris\u00eb s\u00eb Kanadas\u00eb dhe shmangni ndarjen e informacionit personal me burime t\u00eb paverifikuara. Keqinterpretimi ose mashtrimi mund t\u00eb ket\u00eb pasoja t\u00eb r\u00ebnda ligjore.  <\/p>\n\n<h4 class=\"wp-block-heading\">P\u00ebrpara se t\u00eb aplikoni<\/h4>\n\n<ul class=\"wp-block-list\">\n<li>Sigurohuni q\u00eb t\u00eb keni nj\u00eb pasaport\u00eb t\u00eb vlefshme, nj\u00eb kart\u00eb krediti ose debiti dhe nj\u00eb adres\u00eb emaili.<\/li>\n\n\n\n<li>Lexoni dokumentin e ndihm\u00ebs s\u00eb aplikacionit i disponuesh\u00ebm n\u00eb shum\u00eb gjuh\u00eb p\u00ebr udh\u00ebzim.<\/li>\n\n\n\n<li>Aplikoni p\u00ebr nj\u00eb eTA <strong>p\u00ebrpara se<\/strong> t\u00eb rezervoni fluturimin tuaj p\u00ebr t\u00eb shmangur vonesat.<\/li>\n<\/ul>\n\n<p>Aplikimi p\u00ebr nj\u00eb eTA \u00ebsht\u00eb nj\u00eb hap thelb\u00ebsor p\u00ebr udh\u00ebtar\u00ebt e kualifikuar q\u00eb planifikojn\u00eb t\u00eb vizitojn\u00eb Kanadan\u00eb. Duke kuptuar procesin dhe duke p\u00ebrgatitur me kujdes aplikimin tuaj, ju mund t\u00eb siguroni nj\u00eb udh\u00ebtim t\u00eb qet\u00eb dhe pa probleme. <\/p>\n","protected":false},"excerpt":{"rendered":"<p>Rreth Procesit t\u00eb Autorizimit Elektronik t\u00eb Udh\u00ebtimit (eTA). Autorizimi Elektronik i Udh\u00ebtimit (eTA) \u00ebsht\u00eb nj\u00eb k\u00ebrkes\u00eb hyr\u00ebse p\u00ebr shtetasit e [&hellip;]<\/p>\n","protected":false},"author":1,"featured_media":0,"parent":0,"menu_order":0,"comment_status":"closed","ping_status":"closed","template":"","meta":{"_uag_custom_page_level_css":"","site-sidebar-layout":"default","site-content-layout":"","ast-site-content-layout":"","site-content-style":"default","site-sidebar-style":"default","ast-global-header-display":"","ast-banner-title-visibility":"","ast-main-header-display":"","ast-hfb-above-header-display":"","ast-hfb-below-header-display":"","ast-hfb-mobile-header-display":"","site-post-title":"","ast-breadcrumbs-content":"","ast-featured-img":"","footer-sml-layout":"","theme-transparent-header-meta":"","adv-header-id-meta":"","stick-header-meta":"","header-above-stick-meta":"","header-main-stick-meta":"","header-below-stick-meta":"","astra-migrate-meta-layouts":"default","ast-page-background-enabled":"default","ast-page-background-meta":{"desktop":{"background-color":"var(--ast-global-color-4)","background-image":"","background-repeat":"repeat","background-position":"center center","background-size":"auto","background-attachment":"scroll","background-type":"","background-media":"","overlay-type":"","overlay-color":"","overlay-opacity":"","overlay-gradient":""},"tablet":{"background-color":"","background-image":"","background-repeat":"repeat","background-position":"center center","background-size":"auto","background-attachment":"scroll","background-type":"","background-media":"","overlay-type":"","overlay-color":"","overlay-opacity":"","overlay-gradient":""},"mobile":{"background-color":"","background-image":"","background-repeat":"repeat","background-position":"center center","background-size":"auto","background-attachment":"scroll","background-type":"","background-media":"","overlay-type":"","overlay-color":"","overlay-opacity":"","overlay-gradient":""}},"ast-content-background-meta":{"desktop":{"background-color":"var(--ast-global-color-5)","background-image":"","background-repeat":"repeat","background-position":"center center","background-size":"auto","background-attachment":"scroll","background-type":"","background-media":"","overlay-type":"","overlay-color":"","overlay-opacity":"","overlay-gradient":""},"tablet":{"background-color":"var(--ast-global-color-5)","background-image":"","background-repeat":"repeat","background-position":"center center","background-size":"auto","background-attachment":"scroll","background-type":"","background-media":"","overlay-type":"","overlay-color":"","overlay-opacity":"","overlay-gradient":""},"mobile":{"background-color":"var(--ast-global-color-5)","background-image":"","background-repeat":"repeat","background-position":"center center","background-size":"auto","background-attachment":"scroll","background-type":"","background-media":"","overlay-type":"","overlay-color":"","overlay-opacity":"","overlay-gradient":""}},"footnotes":""},"categories":[],"tags":[],"class_list":["post-259","page","type-page","status-publish","hentry"],"uagb_featured_image_src":{"full":false,"thumbnail":false,"medium":false,"medium_large":false,"large":false,"1536x1536":false,"2048x2048":false},"uagb_author_info":{"display_name":"admin","author_link":"https:\/\/www.etafast.org\/sq\/author\/admin\/"},"uagb_comment_info":0,"uagb_excerpt":"Rreth Procesit t\u00eb Autorizimit Elektronik t\u00eb Udh\u00ebtimit (eTA). Autorizimi Elektronik i Udh\u00ebtimit (eTA) \u00ebsht\u00eb nj\u00eb k\u00ebrkes\u00eb hyr\u00ebse p\u00ebr shtetasit e [&hellip;]","_links":{"self":[{"href":"https:\/\/www.etafast.org\/sq\/wp-json\/wp\/v2\/pages\/259","targetHints":{"allow":["GET"]}}],"collection":[{"href":"https:\/\/www.etafast.org\/sq\/wp-json\/wp\/v2\/pages"}],"about":[{"href":"https:\/\/www.etafast.org\/sq\/wp-json\/wp\/v2\/types\/page"}],"author":[{"embeddable":true,"href":"https:\/\/www.etafast.org\/sq\/wp-json\/wp\/v2\/users\/1"}],"replies":[{"embeddable":true,"href":"https:\/\/www.etafast.org\/sq\/wp-json\/wp\/v2\/comments?post=259"}],"version-history":[{"count":1,"href":"https:\/\/www.etafast.org\/sq\/wp-json\/wp\/v2\/pages\/259\/revisions"}],"predecessor-version":[{"id":260,"href":"https:\/\/www.etafast.org\/sq\/wp-json\/wp\/v2\/pages\/259\/revisions\/260"}],"wp:attachment":[{"href":"https:\/\/www.etafast.org\/sq\/wp-json\/wp\/v2\/media?parent=259"}],"wp:term":[{"taxonomy":"category","embeddable":true,"href":"https:\/\/www.etafast.org\/sq\/wp-json\/wp\/v2\/categories?post=259"},{"taxonomy":"post_tag","embeddable":true,"href":"https:\/\/www.etafast.org\/sq\/wp-json\/wp\/v2\/tags?post=259"}],"curies":[{"name":"wp","href":"https:\/\/api.w.org\/{rel}","templated":true}]}}