{"id":1501,"date":"2024-12-11T08:24:51","date_gmt":"2024-12-11T07:24:51","guid":{"rendered":"https:\/\/www.etafast.org\/kush-mund-te-aplikoje\/"},"modified":"2024-12-11T09:15:41","modified_gmt":"2024-12-11T08:15:41","slug":"kush-mund-te-aplikoje","status":"publish","type":"page","link":"https:\/\/www.etafast.org\/sq\/kush-mund-te-aplikoje\/","title":{"rendered":"Kush mund t\u00eb aplikoj\u00eb"},"content":{"rendered":"\n<h3 class=\"wp-block-heading\">Kush mund t\u00eb aplikoj\u00eb p\u00ebr nj\u00eb autorizim elektronik udh\u00ebtimi (eTA)<\/h3>\n\n<p>Autorizimi Elektronik i Udh\u00ebtimit (eTA) \u00ebsht\u00eb nj\u00eb k\u00ebrkes\u00eb udh\u00ebtimi p\u00ebr individ\u00eb t\u00eb caktuar q\u00eb udh\u00ebtojn\u00eb ose kalojn\u00eb tranzit n\u00ebp\u00ebr Kanada me rrug\u00eb ajrore. K\u00ebtu \u00ebsht\u00eb nj\u00eb p\u00ebrmbledhje e detajuar se kush ka t\u00eb drejt\u00eb t\u00eb aplikoj\u00eb: <\/p>\n\n<h4 class=\"wp-block-heading\"><strong>Kriteret e pranueshm\u00ebris\u00eb p\u00ebr nj\u00eb eTA<\/strong><\/h4>\n\n<p>Ju mund t\u00eb aplikoni p\u00ebr nj\u00eb eTA n\u00ebse plot\u00ebsoni <strong>t\u00eb tre k\u00ebrkesat e m\u00ebposhtme<\/strong> :<\/p>\n\n<ol class=\"wp-block-list\">\n<li><strong>Historia e Udh\u00ebtimit t\u00eb kaluar<\/strong> :<ul><li>Ju keni mbajtur nj\u00eb viz\u00eb vizitori kanadeze (viz\u00eb q\u00ebndrimi t\u00eb p\u00ebrkohsh\u00ebm) n\u00eb 10 vitet e fundit, OSE<\/li><li>Aktualisht keni nj\u00eb viz\u00eb joemigruese t\u00eb vlefshme t\u00eb Shteteve t\u00eb Bashkuara (SHBA).<\/li><\/ul><em>(Viza juaj joemigruese n\u00eb SHBA duhet t\u00eb jet\u00eb e vlefshme n\u00eb dit\u00ebn kur aplikoni p\u00ebr nj\u00eb eTA, por nuk ka nevoj\u00eb t\u00eb mbetet e vlefshme p\u00ebr udh\u00ebtimin tuaj n\u00eb Kanada.)<\/em><\/li>\n\n\n\n<li><strong>Q\u00ebllimi i udh\u00ebtimit<\/strong> :\n<ul class=\"wp-block-list\">\n<li>Ju po vini n\u00eb Kanada p\u00ebr nj\u00eb <strong>q\u00ebndrim t\u00eb p\u00ebrkohsh\u00ebm<\/strong> , zakonisht deri n\u00eb gjasht\u00eb muaj.<\/li>\n<\/ul>\n<\/li>\n\n\n\n<li><strong>M\u00ebnyra e udh\u00ebtimit<\/strong> :\n<ul class=\"wp-block-list\">\n<li>Ju jeni duke fluturuar ose duke kaluar tranzit p\u00ebrmes nj\u00eb aeroporti kanadez me nj\u00eb pasaport\u00eb t\u00eb vlefshme nga nj\u00eb prej <strong>vendeve t\u00eb pranueshme p\u00ebr viz\u00eb<\/strong> .<\/li>\n<\/ul>\n<\/li>\n<\/ol>\n\n<h4 class=\"wp-block-heading\"><strong>Vendet q\u00eb k\u00ebrkohen p\u00ebr viza t\u00eb pranueshme<\/strong><\/h4>\n\n<p>Qytetar\u00ebt e vendeve t\u00eb m\u00ebposhtme mund t\u00eb aplikojn\u00eb p\u00ebr nj\u00eb eTA n\u00ebse plot\u00ebsojn\u00eb kriteret e m\u00ebsip\u00ebrme:<\/p>\n\n<ul class=\"wp-block-list\">\n<li>Antigua dhe Barbuda<\/li>\n\n\n\n<li>Argjentina<\/li>\n\n\n\n<li>Brazili<\/li>\n\n\n\n<li>Kosta Rika<\/li>\n\n\n\n<li>Meksika<\/li>\n\n\n\n<li>Maroku<\/li>\n\n\n\n<li>Panamaja<\/li>\n\n\n\n<li>Filipinet<\/li>\n\n\n\n<li>Sh\u00ebn Kitts dhe Nevis<\/li>\n\n\n\n<li>Sh\u00ebn Lu\u00e7ia<\/li>\n\n\n\n<li>Sh\u00ebn Vincenti dhe Grenadinet<\/li>\n\n\n\n<li>Seychelles<\/li>\n\n\n\n<li>Tajland\u00eb<\/li>\n\n\n\n<li>Trinidad dhe Tobago<\/li>\n\n\n\n<li>Uruguai<\/li>\n<\/ul>\n\n<p>N\u00ebse nuk i plot\u00ebsoni t\u00eb gjitha k\u00ebto k\u00ebrkesa, do t&#8217;ju duhet t\u00eb aplikoni p\u00ebr nj\u00eb viz\u00eb vizitori (viz\u00eb q\u00ebndrimi t\u00eb p\u00ebrkohsh\u00ebm).<\/p>\n\n<hr class=\"wp-block-separator has-alpha-channel-opacity\"\/>\n\n<h3 class=\"wp-block-heading\"><strong>Kush NUK ka nevoj\u00eb p\u00ebr nj\u00eb eTA?<\/strong><\/h3>\n\n<ul class=\"wp-block-list\">\n<li><strong>Qytetar\u00ebt e SHBA<\/strong> :<br\/> Qytetar\u00ebt amerikan\u00eb jan\u00eb t\u00eb p\u00ebrjashtuar nga k\u00ebrkesa p\u00ebr eTA. Ata duhet vet\u00ebm t\u00eb paraqesin nj\u00eb pasaport\u00eb t\u00eb vlefshme amerikane. <\/li>\n\n\n\n<li><strong>Qytetar\u00ebt Kanadez\u00eb (P\u00ebrfshir\u00eb Qytetar\u00ebt e Dyfisht\u00eb)<\/strong> :<br\/> Qytetar\u00ebt kanadez\u00eb nuk mund t\u00eb aplikojn\u00eb p\u00ebr nj\u00eb eTA. Ata duhet t\u00eb udh\u00ebtojn\u00eb me nj\u00eb pasaport\u00eb t\u00eb vlefshme kanadeze. Qytetar\u00ebt e dyfisht\u00eb duhet t\u00eb p\u00ebrdorin gjithashtu pasaport\u00ebn e tyre kanadeze kur fluturojn\u00eb p\u00ebr n\u00eb Kanada.  <\/li>\n\n\n\n<li><strong>Banor\u00ebt e P\u00ebrhersh\u00ebm Kanadez\u00eb<\/strong> :<br> Banor\u00ebt e p\u00ebrhersh\u00ebm t\u00eb Kanadas\u00eb nuk mund t\u00eb aplikojn\u00eb p\u00ebr nj\u00eb eTA. N\u00eb vend t\u00eb k\u00ebsaj, ata duhet t\u00eb udh\u00ebtojn\u00eb me: \n<ul class=\"wp-block-list\">\n<li>Nj\u00eb kart\u00eb e vlefshme e q\u00ebndrimit t\u00eb p\u00ebrhersh\u00ebm, OSE<\/li>\n\n\n\n<li>Nj\u00eb dokument udh\u00ebtimi p\u00ebr q\u00ebndrim t\u00eb p\u00ebrhersh\u00ebm.<\/li>\n<\/ul>\n<\/li>\n\n\n\n<li><strong>Banor\u00ebt e p\u00ebrhersh\u00ebm t\u00eb ligjsh\u00ebm t\u00eb Shteteve t\u00eb Bashkuara<\/strong> :<br> Q\u00eb nga 26 prilli 2022, banor\u00ebt e p\u00ebrhersh\u00ebm t\u00eb ligjsh\u00ebm t\u00eb SHBA jan\u00eb t\u00eb p\u00ebrjashtuar nga k\u00ebrkesa eTA. Ata duhet t\u00eb mbajn\u00eb: \n<ul class=\"wp-block-list\">\n<li>Nj\u00eb pasaport\u00eb e vlefshme nga shteti i tyre i komb\u00ebsis\u00eb, dhe<\/li>\n\n\n\n<li>Nj\u00eb kart\u00eb jeshile e vlefshme e SHBA-s\u00eb ose d\u00ebshmi ekuivalente e statusit.<\/li>\n<\/ul>\n<\/li>\n<\/ul>\n\n<hr class=\"wp-block-separator has-alpha-channel-opacity\"\/>\n\n<h3 class=\"wp-block-heading\"><strong>Skenar\u00ebt e udh\u00ebtimit dhe k\u00ebrkesat p\u00ebr dokumente<\/strong><\/h3>\n\n<figure class=\"wp-block-table\"><table class=\"has-fixed-layout\"><thead><tr><th><strong>Si po udh\u00ebtoni p\u00ebr n\u00eb Kanada<\/strong><\/th><th><strong>Dokumentet e k\u00ebrkuara<\/strong><\/th><\/tr><\/thead><tbody><tr><td>Fluturoni p\u00ebr n\u00eb ose kaloni tranzit p\u00ebrmes nj\u00eb aeroporti kanadez dhe keni t\u00eb drejt\u00eb p\u00ebr nj\u00eb eTA<\/td><td>eTA ose viz\u00eb vizitori<\/td><\/tr><tr><td>Fluturoni p\u00ebr n\u00eb nj\u00eb aeroport kanadez ose kaloni tranzit, dhe NUK kualifikoheni p\u00ebr nj\u00eb eTA<\/td><td>Viza e vizitorit<\/td><\/tr><tr><td>Mb\u00ebrritja me makin\u00eb, autobus, tren ose vark\u00eb (p\u00ebrfshir\u00eb anijet turistike)<\/td><td>Viza e vizitorit<\/td><\/tr><tr><td>Udh\u00ebtimi p\u00ebr n\u00eb Kanada me nj\u00eb viz\u00eb t\u00eb vlefshme kanadeze<\/td><td>Nuk k\u00ebrkohet eTA &#8211; p\u00ebrdorni viz\u00ebn<\/td><\/tr><tr><td>Fluturimi p\u00ebr n\u00eb Kanada pas rinovimit t\u00eb lejes suaj t\u00eb pun\u00ebs ose studimit<\/td><td>eTA e pajisur me rinovim leje<\/td><\/tr><tr><td>Udh\u00ebtimi n\u00eb Kanada p\u00ebr t\u00eb punuar ose studiuar p\u00ebr m\u00eb shum\u00eb se 6 muaj<\/td><td>Leje pune ose studimi (p\u00ebrfshin nj\u00eb viz\u00eb)<\/td><\/tr><\/tbody><\/table><\/figure>\n\n<hr class=\"wp-block-separator has-alpha-channel-opacity\"\/>\n\n<h3 class=\"wp-block-heading\"><strong>Konsiderata t\u00eb r\u00ebnd\u00ebsishme<\/strong><\/h3>\n\n<ul class=\"wp-block-list\">\n<li><strong>K\u00ebrkesat themelore<\/strong> : P\u00ebr t\u00eb hyr\u00eb n\u00eb Kanada, duhet t\u00eb plot\u00ebsoni kriteret e p\u00ebrgjithshme t\u00eb hyrjes, duke p\u00ebrfshir\u00eb dokumente t\u00eb vlefshme udh\u00ebtimi, sh\u00ebndet t\u00eb mir\u00eb, mb\u00ebshtetje financiare dhe lidhje t\u00eb forta me vendin tuaj.<\/li>\n\n\n\n<li><strong>Papranueshm\u00ebria<\/strong> : Individ\u00ebt e p\u00ebrfshir\u00eb n\u00eb veprimtari kriminale, k\u00ebrc\u00ebnime ndaj siguris\u00eb ose \u00e7\u00ebshtje t\u00eb caktuara sh\u00ebndet\u00ebsore dhe financiare mund t\u00eb konsiderohen t\u00eb papranuesh\u00ebm n\u00eb Kanada, edhe me nj\u00eb eTA t\u00eb vlefshme.<\/li>\n<\/ul>\n\n<p>ETA \u00ebsht\u00eb krijuar p\u00ebr t\u00eb thjeshtuar udh\u00ebtimin ajror n\u00eb Kanada p\u00ebr individ\u00ebt e kualifikuar. Sigurohuni q\u00eb t&#8217;i rishikoni k\u00ebrkesat me kujdes dhe t&#8217;i zbatoni shum\u00eb p\u00ebrpara udh\u00ebtimit tuaj t\u00eb planifikuar. <\/p>\n","protected":false},"excerpt":{"rendered":"<p>Kush mund t\u00eb aplikoj\u00eb p\u00ebr nj\u00eb autorizim elektronik udh\u00ebtimi (eTA) Autorizimi Elektronik i Udh\u00ebtimit (eTA) \u00ebsht\u00eb nj\u00eb k\u00ebrkes\u00eb udh\u00ebtimi p\u00ebr [&hellip;]<\/p>\n","protected":false},"author":1,"featured_media":0,"parent":0,"menu_order":0,"comment_status":"closed","ping_status":"closed","template":"","meta":{"_uag_custom_page_level_css":"","site-sidebar-layout":"default","site-content-layout":"","ast-site-content-layout":"","site-content-style":"default","site-sidebar-style":"default","ast-global-header-display":"","ast-banner-title-visibility":"","ast-main-header-display":"","ast-hfb-above-header-display":"","ast-hfb-below-header-display":"","ast-hfb-mobile-header-display":"","site-post-title":"","ast-breadcrumbs-content":"","ast-featured-img":"","footer-sml-layout":"","theme-transparent-header-meta":"","adv-header-id-meta":"","stick-header-meta":"","header-above-stick-meta":"","header-main-stick-meta":"","header-below-stick-meta":"","astra-migrate-meta-layouts":"default","ast-page-background-enabled":"default","ast-page-background-meta":{"desktop":{"background-color":"var(--ast-global-color-4)","background-image":"","background-repeat":"repeat","background-position":"center center","background-size":"auto","background-attachment":"scroll","background-type":"","background-media":"","overlay-type":"","overlay-color":"","overlay-opacity":"","overlay-gradient":""},"tablet":{"background-color":"","background-image":"","background-repeat":"repeat","background-position":"center center","background-size":"auto","background-attachment":"scroll","background-type":"","background-media":"","overlay-type":"","overlay-color":"","overlay-opacity":"","overlay-gradient":""},"mobile":{"background-color":"","background-image":"","background-repeat":"repeat","background-position":"center center","background-size":"auto","background-attachment":"scroll","background-type":"","background-media":"","overlay-type":"","overlay-color":"","overlay-opacity":"","overlay-gradient":""}},"ast-content-background-meta":{"desktop":{"background-color":"var(--ast-global-color-5)","background-image":"","background-repeat":"repeat","background-position":"center center","background-size":"auto","background-attachment":"scroll","background-type":"","background-media":"","overlay-type":"","overlay-color":"","overlay-opacity":"","overlay-gradient":""},"tablet":{"background-color":"var(--ast-global-color-5)","background-image":"","background-repeat":"repeat","background-position":"center center","background-size":"auto","background-attachment":"scroll","background-type":"","background-media":"","overlay-type":"","overlay-color":"","overlay-opacity":"","overlay-gradient":""},"mobile":{"background-color":"var(--ast-global-color-5)","background-image":"","background-repeat":"repeat","background-position":"center center","background-size":"auto","background-attachment":"scroll","background-type":"","background-media":"","overlay-type":"","overlay-color":"","overlay-opacity":"","overlay-gradient":""}},"footnotes":""},"categories":[],"tags":[],"class_list":["post-1501","page","type-page","status-publish","hentry"],"uagb_featured_image_src":{"full":false,"thumbnail":false,"medium":false,"medium_large":false,"large":false,"1536x1536":false,"2048x2048":false},"uagb_author_info":{"display_name":"admin","author_link":"https:\/\/www.etafast.org\/sq\/author\/admin\/"},"uagb_comment_info":0,"uagb_excerpt":"Kush mund t\u00eb aplikoj\u00eb p\u00ebr nj\u00eb autorizim elektronik udh\u00ebtimi (eTA) Autorizimi Elektronik i Udh\u00ebtimit (eTA) \u00ebsht\u00eb nj\u00eb k\u00ebrkes\u00eb udh\u00ebtimi p\u00ebr [&hellip;]","_links":{"self":[{"href":"https:\/\/www.etafast.org\/sq\/wp-json\/wp\/v2\/pages\/1501","targetHints":{"allow":["GET"]}}],"collection":[{"href":"https:\/\/www.etafast.org\/sq\/wp-json\/wp\/v2\/pages"}],"about":[{"href":"https:\/\/www.etafast.org\/sq\/wp-json\/wp\/v2\/types\/page"}],"author":[{"embeddable":true,"href":"https:\/\/www.etafast.org\/sq\/wp-json\/wp\/v2\/users\/1"}],"replies":[{"embeddable":true,"href":"https:\/\/www.etafast.org\/sq\/wp-json\/wp\/v2\/comments?post=1501"}],"version-history":[{"count":1,"href":"https:\/\/www.etafast.org\/sq\/wp-json\/wp\/v2\/pages\/1501\/revisions"}],"predecessor-version":[{"id":1502,"href":"https:\/\/www.etafast.org\/sq\/wp-json\/wp\/v2\/pages\/1501\/revisions\/1502"}],"wp:attachment":[{"href":"https:\/\/www.etafast.org\/sq\/wp-json\/wp\/v2\/media?parent=1501"}],"wp:term":[{"taxonomy":"category","embeddable":true,"href":"https:\/\/www.etafast.org\/sq\/wp-json\/wp\/v2\/categories?post=1501"},{"taxonomy":"post_tag","embeddable":true,"href":"https:\/\/www.etafast.org\/sq\/wp-json\/wp\/v2\/tags?post=1501"}],"curies":[{"name":"wp","href":"https:\/\/api.w.org\/{rel}","templated":true}]}}