{"id":1409,"date":"2024-12-11T08:25:47","date_gmt":"2024-12-11T07:25:47","guid":{"rendered":"https:\/\/www.etafast.org\/keni-nevoje-per-viza\/"},"modified":"2024-12-11T09:14:14","modified_gmt":"2024-12-11T08:14:14","slug":"keni-nevoje-per-viza","status":"publish","type":"page","link":"https:\/\/www.etafast.org\/sq\/keni-nevoje-per-viza\/","title":{"rendered":"Keni nevoj\u00eb p\u00ebr VIZA?"},"content":{"rendered":"\n<h3 class=\"wp-block-heading\">Si t\u00eb zbuloni n\u00ebse keni nevoj\u00eb p\u00ebr viz\u00eb p\u00ebr t\u00eb udh\u00ebtuar n\u00eb Kanada<\/h3>\n\n<p>Kanadaja k\u00ebrkon q\u00eb udh\u00ebtar\u00ebt t\u00eb ken\u00eb nj\u00eb <strong>viz\u00eb vizitori<\/strong> ose nj\u00eb <strong>Autorizim Elektronik t\u00eb Udh\u00ebtimit (eTA)<\/strong> p\u00ebr t\u00eb hyr\u00eb ose transituar p\u00ebrmes vendit, n\u00eb var\u00ebsi t\u00eb komb\u00ebsis\u00eb s\u00eb tyre dhe m\u00ebnyr\u00ebs s\u00eb udh\u00ebtimit. Ja se si mund t\u00eb p\u00ebrcaktoni se \u00e7far\u00eb ju nevojitet: <\/p>\n\n<hr class=\"wp-block-separator has-alpha-channel-opacity\"\/>\n\n<h3 class=\"wp-block-heading\"><strong>Hapi 1: Kontrolloni komb\u00ebsin\u00eb tuaj<\/strong><\/h3>\n\n<p>Lloji i dokumentit t\u00eb udh\u00ebtimit q\u00eb ju nevojitet varet kryesisht nga shtet\u00ebsia juaj. Udh\u00ebtar\u00ebt ndahen n\u00eb nj\u00eb nga tre kategorit\u00eb: <\/p>\n\n<ol class=\"wp-block-list\">\n<li><strong>Udh\u00ebtar\u00ebt e p\u00ebrjashtuar nga viza (Duhet nj\u00eb eTA)<\/strong><br\/> N\u00ebse jeni shtetas i nj\u00eb vendi t\u00eb p\u00ebrjashtuar nga viza, ju duhet nj\u00eb eTA n\u00ebse jeni duke udh\u00ebtuar ose duke kaluar tranzit p\u00ebrmes Kanadas\u00eb me avion. Shembuj t\u00eb vendeve t\u00eb p\u00ebrjashtuara nga viza p\u00ebrfshijn\u00eb: <ul><li>Australia<\/li><li>Gjermania<\/li><li>Japonia<\/li><li>Mbret\u00ebria e Bashkuar<\/li><li>Franca<br\/> <em>(Kjo nuk \u00ebsht\u00eb nj\u00eb list\u00eb e plot\u00eb.)<\/em><\/li><\/ul><strong>E r\u00ebnd\u00ebsishme<\/strong> : N\u00ebse po hyni n\u00eb Kanada me makin\u00eb, autobus, tren ose vark\u00eb, duke p\u00ebrfshir\u00eb nj\u00eb lundrim, NUK keni nevoj\u00eb p\u00ebr nj\u00eb viz\u00eb eTA ose vizitor.<\/li>\n\n\n\n<li><strong>Udh\u00ebtar\u00ebt e k\u00ebrkuar p\u00ebr viz\u00eb (Nevoj\u00eb p\u00ebr nj\u00eb viz\u00eb vizitori)<\/strong><br> Qytetar\u00ebt e vendeve q\u00eb nuk jan\u00eb n\u00eb list\u00ebn e p\u00ebrjashtuar nga viza k\u00ebrkojn\u00eb nj\u00eb viz\u00eb vizitori (e njohur edhe si viz\u00eb p\u00ebr q\u00ebndrim t\u00eb p\u00ebrkohsh\u00ebm) p\u00ebr t\u00eb udh\u00ebtuar n\u00eb Kanada, pavar\u00ebsisht nga m\u00ebnyra e udh\u00ebtimit.<br> Shembuj t\u00eb vendeve t\u00eb k\u00ebrkuara p\u00ebr viz\u00eb p\u00ebrfshijn\u00eb:\n<ul class=\"wp-block-list\">\n<li>Indi<\/li>\n\n\n\n<li>Kin\u00eb<\/li>\n\n\n\n<li>Pakistani<br\/> <em>(Kjo nuk \u00ebsht\u00eb nj\u00eb list\u00eb e plot\u00eb.)<\/em><\/li>\n<\/ul>\n<\/li>\n\n\n\n<li><strong>Udh\u00ebtar\u00ebt e kualifikuar p\u00ebr viz\u00eb (mund t\u00eb kualifikohen p\u00ebr nj\u00eb eTA)<\/strong><br> N\u00ebse jeni nga nj\u00eb vend i k\u00ebrkuar p\u00ebr viz\u00eb, por p\u00ebrmbushni kushte specifike, mund t\u00eb aplikoni p\u00ebr nj\u00eb eTA n\u00eb vend t\u00eb viz\u00ebs. K\u00ebto kushte p\u00ebrfshijn\u00eb: <ul><li>Mbajtja e nj\u00eb vize t\u00eb vlefshme joemigruese n\u00eb SHBA, OSE<\/li><li>Duke pasur nj\u00eb viz\u00eb vizitori kanadeze n\u00eb 10 vitet e fundit.<\/li><\/ul>Vendet e pranueshme p\u00ebr k\u00ebt\u00eb opsion p\u00ebrfshijn\u00eb:\n<ul class=\"wp-block-list\">\n<li>Brazili<\/li>\n\n\n\n<li>Meksika<\/li>\n\n\n\n<li>Filipinet<br\/> <em>(Kjo nuk \u00ebsht\u00eb nj\u00eb list\u00eb e plot\u00eb.)<\/em><\/li>\n<\/ul>\n<\/li>\n<\/ol>\n\n<hr class=\"wp-block-separator has-alpha-channel-opacity\"\/>\n\n<h3 class=\"wp-block-heading\"><strong>Hapi 2: Merrni parasysh metod\u00ebn tuaj t\u00eb udh\u00ebtimit<\/strong><\/h3>\n\n<p>Dokumenti i udh\u00ebtimit q\u00eb ju nevojitet varet gjithashtu nga m\u00ebnyra se si po hyni n\u00eb Kanada:<\/p>\n\n<figure class=\"wp-block-table\"><table class=\"has-fixed-layout\"><thead><tr><th><strong>M\u00ebnyra e Udh\u00ebtimit<\/strong><\/th><th><strong>K\u00ebrkesa<\/strong><\/th><\/tr><\/thead><tbody><tr><td>Fluturimi p\u00ebr n\u00eb ose kalimi tranzit p\u00ebrmes nj\u00eb aeroporti kanadez<\/td><td>eTA (p\u00ebr udh\u00ebtar\u00ebt e p\u00ebrjashtuar nga viza) ose viz\u00eb vizitori<\/td><\/tr><tr><td>Hyrja me makin\u00eb, autobus, tren ose vark\u00eb (p\u00ebrfshir\u00eb nj\u00eb lundrim)<\/td><td>Viza e vizitorit (p\u00ebr udh\u00ebtar\u00ebt e k\u00ebrkuar p\u00ebr viz\u00eb)<\/td><\/tr><tr><td>Udh\u00ebtimi me nj\u00eb viz\u00eb t\u00eb vlefshme kanadeze<\/td><td>Nuk k\u00ebrkohet eTA; p\u00ebrdorni viz\u00ebn tuaj<\/td><\/tr><\/tbody><\/table><\/figure>\n\n<hr class=\"wp-block-separator has-alpha-channel-opacity\"\/>\n\n<h3 class=\"wp-block-heading\"><strong>Hapi 3: P\u00ebrjashtimet nga Rregulli<\/strong><\/h3>\n\n<ol class=\"wp-block-list\">\n<li><strong>Qytetar\u00ebt e SHBA<\/strong><br\/> Qytetar\u00ebt amerikan\u00eb NUK kan\u00eb nevoj\u00eb p\u00ebr nj\u00eb viz\u00eb eTA ose vizitor. Ata kan\u00eb nevoj\u00eb vet\u00ebm p\u00ebr nj\u00eb pasaport\u00eb t\u00eb vlefshme amerikane. <\/li>\n\n\n\n<li><strong>Shtetasit kanadez\u00eb (p\u00ebrfshir\u00eb shtetasit e dyfisht\u00eb)<\/strong><br\/> Qytetar\u00ebt kanadez\u00eb nuk mund t\u00eb aplikojn\u00eb p\u00ebr eTA ose viz\u00eb. Ata duhet t\u00eb udh\u00ebtojn\u00eb me nj\u00eb pasaport\u00eb t\u00eb vlefshme kanadeze. <\/li>\n\n\n\n<li><strong>Banor\u00ebt e P\u00ebrhersh\u00ebm Kanadez\u00eb<\/strong><br> Banor\u00ebt e p\u00ebrhersh\u00ebm t\u00eb Kanadas\u00eb nuk mund t\u00eb aplikojn\u00eb p\u00ebr nj\u00eb eTA. Ata duhet t\u00eb udh\u00ebtojn\u00eb me: \n<ul class=\"wp-block-list\">\n<li>Nj\u00eb kart\u00eb e vlefshme e q\u00ebndrimit t\u00eb p\u00ebrhersh\u00ebm, OSE<\/li>\n\n\n\n<li>Nj\u00eb dokument udh\u00ebtimi p\u00ebr q\u00ebndrim t\u00eb p\u00ebrhersh\u00ebm.<\/li>\n<\/ul>\n<\/li>\n\n\n\n<li><strong>Banor\u00ebt e P\u00ebrhersh\u00ebm t\u00eb SHBA<\/strong><br> Q\u00eb nga 26 Prilli 2022, banor\u00ebt e p\u00ebrhersh\u00ebm t\u00eb ligjsh\u00ebm t\u00eb SHBA nuk kan\u00eb nevoj\u00eb p\u00ebr nj\u00eb eTA. Ata duhet t\u00eb mbajn\u00eb: \n<ul class=\"wp-block-list\">\n<li>Nj\u00eb pasaport\u00eb e vlefshme nga komb\u00ebsia e tyre, DHE<\/li>\n\n\n\n<li>Nj\u00eb kart\u00eb jeshile e vlefshme ose d\u00ebshmi ekuivalente e statusit.<\/li>\n<\/ul>\n<\/li>\n<\/ol>\n\n<hr class=\"wp-block-separator has-alpha-channel-opacity\"\/>\n\n<h3 class=\"wp-block-heading\"><strong>Hapi 4: P\u00ebrdorni Mjetin e Qeveris\u00eb s\u00eb Kanadas\u00eb<\/strong><\/h3>\n\n<p>P\u00ebr t\u00eb konfirmuar n\u00ebse keni nevoj\u00eb p\u00ebr viz\u00eb ose eTA, mund t\u00eb p\u00ebrdorni <a>mjetin zyrtar t\u00eb dokumenteve t\u00eb udh\u00ebtimit<\/a> t\u00eb Qeveris\u00eb s\u00eb Kanadas\u00eb. Thjesht futni komb\u00ebsin\u00eb tuaj, m\u00ebnyr\u00ebn e udh\u00ebtimit dhe q\u00ebllimin e vizit\u00ebs p\u00ebr t\u00eb marr\u00eb rezultate t\u00eb personalizuara. <\/p>\n\n<hr class=\"wp-block-separator has-alpha-channel-opacity\"\/>\n\n<h3 class=\"wp-block-heading\"><strong>Sh\u00ebnime p\u00ebrfundimtare<\/strong><\/h3>\n\n<ul class=\"wp-block-list\">\n<li>Sigurohuni q\u00eb t\u00eb aplikoni p\u00ebr dokumentin e sakt\u00eb shum\u00eb p\u00ebrpara dat\u00ebs s\u00eb udh\u00ebtimit tuaj.<\/li>\n\n\n\n<li>Pasja e nj\u00eb vize ose eTA nuk garanton hyrjen n\u00eb Kanada. Duhet t\u00eb bindni oficerin e sh\u00ebrbimeve kufitare q\u00eb i plot\u00ebsoni t\u00eb gjitha k\u00ebrkesat e hyrjes. <\/li>\n<\/ul>\n\n<p><\/p>\n","protected":false},"excerpt":{"rendered":"<p>Si t\u00eb zbuloni n\u00ebse keni nevoj\u00eb p\u00ebr viz\u00eb p\u00ebr t\u00eb udh\u00ebtuar n\u00eb Kanada Kanadaja k\u00ebrkon q\u00eb udh\u00ebtar\u00ebt t\u00eb ken\u00eb nj\u00eb [&hellip;]<\/p>\n","protected":false},"author":1,"featured_media":0,"parent":0,"menu_order":0,"comment_status":"closed","ping_status":"closed","template":"","meta":{"_uag_custom_page_level_css":"","site-sidebar-layout":"default","site-content-layout":"","ast-site-content-layout":"","site-content-style":"default","site-sidebar-style":"default","ast-global-header-display":"","ast-banner-title-visibility":"","ast-main-header-display":"","ast-hfb-above-header-display":"","ast-hfb-below-header-display":"","ast-hfb-mobile-header-display":"","site-post-title":"","ast-breadcrumbs-content":"","ast-featured-img":"","footer-sml-layout":"","theme-transparent-header-meta":"","adv-header-id-meta":"","stick-header-meta":"","header-above-stick-meta":"","header-main-stick-meta":"","header-below-stick-meta":"","astra-migrate-meta-layouts":"default","ast-page-background-enabled":"default","ast-page-background-meta":{"desktop":{"background-color":"var(--ast-global-color-4)","background-image":"","background-repeat":"repeat","background-position":"center center","background-size":"auto","background-attachment":"scroll","background-type":"","background-media":"","overlay-type":"","overlay-color":"","overlay-opacity":"","overlay-gradient":""},"tablet":{"background-color":"","background-image":"","background-repeat":"repeat","background-position":"center center","background-size":"auto","background-attachment":"scroll","background-type":"","background-media":"","overlay-type":"","overlay-color":"","overlay-opacity":"","overlay-gradient":""},"mobile":{"background-color":"","background-image":"","background-repeat":"repeat","background-position":"center center","background-size":"auto","background-attachment":"scroll","background-type":"","background-media":"","overlay-type":"","overlay-color":"","overlay-opacity":"","overlay-gradient":""}},"ast-content-background-meta":{"desktop":{"background-color":"var(--ast-global-color-5)","background-image":"","background-repeat":"repeat","background-position":"center center","background-size":"auto","background-attachment":"scroll","background-type":"","background-media":"","overlay-type":"","overlay-color":"","overlay-opacity":"","overlay-gradient":""},"tablet":{"background-color":"var(--ast-global-color-5)","background-image":"","background-repeat":"repeat","background-position":"center center","background-size":"auto","background-attachment":"scroll","background-type":"","background-media":"","overlay-type":"","overlay-color":"","overlay-opacity":"","overlay-gradient":""},"mobile":{"background-color":"var(--ast-global-color-5)","background-image":"","background-repeat":"repeat","background-position":"center center","background-size":"auto","background-attachment":"scroll","background-type":"","background-media":"","overlay-type":"","overlay-color":"","overlay-opacity":"","overlay-gradient":""}},"footnotes":""},"categories":[],"tags":[],"class_list":["post-1409","page","type-page","status-publish","hentry"],"uagb_featured_image_src":{"full":false,"thumbnail":false,"medium":false,"medium_large":false,"large":false,"1536x1536":false,"2048x2048":false},"uagb_author_info":{"display_name":"admin","author_link":"https:\/\/www.etafast.org\/sq\/author\/admin\/"},"uagb_comment_info":0,"uagb_excerpt":"Si t\u00eb zbuloni n\u00ebse keni nevoj\u00eb p\u00ebr viz\u00eb p\u00ebr t\u00eb udh\u00ebtuar n\u00eb Kanada Kanadaja k\u00ebrkon q\u00eb udh\u00ebtar\u00ebt t\u00eb ken\u00eb nj\u00eb [&hellip;]","_links":{"self":[{"href":"https:\/\/www.etafast.org\/sq\/wp-json\/wp\/v2\/pages\/1409","targetHints":{"allow":["GET"]}}],"collection":[{"href":"https:\/\/www.etafast.org\/sq\/wp-json\/wp\/v2\/pages"}],"about":[{"href":"https:\/\/www.etafast.org\/sq\/wp-json\/wp\/v2\/types\/page"}],"author":[{"embeddable":true,"href":"https:\/\/www.etafast.org\/sq\/wp-json\/wp\/v2\/users\/1"}],"replies":[{"embeddable":true,"href":"https:\/\/www.etafast.org\/sq\/wp-json\/wp\/v2\/comments?post=1409"}],"version-history":[{"count":1,"href":"https:\/\/www.etafast.org\/sq\/wp-json\/wp\/v2\/pages\/1409\/revisions"}],"predecessor-version":[{"id":1410,"href":"https:\/\/www.etafast.org\/sq\/wp-json\/wp\/v2\/pages\/1409\/revisions\/1410"}],"wp:attachment":[{"href":"https:\/\/www.etafast.org\/sq\/wp-json\/wp\/v2\/media?parent=1409"}],"wp:term":[{"taxonomy":"category","embeddable":true,"href":"https:\/\/www.etafast.org\/sq\/wp-json\/wp\/v2\/categories?post=1409"},{"taxonomy":"post_tag","embeddable":true,"href":"https:\/\/www.etafast.org\/sq\/wp-json\/wp\/v2\/tags?post=1409"}],"curies":[{"name":"wp","href":"https:\/\/api.w.org\/{rel}","templated":true}]}}