{"id":1307,"date":"2024-12-11T08:26:43","date_gmt":"2024-12-11T07:26:43","guid":{"rendered":"https:\/\/www.etafast.org\/zgjatni-qendrimin-tuaj-ne-kanada\/"},"modified":"2024-12-11T09:12:25","modified_gmt":"2024-12-11T08:12:25","slug":"zgjatni-qendrimin-tuaj-ne-kanada","status":"publish","type":"page","link":"https:\/\/www.etafast.org\/sq\/zgjatni-qendrimin-tuaj-ne-kanada\/","title":{"rendered":"Zgjatni q\u00ebndrimin tuaj n\u00eb Kanada"},"content":{"rendered":"\n<h3 class=\"wp-block-heading\">Zgjatni q\u00ebndrimin tuaj n\u00eb Kanada: Regjistrimi i vizitor\u00ebve<\/h3>\n\n<p>N\u00ebse d\u00ebshironi t\u00eb q\u00ebndroni n\u00eb Kanada m\u00eb shum\u00eb se periudha fillestare e autorizuar si vizitor, do t&#8217;ju duhet t\u00eb aplikoni p\u00ebr nj\u00eb <strong>regjistrim vizitor<\/strong> . Nj\u00eb rekord vizitor\u00ebsh \u00ebsht\u00eb nj\u00eb dokument thelb\u00ebsor q\u00eb ju mund\u00ebson t\u00eb zgjasni q\u00ebndrimin tuaj pa shkelur rregullat e imigracionit. <\/p>\n\n<hr class=\"wp-block-separator has-alpha-channel-opacity\"\/>\n\n<h3 class=\"wp-block-heading\"><strong>\u00c7far\u00eb \u00ebsht\u00eb nj\u00eb rekord vizitor?<\/strong><\/h3>\n\n<p>Nj\u00eb rekord vizitor\u00ebsh <strong>nuk \u00ebsht\u00eb viz\u00eb<\/strong> . N\u00eb vend t\u00eb k\u00ebsaj, \u00ebsht\u00eb nj\u00eb dokument zyrtar q\u00eb: <\/p>\n\n<ul class=\"wp-block-list\">\n<li>Ju autorizon t\u00eb q\u00ebndroni m\u00eb gjat\u00eb n\u00eb Kanada si <strong>vizitor<\/strong> , pun\u00ebtor i autorizuar p\u00ebr t\u00eb punuar pa leje ose student i autorizuar p\u00ebr t\u00eb studiuar pa leje.<\/li>\n\n\n\n<li>P\u00ebrcakton nj\u00eb dat\u00eb t\u00eb re skadence, deri n\u00eb t\u00eb cil\u00ebn duhet t\u00eb largoheni nga Kanadaja.<\/li>\n<\/ul>\n\n<hr class=\"wp-block-separator has-alpha-channel-opacity\"\/>\n\n<h3 class=\"wp-block-heading\"><strong>Kur t\u00eb aplikoni p\u00ebr nj\u00eb rekord vizitor<\/strong><\/h3>\n\n<p>Ju duhet t\u00eb aplikoni p\u00ebr nj\u00eb rekord vizitor <strong>p\u00ebrpara se t\u00eb skadoj\u00eb statusi juaj aktual<\/strong> .<\/p>\n\n<ul class=\"wp-block-list\">\n<li>Kontrolloni vul\u00ebn tuaj t\u00eb pasaport\u00ebs ose konfirmimin me shkrim t\u00eb koh\u00ebzgjatjes s\u00eb lejuar t\u00eb q\u00ebndrimit t\u00eb l\u00ebshuar kur keni hyr\u00eb n\u00eb Kanada.<\/li>\n\n\n\n<li>N\u00ebse nuk \u00ebsht\u00eb dh\u00ebn\u00eb nj\u00eb dat\u00eb specifike, statusi juaj zakonisht skadon <strong>6 muaj nga data juaj e mb\u00ebrritjes<\/strong> .<\/li>\n<\/ul>\n\n<hr class=\"wp-block-separator has-alpha-channel-opacity\"\/>\n\n<h3 class=\"wp-block-heading\"><strong>Kush mund t\u00eb aplikoj\u00eb p\u00ebr nj\u00eb rekord vizitor?<\/strong><\/h3>\n\n<p>Ju mund t\u00eb aplikoni p\u00ebr nj\u00eb rekord vizitor n\u00ebse:<\/p>\n\n<ul class=\"wp-block-list\">\n<li>Hyni n\u00eb Kanada me nj\u00eb viz\u00eb vizitori, eTA ose nj\u00eb dokument tjet\u00ebr t\u00eb vlefsh\u00ebm udh\u00ebtimi dhe tani d\u00ebshironi t\u00eb zgjasni q\u00ebndrimin tuaj t\u00eb autorizuar.<\/li>\n\n\n\n<li>Aktualisht jeni n\u00eb Kanada si vizitor, pun\u00ebtor ose student pa leje dhe d\u00ebshironi t\u00eb zgjasni statusin tuaj.<\/li>\n<\/ul>\n\n<hr class=\"wp-block-separator has-alpha-channel-opacity\"\/>\n\n<h3 class=\"wp-block-heading\"><strong>Si t\u00eb aplikoni p\u00ebr nj\u00eb rekord vizitor<\/strong><\/h3>\n\n<p>Procesi i aplikimit p\u00ebr nj\u00eb rekord vizitor p\u00ebrfshin hapat e m\u00ebposht\u00ebm:<\/p>\n\n<ol class=\"wp-block-list\">\n<li><strong>P\u00ebrgatitni dokumentet tuaja<\/strong> :\n<ul class=\"wp-block-list\">\n<li>Nj\u00eb pasaport\u00eb e vlefshme ose dokument udh\u00ebtimi (sigurohuni q\u00eb t\u00eb jet\u00eb e vlefshme p\u00ebr t\u00eb gjith\u00eb koh\u00ebzgjatjen e q\u00ebndrimit tuaj t\u00eb zgjatur).<\/li>\n\n\n\n<li>D\u00ebshmi e fondeve t\u00eb mjaftueshme p\u00ebr t\u00eb mb\u00ebshtetur veten gjat\u00eb q\u00ebndrimit t\u00eb zgjatur.<\/li>\n\n\n\n<li>Nj\u00eb shpjegim i qart\u00eb se pse d\u00ebshironi t\u00eb zgjasni q\u00ebndrimin tuaj n\u00eb Kanada.<\/li>\n<\/ul>\n<\/li>\n\n\n\n<li><strong>Paraqisni Aplikacionin tuaj Online<\/strong> :\n<ul class=\"wp-block-list\">\n<li>Plot\u00ebsoni formularin e aplikimit p\u00ebrmes <a>portalit IRCC<\/a> .<\/li>\n\n\n\n<li>Paguani tarif\u00ebn e aplikimit, duke filluar nga <strong>100 dollar\u00eb<\/strong> .<\/li>\n<\/ul>\n<\/li>\n\n\n\n<li><strong>Aplikoni her\u00ebt<\/strong> :\n<ul class=\"wp-block-list\">\n<li>Koha e p\u00ebrpunimit \u00ebsht\u00eb af\u00ebrsisht <strong>126 dit\u00eb<\/strong> , k\u00ebshtu q\u00eb \u00ebsht\u00eb thelb\u00ebsore t\u00eb aplikoni shum\u00eb p\u00ebrpara skadimit t\u00eb statusit tuaj aktual.<\/li>\n\n\n\n<li>N\u00ebse statusi juaj skadon nd\u00ebrsa aplikimi juaj \u00ebsht\u00eb n\u00eb proces, ju do t\u00eb keni <strong>status t\u00eb n\u00ebnkuptuar<\/strong> dhe mund t\u00eb q\u00ebndroni ligj\u00ebrisht n\u00eb Kanada derisa t\u00eb merret nj\u00eb vendim.<\/li>\n<\/ul>\n<\/li>\n<\/ol>\n\n<hr class=\"wp-block-separator has-alpha-channel-opacity\"\/>\n\n<h3 class=\"wp-block-heading\"><strong>Pasi t\u00eb aplikoni<\/strong><\/h3>\n\n<ul class=\"wp-block-list\">\n<li><strong>Miratimi<\/strong> : N\u00ebse aplikacioni juaj miratohet, do t\u00eb merrni nj\u00eb rekord vizitor q\u00eb specifikon dat\u00ebn tuaj t\u00eb re t\u00eb skadenc\u00ebs.<\/li>\n\n\n\n<li><strong>Refuzimi<\/strong> : N\u00ebse aplikimi juaj refuzohet, ju duhet t\u00eb largoheni menj\u00ebher\u00eb nga Kanadaja.<\/li>\n\n\n\n<li><strong>Statusi i n\u00ebnkuptuar<\/strong> : Nd\u00ebrsa prisni p\u00ebr nj\u00eb vendim, ju mund t\u00eb q\u00ebndroni n\u00eb Kanada ligj\u00ebrisht n\u00ebse keni aplikuar p\u00ebrpara skadimit t\u00eb statusit tuaj.<\/li>\n<\/ul>\n\n<hr class=\"wp-block-separator has-alpha-channel-opacity\"\/>\n\n<h3 class=\"wp-block-heading\"><strong>Udh\u00ebtimi jasht\u00eb Kanadas\u00eb<\/strong><\/h3>\n\n<p>Nj\u00eb rekord vizitor\u00ebsh <strong>nuk garanton rihyrje n\u00eb Kanada<\/strong> . N\u00ebse largoheni nga Kanadaja gjat\u00eb q\u00ebndrimit tuaj t\u00eb zgjatur dhe planifikoni t\u00eb ktheheni, do t&#8217;ju duhet: <\/p>\n\n<ul class=\"wp-block-list\">\n<li>Nj\u00eb <strong>viz\u00eb e vlefshme vizitori<\/strong> ose <strong>eTA<\/strong> p\u00ebr t\u00eb rihyr\u00eb n\u00eb Kanada, dhe<\/li>\n\n\n\n<li>Regjistrimi i vizitor\u00ebve tuaj p\u00ebr t\u00eb v\u00ebrtetuar zgjatjen tuaj t\u00eb autorizuar t\u00eb q\u00ebndrimit.<\/li>\n<\/ul>\n\n<hr class=\"wp-block-separator has-alpha-channel-opacity\"\/>\n\n<h3 class=\"wp-block-heading\"><strong>Tarifat kryesore dhe koh\u00ebt e p\u00ebrpunimit<\/strong><\/h3>\n\n<ul class=\"wp-block-list\">\n<li><strong>Tarifat<\/strong> : Duke filluar nga <strong>100 dollar\u00eb<\/strong> p\u00ebr nj\u00eb aplikim p\u00ebr regjistrimin e vizitor\u00ebve.<\/li>\n\n\n\n<li><strong>Koha e p\u00ebrpunimit<\/strong> : P\u00ebraf\u00ebrsisht <strong>126 dit\u00eb<\/strong> (n\u00eb var\u00ebsi t\u00eb ndryshimit).<\/li>\n<\/ul>\n\n<hr class=\"wp-block-separator has-alpha-channel-opacity\"\/>\n\n<h3 class=\"wp-block-heading\"><strong>Sh\u00ebnime t\u00eb r\u00ebnd\u00ebsishme<\/strong><\/h3>\n\n<ul class=\"wp-block-list\">\n<li>Sigurohuni q\u00eb pasaporta juaj t\u00eb mbetet e vlefshme p\u00ebr t\u00eb gjith\u00eb koh\u00ebzgjatjen e q\u00ebndrimit tuaj.<\/li>\n\n\n\n<li>Nj\u00eb rekord vizitor\u00ebsh nuk ju lejon t\u00eb punoni ose studioni n\u00eb Kanada. P\u00ebr k\u00ebto aktivitete do t&#8217;ju duhet nj\u00eb leje pune ose studimi. <\/li>\n\n\n\n<li>Tejkalimi i q\u00ebndrimit tuaj t\u00eb autorizuar pa aplikuar p\u00ebr nj\u00eb zgjatje mund t\u00eb rezultoj\u00eb n\u00eb nd\u00ebshkime ligjore dhe mund t\u00eb ndikoj\u00eb n\u00eb udh\u00ebtimin e ardhsh\u00ebm n\u00eb Kanada.<\/li>\n<\/ul>\n\n<p>Planifikimi p\u00ebr t\u00eb zgjatur q\u00ebndrimin tuaj n\u00eb Kanada k\u00ebrkon p\u00ebrgatitje dhe dor\u00ebzim n\u00eb koh\u00eb t\u00eb aplikimit. Duke iu p\u00ebrmbajtur procesit, ju mund t\u00eb g\u00ebzoni nj\u00eb q\u00ebndrim m\u00eb t\u00eb gjat\u00eb duke respektuar ligjet kanadeze t\u00eb imigracionit. <\/p>\n","protected":false},"excerpt":{"rendered":"<p>Zgjatni q\u00ebndrimin tuaj n\u00eb Kanada: Regjistrimi i vizitor\u00ebve N\u00ebse d\u00ebshironi t\u00eb q\u00ebndroni n\u00eb Kanada m\u00eb shum\u00eb se periudha fillestare e [&hellip;]<\/p>\n","protected":false},"author":1,"featured_media":0,"parent":0,"menu_order":0,"comment_status":"closed","ping_status":"closed","template":"","meta":{"_uag_custom_page_level_css":"","site-sidebar-layout":"default","site-content-layout":"","ast-site-content-layout":"","site-content-style":"default","site-sidebar-style":"default","ast-global-header-display":"","ast-banner-title-visibility":"","ast-main-header-display":"","ast-hfb-above-header-display":"","ast-hfb-below-header-display":"","ast-hfb-mobile-header-display":"","site-post-title":"","ast-breadcrumbs-content":"","ast-featured-img":"","footer-sml-layout":"","theme-transparent-header-meta":"","adv-header-id-meta":"","stick-header-meta":"","header-above-stick-meta":"","header-main-stick-meta":"","header-below-stick-meta":"","astra-migrate-meta-layouts":"default","ast-page-background-enabled":"default","ast-page-background-meta":{"desktop":{"background-color":"var(--ast-global-color-4)","background-image":"","background-repeat":"repeat","background-position":"center center","background-size":"auto","background-attachment":"scroll","background-type":"","background-media":"","overlay-type":"","overlay-color":"","overlay-opacity":"","overlay-gradient":""},"tablet":{"background-color":"","background-image":"","background-repeat":"repeat","background-position":"center center","background-size":"auto","background-attachment":"scroll","background-type":"","background-media":"","overlay-type":"","overlay-color":"","overlay-opacity":"","overlay-gradient":""},"mobile":{"background-color":"","background-image":"","background-repeat":"repeat","background-position":"center center","background-size":"auto","background-attachment":"scroll","background-type":"","background-media":"","overlay-type":"","overlay-color":"","overlay-opacity":"","overlay-gradient":""}},"ast-content-background-meta":{"desktop":{"background-color":"var(--ast-global-color-5)","background-image":"","background-repeat":"repeat","background-position":"center center","background-size":"auto","background-attachment":"scroll","background-type":"","background-media":"","overlay-type":"","overlay-color":"","overlay-opacity":"","overlay-gradient":""},"tablet":{"background-color":"var(--ast-global-color-5)","background-image":"","background-repeat":"repeat","background-position":"center center","background-size":"auto","background-attachment":"scroll","background-type":"","background-media":"","overlay-type":"","overlay-color":"","overlay-opacity":"","overlay-gradient":""},"mobile":{"background-color":"var(--ast-global-color-5)","background-image":"","background-repeat":"repeat","background-position":"center center","background-size":"auto","background-attachment":"scroll","background-type":"","background-media":"","overlay-type":"","overlay-color":"","overlay-opacity":"","overlay-gradient":""}},"footnotes":""},"categories":[],"tags":[],"class_list":["post-1307","page","type-page","status-publish","hentry"],"uagb_featured_image_src":{"full":false,"thumbnail":false,"medium":false,"medium_large":false,"large":false,"1536x1536":false,"2048x2048":false},"uagb_author_info":{"display_name":"admin","author_link":"https:\/\/www.etafast.org\/sq\/author\/admin\/"},"uagb_comment_info":0,"uagb_excerpt":"Zgjatni q\u00ebndrimin tuaj n\u00eb Kanada: Regjistrimi i vizitor\u00ebve N\u00ebse d\u00ebshironi t\u00eb q\u00ebndroni n\u00eb Kanada m\u00eb shum\u00eb se periudha fillestare e [&hellip;]","_links":{"self":[{"href":"https:\/\/www.etafast.org\/sq\/wp-json\/wp\/v2\/pages\/1307","targetHints":{"allow":["GET"]}}],"collection":[{"href":"https:\/\/www.etafast.org\/sq\/wp-json\/wp\/v2\/pages"}],"about":[{"href":"https:\/\/www.etafast.org\/sq\/wp-json\/wp\/v2\/types\/page"}],"author":[{"embeddable":true,"href":"https:\/\/www.etafast.org\/sq\/wp-json\/wp\/v2\/users\/1"}],"replies":[{"embeddable":true,"href":"https:\/\/www.etafast.org\/sq\/wp-json\/wp\/v2\/comments?post=1307"}],"version-history":[{"count":1,"href":"https:\/\/www.etafast.org\/sq\/wp-json\/wp\/v2\/pages\/1307\/revisions"}],"predecessor-version":[{"id":1308,"href":"https:\/\/www.etafast.org\/sq\/wp-json\/wp\/v2\/pages\/1307\/revisions\/1308"}],"wp:attachment":[{"href":"https:\/\/www.etafast.org\/sq\/wp-json\/wp\/v2\/media?parent=1307"}],"wp:term":[{"taxonomy":"category","embeddable":true,"href":"https:\/\/www.etafast.org\/sq\/wp-json\/wp\/v2\/categories?post=1307"},{"taxonomy":"post_tag","embeddable":true,"href":"https:\/\/www.etafast.org\/sq\/wp-json\/wp\/v2\/tags?post=1307"}],"curies":[{"name":"wp","href":"https:\/\/api.w.org\/{rel}","templated":true}]}}