{"id":1225,"date":"2024-12-11T08:28:06","date_gmt":"2024-12-11T07:28:06","guid":{"rendered":"https:\/\/www.etafast.org\/super-viza-per-prinderit-dhe-gjysherit\/"},"modified":"2024-12-11T09:11:21","modified_gmt":"2024-12-11T08:11:21","slug":"super-viza-per-prinderit-dhe-gjysherit","status":"publish","type":"page","link":"https:\/\/www.etafast.org\/sq\/super-viza-per-prinderit-dhe-gjysherit\/","title":{"rendered":"Super Viza p\u00ebr Prind\u00ebrit dhe Gjysh\u00ebrit"},"content":{"rendered":"\n<h3 class=\"wp-block-heading\">Super Viza p\u00ebr Prind\u00ebrit dhe Gjysh\u00ebrit<\/h3>\n\n<p><strong>Super Visa<\/strong> \u00ebsht\u00eb nj\u00eb viz\u00eb e ve\u00e7ant\u00eb e krijuar p\u00ebr prind\u00ebrit dhe gjysh\u00ebrit e qytetar\u00ebve kanadez\u00eb dhe banor\u00ebve t\u00eb p\u00ebrhersh\u00ebm. Ai lejon vizita t\u00eb gjata n\u00eb Kanada, duke ofruar nj\u00eb mund\u00ebsi unike p\u00ebr t\u00eb kaluar koh\u00eb me familjen duke shijuar p\u00ebrfitimet e hyrjeve t\u00eb shumta p\u00ebr nj\u00eb koh\u00eb t\u00eb gjat\u00eb. <\/p>\n\n<hr class=\"wp-block-separator has-alpha-channel-opacity\"\/>\n\n<h3 class=\"wp-block-heading\"><strong>\u00c7far\u00eb \u00ebsht\u00eb nj\u00eb Super Viz\u00eb?<\/strong><\/h3>\n\n<p>Nj\u00eb <strong>super viz\u00eb<\/strong> \u00ebsht\u00eb:<\/p>\n\n<ul class=\"wp-block-list\">\n<li>Nj\u00eb <strong>viz\u00eb afatgjat\u00eb<\/strong> q\u00eb lejon prind\u00ebrit dhe gjysh\u00ebrit e kualifikuar t\u00eb vizitojn\u00eb Kanadan\u00eb <strong>deri n\u00eb 5 vjet p\u00ebr \u00e7do vizit\u00eb<\/strong> pa pasur nevoj\u00eb t\u00eb rinovojn\u00eb statusin e tyre.<\/li>\n\n\n\n<li>Nj\u00eb <strong>viz\u00eb me shum\u00eb hyrje<\/strong> , e vlefshme <strong>deri n\u00eb 10 vjet<\/strong> , q\u00eb mund\u00ebson vizita t\u00eb shpeshta n\u00eb Kanada gjat\u00eb periudh\u00ebs s\u00eb vlefshm\u00ebris\u00eb s\u00eb viz\u00ebs.<\/li>\n<\/ul>\n\n<p>Kjo viz\u00eb \u00ebsht\u00eb ideale p\u00ebr individ\u00ebt q\u00eb planifikojn\u00eb t\u00eb vizitojn\u00eb f\u00ebmij\u00ebt ose nip\u00ebrit e mbesat e tyre p\u00ebr q\u00ebndrime t\u00eb zgjatura.<\/p>\n\n<hr class=\"wp-block-separator has-alpha-channel-opacity\"\/>\n\n<h3 class=\"wp-block-heading\"><strong>K\u00ebrkesat e pranueshm\u00ebris\u00eb p\u00ebr Super Viz\u00ebn<\/strong><\/h3>\n\n<p>P\u00ebr t&#8217;u kualifikuar p\u00ebr nj\u00eb Super Viz\u00eb, aplikant\u00ebt duhet t\u00eb plot\u00ebsojn\u00eb kritere specifike:<\/p>\n\n<ol class=\"wp-block-list\">\n<li><strong>Marr\u00ebdh\u00ebnia<\/strong> :\n<ul class=\"wp-block-list\">\n<li>T\u00eb jet\u00eb <strong>prindi ose gjyshi<\/strong> i nj\u00eb shtetasi kanadez ose rezident i p\u00ebrhersh\u00ebm.<\/li>\n<\/ul>\n<\/li>\n\n\n\n<li><strong>Let\u00ebr Ftes\u00eb<\/strong> :\n<ul class=\"wp-block-list\">\n<li>Jepni nj\u00eb let\u00ebr ftese nga f\u00ebmija ose nipi juaj n\u00eb Kanada.<\/li>\n\n\n\n<li>Letra duhet t\u00eb p\u00ebrfshij\u00eb:\n<ul class=\"wp-block-list\">\n<li>Nj\u00eb premtim p\u00ebr mb\u00ebshtetje financiare p\u00ebr koh\u00ebzgjatjen e vizit\u00ebs suaj.<\/li>\n\n\n\n<li>Detaje t\u00eb marr\u00ebdh\u00ebnies suaj.<\/li>\n\n\n\n<li>Nj\u00eb list\u00eb e an\u00ebtar\u00ebve t\u00eb familjes s\u00eb prit\u00ebsit n\u00eb Kanada.<\/li>\n<\/ul>\n<\/li>\n<\/ul>\n<\/li>\n\n\n\n<li><strong>K\u00ebrkesat e t\u00eb ardhurave<\/strong> :\n<ul class=\"wp-block-list\">\n<li>F\u00ebmija ose nipi duhet t\u00eb plot\u00ebsojn\u00eb nj\u00eb <strong>prag minimal t\u00eb t\u00eb ardhurave<\/strong> bazuar n\u00eb numrin e an\u00ebtar\u00ebve t\u00eb familjes.<\/li>\n<\/ul>\n<\/li>\n\n\n\n<li><strong>Sigurimi sh\u00ebndet\u00ebsor<\/strong> :\n<ul class=\"wp-block-list\">\n<li>Bleni <strong>sigurim mjek\u00ebsor<\/strong> privat nga nj\u00eb kompani kanadeze sigurimesh q\u00eb:\n<ul class=\"wp-block-list\">\n<li>Ju mbulon p\u00ebr t\u00eb pakt\u00ebn <strong>100,000 dollar\u00eb CAD<\/strong> .<\/li>\n\n\n\n<li>\u00cbsht\u00eb e vlefshme p\u00ebr <strong>t\u00eb pakt\u00ebn nj\u00eb vit<\/strong> nga data e hyrjes.<\/li>\n\n\n\n<li>P\u00ebrfshin v\u00ebrtetimin e pages\u00ebs s\u00eb plot\u00eb (jo kuota).<\/li>\n<\/ul>\n<\/li>\n<\/ul>\n<\/li>\n\n\n\n<li><strong>Ekzaminimi mjek\u00ebsor<\/strong> :\n<ul class=\"wp-block-list\">\n<li>P\u00ebrfundoni nj\u00eb provim mjek\u00ebsor t\u00eb imigracionit p\u00ebr t\u00eb demonstruar pranueshm\u00ebrin\u00eb.<\/li>\n<\/ul>\n<\/li>\n\n\n\n<li><strong>K\u00ebrkesa shtes\u00eb<\/strong> :\n<ul class=\"wp-block-list\">\n<li>Provoni lidhje t\u00eb forta me vendin tuaj, t\u00eb tilla si familja, financat ose pun\u00ebsimi, p\u00ebr t&#8217;u siguruar q\u00eb do t\u00eb largoheni nga Kanadaja pas vizit\u00ebs suaj.<\/li>\n\n\n\n<li>Tregoni se keni fonde t\u00eb mjaftueshme p\u00ebr vizit\u00ebn tuaj.<\/li>\n<\/ul>\n<\/li>\n<\/ol>\n\n<hr class=\"wp-block-separator has-alpha-channel-opacity\"\/>\n\n<h3 class=\"wp-block-heading\"><strong>Sa koh\u00eb mund t\u00eb q\u00ebndroni n\u00eb Kanada?<\/strong><\/h3>\n\n<p>Koh\u00ebzgjatja e q\u00ebndrimit tuaj varet nga koha kur keni aplikuar p\u00ebr Super Viz\u00eb:<\/p>\n\n<ul class=\"wp-block-list\">\n<li><strong>Aplikimet n\u00eb ose pas dat\u00ebs 22 qershor 2023<\/strong> :\n<ul class=\"wp-block-list\">\n<li>Mbajt\u00ebsit e Super Viz\u00ebs mund t\u00eb q\u00ebndrojn\u00eb <strong>deri n\u00eb 5 vjet p\u00ebr vizit\u00eb<\/strong> .<\/li>\n<\/ul>\n<\/li>\n\n\n\n<li><strong>Aplikimet deri m\u00eb 22 qershor 2023<\/strong> :\n<ul class=\"wp-block-list\">\n<li>Mund t\u00eb q\u00ebndroni <strong>deri n\u00eb 2 vjet p\u00ebr vizit\u00eb<\/strong> .<\/li>\n<\/ul>\n<\/li>\n<\/ul>\n\n<p>Pavar\u00ebsisht nga data e aplikimit tuaj:<\/p>\n\n<ul class=\"wp-block-list\">\n<li>Sigurohuni q\u00eb <strong>pasaporta juaj t\u00eb jet\u00eb e vlefshme<\/strong> p\u00ebr koh\u00ebzgjatjen e q\u00ebndrimit tuaj.<\/li>\n\n\n\n<li>Mbani ose rinovoni <strong>sigurimin tuaj sh\u00ebndet\u00ebsor<\/strong> nd\u00ebrsa jeni n\u00eb Kanada ose pas rihyrjes.<\/li>\n<\/ul>\n\n<hr class=\"wp-block-separator has-alpha-channel-opacity\"\/>\n\n<h3 class=\"wp-block-heading\"><strong>P\u00ebrfitimet e nj\u00eb Super Vize<\/strong><\/h3>\n\n<ol class=\"wp-block-list\">\n<li><strong>Vizita t\u00eb zgjeruara<\/strong> :\n<ul class=\"wp-block-list\">\n<li>Shijoni q\u00ebndrime afatgjat\u00eb pa aplikuar shpesh p\u00ebr zgjatje.<\/li>\n<\/ul>\n<\/li>\n\n\n\n<li><strong>Regjistrime t\u00eb shumta<\/strong> :\n<ul class=\"wp-block-list\">\n<li>Udh\u00ebtoni n\u00eb Kanada disa her\u00eb gjat\u00eb nj\u00eb periudhe 10-vje\u00e7are.<\/li>\n<\/ul>\n<\/li>\n\n\n\n<li><strong>Paqja e mendjes<\/strong> :\n<ul class=\"wp-block-list\">\n<li>K\u00ebrkesa p\u00ebr sigurim sh\u00ebndet\u00ebsor siguron mbulim mjek\u00ebsor gjat\u00eb q\u00ebndrimit tuaj.<\/li>\n<\/ul>\n<\/li>\n\n\n\n<li><strong>Ribashkimi Familjar<\/strong> :\n<ul class=\"wp-block-list\">\n<li>Nxitni lidhje m\u00eb t\u00eb ngushta me f\u00ebmij\u00ebt dhe nip\u00ebrit tuaj.<\/li>\n<\/ul>\n<\/li>\n<\/ol>\n","protected":false},"excerpt":{"rendered":"<p>Super Viza p\u00ebr Prind\u00ebrit dhe Gjysh\u00ebrit Super Visa \u00ebsht\u00eb nj\u00eb viz\u00eb e ve\u00e7ant\u00eb e krijuar p\u00ebr prind\u00ebrit dhe gjysh\u00ebrit e [&hellip;]<\/p>\n","protected":false},"author":1,"featured_media":0,"parent":0,"menu_order":0,"comment_status":"closed","ping_status":"closed","template":"","meta":{"_uag_custom_page_level_css":"","site-sidebar-layout":"default","site-content-layout":"","ast-site-content-layout":"","site-content-style":"default","site-sidebar-style":"default","ast-global-header-display":"","ast-banner-title-visibility":"","ast-main-header-display":"","ast-hfb-above-header-display":"","ast-hfb-below-header-display":"","ast-hfb-mobile-header-display":"","site-post-title":"","ast-breadcrumbs-content":"","ast-featured-img":"","footer-sml-layout":"","theme-transparent-header-meta":"","adv-header-id-meta":"","stick-header-meta":"","header-above-stick-meta":"","header-main-stick-meta":"","header-below-stick-meta":"","astra-migrate-meta-layouts":"default","ast-page-background-enabled":"default","ast-page-background-meta":{"desktop":{"background-color":"var(--ast-global-color-4)","background-image":"","background-repeat":"repeat","background-position":"center center","background-size":"auto","background-attachment":"scroll","background-type":"","background-media":"","overlay-type":"","overlay-color":"","overlay-opacity":"","overlay-gradient":""},"tablet":{"background-color":"","background-image":"","background-repeat":"repeat","background-position":"center center","background-size":"auto","background-attachment":"scroll","background-type":"","background-media":"","overlay-type":"","overlay-color":"","overlay-opacity":"","overlay-gradient":""},"mobile":{"background-color":"","background-image":"","background-repeat":"repeat","background-position":"center center","background-size":"auto","background-attachment":"scroll","background-type":"","background-media":"","overlay-type":"","overlay-color":"","overlay-opacity":"","overlay-gradient":""}},"ast-content-background-meta":{"desktop":{"background-color":"var(--ast-global-color-5)","background-image":"","background-repeat":"repeat","background-position":"center center","background-size":"auto","background-attachment":"scroll","background-type":"","background-media":"","overlay-type":"","overlay-color":"","overlay-opacity":"","overlay-gradient":""},"tablet":{"background-color":"var(--ast-global-color-5)","background-image":"","background-repeat":"repeat","background-position":"center center","background-size":"auto","background-attachment":"scroll","background-type":"","background-media":"","overlay-type":"","overlay-color":"","overlay-opacity":"","overlay-gradient":""},"mobile":{"background-color":"var(--ast-global-color-5)","background-image":"","background-repeat":"repeat","background-position":"center center","background-size":"auto","background-attachment":"scroll","background-type":"","background-media":"","overlay-type":"","overlay-color":"","overlay-opacity":"","overlay-gradient":""}},"footnotes":""},"categories":[],"tags":[],"class_list":["post-1225","page","type-page","status-publish","hentry"],"uagb_featured_image_src":{"full":false,"thumbnail":false,"medium":false,"medium_large":false,"large":false,"1536x1536":false,"2048x2048":false},"uagb_author_info":{"display_name":"admin","author_link":"https:\/\/www.etafast.org\/sq\/author\/admin\/"},"uagb_comment_info":0,"uagb_excerpt":"Super Viza p\u00ebr Prind\u00ebrit dhe Gjysh\u00ebrit Super Visa \u00ebsht\u00eb nj\u00eb viz\u00eb e ve\u00e7ant\u00eb e krijuar p\u00ebr prind\u00ebrit dhe gjysh\u00ebrit e [&hellip;]","_links":{"self":[{"href":"https:\/\/www.etafast.org\/sq\/wp-json\/wp\/v2\/pages\/1225","targetHints":{"allow":["GET"]}}],"collection":[{"href":"https:\/\/www.etafast.org\/sq\/wp-json\/wp\/v2\/pages"}],"about":[{"href":"https:\/\/www.etafast.org\/sq\/wp-json\/wp\/v2\/types\/page"}],"author":[{"embeddable":true,"href":"https:\/\/www.etafast.org\/sq\/wp-json\/wp\/v2\/users\/1"}],"replies":[{"embeddable":true,"href":"https:\/\/www.etafast.org\/sq\/wp-json\/wp\/v2\/comments?post=1225"}],"version-history":[{"count":1,"href":"https:\/\/www.etafast.org\/sq\/wp-json\/wp\/v2\/pages\/1225\/revisions"}],"predecessor-version":[{"id":1226,"href":"https:\/\/www.etafast.org\/sq\/wp-json\/wp\/v2\/pages\/1225\/revisions\/1226"}],"wp:attachment":[{"href":"https:\/\/www.etafast.org\/sq\/wp-json\/wp\/v2\/media?parent=1225"}],"wp:term":[{"taxonomy":"category","embeddable":true,"href":"https:\/\/www.etafast.org\/sq\/wp-json\/wp\/v2\/categories?post=1225"},{"taxonomy":"post_tag","embeddable":true,"href":"https:\/\/www.etafast.org\/sq\/wp-json\/wp\/v2\/tags?post=1225"}],"curies":[{"name":"wp","href":"https:\/\/api.w.org\/{rel}","templated":true}]}}