{"id":1005,"date":"2024-12-11T08:29:22","date_gmt":"2024-12-11T07:29:22","guid":{"rendered":"https:\/\/www.etafast.org\/vizitoret-e-biznesit\/"},"modified":"2024-12-11T09:08:11","modified_gmt":"2024-12-11T08:08:11","slug":"vizitoret-e-biznesit","status":"publish","type":"page","link":"https:\/\/www.etafast.org\/sq\/vizitoret-e-biznesit\/","title":{"rendered":"Vizitor\u00ebt e biznesit"},"content":{"rendered":"\n<h3 class=\"wp-block-heading\">Vizitor\u00ebt e biznesit: Pjes\u00ebmarrja n\u00eb takime, ngjarje dhe konferenca n\u00eb Kanada<\/h3>\n\n<p>Vizitor\u00ebt e biznesit luajn\u00eb nj\u00eb rol jetik n\u00eb nxitjen e tregtis\u00eb dhe bashk\u00ebpunimit nd\u00ebrkomb\u00ebtar. N\u00ebse po planifikoni t\u00eb merrni pjes\u00eb n\u00eb takime, ngjarje ose konferenca n\u00eb Kanada si nj\u00eb vizitor biznesi, k\u00ebtu \u00ebsht\u00eb nj\u00eb udh\u00ebzues hap pas hapi p\u00ebr t\u00eb siguruar nj\u00eb proces t\u00eb qet\u00eb hyrjeje. <\/p>\n\n<hr class=\"wp-block-separator has-alpha-channel-opacity\"\/>\n\n<h3 class=\"wp-block-heading\"><strong>Hapi 1: A jeni nj\u00eb vizitor biznesi apo keni nevoj\u00eb p\u00ebr nj\u00eb leje pune?<\/strong><\/h3>\n\n<p>P\u00ebr t&#8217;u kualifikuar si nj\u00eb <strong>vizitor biznesi<\/strong> n\u00eb Kanada, duhet:<\/p>\n\n<ul class=\"wp-block-list\">\n<li><strong>Koh\u00ebzgjatja<\/strong> : Planifikoni t\u00eb q\u00ebndroni p\u00ebr <strong>m\u00eb pak se 6 muaj<\/strong> .<\/li>\n\n\n\n<li><strong>Q\u00ebllimi<\/strong> : T\u00eb mos hyj\u00eb n\u00eb tregun kanadez t\u00eb pun\u00ebs.<\/li>\n\n\n\n<li><strong>Burimi i biznesit<\/strong> : Sigurohuni q\u00eb vendi juaj kryesor i biznesit, t\u00eb ardhurat dhe fitimet t\u00eb mbeten <strong>jasht\u00eb Kanadas\u00eb<\/strong> .<\/li>\n\n\n\n<li><strong>Dokumentet<\/strong> : Keni dokumentacionin e nevojsh\u00ebm p\u00ebr t\u00eb mb\u00ebshtetur aplikimin tuaj.<\/li>\n<\/ul>\n\n<p><strong>K\u00ebrkesat themelore t\u00eb hyrjes<\/strong> :<\/p>\n\n<ul class=\"wp-block-list\">\n<li>Nj\u00eb dokument i vlefsh\u00ebm udh\u00ebtimi (si p.sh. nj\u00eb pasaport\u00eb).<\/li>\n\n\n\n<li>Fonde t\u00eb mjaftueshme p\u00ebr q\u00ebndrimin tuaj dhe udh\u00ebtimin e kthimit.<\/li>\n\n\n\n<li>D\u00ebshmi se do t\u00eb largoheni nga Kanadaja n\u00eb fund t\u00eb vizit\u00ebs suaj.<\/li>\n\n\n\n<li>Nuk ka rreziqe kriminale, sigurie apo sh\u00ebndet\u00ebsore p\u00ebr kanadez\u00ebt.<\/li>\n<\/ul>\n\n<p><strong>Aktivitetet e lejuara si nj\u00eb vizitor biznesi<\/strong> :<\/p>\n\n<ul class=\"wp-block-list\">\n<li>Blerja e mallrave ose sh\u00ebrbimeve kanadeze p\u00ebr nj\u00eb biznes ose qeveri t\u00eb huaj.<\/li>\n\n\n\n<li>Marrja e porosive p\u00ebr mallra ose sh\u00ebrbime.<\/li>\n\n\n\n<li>Pjes\u00ebmarrja n\u00eb takime, konferenca, konventa ose panaire tregtare.<\/li>\n\n\n\n<li>Ofrimi i sh\u00ebrbimit pas shitjes sipas nj\u00eb garancie ose marr\u00ebveshjeje shitjeje.<\/li>\n\n\n\n<li>Marrja ose kryerja e trajnimeve n\u00eb lidhje me biznesin tuaj.<\/li>\n<\/ul>\n\n<p><strong>Sh\u00ebnim<\/strong> : N\u00ebse vizita juaj p\u00ebrfshin q\u00ebndrimin p\u00ebr m\u00eb shum\u00eb se 6 muaj ose p\u00ebrfshirjen n\u00eb aktivitetet e tregut kanadez t\u00eb pun\u00ebs, mund t&#8217;ju duhet nj\u00eb <strong>leje pune<\/strong> .<\/p>\n\n<hr class=\"wp-block-separator has-alpha-channel-opacity\"\/>\n\n<h3 class=\"wp-block-heading\"><strong>Hapi 2: A keni nevoj\u00eb p\u00ebr nj\u00eb viz\u00eb apo nj\u00eb eTA?<\/strong><\/h3>\n\n<p>N\u00ebse keni nevoj\u00eb p\u00ebr <strong>viz\u00eb<\/strong> ose nj\u00eb <strong>autorizim elektronik udh\u00ebtimi (eTA)<\/strong> varet nga komb\u00ebsia juaj dhe rrethanat e udh\u00ebtimit.<\/p>\n\n<ul class=\"wp-block-list\">\n<li>P\u00ebrdorni <a>mjetin e Qeveris\u00eb s\u00eb Kanadas\u00eb<\/a> p\u00ebr t\u00eb p\u00ebrcaktuar p\u00ebrshtatshm\u00ebrin\u00eb tuaj.<\/li>\n<\/ul>\n\n<hr class=\"wp-block-separator has-alpha-channel-opacity\"\/>\n\n<h3 class=\"wp-block-heading\"><strong>Hapi 3: Merrni nj\u00eb kod ngjarjeje (n\u00ebse \u00ebsht\u00eb e aplikueshme)<\/strong><\/h3>\n\n<p>P\u00ebr ngjarje, takime ose konferenca t\u00eb regjistruara me <strong>Emigracionin, Refugjat\u00ebt dhe Shtet\u00ebsin\u00eb n\u00eb Kanada (IRCC)<\/strong> :<\/p>\n\n<ul class=\"wp-block-list\">\n<li>Organizatori i ngjarjes do t&#8217;ju ofroj\u00eb nj\u00eb <strong>kod ngjarjeje<\/strong> dhe udh\u00ebzime p\u00ebr aplikimin tuaj p\u00ebr viz\u00eb.<\/li>\n\n\n\n<li>Futja e kodit t\u00eb ngjarjes n\u00eb aplikacionin tuaj ju ndihmon t\u00eb identifikoheni si pjes\u00ebmarr\u00ebs.<\/li>\n<\/ul>\n\n<hr class=\"wp-block-separator has-alpha-channel-opacity\"\/>\n\n<h3 class=\"wp-block-heading\"><strong>Hapi 4: Aplikoni p\u00ebr nj\u00eb viz\u00eb ose eTA (n\u00ebse \u00ebsht\u00eb e nevojshme)<\/strong><\/h3>\n\n<ul class=\"wp-block-list\">\n<li><strong>Viza<\/strong> : Paraqisni nj\u00eb aplikim p\u00ebr viz\u00eb p\u00ebrmes <a>faqes zyrtare t\u00eb internetit t\u00eb IRCC<\/a> .<\/li>\n\n\n\n<li><strong>eTA<\/strong> : Aplikoni n\u00eb internet p\u00ebr nj\u00eb eTA.<\/li>\n<\/ul>\n\n<hr class=\"wp-block-separator has-alpha-channel-opacity\"\/>\n\n<h3 class=\"wp-block-heading\"><strong>Hapi 5: P\u00ebrgatitni dokumente p\u00ebr udh\u00ebtimin tuaj<\/strong><\/h3>\n\n<p>Kur t\u00eb mb\u00ebrrini n\u00eb kufirin kanadez, sigurohuni q\u00eb t\u00eb keni dokumentet e m\u00ebposhtme (mos i paketoni n\u00eb valixhen tuaj):<\/p>\n\n<ul class=\"wp-block-list\">\n<li>Nj\u00eb pasaport\u00eb e vlefshme ose dokument udh\u00ebtimi p\u00ebr t\u00eb gjith\u00eb koh\u00ebzgjatjen e q\u00ebndrimit tuaj.<\/li>\n\n\n\n<li>Nj\u00eb viz\u00eb e vlefshme (n\u00ebse \u00ebsht\u00eb e aplikueshme).<\/li>\n\n\n\n<li>N\u00ebse keni nevoj\u00eb p\u00ebr nj\u00eb eTA, udh\u00ebtoni me pasaport\u00ebn e p\u00ebrdorur n\u00eb aplikacionin tuaj eTA.<\/li>\n\n\n\n<li>Banor\u00ebt e ligjsh\u00ebm t\u00eb p\u00ebrhersh\u00ebm t\u00eb Shteteve t\u00eb Bashkuara duhet t\u00eb sjellin nj\u00eb <strong>kart\u00eb jeshile t\u00eb vlefshme<\/strong> (ose prov\u00eb ekuivalente t\u00eb statusit) dhe pasaport\u00ebn e tyre.<\/li>\n\n\n\n<li>Letra mb\u00ebshtet\u00ebse nga kompania juaj m\u00ebm\u00eb dhe nj\u00eb let\u00ebr ftese nga biznesi kanadez prit\u00ebs.<\/li>\n\n\n\n<li>Dokumente shtes\u00eb si kontratat, marr\u00ebveshjet e garancis\u00eb ose dokumentet e sh\u00ebrbimit (n\u00ebse \u00ebsht\u00eb e nevojshme).<\/li>\n\n\n\n<li>Detajet e kontaktit p\u00ebr hostin e biznesit tuaj n\u00eb Kanada.<\/li>\n\n\n\n<li>D\u00ebshmi e fondeve t\u00eb mjaftueshme p\u00ebr q\u00ebndrimin dhe kthimin tuaj.<\/li>\n<\/ul>\n\n<hr class=\"wp-block-separator has-alpha-channel-opacity\"\/>\n\n<h3 class=\"wp-block-heading\"><strong>T\u00eb miturit q\u00eb udh\u00ebtojn\u00eb me ju<\/strong><\/h3>\n\n<p>N\u00ebse udh\u00ebtoni me f\u00ebmij\u00eb n\u00ebn mosh\u00ebn 18 vje\u00e7, njihuni me rregullat e Kanadas\u00eb p\u00ebr t\u00eb miturit.<\/p>\n\n<ul class=\"wp-block-list\">\n<li>Konsultohuni me k\u00ebrkesat e hyrjes p\u00ebr t\u00eb miturit p\u00ebr t\u00eb siguruar p\u00ebrputhjen me ligjet kanadeze q\u00eb mbrojn\u00eb f\u00ebmij\u00ebt.<\/li>\n<\/ul>\n\n<hr class=\"wp-block-separator has-alpha-channel-opacity\"\/>\n\n<h3 class=\"wp-block-heading\"><strong>Sh\u00ebnime kryesore p\u00ebr vizitor\u00ebt e biznesit<\/strong><\/h3>\n\n<ul class=\"wp-block-list\">\n<li><strong>Marr\u00ebveshja Kanada-Shtetet e Bashkuara-Meksik\u00eb (CUSMA)<\/strong> ofron dispozita shtes\u00eb p\u00ebr shtetasit amerikan\u00eb dhe meksikan\u00eb q\u00eb marrin pjes\u00eb n\u00eb aktivitete si k\u00ebrkimi, marketingu dhe sh\u00ebrbimet e p\u00ebrgjithshme.<\/li>\n\n\n\n<li>Gjithmon\u00eb kontrolloni me organizatorin e takimit ose t\u00eb ngjarjes p\u00ebr k\u00ebrkesa ose udh\u00ebzime specifike.<\/li>\n\n\n\n<li>Vizitor\u00ebt e biznesit jan\u00eb t\u00eb kufizuar n\u00eb aktivitete q\u00eb nuk p\u00ebrfshijn\u00eb pun\u00ebsim t\u00eb drejtp\u00ebrdrejt\u00eb brenda Kanadas\u00eb.<\/li>\n<\/ul>\n\n<p>Duke ndjekur k\u00ebto hapa dhe duke u siguruar q\u00eb keni dokumentet e duhura, vizita juaj e biznesit n\u00eb Kanada mund t\u00eb vazhdoj\u00eb me efikasitet dhe sukses.<\/p>\n","protected":false},"excerpt":{"rendered":"<p>Vizitor\u00ebt e biznesit: Pjes\u00ebmarrja n\u00eb takime, ngjarje dhe konferenca n\u00eb Kanada Vizitor\u00ebt e biznesit luajn\u00eb nj\u00eb rol jetik n\u00eb nxitjen [&hellip;]<\/p>\n","protected":false},"author":1,"featured_media":0,"parent":0,"menu_order":0,"comment_status":"closed","ping_status":"closed","template":"","meta":{"_uag_custom_page_level_css":"","site-sidebar-layout":"default","site-content-layout":"","ast-site-content-layout":"","site-content-style":"default","site-sidebar-style":"default","ast-global-header-display":"","ast-banner-title-visibility":"","ast-main-header-display":"","ast-hfb-above-header-display":"","ast-hfb-below-header-display":"","ast-hfb-mobile-header-display":"","site-post-title":"","ast-breadcrumbs-content":"","ast-featured-img":"","footer-sml-layout":"","theme-transparent-header-meta":"","adv-header-id-meta":"","stick-header-meta":"","header-above-stick-meta":"","header-main-stick-meta":"","header-below-stick-meta":"","astra-migrate-meta-layouts":"default","ast-page-background-enabled":"default","ast-page-background-meta":{"desktop":{"background-color":"var(--ast-global-color-4)","background-image":"","background-repeat":"repeat","background-position":"center center","background-size":"auto","background-attachment":"scroll","background-type":"","background-media":"","overlay-type":"","overlay-color":"","overlay-opacity":"","overlay-gradient":""},"tablet":{"background-color":"","background-image":"","background-repeat":"repeat","background-position":"center center","background-size":"auto","background-attachment":"scroll","background-type":"","background-media":"","overlay-type":"","overlay-color":"","overlay-opacity":"","overlay-gradient":""},"mobile":{"background-color":"","background-image":"","background-repeat":"repeat","background-position":"center center","background-size":"auto","background-attachment":"scroll","background-type":"","background-media":"","overlay-type":"","overlay-color":"","overlay-opacity":"","overlay-gradient":""}},"ast-content-background-meta":{"desktop":{"background-color":"var(--ast-global-color-5)","background-image":"","background-repeat":"repeat","background-position":"center center","background-size":"auto","background-attachment":"scroll","background-type":"","background-media":"","overlay-type":"","overlay-color":"","overlay-opacity":"","overlay-gradient":""},"tablet":{"background-color":"var(--ast-global-color-5)","background-image":"","background-repeat":"repeat","background-position":"center center","background-size":"auto","background-attachment":"scroll","background-type":"","background-media":"","overlay-type":"","overlay-color":"","overlay-opacity":"","overlay-gradient":""},"mobile":{"background-color":"var(--ast-global-color-5)","background-image":"","background-repeat":"repeat","background-position":"center center","background-size":"auto","background-attachment":"scroll","background-type":"","background-media":"","overlay-type":"","overlay-color":"","overlay-opacity":"","overlay-gradient":""}},"footnotes":""},"categories":[],"tags":[],"class_list":["post-1005","page","type-page","status-publish","hentry"],"uagb_featured_image_src":{"full":false,"thumbnail":false,"medium":false,"medium_large":false,"large":false,"1536x1536":false,"2048x2048":false},"uagb_author_info":{"display_name":"admin","author_link":"https:\/\/www.etafast.org\/sq\/author\/admin\/"},"uagb_comment_info":0,"uagb_excerpt":"Vizitor\u00ebt e biznesit: Pjes\u00ebmarrja n\u00eb takime, ngjarje dhe konferenca n\u00eb Kanada Vizitor\u00ebt e biznesit luajn\u00eb nj\u00eb rol jetik n\u00eb nxitjen [&hellip;]","_links":{"self":[{"href":"https:\/\/www.etafast.org\/sq\/wp-json\/wp\/v2\/pages\/1005","targetHints":{"allow":["GET"]}}],"collection":[{"href":"https:\/\/www.etafast.org\/sq\/wp-json\/wp\/v2\/pages"}],"about":[{"href":"https:\/\/www.etafast.org\/sq\/wp-json\/wp\/v2\/types\/page"}],"author":[{"embeddable":true,"href":"https:\/\/www.etafast.org\/sq\/wp-json\/wp\/v2\/users\/1"}],"replies":[{"embeddable":true,"href":"https:\/\/www.etafast.org\/sq\/wp-json\/wp\/v2\/comments?post=1005"}],"version-history":[{"count":1,"href":"https:\/\/www.etafast.org\/sq\/wp-json\/wp\/v2\/pages\/1005\/revisions"}],"predecessor-version":[{"id":1006,"href":"https:\/\/www.etafast.org\/sq\/wp-json\/wp\/v2\/pages\/1005\/revisions\/1006"}],"wp:attachment":[{"href":"https:\/\/www.etafast.org\/sq\/wp-json\/wp\/v2\/media?parent=1005"}],"wp:term":[{"taxonomy":"category","embeddable":true,"href":"https:\/\/www.etafast.org\/sq\/wp-json\/wp\/v2\/categories?post=1005"},{"taxonomy":"post_tag","embeddable":true,"href":"https:\/\/www.etafast.org\/sq\/wp-json\/wp\/v2\/tags?post=1005"}],"curies":[{"name":"wp","href":"https:\/\/api.w.org\/{rel}","templated":true}]}}