{"id":925,"date":"2024-12-11T08:30:38","date_gmt":"2024-12-11T07:30:38","guid":{"rendered":"https:\/\/www.etafast.org\/tranzit-skozi-kanado\/"},"modified":"2024-12-11T09:07:07","modified_gmt":"2024-12-11T08:07:07","slug":"tranzit-skozi-kanado","status":"publish","type":"page","link":"https:\/\/www.etafast.org\/sl\/tranzit-skozi-kanado\/","title":{"rendered":"Tranzit skozi Kanado"},"content":{"rendered":"\n<p>\u010ce potujete v drugo dr\u017eavo in morate pre\u010dkati Kanado, so zahteve glede dokumentov odvisne od ve\u010d dejavnikov, vklju\u010dno z na\u010dinom potovanja, trajanjem bivanja, dr\u017eavljanstvom in statusom priseljenca. V nadaljevanju je predstavljen iz\u010drpen vodnik, ki vam bo pomagal dolo\u010diti, kaj potrebujete za nemoten tranzit skozi Kanado. <\/p>\n\n<hr class=\"wp-block-separator has-alpha-channel-opacity\"\/>\n\n<h3 class=\"wp-block-heading\"><strong>Dejavniki, ki dolo\u010dajo va\u0161e tranzitne zahteve<\/strong><\/h3>\n\n<ol class=\"wp-block-list\">\n<li><strong>Na\u010din potovanja<\/strong>:\n<ul class=\"wp-block-list\">\n<li>Z letalom (mednarodni leti s prestopom na kanadskih letali\u0161\u010dih).<\/li>\n\n\n\n<li>Z avtomobilom, avtobusom, vlakom ali ladjo (vklju\u010dno z ladjami za kri\u017earjenje).<\/li>\n<\/ul>\n<\/li>\n\n\n\n<li><strong>Trajanje tranzita<\/strong>:\n<ul class=\"wp-block-list\">\n<li>Manj kot 48 ur.<\/li>\n\n\n\n<li>Ve\u010d kot 48 ur.<\/li>\n<\/ul>\n<\/li>\n\n\n\n<li><strong>Dr\u017eavljanstvo in status priseljenca<\/strong>:\n<ul class=\"wp-block-list\">\n<li>Dr\u017eava va\u0161ega potnega lista.<\/li>\n\n\n\n<li>ne glede na to, ali ste dr\u017eavljan ZDA, zakoniti stalni prebivalec ZDA ali imate veljavni ameri\u0161ki vizum.<\/li>\n<\/ul>\n<\/li>\n<\/ol>\n\n<hr class=\"wp-block-separator has-alpha-channel-opacity\"\/>\n\n<h3 class=\"wp-block-heading\"><strong>Mo\u017enosti dokumentov za tranzit skozi Kanado<\/strong><\/h3>\n\n<h4 class=\"wp-block-heading\"><strong>1. Vizum za obiskovalce<\/strong><\/h4>\n\n<p><strong>Vizum za obiskovalce<\/strong> potrebujete, \u010de:<\/p>\n\n<ul class=\"wp-block-list\">\n<li>Prihajate iz <strong>dr\u017eave, za katero je potreben vizum<\/strong>, in nameravate:\n<ul class=\"wp-block-list\">\n<li>Obi\u0161\u010dite Kanado, tudi \u010de za manj kot 48 ur.<\/li>\n\n\n\n<li>Med tranzitom ostanite v Kanadi <strong>ve\u010d kot 48 ur.<\/strong> <\/li>\n<\/ul>\n<\/li>\n\n\n\n<li>Potujete z <strong>avtobusom, avtomobilom, vlakom, ladjo ali ladjo za kri\u017earjenje<\/strong> iz dr\u017eave, za katero je potreben vizum.<\/li>\n<\/ul>\n\n<p><\/p>\n\n<hr class=\"wp-block-separator has-alpha-channel-opacity\"\/>\n\n<h4 class=\"wp-block-heading\"><strong>2. Tranzitni vizum<\/strong><\/h4>\n\n<p><strong>Tranzitni vizum<\/strong> potrebujete, \u010de:<\/p>\n\n<ul class=\"wp-block-list\">\n<li>Prihajate iz <strong>dr\u017eave, za katero je potreben vizum<\/strong>, in:\n<ul class=\"wp-block-list\">\n<li>Va\u0161 mednarodni let se na poti na drugo destinacijo ustavi na kanadskem letali\u0161\u010du.<\/li>\n\n\n\n<li>Na enem ali ve\u010d kanadskih letali\u0161\u010dih prestopate med dvema mednarodnima letoma.<\/li>\n\n\n\n<li>Va\u0161 tranzit traja <strong>48 ur ali manj<\/strong>.<\/li>\n\n\n\n<li>Nimate veljavnega vizuma za obiskovalce.<\/li>\n\n\n\n<li>Do dovoljenja eTA niste upravi\u010deni.<\/li>\n<\/ul>\n<\/li>\n<\/ul>\n\n<p><\/p>\n\n<hr class=\"wp-block-separator has-alpha-channel-opacity\"\/>\n\n<h4 class=\"wp-block-heading\"><strong>3. Elektronska potovalna odobritev (eTA)<\/strong><\/h4>\n\n<p><strong>Dovoljenje eTA<\/strong> potrebujete, \u010de:<\/p>\n\n<ul class=\"wp-block-list\">\n<li>Prihajate iz <strong>dr\u017eave, za katero se zahteva eTA,<\/strong> in:\n<ul class=\"wp-block-list\">\n<li>Tranzit skozi Kanado z letalom.<\/li>\n\n\n\n<li>Va\u0161 tranzit je del povezovalnega mednarodnega leta.<\/li>\n<\/ul>\n<\/li>\n<\/ul>\n\n<p><strong>Izjeme<\/strong>:<\/p>\n\n<ul class=\"wp-block-list\">\n<li>\u010ce potujete z vlakom, avtobusom, ladjo ali potni\u0161ko ladjo, ne potrebujete dovoljenja eTA, vendar morate imeti veljavne potovalne dokumente.<\/li>\n<\/ul>\n\n<p><\/p>\n\n<hr class=\"wp-block-separator has-alpha-channel-opacity\"\/>\n\n<h4 class=\"wp-block-heading\"><strong>4. Tranzit brez vizuma<\/strong><\/h4>\n\n<ul class=\"wp-block-list\">\n<li><strong>Dr\u017eavljani ZDA in zakoniti stalni prebivalci<\/strong>:<br>Dr\u017eavljani ZDA in imetniki zelene karte lahko Kanado pre\u010dkajo brez vizuma z letalom, avtomobilom, avtobusom, vlakom ali ladjo. Poskrbite, da boste imeli s seboj: \n<ul class=\"wp-block-list\">\n<li>veljavni potni list ali potovalno listino.<\/li>\n\n\n\n<li>veljavna zelena karta ZDA (za zakonite stalne prebivalce).<\/li>\n<\/ul>\n<\/li>\n\n\n\n<li><strong>Imetniki potnih listov iz dolo\u010denih dr\u017eav<\/strong>:<br\/>Dr\u017eavljani <strong>Kitajske, Indonezije, Filipinov, Tajske<\/strong> ali <strong>Tajvana<\/strong> (brez osebne identifikacijske \u0161tevilke) lahko potujejo brez vizuma, \u010de izpolnjujejo dolo\u010dene pogoje.<\/li>\n<\/ul>\n\n<p><\/p>\n\n<hr class=\"wp-block-separator has-alpha-channel-opacity\"\/>\n\n<h3 class=\"wp-block-heading\"><strong>Dokumenti, ki jih morate imeti pri sebi<\/strong><\/h3>\n\n<p>Pri tranzitu skozi Kanado imejte vedno pripravljene naslednje dokumente:<\/p>\n\n<ul class=\"wp-block-list\">\n<li>veljavni potni list ali potovalno listino za celotno potovanje.<\/li>\n\n\n\n<li>veljavni vizum, tranzitni vizum ali dovoljenje eTA (\u010de je primerno).<\/li>\n\n\n\n<li>Za stalne prebivalce ZDA: Veljavna zelena karta ali enakovredno dokazilo o statusu.<\/li>\n\n\n\n<li>Dokazilo o nadaljnjem potovanju, na primer letalske vozovnice ali na\u010drt potovanja.<\/li>\n<\/ul>\n\n<hr class=\"wp-block-separator has-alpha-channel-opacity\"\/>\n\n<h3 class=\"wp-block-heading\"><strong>Klju\u010dne opombe<\/strong><\/h3>\n\n<ul class=\"wp-block-list\">\n<li><strong>Trajanje tranzita<\/strong>: \u010ce va\u0161 tranzit traja dlje kot 48 ur, boste potrebovali vizum za obiskovalce.<\/li>\n\n\n\n<li><strong>Na\u010din vstopa<\/strong>: eTA je potrebna za potovanje z letalom, ne pa za potovanje po kopnem ali morju.<\/li>\n\n\n\n<li><strong>Predhodna prijava<\/strong>: Da bi se izognili zamudam, zahtevane dokumente predlo\u017eite veliko pred datumom potovanja.<\/li>\n<\/ul>\n\n<p>\u010ce boste imeli ustrezno dokumentacijo, boste lahko nemoteno pre\u010dkali Kanado in se osredoto\u010dili na pot do kon\u010dnega cilja.<\/p>\n","protected":false},"excerpt":{"rendered":"<p>\u010ce potujete v drugo dr\u017eavo in morate pre\u010dkati Kanado, so zahteve glede dokumentov odvisne od ve\u010d dejavnikov, vklju\u010dno z na\u010dinom [&hellip;]<\/p>\n","protected":false},"author":1,"featured_media":0,"parent":0,"menu_order":0,"comment_status":"closed","ping_status":"closed","template":"","meta":{"_uag_custom_page_level_css":"","site-sidebar-layout":"default","site-content-layout":"","ast-site-content-layout":"","site-content-style":"default","site-sidebar-style":"default","ast-global-header-display":"","ast-banner-title-visibility":"","ast-main-header-display":"","ast-hfb-above-header-display":"","ast-hfb-below-header-display":"","ast-hfb-mobile-header-display":"","site-post-title":"","ast-breadcrumbs-content":"","ast-featured-img":"","footer-sml-layout":"","theme-transparent-header-meta":"","adv-header-id-meta":"","stick-header-meta":"","header-above-stick-meta":"","header-main-stick-meta":"","header-below-stick-meta":"","astra-migrate-meta-layouts":"default","ast-page-background-enabled":"default","ast-page-background-meta":{"desktop":{"background-color":"var(--ast-global-color-4)","background-image":"","background-repeat":"repeat","background-position":"center center","background-size":"auto","background-attachment":"scroll","background-type":"","background-media":"","overlay-type":"","overlay-color":"","overlay-opacity":"","overlay-gradient":""},"tablet":{"background-color":"","background-image":"","background-repeat":"repeat","background-position":"center center","background-size":"auto","background-attachment":"scroll","background-type":"","background-media":"","overlay-type":"","overlay-color":"","overlay-opacity":"","overlay-gradient":""},"mobile":{"background-color":"","background-image":"","background-repeat":"repeat","background-position":"center center","background-size":"auto","background-attachment":"scroll","background-type":"","background-media":"","overlay-type":"","overlay-color":"","overlay-opacity":"","overlay-gradient":""}},"ast-content-background-meta":{"desktop":{"background-color":"var(--ast-global-color-5)","background-image":"","background-repeat":"repeat","background-position":"center center","background-size":"auto","background-attachment":"scroll","background-type":"","background-media":"","overlay-type":"","overlay-color":"","overlay-opacity":"","overlay-gradient":""},"tablet":{"background-color":"var(--ast-global-color-5)","background-image":"","background-repeat":"repeat","background-position":"center center","background-size":"auto","background-attachment":"scroll","background-type":"","background-media":"","overlay-type":"","overlay-color":"","overlay-opacity":"","overlay-gradient":""},"mobile":{"background-color":"var(--ast-global-color-5)","background-image":"","background-repeat":"repeat","background-position":"center center","background-size":"auto","background-attachment":"scroll","background-type":"","background-media":"","overlay-type":"","overlay-color":"","overlay-opacity":"","overlay-gradient":""}},"footnotes":""},"categories":[],"tags":[],"class_list":["post-925","page","type-page","status-publish","hentry"],"uagb_featured_image_src":{"full":false,"thumbnail":false,"medium":false,"medium_large":false,"large":false,"1536x1536":false,"2048x2048":false},"uagb_author_info":{"display_name":"admin","author_link":"https:\/\/www.etafast.org\/sl\/author\/admin\/"},"uagb_comment_info":0,"uagb_excerpt":"\u010ce potujete v drugo dr\u017eavo in morate pre\u010dkati Kanado, so zahteve glede dokumentov odvisne od ve\u010d dejavnikov, vklju\u010dno z na\u010dinom [&hellip;]","_links":{"self":[{"href":"https:\/\/www.etafast.org\/sl\/wp-json\/wp\/v2\/pages\/925","targetHints":{"allow":["GET"]}}],"collection":[{"href":"https:\/\/www.etafast.org\/sl\/wp-json\/wp\/v2\/pages"}],"about":[{"href":"https:\/\/www.etafast.org\/sl\/wp-json\/wp\/v2\/types\/page"}],"author":[{"embeddable":true,"href":"https:\/\/www.etafast.org\/sl\/wp-json\/wp\/v2\/users\/1"}],"replies":[{"embeddable":true,"href":"https:\/\/www.etafast.org\/sl\/wp-json\/wp\/v2\/comments?post=925"}],"version-history":[{"count":1,"href":"https:\/\/www.etafast.org\/sl\/wp-json\/wp\/v2\/pages\/925\/revisions"}],"predecessor-version":[{"id":926,"href":"https:\/\/www.etafast.org\/sl\/wp-json\/wp\/v2\/pages\/925\/revisions\/926"}],"wp:attachment":[{"href":"https:\/\/www.etafast.org\/sl\/wp-json\/wp\/v2\/media?parent=925"}],"wp:term":[{"taxonomy":"category","embeddable":true,"href":"https:\/\/www.etafast.org\/sl\/wp-json\/wp\/v2\/categories?post=925"},{"taxonomy":"post_tag","embeddable":true,"href":"https:\/\/www.etafast.org\/sl\/wp-json\/wp\/v2\/tags?post=925"}],"curies":[{"name":"wp","href":"https:\/\/api.w.org\/{rel}","templated":true}]}}