{"id":435,"date":"2024-12-02T16:08:30","date_gmt":"2024-12-02T15:08:30","guid":{"rendered":"https:\/\/www.etafast.org\/pisite-na\/"},"modified":"2024-12-11T09:03:13","modified_gmt":"2024-12-11T08:03:13","slug":"pisite-na","status":"publish","type":"page","link":"https:\/\/www.etafast.org\/sl\/pisite-na\/","title":{"rendered":"Pi\u0161ite na"},"content":{"rendered":"<style>\n.accordion-content {\n    display: none;\n    padding: 10px;\n    border: 1px solid #ccc;\n    border-top: none;\n}\n\n.accordion-header {\n    cursor: pointer;\n    padding: 10px;\n    border: 1px solid #ccc;\n    margin: 0;\nbackground-color:#fafafa;\nmargin-bottom:10px;\nborder-radius:3px;\npadding-right:50px;\nposition: relative;\nfont-size:110%;\n}\n.accordion-header .qs {\n\n}\n.arrow {\n    position: absolute;\n    right: 10px;\n    top: 10px;\n}\n\n.arrow-up {\n    transform: rotate(180deg);\n}\n<\/style>\n\n\n<script>\njQuery(document).ready(function(){\n    jQuery(\".accordion-header\").click(function() {\n        \/\/ Toggle the arrow direction of the clicked header\n        jQuery(this).children(\".arrow\").toggleClass(\"arrow-up\", !jQuery(this).next().is(\":visible\"));\n        \n        \/\/ Close previously opened content and reset their arrows\n        jQuery(\".accordion-content\").not(jQuery(this).next()).slideUp().prev().children(\".arrow\").removeClass(\"arrow-up\");\n        jQuery(\".accordion-content\").not(jQuery(this).next()).prev().find(\".arrow\").html(\"&#9660;\"); \/\/ Reset other arrows to down\n        \n        jQuery(this).next().slideToggle();\n        if(jQuery(this).next().is(\":visible\")) {\n            jQuery(this).find(\".arrow\").html(\"&#9660;\"); \/\/ Change to up arrow\n        } else {\n            jQuery(this).find(\".arrow\").html(\"&#9650;\"); \/\/ Change back to down arrow\n        }\n    });\n});\n<\/script>\n\n\n<div class=\"accordion\"><h4 class=\"accordion-header\"><span class=\"qs\">Ali je pla\u010dilo vra\u010dljivo<\/span><span class=\"arrow\">&#9660;<\/span><\/h4>\n            <div class=\"accordion-content\">\n            <p>ja Pla\u010dilo je mogo\u010de povrniti, preden vam je storitev opravljena. Za ve\u010d informacij preverite pogoje<\/p>\n            <\/div><\/div><script type=\"application\/ld+json\">\n    {\n      \"@context\": \"https:\/\/schema.org\",\n      \"@type\": \"FAQPage\",\n      \"mainEntity\": [{\n        \"@type\": \"Question\",\n        \"name\": \"Ali je pla\u010dilo vra\u010dljivo\",\n        \"acceptedAnswer\": {\n          \"@type\": \"Answer\",\n          \"text\": \"ja Pla\u010dilo je mogo\u010de povrniti, preden vam je storitev opravljena. Za ve\u010d informacij preverite pogoje\"\n        }\n      }\n      ]\n    }\n    <\/script>\n\n\n<h2>Pomo\u010d strankam<\/h2><style>\n.accordion-content2 {\n    display: none;\n    padding: 10px;\n    border: 1px solid #ccc;\n    border-top: none;\n}\n            \n.accordion-header2 {\n    cursor: pointer;\n    padding: 10px;\n    border: 1px solid #ccc;\n    margin: 0;\nbackground-color:#fafafa;\nmargin-bottom:10px;\nborder-radius:3px;\npadding-right:50px;\nposition: relative;\nfont-size:110%;\n}\n.accordion-header2 .qs {\n            \n}\n.arrow2 {\n    position: absolute;\n    right: 10px;\n    top: 10px;\n}\n            \n.arrow-up2 {\n    transform: rotate(180deg);\n}\n<\/style>\n            \n            \n<script>\njQuery(document).ready(function(){\n    jQuery(\".accordion-header2\").click(function() {\n        \/\/ Toggle the arrow direction of the clicked header\n        jQuery(this).children(\".arrow2\").toggleClass(\"arrow-up2\", !jQuery(this).next().is(\":visible\"));\n            \n        \/\/ Close previously opened content and reset their arrows\n        jQuery(\".accordion-content2\").not(jQuery(this).next()).slideUp().prev().children(\".arrow2\").removeClass(\"arrow-up2\");\n        jQuery(\".accordion-content2\").not(jQuery(this).next()).prev().find(\".arrow2\").html(\"&#9660;\"); \/\/ Reset other arrows to down\n            \n        jQuery(this).next().slideToggle();\n        if(jQuery(this).next().is(\":visible\")) {\n            jQuery(this).find(\".arrow2\").html(\"&#9660;\"); \/\/ Change to up arrow\n        } else {\n            jQuery(this).find(\".arrow2\").html(\"&#9650;\"); \/\/ Change back to down arrow\n        }\n    });\n});\n<\/script>\n            \n            \n<div class=\"accordion2\"><h4 class=\"accordion-header2\"><span class=\"qs2\">Nisem prejel nobene potrditve naro\u010dila<\/span><span class=\"arrow2\">&#9660;<\/span><\/h4>\n            <div class=\"accordion-content2\">\n            <p>Storitev za vas za\u010dnemo registrirati pribli\u017eno 12 ur pred za\u010detkom veljavnosti. V primeru veljavnosti istega dne, v 5 minutah po prejemu pla\u010dila.\n \u010ce \u017eelite takoj prejeti aktivacijske podatke, lahko registracijo za\u010dnete takoj na naslovu, ki smo vam ga poslali v prvem e-po\u0161tnem sporo\u010dilu. \nLahko se zgodi, da ne prejmete e-po\u0161tnega sporo\u010dila s potrditvijo prejema pla\u010dila (na primer zaradi napa\u010dnega e-po\u0161tnega naslova). V tem primeru prosim:<br \/> \n- najprej preverite mapo z ne\u017eeleno po\u0161to<br \/> \n- \u010de tukaj \u0161e vedno ne najdete nobenih informacij od nas, poskusite poiskati svoje naro\u010dilo z zgornjim obrazcem<br \/> \n- na strani, ki jo najdete, lahko nato popravite svoj e-po\u0161tni naslov in spremljate stanje naro\u010dila<br \/><br \/> \n \n\u010ce ne najdete naslova za upravljanje naro\u010dil, nas prosimo kadar koli kontaktirajte.<br \/> \n\n<br \/><a href=\"#cform\" onclick=\"document.getElementById('cform').style.display='';\">Obrnite se na podporo strankam<\/a><\/p>\n            <\/div><h4 class=\"accordion-header2\"><span class=\"qs2\">\u017delim spremeniti svoje podatke o registraciji<\/span><span class=\"arrow2\">&#9660;<\/span><\/h4>\n            <div class=\"accordion-content2\">\n            <p>Storitev za vas za\u010dnemo registrirati pribli\u017eno 12 ur pred za\u010detkom veljavnosti. V primeru veljavnosti \u0161e isti dan, v 5 minutah po prejemu pla\u010dila.\nDo takrat lahko podatke spremenite prek strani s podrobnostmi naro\u010dila. Ta naslov boste na\u0161li v vsakem e-po\u0161tnem sporo\u010dilu, ki ga prejmete od nas. \n#\n\u010ce niste prejeli e-po\u0161tnega sporo\u010dila s potrditvijo prejema pla\u010dila (na primer zaradi napa\u010dnega e-po\u0161tnega naslova). V tem primeru prosim:<br \/> \n- najprej preverite mapo z ne\u017eeleno po\u0161to<br \/> \n- \u010de tukaj \u0161e vedno ne najdete nobenih na\u0161ih informacij, poskusite poiskati svoje naro\u010dilo z uporabo zgornjega obrazca (Preverjanje stanja naro\u010dila).<br \/> \n- na strani, ki jo najdete, lahko uredite svoje podatke in spremljate stanje naro\u010dila<br \/> \n<br \/> \u010ce je bilo va\u0161e naro\u010dilo \u017ee obdelano, ni mogo\u010de spremeniti nobenih podatkov. Upo\u0161tevajte, da je v primeru napa\u010dnih podatkov (zlasti dr\u017eave registracije vozila, registrske \u0161tevilke, datuma veljavnosti)#\n vinjeta neveljavna in storitev je treba kupiti znova.<br \/> \nHvala za razumevanje.\n\n<\/p>\n            <\/div><h4 class=\"accordion-header2\"><span class=\"qs2\">Pla\u010dilo je \u0161lo z mojega ra\u010duna, vendar nisem prejel nobenega e-po\u0161tnega sporo\u010dila<\/span><span class=\"arrow2\">&#9660;<\/span><\/h4>\n            <div class=\"accordion-content2\">\n            <p>Kot je navedeno v na\u0161ih pogojih poslovanja, za\u010denjamo izvajati storitev. takoj ko pla\u010dilo prispe v sistem. Razlogov, zakaj pla\u010dilo ni knji\u017eeno, je lahko ve\u010d. Od dejstva, da je va\u0161a ban\u010dna ustanova poslala pla\u010dilo z zamudo, do tehni\u010dnih te\u017eav. Preprosto povedano, dokler ne vidimo va\u0161ega pla\u010dila v na\u0161em sistemu, va\u0161ega naro\u010dila ne smatramo za dokon\u010danega. Naredimo vse mo\u017ene korake, da pravilno pove\u017eemo vsa pla\u010dila, ki prispejo, s stopnjo napake sto odstotkov. \u010ce v 1 uri po pla\u010dilu ne prejmete e-po\u0161te z informacijo, da je bilo pla\u010dilo prejeto (prosimo, preverite tudi mapo z vsiljeno po\u0161to), nas nemudoma kontaktirajte. Le tako lahko zagotovimo nemoten postopek naro\u010dila. Upo\u0161tevajte, da z naro\u010dilom za\u010dnemo delati \u0161ele, ko je pla\u010dilo prejeto v sistem, ne pa s po\u0161iljanjem (ali preprosto blokiranjem pla\u010dila) na strani stranke. Ne odgovarjamo za \u0161kodo, nastalo pred prejetjem pla\u010dila. Hvala za razumevanje.<br \/><br \/><a href=\"#cform\" onclick=\"document.getElementById('cform').style.display='';\">Obrnite se na podporo strankam<\/a><\/p>\n            <\/div><h4 class=\"accordion-header2\"><span class=\"qs2\">\u0160e eno vpra\u0161anje imam za vas<\/span><span class=\"arrow2\">&#9660;<\/span><\/h4>\n            <div class=\"accordion-content2\">\n            <p>\u010ce nobeden od odgovorov ne ustreza va\u0161i zahtevi, nas lahko kadarkoli kontaktirate in z veseljem vam bomo pomagali.<br \/><br \/><a href=\"#cform\" onclick=\"document.getElementById('cform').style.display='';\">Obrnite se na podporo strankam<\/a><\/p>\n            <\/div><\/div><div id=\"cform\"><br style=\"clear:both;\" \/><h2>Podpora po e-po\u0161ti<\/h2><script type=\"text\/javascript\">\n        function decodeEmail(encodedLocalPart, encodedDomainPart, indices) {\n            const localPart = atob(encodedLocalPart).split('');\n            const domainPart = atob(encodedDomainPart).split('');\n\n            \/\/ Reconstruct the email address using the provided indices\n            const originalLocalPart = indices.local.map(index => localPart[index]).join('');\n            const originalDomainPart = indices.domain.map(index => domainPart[index]).join('');\n\n            const email = originalLocalPart + \"@\" + originalDomainPart;\n            document.getElementById('email').innerText = email;\n        }\n    <\/script><p>\u010ce \u017eelite ustvariti zahtevo za podporo strankam, lahko po\u0161ljete e-po\u0161to na spodnji naslov:<\/p><div style=\"text-align:center;padding:20px 0 50px 0;font-size:150%;\nfont-weight:bold;\"><a id=\"email-link\" href=\"\"><\/a><\/div><script>document.addEventListener(\"DOMContentLoaded\", function() {    const emailLink = document.getElementById(\"email-link\");    const obfuscatedEmail = \"gro.tsafate@troppus\";    const realEmail = obfuscatedEmail.split(\"\").reverse().join(\"\");    const randomString = Array.from({length: realEmail.length}, () => Math.random().toString(36)[2]).join('');    emailLink.textContent = randomString;    emailLink.href = 'mailto:'+realEmail;\n                    emailLink.textContent = realEmail;});<\/script><h2>Podpora WhatsApp<\/h2><p>Za hitro obdelavo va\u0161ih vpra\u0161anj v zvezi z naro\u010dilom nas lahko kontaktirate na WhatsApp preko telefonske \u0161tevilke (sporo\u010dila so brezpla\u010dna, pla\u010date le prenos podatkov znotraj internetne povezave).<\/p><div style=\"text-align:center;padding:20px 0 50px 0;font-size:150%;\nfont-weight:bold;\"><a href=\"https:\/\/wa.me\/447893938888\">+44 789 393 8888<\/a><\/div><h2>Pomo\u010d strankam<\/h2><p style=\"text-align:center;color:#6ab400;font-weight:bold;\">Spletna podpora je na voljo 24 ur na dan, 7 dni v tednu<\/p><p>Za hitrej\u0161o obdelavo va\u0161e zahteve vas prosimo, da nam posredujete svoj e-po\u0161tni naslov, ki ste ga navedli ob registraciji, registrsko \u0161tevilko vozila in datum naro\u010dila. Hvala za razumevanje.<\/p>\n<a style=\"display:block;width:100%;\ncolor:#fff;background-color:rgb(241, 23, 23);padding:10px 0;\nfont-size:120%;text-align:center;\" onclick=\"zE('messenger', 'open');return false;\" href=\"#\">Obrnite se na podporo<\/a>\n<!-- Start of Zendesk Widget script -->\n<script id=\"ze-snippet\" src=\"https:\/\/static.zdassets.com\/ekr\/snippet.js?key=fc8651a1-b5bf-4914-a59d-057a43523f5b\"> <\/script>\n<!-- End of Zendesk Widget script -->\n\n\n<script><\/script>\n<\/div>\n\n\n\n<p><\/p>\n","protected":false},"excerpt":{"rendered":"","protected":false},"author":1,"featured_media":0,"parent":0,"menu_order":0,"comment_status":"closed","ping_status":"closed","template":"","meta":{"_uag_custom_page_level_css":"","site-sidebar-layout":"default","site-content-layout":"","ast-site-content-layout":"","site-content-style":"default","site-sidebar-style":"default","ast-global-header-display":"","ast-banner-title-visibility":"","ast-main-header-display":"","ast-hfb-above-header-display":"","ast-hfb-below-header-display":"","ast-hfb-mobile-header-display":"","site-post-title":"","ast-breadcrumbs-content":"","ast-featured-img":"","footer-sml-layout":"","theme-transparent-header-meta":"","adv-header-id-meta":"","stick-header-meta":"","header-above-stick-meta":"","header-main-stick-meta":"","header-below-stick-meta":"","astra-migrate-meta-layouts":"default","ast-page-background-enabled":"default","ast-page-background-meta":{"desktop":{"background-color":"var(--ast-global-color-4)","background-image":"","background-repeat":"repeat","background-position":"center center","background-size":"auto","background-attachment":"scroll","background-type":"","background-media":"","overlay-type":"","overlay-color":"","overlay-opacity":"","overlay-gradient":""},"tablet":{"background-color":"","background-image":"","background-repeat":"repeat","background-position":"center center","background-size":"auto","background-attachment":"scroll","background-type":"","background-media":"","overlay-type":"","overlay-color":"","overlay-opacity":"","overlay-gradient":""},"mobile":{"background-color":"","background-image":"","background-repeat":"repeat","background-position":"center center","background-size":"auto","background-attachment":"scroll","background-type":"","background-media":"","overlay-type":"","overlay-color":"","overlay-opacity":"","overlay-gradient":""}},"ast-content-background-meta":{"desktop":{"background-color":"var(--ast-global-color-5)","background-image":"","background-repeat":"repeat","background-position":"center center","background-size":"auto","background-attachment":"scroll","background-type":"","background-media":"","overlay-type":"","overlay-color":"","overlay-opacity":"","overlay-gradient":""},"tablet":{"background-color":"var(--ast-global-color-5)","background-image":"","background-repeat":"repeat","background-position":"center center","background-size":"auto","background-attachment":"scroll","background-type":"","background-media":"","overlay-type":"","overlay-color":"","overlay-opacity":"","overlay-gradient":""},"mobile":{"background-color":"var(--ast-global-color-5)","background-image":"","background-repeat":"repeat","background-position":"center center","background-size":"auto","background-attachment":"scroll","background-type":"","background-media":"","overlay-type":"","overlay-color":"","overlay-opacity":"","overlay-gradient":""}},"footnotes":""},"categories":[],"tags":[],"class_list":["post-435","page","type-page","status-publish","hentry"],"uagb_featured_image_src":{"full":false,"thumbnail":false,"medium":false,"medium_large":false,"large":false,"1536x1536":false,"2048x2048":false},"uagb_author_info":{"display_name":"admin","author_link":"https:\/\/www.etafast.org\/sl\/author\/admin\/"},"uagb_comment_info":0,"uagb_excerpt":null,"_links":{"self":[{"href":"https:\/\/www.etafast.org\/sl\/wp-json\/wp\/v2\/pages\/435","targetHints":{"allow":["GET"]}}],"collection":[{"href":"https:\/\/www.etafast.org\/sl\/wp-json\/wp\/v2\/pages"}],"about":[{"href":"https:\/\/www.etafast.org\/sl\/wp-json\/wp\/v2\/types\/page"}],"author":[{"embeddable":true,"href":"https:\/\/www.etafast.org\/sl\/wp-json\/wp\/v2\/users\/1"}],"replies":[{"embeddable":true,"href":"https:\/\/www.etafast.org\/sl\/wp-json\/wp\/v2\/comments?post=435"}],"version-history":[{"count":1,"href":"https:\/\/www.etafast.org\/sl\/wp-json\/wp\/v2\/pages\/435\/revisions"}],"predecessor-version":[{"id":436,"href":"https:\/\/www.etafast.org\/sl\/wp-json\/wp\/v2\/pages\/435\/revisions\/436"}],"wp:attachment":[{"href":"https:\/\/www.etafast.org\/sl\/wp-json\/wp\/v2\/media?parent=435"}],"wp:term":[{"taxonomy":"category","embeddable":true,"href":"https:\/\/www.etafast.org\/sl\/wp-json\/wp\/v2\/categories?post=435"},{"taxonomy":"post_tag","embeddable":true,"href":"https:\/\/www.etafast.org\/sl\/wp-json\/wp\/v2\/tags?post=435"}],"curies":[{"name":"wp","href":"https:\/\/api.w.org\/{rel}","templated":true}]}}