{"id":353,"date":"2024-12-02T16:09:31","date_gmt":"2024-12-02T15:09:31","guid":{"rendered":"https:\/\/www.etafast.org\/pogoji-uporabe-storitev\/"},"modified":"2024-12-11T09:02:39","modified_gmt":"2024-12-11T08:02:39","slug":"pogoji-uporabe-storitev","status":"publish","type":"page","link":"https:\/\/www.etafast.org\/sl\/pogoji-uporabe-storitev\/","title":{"rendered":"Pogoji uporabe storitev"},"content":{"rendered":"<h3 id=\"-vod\" class=\"scroll-mt-6\">1. UVOD<\/h3> \n<p> 1.1 Spletno mesto <span style=\"font-family: Overpass, -apple-system, BlinkMacSystemFont, Segoe UI, Roboto, Oxygen-Sans, Ubuntu, Cantarell, Helvetica Neue, sans-serif; font-size: 15px; font-style: normal; font-variant-ligatures: normal; font-variant-caps: normal; font-weight: 400;\"><span id=\"vol&quot;website&quot;\"><\/span> <script>\n      \n        const decodedString&quot;website&quot; = String.fromCharCode();\n        document.getElementById(\"vol&quot;website&quot;\").textContent = decodedString&quot;website&quot;;\n    <\/script><\/span> (v nadaljevanju &quot;Spletno mesto&quot;) upravlja podjetje <span id=\"vol&quot;companyname&quot;\"><\/span> <script>\n      \n        const decodedString&quot;companyname&quot; = String.fromCharCode();\n        document.getElementById(\"vol&quot;companyname&quot;\").textContent = decodedString&quot;companyname&quot;;\n    <\/script> s sede\u017eem na naslovu <span style=\"font-family: Overpass, -apple-system, BlinkMacSystemFont, Segoe UI, Roboto, Oxygen-Sans, Ubuntu, Cantarell, Helvetica Neue, sans-serif;font-size: 15px; font-style: normal; font-variant-ligatures: normal; font-variant-caps: normal; font-weight: 400;\"><span id=\"vol&quot;companyadr&quot;\"><\/span> <script>\n      \n        const decodedString&quot;companyadr&quot; = String.fromCharCode();\n        document.getElementById(\"vol&quot;companyadr&quot;\").textContent = decodedString&quot;companyadr&quot;;\n    <\/script><\/span> (v nadaljevanju &quot;Podjetje&quot;).<\/p> \n<p><br \/> 1.2 Dru\u017eba svojim strankam ponuja storitev posredovanja pri pla\u010dilu pristojbin za uporabo cestninskih evropskih cest (v nadaljevanju \u00bbStoritev\u00ab).<\/p> \n<p><br \/> 1.3 Ti splo\u0161ni pogoji poslovanja spletnega mesta (v nadaljevanju \u00bbSPP\u00ab) urejajo medsebojne pravice in obveznosti pogodbenih strank, ki nastanejo v zvezi s pogodbo o opravljanju storitev (v nadaljevanju \u00bbPogodba\u00ab), sklenjeno prek spletnega mesta, ali na njeni podlagi.<\/p> \n<p><br \/> 1.4 Stranka je vsak obiskovalec spletnega mesta, ne glede na to, ali deluje kot potro\u0161nik ali kot podjetje (v nadaljevanju \u00bbstranka\u00ab).<br \/> 1.5 Potro\u0161nik je oseba, ki pri sklepanju in izpolnjevanju pogodbe ne deluje v okviru svoje gospodarske ali druge poslovne dejavnosti (v nadaljnjem besedilu: \u00bbpotro\u0161nik\u00ab).<\/p> \n<p><br \/> 1.6 Dru\u017eba bo v imenu stranke pla\u010dala pristojbino za uporabo cestninskih evropskih cestnih omre\u017eij neposredno upravljavcu naslednjih spletnih mest v dani dr\u017eavi<\/p> \n<p><br \/> 1.7 Stranka potrjuje, da predmet Storitve ni prodaja elektronskih vinjet ali zagotavljanje pravic uporabe kopenskih cest. Podjetje ni poslovni partner nobenega javnega organa, ki pobira pristojbine za uporabo kopenskih cest.<\/p> \n<p><br \/> 1.8 Dolo\u010dbe, ki odstopajo od teh Splo\u0161nih pogojev poslovanja, se lahko dogovorijo v pisni pogodbi. Odstopajo\u010de dolo\u010dbe v pogodbi imajo prednost pred dolo\u010dbami teh Splo\u0161nih pogojev poslovanja.<\/p> \n<p><br \/> 1.9 Dolo\u010dbe teh Splo\u0161nih pogojev poslovanja so sestavni del Pogodbe, sklenjene prek Spletnega mesta. Pogodba in splo\u0161ni pogoji poslovanja so sestavljeni v \u010de\u0161kem jeziku.<\/p> \n<p><br \/> 1.10 Dru\u017eba lahko spremeni ali dopolni besedilo Splo\u0161nih pogojev poslovanja. Ta dolo\u010dba ne vpliva na pravice in obveznosti, ki nastanejo v \u010dasu veljavnosti prej\u0161nje razli\u010dice splo\u0161nih pogojev poslovanja.<\/p> \n<p><br \/> 1.11 Z dostopom do katerega koli spletnega mesta stranka potrjuje, da je prebrala besedilo teh Splo\u0161nih pogojev in se zavezuje, da jih bo upo\u0161tevala.<\/p> \n<p><\/p> \n<h3 id=\"-uzaven-smlouvy\" class=\"scroll-mt-6\"> 2. SKLENITEV POGODBE<\/h3> \n<p> 2.1 Za naro\u010dilo Storitve mora Stranka izvesti naslednje korake:<br \/> (a) izbere vrsto vozila, ki ga \u017eeli uporabljati na cestninskih cestah;<br \/> <span style=\"font-family: Overpass, -apple-system, BlinkMacSystemFont, Segoe UI, Roboto, Oxygen-Sans, Ubuntu, Cantarell, Helvetica Neue, sans-serif; font-size: 15px; font-style: normal; font-variant-ligatures: normal; font-variant-caps: normal; font-weight: 400; letter-spacing: 0px;\">(b) klikne gumb \u00bbNakup\u00ab ali \u00bbNaro\u010dilo\u00ab (odvisno od trenutne razli\u010dice in prevoda strani)<br \/><\/span> <span style=\"letter-spacing: 0px;\">(c) izbere obdobje, v katerem \u017eeli potovati po cestninskih cestah;<br \/><\/span> <span style=\"font-family: Overpass, -apple-system, BlinkMacSystemFont, Segoe UI, Roboto, Oxygen-Sans, Ubuntu, Cantarell, Helvetica Neue, sans-serif; font-size: 15px; font-style: normal; font-variant-ligatures: normal; font-variant-caps: normal; font-weight: 400;\">(d) izbere dr\u017eavo registracije svoje registrske tablice in \u0161tevilko registrske tablice<br \/><\/span> <span style=\"letter-spacing: 0px;\">(e) alternativno, odvisno od vrste storitve, izberite in izpolnite dodatne podatke, potrebne za dokon\u010danje naro\u010dila (VIN koda vozila, tip pogona)<br \/><\/span> <span style=\"letter-spacing: 0px;\">(f) potrdijo vnesene podatke in potrdijo strinjanje s temi Splo\u0161nimi pogoji s klikom na gumb \u00bbStrinjam se s splo\u0161nimi pogoji\u00ab;<\/span><\/p> \n<p> <span style=\"letter-spacing: 0px;\">(v nadaljnjem besedilu skupaj imenovani \u00bbOdredba\u00ab).<\/span><\/p> \n<p> 2.2 Pred oddajo naro\u010dila lahko kupec preveri in spremeni podatke, ki jih je vnesel v naro\u010dilo, tudi glede na mo\u017enost kupca, da odkrije in popravi napake, ki so nastale pri vnosu podatkov v naro\u010dilo. Podjetje \u0161teje podatke, navedene v naro\u010dilu, za pravilne. Veljavnost naro\u010dila je pogojena z izpolnitvijo vseh obveznih podatkov v naro\u010dilnici in potrditvijo stranke, da je prebrala te splo\u0161ne pogoje poslovanja.<br \/><br \/> 2.3 Naro\u010dilo stranke, oddano prek spletne strani, je zavezujo\u010d predlog za sklenitev pogodbe z dru\u017ebo. Po pla\u010dilu s strani stranke bo podjetje elektronsko potrdilo prejem pla\u010dila, po elektronski po\u0161ti z besedilom \u00bbNaro\u010dilo prejeto\u00ab. Stranka se strinja in sprejema, da to e-po\u0161tno sporo\u010dilo ne pomeni, da je naro\u010dilo zaklju\u010deno.<\/p> \n<p> 2.4. Po preverjanju podatkov s strani podjetja se storitev stranki zagotovi v razumnem roku, pod pogojem, da so podatki pravilni. \u010ce so podatki, ki jih je posredoval kupec, napa\u010dni, se kupcu elektronsko po\u0161lje zahteva za popravek podatkov, da se naro\u010dilo lahko zaklju\u010di. Dru\u017eba ne odgovarja za \u0161kodo, ki nastane stranki v \u010dasu, ko se stranka ne odzove na pozive dru\u017ebe, potrebne za izpolnitev naro\u010dila.<\/p> \n<p> 2.5 <span style=\"letter-spacing: 0px;\">Pogodba je sklenjena z dostavo potrditve naro\u010dila na elektronski naslov stranke. Stranka je jasno obve\u0161\u010dena, da je storitev aktivna le v tem trenutku.<\/span><\/p> \n<p> 2.5 Vsa naro\u010dila, ki jih sprejme podjetje, so zavezujo\u010da.<\/p> \n<p><br \/> 2.6 Stranka se strinja z uporabo sredstev za komunikacijo na daljavo pri sklenitvi Pogodbe. Stranka krije stro\u0161ke, ki nastanejo pri uporabi komunikacijskih sredstev na daljavo v zvezi s sklenitvijo Pogodbe (stro\u0161ki internetne povezave).<\/p> \n<p><br \/> 2.7 Pogodba je pravna podlaga, na kateri Dru\u017eba deluje v imenu Stranke.<\/p> \n<p><br \/> 2.8 Stranka se strinja, da Dru\u017eba ne odgovarja za morebitne napa\u010dno izpolnjene podatke na spletni strani Dru\u017ebe in prevzema polno odgovornost za vse dodatne stro\u0161ke, ki bi iz tega izhajali.<\/p> \n<p><br \/> 2.8.1 Stranka se strinja, da so podatki o registraciji, navedeni v potrditvenem e-po\u0161tnem sporo\u010dilu, veljavni, vklju\u010dno z dr\u017eavo registracije vozila, registrsko \u0161tevilko in datumom poteka veljavnosti. Stranka se strinja s kon\u010dnim tekstovnim in vizualnim pregledom podatkov ter se strinja, da podjetje ne odgovarja za \u0161kodo, ki bi nastala zaradi napa\u010dnih podatkov, ki jih je stranka v kateri koli fazi naro\u010dila vnesla ali spremenila neposredno ali s strani dru\u017ebe na pobudo stranke (na spletni strani, po telefonu, elektronski po\u0161ti ali prek katere koli druge digitalne oblike komunikacije).<\/p> \n<p> 2.9 <span style=\"font-family: Overpass, -apple-system, BlinkMacSystemFont, Segoe UI, Roboto, Oxygen-Sans, Ubuntu, Cantarell, Helvetica Neue, sans-serif; font-size: 15px; font-style: normal; font-variant-ligatures: normal; font-variant-caps: normal; font-weight: 400; letter-spacing: 0px;\">Dru\u017eba je odgovorna za elektronsko po\u0161iljanje komunikacij s stre\u017enika dru\u017ebe.<\/span><\/p> \n<p> 2.10. Stranka se zaveda vseh zahtev e-po\u0161tne komunikacije in bo zagotovila vse potrebno za prejemanje e-po\u0161te ali drugih oblik komunikacije. Strinja se, da v primeru nedostavitve e-po\u0161te zaradi te\u017eave na strani stranke (e-po\u0161ta ozna\u010dena kot ne\u017eelena po\u0161ta, e-po\u0161ta, ki ni bila dostavljena zaradi programske napake na strani stranke), podjetje ne prevzema nobene odgovornosti za morebitno povzro\u010deno \u0161kodo ali dodatne stro\u0161ke v primerih, na katere podjetje ne more vplivati <span style=\"font-family: Overpass, -apple-system, BlinkMacSystemFont, Segoe UI, Roboto, Oxygen-Sans, Ubuntu, Cantarell, Helvetica Neue, sans-serif; font-size: 15px; font-style: normal; font-variant-ligatures: normal; font-variant-caps: normal; font-weight: 400;\">(nedelujo\u010da internetna povezava stranke, onemogo\u010deno gostovanje itd.).<\/span> \n<p> 2.11. Za alternativne na\u010dine komunikacije (SMS, Whatsapp, potisna obvestila in druge) veljajo enaki pogoji kot za komunikacijo po e-po\u0161ti. Stranka prevzema odgovornost za neposredovanje informacij v tej obliki v primerih, na katere Dru\u017eba nima vpliva (internetna povezava Stranke ne deluje, gostovanje je izklopljeno itd.).<\/p> \n<p> 2.12. V primeru, da Dru\u017eba Stranki ne more zagotoviti storitve (Storitev je \u017ee aktivna in je ni mogo\u010de kupiti), bo Stranki v celoti in brez odla\u0161anja povrnjen pla\u010dani znesek.<\/p> \n<p> 2.13. Stranka se strinja, da bo v primeru prejema kakr\u0161ne koli zahteve v zvezi z naro\u010deno storitvijo ta informacija nemudoma, najkasneje pa v 2 dneh po prejemu zahteve, posredovana podjetju. V primeru neupo\u0161tevanja tega roka se Stranka strinja, da od Dru\u017ebe ne bo zahtevala nobene od\u0161kodnine.<\/p> \n<h3><\/h3> \n<h3 id=\"-cena-sluby-a-platebn-podmnky\" class=\"scroll-mt-6\"> 3. CENA STORITVE IN PLA\u010cILNI POGOJI<\/h3> \n<p> 3.1 Spletna stran vsebuje informacije o ceni Storitve in ceni pristojbine za uporabo cestninskih cest. Cene so navedene z vklju\u010denim davkom na dodano vrednost (\u010de je primerno). Cene ostanejo veljavne, dokler so prikazane na spletni strani. Ta dolo\u010dba ne omejuje mo\u017enosti dru\u017ebe, da sklene pogodbo pod individualno dogovorjenimi pogoji.<br \/><br \/> 3.2 Stranka lahko pla\u010da ceno Storitve in pristojbino za uporabo cestninskih cest Dru\u017ebi na naslednje na\u010dine:<br \/> (a) z ban\u010dnim nakazilom na ra\u010dun dru\u017ebe;<br \/> (b) brezgotovinsko s pla\u010dilno kartico prek pla\u010dilnega portala;<br \/> (c) brezgotovinsko prek Paypala.<br \/> (d) brezgotovinsko prek Stripe.<br \/><br \/> 3.3 V primeru brezgotovinskega pla\u010dila je obveznost stranke pla\u010dila cene izpolnjena v trenutku, ko je ustrezni znesek (vsota cene Storitve in pristojbine za uporabo slova\u0161kih ali avstrijskih cestninskih cest) knji\u017een na ra\u010dun dru\u017ebe. \u010ce Kupec ne pla\u010da cene pravilno in pravo\u010dasno, se Pogodba prekine, razen \u010de Dru\u017eba Kupca ne obvesti druga\u010de.<br \/><br \/> 3.4 V primeru o\u010ditne tehni\u010dne napake s strani Dru\u017ebe pri navajanju cen na Spletni strani ali med naro\u010danjem, Dru\u017eba ni dol\u017ena dobaviti Storitve po tej o\u010ditno napa\u010dni ceni.<\/p> \n<h3><\/h3> \n<h3 id=\"-dodn-sluby\" class=\"scroll-mt-6\"> 4. IZVAJANJE STORITVE<\/h3> \n<p> 4.1 Storitev je Stranki dostavljena tako, da se po pla\u010dilu cene Storitve in pristojbine za uporabo cestninskih cest na Strankin elektronski naslov po\u0161lje potrdilo o pla\u010dilu pristojbine za uporabo izbrane storitve v dani dr\u017eavi. Potrditev bo poslana po elektronski po\u0161ti ali prek drugih komunikacijskih sredstev in bo jasno nakazovala, da ima stranka storitev aktivno. Stranka se strinja, da nobena druga e-po\u0161tna sporo\u010dila NE predstavljajo aktivacije storitve.<\/p> \n<p> 4.2 Stranka se je dol\u017ena na destinaciji pozanimati o trenutnem obsegu veljavnosti vinjet.\nStranka se strinja, da storitev (razen \u010de ni druga\u010de navedeno) ne krije pristojbine za posebne odseke, ki so vidno ozna\u010deni kot dodatno zara\u010dunani. Okvirni seznam avtocestnih odsekov, ki jih je treba pla\u010dati dodatno na kraju samem: Autobahn 9 Pyhrn vklju\u010dno z Bosruckom in predorom Gleinalm, A 10 Tauern Autobahn vklju\u010dno s Tauern in predorom Katschberg, Autobahn 11 Karawanken, Brenner Autobahn 13 vklju\u010dno z Europabr\u00fccke, S 16 Arlberg Schnellstra\u00dfe vklju\u010dno s cesto Arlberg tunel\n<\/p> \n<h3><\/h3> \n<h3 id=\"-prvo-spotebitele-odstoupit-od-smlouvy\" class=\"scroll-mt-6\"> 5. PRAVICA POTRO\u0160NIKA DO ODSTOPA OD POGODBE<\/h3> \n<p> 5.1 V skladu z evropsko zakonodajo ima potro\u0161nik obi\u010dajno pravico do odstopa od pogodbe v 14 dneh od nakupa storitve. Glede na naravo in takoj\u0161njo veljavnost Storitve se Kupec z oddajo naro\u010dila izrecno strinja, da se odstopni rok skraj\u0161a glede na takoj\u0161njo veljavnost Storitve, le do za\u010detka obdelave Naro\u010dila (ko je storitev Kupcu \u017ee opravljena). Od tega trenutka naprej je storitev zagotovljena stranki in odstop od pogodbe ni mogo\u010d. Za mo\u017enost odstopa od storitve je odlo\u010dilen to\u010den datum in ura prejema zahteve za odstop s strani Dru\u017ebe (ne po\u0161iljanja s strani Stranke) po elektronski po\u0161ti (ali pa s stikom s podporo strankam), vendar najkasneje 1 uro pred za\u010detkom obdelave. V primeru sporov se stranki na zahtevo lahko sporo\u010di to\u010den datum in \u010das obdelave, lahko pa so te informacije pregledno navedene na strani z informacijami o njenem naro\u010dilu.<\/p> \n<p> 5.2. Glede nezmo\u017enosti vra\u010dila aktiviranih storitev s strani tretjih oseb se Potro\u0161nik izrecno strinja in sprejema nezmo\u017enost odstopa od Pogodbe, ko mu je Dru\u017eba storitev \u017ee opravila.<\/p> \n<p> 5.3. Stro\u0161ki odpovedi - Potro\u0161nik se strinja s stro\u0161ki odpovedi v vi\u0161ini 40 % pla\u010danega zneska. Ta provizija se uporablja za kritje stro\u0161kov, povezanih z ban\u010dnimi provizijami, pretvorbo valut in \u010dasovnimi stro\u0161ki, povezanimi z obdelavo naro\u010dila. Pristojbina se lahko v celoti oprosti le v izjemnih in dokazljivih primerih (huda bolezen, nezmo\u017enost potovanja zaradi vi\u0161je sile) in o tem odlo\u010di dru\u017eba. Stro\u0161ki odpovedi, razen \u010de ni dolo\u010deno druga\u010de, bodo pla\u010dani s pla\u010dilom SEPA na ra\u010dun (IBAN + SWIFT), ki ga je stranka vnesla na strani za upravljanje naro\u010dil v 14\u201331 dneh.<\/p> \n<p> 5.3.1 Stro\u0161ki odpovedi - Podvojeno naro\u010dilo - Potro\u0161nik se strinja, da stro\u0161ki odpovedi ne veljajo v primeru, ko po oddaji naro\u010dila pri podjetju naro\u010di podvojeno storitev pri drugem ponudniku in s tem prepre\u010di mo\u017enost izvedbe storitve. V takem primeru bo potro\u0161nik obve\u0161\u010den o mo\u017enosti spremembe datuma veljavnosti ali uporabe storitve za drugo vozilo. Potro\u0161nik se izrecno strinja, da zaradi dalj\u0161ega \u010dasa, potrebnega za re\u0161itev takega naro\u010dila, preklic naro\u010dila ni mogo\u010d.<\/p> \n<p><\/p> \n<h3 id=\"-prva-z-vadnho-plnn-a-zruka-za-jakost\" class=\"scroll-mt-6\"> 6. PRAVICE IZ NAPA\u010cNE IZVEDBE IN GARANCIJA ZA KAKOVOST<\/h3> \n<p> 6.1 Pravice in obveznosti pogodbenih strank glede pravic, ki izhajajo iz napake v izpolnitvi, urejajo ustrezni splo\u0161no zavezujo\u010di pravni predpisi.<\/p> \n<p><br \/> 6.2 V primeru kakr\u0161nih koli pomanjkljivosti ali nepravilnosti pri zagotavljanju Storitve je Stranka dol\u017ena Dru\u017ebo nemudoma obvestiti o ugotovljenih napakah v Storitvi, zlasti po elektronski po\u0161ti. Kontaktni podatki so navedeni na spletni strani.<\/p> \n<p><br \/> 6.3 Dru\u017eba je dol\u017ena izdati stranki pisno potrdilo o tem, kdaj je stranka uveljavila pravico do napake v izpolnitvi, ki vsebuje vsebino reklamacije; in tudi potrditev datuma in na\u010dina obravnave prito\u017ebe.<\/p> \n<p><br \/> 6.4 Dru\u017eba je dol\u017ena obvestiti stranko na njen elektronski naslov, da je bila prito\u017eba re\u0161ena in kako.<\/p> \n<p><br \/> 6.5 \u010ce je napaka odstranljiva, lahko stranka zahteva bodisi popravilo bodisi dopolnitev manjkajo\u010dega ali razumen popust na ceno. \u010ce napake ni mogo\u010de odpraviti, lahko stranka odstopi od pogodbe ali zahteva razumen popust na ceno.<\/p> \n<p><br \/> 6.6 Reklamacija potro\u0161nika, vklju\u010dno z odstranitvijo napake, bo obravnavana brez nepotrebnega odla\u0161anja, najkasneje v 30 dneh od dneva prejema reklamacije. Po izteku tega roka ima potro\u0161nik enake pravice, kot \u010de bi \u0161lo za bistveno kr\u0161itev pogodbe.<\/p> \n<p><br \/> 6.7 Dru\u017eba ne odgovarja za kakr\u0161no koli izgubo, po\u0161kodbo ali \u0161kodo na premo\u017eenju, bodisi neposredno bodisi posredno, ki jo povzro\u010di napaka v Storitvi, razen \u010de je bila tak\u0161na izguba, po\u0161kodba ali \u0161koda na premo\u017eenju posledica malomarnosti, opustitve ali namere Dru\u017ebe.<\/p> \n<h3><\/h3> \n<h3 id=\"-dal-prva-a-povinnosti-smluvnch-stran\" class=\"scroll-mt-6\"> 7. DRUGE PRAVICE IN OBVEZNOSTI POGODBENIH STRAN<\/h3> \n<p> 7.1 Dru\u017eba je upravi\u010dena do odstopa od Pogodbe zaradi nezmo\u017enosti pla\u010dila pristojbine za uporabo evropskih cestninskih cest. Dru\u017eba bo o tem nemudoma obvestila stranko prek njenega elektronskega naslova in ji bo v 14 dneh od obvestila o odstopu od pogodbe vrnila vsa prejeta sredstva, ki jih je od nje prejela na podlagi pogodbe, na na\u010din, ki je zadovoljiv za obe stranki (po predhodnem dogovoru), ali na na\u010din, ki ga dolo\u010di stranka.<\/p> \n<p><br \/> 7.2 Dru\u017eba obravnava prito\u017ebe strank prek elektronskega naslova <!-- No shortcodes are defined -->. Dru\u017eba bo informacije o obravnavi prito\u017ebe stranke poslala na elektronski naslov stranke.<\/p> \n<p><br \/> 7.3 \u010ce je stranka potro\u0161nik, je za izvensodno re\u0161evanje potro\u0161ni\u0161kih sporov, ki izhajajo iz pogodbe, pristojen \u010de\u0161ki urad za trgovinsko in\u0161pekcijo, identifikacijska \u0161tevilka 00020869, s sede\u017eem na naslovu \u0160t\u011bp\u00e1nsk\u00e1 567\/15, 120 00 Praga 2 \u2013 Nov\u00e9 M\u011bsto, spletni naslov: <a href=\"https:\/\/adr.coi.cz\/cs\">https:\/\/adr.coi.cz\/cs<\/a> . Poleg tega ima potro\u0161nik pravico uporabljati platformo za spletno re\u0161evanje sporov, ki se nahaja na spletnem naslovu <a href=\"http:\/\/ec.europa.eu\/consumers\/odr.%EF%BF%BC7.4\">http:\/\/ec.europa.eu\/consumers\/odr.<\/a><\/p> \n<p><br \/> <a>7.4<\/a> Kontaktna to\u010dka za potro\u0161nike v skladu z Uredbo (EU) \u0161t. 2014\/111 Evropskega parlamenta in Sveta. 524\/2013 z dne 21. maja 2013 o spletnem re\u0161evanju potro\u0161ni\u0161kih sporov in spremembi Uredbe (ES) \u0161t. 2006\/2004 in Direktive 2009\/22\/ES (Uredba o spletnem re\u0161evanju potro\u0161ni\u0161kih sporov) je Evropski potro\u0161ni\u0161ki center \u010ce\u0161ka republika, s sede\u017eem na naslovu \u0160t\u011bp\u00e1nsk\u00e1 567\/15, 120 00 Praga 2 \u2013 Nov\u00e9 M\u011bsto, spletni naslov: <a href=\"http:\/\/www.evropskyspotrebitel.cz\/\">http:\/\/www.evropskyspotrebitel.cz<\/a> .<\/p> \n<h3><\/h3> \n<h3 id=\"-doruovn\" class=\"scroll-mt-6\"> 8. DOSTAVA<\/h3> \n<p> 8.1 Razen \u010de ni navedeno druga\u010de, so vsa obvestila, naslovljena na stranko, lahko poslana v obliki elektronskega sporo\u010dila, naslovljenega na elektronski naslov stranke.<\/p> \n<h3 id=\"-zvren-ustanoven\" class=\"scroll-mt-6\"> 9. KON\u010cNE DOLO\u010cBE<\/h3> \n<p> 9.1 \u010ce razmerje, vzpostavljeno s pogodbo, vsebuje mednarodni (tuji) element, se pogodbeni stranki strinjata, da se za to razmerje uporablja \u010de\u0161ko pravo. To ne vpliva na pravice potro\u0161nika, ki izhajajo iz splo\u0161no zavezujo\u010dih pravnih predpisov.<\/p> \n<p><br \/> 9.2 \u010ce je katera koli dolo\u010dba Splo\u0161nih pogojev poslovanja neveljavna ali neu\u010dinkovita ali postane taka, se neveljavna dolo\u010dba nadomesti z dolo\u010dbo, katere pomen je \u010dim bolj podoben neveljavni dolo\u010dbi. Neveljavnost ali neu\u010dinkovitost ene dolo\u010dbe ne vpliva na veljavnost drugih dolo\u010db.<\/p> \n<p><br \/> 9.3 Kupoprodajna pogodba je s strani dru\u017ebe arhivirana v elektronski obliki in ni dostopna tretjim osebam.<\/p> \n<p><br \/> 9.4 Priloga k tem Splo\u0161nim pogojem poslovanja je vzor\u010dni obrazec za odstop potro\u0161nika od pogodbe.<\/p> \n<p><br \/> 9.5 Ti splo\u0161ni pogoji za\u010dnejo veljati 9. novembra 2023.<\/p> \n\n","protected":false},"excerpt":{"rendered":"","protected":false},"author":1,"featured_media":0,"parent":0,"menu_order":0,"comment_status":"closed","ping_status":"closed","template":"","meta":{"_uag_custom_page_level_css":"","site-sidebar-layout":"default","site-content-layout":"","ast-site-content-layout":"","site-content-style":"default","site-sidebar-style":"default","ast-global-header-display":"","ast-banner-title-visibility":"","ast-main-header-display":"","ast-hfb-above-header-display":"","ast-hfb-below-header-display":"","ast-hfb-mobile-header-display":"","site-post-title":"","ast-breadcrumbs-content":"","ast-featured-img":"","footer-sml-layout":"","theme-transparent-header-meta":"","adv-header-id-meta":"","stick-header-meta":"","header-above-stick-meta":"","header-main-stick-meta":"","header-below-stick-meta":"","astra-migrate-meta-layouts":"default","ast-page-background-enabled":"default","ast-page-background-meta":{"desktop":{"background-color":"var(--ast-global-color-4)","background-image":"","background-repeat":"repeat","background-position":"center center","background-size":"auto","background-attachment":"scroll","background-type":"","background-media":"","overlay-type":"","overlay-color":"","overlay-opacity":"","overlay-gradient":""},"tablet":{"background-color":"","background-image":"","background-repeat":"repeat","background-position":"center center","background-size":"auto","background-attachment":"scroll","background-type":"","background-media":"","overlay-type":"","overlay-color":"","overlay-opacity":"","overlay-gradient":""},"mobile":{"background-color":"","background-image":"","background-repeat":"repeat","background-position":"center center","background-size":"auto","background-attachment":"scroll","background-type":"","background-media":"","overlay-type":"","overlay-color":"","overlay-opacity":"","overlay-gradient":""}},"ast-content-background-meta":{"desktop":{"background-color":"var(--ast-global-color-5)","background-image":"","background-repeat":"repeat","background-position":"center center","background-size":"auto","background-attachment":"scroll","background-type":"","background-media":"","overlay-type":"","overlay-color":"","overlay-opacity":"","overlay-gradient":""},"tablet":{"background-color":"var(--ast-global-color-5)","background-image":"","background-repeat":"repeat","background-position":"center center","background-size":"auto","background-attachment":"scroll","background-type":"","background-media":"","overlay-type":"","overlay-color":"","overlay-opacity":"","overlay-gradient":""},"mobile":{"background-color":"var(--ast-global-color-5)","background-image":"","background-repeat":"repeat","background-position":"center center","background-size":"auto","background-attachment":"scroll","background-type":"","background-media":"","overlay-type":"","overlay-color":"","overlay-opacity":"","overlay-gradient":""}},"footnotes":""},"categories":[],"tags":[],"class_list":["post-353","page","type-page","status-publish","hentry"],"uagb_featured_image_src":{"full":false,"thumbnail":false,"medium":false,"medium_large":false,"large":false,"1536x1536":false,"2048x2048":false},"uagb_author_info":{"display_name":"admin","author_link":"https:\/\/www.etafast.org\/sl\/author\/admin\/"},"uagb_comment_info":0,"uagb_excerpt":null,"_links":{"self":[{"href":"https:\/\/www.etafast.org\/sl\/wp-json\/wp\/v2\/pages\/353","targetHints":{"allow":["GET"]}}],"collection":[{"href":"https:\/\/www.etafast.org\/sl\/wp-json\/wp\/v2\/pages"}],"about":[{"href":"https:\/\/www.etafast.org\/sl\/wp-json\/wp\/v2\/types\/page"}],"author":[{"embeddable":true,"href":"https:\/\/www.etafast.org\/sl\/wp-json\/wp\/v2\/users\/1"}],"replies":[{"embeddable":true,"href":"https:\/\/www.etafast.org\/sl\/wp-json\/wp\/v2\/comments?post=353"}],"version-history":[{"count":1,"href":"https:\/\/www.etafast.org\/sl\/wp-json\/wp\/v2\/pages\/353\/revisions"}],"predecessor-version":[{"id":354,"href":"https:\/\/www.etafast.org\/sl\/wp-json\/wp\/v2\/pages\/353\/revisions\/354"}],"wp:attachment":[{"href":"https:\/\/www.etafast.org\/sl\/wp-json\/wp\/v2\/media?parent=353"}],"wp:term":[{"taxonomy":"category","embeddable":true,"href":"https:\/\/www.etafast.org\/sl\/wp-json\/wp\/v2\/categories?post=353"},{"taxonomy":"post_tag","embeddable":true,"href":"https:\/\/www.etafast.org\/sl\/wp-json\/wp\/v2\/tags?post=353"}],"curies":[{"name":"wp","href":"https:\/\/api.w.org\/{rel}","templated":true}]}}