{"id":261,"date":"2024-12-11T08:24:00","date_gmt":"2024-12-11T07:24:00","guid":{"rendered":"https:\/\/www.etafast.org\/o-postopku\/"},"modified":"2024-12-11T09:01:48","modified_gmt":"2024-12-11T08:01:48","slug":"o-postopku","status":"publish","type":"page","link":"https:\/\/www.etafast.org\/sl\/o-postopku\/","title":{"rendered":"O postopku"},"content":{"rendered":"\n<h3 class=\"wp-block-heading\">O postopku elektronske potovalne odobritve (eTA)<\/h3>\n\n<p>Elektronska potovalna odobritev (eTA) je vstopna zahteva za tuje dr\u017eavljane, ki so opro\u0161\u010deni vizuma in potujejo v Kanado ali jo pre\u010dkajo po zraku. Gre za hiter in enostaven spletni postopek, ki je zasnovan za pove\u010danje varnosti na mejah, hkrati pa zagotavlja nemoteno potovanje upravi\u010denim osebam. <\/p>\n\n<h4 class=\"wp-block-heading\">Kaj je eTA?<\/h4>\n\n<p>eTA je elektronsko povezano potovalno dovoljenje, ki je povezano z va\u0161im potnim listom. Velja do pet let ali do poteka veljavnosti potnega lista, kar nastopi prej. Dovoljenje eTA vam omogo\u010da kratkotrajen obisk Kanade (obi\u010dajno do \u0161est mesecev) v turisti\u010dne, poslovne ali tranzitne namene.  <\/p>\n\n<h4 class=\"wp-block-heading\">Klju\u010dne informacije o postopku eTA:<\/h4>\n\n<ol class=\"wp-block-list\">\n<li><strong>Enostavna spletna vloga<\/strong>:<br\/>Postopek prijave za dovoljenje eTA poteka v celoti prek spleta. Ni treba izpolnjevati papirjev ali se osebno oglasiti, zato je to priro\u010dna mo\u017enost za potnike. <\/li>\n\n\n\n<li><strong>Ugodna pristojbina<\/strong>:<br\/>Vloga za dovoljenje eTA stane le 7 kanadskih dolarjev. Ta pristojbina se pla\u010da prek spleta med postopkom prijave. <\/li>\n\n\n\n<li><strong>Hitra obdelava<\/strong>:<br\/>Ve\u010dina vlog eTA je odobrena v nekaj minutah. Vendar lahko nekatere vloge trajajo dlje, \u010de so potrebni dodatni dokumenti. V tak\u0161nih primerih bodo prosilci v 72 urah prejeli navodila po elektronski po\u0161ti.  <\/li>\n\n\n\n<li><strong>Pogoji za upravi\u010denost<\/strong>:\n<ul class=\"wp-block-list\">\n<li>Tuji dr\u017eavljani, ki so opro\u0161\u010deni vizumske obveznosti in letijo v Kanado ali jo pre\u010dkajo tranzitno, potrebujejo dovoljenje eTA.<\/li>\n\n\n\n<li>Do dovoljenja eTA so lahko upravi\u010deni tudi nekateri potniki iz dr\u017eav, ki potrebujejo vizum, \u010de izpolnjujejo posebna merila, na primer imajo veljaven neimigrantski vizum ZDA ali so v zadnjih 10 letih imeli kanadski vizum za obiskovalce.<\/li>\n\n\n\n<li>Potniki, ki prihajajo z avtomobilom, avtobusom, vlakom ali ladjo, vklju\u010dno z ladjami za kri\u017earjenje, namesto dovoljenja eTA potrebujejo vizum za obiskovalce.<\/li>\n<\/ul>\n<\/li>\n\n\n\n<li><strong>Omejitve potovanja<\/strong>:\n<ul class=\"wp-block-list\">\n<li>Dovoljenje eTA vam ne omogo\u010da dela ali \u0161tudija v Kanadi. \u010ce nameravate delati ali \u0161tudirati, morate zaprositi za ustrezna dovoljenja. <\/li>\n\n\n\n<li>Dovoljenje eTA ne zagotavlja vstopa v Kanado. Mejni uradniki bodo va\u0161o upravi\u010denost ocenili ob prihodu. <\/li>\n<\/ul>\n<\/li>\n\n\n\n<li><strong>Veljavnost<\/strong>:<br\/>Po odobritvi je dovoljenje eTA povezano z va\u0161im potnim listom in velja za ve\u010dkratne vstope, \u010de je va\u0161 potni list veljaven. Vedno potujte z istim potnim listom, ki ste ga uporabili za vlogo za izdajo dovoljenja eTA. <\/li>\n<\/ol>\n\n<h4 class=\"wp-block-heading\">Za\u0161\u010ditite se pred prevarami<\/h4>\n\n<p>Pazite se goljufivih spletnih strani ali posameznikov, ki obljubljajo zagotovljene mo\u017enosti za vstop, delo ali \u0161tudij v Kanadi. Prijavite se le prek uradnega spletnega mesta kanadske vlade in se izogibajte posredovanju osebnih podatkov nepreverjenim virom. Napa\u010dne navedbe ali goljufije imajo lahko resne pravne posledice.  <\/p>\n\n<h4 class=\"wp-block-heading\">Pred prijavo<\/h4>\n\n<ul class=\"wp-block-list\">\n<li>Zagotovite si veljavni potni list, kreditno ali debetno kartico in e-po\u0161tni naslov.<\/li>\n\n\n\n<li>Za navodila preberite dokument za pomo\u010d pri uporabi, ki je na voljo v ve\u010d jezikih.<\/li>\n\n\n\n<li><strong>Pred<\/strong> rezervacijo leta zaprosite za dovoljenje eTA, da se izognete zamudam.<\/li>\n<\/ul>\n\n<p>Vloga za dovoljenje eTA je bistven korak za upravi\u010dene potnike, ki nameravajo obiskati Kanado. \u010ce razumete postopek in skrbno pripravite vlogo, si lahko zagotovite gladko in brezskrbno potovanje. <\/p>\n","protected":false},"excerpt":{"rendered":"<p>O postopku elektronske potovalne odobritve (eTA) Elektronska potovalna odobritev (eTA) je vstopna zahteva za tuje dr\u017eavljane, ki so opro\u0161\u010deni vizuma [&hellip;]<\/p>\n","protected":false},"author":1,"featured_media":0,"parent":0,"menu_order":0,"comment_status":"closed","ping_status":"closed","template":"","meta":{"_uag_custom_page_level_css":"","site-sidebar-layout":"default","site-content-layout":"","ast-site-content-layout":"","site-content-style":"default","site-sidebar-style":"default","ast-global-header-display":"","ast-banner-title-visibility":"","ast-main-header-display":"","ast-hfb-above-header-display":"","ast-hfb-below-header-display":"","ast-hfb-mobile-header-display":"","site-post-title":"","ast-breadcrumbs-content":"","ast-featured-img":"","footer-sml-layout":"","theme-transparent-header-meta":"","adv-header-id-meta":"","stick-header-meta":"","header-above-stick-meta":"","header-main-stick-meta":"","header-below-stick-meta":"","astra-migrate-meta-layouts":"default","ast-page-background-enabled":"default","ast-page-background-meta":{"desktop":{"background-color":"var(--ast-global-color-4)","background-image":"","background-repeat":"repeat","background-position":"center center","background-size":"auto","background-attachment":"scroll","background-type":"","background-media":"","overlay-type":"","overlay-color":"","overlay-opacity":"","overlay-gradient":""},"tablet":{"background-color":"","background-image":"","background-repeat":"repeat","background-position":"center center","background-size":"auto","background-attachment":"scroll","background-type":"","background-media":"","overlay-type":"","overlay-color":"","overlay-opacity":"","overlay-gradient":""},"mobile":{"background-color":"","background-image":"","background-repeat":"repeat","background-position":"center center","background-size":"auto","background-attachment":"scroll","background-type":"","background-media":"","overlay-type":"","overlay-color":"","overlay-opacity":"","overlay-gradient":""}},"ast-content-background-meta":{"desktop":{"background-color":"var(--ast-global-color-5)","background-image":"","background-repeat":"repeat","background-position":"center center","background-size":"auto","background-attachment":"scroll","background-type":"","background-media":"","overlay-type":"","overlay-color":"","overlay-opacity":"","overlay-gradient":""},"tablet":{"background-color":"var(--ast-global-color-5)","background-image":"","background-repeat":"repeat","background-position":"center center","background-size":"auto","background-attachment":"scroll","background-type":"","background-media":"","overlay-type":"","overlay-color":"","overlay-opacity":"","overlay-gradient":""},"mobile":{"background-color":"var(--ast-global-color-5)","background-image":"","background-repeat":"repeat","background-position":"center center","background-size":"auto","background-attachment":"scroll","background-type":"","background-media":"","overlay-type":"","overlay-color":"","overlay-opacity":"","overlay-gradient":""}},"footnotes":""},"categories":[],"tags":[],"class_list":["post-261","page","type-page","status-publish","hentry"],"uagb_featured_image_src":{"full":false,"thumbnail":false,"medium":false,"medium_large":false,"large":false,"1536x1536":false,"2048x2048":false},"uagb_author_info":{"display_name":"admin","author_link":"https:\/\/www.etafast.org\/sl\/author\/admin\/"},"uagb_comment_info":0,"uagb_excerpt":"O postopku elektronske potovalne odobritve (eTA) Elektronska potovalna odobritev (eTA) je vstopna zahteva za tuje dr\u017eavljane, ki so opro\u0161\u010deni vizuma [&hellip;]","_links":{"self":[{"href":"https:\/\/www.etafast.org\/sl\/wp-json\/wp\/v2\/pages\/261","targetHints":{"allow":["GET"]}}],"collection":[{"href":"https:\/\/www.etafast.org\/sl\/wp-json\/wp\/v2\/pages"}],"about":[{"href":"https:\/\/www.etafast.org\/sl\/wp-json\/wp\/v2\/types\/page"}],"author":[{"embeddable":true,"href":"https:\/\/www.etafast.org\/sl\/wp-json\/wp\/v2\/users\/1"}],"replies":[{"embeddable":true,"href":"https:\/\/www.etafast.org\/sl\/wp-json\/wp\/v2\/comments?post=261"}],"version-history":[{"count":1,"href":"https:\/\/www.etafast.org\/sl\/wp-json\/wp\/v2\/pages\/261\/revisions"}],"predecessor-version":[{"id":262,"href":"https:\/\/www.etafast.org\/sl\/wp-json\/wp\/v2\/pages\/261\/revisions\/262"}],"wp:attachment":[{"href":"https:\/\/www.etafast.org\/sl\/wp-json\/wp\/v2\/media?parent=261"}],"wp:term":[{"taxonomy":"category","embeddable":true,"href":"https:\/\/www.etafast.org\/sl\/wp-json\/wp\/v2\/categories?post=261"},{"taxonomy":"post_tag","embeddable":true,"href":"https:\/\/www.etafast.org\/sl\/wp-json\/wp\/v2\/tags?post=261"}],"curies":[{"name":"wp","href":"https:\/\/api.w.org\/{rel}","templated":true}]}}