{"id":1503,"date":"2024-12-11T08:24:51","date_gmt":"2024-12-11T07:24:51","guid":{"rendered":"https:\/\/www.etafast.org\/kdo-se-lahko-prijavi\/"},"modified":"2024-12-11T09:15:41","modified_gmt":"2024-12-11T08:15:41","slug":"kdo-se-lahko-prijavi","status":"publish","type":"page","link":"https:\/\/www.etafast.org\/sl\/kdo-se-lahko-prijavi\/","title":{"rendered":"Kdo se lahko prijavi"},"content":{"rendered":"\n<h3 class=\"wp-block-heading\">Kdo lahko zaprosi za elektronsko potovalno dovoljenje (eTA)<\/h3>\n\n<p>Elektronska potovalna odobritev (eTA) je potovalna obveznost za nekatere posameznike, ki potujejo v Kanado ali jo pre\u010dkajo z letalom. Tukaj je podrobna raz\u010dlenitev, kdo je upravi\u010den do vloge: <\/p>\n\n<h4 class=\"wp-block-heading\"><strong>Merila za upravi\u010denost do dovoljenja eTA<\/strong><\/h4>\n\n<p>Za dovoljenje eTA lahko zaprosite, \u010de izpolnjujete <strong>vse tri naslednje pogoje<\/strong>:<\/p>\n\n<ol class=\"wp-block-list\">\n<li><strong>Pretekla zgodovina potovanj<\/strong>:<ul><li>V zadnjih 10 letih ste imeli kanadski vizum za obiskovalce (vizum za za\u010dasno prebivanje) ALI<\/li><li>Trenutno imate veljaven neimigrantski vizum Zdru\u017eenih dr\u017eav Amerike (ZDA).<\/li><\/ul><em>(Va\u0161 neimigrantski vizum ZDA mora biti veljaven na dan, ko zaprosite za dovoljenje eTA, vendar ni nujno, da ostane veljaven za va\u0161e potovanje v Kanado.)<\/em><\/li>\n\n\n\n<li><strong>Namen potovanja:<\/strong>\n<ul class=\"wp-block-list\">\n<li>V Kanado prihajate za <strong>za\u010dasno bivanje<\/strong>, obi\u010dajno do \u0161est mesecev.<\/li>\n<\/ul>\n<\/li>\n\n\n\n<li><strong>Na\u010din potovanja<\/strong>:\n<ul class=\"wp-block-list\">\n<li>Na kanadsko letali\u0161\u010de prihajate ali ga pre\u010dkate z veljavnim potnim listom iz ene od <strong>dr\u017eav, ki izpolnjujejo pogoje za pridobitev vizuma<\/strong>.<\/li>\n<\/ul>\n<\/li>\n<\/ol>\n\n<h4 class=\"wp-block-heading\"><strong>Upravi\u010dene dr\u017eave, ki potrebujejo vizum<\/strong><\/h4>\n\n<p>Dr\u017eavljani naslednjih dr\u017eav lahko zaprosijo za dovoljenje eTA, \u010de izpolnjujejo zgoraj navedena merila:<\/p>\n\n<ul class=\"wp-block-list\">\n<li>Antigva in Barbuda<\/li>\n\n\n\n<li>Argentina<\/li>\n\n\n\n<li>Brazilija<\/li>\n\n\n\n<li>Kostarika<\/li>\n\n\n\n<li>Mehika<\/li>\n\n\n\n<li>Maroko<\/li>\n\n\n\n<li>Panama<\/li>\n\n\n\n<li>Filipini<\/li>\n\n\n\n<li>St. Kitts in Nevis<\/li>\n\n\n\n<li>Sveta Lucija<\/li>\n\n\n\n<li>St. Vincent in Grenadine<\/li>\n\n\n\n<li>Sej\u0161eli<\/li>\n\n\n\n<li>Tajska<\/li>\n\n\n\n<li>Trinidad in Tobago<\/li>\n\n\n\n<li>Urugvaj<\/li>\n<\/ul>\n\n<p>\u010ce ne izpolnjujete vseh teh pogojev, morate zaprositi za vizum za obiskovalce (vizum za za\u010dasno prebivanje).<\/p>\n\n<hr class=\"wp-block-separator has-alpha-channel-opacity\"\/>\n\n<h3 class=\"wp-block-heading\"><strong>Kdo ne potrebuje dovoljenja eTA?<\/strong><\/h3>\n\n<ul class=\"wp-block-list\">\n<li><strong>Dr\u017eavljani ZDA<\/strong>:<br\/>Dr\u017eavljani ZDA so izvzeti iz zahteve za izdajo dovoljenja eTA. Predlo\u017eiti morajo le veljavni potni list ZDA. <\/li>\n\n\n\n<li><strong>Kanadski dr\u017eavljani (vklju\u010dno z dvojnimi dr\u017eavljani)<\/strong>:<br\/>Kanadski dr\u017eavljani ne morejo zaprositi za dovoljenje eTA. Potovati morajo z veljavnim kanadskim potnim listom. Dvojni dr\u017eavljani morajo pri potovanju v Kanado uporabljati tudi svoj kanadski potni list.  <\/li>\n\n\n\n<li><strong>Kanadski stalni prebivalci<\/strong>:<br>Stalni prebivalci Kanade ne morejo zaprositi za dovoljenje eTA. Namesto tega morajo potovati z: \n<ul class=\"wp-block-list\">\n<li>Veljavna izkaznica stalnega prebivalca ALI<\/li>\n\n\n\n<li>Potovalni dokument za stalno prebivanje.<\/li>\n<\/ul>\n<\/li>\n\n\n\n<li><strong>Zakoniti stalni prebivalci ZDA<\/strong>:<br>Od 26. aprila 2022 so zakoniti stalni prebivalci ZDA izvzeti iz zahteve za izdajo dovoljenja eTA. Pri sebi morajo imeti: \n<ul class=\"wp-block-list\">\n<li>veljavni potni list dr\u017eave, katere dr\u017eavljan je, in<\/li>\n\n\n\n<li>veljavna zelena karta ZDA ali enakovredno dokazilo o statusu.<\/li>\n<\/ul>\n<\/li>\n<\/ul>\n\n<hr class=\"wp-block-separator has-alpha-channel-opacity\"\/>\n\n<h3 class=\"wp-block-heading\"><strong>Potovalni scenariji in zahteve za dokumente<\/strong><\/h3>\n\n<figure class=\"wp-block-table\"><table class=\"has-fixed-layout\"><thead><tr><th><strong>Kako potujete v Kanado<\/strong><\/th><th><strong>Zahtevani dokumenti<\/strong><\/th><\/tr><\/thead><tbody><tr><td>\u010ce letite na kanadsko letali\u0161\u010de ali ga pre\u010dkate tranzitno in ste upravi\u010deni do dovoljenja eTA.<\/td><td>eTA ali vizum za obiskovalce<\/td><\/tr><tr><td>\u010ce letite na kanadsko letali\u0161\u010de ali ga pre\u010dkate tranzitno in niste upravi\u010deni do dovoljenja eTA.<\/td><td>Vizum za obiskovalce<\/td><\/tr><tr><td>Prihod z avtomobilom, avtobusom, vlakom ali ladjo (vklju\u010dno z ladjami za kri\u017earjenje)<\/td><td>Vizum za obiskovalce<\/td><\/tr><tr><td>Potovanje v Kanado z veljavnim kanadskim vizumom<\/td><td>eTA ni potrebna &#8211; uporabite vizum<\/td><\/tr><tr><td>Polet nazaj v Kanado po podalj\u0161anju delovnega ali \u0161tudijskega dovoljenja<\/td><td>eTA ob podalj\u0161anju dovoljenja<\/td><\/tr><tr><td>Potovanje v Kanado zaradi dela ali \u0161tudija za ve\u010d kot 6 mesecev.<\/td><td>Delovno ali \u0161tudijsko dovoljenje (vklju\u010duje vizum).<\/td><\/tr><\/tbody><\/table><\/figure>\n\n<hr class=\"wp-block-separator has-alpha-channel-opacity\"\/>\n\n<h3 class=\"wp-block-heading\"><strong>Pomembni vidiki<\/strong><\/h3>\n\n<ul class=\"wp-block-list\">\n<li><strong>Osnovne zahteve<\/strong>: Za vstop v Kanado morate izpolnjevati splo\u0161na merila za vstop, vklju\u010dno z veljavnimi potnimi dokumenti, dobrim zdravjem, finan\u010dno podporo in mo\u010dnimi vezmi z mati\u010dno dr\u017eavo.<\/li>\n\n\n\n<li><strong>Nedopustnost<\/strong>: V Kanado se lahko \u0161tejejo za nedopustne osebe, ki so vpletene v kriminalno dejavnost, ogro\u017eajo varnost ali imajo dolo\u010dene zdravstvene in finan\u010dne te\u017eave, tudi \u010de imajo veljavno dovoljenje eTA.<\/li>\n<\/ul>\n\n<p>Namen dovoljenja eTA je poenostaviti letalsko potovanje v Kanado za upravi\u010dene osebe. Pozorno preberite zahteve in se prijavite dovolj zgodaj pred na\u010drtovanim potovanjem. <\/p>\n","protected":false},"excerpt":{"rendered":"<p>Kdo lahko zaprosi za elektronsko potovalno dovoljenje (eTA) Elektronska potovalna odobritev (eTA) je potovalna obveznost za nekatere posameznike, ki potujejo [&hellip;]<\/p>\n","protected":false},"author":1,"featured_media":0,"parent":0,"menu_order":0,"comment_status":"closed","ping_status":"closed","template":"","meta":{"_uag_custom_page_level_css":"","site-sidebar-layout":"default","site-content-layout":"","ast-site-content-layout":"","site-content-style":"default","site-sidebar-style":"default","ast-global-header-display":"","ast-banner-title-visibility":"","ast-main-header-display":"","ast-hfb-above-header-display":"","ast-hfb-below-header-display":"","ast-hfb-mobile-header-display":"","site-post-title":"","ast-breadcrumbs-content":"","ast-featured-img":"","footer-sml-layout":"","theme-transparent-header-meta":"","adv-header-id-meta":"","stick-header-meta":"","header-above-stick-meta":"","header-main-stick-meta":"","header-below-stick-meta":"","astra-migrate-meta-layouts":"default","ast-page-background-enabled":"default","ast-page-background-meta":{"desktop":{"background-color":"var(--ast-global-color-4)","background-image":"","background-repeat":"repeat","background-position":"center center","background-size":"auto","background-attachment":"scroll","background-type":"","background-media":"","overlay-type":"","overlay-color":"","overlay-opacity":"","overlay-gradient":""},"tablet":{"background-color":"","background-image":"","background-repeat":"repeat","background-position":"center center","background-size":"auto","background-attachment":"scroll","background-type":"","background-media":"","overlay-type":"","overlay-color":"","overlay-opacity":"","overlay-gradient":""},"mobile":{"background-color":"","background-image":"","background-repeat":"repeat","background-position":"center center","background-size":"auto","background-attachment":"scroll","background-type":"","background-media":"","overlay-type":"","overlay-color":"","overlay-opacity":"","overlay-gradient":""}},"ast-content-background-meta":{"desktop":{"background-color":"var(--ast-global-color-5)","background-image":"","background-repeat":"repeat","background-position":"center center","background-size":"auto","background-attachment":"scroll","background-type":"","background-media":"","overlay-type":"","overlay-color":"","overlay-opacity":"","overlay-gradient":""},"tablet":{"background-color":"var(--ast-global-color-5)","background-image":"","background-repeat":"repeat","background-position":"center center","background-size":"auto","background-attachment":"scroll","background-type":"","background-media":"","overlay-type":"","overlay-color":"","overlay-opacity":"","overlay-gradient":""},"mobile":{"background-color":"var(--ast-global-color-5)","background-image":"","background-repeat":"repeat","background-position":"center center","background-size":"auto","background-attachment":"scroll","background-type":"","background-media":"","overlay-type":"","overlay-color":"","overlay-opacity":"","overlay-gradient":""}},"footnotes":""},"categories":[],"tags":[],"class_list":["post-1503","page","type-page","status-publish","hentry"],"uagb_featured_image_src":{"full":false,"thumbnail":false,"medium":false,"medium_large":false,"large":false,"1536x1536":false,"2048x2048":false},"uagb_author_info":{"display_name":"admin","author_link":"https:\/\/www.etafast.org\/sl\/author\/admin\/"},"uagb_comment_info":0,"uagb_excerpt":"Kdo lahko zaprosi za elektronsko potovalno dovoljenje (eTA) Elektronska potovalna odobritev (eTA) je potovalna obveznost za nekatere posameznike, ki potujejo [&hellip;]","_links":{"self":[{"href":"https:\/\/www.etafast.org\/sl\/wp-json\/wp\/v2\/pages\/1503","targetHints":{"allow":["GET"]}}],"collection":[{"href":"https:\/\/www.etafast.org\/sl\/wp-json\/wp\/v2\/pages"}],"about":[{"href":"https:\/\/www.etafast.org\/sl\/wp-json\/wp\/v2\/types\/page"}],"author":[{"embeddable":true,"href":"https:\/\/www.etafast.org\/sl\/wp-json\/wp\/v2\/users\/1"}],"replies":[{"embeddable":true,"href":"https:\/\/www.etafast.org\/sl\/wp-json\/wp\/v2\/comments?post=1503"}],"version-history":[{"count":1,"href":"https:\/\/www.etafast.org\/sl\/wp-json\/wp\/v2\/pages\/1503\/revisions"}],"predecessor-version":[{"id":1504,"href":"https:\/\/www.etafast.org\/sl\/wp-json\/wp\/v2\/pages\/1503\/revisions\/1504"}],"wp:attachment":[{"href":"https:\/\/www.etafast.org\/sl\/wp-json\/wp\/v2\/media?parent=1503"}],"wp:term":[{"taxonomy":"category","embeddable":true,"href":"https:\/\/www.etafast.org\/sl\/wp-json\/wp\/v2\/categories?post=1503"},{"taxonomy":"post_tag","embeddable":true,"href":"https:\/\/www.etafast.org\/sl\/wp-json\/wp\/v2\/tags?post=1503"}],"curies":[{"name":"wp","href":"https:\/\/api.w.org\/{rel}","templated":true}]}}