{"id":1411,"date":"2024-12-11T08:25:47","date_gmt":"2024-12-11T07:25:47","guid":{"rendered":"https:\/\/www.etafast.org\/ali-potrebujete-visa\/"},"modified":"2024-12-11T09:14:22","modified_gmt":"2024-12-11T08:14:22","slug":"ali-potrebujete-visa","status":"publish","type":"page","link":"https:\/\/www.etafast.org\/sl\/ali-potrebujete-visa\/","title":{"rendered":"Ali potrebujete VISA?"},"content":{"rendered":"\n<h3 class=\"wp-block-heading\">Kako ugotoviti, ali potrebujete vizum za potovanje v Kanado<\/h3>\n\n<p>Za vstop v Kanado ali tranzit skozi dr\u017eavo morajo potniki imeti <strong>vizum za obiskovalce<\/strong> ali <strong>elektronsko potovalno dovoljenje (eTA<\/strong> ), odvisno od njihovega dr\u017eavljanstva in na\u010dina potovanja. Tukaj si lahko preberete, kaj potrebujete: <\/p>\n\n<hr class=\"wp-block-separator has-alpha-channel-opacity\"\/>\n\n<h3 class=\"wp-block-heading\"><strong>Korak 1: Preverite svoje dr\u017eavljanstvo<\/strong><\/h3>\n\n<p>Vrsta potne listine, ki jo potrebujete, je odvisna predvsem od va\u0161ega dr\u017eavljanstva. Potniki spadajo v eno od treh kategorij: <\/p>\n\n<ol class=\"wp-block-list\">\n<li><strong>Potniki, ki so opro\u0161\u010deni vizumske obveznosti (potrebujejo eTA)<\/strong><br\/>\u010ce ste dr\u017eavljan dr\u017eave, ki je opro\u0161\u010dena vizumske obveznosti, potrebujete eTA, \u010de potujete v Kanado ali jo pre\u010dkate z letalom. Primeri dr\u017eav, ki so opro\u0161\u010dene vizumske obveznosti, so: <ul><li>Avstralija<\/li><li>Nem\u010dija<\/li><li>Japonska<\/li><li>Zdru\u017eeno kraljestvo<\/li><li>Francija<br\/><em>(seznam ni popoln).<\/em><\/li><\/ul><strong>Pomembno<\/strong>: \u010ce v Kanado vstopate z avtomobilom, avtobusom, vlakom ali ladjo, vklju\u010dno s kri\u017earjenjem, ne potrebujete dovoljenja eTA ali vizuma za obiskovalce.<\/li>\n\n\n\n<li><strong>Potniki z vizumsko obveznostjo (potrebujejo vizum za obiskovalce<\/strong>)<br>Dr\u017eavljani dr\u017eav, ki niso na seznamu dr\u017eav brez vizumov, morajo za potovanje v Kanado ne glede na na\u010din potovanja imeti vizum za obiskovalce (znan tudi kot vizum za za\u010dasno prebivanje).<br>Primeri dr\u017eav z vizumsko obveznostjo so:\n<ul class=\"wp-block-list\">\n<li>Indija<\/li>\n\n\n\n<li>Kitajska<\/li>\n\n\n\n<li>Pakistan<br\/><em>(seznam ni popoln).<\/em><\/li>\n<\/ul>\n<\/li>\n\n\n\n<li><strong>Potniki, za katere velja vizumska obveznost (lahko zaprosijo za dovoljenje eTA<\/strong>)<br>\u010ce prihajate iz dr\u017eave, za katero velja vizumska obveznost, vendar izpolnjujete posebne pogoje, lahko namesto za vizum zaprosite za dovoljenje eTA. Ti pogoji vklju\u010dujejo: <ul><li>Imeti veljaven neimigrantski vizum ZDA ALI<\/li><li>\u010de ste v zadnjih 10 letih imeli kanadski vizum za obiskovalce.<\/li><\/ul>Do te mo\u017enosti so upravi\u010dene naslednje dr\u017eave:\n<ul class=\"wp-block-list\">\n<li>Brazilija<\/li>\n\n\n\n<li>Mehika<\/li>\n\n\n\n<li>Filipini<br\/><em>(seznam ni popoln).<\/em><\/li>\n<\/ul>\n<\/li>\n<\/ol>\n\n<hr class=\"wp-block-separator has-alpha-channel-opacity\"\/>\n\n<h3 class=\"wp-block-heading\"><strong>Korak 2: Razmislite o na\u010dinu potovanja<\/strong><\/h3>\n\n<p>Potovalna listina, ki jo potrebujete, je odvisna tudi od na\u010dina vstopa v Kanado:<\/p>\n\n<figure class=\"wp-block-table\"><table class=\"has-fixed-layout\"><thead><tr><th><strong>Na\u010din potovanja<\/strong><\/th><th><strong>Zahteva<\/strong><\/th><\/tr><\/thead><tbody><tr><td>letenje na kanadsko letali\u0161\u010de ali tranzit \u010dez kanadsko letali\u0161\u010de.<\/td><td>eTA (za potnike, ki so opro\u0161\u010deni vizumov) ali vizum za obiskovalce<\/td><\/tr><tr><td>vstop z avtomobilom, avtobusom, vlakom ali ladjo (vklju\u010dno s kri\u017earjenjem)<\/td><td>Vizum za obiskovalce (za potnike, ki potrebujejo vizum)<\/td><\/tr><tr><td>Potovanje z veljavnim kanadskim vizumom<\/td><td>eTA ni potrebna; uporabite svoj vizum<\/td><\/tr><\/tbody><\/table><\/figure>\n\n<hr class=\"wp-block-separator has-alpha-channel-opacity\"\/>\n\n<h3 class=\"wp-block-heading\"><strong>Korak 3: Izjeme od pravila<\/strong><\/h3>\n\n<ol class=\"wp-block-list\">\n<li><strong>Dr\u017eavljani ZDA<\/strong><br\/>Dr\u017eavljani ZDA ne potrebujejo dovoljenja eTA ali vizuma za obiskovalce. Potrebujejo le veljaven potni list ZDA. <\/li>\n\n\n\n<li><strong>Kanadski dr\u017eavljani (vklju\u010dno z dvojnimi dr\u017eavljani)<\/strong><br\/>Kanadski dr\u017eavljani ne morejo zaprositi za dovoljenje eTA ali vizum. Potovati morajo z veljavnim kanadskim potnim listom. <\/li>\n\n\n\n<li><strong>Stalni prebivalci Kanade<\/strong><br>Stalni prebivalci Kanade ne morejo zaprositi za dovoljenje eTA. Potovati morajo z: \n<ul class=\"wp-block-list\">\n<li>Veljavna izkaznica stalnega prebivalca ALI<\/li>\n\n\n\n<li>Potovalni dokument za stalno prebivanje.<\/li>\n<\/ul>\n<\/li>\n\n\n\n<li><strong>Stalni prebivalci ZDA<\/strong><br>Od 26. aprila 2022 zakoniti stalni prebivalci ZDA ne potrebujejo dovoljenja eTA. Pri sebi morajo imeti: \n<ul class=\"wp-block-list\">\n<li>veljavni potni list svoje dr\u017eave in<\/li>\n\n\n\n<li>Veljavna zelena karta ali enakovredno dokazilo o statusu.<\/li>\n<\/ul>\n<\/li>\n<\/ol>\n\n<hr class=\"wp-block-separator has-alpha-channel-opacity\"\/>\n\n<h3 class=\"wp-block-heading\"><strong>Korak 4: Uporabite orodje kanadske vlade<\/strong><\/h3>\n\n<p>\u010ce \u017eelite preveriti, ali potrebujete vizum ali dovoljenje eTA, lahko uporabite uradno <a>orodje<\/a> kanadske vlade <a>za potovalne dokumente<\/a>. Preprosto vnesite svoje dr\u017eavljanstvo, na\u010din potovanja in namen obiska, da dobite prilagojene rezultate. <\/p>\n\n<hr class=\"wp-block-separator has-alpha-channel-opacity\"\/>\n\n<h3 class=\"wp-block-heading\"><strong>Zaklju\u010dne opombe<\/strong><\/h3>\n\n<ul class=\"wp-block-list\">\n<li>Za ustrezno listino zaprosite dovolj zgodaj pred datumom potovanja.<\/li>\n\n\n\n<li>Vizum ali dovoljenje eTA ne zagotavljata vstopa v Kanado. Mejni uradnik mora biti prepri\u010dan, da izpolnjujete vse pogoje za vstop. <\/li>\n<\/ul>\n\n<p><\/p>\n","protected":false},"excerpt":{"rendered":"<p>Kako ugotoviti, ali potrebujete vizum za potovanje v Kanado Za vstop v Kanado ali tranzit skozi dr\u017eavo morajo potniki imeti [&hellip;]<\/p>\n","protected":false},"author":1,"featured_media":0,"parent":0,"menu_order":0,"comment_status":"closed","ping_status":"closed","template":"","meta":{"_uag_custom_page_level_css":"","site-sidebar-layout":"default","site-content-layout":"","ast-site-content-layout":"","site-content-style":"default","site-sidebar-style":"default","ast-global-header-display":"","ast-banner-title-visibility":"","ast-main-header-display":"","ast-hfb-above-header-display":"","ast-hfb-below-header-display":"","ast-hfb-mobile-header-display":"","site-post-title":"","ast-breadcrumbs-content":"","ast-featured-img":"","footer-sml-layout":"","theme-transparent-header-meta":"","adv-header-id-meta":"","stick-header-meta":"","header-above-stick-meta":"","header-main-stick-meta":"","header-below-stick-meta":"","astra-migrate-meta-layouts":"default","ast-page-background-enabled":"default","ast-page-background-meta":{"desktop":{"background-color":"var(--ast-global-color-4)","background-image":"","background-repeat":"repeat","background-position":"center center","background-size":"auto","background-attachment":"scroll","background-type":"","background-media":"","overlay-type":"","overlay-color":"","overlay-opacity":"","overlay-gradient":""},"tablet":{"background-color":"","background-image":"","background-repeat":"repeat","background-position":"center center","background-size":"auto","background-attachment":"scroll","background-type":"","background-media":"","overlay-type":"","overlay-color":"","overlay-opacity":"","overlay-gradient":""},"mobile":{"background-color":"","background-image":"","background-repeat":"repeat","background-position":"center center","background-size":"auto","background-attachment":"scroll","background-type":"","background-media":"","overlay-type":"","overlay-color":"","overlay-opacity":"","overlay-gradient":""}},"ast-content-background-meta":{"desktop":{"background-color":"var(--ast-global-color-5)","background-image":"","background-repeat":"repeat","background-position":"center center","background-size":"auto","background-attachment":"scroll","background-type":"","background-media":"","overlay-type":"","overlay-color":"","overlay-opacity":"","overlay-gradient":""},"tablet":{"background-color":"var(--ast-global-color-5)","background-image":"","background-repeat":"repeat","background-position":"center center","background-size":"auto","background-attachment":"scroll","background-type":"","background-media":"","overlay-type":"","overlay-color":"","overlay-opacity":"","overlay-gradient":""},"mobile":{"background-color":"var(--ast-global-color-5)","background-image":"","background-repeat":"repeat","background-position":"center center","background-size":"auto","background-attachment":"scroll","background-type":"","background-media":"","overlay-type":"","overlay-color":"","overlay-opacity":"","overlay-gradient":""}},"footnotes":""},"categories":[],"tags":[],"class_list":["post-1411","page","type-page","status-publish","hentry"],"uagb_featured_image_src":{"full":false,"thumbnail":false,"medium":false,"medium_large":false,"large":false,"1536x1536":false,"2048x2048":false},"uagb_author_info":{"display_name":"admin","author_link":"https:\/\/www.etafast.org\/sl\/author\/admin\/"},"uagb_comment_info":0,"uagb_excerpt":"Kako ugotoviti, ali potrebujete vizum za potovanje v Kanado Za vstop v Kanado ali tranzit skozi dr\u017eavo morajo potniki imeti [&hellip;]","_links":{"self":[{"href":"https:\/\/www.etafast.org\/sl\/wp-json\/wp\/v2\/pages\/1411","targetHints":{"allow":["GET"]}}],"collection":[{"href":"https:\/\/www.etafast.org\/sl\/wp-json\/wp\/v2\/pages"}],"about":[{"href":"https:\/\/www.etafast.org\/sl\/wp-json\/wp\/v2\/types\/page"}],"author":[{"embeddable":true,"href":"https:\/\/www.etafast.org\/sl\/wp-json\/wp\/v2\/users\/1"}],"replies":[{"embeddable":true,"href":"https:\/\/www.etafast.org\/sl\/wp-json\/wp\/v2\/comments?post=1411"}],"version-history":[{"count":1,"href":"https:\/\/www.etafast.org\/sl\/wp-json\/wp\/v2\/pages\/1411\/revisions"}],"predecessor-version":[{"id":1412,"href":"https:\/\/www.etafast.org\/sl\/wp-json\/wp\/v2\/pages\/1411\/revisions\/1412"}],"wp:attachment":[{"href":"https:\/\/www.etafast.org\/sl\/wp-json\/wp\/v2\/media?parent=1411"}],"wp:term":[{"taxonomy":"category","embeddable":true,"href":"https:\/\/www.etafast.org\/sl\/wp-json\/wp\/v2\/categories?post=1411"},{"taxonomy":"post_tag","embeddable":true,"href":"https:\/\/www.etafast.org\/sl\/wp-json\/wp\/v2\/tags?post=1411"}],"curies":[{"name":"wp","href":"https:\/\/api.w.org\/{rel}","templated":true}]}}