{"id":1309,"date":"2024-12-11T08:26:43","date_gmt":"2024-12-11T07:26:43","guid":{"rendered":"https:\/\/www.etafast.org\/podaljsajte-svoje-bivanje-v-kanadi\/"},"modified":"2024-12-11T09:12:25","modified_gmt":"2024-12-11T08:12:25","slug":"podaljsajte-svoje-bivanje-v-kanadi","status":"publish","type":"page","link":"https:\/\/www.etafast.org\/sl\/podaljsajte-svoje-bivanje-v-kanadi\/","title":{"rendered":"Podalj\u0161ajte svoje bivanje v Kanadi"},"content":{"rendered":"\n<h3 class=\"wp-block-heading\">Podalj\u0161ajte svoje bivanje v Kanadi: Evidenca obiskovalcev<\/h3>\n\n<p>\u010ce \u017eelite v Kanadi ostati dlje od za\u010detnega dovoljenega obdobja, morate zaprositi za <strong>evidenco obiskovalcev<\/strong>. Evidenca obiskovalcev je pomemben dokument, ki vam omogo\u010da podalj\u0161anje bivanja, ne da bi pri tem kr\u0161ili pravila priseljevanja. <\/p>\n\n<hr class=\"wp-block-separator has-alpha-channel-opacity\"\/>\n\n<h3 class=\"wp-block-heading\"><strong>Kaj je zapis obiskovalca?<\/strong><\/h3>\n\n<p>Evidenca obiskovalcev <strong>ni vizum<\/strong>. Je uradni dokument, ki vsebuje: <\/p>\n\n<ul class=\"wp-block-list\">\n<li>vam omogo\u010da, da v Kanadi ostanete dlje kot <strong>obiskovalec<\/strong>, delavec, ki lahko dela brez dovoljenja, ali \u0161tudent, ki lahko \u0161tudira brez dovoljenja.<\/li>\n\n\n\n<li>Dolo\u010di nov datum poteka veljavnosti, do katerega morate zapustiti Kanado.<\/li>\n<\/ul>\n\n<hr class=\"wp-block-separator has-alpha-channel-opacity\"\/>\n\n<h3 class=\"wp-block-heading\"><strong>Kdaj zaprositi za evidenco obiskovalcev<\/strong><\/h3>\n\n<p>Za vpis v evidenco obiskovalcev morate zaprositi <strong>pred iztekom trenutnega statusa<\/strong>.<\/p>\n\n<ul class=\"wp-block-list\">\n<li>Preverite \u017eig v potnem listu ali pisno potrdilo o dovoljenem trajanju bivanja, izdano ob vstopu v Kanado.<\/li>\n\n\n\n<li>\u010ce niste navedli to\u010dnega datuma, va\u0161 status obi\u010dajno pote\u010de <strong>\u0161est mesecev po datumu prihoda<\/strong>.<\/li>\n<\/ul>\n\n<hr class=\"wp-block-separator has-alpha-channel-opacity\"\/>\n\n<h3 class=\"wp-block-heading\"><strong>Kdo lahko zaprosi za evidenco obiskovalcev?<\/strong><\/h3>\n\n<p>Za evidenco obiskovalcev lahko zaprosite, \u010de:<\/p>\n\n<ul class=\"wp-block-list\">\n<li>ste v Kanado vstopili z vizumom za obiskovalce, eTA ali drugim veljavnim potovalnim dokumentom in \u017eelite podalj\u0161ati svoje dovoljeno bivanje.<\/li>\n\n\n\n<li>ste trenutno v Kanadi kot obiskovalec, delavec ali \u0161tudent brez dovoljenja in \u017eelite podalj\u0161ati svoj status.<\/li>\n<\/ul>\n\n<hr class=\"wp-block-separator has-alpha-channel-opacity\"\/>\n\n<h3 class=\"wp-block-heading\"><strong>Kako zaprositi za evidenco obiskovalcev<\/strong><\/h3>\n\n<p>Postopek za vlo\u017eitev vloge za evidenco obiskovalcev vklju\u010duje naslednje korake:<\/p>\n\n<ol class=\"wp-block-list\">\n<li><strong>Pripravite dokumente<\/strong>:\n<ul class=\"wp-block-list\">\n<li>veljavni potni list ali potovalno listino (prepri\u010dajte se, da je veljavna ves \u010das podalj\u0161anega bivanja).<\/li>\n\n\n\n<li>dokazilo o zadostnih sredstvih za pre\u017eivljanje med podalj\u0161anim bivanjem.<\/li>\n\n\n\n<li>Jasno pojasnite, zakaj \u017eelite podalj\u0161ati svoje bivanje v Kanadi.<\/li>\n<\/ul>\n<\/li>\n\n\n\n<li><strong>Po\u0161ljite vlogo prek spleta<\/strong>:\n<ul class=\"wp-block-list\">\n<li>Na <a>portalu IRCC<\/a> izpolnite obrazec vloge.<\/li>\n\n\n\n<li>Pla\u010dajte pristojbino za prijavo, ki se za\u010dne pri <strong> 100 dolarjih<\/strong>.<\/li>\n<\/ul>\n<\/li>\n\n\n\n<li><strong>Prijavite se zgodaj<\/strong>:\n<ul class=\"wp-block-list\">\n<li>\u010cas obdelave vloge je pribli\u017eno <strong>126 dni,<\/strong> zato morate vlogo vlo\u017eiti dovolj zgodaj pred iztekom trenutnega statusa.<\/li>\n\n\n\n<li>\u010ce va\u0161 status pote\u010de med obravnavo pro\u0161nje, boste imeli <strong>implicitni status<\/strong> in boste lahko zakonito ostali v Kanadi, dokler ne bo sprejeta odlo\u010ditev.<\/li>\n<\/ul>\n<\/li>\n<\/ol>\n\n<hr class=\"wp-block-separator has-alpha-channel-opacity\"\/>\n\n<h3 class=\"wp-block-heading\"><strong>Po prijavi<\/strong><\/h3>\n\n<ul class=\"wp-block-list\">\n<li><strong>Odobritev<\/strong>: \u010ce je vloga odobrena, prejmete zapis o obiskovalcu, v katerem je naveden nov datum poteka veljavnosti.<\/li>\n\n\n\n<li><strong>Zavrnitev<\/strong>: \u010ce je va\u0161a vloga zavrnjena, morate takoj zapustiti Kanado.<\/li>\n\n\n\n<li><strong>Domnevni status<\/strong>: \u010ce ste za status zaprosili pred iztekom veljavnosti, lahko med \u010dakanjem na odlo\u010ditev v Kanadi ostanete zakonito.<\/li>\n<\/ul>\n\n<hr class=\"wp-block-separator has-alpha-channel-opacity\"\/>\n\n<h3 class=\"wp-block-heading\"><strong>Potovanje zunaj Kanade<\/strong><\/h3>\n\n<p>Evidenca obiskovalcev <strong>ne zagotavlja ponovnega vstopa v Kanado<\/strong>. \u010ce med podalj\u0161anim bivanjem zapustite Kanado in se nameravate vrniti, morate: <\/p>\n\n<ul class=\"wp-block-list\">\n<li>veljavni <strong>vizum za obiskovalce<\/strong> ali <strong>dovoljenje eTA za<\/strong> ponovni vstop v Kanado in<\/li>\n\n\n\n<li>evidenco obiskovalcev, ki dokazuje podalj\u0161anje dovoljenega bivanja.<\/li>\n<\/ul>\n\n<hr class=\"wp-block-separator has-alpha-channel-opacity\"\/>\n\n<h3 class=\"wp-block-heading\"><strong>Klju\u010dne pristojbine in \u010das obdelave<\/strong><\/h3>\n\n<ul class=\"wp-block-list\">\n<li><strong>Pristojbine<\/strong>: Od <strong> 100 USD<\/strong> za vlogo za vpis v evidenco obiskovalcev.<\/li>\n\n\n\n<li><strong>\u010cas obdelave<\/strong>: Pribli\u017eno <strong>126 dni<\/strong> (odvisno od spremembe).<\/li>\n<\/ul>\n\n<hr class=\"wp-block-separator has-alpha-channel-opacity\"\/>\n\n<h3 class=\"wp-block-heading\"><strong>Pomembne opombe<\/strong><\/h3>\n\n<ul class=\"wp-block-list\">\n<li>Poskrbite, da bo va\u0161 potni list veljaven ves \u010das va\u0161ega bivanja.<\/li>\n\n\n\n<li>Z evidenco obiskovalcev ne morete delati ali \u0161tudirati v Kanadi. Za te dejavnosti potrebujete delovno ali \u0161tudijsko dovoljenje. <\/li>\n\n\n\n<li>Prekora\u010ditev dovoljenega bivanja brez pro\u0161nje za podalj\u0161anje ima lahko za posledico pravne kazni in lahko vpliva na prihodnja potovanja v Kanado.<\/li>\n<\/ul>\n\n<p>Na\u010drtovanje podalj\u0161anja bivanja v Kanadi zahteva pripravo in pravo\u010dasno vlo\u017eitev vloge. \u010ce se boste dr\u017eali postopka, boste lahko u\u017eivali v dalj\u0161em bivanju in hkrati upo\u0161tevali kanadsko zakonodajo o priseljevanju. <\/p>\n","protected":false},"excerpt":{"rendered":"<p>Podalj\u0161ajte svoje bivanje v Kanadi: Evidenca obiskovalcev \u010ce \u017eelite v Kanadi ostati dlje od za\u010detnega dovoljenega obdobja, morate zaprositi za [&hellip;]<\/p>\n","protected":false},"author":1,"featured_media":0,"parent":0,"menu_order":0,"comment_status":"closed","ping_status":"closed","template":"","meta":{"_uag_custom_page_level_css":"","site-sidebar-layout":"default","site-content-layout":"","ast-site-content-layout":"","site-content-style":"default","site-sidebar-style":"default","ast-global-header-display":"","ast-banner-title-visibility":"","ast-main-header-display":"","ast-hfb-above-header-display":"","ast-hfb-below-header-display":"","ast-hfb-mobile-header-display":"","site-post-title":"","ast-breadcrumbs-content":"","ast-featured-img":"","footer-sml-layout":"","theme-transparent-header-meta":"","adv-header-id-meta":"","stick-header-meta":"","header-above-stick-meta":"","header-main-stick-meta":"","header-below-stick-meta":"","astra-migrate-meta-layouts":"default","ast-page-background-enabled":"default","ast-page-background-meta":{"desktop":{"background-color":"var(--ast-global-color-4)","background-image":"","background-repeat":"repeat","background-position":"center center","background-size":"auto","background-attachment":"scroll","background-type":"","background-media":"","overlay-type":"","overlay-color":"","overlay-opacity":"","overlay-gradient":""},"tablet":{"background-color":"","background-image":"","background-repeat":"repeat","background-position":"center center","background-size":"auto","background-attachment":"scroll","background-type":"","background-media":"","overlay-type":"","overlay-color":"","overlay-opacity":"","overlay-gradient":""},"mobile":{"background-color":"","background-image":"","background-repeat":"repeat","background-position":"center center","background-size":"auto","background-attachment":"scroll","background-type":"","background-media":"","overlay-type":"","overlay-color":"","overlay-opacity":"","overlay-gradient":""}},"ast-content-background-meta":{"desktop":{"background-color":"var(--ast-global-color-5)","background-image":"","background-repeat":"repeat","background-position":"center center","background-size":"auto","background-attachment":"scroll","background-type":"","background-media":"","overlay-type":"","overlay-color":"","overlay-opacity":"","overlay-gradient":""},"tablet":{"background-color":"var(--ast-global-color-5)","background-image":"","background-repeat":"repeat","background-position":"center center","background-size":"auto","background-attachment":"scroll","background-type":"","background-media":"","overlay-type":"","overlay-color":"","overlay-opacity":"","overlay-gradient":""},"mobile":{"background-color":"var(--ast-global-color-5)","background-image":"","background-repeat":"repeat","background-position":"center center","background-size":"auto","background-attachment":"scroll","background-type":"","background-media":"","overlay-type":"","overlay-color":"","overlay-opacity":"","overlay-gradient":""}},"footnotes":""},"categories":[],"tags":[],"class_list":["post-1309","page","type-page","status-publish","hentry"],"uagb_featured_image_src":{"full":false,"thumbnail":false,"medium":false,"medium_large":false,"large":false,"1536x1536":false,"2048x2048":false},"uagb_author_info":{"display_name":"admin","author_link":"https:\/\/www.etafast.org\/sl\/author\/admin\/"},"uagb_comment_info":0,"uagb_excerpt":"Podalj\u0161ajte svoje bivanje v Kanadi: Evidenca obiskovalcev \u010ce \u017eelite v Kanadi ostati dlje od za\u010detnega dovoljenega obdobja, morate zaprositi za [&hellip;]","_links":{"self":[{"href":"https:\/\/www.etafast.org\/sl\/wp-json\/wp\/v2\/pages\/1309","targetHints":{"allow":["GET"]}}],"collection":[{"href":"https:\/\/www.etafast.org\/sl\/wp-json\/wp\/v2\/pages"}],"about":[{"href":"https:\/\/www.etafast.org\/sl\/wp-json\/wp\/v2\/types\/page"}],"author":[{"embeddable":true,"href":"https:\/\/www.etafast.org\/sl\/wp-json\/wp\/v2\/users\/1"}],"replies":[{"embeddable":true,"href":"https:\/\/www.etafast.org\/sl\/wp-json\/wp\/v2\/comments?post=1309"}],"version-history":[{"count":1,"href":"https:\/\/www.etafast.org\/sl\/wp-json\/wp\/v2\/pages\/1309\/revisions"}],"predecessor-version":[{"id":1310,"href":"https:\/\/www.etafast.org\/sl\/wp-json\/wp\/v2\/pages\/1309\/revisions\/1310"}],"wp:attachment":[{"href":"https:\/\/www.etafast.org\/sl\/wp-json\/wp\/v2\/media?parent=1309"}],"wp:term":[{"taxonomy":"category","embeddable":true,"href":"https:\/\/www.etafast.org\/sl\/wp-json\/wp\/v2\/categories?post=1309"},{"taxonomy":"post_tag","embeddable":true,"href":"https:\/\/www.etafast.org\/sl\/wp-json\/wp\/v2\/tags?post=1309"}],"curies":[{"name":"wp","href":"https:\/\/api.w.org\/{rel}","templated":true}]}}