{"id":1227,"date":"2024-12-11T08:28:06","date_gmt":"2024-12-11T07:28:06","guid":{"rendered":"https:\/\/www.etafast.org\/supervizum-za-starse-in-stare-starse\/"},"modified":"2024-12-11T09:11:21","modified_gmt":"2024-12-11T08:11:21","slug":"supervizum-za-starse-in-stare-starse","status":"publish","type":"page","link":"https:\/\/www.etafast.org\/sl\/supervizum-za-starse-in-stare-starse\/","title":{"rendered":"Supervizum za star\u0161e in stare star\u0161e"},"content":{"rendered":"\n<h3 class=\"wp-block-heading\">Supervizum za star\u0161e in stare star\u0161e<\/h3>\n\n<p><strong>Supervizum<\/strong> je poseben vizum, namenjen star\u0161em in starim star\u0161em kanadskih dr\u017eavljanov in stalnih prebivalcev. Omogo\u010da dalj\u0161e obiske v Kanadi, kar je edinstvena prilo\u017enost, da pre\u017eivite \u010das z dru\u017eino in hkrati u\u017eivate ugodnosti ve\u010dkratnih vstopov v dalj\u0161em \u010dasovnem obdobju. <\/p>\n\n<hr class=\"wp-block-separator has-alpha-channel-opacity\"\/>\n\n<h3 class=\"wp-block-heading\"><strong>Kaj je supervizum?<\/strong><\/h3>\n\n<p><strong>Super Visa<\/strong> je:<\/p>\n\n<ul class=\"wp-block-list\">\n<li><strong>Dolgoro\u010dni vizum<\/strong>, ki upravi\u010denim star\u0161em in starim star\u0161em omogo\u010da obisk Kanade <strong>do 5 let na obisk<\/strong>, ne da bi jim bilo treba podalj\u0161ati status.<\/li>\n\n\n\n<li><strong>Vizum za ve\u010dkratni vstop<\/strong>, velja do <strong>10 let<\/strong> in omogo\u010da pogoste obiske Kanade v \u010dasu veljavnosti vizuma.<\/li>\n<\/ul>\n\n<p>Ta vizum je idealen za posameznike, ki nameravajo obiskati svoje otroke ali vnuke za dalj\u0161e bivanje.<\/p>\n\n<hr class=\"wp-block-separator has-alpha-channel-opacity\"\/>\n\n<h3 class=\"wp-block-heading\"><strong>Pogoji za pridobitev supervize<\/strong><\/h3>\n\n<p>Za pridobitev supervizuma morajo prosilci izpolnjevati posebna merila:<\/p>\n\n<ol class=\"wp-block-list\">\n<li><strong>Razmerje<\/strong>:\n<ul class=\"wp-block-list\">\n<li>biti <strong>star\u0161 ali stari star\u0161<\/strong> kanadskega dr\u017eavljana ali stalnega prebivalca.<\/li>\n<\/ul>\n<\/li>\n\n\n\n<li><strong>Vabilo<\/strong>:\n<ul class=\"wp-block-list\">\n<li>predlo\u017eite vabilo otroka ali vnuka iz Kanade.<\/li>\n\n\n\n<li>Pismo mora vsebovati:\n<ul class=\"wp-block-list\">\n<li>obljubo finan\u010dne podpore za \u010das va\u0161ega obiska.<\/li>\n\n\n\n<li>Podrobnosti o va\u0161em razmerju.<\/li>\n\n\n\n<li>Seznam \u010dlanov gospodinjstva gostitelja v Kanadi.<\/li>\n<\/ul>\n<\/li>\n<\/ul>\n<\/li>\n\n\n\n<li><strong>Zahteve glede dohodka<\/strong>:\n<ul class=\"wp-block-list\">\n<li>Otrok ali vnuk mora dosegati <strong>minimalni dohodkovni prag<\/strong> glede na \u0161tevilo dru\u017einskih \u010dlanov.<\/li>\n<\/ul>\n<\/li>\n\n\n\n<li><strong>Zdravstveno zavarovanje<\/strong>:\n<ul class=\"wp-block-list\">\n<li>Kupite zasebno <strong>zdravstveno zavarovanje<\/strong> pri kanadski zavarovalnici, ki:\n<ul class=\"wp-block-list\">\n<li>Zavaruje vas za najmanj <strong> 100.000 kanadskih dolarjev.<\/strong><\/li>\n\n\n\n<li>Velja <strong>najmanj eno leto<\/strong> od datuma vstopa.<\/li>\n\n\n\n<li>Vklju\u010duje dokazilo o celotnem pla\u010dilu (ne ponudbe).<\/li>\n<\/ul>\n<\/li>\n<\/ul>\n<\/li>\n\n\n\n<li><strong>Zdravni\u0161ki pregled<\/strong>:\n<ul class=\"wp-block-list\">\n<li>opravite zdravni\u0161ki pregled za priseljevanje, da doka\u017eete dopustnost.<\/li>\n<\/ul>\n<\/li>\n\n\n\n<li><strong>Dodatne zahteve:<\/strong>\n<ul class=\"wp-block-list\">\n<li>Doka\u017eite mo\u010dne vezi z mati\u010dno dr\u017eavo, na primer dru\u017einske, finan\u010dne ali zaposlitvene, in tako zagotovite, da boste po obisku zapustili Kanado.<\/li>\n\n\n\n<li>Doka\u017eite, da imate dovolj sredstev za obisk.<\/li>\n<\/ul>\n<\/li>\n<\/ol>\n\n<hr class=\"wp-block-separator has-alpha-channel-opacity\"\/>\n\n<h3 class=\"wp-block-heading\"><strong>Kako dolgo lahko ostanete v Kanadi?<\/strong><\/h3>\n\n<p>Trajanje bivanja je odvisno od tega, kdaj ste zaprosili za supervizo:<\/p>\n\n<ul class=\"wp-block-list\">\n<li><strong>Vloge, oddane 22. junija 2023 ali pozneje<\/strong>:\n<ul class=\"wp-block-list\">\n<li>Imetniki supervizuma lahko na <strong>en obisk<\/strong> ostanejo <strong>najve\u010d 5 let<\/strong>.<\/li>\n<\/ul>\n<\/li>\n\n\n\n<li><strong>Prijave do 22. junija 2023:<\/strong>\n<ul class=\"wp-block-list\">\n<li><strong>Na en obisk<\/strong> lahko ostanete <strong>najve\u010d 2 leti<\/strong>.<\/li>\n<\/ul>\n<\/li>\n<\/ul>\n\n<p>Ne glede na datum prijave:<\/p>\n\n<ul class=\"wp-block-list\">\n<li>Prepri\u010dajte se, da je va\u0161 <strong>potni list veljaven za<\/strong> \u010das va\u0161ega bivanja.<\/li>\n\n\n\n<li>Vzdr\u017eevanje ali obnovitev <strong>zdravstvenega zavarovanja<\/strong> med bivanjem v Kanadi ali ob ponovnem vstopu.<\/li>\n<\/ul>\n\n<hr class=\"wp-block-separator has-alpha-channel-opacity\"\/>\n\n<h3 class=\"wp-block-heading\"><strong>Prednosti vizuma Super Visa<\/strong><\/h3>\n\n<ol class=\"wp-block-list\">\n<li><strong>Podalj\u0161ani obiski<\/strong>:\n<ul class=\"wp-block-list\">\n<li>U\u017eivajte v dolgoro\u010dnih bivanjih, ne da bi pogosto prosili za podalj\u0161anje.<\/li>\n<\/ul>\n<\/li>\n\n\n\n<li><strong>Ve\u010d vnosov<\/strong>:\n<ul class=\"wp-block-list\">\n<li>V obdobju 10 let ve\u010dkrat potujte v Kanado.<\/li>\n<\/ul>\n<\/li>\n\n\n\n<li><strong>Miren span<\/strong>ec:\n<ul class=\"wp-block-list\">\n<li>Zdravstveno zavarovanje zagotavlja zdravstveno varstvo med bivanjem.<\/li>\n<\/ul>\n<\/li>\n\n\n\n<li><strong>Zdru\u017eevanje dru\u017ein<\/strong>:\n<ul class=\"wp-block-list\">\n<li>Okrepite tesnej\u0161e vezi z otroki in vnuki.<\/li>\n<\/ul>\n<\/li>\n<\/ol>\n","protected":false},"excerpt":{"rendered":"<p>Supervizum za star\u0161e in stare star\u0161e Supervizum je poseben vizum, namenjen star\u0161em in starim star\u0161em kanadskih dr\u017eavljanov in stalnih prebivalcev. [&hellip;]<\/p>\n","protected":false},"author":1,"featured_media":0,"parent":0,"menu_order":0,"comment_status":"closed","ping_status":"closed","template":"","meta":{"_uag_custom_page_level_css":"","site-sidebar-layout":"default","site-content-layout":"","ast-site-content-layout":"","site-content-style":"default","site-sidebar-style":"default","ast-global-header-display":"","ast-banner-title-visibility":"","ast-main-header-display":"","ast-hfb-above-header-display":"","ast-hfb-below-header-display":"","ast-hfb-mobile-header-display":"","site-post-title":"","ast-breadcrumbs-content":"","ast-featured-img":"","footer-sml-layout":"","theme-transparent-header-meta":"","adv-header-id-meta":"","stick-header-meta":"","header-above-stick-meta":"","header-main-stick-meta":"","header-below-stick-meta":"","astra-migrate-meta-layouts":"default","ast-page-background-enabled":"default","ast-page-background-meta":{"desktop":{"background-color":"var(--ast-global-color-4)","background-image":"","background-repeat":"repeat","background-position":"center center","background-size":"auto","background-attachment":"scroll","background-type":"","background-media":"","overlay-type":"","overlay-color":"","overlay-opacity":"","overlay-gradient":""},"tablet":{"background-color":"","background-image":"","background-repeat":"repeat","background-position":"center center","background-size":"auto","background-attachment":"scroll","background-type":"","background-media":"","overlay-type":"","overlay-color":"","overlay-opacity":"","overlay-gradient":""},"mobile":{"background-color":"","background-image":"","background-repeat":"repeat","background-position":"center center","background-size":"auto","background-attachment":"scroll","background-type":"","background-media":"","overlay-type":"","overlay-color":"","overlay-opacity":"","overlay-gradient":""}},"ast-content-background-meta":{"desktop":{"background-color":"var(--ast-global-color-5)","background-image":"","background-repeat":"repeat","background-position":"center center","background-size":"auto","background-attachment":"scroll","background-type":"","background-media":"","overlay-type":"","overlay-color":"","overlay-opacity":"","overlay-gradient":""},"tablet":{"background-color":"var(--ast-global-color-5)","background-image":"","background-repeat":"repeat","background-position":"center center","background-size":"auto","background-attachment":"scroll","background-type":"","background-media":"","overlay-type":"","overlay-color":"","overlay-opacity":"","overlay-gradient":""},"mobile":{"background-color":"var(--ast-global-color-5)","background-image":"","background-repeat":"repeat","background-position":"center center","background-size":"auto","background-attachment":"scroll","background-type":"","background-media":"","overlay-type":"","overlay-color":"","overlay-opacity":"","overlay-gradient":""}},"footnotes":""},"categories":[],"tags":[],"class_list":["post-1227","page","type-page","status-publish","hentry"],"uagb_featured_image_src":{"full":false,"thumbnail":false,"medium":false,"medium_large":false,"large":false,"1536x1536":false,"2048x2048":false},"uagb_author_info":{"display_name":"admin","author_link":"https:\/\/www.etafast.org\/sl\/author\/admin\/"},"uagb_comment_info":0,"uagb_excerpt":"Supervizum za star\u0161e in stare star\u0161e Supervizum je poseben vizum, namenjen star\u0161em in starim star\u0161em kanadskih dr\u017eavljanov in stalnih prebivalcev. [&hellip;]","_links":{"self":[{"href":"https:\/\/www.etafast.org\/sl\/wp-json\/wp\/v2\/pages\/1227","targetHints":{"allow":["GET"]}}],"collection":[{"href":"https:\/\/www.etafast.org\/sl\/wp-json\/wp\/v2\/pages"}],"about":[{"href":"https:\/\/www.etafast.org\/sl\/wp-json\/wp\/v2\/types\/page"}],"author":[{"embeddable":true,"href":"https:\/\/www.etafast.org\/sl\/wp-json\/wp\/v2\/users\/1"}],"replies":[{"embeddable":true,"href":"https:\/\/www.etafast.org\/sl\/wp-json\/wp\/v2\/comments?post=1227"}],"version-history":[{"count":1,"href":"https:\/\/www.etafast.org\/sl\/wp-json\/wp\/v2\/pages\/1227\/revisions"}],"predecessor-version":[{"id":1228,"href":"https:\/\/www.etafast.org\/sl\/wp-json\/wp\/v2\/pages\/1227\/revisions\/1228"}],"wp:attachment":[{"href":"https:\/\/www.etafast.org\/sl\/wp-json\/wp\/v2\/media?parent=1227"}],"wp:term":[{"taxonomy":"category","embeddable":true,"href":"https:\/\/www.etafast.org\/sl\/wp-json\/wp\/v2\/categories?post=1227"},{"taxonomy":"post_tag","embeddable":true,"href":"https:\/\/www.etafast.org\/sl\/wp-json\/wp\/v2\/tags?post=1227"}],"curies":[{"name":"wp","href":"https:\/\/api.w.org\/{rel}","templated":true}]}}