{"id":1007,"date":"2024-12-11T08:29:22","date_gmt":"2024-12-11T07:29:22","guid":{"rendered":"https:\/\/www.etafast.org\/poslovni-obiskovalci\/"},"modified":"2024-12-11T09:08:12","modified_gmt":"2024-12-11T08:08:12","slug":"poslovni-obiskovalci","status":"publish","type":"page","link":"https:\/\/www.etafast.org\/sl\/poslovni-obiskovalci\/","title":{"rendered":"Poslovni obiskovalci"},"content":{"rendered":"\n<h3 class=\"wp-block-heading\">Poslovni obiskovalci: Udele\u017eba na sre\u010danjih, dogodkih in konferencah v Kanadi<\/h3>\n\n<p>Poslovni obiskovalci imajo pomembno vlogo pri spodbujanju mednarodne trgovine in sodelovanja. \u010ce se nameravate kot poslovni obiskovalec udele\u017eiti sestankov, dogodkov ali konferenc v Kanadi, vam ponujamo vodnik po korakih, ki vam bo zagotovil nemoten postopek vstopa. <\/p>\n\n<hr class=\"wp-block-separator has-alpha-channel-opacity\"\/>\n\n<h3 class=\"wp-block-heading\"><strong>Korak 1: Ste poslovni obiskovalec ali potrebujete delovno dovoljenje?<\/strong><\/h3>\n\n<p>\u010ce \u017eelite biti <strong>poslovni obiskovalec v<\/strong> Kanadi, morate:<\/p>\n\n<ul class=\"wp-block-list\">\n<li><strong>Trajanje<\/strong>: Na\u010drtujete bivanje za <strong>manj kot 6 mesecev<\/strong>.<\/li>\n\n\n\n<li><strong>Namen<\/strong>: ne vstopiti na kanadski trg dela.<\/li>\n\n\n\n<li><strong>Vir poslovanja<\/strong>: Prepri\u010dajte se, da glavni sede\u017e podjetja, dohodek in dobi\u010dek ostajajo <strong>zunaj Kanade<\/strong>.<\/li>\n\n\n\n<li><strong>Dokumenti<\/strong>: Pripravite potrebno dokumentacijo, ki podpira va\u0161o vlogo.<\/li>\n<\/ul>\n\n<p><strong>Osnovni vstopni pogoji<\/strong>:<\/p>\n\n<ul class=\"wp-block-list\">\n<li>veljavno potno listino (na primer potni list).<\/li>\n\n\n\n<li>dovolj sredstev za bivanje in povratno potovanje.<\/li>\n\n\n\n<li>Dokazilo, da boste po koncu obiska zapustili Kanado.<\/li>\n\n\n\n<li>Za Kanad\u010dane ni kriminalnih, varnostnih ali zdravstvenih tveganj.<\/li>\n<\/ul>\n\n<p><strong>Dejavnosti, ki so dovoljene kot poslovnemu obiskovalcu<\/strong>:<\/p>\n\n<ul class=\"wp-block-list\">\n<li>nakup kanadskega blaga ali storitev za tuje podjetje ali vlado.<\/li>\n\n\n\n<li>sprejemanje naro\u010dil za blago ali storitve.<\/li>\n\n\n\n<li>udele\u017eba na sestankih, konferencah, kongresih ali sejmih.<\/li>\n\n\n\n<li>Zagotavljanje poprodajnih storitev v okviru garancijske ali prodajne pogodbe.<\/li>\n\n\n\n<li>prejemanje ali izvajanje usposabljanja, povezanega z va\u0161o dejavnostjo.<\/li>\n<\/ul>\n\n<p><strong>Opomba<\/strong>: \u010ce nameravate ostati v Kanadi dlje kot 6 mesecev ali opravljati dejavnosti na kanadskem trgu dela, boste morda potrebovali <strong>delovno dovoljenje<\/strong>.<\/p>\n\n<hr class=\"wp-block-separator has-alpha-channel-opacity\"\/>\n\n<h3 class=\"wp-block-heading\"><strong>Korak 2: Ali potrebujete vizum ali dovoljenje eTA?<\/strong><\/h3>\n\n<p>Ali potrebujete <strong>vizum<\/strong> ali <strong>elektronsko potovalno dovoljenje (eTA<\/strong> ), je odvisno od va\u0161ega dr\u017eavljanstva in okoli\u0161\u010din potovanja.<\/p>\n\n<ul class=\"wp-block-list\">\n<li>Za ugotavljanje upravi\u010denosti uporabite <a>orodje kanadske vlade<\/a>.<\/li>\n<\/ul>\n\n<hr class=\"wp-block-separator has-alpha-channel-opacity\"\/>\n\n<h3 class=\"wp-block-heading\"><strong>Korak 3: Pridobitev kode dogodka (\u010de je primerno)<\/strong><\/h3>\n\n<p>Za dogodke, sre\u010danja ali konference, ki so registrirani pri agenciji <strong>Immigration, Refugees and Citizenship Canada (IRCC<\/strong>):<\/p>\n\n<ul class=\"wp-block-list\">\n<li>Organizator dogodka vam bo posredoval <strong>kodo dogodka<\/strong> in navodila za vlogo za izdajo vizuma.<\/li>\n\n\n\n<li>Z vpisom kode dogodka v prijavi boste la\u017eje prepoznali, da ste udele\u017eenec.<\/li>\n<\/ul>\n\n<hr class=\"wp-block-separator has-alpha-channel-opacity\"\/>\n\n<h3 class=\"wp-block-heading\"><strong>4. korak: zaprosite za vizum ali dovoljenje eTA (\u010de je potrebno)<\/strong><\/h3>\n\n<ul class=\"wp-block-list\">\n<li><strong>Vizum<\/strong>: Vlogo za izdajo vizuma oddajte na uradni <a>spletni strani IRCC<\/a>.<\/li>\n\n\n\n<li><strong>eTA<\/strong>: Prijavite se prek spleta za dovoljenje eTA .<\/li>\n<\/ul>\n\n<hr class=\"wp-block-separator has-alpha-channel-opacity\"\/>\n\n<h3 class=\"wp-block-heading\"><strong>5. korak: Priprava dokumentov za potovanje<\/strong><\/h3>\n\n<p>Ob prihodu na kanadsko mejo se prepri\u010dajte, da imate naslednje dokumente (ne pakirajte jih v kov\u010dek):<\/p>\n\n<ul class=\"wp-block-list\">\n<li>veljavni potni list ali potovalno listino za ves \u010das bivanja.<\/li>\n\n\n\n<li>veljavni vizum (\u010de je potrebno).<\/li>\n\n\n\n<li>\u010ce potrebujete dovoljenje eTA, potujte s potnim listom, ki ste ga uporabili v vlogi za dovoljenje eTA.<\/li>\n\n\n\n<li>Zakoniti stalni prebivalci ZDA morajo s seboj prinesti <strong>veljavno zeleno karto<\/strong> (ali enakovredno dokazilo o statusu) in potni list.<\/li>\n\n\n\n<li>pisma podpore va\u0161ega mati\u010dnega podjetja in vabilo kanadskega podjetja gostitelja.<\/li>\n\n\n\n<li>dodatni dokumenti, kot so pogodbe, garancijske pogodbe ali servisna dokumentacija (\u010de je ustrezno).<\/li>\n\n\n\n<li>Kontaktni podatki va\u0161ega poslovnega gostitelja v Kanadi.<\/li>\n\n\n\n<li>dokazilo o zadostnih sredstvih za bivanje in vrnitev.<\/li>\n<\/ul>\n\n<hr class=\"wp-block-separator has-alpha-channel-opacity\"\/>\n\n<h3 class=\"wp-block-heading\"><strong>Mladoletniki, ki potujejo z vami<\/strong><\/h3>\n\n<p>\u010ce potujete z otroki, mlaj\u0161imi od 18 let, se seznanite s kanadskimi predpisi za mladoletnike.<\/p>\n\n<ul class=\"wp-block-list\">\n<li>Preverite zahteve za vstop za mladoletnike, da zagotovite skladnost s kanadskimi zakoni za za\u0161\u010dito otrok.<\/li>\n<\/ul>\n\n<hr class=\"wp-block-separator has-alpha-channel-opacity\"\/>\n\n<h3 class=\"wp-block-heading\"><strong>Klju\u010dne opombe za poslovne obiskovalce<\/strong><\/h3>\n\n<ul class=\"wp-block-list\">\n<li><strong>Sporazum med Kanado, Zdru\u017eenimi dr\u017eavami Amerike in Mehiko (CUSMA)<\/strong> vsebuje dodatne dolo\u010dbe za ameri\u0161ke in mehi\u0161ke dr\u017eavljane, ki sodelujejo v dejavnostih, kot so raziskave, tr\u017eenje in splo\u0161ne storitve.<\/li>\n\n\n\n<li>Za posebne zahteve ali navodila se vedno posvetujte z organizatorjem sre\u010danja ali dogodka.<\/li>\n\n\n\n<li>Poslovni obiskovalci so omejeni na dejavnosti, ki ne vklju\u010dujejo neposredne zaposlitve v Kanadi.<\/li>\n<\/ul>\n\n<p>\u010ce boste upo\u0161tevali te korake in poskrbeli za ustrezne dokumente, bo va\u0161 poslovni obisk v Kanadi potekal u\u010dinkovito in uspe\u0161no.<\/p>\n","protected":false},"excerpt":{"rendered":"<p>Poslovni obiskovalci: Udele\u017eba na sre\u010danjih, dogodkih in konferencah v Kanadi Poslovni obiskovalci imajo pomembno vlogo pri spodbujanju mednarodne trgovine in [&hellip;]<\/p>\n","protected":false},"author":1,"featured_media":0,"parent":0,"menu_order":0,"comment_status":"closed","ping_status":"closed","template":"","meta":{"_uag_custom_page_level_css":"","site-sidebar-layout":"default","site-content-layout":"","ast-site-content-layout":"","site-content-style":"default","site-sidebar-style":"default","ast-global-header-display":"","ast-banner-title-visibility":"","ast-main-header-display":"","ast-hfb-above-header-display":"","ast-hfb-below-header-display":"","ast-hfb-mobile-header-display":"","site-post-title":"","ast-breadcrumbs-content":"","ast-featured-img":"","footer-sml-layout":"","theme-transparent-header-meta":"","adv-header-id-meta":"","stick-header-meta":"","header-above-stick-meta":"","header-main-stick-meta":"","header-below-stick-meta":"","astra-migrate-meta-layouts":"default","ast-page-background-enabled":"default","ast-page-background-meta":{"desktop":{"background-color":"var(--ast-global-color-4)","background-image":"","background-repeat":"repeat","background-position":"center center","background-size":"auto","background-attachment":"scroll","background-type":"","background-media":"","overlay-type":"","overlay-color":"","overlay-opacity":"","overlay-gradient":""},"tablet":{"background-color":"","background-image":"","background-repeat":"repeat","background-position":"center center","background-size":"auto","background-attachment":"scroll","background-type":"","background-media":"","overlay-type":"","overlay-color":"","overlay-opacity":"","overlay-gradient":""},"mobile":{"background-color":"","background-image":"","background-repeat":"repeat","background-position":"center center","background-size":"auto","background-attachment":"scroll","background-type":"","background-media":"","overlay-type":"","overlay-color":"","overlay-opacity":"","overlay-gradient":""}},"ast-content-background-meta":{"desktop":{"background-color":"var(--ast-global-color-5)","background-image":"","background-repeat":"repeat","background-position":"center center","background-size":"auto","background-attachment":"scroll","background-type":"","background-media":"","overlay-type":"","overlay-color":"","overlay-opacity":"","overlay-gradient":""},"tablet":{"background-color":"var(--ast-global-color-5)","background-image":"","background-repeat":"repeat","background-position":"center center","background-size":"auto","background-attachment":"scroll","background-type":"","background-media":"","overlay-type":"","overlay-color":"","overlay-opacity":"","overlay-gradient":""},"mobile":{"background-color":"var(--ast-global-color-5)","background-image":"","background-repeat":"repeat","background-position":"center center","background-size":"auto","background-attachment":"scroll","background-type":"","background-media":"","overlay-type":"","overlay-color":"","overlay-opacity":"","overlay-gradient":""}},"footnotes":""},"categories":[],"tags":[],"class_list":["post-1007","page","type-page","status-publish","hentry"],"uagb_featured_image_src":{"full":false,"thumbnail":false,"medium":false,"medium_large":false,"large":false,"1536x1536":false,"2048x2048":false},"uagb_author_info":{"display_name":"admin","author_link":"https:\/\/www.etafast.org\/sl\/author\/admin\/"},"uagb_comment_info":0,"uagb_excerpt":"Poslovni obiskovalci: Udele\u017eba na sre\u010danjih, dogodkih in konferencah v Kanadi Poslovni obiskovalci imajo pomembno vlogo pri spodbujanju mednarodne trgovine in [&hellip;]","_links":{"self":[{"href":"https:\/\/www.etafast.org\/sl\/wp-json\/wp\/v2\/pages\/1007","targetHints":{"allow":["GET"]}}],"collection":[{"href":"https:\/\/www.etafast.org\/sl\/wp-json\/wp\/v2\/pages"}],"about":[{"href":"https:\/\/www.etafast.org\/sl\/wp-json\/wp\/v2\/types\/page"}],"author":[{"embeddable":true,"href":"https:\/\/www.etafast.org\/sl\/wp-json\/wp\/v2\/users\/1"}],"replies":[{"embeddable":true,"href":"https:\/\/www.etafast.org\/sl\/wp-json\/wp\/v2\/comments?post=1007"}],"version-history":[{"count":1,"href":"https:\/\/www.etafast.org\/sl\/wp-json\/wp\/v2\/pages\/1007\/revisions"}],"predecessor-version":[{"id":1008,"href":"https:\/\/www.etafast.org\/sl\/wp-json\/wp\/v2\/pages\/1007\/revisions\/1008"}],"wp:attachment":[{"href":"https:\/\/www.etafast.org\/sl\/wp-json\/wp\/v2\/media?parent=1007"}],"wp:term":[{"taxonomy":"category","embeddable":true,"href":"https:\/\/www.etafast.org\/sl\/wp-json\/wp\/v2\/categories?post=1007"},{"taxonomy":"post_tag","embeddable":true,"href":"https:\/\/www.etafast.org\/sl\/wp-json\/wp\/v2\/tags?post=1007"}],"curies":[{"name":"wp","href":"https:\/\/api.w.org\/{rel}","templated":true}]}}