{"id":927,"date":"2024-12-11T08:30:38","date_gmt":"2024-12-11T07:30:38","guid":{"rendered":"https:\/\/www.etafast.org\/tranzit-cez-kanadu\/"},"modified":"2024-12-11T09:07:07","modified_gmt":"2024-12-11T08:07:07","slug":"tranzit-cez-kanadu","status":"publish","type":"page","link":"https:\/\/www.etafast.org\/sk\/tranzit-cez-kanadu\/","title":{"rendered":"Tranzit cez Kanadu"},"content":{"rendered":"\n<p>Ak cestujete do inej krajiny a potrebujete prejs\u0165 cez Kanadu, po\u017eiadavky na doklady z\u00e1visia od viacer\u00fdch faktorov vr\u00e1tane sp\u00f4sobu cestovania, d\u013a\u017eky pobytu, \u0161t\u00e1tnej pr\u00edslu\u0161nosti a imigra\u010dn\u00e9ho statusu. Ni\u017e\u0161ie je uveden\u00fd komplexn\u00fd sprievodca, ktor\u00fd v\u00e1m pom\u00f4\u017ee ur\u010di\u0165, \u010do potrebujete na bezprobl\u00e9mov\u00fd tranzit cez Kanadu. <\/p>\n\n<hr class=\"wp-block-separator has-alpha-channel-opacity\"\/>\n\n<h3 class=\"wp-block-heading\"><strong>Faktory, ktor\u00e9 ur\u010duj\u00fa va\u0161e po\u017eiadavky na tranzit<\/strong><\/h3>\n\n<ol class=\"wp-block-list\">\n<li><strong>Sp\u00f4sob dopravy<\/strong>:\n<ul class=\"wp-block-list\">\n<li>Letecky (medzin\u00e1rodn\u00e9 lety s prestupom na kanadsk\u00fdch letisk\u00e1ch).<\/li>\n\n\n\n<li>Autom, autobusom, vlakom alebo lo\u010fou (vr\u00e1tane v\u00fdletn\u00fdch lod\u00ed).<\/li>\n<\/ul>\n<\/li>\n\n\n\n<li><strong>Trvanie tranzitu<\/strong>:\n<ul class=\"wp-block-list\">\n<li>Menej ako 48 hod\u00edn.<\/li>\n\n\n\n<li>Viac ako 48 hod\u00edn.<\/li>\n<\/ul>\n<\/li>\n\n\n\n<li><strong>\u0160t\u00e1tna pr\u00edslu\u0161nos\u0165 a pris\u0165ahovaleck\u00fd status<\/strong>:\n<ul class=\"wp-block-list\">\n<li>Krajina v\u00e1\u0161ho pasu.<\/li>\n\n\n\n<li>\u010ci u\u017e ste ob\u010danom USA, m\u00e1te leg\u00e1lny trval\u00fd pobyt v USA alebo platn\u00e9 americk\u00e9 v\u00edza.<\/li>\n<\/ul>\n<\/li>\n<\/ol>\n\n<hr class=\"wp-block-separator has-alpha-channel-opacity\"\/>\n\n<h3 class=\"wp-block-heading\"><strong>Mo\u017enosti dokladov pre tranzit cez Kanadu<\/strong><\/h3>\n\n<h4 class=\"wp-block-heading\"><strong>1. N\u00e1v\u0161tevn\u00edcke v\u00edza<\/strong><\/h4>\n\n<p><strong>N\u00e1v\u0161tevn\u00edcke v\u00edza<\/strong> potrebujete, ak:<\/p>\n\n<ul class=\"wp-block-list\">\n<li>Poch\u00e1dzate z <strong>krajiny s v\u00edzovou povinnos\u0165ou<\/strong> a pl\u00e1nujete:\n<ul class=\"wp-block-list\">\n<li>Nav\u0161t\u00edvte Kanadu, aj ke\u010f len na menej ako 48 hod\u00edn.<\/li>\n\n\n\n<li>Pobyt v Kanade po\u010das tranzitu <strong>dlh\u0161\u00ed ako 48 hod\u00edn<\/strong>.<\/li>\n<\/ul>\n<\/li>\n\n\n\n<li>Cestujete <strong>autobusom, autom, vlakom, lo\u010fou alebo v\u00fdletnou lo\u010fou<\/strong> z krajiny s v\u00edzovou povinnos\u0165ou.<\/li>\n<\/ul>\n\n<p><\/p>\n\n<hr class=\"wp-block-separator has-alpha-channel-opacity\"\/>\n\n<h4 class=\"wp-block-heading\"><strong>2. Tranzitn\u00e9 v\u00edzum<\/strong><\/h4>\n\n<p><strong>Tranzitn\u00e9 v\u00edzum<\/strong> potrebujete, ak:<\/p>\n\n<ul class=\"wp-block-list\">\n<li>Poch\u00e1dzate z <strong>krajiny s v\u00edzovou povinnos\u0165ou<\/strong> a:\n<ul class=\"wp-block-list\">\n<li>V\u00e1\u0161 medzin\u00e1rodn\u00fd let sa na ceste do inej destin\u00e1cie zastav\u00ed na kanadskom letisku.<\/li>\n\n\n\n<li>Prestupujete medzi dvoma medzin\u00e1rodn\u00fdmi letmi na jednom alebo viacer\u00fdch kanadsk\u00fdch letisk\u00e1ch.<\/li>\n\n\n\n<li>V\u00e1\u0161 tranzit trv\u00e1 <strong>48 hod\u00edn alebo menej<\/strong>.<\/li>\n\n\n\n<li>Nem\u00e1te platn\u00e9 n\u00e1v\u0161tevn\u00edcke v\u00edzum.<\/li>\n\n\n\n<li>Nem\u00e1te n\u00e1rok na povolenie eTA.<\/li>\n<\/ul>\n<\/li>\n<\/ul>\n\n<p><\/p>\n\n<hr class=\"wp-block-separator has-alpha-channel-opacity\"\/>\n\n<h4 class=\"wp-block-heading\"><strong>3. Elektronick\u00e9 cestovn\u00e9 povolenie (eTA)<\/strong><\/h4>\n\n<p><strong>Povolenie eTA<\/strong> potrebujete, ak:<\/p>\n\n<ul class=\"wp-block-list\">\n<li>Poch\u00e1dzate z <strong>krajiny, v ktorej sa vy\u017eaduje povolenie eTA<\/strong>, a:\n<ul class=\"wp-block-list\">\n<li>Leteck\u00fd tranzit cez Kanadu.<\/li>\n\n\n\n<li>V\u00e1\u0161 tranzit je s\u00fa\u010das\u0165ou nadv\u00e4zuj\u00faceho medzin\u00e1rodn\u00e9ho letu.<\/li>\n<\/ul>\n<\/li>\n<\/ul>\n\n<p><strong>V\u00fdnimky<\/strong>:<\/p>\n\n<ul class=\"wp-block-list\">\n<li>Ak cestujete vlakom, autobusom, lo\u010fou alebo v\u00fdletnou lo\u010fou, nepotrebujete povolenie eTA, ale mus\u00edte ma\u0165 platn\u00e9 cestovn\u00e9 doklady.<\/li>\n<\/ul>\n\n<p><\/p>\n\n<hr class=\"wp-block-separator has-alpha-channel-opacity\"\/>\n\n<h4 class=\"wp-block-heading\"><strong>4. Tranzit bez v\u00edza<\/strong><\/h4>\n\n<ul class=\"wp-block-list\">\n<li><strong>Ob\u010dania USA a osoby s leg\u00e1lnym trval\u00fdm pobytom<\/strong>:<br>Ob\u010dania USA a dr\u017eitelia zelenej karty m\u00f4\u017eu prech\u00e1dza\u0165 Kanadou bez v\u00edz letecky, autom, autobusom, vlakom alebo lo\u010fou. Uistite sa, \u017ee m\u00e1te pri sebe: \n<ul class=\"wp-block-list\">\n<li>Platn\u00fd cestovn\u00fd pas alebo cestovn\u00fd doklad.<\/li>\n\n\n\n<li>Platn\u00e1 zelen\u00e1 karta USA (pre osoby s leg\u00e1lnym trval\u00fdm pobytom).<\/li>\n<\/ul>\n<\/li>\n\n\n\n<li><strong>Dr\u017eitelia cestovn\u00fdch pasov z ur\u010dit\u00fdch kraj\u00edn<\/strong>:<br\/>Ob\u010dania <strong>\u010c\u00edny, Indon\u00e9zie, Filip\u00edn, Thajska<\/strong> alebo <strong>Taiwanu<\/strong> (bez osobn\u00e9ho identifika\u010dn\u00e9ho \u010d\u00edsla) m\u00f4\u017eu cestova\u0165 bez v\u00edz, ak sp\u013a\u0148aj\u00fa ur\u010dit\u00e9 podmienky.<\/li>\n<\/ul>\n\n<p><\/p>\n\n<hr class=\"wp-block-separator has-alpha-channel-opacity\"\/>\n\n<h3 class=\"wp-block-heading\"><strong>Doklady, ktor\u00e9 mus\u00edte ma\u0165 pri sebe<\/strong><\/h3>\n\n<p>Pri tranzite cez Kanadu si v\u017edy pripravte tieto doklady:<\/p>\n\n<ul class=\"wp-block-list\">\n<li>Platn\u00fd cestovn\u00fd pas alebo cestovn\u00fd doklad na cel\u00fa cestu.<\/li>\n\n\n\n<li>platn\u00e9 v\u00edzum, tranzitn\u00e9 v\u00edzum alebo povolenie eTA (ak sa uplat\u0148uje).<\/li>\n\n\n\n<li>Pre osoby s trval\u00fdm pobytom v USA: Platn\u00e1 zelen\u00e1 karta alebo rovnocenn\u00fd doklad o \u0161tat\u00fate.<\/li>\n\n\n\n<li>Doklad o \u010fal\u0161ej ceste, napr\u00edklad letenky alebo cestovn\u00fd pl\u00e1n.<\/li>\n<\/ul>\n\n<hr class=\"wp-block-separator has-alpha-channel-opacity\"\/>\n\n<h3 class=\"wp-block-heading\"><strong>K\u013e\u00fa\u010dov\u00e9 pozn\u00e1mky<\/strong><\/h3>\n\n<ul class=\"wp-block-list\">\n<li><strong>Trvanie tranzitu<\/strong>: Ak v\u00e1\u0161 tranzit presiahne 48 hod\u00edn, budete potrebova\u0165 n\u00e1v\u0161tevn\u00edcke v\u00edza.<\/li>\n\n\n\n<li><strong>Sp\u00f4sob vstupu<\/strong>: eTA sa vy\u017eaduje pri cestovan\u00ed lietadlom, ale nie pri cestovan\u00ed po s\u00fa\u0161i alebo po mori.<\/li>\n\n\n\n<li><strong>Predbe\u017en\u00e1 \u017eiados\u0165<\/strong>: Po\u017eiadajte o po\u017eadovan\u00fd doklad v dostato\u010dnom predstihu pred d\u00e1tumom cesty, aby ste sa vyhli oneskoreniu.<\/li>\n<\/ul>\n\n<p>Ak si zabezpe\u010d\u00edte spr\u00e1vne doklady, m\u00f4\u017eete cez Kanadu prech\u00e1dza\u0165 bez probl\u00e9mov a s\u00fastredi\u0165 sa na dosiahnutie cie\u013eovej destin\u00e1cie.<\/p>\n","protected":false},"excerpt":{"rendered":"<p>Ak cestujete do inej krajiny a potrebujete prejs\u0165 cez Kanadu, po\u017eiadavky na doklady z\u00e1visia od viacer\u00fdch faktorov vr\u00e1tane sp\u00f4sobu cestovania, [&hellip;]<\/p>\n","protected":false},"author":1,"featured_media":0,"parent":0,"menu_order":0,"comment_status":"closed","ping_status":"closed","template":"","meta":{"_uag_custom_page_level_css":"","site-sidebar-layout":"default","site-content-layout":"","ast-site-content-layout":"","site-content-style":"default","site-sidebar-style":"default","ast-global-header-display":"","ast-banner-title-visibility":"","ast-main-header-display":"","ast-hfb-above-header-display":"","ast-hfb-below-header-display":"","ast-hfb-mobile-header-display":"","site-post-title":"","ast-breadcrumbs-content":"","ast-featured-img":"","footer-sml-layout":"","theme-transparent-header-meta":"","adv-header-id-meta":"","stick-header-meta":"","header-above-stick-meta":"","header-main-stick-meta":"","header-below-stick-meta":"","astra-migrate-meta-layouts":"default","ast-page-background-enabled":"default","ast-page-background-meta":{"desktop":{"background-color":"var(--ast-global-color-4)","background-image":"","background-repeat":"repeat","background-position":"center center","background-size":"auto","background-attachment":"scroll","background-type":"","background-media":"","overlay-type":"","overlay-color":"","overlay-opacity":"","overlay-gradient":""},"tablet":{"background-color":"","background-image":"","background-repeat":"repeat","background-position":"center center","background-size":"auto","background-attachment":"scroll","background-type":"","background-media":"","overlay-type":"","overlay-color":"","overlay-opacity":"","overlay-gradient":""},"mobile":{"background-color":"","background-image":"","background-repeat":"repeat","background-position":"center center","background-size":"auto","background-attachment":"scroll","background-type":"","background-media":"","overlay-type":"","overlay-color":"","overlay-opacity":"","overlay-gradient":""}},"ast-content-background-meta":{"desktop":{"background-color":"var(--ast-global-color-5)","background-image":"","background-repeat":"repeat","background-position":"center center","background-size":"auto","background-attachment":"scroll","background-type":"","background-media":"","overlay-type":"","overlay-color":"","overlay-opacity":"","overlay-gradient":""},"tablet":{"background-color":"var(--ast-global-color-5)","background-image":"","background-repeat":"repeat","background-position":"center center","background-size":"auto","background-attachment":"scroll","background-type":"","background-media":"","overlay-type":"","overlay-color":"","overlay-opacity":"","overlay-gradient":""},"mobile":{"background-color":"var(--ast-global-color-5)","background-image":"","background-repeat":"repeat","background-position":"center center","background-size":"auto","background-attachment":"scroll","background-type":"","background-media":"","overlay-type":"","overlay-color":"","overlay-opacity":"","overlay-gradient":""}},"footnotes":""},"categories":[],"tags":[],"class_list":["post-927","page","type-page","status-publish","hentry"],"uagb_featured_image_src":{"full":false,"thumbnail":false,"medium":false,"medium_large":false,"large":false,"1536x1536":false,"2048x2048":false},"uagb_author_info":{"display_name":"admin","author_link":"https:\/\/www.etafast.org\/sk\/author\/admin\/"},"uagb_comment_info":0,"uagb_excerpt":"Ak cestujete do inej krajiny a potrebujete prejs\u0165 cez Kanadu, po\u017eiadavky na doklady z\u00e1visia od viacer\u00fdch faktorov vr\u00e1tane sp\u00f4sobu cestovania, [&hellip;]","_links":{"self":[{"href":"https:\/\/www.etafast.org\/sk\/wp-json\/wp\/v2\/pages\/927","targetHints":{"allow":["GET"]}}],"collection":[{"href":"https:\/\/www.etafast.org\/sk\/wp-json\/wp\/v2\/pages"}],"about":[{"href":"https:\/\/www.etafast.org\/sk\/wp-json\/wp\/v2\/types\/page"}],"author":[{"embeddable":true,"href":"https:\/\/www.etafast.org\/sk\/wp-json\/wp\/v2\/users\/1"}],"replies":[{"embeddable":true,"href":"https:\/\/www.etafast.org\/sk\/wp-json\/wp\/v2\/comments?post=927"}],"version-history":[{"count":1,"href":"https:\/\/www.etafast.org\/sk\/wp-json\/wp\/v2\/pages\/927\/revisions"}],"predecessor-version":[{"id":928,"href":"https:\/\/www.etafast.org\/sk\/wp-json\/wp\/v2\/pages\/927\/revisions\/928"}],"wp:attachment":[{"href":"https:\/\/www.etafast.org\/sk\/wp-json\/wp\/v2\/media?parent=927"}],"wp:term":[{"taxonomy":"category","embeddable":true,"href":"https:\/\/www.etafast.org\/sk\/wp-json\/wp\/v2\/categories?post=927"},{"taxonomy":"post_tag","embeddable":true,"href":"https:\/\/www.etafast.org\/sk\/wp-json\/wp\/v2\/tags?post=927"}],"curies":[{"name":"wp","href":"https:\/\/api.w.org\/{rel}","templated":true}]}}