{"id":437,"date":"2024-12-02T16:08:30","date_gmt":"2024-12-02T15:08:30","guid":{"rendered":"https:\/\/www.etafast.org\/kontakt\/"},"modified":"2024-12-11T09:03:13","modified_gmt":"2024-12-11T08:03:13","slug":"kontakt","status":"publish","type":"page","link":"https:\/\/www.etafast.org\/sk\/kontakt\/","title":{"rendered":"Kontakt"},"content":{"rendered":"<style>\n.accordion-content {\n    display: none;\n    padding: 10px;\n    border: 1px solid #ccc;\n    border-top: none;\n}\n\n.accordion-header {\n    cursor: pointer;\n    padding: 10px;\n    border: 1px solid #ccc;\n    margin: 0;\nbackground-color:#fafafa;\nmargin-bottom:10px;\nborder-radius:3px;\npadding-right:50px;\nposition: relative;\nfont-size:110%;\n}\n.accordion-header .qs {\n\n}\n.arrow {\n    position: absolute;\n    right: 10px;\n    top: 10px;\n}\n\n.arrow-up {\n    transform: rotate(180deg);\n}\n<\/style>\n\n\n<script>\njQuery(document).ready(function(){\n    jQuery(\".accordion-header\").click(function() {\n        \/\/ Toggle the arrow direction of the clicked header\n        jQuery(this).children(\".arrow\").toggleClass(\"arrow-up\", !jQuery(this).next().is(\":visible\"));\n        \n        \/\/ Close previously opened content and reset their arrows\n        jQuery(\".accordion-content\").not(jQuery(this).next()).slideUp().prev().children(\".arrow\").removeClass(\"arrow-up\");\n        jQuery(\".accordion-content\").not(jQuery(this).next()).prev().find(\".arrow\").html(\"&#9660;\"); \/\/ Reset other arrows to down\n        \n        jQuery(this).next().slideToggle();\n        if(jQuery(this).next().is(\":visible\")) {\n            jQuery(this).find(\".arrow\").html(\"&#9660;\"); \/\/ Change to up arrow\n        } else {\n            jQuery(this).find(\".arrow\").html(\"&#9650;\"); \/\/ Change back to down arrow\n        }\n    });\n});\n<\/script>\n\n\n<div class=\"accordion\"><h4 class=\"accordion-header\"><span class=\"qs\">Je platba vratn\u00e1<\/span><span class=\"arrow\">&#9660;<\/span><\/h4>\n            <div class=\"accordion-content\">\n            <p>\u00c1no. Platba sa vracia pred poskytnut\u00edm slu\u017eby. \u010eal\u0161ie inform\u00e1cie n\u00e1jdete v podmienkach<\/p>\n            <\/div><\/div><script type=\"application\/ld+json\">\n    {\n      \"@context\": \"https:\/\/schema.org\",\n      \"@type\": \"FAQPage\",\n      \"mainEntity\": [{\n        \"@type\": \"Question\",\n        \"name\": \"Je platba vratn\u00e1\",\n        \"acceptedAnswer\": {\n          \"@type\": \"Answer\",\n          \"text\": \"\u00c1no. Platba sa vracia pred poskytnut\u00edm slu\u017eby. \u010eal\u0161ie inform\u00e1cie n\u00e1jdete v podmienkach\"\n        }\n      }\n      ]\n    }\n    <\/script>\n\n\n<h2>Z\u00e1kazn\u00edcka podpora<\/h2><style>\n.accordion-content2 {\n    display: none;\n    padding: 10px;\n    border: 1px solid #ccc;\n    border-top: none;\n}\n            \n.accordion-header2 {\n    cursor: pointer;\n    padding: 10px;\n    border: 1px solid #ccc;\n    margin: 0;\nbackground-color:#fafafa;\nmargin-bottom:10px;\nborder-radius:3px;\npadding-right:50px;\nposition: relative;\nfont-size:110%;\n}\n.accordion-header2 .qs {\n            \n}\n.arrow2 {\n    position: absolute;\n    right: 10px;\n    top: 10px;\n}\n            \n.arrow-up2 {\n    transform: rotate(180deg);\n}\n<\/style>\n            \n            \n<script>\njQuery(document).ready(function(){\n    jQuery(\".accordion-header2\").click(function() {\n        \/\/ Toggle the arrow direction of the clicked header\n        jQuery(this).children(\".arrow2\").toggleClass(\"arrow-up2\", !jQuery(this).next().is(\":visible\"));\n            \n        \/\/ Close previously opened content and reset their arrows\n        jQuery(\".accordion-content2\").not(jQuery(this).next()).slideUp().prev().children(\".arrow2\").removeClass(\"arrow-up2\");\n        jQuery(\".accordion-content2\").not(jQuery(this).next()).prev().find(\".arrow2\").html(\"&#9660;\"); \/\/ Reset other arrows to down\n            \n        jQuery(this).next().slideToggle();\n        if(jQuery(this).next().is(\":visible\")) {\n            jQuery(this).find(\".arrow2\").html(\"&#9660;\"); \/\/ Change to up arrow\n        } else {\n            jQuery(this).find(\".arrow2\").html(\"&#9650;\"); \/\/ Change back to down arrow\n        }\n    });\n});\n<\/script>\n            \n            \n<div class=\"accordion2\"><h4 class=\"accordion-header2\"><span class=\"qs2\">Neobdr\u017eal som \u017eiadne potvrdenie objedn\u00e1vky<\/span><span class=\"arrow2\">&#9660;<\/span><\/h4>\n            <div class=\"accordion-content2\">\n            <p>Slu\u017ebu pre v\u00e1s za\u010d\u00edname registrova\u0165 cca 12 hod\u00edn pred za\u010diatkom platnosti. V pr\u00edpade za\u010diatku platnosti v ten ist\u00fd de\u0148 do 5 min\u00fat od prijatia platby.\n Ak si prajete obdr\u017ea\u0165 aktiva\u010dn\u00e9 \u00fadaje okam\u017eite, na adrese, ktor\u00fa sme v\u00e1m poslali v prvom emaile, m\u00f4\u017eete registr\u00e1ciu ihne\u010f od\u0161tartova\u0165. \nM\u00f4\u017ee sa sta\u0165, \u017ee v\u00e1m nedoraz\u00ed ani email s potvrden\u00edm prijatia platby (napr\u00edklad v\u010faka chybn\u00e9mu uvedeniu emailovej adresy) V takom pr\u00edpade sa pros\u00edm:<br \/> \n- najprv pozrite do svojej zlo\u017eky so spamom<br \/> \n- pokia\u013e ani tu nen\u00e1jdete \u017eiadnu inform\u00e1ciu od n\u00e1s, cez vy\u0161\u0161ie uveden\u00fd formul\u00e1r sa pok\u00faste n\u00e1js\u0165 svoju objedn\u00e1vku<br \/> \n- na n\u00e1jdenej str\u00e1nke potom m\u00f4\u017eete opravi\u0165 svoju emailov\u00fa adresu a sledova\u0165 stav objedn\u00e1vky<br \/><br \/> \n \nV pr\u00edpade, \u017ee sa v\u00e1m nedar\u00ed n\u00e1js\u0165 va\u0161u adresu pre spr\u00e1vu objedn\u00e1vku, n\u00e1s kedyko\u013evek kontaktujte<br \/> \n\n<br \/><a href=\"#cform\" onclick=\"document.getElementById('cform').style.display='';\">Kontaktova\u0165 z\u00e1kazn\u00edcku podporu<\/a><\/p>\n            <\/div><h4 class=\"accordion-header2\"><span class=\"qs2\">Chcem zmeni\u0165 svoje registra\u010dn\u00e9 \u00fadaje<\/span><span class=\"arrow2\">&#9660;<\/span><\/h4>\n            <div class=\"accordion-content2\">\n            <p>Slu\u017ebu pre v\u00e1s za\u010d\u00edname registrova\u0165 cca 12 hod\u00edn pred za\u010diatkom platnosti. V pr\u00edpade za\u010diatku platnosti v ten ist\u00fd de\u0148 do 5 min\u00fat od prijatia platby.\nDo tej doby je mo\u017en\u00e9 \u00fadaje meni\u0165 prostredn\u00edctvom str\u00e1nky s detailmi objedn\u00e1vky. T\u00fato adresu n\u00e1jdete v ka\u017edom emaile, ktor\u00fd od n\u00e1s dostanete.\n\nPokia\u013e v\u00e1m nedorazil ani email s potvrden\u00edm prijatia platby (napr\u00edklad v\u010faka chybn\u00e9mu uvedeniu emailovej adresy). V takom pr\u00edpade sa pros\u00edm:<br \/> \n- najprv pozrite do svojej zlo\u017eky so spamom<br \/> \n- pokia\u013e ani tu nen\u00e1jdete \u017eiadnu inform\u00e1ciu od n\u00e1s, cez vy\u0161\u0161ie uveden\u00fd formul\u00e1r (Zistenie stavu objedn\u00e1vky) sa pok\u00faste n\u00e1js\u0165 svoju objedn\u00e1vku<br \/> \n- na n\u00e1jdenej str\u00e1nke potom m\u00f4\u017eete dodato\u010dne upravi\u0165 svoje \u00fadaje a sledova\u0165 stav objedn\u00e1vky<br \/> \n<br \/> V pr\u00edpade, \u017ee va\u0161a objedn\u00e1vka u\u017e bola spracovan\u00e1, nie je mo\u017en\u00e1 zmena ak\u00fdchko\u013evek \u00fadajov. Upozor\u0148ujeme, \u017ee v pr\u00edpade chybne uveden\u00fdch \u00fadajov (najm\u00e4 krajina registr\u00e1cie vozidla, \u0160PZ, d\u00e1tum platnosti)\n je dia\u013eni\u010dn\u00e1 zn\u00e1mka neplatn\u00e1, a je potrebn\u00e9 slu\u017ebu zak\u00fapi\u0165 znovu.<br \/> \n\u010eakujeme za pochopenie.\n\n<\/p>\n            <\/div><h4 class=\"accordion-header2\"><span class=\"qs2\">Platba odi\u0161la z m\u00f4jho \u00fa\u010dtu, ale nedostal som \u017eiadny e-mail<\/span><span class=\"arrow2\">&#9660;<\/span><\/h4>\n            <div class=\"accordion-content2\">\n            <p>Ako je uveden\u00e9 v na\u0161ich obchodn\u00fdch podmienkach, slu\u017ebu za\u010dneme spracov\u00e1va\u0165 hne\u010f, ako platba doraz\u00ed do syst\u00e9mu.D\u00f4vodov, pre\u010do platba nebola prip\u00edsan\u00e1, m\u00f4\u017ee by\u0165 nieko\u013eko. Od toho, \u017ee va\u0161a bankov\u00e1 in\u0161tit\u00facia odoslala platbu neskoro, a\u017e po technick\u00e9 probl\u00e9my. Jednoducho povedan\u00e9, k\u00fdm neuvid\u00edme platbu v na\u0161om syst\u00e9me, nepova\u017eujeme objedn\u00e1vku z va\u0161ej strany za dokon\u010den\u00fa. Podnik\u00e1me v\u0161etky mo\u017en\u00e9 kroky na spr\u00e1vne sp\u00e1rovanie v\u0161etk\u00fdch prijat\u00fdch platieb, \u010doho v\u00fdsledkom je chybovos\u0165 na \u00farovni stot\u00edn percenta. Ak do maxim\u00e1lne 1 hodiny od prijatia platby nedostanete e-mail s inform\u00e1ciou, \u017ee platba bola prijat\u00e1 (skontrolujte si aj prie\u010dinok so spamom), okam\u017eite n\u00e1s kontaktujte. Len tak m\u00f4\u017eeme zabezpe\u010di\u0165 bezprobl\u00e9mov\u00fd priebeh va\u0161ej objedn\u00e1vky. Upozor\u0148ujeme, \u017ee na objedn\u00e1vke za\u010dneme pracova\u0165 a\u017e po prijat\u00ed platby do syst\u00e9mu, nie po odoslan\u00ed (alebo jednoducho zablokovan\u00ed) platby na strane z\u00e1kazn\u00edka. Nezodpoved\u00e1me za pr\u00edpadn\u00e9 \u0161kody vzniknut\u00e9 pred prijat\u00edm platby. \u010eakujeme v\u00e1m za pochopenie.<br \/><br \/><a href=\"#cform\" onclick=\"document.getElementById('cform').style.display='';\">Kontaktova\u0165 z\u00e1kazn\u00edcku podporu<\/a><\/p>\n            <\/div><h4 class=\"accordion-header2\"><span class=\"qs2\">M\u00e1m na v\u00e1s \u010fal\u0161iu ot\u00e1zku.<\/span><span class=\"arrow2\">&#9660;<\/span><\/h4>\n            <div class=\"accordion-content2\">\n            <p>Ak \u017eiadna z odpoved\u00ed nevyhovuje va\u0161im po\u017eiadavk\u00e1m, m\u00f4\u017eete n\u00e1s kedyko\u013evek kontaktova\u0165 a my sa v\u00e1m radi budeme venova\u0165.<br \/><br \/><a href=\"#cform\" onclick=\"document.getElementById('cform').style.display='';\">Kontaktova\u0165 z\u00e1kazn\u00edcku podporu<\/a><\/p>\n            <\/div><\/div><div id=\"cform\"><br style=\"clear:both;\" \/><h2>E-mailov\u00e1 podpora<\/h2><script type=\"text\/javascript\">\n        function decodeEmail(encodedLocalPart, encodedDomainPart, indices) {\n            const localPart = atob(encodedLocalPart).split('');\n            const domainPart = atob(encodedDomainPart).split('');\n\n            \/\/ Reconstruct the email address using the provided indices\n            const originalLocalPart = indices.local.map(index => localPart[index]).join('');\n            const originalDomainPart = indices.domain.map(index => domainPart[index]).join('');\n\n            const email = originalLocalPart + \"@\" + originalDomainPart;\n            document.getElementById('email').innerText = email;\n        }\n    <\/script><p>Ak chcete po\u017eiada\u0165 o z\u00e1kazn\u00edcku podporu, m\u00f4\u017eete posla\u0165 e-mail na ni\u017e\u0161ie uveden\u00fa adresu:<\/p><div style=\"text-align:center;padding:20px 0 50px 0;font-size:150%;\nfont-weight:bold;\"><a id=\"email-link\" href=\"\"><\/a><\/div><script>document.addEventListener(\"DOMContentLoaded\", function() {    const emailLink = document.getElementById(\"email-link\");    const obfuscatedEmail = \"gro.tsafate@troppus\";    const realEmail = obfuscatedEmail.split(\"\").reverse().join(\"\");    const randomString = Array.from({length: realEmail.length}, () => Math.random().toString(36)[2]).join('');    emailLink.textContent = randomString;    emailLink.href = 'mailto:'+realEmail;\n                    emailLink.textContent = realEmail;});<\/script><h2>Podpora aplik\u00e1cie WhatsApp<\/h2><p>Pre r\u00fdchle vyrie\u0161enie va\u0161ich ot\u00e1zok t\u00fdkaj\u00facich sa objedn\u00e1vky n\u00e1s m\u00f4\u017eete kontaktova\u0165 na telef\u00f3nnom \u010d\u00edsle WhatsApp (spr\u00e1vy s\u00fa bezplatn\u00e9, plat\u00edte len za d\u00e1ta v r\u00e1mci internetov\u00e9ho pripojenia).<\/p><div style=\"text-align:center;padding:20px 0 50px 0;font-size:150%;\nfont-weight:bold;\"><a href=\"https:\/\/wa.me\/447893938888\">+44 789 393 8888<\/a><\/div><h2>Z\u00e1kazn\u00edcka podpora<\/h2><p style=\"text-align:center;color:#6ab400;font-weight:bold;\">Online podpora je k dispoz\u00edcii 24 hod\u00edn denne<\/p><p>Pre r\u00fdchlej\u0161ie spracovanie va\u0161ej \u017eiadosti v\u00e1s \u017eiadame, aby ste uviedli svoju e-mailov\u00fa adresu zadan\u00fa po\u010das registr\u00e1cie, eviden\u010dn\u00e9 \u010d\u00edslo vozidla a d\u00e1tum objedn\u00e1vky. \u010eakujeme v\u00e1m za pochopenie.<\/p>\n<a style=\"display:block;width:100%;\ncolor:#fff;background-color:rgb(241, 23, 23);padding:10px 0;\nfont-size:120%;text-align:center;\" onclick=\"zE('messenger', 'open');return false;\" href=\"#\">Kontaktova\u0165 podporu<\/a>\n<!-- Start of Zendesk Widget script -->\n<script id=\"ze-snippet\" src=\"https:\/\/static.zdassets.com\/ekr\/snippet.js?key=fc8651a1-b5bf-4914-a59d-057a43523f5b\"> <\/script>\n<!-- End of Zendesk Widget script -->\n\n\n<script><\/script>\n<\/div>\n\n\n\n<p><\/p>\n","protected":false},"excerpt":{"rendered":"","protected":false},"author":1,"featured_media":0,"parent":0,"menu_order":0,"comment_status":"closed","ping_status":"closed","template":"","meta":{"_uag_custom_page_level_css":"","site-sidebar-layout":"default","site-content-layout":"","ast-site-content-layout":"","site-content-style":"default","site-sidebar-style":"default","ast-global-header-display":"","ast-banner-title-visibility":"","ast-main-header-display":"","ast-hfb-above-header-display":"","ast-hfb-below-header-display":"","ast-hfb-mobile-header-display":"","site-post-title":"","ast-breadcrumbs-content":"","ast-featured-img":"","footer-sml-layout":"","theme-transparent-header-meta":"","adv-header-id-meta":"","stick-header-meta":"","header-above-stick-meta":"","header-main-stick-meta":"","header-below-stick-meta":"","astra-migrate-meta-layouts":"default","ast-page-background-enabled":"default","ast-page-background-meta":{"desktop":{"background-color":"var(--ast-global-color-4)","background-image":"","background-repeat":"repeat","background-position":"center center","background-size":"auto","background-attachment":"scroll","background-type":"","background-media":"","overlay-type":"","overlay-color":"","overlay-opacity":"","overlay-gradient":""},"tablet":{"background-color":"","background-image":"","background-repeat":"repeat","background-position":"center center","background-size":"auto","background-attachment":"scroll","background-type":"","background-media":"","overlay-type":"","overlay-color":"","overlay-opacity":"","overlay-gradient":""},"mobile":{"background-color":"","background-image":"","background-repeat":"repeat","background-position":"center center","background-size":"auto","background-attachment":"scroll","background-type":"","background-media":"","overlay-type":"","overlay-color":"","overlay-opacity":"","overlay-gradient":""}},"ast-content-background-meta":{"desktop":{"background-color":"var(--ast-global-color-5)","background-image":"","background-repeat":"repeat","background-position":"center center","background-size":"auto","background-attachment":"scroll","background-type":"","background-media":"","overlay-type":"","overlay-color":"","overlay-opacity":"","overlay-gradient":""},"tablet":{"background-color":"var(--ast-global-color-5)","background-image":"","background-repeat":"repeat","background-position":"center center","background-size":"auto","background-attachment":"scroll","background-type":"","background-media":"","overlay-type":"","overlay-color":"","overlay-opacity":"","overlay-gradient":""},"mobile":{"background-color":"var(--ast-global-color-5)","background-image":"","background-repeat":"repeat","background-position":"center center","background-size":"auto","background-attachment":"scroll","background-type":"","background-media":"","overlay-type":"","overlay-color":"","overlay-opacity":"","overlay-gradient":""}},"footnotes":""},"categories":[],"tags":[],"class_list":["post-437","page","type-page","status-publish","hentry"],"uagb_featured_image_src":{"full":false,"thumbnail":false,"medium":false,"medium_large":false,"large":false,"1536x1536":false,"2048x2048":false},"uagb_author_info":{"display_name":"admin","author_link":"https:\/\/www.etafast.org\/sk\/author\/admin\/"},"uagb_comment_info":0,"uagb_excerpt":null,"_links":{"self":[{"href":"https:\/\/www.etafast.org\/sk\/wp-json\/wp\/v2\/pages\/437","targetHints":{"allow":["GET"]}}],"collection":[{"href":"https:\/\/www.etafast.org\/sk\/wp-json\/wp\/v2\/pages"}],"about":[{"href":"https:\/\/www.etafast.org\/sk\/wp-json\/wp\/v2\/types\/page"}],"author":[{"embeddable":true,"href":"https:\/\/www.etafast.org\/sk\/wp-json\/wp\/v2\/users\/1"}],"replies":[{"embeddable":true,"href":"https:\/\/www.etafast.org\/sk\/wp-json\/wp\/v2\/comments?post=437"}],"version-history":[{"count":1,"href":"https:\/\/www.etafast.org\/sk\/wp-json\/wp\/v2\/pages\/437\/revisions"}],"predecessor-version":[{"id":438,"href":"https:\/\/www.etafast.org\/sk\/wp-json\/wp\/v2\/pages\/437\/revisions\/438"}],"wp:attachment":[{"href":"https:\/\/www.etafast.org\/sk\/wp-json\/wp\/v2\/media?parent=437"}],"wp:term":[{"taxonomy":"category","embeddable":true,"href":"https:\/\/www.etafast.org\/sk\/wp-json\/wp\/v2\/categories?post=437"},{"taxonomy":"post_tag","embeddable":true,"href":"https:\/\/www.etafast.org\/sk\/wp-json\/wp\/v2\/tags?post=437"}],"curies":[{"name":"wp","href":"https:\/\/api.w.org\/{rel}","templated":true}]}}