{"id":263,"date":"2024-12-11T08:24:00","date_gmt":"2024-12-11T07:24:00","guid":{"rendered":"https:\/\/www.etafast.org\/o-procese\/"},"modified":"2024-12-11T09:01:48","modified_gmt":"2024-12-11T08:01:48","slug":"o-procese","status":"publish","type":"page","link":"https:\/\/www.etafast.org\/sk\/o-procese\/","title":{"rendered":"O procese"},"content":{"rendered":"\n<h3 class=\"wp-block-heading\">O procese elektronick\u00e9ho cestovn\u00e9ho povolenia (eTA)<\/h3>\n\n<p>Elektronick\u00e9 cestovn\u00e9 povolenie (eTA) je vstupnou po\u017eiadavkou pre cudzincov, ktor\u00ed cestuj\u00fa do Kanady alebo cez \u0148u prech\u00e1dzaj\u00fa letecky. Ide o r\u00fdchly a jednoduch\u00fd online proces, ktor\u00e9ho cie\u013eom je zv\u00fd\u0161i\u0165 bezpe\u010dnos\u0165 hran\u00edc a z\u00e1rove\u0148 zabezpe\u010di\u0165 bezprobl\u00e9mov\u00e9 cestovanie opr\u00e1vnen\u00fdch os\u00f4b. <\/p>\n\n<h4 class=\"wp-block-heading\">\u010co je to eTA?<\/h4>\n\n<p>eTA je elektronicky prepojen\u00e9 cestovn\u00e9 povolenie spojen\u00e9 s va\u0161\u00edm pasom. Plat\u00ed najviac p\u00e4\u0165 rokov alebo do skon\u010denia platnosti v\u00e1\u0161ho pasu, pod\u013ea toho, \u010do nastane sk\u00f4r. Povolenie eTA v\u00e1m umo\u017e\u0148uje nav\u0161t\u00edvi\u0165 Kanadu na kr\u00e1tkodob\u00fd pobyt (zvy\u010dajne do \u0161iestich mesiacov) na turistick\u00e9, obchodn\u00e9 alebo tranzitn\u00e9 \u00fa\u010dely.  <\/p>\n\n<h4 class=\"wp-block-heading\">K\u013e\u00fa\u010dov\u00e9 inform\u00e1cie o procese eTA:<\/h4>\n\n<ol class=\"wp-block-list\">\n<li><strong>Jednoduch\u00e1 online \u017eiados\u0165<\/strong>:<br\/>Proces pod\u00e1vania \u017eiadosti o povolenie eTA prebieha v\u00fdlu\u010dne online. Nie je potrebn\u00e9 \u017eiadne papierovanie ani osobn\u00e1 n\u00e1v\u0161teva, \u010do z neho rob\u00ed pohodln\u00fa mo\u017enos\u0165 pre cestuj\u00facich. <\/li>\n\n\n\n<li><strong>Dostupn\u00fd poplatok<\/strong>:<br\/>Podanie \u017eiadosti o povolenie eTA stoj\u00ed len 7 kanadsk\u00fdch dol\u00e1rov. Tento poplatok sa plat\u00ed online po\u010das procesu pod\u00e1vania \u017eiadosti. <\/li>\n\n\n\n<li><strong>R\u00fdchle spracovanie<\/strong>:<br\/>V\u00e4\u010d\u0161ina \u017eiadost\u00ed o eTA je schv\u00e1len\u00e1 do nieko\u013ek\u00fdch min\u00fat. Niektor\u00e9 \u017eiadosti v\u0161ak m\u00f4\u017eu trva\u0165 dlh\u0161ie, ak s\u00fa potrebn\u00e9 \u010fal\u0161ie dokumenty. V tak\u00fdchto pr\u00edpadoch \u017eiadatelia dostan\u00fa pokyny e-mailom do 72 hod\u00edn.  <\/li>\n\n\n\n<li><strong>Podmienky opr\u00e1vnenosti<\/strong>:\n<ul class=\"wp-block-list\">\n<li>Cudzinci osloboden\u00ed od v\u00edzovej povinnosti, ktor\u00ed letia do Kanady alebo cez \u0148u prech\u00e1dzaj\u00fa, potrebuj\u00fa povolenie eTA.<\/li>\n\n\n\n<li>Ur\u010dit\u00ed cestuj\u00faci z kraj\u00edn s v\u00edzovou povinnos\u0165ou m\u00f4\u017eu tie\u017e z\u00edska\u0165 povolenie eTA, ak sp\u013a\u0148aj\u00fa osobitn\u00e9 krit\u00e9ri\u00e1, napr\u00edklad s\u00fa dr\u017eite\u013emi platn\u00e9ho neimigra\u010dn\u00e9ho v\u00edza USA alebo mali v posledn\u00fdch 10 rokoch kanadsk\u00e9 n\u00e1v\u0161tevn\u00edcke v\u00edzum.<\/li>\n\n\n\n<li>Cestuj\u00faci, ktor\u00ed prich\u00e1dzaj\u00fa autom, autobusom, vlakom alebo lo\u010fou, vr\u00e1tane v\u00fdletn\u00fdch lod\u00ed, potrebuj\u00fa namiesto elektronick\u00e9ho povolenia na pobyt n\u00e1v\u0161tevn\u00edcke v\u00edza.<\/li>\n<\/ul>\n<\/li>\n\n\n\n<li><strong>Cestovn\u00e9 obmedzenia<\/strong>:\n<ul class=\"wp-block-list\">\n<li>Povolenie eTA v\u00e1m neumo\u017e\u0148uje pracova\u0165 alebo \u0161tudova\u0165 v Kanade. Ak pl\u00e1nujete pracova\u0165 alebo \u0161tudova\u0165, mus\u00edte po\u017eiada\u0165 o pr\u00edslu\u0161n\u00e9 povolenia. <\/li>\n\n\n\n<li>Povolenie eTA nezaru\u010duje vstup do Kanady. Hrani\u010dn\u00ed \u00faradn\u00edci pos\u00fadia va\u0161u opr\u00e1vnenos\u0165 po pr\u00edchode. <\/li>\n<\/ul>\n<\/li>\n\n\n\n<li><strong>Platnos\u0165<\/strong>:<br\/>Po schv\u00e1len\u00ed je povolenie eTA spojen\u00e9 s va\u0161\u00edm pasom a zost\u00e1va platn\u00e9 pre viacero vstupov, ak v\u00e1\u0161 pas zost\u00e1va platn\u00fd. V\u017edy cestujte s t\u00fdm ist\u00fdm pasom, ktor\u00fd ste pou\u017eili pri \u017eiadosti o povolenie eTA. <\/li>\n<\/ol>\n\n<h4 class=\"wp-block-heading\">Chr\u00e1\u0148te sa pred podvodmi<\/h4>\n\n<p>D\u00e1vajte si pozor na podvodn\u00e9 webov\u00e9 str\u00e1nky alebo osoby, ktor\u00e9 s\u013eubuj\u00fa zaru\u010den\u00fd vstup, pr\u00e1cu alebo \u0161t\u00fadium v Kanade. \u017diados\u0165 pod\u00e1vajte len prostredn\u00edctvom ofici\u00e1lnej webovej str\u00e1nky kanadskej vl\u00e1dy a vyh\u00fdbajte sa poskytovaniu osobn\u00fdch \u00fadajov neoveren\u00fdm zdrojom. Skreslen\u00e9 inform\u00e1cie alebo podvod m\u00f4\u017eu ma\u0165 v\u00e1\u017ene pr\u00e1vne d\u00f4sledky.  <\/p>\n\n<h4 class=\"wp-block-heading\">Pred podan\u00edm \u017eiadosti<\/h4>\n\n<ul class=\"wp-block-list\">\n<li>Uistite sa, \u017ee m\u00e1te platn\u00fd cestovn\u00fd pas, kreditn\u00fa alebo debetn\u00fa kartu a e-mailov\u00fa adresu.<\/li>\n\n\n\n<li>Pre\u010d\u00edtajte si dokument s n\u00e1povedou k aplik\u00e1cii, ktor\u00fd je k dispoz\u00edcii vo viacer\u00fdch jazykoch.<\/li>\n\n\n\n<li><strong>Pred<\/strong> rezerv\u00e1ciou letu po\u017eiadajte o eTA, aby ste sa vyhli me\u0161kaniu.<\/li>\n<\/ul>\n\n<p>Podanie \u017eiadosti o povolenie eTA je pre opr\u00e1vnen\u00fdch cestuj\u00facich, ktor\u00ed pl\u00e1nuj\u00fa nav\u0161t\u00edvi\u0165 Kanadu, nevyhnutn\u00fdm krokom. Pochopen\u00edm procesu a d\u00f4kladnou pr\u00edpravou \u017eiadosti si m\u00f4\u017eete zabezpe\u010di\u0165 hladk\u00fa a bezprobl\u00e9mov\u00fa cestu. <\/p>\n","protected":false},"excerpt":{"rendered":"<p>O procese elektronick\u00e9ho cestovn\u00e9ho povolenia (eTA) Elektronick\u00e9 cestovn\u00e9 povolenie (eTA) je vstupnou po\u017eiadavkou pre cudzincov, ktor\u00ed cestuj\u00fa do Kanady alebo [&hellip;]<\/p>\n","protected":false},"author":1,"featured_media":0,"parent":0,"menu_order":0,"comment_status":"closed","ping_status":"closed","template":"","meta":{"_uag_custom_page_level_css":"","site-sidebar-layout":"default","site-content-layout":"","ast-site-content-layout":"","site-content-style":"default","site-sidebar-style":"default","ast-global-header-display":"","ast-banner-title-visibility":"","ast-main-header-display":"","ast-hfb-above-header-display":"","ast-hfb-below-header-display":"","ast-hfb-mobile-header-display":"","site-post-title":"","ast-breadcrumbs-content":"","ast-featured-img":"","footer-sml-layout":"","theme-transparent-header-meta":"","adv-header-id-meta":"","stick-header-meta":"","header-above-stick-meta":"","header-main-stick-meta":"","header-below-stick-meta":"","astra-migrate-meta-layouts":"default","ast-page-background-enabled":"default","ast-page-background-meta":{"desktop":{"background-color":"var(--ast-global-color-4)","background-image":"","background-repeat":"repeat","background-position":"center center","background-size":"auto","background-attachment":"scroll","background-type":"","background-media":"","overlay-type":"","overlay-color":"","overlay-opacity":"","overlay-gradient":""},"tablet":{"background-color":"","background-image":"","background-repeat":"repeat","background-position":"center center","background-size":"auto","background-attachment":"scroll","background-type":"","background-media":"","overlay-type":"","overlay-color":"","overlay-opacity":"","overlay-gradient":""},"mobile":{"background-color":"","background-image":"","background-repeat":"repeat","background-position":"center center","background-size":"auto","background-attachment":"scroll","background-type":"","background-media":"","overlay-type":"","overlay-color":"","overlay-opacity":"","overlay-gradient":""}},"ast-content-background-meta":{"desktop":{"background-color":"var(--ast-global-color-5)","background-image":"","background-repeat":"repeat","background-position":"center center","background-size":"auto","background-attachment":"scroll","background-type":"","background-media":"","overlay-type":"","overlay-color":"","overlay-opacity":"","overlay-gradient":""},"tablet":{"background-color":"var(--ast-global-color-5)","background-image":"","background-repeat":"repeat","background-position":"center center","background-size":"auto","background-attachment":"scroll","background-type":"","background-media":"","overlay-type":"","overlay-color":"","overlay-opacity":"","overlay-gradient":""},"mobile":{"background-color":"var(--ast-global-color-5)","background-image":"","background-repeat":"repeat","background-position":"center center","background-size":"auto","background-attachment":"scroll","background-type":"","background-media":"","overlay-type":"","overlay-color":"","overlay-opacity":"","overlay-gradient":""}},"footnotes":""},"categories":[],"tags":[],"class_list":["post-263","page","type-page","status-publish","hentry"],"uagb_featured_image_src":{"full":false,"thumbnail":false,"medium":false,"medium_large":false,"large":false,"1536x1536":false,"2048x2048":false},"uagb_author_info":{"display_name":"admin","author_link":"https:\/\/www.etafast.org\/sk\/author\/admin\/"},"uagb_comment_info":0,"uagb_excerpt":"O procese elektronick\u00e9ho cestovn\u00e9ho povolenia (eTA) Elektronick\u00e9 cestovn\u00e9 povolenie (eTA) je vstupnou po\u017eiadavkou pre cudzincov, ktor\u00ed cestuj\u00fa do Kanady alebo [&hellip;]","_links":{"self":[{"href":"https:\/\/www.etafast.org\/sk\/wp-json\/wp\/v2\/pages\/263","targetHints":{"allow":["GET"]}}],"collection":[{"href":"https:\/\/www.etafast.org\/sk\/wp-json\/wp\/v2\/pages"}],"about":[{"href":"https:\/\/www.etafast.org\/sk\/wp-json\/wp\/v2\/types\/page"}],"author":[{"embeddable":true,"href":"https:\/\/www.etafast.org\/sk\/wp-json\/wp\/v2\/users\/1"}],"replies":[{"embeddable":true,"href":"https:\/\/www.etafast.org\/sk\/wp-json\/wp\/v2\/comments?post=263"}],"version-history":[{"count":1,"href":"https:\/\/www.etafast.org\/sk\/wp-json\/wp\/v2\/pages\/263\/revisions"}],"predecessor-version":[{"id":264,"href":"https:\/\/www.etafast.org\/sk\/wp-json\/wp\/v2\/pages\/263\/revisions\/264"}],"wp:attachment":[{"href":"https:\/\/www.etafast.org\/sk\/wp-json\/wp\/v2\/media?parent=263"}],"wp:term":[{"taxonomy":"category","embeddable":true,"href":"https:\/\/www.etafast.org\/sk\/wp-json\/wp\/v2\/categories?post=263"},{"taxonomy":"post_tag","embeddable":true,"href":"https:\/\/www.etafast.org\/sk\/wp-json\/wp\/v2\/tags?post=263"}],"curies":[{"name":"wp","href":"https:\/\/api.w.org\/{rel}","templated":true}]}}