{"id":1505,"date":"2024-12-11T08:24:51","date_gmt":"2024-12-11T07:24:51","guid":{"rendered":"https:\/\/www.etafast.org\/kto-sa-moze-prihlasit\/"},"modified":"2024-12-11T09:15:42","modified_gmt":"2024-12-11T08:15:42","slug":"kto-sa-moze-prihlasit","status":"publish","type":"page","link":"https:\/\/www.etafast.org\/sk\/kto-sa-moze-prihlasit\/","title":{"rendered":"Kto sa m\u00f4\u017ee prihl\u00e1si\u0165"},"content":{"rendered":"\n<h3 class=\"wp-block-heading\">Kto m\u00f4\u017ee po\u017eiada\u0165 o elektronick\u00e9 cestovn\u00e9 povolenie (eTA)<\/h3>\n\n<p>Elektronick\u00e9 cestovn\u00e9 povolenie (eTA) je cestovn\u00e1 povinnos\u0165 pre niektor\u00e9 osoby, ktor\u00e9 cestuj\u00fa do Kanady alebo cez \u0148u prech\u00e1dzaj\u00fa letecky. Tu je podrobn\u00fd rozpis toho, kto je opr\u00e1vnen\u00fd o\u0148 po\u017eiada\u0165: <\/p>\n\n<h4 class=\"wp-block-heading\"><strong>Krit\u00e9ri\u00e1 opr\u00e1vnenosti na udelenie povolenia eTA<\/strong><\/h4>\n\n<p>O povolenie eTA m\u00f4\u017eete po\u017eiada\u0165, ak sp\u013a\u0148ate <strong>v\u0161etky tri nasleduj\u00face po\u017eiadavky<\/strong>:<\/p>\n\n<ol class=\"wp-block-list\">\n<li><strong>Hist\u00f3ria cestovania v minulosti<\/strong>:<ul><li>V posledn\u00fdch 10 rokoch ste mali kanadsk\u00e9 n\u00e1v\u0161tevn\u00edcke v\u00edza (v\u00edza na prechodn\u00fd pobyt), ALEBO<\/li><li>V s\u00fa\u010dasnosti m\u00e1te platn\u00e9 neimigra\u010dn\u00e9 v\u00edzum Spojen\u00fdch \u0161t\u00e1tov americk\u00fdch (USA).<\/li><\/ul><em>(Va\u0161e neimigra\u010dn\u00e9 v\u00edzum do USA mus\u00ed by\u0165 platn\u00e9 v de\u0148 podania \u017eiadosti o povolenie eTA, ale nemus\u00ed by\u0165 platn\u00e9 po\u010das va\u0161ej cesty do Kanady.)<\/em><\/li>\n\n\n\n<li><strong>\u00da\u010del cesty<\/strong>:\n<ul class=\"wp-block-list\">\n<li>Do Kanady prich\u00e1dzate na <strong>do\u010dasn\u00fd pobyt<\/strong>, zvy\u010dajne do \u0161iestich mesiacov.<\/li>\n<\/ul>\n<\/li>\n\n\n\n<li><strong>Cestovn\u00fd re\u017eim<\/strong>:\n<ul class=\"wp-block-list\">\n<li>Let\u00edte na kanadsk\u00e9 letisko alebo cez\u0148 prech\u00e1dzate s platn\u00fdm pasom jednej z <strong>kraj\u00edn, ktor\u00e9 maj\u00fa n\u00e1rok na v\u00edza<\/strong>.<\/li>\n<\/ul>\n<\/li>\n<\/ol>\n\n<h4 class=\"wp-block-heading\"><strong>Opr\u00e1vnen\u00e9 krajiny s v\u00edzovou povinnos\u0165ou<\/strong><\/h4>\n\n<p>Ob\u010dania nasleduj\u00facich kraj\u00edn m\u00f4\u017eu po\u017eiada\u0165 o povolenie eTA, ak sp\u013a\u0148aj\u00fa vy\u0161\u0161ie uveden\u00e9 krit\u00e9ri\u00e1:<\/p>\n\n<ul class=\"wp-block-list\">\n<li>Antigua a Barbuda<\/li>\n\n\n\n<li>Argent\u00edna<\/li>\n\n\n\n<li>Braz\u00edlia<\/li>\n\n\n\n<li>Kostarika<\/li>\n\n\n\n<li>Mexiko<\/li>\n\n\n\n<li>Maroko<\/li>\n\n\n\n<li>Panama<\/li>\n\n\n\n<li>Filip\u00edny<\/li>\n\n\n\n<li>Sv\u00e4t\u00fd Kri\u0161tof a Nevis<\/li>\n\n\n\n<li>Sv\u00e4t\u00e1 Lucia<\/li>\n\n\n\n<li>Sv\u00e4t\u00fd Vincent a Grenad\u00edny<\/li>\n\n\n\n<li>Seychely<\/li>\n\n\n\n<li>Thajsko<\/li>\n\n\n\n<li>Trinidad a Tobago<\/li>\n\n\n\n<li>Uruguaj<\/li>\n<\/ul>\n\n<p>Ak nesp\u013a\u0148ate v\u0161etky tieto po\u017eiadavky, mus\u00edte po\u017eiada\u0165 o n\u00e1v\u0161tevn\u00edcke v\u00edzum (v\u00edzum na prechodn\u00fd pobyt).<\/p>\n\n<hr class=\"wp-block-separator has-alpha-channel-opacity\"\/>\n\n<h3 class=\"wp-block-heading\"><strong>Kto nepotrebuje povolenie eTA?<\/strong><\/h3>\n\n<ul class=\"wp-block-list\">\n<li><strong>Ob\u010dania USA<\/strong>:<br\/>Ob\u010dania USA s\u00fa osloboden\u00ed od povinnosti z\u00edska\u0165 povolenie eTA. Musia sa preuk\u00e1za\u0165 len platn\u00fdm americk\u00fdm pasom. <\/li>\n\n\n\n<li><strong>Kanadsk\u00ed ob\u010dania (vr\u00e1tane dvojit\u00fdch ob\u010danov<\/strong>):<br\/>Kanadsk\u00ed ob\u010dania nem\u00f4\u017eu po\u017eiada\u0165 o povolenie eTA. Musia cestova\u0165 s platn\u00fdm kanadsk\u00fdm pasom. Dvojn\u00e1sobn\u00ed ob\u010dania musia pri ceste do Kanady pou\u017e\u00edva\u0165 aj svoj kanadsk\u00fd pas.  <\/li>\n\n\n\n<li>St\u00e1li <strong>obyvatelia Kanady<\/strong>:<br>St\u00e1li obyvatelia Kanady nem\u00f4\u017eu po\u017eiada\u0165 o povolenie eTA. Namiesto toho musia cestova\u0165 s: \n<ul class=\"wp-block-list\">\n<li>Platn\u00fd preukaz trval\u00e9ho pobytu, ALEBO<\/li>\n\n\n\n<li>Cestovn\u00fd doklad na trval\u00fd pobyt.<\/li>\n<\/ul>\n<\/li>\n\n\n\n<li><strong>Z\u00e1konn\u00ed obyvatelia USA s trval\u00fdm pobytom<\/strong>:<br>Od 26. apr\u00edla 2022 s\u00fa z\u00e1konn\u00ed obyvatelia USA s trval\u00fdm pobytom osloboden\u00ed od povinnosti z\u00edska\u0165 povolenie eTA. Musia ma\u0165 pri sebe: \n<ul class=\"wp-block-list\">\n<li>platn\u00fd cestovn\u00fd pas krajiny, ktorej s\u00fa \u0161t\u00e1tnymi pr\u00edslu\u0161n\u00edkmi, a<\/li>\n\n\n\n<li>Platn\u00e1 zelen\u00e1 karta USA alebo rovnocenn\u00fd doklad o \u0161tat\u00fate.<\/li>\n<\/ul>\n<\/li>\n<\/ul>\n\n<hr class=\"wp-block-separator has-alpha-channel-opacity\"\/>\n\n<h3 class=\"wp-block-heading\"><strong>Cestovn\u00e9 scen\u00e1re a po\u017eiadavky na dokumenty<\/strong><\/h3>\n\n<figure class=\"wp-block-table\"><table class=\"has-fixed-layout\"><thead><tr><th><strong>Ako cestujete do Kanady<\/strong><\/th><th><strong>Po\u017eadovan\u00fd(\u00e9) dokument(y)<\/strong><\/th><\/tr><\/thead><tbody><tr><td>let\u00edte na kanadsk\u00e9 letisko alebo cez neho prech\u00e1dzate a m\u00e1te n\u00e1rok na povolenie eTA<\/td><td>eTA alebo n\u00e1v\u0161tevn\u00edcke v\u00edza<\/td><\/tr><tr><td>Let\u00edte na kanadsk\u00e9 letisko alebo cez neho prech\u00e1dzate a NIE ste opr\u00e1vnen\u00ed na eTA<\/td><td>N\u00e1v\u0161tevn\u00edcke v\u00edza<\/td><\/tr><tr><td>Pr\u00edchod autom, autobusom, vlakom alebo lo\u010fou (vr\u00e1tane v\u00fdletn\u00fdch lod\u00ed)<\/td><td>N\u00e1v\u0161tevn\u00edcke v\u00edza<\/td><\/tr><tr><td>Cestovanie do Kanady s platn\u00fdm kanadsk\u00fdm v\u00edzom<\/td><td>Nie je potrebn\u00e9 povolenie eTA &#8211; pou\u017eite v\u00edza<\/td><\/tr><tr><td>Let sp\u00e4\u0165 do Kanady po obnoven\u00ed pracovn\u00e9ho alebo \u0161tudijn\u00e9ho povolenia<\/td><td>eTA poskytovan\u00e1 spolu s obnoven\u00edm povolenia<\/td><\/tr><tr><td>Cestovanie do Kanady za pr\u00e1cou alebo \u0161t\u00fadiom na viac ako 6 mesiacov<\/td><td>Pracovn\u00e9 alebo \u0161tudijn\u00e9 povolenie (zah\u0155\u0148a v\u00edzum)<\/td><\/tr><\/tbody><\/table><\/figure>\n\n<hr class=\"wp-block-separator has-alpha-channel-opacity\"\/>\n\n<h3 class=\"wp-block-heading\"><strong>D\u00f4le\u017eit\u00e9 \u00favahy<\/strong><\/h3>\n\n<ul class=\"wp-block-list\">\n<li><strong>Z\u00e1kladn\u00e9 po\u017eiadavky<\/strong>: Aby ste mohli vst\u00fapi\u0165 do Kanady, mus\u00edte sp\u013a\u0148a\u0165 v\u0161eobecn\u00e9 vstupn\u00e9 krit\u00e9ri\u00e1 vr\u00e1tane platn\u00fdch cestovn\u00fdch dokladov, dobr\u00e9ho zdravotn\u00e9ho stavu, finan\u010dnej podpory a siln\u00fdch v\u00e4zieb na va\u0161u domovsk\u00fa krajinu.<\/li>\n\n\n\n<li><strong>Nepr\u00edpustnos\u0165<\/strong>: Osoby zapojen\u00e9 do trestnej \u010dinnosti, bezpe\u010dnostn\u00e9 hrozby alebo ur\u010dit\u00e9 zdravotn\u00e9 a finan\u010dn\u00e9 probl\u00e9my m\u00f4\u017eu by\u0165 pova\u017eovan\u00e9 za nepr\u00edpustn\u00e9 do Kanady, a to aj s platn\u00fdm povolen\u00edm eTA.<\/li>\n<\/ul>\n\n<p>Cie\u013eom povolenia eTA je zjednodu\u0161i\u0165 opr\u00e1vnen\u00fdm osob\u00e1m cestovanie lietadlom do Kanady. D\u00f4kladne si pre\u010d\u00edtajte po\u017eiadavky a podajte \u017eiados\u0165 v dostato\u010dnom predstihu pred pl\u00e1novanou cestou. <\/p>\n","protected":false},"excerpt":{"rendered":"<p>Kto m\u00f4\u017ee po\u017eiada\u0165 o elektronick\u00e9 cestovn\u00e9 povolenie (eTA) Elektronick\u00e9 cestovn\u00e9 povolenie (eTA) je cestovn\u00e1 povinnos\u0165 pre niektor\u00e9 osoby, ktor\u00e9 cestuj\u00fa [&hellip;]<\/p>\n","protected":false},"author":1,"featured_media":0,"parent":0,"menu_order":0,"comment_status":"closed","ping_status":"closed","template":"","meta":{"_uag_custom_page_level_css":"","site-sidebar-layout":"default","site-content-layout":"","ast-site-content-layout":"","site-content-style":"default","site-sidebar-style":"default","ast-global-header-display":"","ast-banner-title-visibility":"","ast-main-header-display":"","ast-hfb-above-header-display":"","ast-hfb-below-header-display":"","ast-hfb-mobile-header-display":"","site-post-title":"","ast-breadcrumbs-content":"","ast-featured-img":"","footer-sml-layout":"","theme-transparent-header-meta":"","adv-header-id-meta":"","stick-header-meta":"","header-above-stick-meta":"","header-main-stick-meta":"","header-below-stick-meta":"","astra-migrate-meta-layouts":"default","ast-page-background-enabled":"default","ast-page-background-meta":{"desktop":{"background-color":"var(--ast-global-color-4)","background-image":"","background-repeat":"repeat","background-position":"center center","background-size":"auto","background-attachment":"scroll","background-type":"","background-media":"","overlay-type":"","overlay-color":"","overlay-opacity":"","overlay-gradient":""},"tablet":{"background-color":"","background-image":"","background-repeat":"repeat","background-position":"center center","background-size":"auto","background-attachment":"scroll","background-type":"","background-media":"","overlay-type":"","overlay-color":"","overlay-opacity":"","overlay-gradient":""},"mobile":{"background-color":"","background-image":"","background-repeat":"repeat","background-position":"center center","background-size":"auto","background-attachment":"scroll","background-type":"","background-media":"","overlay-type":"","overlay-color":"","overlay-opacity":"","overlay-gradient":""}},"ast-content-background-meta":{"desktop":{"background-color":"var(--ast-global-color-5)","background-image":"","background-repeat":"repeat","background-position":"center center","background-size":"auto","background-attachment":"scroll","background-type":"","background-media":"","overlay-type":"","overlay-color":"","overlay-opacity":"","overlay-gradient":""},"tablet":{"background-color":"var(--ast-global-color-5)","background-image":"","background-repeat":"repeat","background-position":"center center","background-size":"auto","background-attachment":"scroll","background-type":"","background-media":"","overlay-type":"","overlay-color":"","overlay-opacity":"","overlay-gradient":""},"mobile":{"background-color":"var(--ast-global-color-5)","background-image":"","background-repeat":"repeat","background-position":"center center","background-size":"auto","background-attachment":"scroll","background-type":"","background-media":"","overlay-type":"","overlay-color":"","overlay-opacity":"","overlay-gradient":""}},"footnotes":""},"categories":[],"tags":[],"class_list":["post-1505","page","type-page","status-publish","hentry"],"uagb_featured_image_src":{"full":false,"thumbnail":false,"medium":false,"medium_large":false,"large":false,"1536x1536":false,"2048x2048":false},"uagb_author_info":{"display_name":"admin","author_link":"https:\/\/www.etafast.org\/sk\/author\/admin\/"},"uagb_comment_info":0,"uagb_excerpt":"Kto m\u00f4\u017ee po\u017eiada\u0165 o elektronick\u00e9 cestovn\u00e9 povolenie (eTA) Elektronick\u00e9 cestovn\u00e9 povolenie (eTA) je cestovn\u00e1 povinnos\u0165 pre niektor\u00e9 osoby, ktor\u00e9 cestuj\u00fa [&hellip;]","_links":{"self":[{"href":"https:\/\/www.etafast.org\/sk\/wp-json\/wp\/v2\/pages\/1505","targetHints":{"allow":["GET"]}}],"collection":[{"href":"https:\/\/www.etafast.org\/sk\/wp-json\/wp\/v2\/pages"}],"about":[{"href":"https:\/\/www.etafast.org\/sk\/wp-json\/wp\/v2\/types\/page"}],"author":[{"embeddable":true,"href":"https:\/\/www.etafast.org\/sk\/wp-json\/wp\/v2\/users\/1"}],"replies":[{"embeddable":true,"href":"https:\/\/www.etafast.org\/sk\/wp-json\/wp\/v2\/comments?post=1505"}],"version-history":[{"count":1,"href":"https:\/\/www.etafast.org\/sk\/wp-json\/wp\/v2\/pages\/1505\/revisions"}],"predecessor-version":[{"id":1506,"href":"https:\/\/www.etafast.org\/sk\/wp-json\/wp\/v2\/pages\/1505\/revisions\/1506"}],"wp:attachment":[{"href":"https:\/\/www.etafast.org\/sk\/wp-json\/wp\/v2\/media?parent=1505"}],"wp:term":[{"taxonomy":"category","embeddable":true,"href":"https:\/\/www.etafast.org\/sk\/wp-json\/wp\/v2\/categories?post=1505"},{"taxonomy":"post_tag","embeddable":true,"href":"https:\/\/www.etafast.org\/sk\/wp-json\/wp\/v2\/tags?post=1505"}],"curies":[{"name":"wp","href":"https:\/\/api.w.org\/{rel}","templated":true}]}}