{"id":1413,"date":"2024-12-11T08:25:47","date_gmt":"2024-12-11T07:25:47","guid":{"rendered":"https:\/\/www.etafast.org\/potrebujete-kartu-visa\/"},"modified":"2024-12-11T09:14:22","modified_gmt":"2024-12-11T08:14:22","slug":"potrebujete-kartu-visa","status":"publish","type":"page","link":"https:\/\/www.etafast.org\/sk\/potrebujete-kartu-visa\/","title":{"rendered":"Potrebujete kartu VISA?"},"content":{"rendered":"\n<h3 class=\"wp-block-heading\">Ako zisti\u0165, \u010di potrebujete v\u00edzum na cestu do Kanady<\/h3>\n\n<p>Kanada vy\u017eaduje, aby cestuj\u00faci mali na vstup do krajiny alebo tranzit cez \u0148u bu\u010f <strong>n\u00e1v\u0161tevn\u00edcke v\u00edza<\/strong>, alebo <strong>elektronick\u00e9 cestovn\u00e9 povolenie (eTA<\/strong> ), v z\u00e1vislosti od \u0161t\u00e1tnej pr\u00edslu\u0161nosti a sp\u00f4sobu cestovania. Tu sa dozviete, \u010do potrebujete: <\/p>\n\n<hr class=\"wp-block-separator has-alpha-channel-opacity\"\/>\n\n<h3 class=\"wp-block-heading\"><strong>Krok 1: Skontrolujte svoju \u0161t\u00e1tnu pr\u00edslu\u0161nos\u0165<\/strong><\/h3>\n\n<p>Typ cestovn\u00e9ho dokladu, ktor\u00fd potrebujete, z\u00e1vis\u00ed predov\u0161etk\u00fdm od va\u0161ej \u0161t\u00e1tnej pr\u00edslu\u0161nosti. Cestuj\u00faci patria do jednej z troch kateg\u00f3ri\u00ed: <\/p>\n\n<ol class=\"wp-block-list\">\n<li><strong>Cestuj\u00faci bez v\u00edzovej povinnosti (potrebuj\u00fa povolenie eTA<\/strong>)<br\/>Ak ste ob\u010danom krajiny bez v\u00edzovej povinnosti, potrebujete povolenie eTA, ak cestujete do Kanady alebo cez \u0148u prech\u00e1dzate letecky. Medzi krajiny osloboden\u00e9 od v\u00edzovej povinnosti patria napr\u00edklad: <ul><li>Austr\u00e1lia<\/li><li>Nemecko<\/li><li>Japonsko<\/li><li>Spojen\u00e9 kr\u00e1\u013eovstvo<\/li><li>Franc\u00fazsko<br\/><em>(tento zoznam nie je \u00fapln\u00fd)<\/em><\/li><\/ul><strong>D\u00f4le\u017eit\u00e9<\/strong>: Ak do Kanady vstupujete autom, autobusom, vlakom alebo lo\u010fou vr\u00e1tane v\u00fdletnej plavby, NEpotrebujete povolenie eTA ani n\u00e1v\u0161tevn\u00edcke v\u00edza.<\/li>\n\n\n\n<li><strong>Cestuj\u00faci s v\u00edzovou povinnos\u0165ou (potrebuj\u00fa n\u00e1v\u0161tevn\u00edcke v\u00edzum<\/strong>)<br>Ob\u010dania kraj\u00edn, ktor\u00e9 nie s\u00fa na zozname kraj\u00edn osloboden\u00fdch od v\u00edzovej povinnosti, potrebuj\u00fa na cestu do Kanady n\u00e1v\u0161tevn\u00edcke v\u00edzum (zn\u00e1me aj ako do\u010dasn\u00e9 v\u00edzum na pobyt) bez oh\u013eadu na sp\u00f4sob cesty.<br>Medzi krajiny s v\u00edzovou povinnos\u0165ou patria napr\u00edklad:\n<ul class=\"wp-block-list\">\n<li>India<\/li>\n\n\n\n<li>\u010c\u00edna<\/li>\n\n\n\n<li>Pakistan<br\/><em>(toto nie je \u00fapln\u00fd zoznam).<\/em><\/li>\n<\/ul>\n<\/li>\n\n\n\n<li><strong>Opr\u00e1vnen\u00ed cestuj\u00faci s v\u00edzovou povinnos\u0165ou (m\u00f4\u017eu ma\u0165 n\u00e1rok na eTA<\/strong>)<br>Ak poch\u00e1dzate z krajiny s v\u00edzovou povinnos\u0165ou, ale sp\u013a\u0148ate ur\u010dit\u00e9 podmienky, m\u00f4\u017eete namiesto v\u00edza po\u017eiada\u0165 o eTA. Medzi tieto podmienky patria: <ul><li>ste dr\u017eite\u013eom platn\u00e9ho neimigra\u010dn\u00e9ho v\u00edza USA, ALEBO<\/li><li>ma\u0165 kanadsk\u00e9 n\u00e1v\u0161tevn\u00edcke v\u00edza za posledn\u00fdch 10 rokov.<\/li><\/ul>Medzi krajiny opr\u00e1vnen\u00e9 na t\u00fato mo\u017enos\u0165 patria:\n<ul class=\"wp-block-list\">\n<li>Braz\u00edlia<\/li>\n\n\n\n<li>Mexiko<\/li>\n\n\n\n<li>Filip\u00edny<br\/><em>(toto nie je \u00fapln\u00fd zoznam).<\/em><\/li>\n<\/ul>\n<\/li>\n<\/ol>\n\n<hr class=\"wp-block-separator has-alpha-channel-opacity\"\/>\n\n<h3 class=\"wp-block-heading\"><strong>Krok 2: Zv\u00e1\u017ete sp\u00f4sob cestovania<\/strong><\/h3>\n\n<p>Potrebn\u00fd cestovn\u00fd doklad z\u00e1vis\u00ed aj od sp\u00f4sobu vstupu do Kanady:<\/p>\n\n<figure class=\"wp-block-table\"><table class=\"has-fixed-layout\"><thead><tr><th><strong>Sp\u00f4sob cestovania<\/strong><\/th><th><strong>Po\u017eiadavka<\/strong><\/th><\/tr><\/thead><tbody><tr><td>Let na kanadsk\u00e9 letisko alebo tranzit cez kanadsk\u00e9 letisko<\/td><td>eTA (pre cestuj\u00facich bez v\u00edz) alebo n\u00e1v\u0161tevn\u00edcke v\u00edza<\/td><\/tr><tr><td>Vstup autom, autobusom, vlakom alebo lo\u010fou (vr\u00e1tane plavby)<\/td><td>N\u00e1v\u0161tevn\u00edcke v\u00edza (pre cestuj\u00facich s v\u00edzovou povinnos\u0165ou)<\/td><\/tr><tr><td>Cestovanie s platn\u00fdm kanadsk\u00fdm v\u00edzom<\/td><td>Nevy\u017eaduje sa povolenie eTA, pou\u017eite svoje v\u00edza<\/td><\/tr><\/tbody><\/table><\/figure>\n\n<hr class=\"wp-block-separator has-alpha-channel-opacity\"\/>\n\n<h3 class=\"wp-block-heading\"><strong>Krok 3: V\u00fdnimky z pravidla<\/strong><\/h3>\n\n<ol class=\"wp-block-list\">\n<li><strong>Ob\u010dania USA<\/strong><br\/>Ob\u010dania USA nepotrebuj\u00fa povolenie eTA ani n\u00e1v\u0161tevn\u00edcke v\u00edza. Potrebuj\u00fa len platn\u00fd americk\u00fd pas. <\/li>\n\n\n\n<li><strong>Kanadsk\u00ed ob\u010dania (vr\u00e1tane dvojit\u00fdch ob\u010danov<\/strong>)<br\/>Kanadsk\u00ed ob\u010dania nem\u00f4\u017eu po\u017eiada\u0165 o povolenie eTA alebo v\u00edzum. Musia cestova\u0165 s platn\u00fdm kanadsk\u00fdm pasom. <\/li>\n\n\n\n<li><strong>St\u00e1li obyvatelia Kanady<\/strong><br>St\u00e1li obyvatelia Kanady nem\u00f4\u017eu po\u017eiada\u0165 o povolenie eTA. Musia cestova\u0165 s: \n<ul class=\"wp-block-list\">\n<li>Platn\u00fd preukaz trval\u00e9ho pobytu, ALEBO<\/li>\n\n\n\n<li>Cestovn\u00fd doklad na trval\u00fd pobyt.<\/li>\n<\/ul>\n<\/li>\n\n\n\n<li><strong>Osoby s trval\u00fdm pobytom v USA<\/strong><br>Od 26. apr\u00edla 2022 osoby s trval\u00fdm pobytom v USA nepotrebuj\u00fa povolenie eTA. Musia ma\u0165 pri sebe: \n<ul class=\"wp-block-list\">\n<li>platn\u00fd cestovn\u00fd pas svojej \u0161t\u00e1tnej pr\u00edslu\u0161nosti, A<\/li>\n\n\n\n<li>Platn\u00e1 zelen\u00e1 karta alebo rovnocenn\u00fd doklad o \u0161tat\u00fate.<\/li>\n<\/ul>\n<\/li>\n<\/ol>\n\n<hr class=\"wp-block-separator has-alpha-channel-opacity\"\/>\n\n<h3 class=\"wp-block-heading\"><strong>Krok 4: Pou\u017eite n\u00e1stroj kanadskej vl\u00e1dy<\/strong><\/h3>\n\n<p>Ak si chcete overi\u0165, \u010di potrebujete v\u00edza alebo povolenie eTA, m\u00f4\u017eete pou\u017ei\u0165 ofici\u00e1lny <a>n\u00e1stroj<\/a> kanadskej vl\u00e1dy <a>pre cestovn\u00e9 doklady<\/a>. Sta\u010d\u00ed zada\u0165 svoju \u0161t\u00e1tnu pr\u00edslu\u0161nos\u0165, sp\u00f4sob cestovania a \u00fa\u010del n\u00e1v\u0161tevy a z\u00edskate personalizovan\u00e9 v\u00fdsledky. <\/p>\n\n<hr class=\"wp-block-separator has-alpha-channel-opacity\"\/>\n\n<h3 class=\"wp-block-heading\"><strong>Z\u00e1vere\u010dn\u00e9 pozn\u00e1mky<\/strong><\/h3>\n\n<ul class=\"wp-block-list\">\n<li>Uistite sa, \u017ee ste o spr\u00e1vny doklad po\u017eiadali v dostato\u010dnom predstihu pred d\u00e1tumom cesty.<\/li>\n\n\n\n<li>V\u00edzum alebo povolenie eTA nezaru\u010duje vstup do Kanady. Mus\u00edte sa presved\u010di\u0165, \u017ee pr\u00edslu\u0161n\u00edk pohrani\u010dnej slu\u017eby sp\u013a\u0148a v\u0161etky po\u017eiadavky na vstup. <\/li>\n<\/ul>\n\n<p><\/p>\n","protected":false},"excerpt":{"rendered":"<p>Ako zisti\u0165, \u010di potrebujete v\u00edzum na cestu do Kanady Kanada vy\u017eaduje, aby cestuj\u00faci mali na vstup do krajiny alebo tranzit [&hellip;]<\/p>\n","protected":false},"author":1,"featured_media":0,"parent":0,"menu_order":0,"comment_status":"closed","ping_status":"closed","template":"","meta":{"_uag_custom_page_level_css":"","site-sidebar-layout":"default","site-content-layout":"","ast-site-content-layout":"","site-content-style":"default","site-sidebar-style":"default","ast-global-header-display":"","ast-banner-title-visibility":"","ast-main-header-display":"","ast-hfb-above-header-display":"","ast-hfb-below-header-display":"","ast-hfb-mobile-header-display":"","site-post-title":"","ast-breadcrumbs-content":"","ast-featured-img":"","footer-sml-layout":"","theme-transparent-header-meta":"","adv-header-id-meta":"","stick-header-meta":"","header-above-stick-meta":"","header-main-stick-meta":"","header-below-stick-meta":"","astra-migrate-meta-layouts":"default","ast-page-background-enabled":"default","ast-page-background-meta":{"desktop":{"background-color":"var(--ast-global-color-4)","background-image":"","background-repeat":"repeat","background-position":"center center","background-size":"auto","background-attachment":"scroll","background-type":"","background-media":"","overlay-type":"","overlay-color":"","overlay-opacity":"","overlay-gradient":""},"tablet":{"background-color":"","background-image":"","background-repeat":"repeat","background-position":"center center","background-size":"auto","background-attachment":"scroll","background-type":"","background-media":"","overlay-type":"","overlay-color":"","overlay-opacity":"","overlay-gradient":""},"mobile":{"background-color":"","background-image":"","background-repeat":"repeat","background-position":"center center","background-size":"auto","background-attachment":"scroll","background-type":"","background-media":"","overlay-type":"","overlay-color":"","overlay-opacity":"","overlay-gradient":""}},"ast-content-background-meta":{"desktop":{"background-color":"var(--ast-global-color-5)","background-image":"","background-repeat":"repeat","background-position":"center center","background-size":"auto","background-attachment":"scroll","background-type":"","background-media":"","overlay-type":"","overlay-color":"","overlay-opacity":"","overlay-gradient":""},"tablet":{"background-color":"var(--ast-global-color-5)","background-image":"","background-repeat":"repeat","background-position":"center center","background-size":"auto","background-attachment":"scroll","background-type":"","background-media":"","overlay-type":"","overlay-color":"","overlay-opacity":"","overlay-gradient":""},"mobile":{"background-color":"var(--ast-global-color-5)","background-image":"","background-repeat":"repeat","background-position":"center center","background-size":"auto","background-attachment":"scroll","background-type":"","background-media":"","overlay-type":"","overlay-color":"","overlay-opacity":"","overlay-gradient":""}},"footnotes":""},"categories":[],"tags":[],"class_list":["post-1413","page","type-page","status-publish","hentry"],"uagb_featured_image_src":{"full":false,"thumbnail":false,"medium":false,"medium_large":false,"large":false,"1536x1536":false,"2048x2048":false},"uagb_author_info":{"display_name":"admin","author_link":"https:\/\/www.etafast.org\/sk\/author\/admin\/"},"uagb_comment_info":0,"uagb_excerpt":"Ako zisti\u0165, \u010di potrebujete v\u00edzum na cestu do Kanady Kanada vy\u017eaduje, aby cestuj\u00faci mali na vstup do krajiny alebo tranzit [&hellip;]","_links":{"self":[{"href":"https:\/\/www.etafast.org\/sk\/wp-json\/wp\/v2\/pages\/1413","targetHints":{"allow":["GET"]}}],"collection":[{"href":"https:\/\/www.etafast.org\/sk\/wp-json\/wp\/v2\/pages"}],"about":[{"href":"https:\/\/www.etafast.org\/sk\/wp-json\/wp\/v2\/types\/page"}],"author":[{"embeddable":true,"href":"https:\/\/www.etafast.org\/sk\/wp-json\/wp\/v2\/users\/1"}],"replies":[{"embeddable":true,"href":"https:\/\/www.etafast.org\/sk\/wp-json\/wp\/v2\/comments?post=1413"}],"version-history":[{"count":1,"href":"https:\/\/www.etafast.org\/sk\/wp-json\/wp\/v2\/pages\/1413\/revisions"}],"predecessor-version":[{"id":1414,"href":"https:\/\/www.etafast.org\/sk\/wp-json\/wp\/v2\/pages\/1413\/revisions\/1414"}],"wp:attachment":[{"href":"https:\/\/www.etafast.org\/sk\/wp-json\/wp\/v2\/media?parent=1413"}],"wp:term":[{"taxonomy":"category","embeddable":true,"href":"https:\/\/www.etafast.org\/sk\/wp-json\/wp\/v2\/categories?post=1413"},{"taxonomy":"post_tag","embeddable":true,"href":"https:\/\/www.etafast.org\/sk\/wp-json\/wp\/v2\/tags?post=1413"}],"curies":[{"name":"wp","href":"https:\/\/api.w.org\/{rel}","templated":true}]}}