{"id":1229,"date":"2024-12-11T08:28:06","date_gmt":"2024-12-11T07:28:06","guid":{"rendered":"https:\/\/www.etafast.org\/superviza-pre-rodicov-a-starych-rodicov\/"},"modified":"2024-12-11T09:11:21","modified_gmt":"2024-12-11T08:11:21","slug":"superviza-pre-rodicov-a-starych-rodicov","status":"publish","type":"page","link":"https:\/\/www.etafast.org\/sk\/superviza-pre-rodicov-a-starych-rodicov\/","title":{"rendered":"Superv\u00edza pre rodi\u010dov a star\u00fdch rodi\u010dov"},"content":{"rendered":"\n<h3 class=\"wp-block-heading\">Superv\u00edza pre rodi\u010dov a star\u00fdch rodi\u010dov<\/h3>\n\n<p><strong>Superv\u00edzum<\/strong> je \u0161peci\u00e1lne v\u00edzum ur\u010den\u00e9 pre rodi\u010dov a star\u00fdch rodi\u010dov kanadsk\u00fdch ob\u010danov a os\u00f4b s trval\u00fdm pobytom. Umo\u017e\u0148uje pred\u013a\u017een\u00e9 n\u00e1v\u0161tevy Kanady a poskytuje jedine\u010dn\u00fa pr\u00edle\u017eitos\u0165 str\u00e1vi\u0165 \u010das s rodinou a z\u00e1rove\u0148 vyu\u017e\u00edva\u0165 v\u00fdhody viacn\u00e1sobn\u00fdch vstupov po\u010das dlh\u00e9ho obdobia. <\/p>\n\n<hr class=\"wp-block-separator has-alpha-channel-opacity\"\/>\n\n<h3 class=\"wp-block-heading\"><strong>\u010co je to superv\u00edza?<\/strong><\/h3>\n\n<p><strong>Superv\u00edza<\/strong> je:<\/p>\n\n<ul class=\"wp-block-list\">\n<li><strong>Dlhodob\u00e9 v\u00edzum<\/strong>, ktor\u00e9 umo\u017e\u0148uje opr\u00e1vnen\u00fdm rodi\u010dom a star\u00fdm rodi\u010dom nav\u0161t\u00edvi\u0165 Kanadu <strong>a\u017e<\/strong> na <strong>5 rokov na jednu n\u00e1v\u0161tevu<\/strong> bez potreby obnovenia ich \u0161tat\u00fatu.<\/li>\n\n\n\n<li><strong>V\u00edzum na viac vstupov<\/strong>, platn\u00e9 <strong>a\u017e 10 rokov<\/strong>, ktor\u00e9 umo\u017e\u0148uje \u010dast\u00e9 n\u00e1v\u0161tevy Kanady po\u010das platnosti v\u00edza.<\/li>\n<\/ul>\n\n<p>Toto v\u00edzum je ide\u00e1lne pre osoby, ktor\u00e9 pl\u00e1nuj\u00fa nav\u0161t\u00edvi\u0165 svoje deti alebo vn\u00fa\u010dat\u00e1 na dlh\u0161\u00ed pobyt.<\/p>\n\n<hr class=\"wp-block-separator has-alpha-channel-opacity\"\/>\n\n<h3 class=\"wp-block-heading\"><strong>Podmienky opr\u00e1vnenosti na superv\u00edzum<\/strong><\/h3>\n\n<p>\u017diadatelia o superv\u00edzum musia sp\u013a\u0148a\u0165 osobitn\u00e9 krit\u00e9ri\u00e1:<\/p>\n\n<ol class=\"wp-block-list\">\n<li><strong>Vz\u0165ah<\/strong>:\n<ul class=\"wp-block-list\">\n<li>by\u0165 <strong>rodi\u010dom alebo star\u00fdm rodi\u010dom<\/strong> kanadsk\u00e9ho ob\u010dana alebo osoby s trval\u00fdm pobytom v Kanade.<\/li>\n<\/ul>\n<\/li>\n\n\n\n<li><strong>Poz\u00fdvac\u00ed list:<\/strong>\n<ul class=\"wp-block-list\">\n<li>Predlo\u017ete poz\u00fdvac\u00ed list od svojho die\u0165a\u0165a alebo vnuka v Kanade.<\/li>\n\n\n\n<li>List mus\u00ed obsahova\u0165:\n<ul class=\"wp-block-list\">\n<li>Pr\u00eds\u013eub finan\u010dnej podpory po\u010das trvania va\u0161ej n\u00e1v\u0161tevy.<\/li>\n\n\n\n<li>Podrobnosti o va\u0161om vz\u0165ahu.<\/li>\n\n\n\n<li>Zoznam \u010dlenov dom\u00e1cnosti hostite\u013ea v Kanade.<\/li>\n<\/ul>\n<\/li>\n<\/ul>\n<\/li>\n\n\n\n<li><strong>Po\u017eiadavky na pr\u00edjem<\/strong>:\n<ul class=\"wp-block-list\">\n<li>Die\u0165a alebo vnuk mus\u00ed sp\u013a\u0148a\u0165 <strong>minim\u00e1lnu hranicu pr\u00edjmu<\/strong> pod\u013ea po\u010dtu \u010dlenov rodiny.<\/li>\n<\/ul>\n<\/li>\n\n\n\n<li><strong>Zdravotn\u00e9 poistenie<\/strong>:\n<ul class=\"wp-block-list\">\n<li>K\u00fapte si s\u00fakromn\u00e9 <strong>zdravotn\u00e9 poistenie<\/strong> od kanadskej pois\u0165ovne, ktor\u00e1:\n<ul class=\"wp-block-list\">\n<li>Kryje v\u00e1s minim\u00e1lne na <strong> 100 000 CAD.<\/strong><\/li>\n\n\n\n<li>Je platn\u00fd <strong>najmenej jeden rok<\/strong> od d\u00e1tumu vstupu.<\/li>\n\n\n\n<li>Zah\u0155\u0148a doklad o \u00faplnej platbe (nie cenov\u00fa ponuku).<\/li>\n<\/ul>\n<\/li>\n<\/ul>\n<\/li>\n\n\n\n<li><strong>Lek\u00e1rske vy\u0161etrenie<\/strong>:\n<ul class=\"wp-block-list\">\n<li>Absolvujte imigra\u010dn\u00fa lek\u00e1rsku prehliadku na preuk\u00e1zanie pr\u00edpustnosti.<\/li>\n<\/ul>\n<\/li>\n\n\n\n<li><strong>\u010eal\u0161ie po\u017eiadavky:<\/strong>\n<ul class=\"wp-block-list\">\n<li>Preuk\u00e1\u017ete siln\u00e9 v\u00e4zby na svoju domovsk\u00fa krajinu, napr\u00edklad rodinn\u00e9, finan\u010dn\u00e9 alebo pracovn\u00e9, aby ste mali istotu, \u017ee Kanadu po n\u00e1v\u0161teve opust\u00edte.<\/li>\n\n\n\n<li>Uk\u00e1\u017ete, \u017ee m\u00e1te dostatok finan\u010dn\u00fdch prostriedkov na svoju n\u00e1v\u0161tevu.<\/li>\n<\/ul>\n<\/li>\n<\/ol>\n\n<hr class=\"wp-block-separator has-alpha-channel-opacity\"\/>\n\n<h3 class=\"wp-block-heading\"><strong>Ako dlho m\u00f4\u017eete zosta\u0165 v Kanade?<\/strong><\/h3>\n\n<p>D\u013a\u017eka v\u00e1\u0161ho pobytu z\u00e1vis\u00ed od toho, kedy ste po\u017eiadali o superv\u00edzum:<\/p>\n\n<ul class=\"wp-block-list\">\n<li><strong>\u017diadosti podan\u00e9 22. j\u00fana 2023 alebo nesk\u00f4r:<\/strong>\n<ul class=\"wp-block-list\">\n<li>Dr\u017eitelia superv\u00edz m\u00f4\u017eu zosta\u0165 na \u00fazem\u00ed krajiny <strong>a\u017e 5 rokov na jednu n\u00e1v\u0161tevu<\/strong>.<\/li>\n<\/ul>\n<\/li>\n\n\n\n<li><strong>\u017diadosti do 22. j\u00fana 2023<\/strong>:\n<ul class=\"wp-block-list\">\n<li>Na <strong>jednu n\u00e1v\u0161tevu<\/strong> m\u00f4\u017eete zosta\u0165 <strong>a\u017e 2 roky<\/strong>.<\/li>\n<\/ul>\n<\/li>\n<\/ul>\n\n<p>Bez oh\u013eadu na d\u00e1tum podania \u017eiadosti:<\/p>\n\n<ul class=\"wp-block-list\">\n<li>Uistite sa, \u017ee v\u00e1\u0161 <strong>cestovn\u00fd pas je platn\u00fd<\/strong> po\u010das cel\u00e9ho pobytu.<\/li>\n\n\n\n<li>Po\u010das pobytu v Kanade alebo pri op\u00e4tovnom vstupe si udr\u017eujte alebo obnovte <strong>zdravotn\u00e9 poistenie<\/strong>.<\/li>\n<\/ul>\n\n<hr class=\"wp-block-separator has-alpha-channel-opacity\"\/>\n\n<h3 class=\"wp-block-heading\"><strong>V\u00fdhody superv\u00edza<\/strong><\/h3>\n\n<ol class=\"wp-block-list\">\n<li><strong>Pred\u013a\u017een\u00e9 n\u00e1v\u0161tevy<\/strong>:\n<ul class=\"wp-block-list\">\n<li>U\u017e\u00edvajte si dlhodob\u00e9 pobyty bez \u010dast\u00e9ho pod\u00e1vania \u017eiadost\u00ed o pred\u013a\u017eenie.<\/li>\n<\/ul>\n<\/li>\n\n\n\n<li><strong>Viacero z\u00e1znamov<\/strong>:\n<ul class=\"wp-block-list\">\n<li>Cestujte do Kanady viackr\u00e1t v priebehu 10 rokov.<\/li>\n<\/ul>\n<\/li>\n\n\n\n<li><strong>Pokoj v du\u0161i<\/strong>:\n<ul class=\"wp-block-list\">\n<li>Povinnos\u0165 zdravotn\u00e9ho poistenia zaru\u010duje zdravotn\u00fa starostlivos\u0165 po\u010das v\u00e1\u0161ho pobytu.<\/li>\n<\/ul>\n<\/li>\n\n\n\n<li><strong>Zl\u00fa\u010denie rodiny<\/strong>:\n<ul class=\"wp-block-list\">\n<li>Podporujte u\u017e\u0161ie vz\u0165ahy so svojimi de\u0165mi a vn\u00fa\u010datami.<\/li>\n<\/ul>\n<\/li>\n<\/ol>\n","protected":false},"excerpt":{"rendered":"<p>Superv\u00edza pre rodi\u010dov a star\u00fdch rodi\u010dov Superv\u00edzum je \u0161peci\u00e1lne v\u00edzum ur\u010den\u00e9 pre rodi\u010dov a star\u00fdch rodi\u010dov kanadsk\u00fdch ob\u010danov a os\u00f4b [&hellip;]<\/p>\n","protected":false},"author":1,"featured_media":0,"parent":0,"menu_order":0,"comment_status":"closed","ping_status":"closed","template":"","meta":{"_uag_custom_page_level_css":"","site-sidebar-layout":"default","site-content-layout":"","ast-site-content-layout":"","site-content-style":"default","site-sidebar-style":"default","ast-global-header-display":"","ast-banner-title-visibility":"","ast-main-header-display":"","ast-hfb-above-header-display":"","ast-hfb-below-header-display":"","ast-hfb-mobile-header-display":"","site-post-title":"","ast-breadcrumbs-content":"","ast-featured-img":"","footer-sml-layout":"","theme-transparent-header-meta":"","adv-header-id-meta":"","stick-header-meta":"","header-above-stick-meta":"","header-main-stick-meta":"","header-below-stick-meta":"","astra-migrate-meta-layouts":"default","ast-page-background-enabled":"default","ast-page-background-meta":{"desktop":{"background-color":"var(--ast-global-color-4)","background-image":"","background-repeat":"repeat","background-position":"center center","background-size":"auto","background-attachment":"scroll","background-type":"","background-media":"","overlay-type":"","overlay-color":"","overlay-opacity":"","overlay-gradient":""},"tablet":{"background-color":"","background-image":"","background-repeat":"repeat","background-position":"center center","background-size":"auto","background-attachment":"scroll","background-type":"","background-media":"","overlay-type":"","overlay-color":"","overlay-opacity":"","overlay-gradient":""},"mobile":{"background-color":"","background-image":"","background-repeat":"repeat","background-position":"center center","background-size":"auto","background-attachment":"scroll","background-type":"","background-media":"","overlay-type":"","overlay-color":"","overlay-opacity":"","overlay-gradient":""}},"ast-content-background-meta":{"desktop":{"background-color":"var(--ast-global-color-5)","background-image":"","background-repeat":"repeat","background-position":"center center","background-size":"auto","background-attachment":"scroll","background-type":"","background-media":"","overlay-type":"","overlay-color":"","overlay-opacity":"","overlay-gradient":""},"tablet":{"background-color":"var(--ast-global-color-5)","background-image":"","background-repeat":"repeat","background-position":"center center","background-size":"auto","background-attachment":"scroll","background-type":"","background-media":"","overlay-type":"","overlay-color":"","overlay-opacity":"","overlay-gradient":""},"mobile":{"background-color":"var(--ast-global-color-5)","background-image":"","background-repeat":"repeat","background-position":"center center","background-size":"auto","background-attachment":"scroll","background-type":"","background-media":"","overlay-type":"","overlay-color":"","overlay-opacity":"","overlay-gradient":""}},"footnotes":""},"categories":[],"tags":[],"class_list":["post-1229","page","type-page","status-publish","hentry"],"uagb_featured_image_src":{"full":false,"thumbnail":false,"medium":false,"medium_large":false,"large":false,"1536x1536":false,"2048x2048":false},"uagb_author_info":{"display_name":"admin","author_link":"https:\/\/www.etafast.org\/sk\/author\/admin\/"},"uagb_comment_info":0,"uagb_excerpt":"Superv\u00edza pre rodi\u010dov a star\u00fdch rodi\u010dov Superv\u00edzum je \u0161peci\u00e1lne v\u00edzum ur\u010den\u00e9 pre rodi\u010dov a star\u00fdch rodi\u010dov kanadsk\u00fdch ob\u010danov a os\u00f4b [&hellip;]","_links":{"self":[{"href":"https:\/\/www.etafast.org\/sk\/wp-json\/wp\/v2\/pages\/1229","targetHints":{"allow":["GET"]}}],"collection":[{"href":"https:\/\/www.etafast.org\/sk\/wp-json\/wp\/v2\/pages"}],"about":[{"href":"https:\/\/www.etafast.org\/sk\/wp-json\/wp\/v2\/types\/page"}],"author":[{"embeddable":true,"href":"https:\/\/www.etafast.org\/sk\/wp-json\/wp\/v2\/users\/1"}],"replies":[{"embeddable":true,"href":"https:\/\/www.etafast.org\/sk\/wp-json\/wp\/v2\/comments?post=1229"}],"version-history":[{"count":1,"href":"https:\/\/www.etafast.org\/sk\/wp-json\/wp\/v2\/pages\/1229\/revisions"}],"predecessor-version":[{"id":1230,"href":"https:\/\/www.etafast.org\/sk\/wp-json\/wp\/v2\/pages\/1229\/revisions\/1230"}],"wp:attachment":[{"href":"https:\/\/www.etafast.org\/sk\/wp-json\/wp\/v2\/media?parent=1229"}],"wp:term":[{"taxonomy":"category","embeddable":true,"href":"https:\/\/www.etafast.org\/sk\/wp-json\/wp\/v2\/categories?post=1229"},{"taxonomy":"post_tag","embeddable":true,"href":"https:\/\/www.etafast.org\/sk\/wp-json\/wp\/v2\/tags?post=1229"}],"curies":[{"name":"wp","href":"https:\/\/api.w.org\/{rel}","templated":true}]}}