{"id":1009,"date":"2024-12-11T08:29:22","date_gmt":"2024-12-11T07:29:22","guid":{"rendered":"https:\/\/www.etafast.org\/obchodni-navstevnici\/"},"modified":"2024-12-11T09:08:12","modified_gmt":"2024-12-11T08:08:12","slug":"obchodni-navstevnici","status":"publish","type":"page","link":"https:\/\/www.etafast.org\/sk\/obchodni-navstevnici\/","title":{"rendered":"Obchodn\u00ed n\u00e1v\u0161tevn\u00edci"},"content":{"rendered":"\n<h3 class=\"wp-block-heading\">Obchodn\u00ed n\u00e1v\u0161tevn\u00edci: N\u00e1v\u0161teva stretnut\u00ed, podujat\u00ed a konferenci\u00ed v Kanade<\/h3>\n\n<p>Obchodn\u00ed n\u00e1v\u0161tevn\u00edci zohr\u00e1vaj\u00fa d\u00f4le\u017eit\u00fa \u00falohu pri podpore medzin\u00e1rodn\u00e9ho obchodu a spolupr\u00e1ce. Ak sa pl\u00e1nujete z\u00fa\u010dastni\u0165 na stretnutiach, podujatiach alebo konferenci\u00e1ch v Kanade ako obchodn\u00fd n\u00e1v\u0161tevn\u00edk, tu je sprievodca krok za krokom, ktor\u00fd v\u00e1m zabezpe\u010d\u00ed hladk\u00fd vstupn\u00fd proces. <\/p>\n\n<hr class=\"wp-block-separator has-alpha-channel-opacity\"\/>\n\n<h3 class=\"wp-block-heading\"><strong>Krok 1: Ste obchodn\u00fd n\u00e1v\u0161tevn\u00edk alebo potrebujete pracovn\u00e9 povolenie?<\/strong><\/h3>\n\n<p>Ak chcete by\u0165 <strong>obchodn\u00fdm n\u00e1v\u0161tevn\u00edkom<\/strong> Kanady, mus\u00edte:<\/p>\n\n<ul class=\"wp-block-list\">\n<li><strong>Trvanie<\/strong>: Pl\u00e1novan\u00fd pobyt je <strong>krat\u0161\u00ed ako 6 mesiacov<\/strong>.<\/li>\n\n\n\n<li><strong>\u00da\u010del<\/strong>: Nevst\u00fapi\u0165 na kanadsk\u00fd trh pr\u00e1ce.<\/li>\n\n\n\n<li><strong>Zdroj obchodu<\/strong>: Uistite sa, \u017ee va\u0161e hlavn\u00e9 miesto podnikania, pr\u00edjmy a zisky zost\u00e1vaj\u00fa <strong>mimo Kanady<\/strong>.<\/li>\n\n\n\n<li><strong>Dokumenty<\/strong>: Pripravte si potrebn\u00e9 dokumenty na podporu svojej \u017eiadosti.<\/li>\n<\/ul>\n\n<p><strong>Z\u00e1kladn\u00e9 vstupn\u00e9 po\u017eiadavky<\/strong>:<\/p>\n\n<ul class=\"wp-block-list\">\n<li>platn\u00fd cestovn\u00fd doklad (napr\u00edklad cestovn\u00fd pas).<\/li>\n\n\n\n<li>dostatok finan\u010dn\u00fdch prostriedkov na pobyt a spiato\u010dn\u00fa cestu.<\/li>\n\n\n\n<li>Doklad o tom, \u017ee po skon\u010den\u00ed n\u00e1v\u0161tevy opust\u00edte Kanadu.<\/li>\n\n\n\n<li>\u017diadne trestnopr\u00e1vne, bezpe\u010dnostn\u00e9 alebo zdravotn\u00e9 rizik\u00e1 pre Kana\u010fanov.<\/li>\n<\/ul>\n\n<p><strong>\u010cinnosti povolen\u00e9 ako obchodn\u00fd n\u00e1v\u0161tevn\u00edk<\/strong>:<\/p>\n\n<ul class=\"wp-block-list\">\n<li>n\u00e1kup kanadsk\u00e9ho tovaru alebo slu\u017eieb pre zahrani\u010dn\u00fd podnik alebo vl\u00e1du.<\/li>\n\n\n\n<li>Prij\u00edmanie objedn\u00e1vok na tovar alebo slu\u017eby.<\/li>\n\n\n\n<li>\u00da\u010das\u0165 na stretnutiach, konferenci\u00e1ch, kongresoch alebo ve\u013etrhoch.<\/li>\n\n\n\n<li>Poskytovanie popredajn\u00e9ho servisu na z\u00e1klade z\u00e1ru\u010dnej alebo predajnej zmluvy.<\/li>\n\n\n\n<li>absolvovanie alebo vedenie \u0161kolen\u00ed s\u00favisiacich s va\u0161ou \u010dinnos\u0165ou.<\/li>\n<\/ul>\n\n<p><strong>Pozn\u00e1mka<\/strong>: Ak va\u0161a n\u00e1v\u0161teva zah\u0155\u0148a pobyt dlh\u0161\u00ed ako 6 mesiacov alebo zapojenie sa do \u010dinnost\u00ed na kanadskom trhu pr\u00e1ce, mo\u017eno budete potrebova\u0165 <strong>pracovn\u00e9 povolenie<\/strong>.<\/p>\n\n<hr class=\"wp-block-separator has-alpha-channel-opacity\"\/>\n\n<h3 class=\"wp-block-heading\"><strong>Krok 2: Potrebujete v\u00edzum alebo povolenie eTA?<\/strong><\/h3>\n\n<p>To, \u010di potrebujete <strong>v\u00edza<\/strong> alebo <strong>elektronick\u00e9 cestovn\u00e9 povolenie (eTA<\/strong> ), z\u00e1vis\u00ed od va\u0161ej \u0161t\u00e1tnej pr\u00edslu\u0161nosti a okolnost\u00ed cesty.<\/p>\n\n<ul class=\"wp-block-list\">\n<li>Na ur\u010denie opr\u00e1vnenosti pou\u017eite <a>n\u00e1stroj kanadskej vl\u00e1dy<\/a>.<\/li>\n<\/ul>\n\n<hr class=\"wp-block-separator has-alpha-channel-opacity\"\/>\n\n<h3 class=\"wp-block-heading\"><strong>Krok 3: Z\u00edskanie k\u00f3du podujatia (ak je to potrebn\u00e9)<\/strong><\/h3>\n\n<p>Pre podujatia, stretnutia alebo konferencie zaregistrovan\u00e9 v agent\u00fare <strong>Immigration, Refugees and Citizenship Canada (IRCC<\/strong>):<\/p>\n\n<ul class=\"wp-block-list\">\n<li>Organiz\u00e1tor podujatia v\u00e1m poskytne <strong>k\u00f3d podujatia<\/strong> a pokyny k \u017eiadosti o v\u00edza.<\/li>\n\n\n\n<li>Zadanie k\u00f3du podujatia v prihl\u00e1\u0161ke v\u00e1m pom\u00f4\u017ee identifikova\u0165 sa ako \u00fa\u010dastn\u00edk.<\/li>\n<\/ul>\n\n<hr class=\"wp-block-separator has-alpha-channel-opacity\"\/>\n\n<h3 class=\"wp-block-heading\"><strong>Krok 4: Podanie \u017eiadosti o v\u00edzum alebo povolenie eTA (ak je potrebn\u00e9)<\/strong><\/h3>\n\n<ul class=\"wp-block-list\">\n<li><strong>V\u00edza<\/strong>: Podajte \u017eiados\u0165 o v\u00edzum prostredn\u00edctvom ofici\u00e1lnej <a>webovej str\u00e1nky IRCC<\/a>.<\/li>\n\n\n\n<li><strong>eTA<\/strong>: Podajte online \u017eiados\u0165 o eTA .<\/li>\n<\/ul>\n\n<hr class=\"wp-block-separator has-alpha-channel-opacity\"\/>\n\n<h3 class=\"wp-block-heading\"><strong>Krok 5: Pr\u00edprava dokumentov na cestu<\/strong><\/h3>\n\n<p>Pri pr\u00edchode na kanadsk\u00e9 hranice si zabezpe\u010dte nasleduj\u00face doklady (neba\u013ete si ich do kufra):<\/p>\n\n<ul class=\"wp-block-list\">\n<li>Platn\u00fd cestovn\u00fd pas alebo cestovn\u00fd doklad na cel\u00e9 obdobie pobytu.<\/li>\n\n\n\n<li>platn\u00e9 v\u00edzum (ak je to potrebn\u00e9).<\/li>\n\n\n\n<li>Ak potrebujete povolenie eTA, cestujte s pasom, ktor\u00fd ste pou\u017eili v \u017eiadosti o povolenie eTA.<\/li>\n\n\n\n<li>Osoby s leg\u00e1lnym trval\u00fdm pobytom v Spojen\u00fdch \u0161t\u00e1toch si musia prinies\u0165 <strong>platn\u00fa zelen\u00fa kartu<\/strong> (alebo rovnocenn\u00fd doklad o \u0161tat\u00fate) a cestovn\u00fd pas.<\/li>\n\n\n\n<li>podporn\u00e9 listy od va\u0161ej materskej spolo\u010dnosti a poz\u00fdvac\u00ed list od kanadskej hostite\u013eskej spolo\u010dnosti.<\/li>\n\n\n\n<li>\u010eal\u0161ie dokumenty, ako s\u00fa zmluvy, z\u00e1ru\u010dn\u00e9 zmluvy alebo servisn\u00e9 dokumenty (ak je to relevantn\u00e9).<\/li>\n\n\n\n<li>Kontaktn\u00e9 \u00fadaje na hostite\u013ea va\u0161ej firmy v Kanade.<\/li>\n\n\n\n<li>Doklad o dostato\u010dn\u00fdch finan\u010dn\u00fdch prostriedkoch na pobyt a n\u00e1vrat.<\/li>\n<\/ul>\n\n<hr class=\"wp-block-separator has-alpha-channel-opacity\"\/>\n\n<h3 class=\"wp-block-heading\"><strong>Malolet\u00e9 osoby, ktor\u00e9 s vami cestuj\u00fa<\/strong><\/h3>\n\n<p>Ak cestujete s de\u0165mi mlad\u0161\u00edmi ako 18 rokov, obozn\u00e1mte sa s kanadsk\u00fdmi predpismi pre malolet\u00fdch.<\/p>\n\n<ul class=\"wp-block-list\">\n<li>Pozrite si po\u017eiadavky na vstup pre neplnolet\u00e9 osoby, aby ste sa uistili, \u017ee s\u00fa v s\u00falade s kanadsk\u00fdmi z\u00e1konmi na ochranu det\u00ed.<\/li>\n<\/ul>\n\n<hr class=\"wp-block-separator has-alpha-channel-opacity\"\/>\n\n<h3 class=\"wp-block-heading\"><strong>K\u013e\u00fa\u010dov\u00e9 pozn\u00e1mky pre obchodn\u00fdch n\u00e1v\u0161tevn\u00edkov<\/strong><\/h3>\n\n<ul class=\"wp-block-list\">\n<li><strong>Dohoda medzi Kanadou a Spojen\u00fdmi \u0161t\u00e1tmi americk\u00fdmi a Mexikom (CUSMA)<\/strong> obsahuje \u010fal\u0161ie ustanovenia pre \u0161t\u00e1tnych pr\u00edslu\u0161n\u00edkov USA a Mexika, ktor\u00ed sa z\u00fa\u010dast\u0148uj\u00fa na \u010dinnostiach, ako je v\u00fdskum, marketing a v\u0161eobecn\u00e9 slu\u017eby.<\/li>\n\n\n\n<li>V\u017edy sa informujte u organiz\u00e1tora stretnutia alebo podujatia o konkr\u00e9tnych po\u017eiadavk\u00e1ch alebo pokynoch.<\/li>\n\n\n\n<li>Obchodn\u00e9 n\u00e1v\u0161tevy s\u00fa obmedzen\u00e9 na \u010dinnosti, ktor\u00e9 nezah\u0155\u0148aj\u00fa priame zamestnanie v Kanade.<\/li>\n<\/ul>\n\n<p>Ak budete postupova\u0165 pod\u013ea t\u00fdchto krokov a zabezpe\u010d\u00edte si spr\u00e1vne dokumenty, va\u0161a obchodn\u00e1 n\u00e1v\u0161teva Kanady m\u00f4\u017ee prebehn\u00fa\u0165 efekt\u00edvne a \u00faspe\u0161ne.<\/p>\n","protected":false},"excerpt":{"rendered":"<p>Obchodn\u00ed n\u00e1v\u0161tevn\u00edci: N\u00e1v\u0161teva stretnut\u00ed, podujat\u00ed a konferenci\u00ed v Kanade Obchodn\u00ed n\u00e1v\u0161tevn\u00edci zohr\u00e1vaj\u00fa d\u00f4le\u017eit\u00fa \u00falohu pri podpore medzin\u00e1rodn\u00e9ho obchodu a spolupr\u00e1ce. [&hellip;]<\/p>\n","protected":false},"author":1,"featured_media":0,"parent":0,"menu_order":0,"comment_status":"closed","ping_status":"closed","template":"","meta":{"_uag_custom_page_level_css":"","site-sidebar-layout":"default","site-content-layout":"","ast-site-content-layout":"","site-content-style":"default","site-sidebar-style":"default","ast-global-header-display":"","ast-banner-title-visibility":"","ast-main-header-display":"","ast-hfb-above-header-display":"","ast-hfb-below-header-display":"","ast-hfb-mobile-header-display":"","site-post-title":"","ast-breadcrumbs-content":"","ast-featured-img":"","footer-sml-layout":"","theme-transparent-header-meta":"","adv-header-id-meta":"","stick-header-meta":"","header-above-stick-meta":"","header-main-stick-meta":"","header-below-stick-meta":"","astra-migrate-meta-layouts":"default","ast-page-background-enabled":"default","ast-page-background-meta":{"desktop":{"background-color":"var(--ast-global-color-4)","background-image":"","background-repeat":"repeat","background-position":"center center","background-size":"auto","background-attachment":"scroll","background-type":"","background-media":"","overlay-type":"","overlay-color":"","overlay-opacity":"","overlay-gradient":""},"tablet":{"background-color":"","background-image":"","background-repeat":"repeat","background-position":"center center","background-size":"auto","background-attachment":"scroll","background-type":"","background-media":"","overlay-type":"","overlay-color":"","overlay-opacity":"","overlay-gradient":""},"mobile":{"background-color":"","background-image":"","background-repeat":"repeat","background-position":"center center","background-size":"auto","background-attachment":"scroll","background-type":"","background-media":"","overlay-type":"","overlay-color":"","overlay-opacity":"","overlay-gradient":""}},"ast-content-background-meta":{"desktop":{"background-color":"var(--ast-global-color-5)","background-image":"","background-repeat":"repeat","background-position":"center center","background-size":"auto","background-attachment":"scroll","background-type":"","background-media":"","overlay-type":"","overlay-color":"","overlay-opacity":"","overlay-gradient":""},"tablet":{"background-color":"var(--ast-global-color-5)","background-image":"","background-repeat":"repeat","background-position":"center center","background-size":"auto","background-attachment":"scroll","background-type":"","background-media":"","overlay-type":"","overlay-color":"","overlay-opacity":"","overlay-gradient":""},"mobile":{"background-color":"var(--ast-global-color-5)","background-image":"","background-repeat":"repeat","background-position":"center center","background-size":"auto","background-attachment":"scroll","background-type":"","background-media":"","overlay-type":"","overlay-color":"","overlay-opacity":"","overlay-gradient":""}},"footnotes":""},"categories":[],"tags":[],"class_list":["post-1009","page","type-page","status-publish","hentry"],"uagb_featured_image_src":{"full":false,"thumbnail":false,"medium":false,"medium_large":false,"large":false,"1536x1536":false,"2048x2048":false},"uagb_author_info":{"display_name":"admin","author_link":"https:\/\/www.etafast.org\/sk\/author\/admin\/"},"uagb_comment_info":0,"uagb_excerpt":"Obchodn\u00ed n\u00e1v\u0161tevn\u00edci: N\u00e1v\u0161teva stretnut\u00ed, podujat\u00ed a konferenci\u00ed v Kanade Obchodn\u00ed n\u00e1v\u0161tevn\u00edci zohr\u00e1vaj\u00fa d\u00f4le\u017eit\u00fa \u00falohu pri podpore medzin\u00e1rodn\u00e9ho obchodu a spolupr\u00e1ce. [&hellip;]","_links":{"self":[{"href":"https:\/\/www.etafast.org\/sk\/wp-json\/wp\/v2\/pages\/1009","targetHints":{"allow":["GET"]}}],"collection":[{"href":"https:\/\/www.etafast.org\/sk\/wp-json\/wp\/v2\/pages"}],"about":[{"href":"https:\/\/www.etafast.org\/sk\/wp-json\/wp\/v2\/types\/page"}],"author":[{"embeddable":true,"href":"https:\/\/www.etafast.org\/sk\/wp-json\/wp\/v2\/users\/1"}],"replies":[{"embeddable":true,"href":"https:\/\/www.etafast.org\/sk\/wp-json\/wp\/v2\/comments?post=1009"}],"version-history":[{"count":1,"href":"https:\/\/www.etafast.org\/sk\/wp-json\/wp\/v2\/pages\/1009\/revisions"}],"predecessor-version":[{"id":1010,"href":"https:\/\/www.etafast.org\/sk\/wp-json\/wp\/v2\/pages\/1009\/revisions\/1010"}],"wp:attachment":[{"href":"https:\/\/www.etafast.org\/sk\/wp-json\/wp\/v2\/media?parent=1009"}],"wp:term":[{"taxonomy":"category","embeddable":true,"href":"https:\/\/www.etafast.org\/sk\/wp-json\/wp\/v2\/categories?post=1009"},{"taxonomy":"post_tag","embeddable":true,"href":"https:\/\/www.etafast.org\/sk\/wp-json\/wp\/v2\/tags?post=1009"}],"curies":[{"name":"wp","href":"https:\/\/api.w.org\/{rel}","templated":true}]}}