{"id":931,"date":"2024-12-11T08:30:38","date_gmt":"2024-12-11T07:30:38","guid":{"rendered":"https:\/\/www.etafast.org\/tranzit-prin-canada\/"},"modified":"2024-12-11T09:07:07","modified_gmt":"2024-12-11T08:07:07","slug":"tranzit-prin-canada","status":"publish","type":"page","link":"https:\/\/www.etafast.org\/ro\/tranzit-prin-canada\/","title":{"rendered":"Tranzit prin Canada"},"content":{"rendered":"\n<p>Dac\u0103 c\u0103l\u0103tori\u021bi \u00een alt\u0103 \u021bar\u0103 \u0219i trebuie s\u0103 tranzita\u021bi Canada, documentele necesare depind de mai mul\u021bi factori, inclusiv de modul de c\u0103l\u0103torie, durata \u0219ederii, na\u021bionalitatea \u0219i statutul de imigrant. Mai jos g\u0103si\u021bi un ghid cuprinz\u0103tor care v\u0103 ajut\u0103 s\u0103 determina\u021bi de ce ave\u021bi nevoie pentru un tranzit f\u0103r\u0103 probleme prin Canada. <\/p>\n\n<hr class=\"wp-block-separator has-alpha-channel-opacity\"\/>\n\n<h3 class=\"wp-block-heading\"><strong>Factorii care determin\u0103 nevoile dumneavoastr\u0103 de tranzit<\/strong><\/h3>\n\n<ol class=\"wp-block-list\">\n<li><strong>Modul de deplasare<\/strong>:\n<ul class=\"wp-block-list\">\n<li>Cu avionul (zboruri interna\u021bionale cu conexiune prin aeroporturi canadiene).<\/li>\n\n\n\n<li>Cu ma\u0219ina, autobuzul, trenul sau vaporul (inclusiv navele de croazier\u0103).<\/li>\n<\/ul>\n<\/li>\n\n\n\n<li><strong>Durata tranzitului<\/strong>:\n<ul class=\"wp-block-list\">\n<li>Mai pu\u021bin de 48 de ore.<\/li>\n\n\n\n<li>Mai mult de 48 de ore.<\/li>\n<\/ul>\n<\/li>\n\n\n\n<li><strong>Cet\u0103\u021benia \u0219i statutul de imigrant<\/strong>:\n<ul class=\"wp-block-list\">\n<li>\u021aara pa\u0219aportului dumneavoastr\u0103.<\/li>\n\n\n\n<li>Fie c\u0103 sunte\u021bi cet\u0103\u021bean american, rezident permanent legal \u00een SUA sau de\u021bine\u021bi o viz\u0103 american\u0103 valabil\u0103.<\/li>\n<\/ul>\n<\/li>\n<\/ol>\n\n<hr class=\"wp-block-separator has-alpha-channel-opacity\"\/>\n\n<h3 class=\"wp-block-heading\"><strong>Op\u021biuni privind documentele pentru tranzitul prin Canada<\/strong><\/h3>\n\n<h4 class=\"wp-block-heading\"><strong>1. Viza de vizitator<\/strong><\/h4>\n\n<p>Ave\u021bi nevoie de o <strong>viz\u0103 de vizitator<\/strong> dac\u0103:<\/p>\n\n<ul class=\"wp-block-list\">\n<li>Sunte\u021bi dintr-o <strong>\u021bar\u0103 cu viz\u0103 obligatorie<\/strong> \u0219i inten\u021biona\u021bi s\u0103:\n<ul class=\"wp-block-list\">\n<li>Vizita\u021bi Canada, chiar dac\u0103 este pentru mai pu\u021bin de 48 de ore.<\/li>\n\n\n\n<li>Sta\u021bi \u00een Canada pentru <strong>mai mult de 48 de ore<\/strong> \u00een timpul tranzitului.<\/li>\n<\/ul>\n<\/li>\n\n\n\n<li>C\u0103l\u0103tori\u021bi cu <strong>autobuzul, ma\u0219ina, trenul, vaporul sau vasul de croazier\u0103<\/strong> dintr-o \u021bar\u0103 pentru care este necesar\u0103 viza.<\/li>\n<\/ul>\n\n<p><\/p>\n\n<hr class=\"wp-block-separator has-alpha-channel-opacity\"\/>\n\n<h4 class=\"wp-block-heading\"><strong>2. Viza de tranzit<\/strong><\/h4>\n\n<p>Ave\u021bi nevoie de o <strong>viz\u0103 de tranzit<\/strong> dac\u0103:<\/p>\n\n<ul class=\"wp-block-list\">\n<li>Sunte\u021bi dintr-o <strong>\u021bar\u0103 cu viz\u0103 obligatorie<\/strong> \u0219i:\n<ul class=\"wp-block-list\">\n<li>Zborul dumneavoastr\u0103 interna\u021bional se opre\u0219te pe un aeroport canadian \u00een drum spre o alt\u0103 destina\u021bie.<\/li>\n\n\n\n<li>Ave\u021bi conexiune \u00eentre dou\u0103 zboruri interna\u021bionale pe unul sau mai multe aeroporturi canadiene.<\/li>\n\n\n\n<li>Tranzitul dvs. dureaz\u0103 <strong>48 de ore sau mai pu\u021bin<\/strong>.<\/li>\n\n\n\n<li>Nu ave\u021bi o viz\u0103 de vizitator valabil\u0103.<\/li>\n\n\n\n<li>Nu sunte\u021bi eligibil pentru un eTA.<\/li>\n<\/ul>\n<\/li>\n<\/ul>\n\n<p><\/p>\n\n<hr class=\"wp-block-separator has-alpha-channel-opacity\"\/>\n\n<h4 class=\"wp-block-heading\"><strong>3. Autoriza\u021bia electronic\u0103 de c\u0103l\u0103torie (eTA)<\/strong><\/h4>\n\n<p>Ave\u021bi nevoie de un <strong>eTA<\/strong> dac\u0103:<\/p>\n\n<ul class=\"wp-block-list\">\n<li>Sunte\u021bi dintr-o <strong>\u021bar\u0103 pentru care se solicit\u0103 eTA<\/strong> \u0219i:\n<ul class=\"wp-block-list\">\n<li>Tranzit aerian prin Canada.<\/li>\n\n\n\n<li>Tranzitul dumneavoastr\u0103 face parte dintr-un zbor interna\u021bional de leg\u0103tur\u0103.<\/li>\n<\/ul>\n<\/li>\n<\/ul>\n\n<p><strong>Excep\u021bii<\/strong>:<\/p>\n\n<ul class=\"wp-block-list\">\n<li>Nu ave\u021bi nevoie de eTA dac\u0103 tranzita\u021bi cu trenul, autobuzul, vaporul sau nava de croazier\u0103, dar trebuie s\u0103 ave\u021bi documente de c\u0103l\u0103torie valabile.<\/li>\n<\/ul>\n\n<p><\/p>\n\n<hr class=\"wp-block-separator has-alpha-channel-opacity\"\/>\n\n<h4 class=\"wp-block-heading\"><strong>4. Tranzit f\u0103r\u0103 viz\u0103<\/strong><\/h4>\n\n<ul class=\"wp-block-list\">\n<li><strong>Cet\u0103\u021beni americani \u0219i reziden\u021bi permanen\u021bi legali<\/strong>:<br>Cet\u0103\u021benii americani \u0219i de\u021bin\u0103torii unei c\u0103r\u021bi verzi americane pot tranzita Canada f\u0103r\u0103 viz\u0103 cu avionul, ma\u0219ina, autobuzul, trenul sau vaporul. Asigura\u021bi-v\u0103 c\u0103 ave\u021bi asupra dumneavoastr\u0103: \n<ul class=\"wp-block-list\">\n<li>Un pa\u0219aport sau un document de c\u0103l\u0103torie valabil.<\/li>\n\n\n\n<li>O carte verde american\u0103 valabil\u0103 (pentru reziden\u021bii permanen\u021bi legali).<\/li>\n<\/ul>\n<\/li>\n\n\n\n<li><strong>De\u021bin\u0103tori de pa\u0219apoarte din anumite \u021b\u0103ri<\/strong>:<br\/>Cet\u0103\u021benii din <strong>China, Indonezia, Filipine, Thailanda<\/strong> sau <strong>Taiwan<\/strong> (f\u0103r\u0103 num\u0103r personal de identificare) pot tranzita f\u0103r\u0103 viz\u0103 dac\u0103 \u00eendeplinesc anumite condi\u021bii.<\/li>\n<\/ul>\n\n<p><\/p>\n\n<hr class=\"wp-block-separator has-alpha-channel-opacity\"\/>\n\n<h3 class=\"wp-block-heading\"><strong>Documente pe care trebuie s\u0103 le ave\u021bi asupra dumneavoastr\u0103<\/strong><\/h3>\n\n<p>Atunci c\u00e2nd tranzita\u021bi Canada, ave\u021bi \u00eentotdeauna la \u00eendem\u00e2n\u0103 urm\u0103toarele documente:<\/p>\n\n<ul class=\"wp-block-list\">\n<li>Un pa\u0219aport sau un document de c\u0103l\u0103torie valabil pentru \u00eentreaga c\u0103l\u0103torie.<\/li>\n\n\n\n<li>O viz\u0103 valabil\u0103, viz\u0103 de tranzit sau eTA (dac\u0103 este cazul).<\/li>\n\n\n\n<li>Pentru reziden\u021bii permanen\u021bi din SUA: O carte verde valabil\u0103 sau o dovad\u0103 echivalent\u0103 a statutului.<\/li>\n\n\n\n<li>Dovada c\u0103l\u0103toriei ulterioare, cum ar fi biletele de avion sau itinerariul.<\/li>\n<\/ul>\n\n<hr class=\"wp-block-separator has-alpha-channel-opacity\"\/>\n\n<h3 class=\"wp-block-heading\"><strong>Note cheie<\/strong><\/h3>\n\n<ul class=\"wp-block-list\">\n<li><strong>Durata tranzitului<\/strong>: Dac\u0103 tranzitul dvs. dep\u0103\u0219e\u0219te 48 de ore, ve\u021bi avea nevoie de o viz\u0103 de vizitator.<\/li>\n\n\n\n<li><strong>Mod de intrare<\/strong>: eTA este necesar pentru c\u0103l\u0103toria cu avionul, dar nu \u0219i pentru c\u0103l\u0103toria terestr\u0103 sau maritim\u0103.<\/li>\n\n\n\n<li><strong>Cerere prealabil\u0103<\/strong>: Solicita\u021bi documentele necesare cu mult timp \u00eenainte de data c\u0103l\u0103toriei pentru a evita \u00eent\u00e2rzierile.<\/li>\n<\/ul>\n\n<p>Asigur\u00e2ndu-v\u0103 c\u0103 ave\u021bi documentele corecte, pute\u021bi tranzita Canada f\u0103r\u0103 probleme \u0219i v\u0103 pute\u021bi concentra pe atingerea destina\u021biei finale.<\/p>\n","protected":false},"excerpt":{"rendered":"<p>Dac\u0103 c\u0103l\u0103tori\u021bi \u00een alt\u0103 \u021bar\u0103 \u0219i trebuie s\u0103 tranzita\u021bi Canada, documentele necesare depind de mai mul\u021bi factori, inclusiv de modul [&hellip;]<\/p>\n","protected":false},"author":1,"featured_media":0,"parent":0,"menu_order":0,"comment_status":"closed","ping_status":"closed","template":"","meta":{"_uag_custom_page_level_css":"","site-sidebar-layout":"default","site-content-layout":"","ast-site-content-layout":"","site-content-style":"default","site-sidebar-style":"default","ast-global-header-display":"","ast-banner-title-visibility":"","ast-main-header-display":"","ast-hfb-above-header-display":"","ast-hfb-below-header-display":"","ast-hfb-mobile-header-display":"","site-post-title":"","ast-breadcrumbs-content":"","ast-featured-img":"","footer-sml-layout":"","theme-transparent-header-meta":"","adv-header-id-meta":"","stick-header-meta":"","header-above-stick-meta":"","header-main-stick-meta":"","header-below-stick-meta":"","astra-migrate-meta-layouts":"default","ast-page-background-enabled":"default","ast-page-background-meta":{"desktop":{"background-color":"var(--ast-global-color-4)","background-image":"","background-repeat":"repeat","background-position":"center center","background-size":"auto","background-attachment":"scroll","background-type":"","background-media":"","overlay-type":"","overlay-color":"","overlay-opacity":"","overlay-gradient":""},"tablet":{"background-color":"","background-image":"","background-repeat":"repeat","background-position":"center center","background-size":"auto","background-attachment":"scroll","background-type":"","background-media":"","overlay-type":"","overlay-color":"","overlay-opacity":"","overlay-gradient":""},"mobile":{"background-color":"","background-image":"","background-repeat":"repeat","background-position":"center center","background-size":"auto","background-attachment":"scroll","background-type":"","background-media":"","overlay-type":"","overlay-color":"","overlay-opacity":"","overlay-gradient":""}},"ast-content-background-meta":{"desktop":{"background-color":"var(--ast-global-color-5)","background-image":"","background-repeat":"repeat","background-position":"center center","background-size":"auto","background-attachment":"scroll","background-type":"","background-media":"","overlay-type":"","overlay-color":"","overlay-opacity":"","overlay-gradient":""},"tablet":{"background-color":"var(--ast-global-color-5)","background-image":"","background-repeat":"repeat","background-position":"center center","background-size":"auto","background-attachment":"scroll","background-type":"","background-media":"","overlay-type":"","overlay-color":"","overlay-opacity":"","overlay-gradient":""},"mobile":{"background-color":"var(--ast-global-color-5)","background-image":"","background-repeat":"repeat","background-position":"center center","background-size":"auto","background-attachment":"scroll","background-type":"","background-media":"","overlay-type":"","overlay-color":"","overlay-opacity":"","overlay-gradient":""}},"footnotes":""},"categories":[],"tags":[],"class_list":["post-931","page","type-page","status-publish","hentry"],"uagb_featured_image_src":{"full":false,"thumbnail":false,"medium":false,"medium_large":false,"large":false,"1536x1536":false,"2048x2048":false},"uagb_author_info":{"display_name":"admin","author_link":"https:\/\/www.etafast.org\/ro\/author\/admin\/"},"uagb_comment_info":0,"uagb_excerpt":"Dac\u0103 c\u0103l\u0103tori\u021bi \u00een alt\u0103 \u021bar\u0103 \u0219i trebuie s\u0103 tranzita\u021bi Canada, documentele necesare depind de mai mul\u021bi factori, inclusiv de modul [&hellip;]","_links":{"self":[{"href":"https:\/\/www.etafast.org\/ro\/wp-json\/wp\/v2\/pages\/931","targetHints":{"allow":["GET"]}}],"collection":[{"href":"https:\/\/www.etafast.org\/ro\/wp-json\/wp\/v2\/pages"}],"about":[{"href":"https:\/\/www.etafast.org\/ro\/wp-json\/wp\/v2\/types\/page"}],"author":[{"embeddable":true,"href":"https:\/\/www.etafast.org\/ro\/wp-json\/wp\/v2\/users\/1"}],"replies":[{"embeddable":true,"href":"https:\/\/www.etafast.org\/ro\/wp-json\/wp\/v2\/comments?post=931"}],"version-history":[{"count":1,"href":"https:\/\/www.etafast.org\/ro\/wp-json\/wp\/v2\/pages\/931\/revisions"}],"predecessor-version":[{"id":932,"href":"https:\/\/www.etafast.org\/ro\/wp-json\/wp\/v2\/pages\/931\/revisions\/932"}],"wp:attachment":[{"href":"https:\/\/www.etafast.org\/ro\/wp-json\/wp\/v2\/media?parent=931"}],"wp:term":[{"taxonomy":"category","embeddable":true,"href":"https:\/\/www.etafast.org\/ro\/wp-json\/wp\/v2\/categories?post=931"},{"taxonomy":"post_tag","embeddable":true,"href":"https:\/\/www.etafast.org\/ro\/wp-json\/wp\/v2\/tags?post=931"}],"curies":[{"name":"wp","href":"https:\/\/api.w.org\/{rel}","templated":true}]}}