{"id":267,"date":"2024-12-11T08:24:00","date_gmt":"2024-12-11T07:24:00","guid":{"rendered":"https:\/\/www.etafast.org\/despre-proces\/"},"modified":"2024-12-11T09:01:54","modified_gmt":"2024-12-11T08:01:54","slug":"despre-proces","status":"publish","type":"page","link":"https:\/\/www.etafast.org\/ro\/despre-proces\/","title":{"rendered":"Despre proces"},"content":{"rendered":"\n<h3 class=\"wp-block-heading\">Despre procesul de autorizare electronic\u0103 a c\u0103l\u0103toriilor (eTA)<\/h3>\n\n<p>Autoriza\u021bia electronic\u0103 de c\u0103l\u0103torie (eTA) este o cerin\u021b\u0103 de intrare pentru cet\u0103\u021benii str\u0103ini scuti\u021bi de viz\u0103 care c\u0103l\u0103toresc spre sau tranziteaz\u0103 Canada pe calea aerului. Este un proces online rapid \u0219i simplu, conceput pentru a spori securitatea frontierelor, asigur\u00e2nd \u00een acela\u0219i timp c\u0103l\u0103torii f\u0103r\u0103 probleme pentru persoanele eligibile. <\/p>\n\n<h4 class=\"wp-block-heading\">Ce este un eTA?<\/h4>\n\n<p>O eTA este o autoriza\u021bie de c\u0103l\u0103torie electronic\u0103 asociat\u0103 pa\u0219aportului dumneavoastr\u0103. Aceasta este valabil\u0103 pentru o perioad\u0103 de p\u00e2n\u0103 la cinci ani sau p\u00e2n\u0103 la expirarea pa\u0219aportului, lu\u00e2ndu-se \u00een considerare data care intervine prima. Autoriza\u021bia de c\u0103l\u0103torie electronic\u0103 v\u0103 permite s\u0103 vizita\u021bi Canada pentru \u0219ederi de scurt\u0103 durat\u0103 (de obicei p\u00e2n\u0103 la \u0219ase luni) \u00een scopuri turistice, de afaceri sau de tranzit.  <\/p>\n\n<h4 class=\"wp-block-heading\">Puncte cheie de \u0219tiut despre procesul eTA:<\/h4>\n\n<ol class=\"wp-block-list\">\n<li><strong>Cerere online simpl\u0103<\/strong>:<br\/>Procesul de cerere eTA se desf\u0103\u0219oar\u0103 \u00een \u00eentregime online. Nu este nevoie de documente sau de vizite \u00een persoan\u0103, ceea ce o face o op\u021biune convenabil\u0103 pentru c\u0103l\u0103tori. <\/li>\n\n\n\n<li><strong>Tax\u0103 accesibil\u0103<\/strong>:<br\/>Solicitarea unui eTA cost\u0103 doar 7 CAN$. Aceast\u0103 tax\u0103 se pl\u0103te\u0219te online \u00een timpul procesului de solicitare. <\/li>\n\n\n\n<li><strong>Procesare rapid\u0103<\/strong>:<br\/>Majoritatea cererilor eTA sunt aprobate \u00een c\u00e2teva minute. Cu toate acestea, unele cereri pot dura mai mult dac\u0103 sunt necesare documente suplimentare. \u00cen astfel de cazuri, solicitan\u021bii vor primi instruc\u021biuni prin e-mail \u00een termen de 72 de ore.  <\/li>\n\n\n\n<li><strong>Cerin\u021be de eligibilitate<\/strong>:\n<ul class=\"wp-block-list\">\n<li>Cet\u0103\u021benii str\u0103ini scuti\u021bi de viz\u0103 care zboar\u0103 spre Canada sau tranziteaz\u0103 Canada au nevoie de un eTA.<\/li>\n\n\n\n<li>Anumi\u021bi c\u0103l\u0103tori din \u021b\u0103ri care au obliga\u021bia de a de\u021bine viz\u0103 se pot califica, de asemenea, pentru o eTA dac\u0103 \u00eendeplinesc anumite criterii, cum ar fi de\u021binerea unei vize de neimigrant valabile \u00een SUA sau de\u021binerea unei vize de vizitator canadian \u00een ultimii 10 ani.<\/li>\n\n\n\n<li>C\u0103l\u0103torii care sosesc cu ma\u0219ina, autobuzul, trenul sau vaporul, inclusiv navele de croazier\u0103, au nevoie de o viz\u0103 de vizitator \u00een loc de o eTA.<\/li>\n<\/ul>\n<\/li>\n\n\n\n<li><strong>Limit\u0103ri de c\u0103l\u0103torie<\/strong>:\n<ul class=\"wp-block-list\">\n<li>Un eTA nu v\u0103 permite s\u0103 lucra\u021bi sau s\u0103 studia\u021bi \u00een Canada. Dac\u0103 inten\u021biona\u021bi s\u0103 lucra\u021bi sau s\u0103 studia\u021bi, trebuie s\u0103 solicita\u021bi permisele corespunz\u0103toare. <\/li>\n\n\n\n<li>Un eTA nu garanteaz\u0103 intrarea \u00een Canada. Func\u021bionarii de frontier\u0103 v\u0103 vor evalua eligibilitatea la sosire. <\/li>\n<\/ul>\n<\/li>\n\n\n\n<li><strong>Valabilitate<\/strong>:<br\/>Odat\u0103 aprobat\u0103, o eTA este legat\u0103 de pa\u0219aportul dumneavoastr\u0103 \u0219i r\u0103m\u00e2ne valabil\u0103 pentru intr\u0103ri multiple, cu condi\u021bia ca pa\u0219aportul dumneavoastr\u0103 s\u0103 r\u0103m\u00e2n\u0103 valabil. C\u0103l\u0103tori\u021bi \u00eentotdeauna cu acela\u0219i pa\u0219aport pe care l-a\u021bi folosit pentru solicitarea eTA. <\/li>\n<\/ol>\n\n<h4 class=\"wp-block-heading\">Proteja\u021bi-v\u0103 de escrocherii<\/h4>\n\n<p>Feri\u021bi-v\u0103 de site-urile frauduloase sau de persoanele care promit intrarea garantat\u0103, oportunit\u0103\u021bi de munc\u0103 sau de studiu \u00een Canada. Aplica\u021bi numai prin intermediul site-ului oficial al Guvernului Canadei \u0219i evita\u021bi s\u0103 furniza\u021bi informa\u021bii personale unor surse neverificate. Declara\u021biile false sau frauda pot avea consecin\u021be juridice grave.  <\/p>\n\n<h4 class=\"wp-block-heading\">\u00cenainte de a aplica<\/h4>\n\n<ul class=\"wp-block-list\">\n<li>Asigura\u021bi-v\u0103 c\u0103 ave\u021bi un pa\u0219aport valabil, un card de credit sau de debit \u0219i o adres\u0103 de e-mail.<\/li>\n\n\n\n<li>Citi\u021bi documentul de ajutor al aplica\u021biei, disponibil \u00een mai multe limbi, pentru orientare.<\/li>\n\n\n\n<li>Solicita\u021bi un eTA <strong>\u00eenainte de a<\/strong> v\u0103 rezerva zborul pentru a evita \u00eent\u00e2rzierile.<\/li>\n<\/ul>\n\n<p>Solicitarea unui eTA este un pas esen\u021bial pentru c\u0103l\u0103torii eligibili care inten\u021bioneaz\u0103 s\u0103 viziteze Canada. \u00cen\u021beleg\u00e2nd procesul \u0219i preg\u0103tindu-v\u0103 cererea cu aten\u021bie, v\u0103 pute\u021bi asigura o c\u0103l\u0103torie u\u0219oar\u0103 \u0219i f\u0103r\u0103 complica\u021bii. <\/p>\n","protected":false},"excerpt":{"rendered":"<p>Despre procesul de autorizare electronic\u0103 a c\u0103l\u0103toriilor (eTA) Autoriza\u021bia electronic\u0103 de c\u0103l\u0103torie (eTA) este o cerin\u021b\u0103 de intrare pentru cet\u0103\u021benii [&hellip;]<\/p>\n","protected":false},"author":1,"featured_media":0,"parent":0,"menu_order":0,"comment_status":"closed","ping_status":"closed","template":"","meta":{"_uag_custom_page_level_css":"","site-sidebar-layout":"default","site-content-layout":"","ast-site-content-layout":"","site-content-style":"default","site-sidebar-style":"default","ast-global-header-display":"","ast-banner-title-visibility":"","ast-main-header-display":"","ast-hfb-above-header-display":"","ast-hfb-below-header-display":"","ast-hfb-mobile-header-display":"","site-post-title":"","ast-breadcrumbs-content":"","ast-featured-img":"","footer-sml-layout":"","theme-transparent-header-meta":"","adv-header-id-meta":"","stick-header-meta":"","header-above-stick-meta":"","header-main-stick-meta":"","header-below-stick-meta":"","astra-migrate-meta-layouts":"default","ast-page-background-enabled":"default","ast-page-background-meta":{"desktop":{"background-color":"var(--ast-global-color-4)","background-image":"","background-repeat":"repeat","background-position":"center center","background-size":"auto","background-attachment":"scroll","background-type":"","background-media":"","overlay-type":"","overlay-color":"","overlay-opacity":"","overlay-gradient":""},"tablet":{"background-color":"","background-image":"","background-repeat":"repeat","background-position":"center center","background-size":"auto","background-attachment":"scroll","background-type":"","background-media":"","overlay-type":"","overlay-color":"","overlay-opacity":"","overlay-gradient":""},"mobile":{"background-color":"","background-image":"","background-repeat":"repeat","background-position":"center center","background-size":"auto","background-attachment":"scroll","background-type":"","background-media":"","overlay-type":"","overlay-color":"","overlay-opacity":"","overlay-gradient":""}},"ast-content-background-meta":{"desktop":{"background-color":"var(--ast-global-color-5)","background-image":"","background-repeat":"repeat","background-position":"center center","background-size":"auto","background-attachment":"scroll","background-type":"","background-media":"","overlay-type":"","overlay-color":"","overlay-opacity":"","overlay-gradient":""},"tablet":{"background-color":"var(--ast-global-color-5)","background-image":"","background-repeat":"repeat","background-position":"center center","background-size":"auto","background-attachment":"scroll","background-type":"","background-media":"","overlay-type":"","overlay-color":"","overlay-opacity":"","overlay-gradient":""},"mobile":{"background-color":"var(--ast-global-color-5)","background-image":"","background-repeat":"repeat","background-position":"center center","background-size":"auto","background-attachment":"scroll","background-type":"","background-media":"","overlay-type":"","overlay-color":"","overlay-opacity":"","overlay-gradient":""}},"footnotes":""},"categories":[],"tags":[],"class_list":["post-267","page","type-page","status-publish","hentry"],"uagb_featured_image_src":{"full":false,"thumbnail":false,"medium":false,"medium_large":false,"large":false,"1536x1536":false,"2048x2048":false},"uagb_author_info":{"display_name":"admin","author_link":"https:\/\/www.etafast.org\/ro\/author\/admin\/"},"uagb_comment_info":0,"uagb_excerpt":"Despre procesul de autorizare electronic\u0103 a c\u0103l\u0103toriilor (eTA) Autoriza\u021bia electronic\u0103 de c\u0103l\u0103torie (eTA) este o cerin\u021b\u0103 de intrare pentru cet\u0103\u021benii [&hellip;]","_links":{"self":[{"href":"https:\/\/www.etafast.org\/ro\/wp-json\/wp\/v2\/pages\/267","targetHints":{"allow":["GET"]}}],"collection":[{"href":"https:\/\/www.etafast.org\/ro\/wp-json\/wp\/v2\/pages"}],"about":[{"href":"https:\/\/www.etafast.org\/ro\/wp-json\/wp\/v2\/types\/page"}],"author":[{"embeddable":true,"href":"https:\/\/www.etafast.org\/ro\/wp-json\/wp\/v2\/users\/1"}],"replies":[{"embeddable":true,"href":"https:\/\/www.etafast.org\/ro\/wp-json\/wp\/v2\/comments?post=267"}],"version-history":[{"count":1,"href":"https:\/\/www.etafast.org\/ro\/wp-json\/wp\/v2\/pages\/267\/revisions"}],"predecessor-version":[{"id":268,"href":"https:\/\/www.etafast.org\/ro\/wp-json\/wp\/v2\/pages\/267\/revisions\/268"}],"wp:attachment":[{"href":"https:\/\/www.etafast.org\/ro\/wp-json\/wp\/v2\/media?parent=267"}],"wp:term":[{"taxonomy":"category","embeddable":true,"href":"https:\/\/www.etafast.org\/ro\/wp-json\/wp\/v2\/categories?post=267"},{"taxonomy":"post_tag","embeddable":true,"href":"https:\/\/www.etafast.org\/ro\/wp-json\/wp\/v2\/tags?post=267"}],"curies":[{"name":"wp","href":"https:\/\/api.w.org\/{rel}","templated":true}]}}