{"id":1509,"date":"2024-12-11T08:24:51","date_gmt":"2024-12-11T07:24:51","guid":{"rendered":"https:\/\/www.etafast.org\/cine-poate-aplica\/"},"modified":"2024-12-11T09:15:42","modified_gmt":"2024-12-11T08:15:42","slug":"cine-poate-aplica","status":"publish","type":"page","link":"https:\/\/www.etafast.org\/ro\/cine-poate-aplica\/","title":{"rendered":"Cine poate aplica"},"content":{"rendered":"\n<h3 class=\"wp-block-heading\">Cine poate solicita o autoriza\u021bie electronic\u0103 de c\u0103l\u0103torie (eTA)<\/h3>\n\n<p>Autoriza\u021bia electronic\u0103 de c\u0103l\u0103torie (eTA) este o cerin\u021b\u0103 de c\u0103l\u0103torie pentru anumite persoane care c\u0103l\u0103toresc sau tranziteaz\u0103 Canada pe calea aerului. Iat\u0103 o defalcare detaliat\u0103 a persoanelor care sunt eligibile pentru a depune o cerere: <\/p>\n\n<h4 class=\"wp-block-heading\"><strong>Criterii de eligibilitate pentru un eTA<\/strong><\/h4>\n\n<p>Pute\u021bi aplica pentru un eTA dac\u0103 \u00eendeplini\u021bi <strong>toate cele trei cerin\u021be de mai jos<\/strong>:<\/p>\n\n<ol class=\"wp-block-list\">\n<li><strong>Istoricul c\u0103l\u0103toriilor anterioare<\/strong>:<ul><li>A\u021bi de\u021binut o viz\u0103 canadian\u0103 de vizitator (viz\u0103 de rezident temporar) \u00een ultimii 10 ani, SAU<\/li><li>De\u021bine\u021bi \u00een prezent o viz\u0103 de neimigrant valabil\u0103 pentru Statele Unite ale Americii (SUA).<\/li><\/ul><em>(Viza dvs. de neimigrant din SUA trebuie s\u0103 fie valabil\u0103 \u00een ziua \u00een care solicita\u021bi o eTA, dar nu trebuie s\u0103 r\u0103m\u00e2n\u0103 valabil\u0103 pentru c\u0103l\u0103toria dvs. \u00een Canada).<\/em><\/li>\n\n\n\n<li><strong>Scopul deplas\u0103rii<\/strong>:\n<ul class=\"wp-block-list\">\n<li>Veni\u021bi \u00een Canada pentru o <strong>\u0219edere temporar\u0103<\/strong>, de obicei de p\u00e2n\u0103 la \u0219ase luni.<\/li>\n<\/ul>\n<\/li>\n\n\n\n<li><strong>Mod de c\u0103l\u0103torie<\/strong>:\n<ul class=\"wp-block-list\">\n<li>Zbura\u021bi c\u0103tre sau tranzita\u021bi un aeroport canadian cu un pa\u0219aport valabil din una dintre <strong>\u021b\u0103rile eligibile care au nevoie de viz\u0103<\/strong>.<\/li>\n<\/ul>\n<\/li>\n<\/ol>\n\n<h4 class=\"wp-block-heading\"><strong>\u021a\u0103ri eligibile care au nevoie de viz\u0103<\/strong><\/h4>\n\n<p>Cet\u0103\u021benii din urm\u0103toarele \u021b\u0103ri pot solicita un eTA dac\u0103 \u00eendeplinesc criteriile de mai sus:<\/p>\n\n<ul class=\"wp-block-list\">\n<li>Antigua \u0219i Barbuda<\/li>\n\n\n\n<li>Argentina<\/li>\n\n\n\n<li>Brazilia<\/li>\n\n\n\n<li>Costa Rica<\/li>\n\n\n\n<li>Mexic<\/li>\n\n\n\n<li>Maroc<\/li>\n\n\n\n<li>Panama<\/li>\n\n\n\n<li>Filipine<\/li>\n\n\n\n<li>St. Kitts \u0219i Nevis<\/li>\n\n\n\n<li>St. Lucia<\/li>\n\n\n\n<li>St. Vincent \u0219i Grenadine<\/li>\n\n\n\n<li>Seychelles<\/li>\n\n\n\n<li>Thailanda<\/li>\n\n\n\n<li>Trinidad \u0219i Tobago<\/li>\n\n\n\n<li>Uruguay<\/li>\n<\/ul>\n\n<p>Dac\u0103 nu \u00eendeplini\u021bi toate aceste cerin\u021be, va trebui s\u0103 solicita\u021bi \u00een schimb o viz\u0103 de vizitator (viz\u0103 de rezident temporar).<\/p>\n\n<hr class=\"wp-block-separator has-alpha-channel-opacity\"\/>\n\n<h3 class=\"wp-block-heading\"><strong>Cine NU are nevoie de un eTA?<\/strong><\/h3>\n\n<ul class=\"wp-block-list\">\n<li><strong>Cet\u0103\u021beni americani<\/strong>:<br\/>Cet\u0103\u021benii americani sunt scuti\u021bi de cerin\u021ba eTA. Ei trebuie doar s\u0103 prezinte un pa\u0219aport american valabil. <\/li>\n\n\n\n<li><strong>Cet\u0103\u021beni canadieni (inclusiv cet\u0103\u021benii cu dubl\u0103 cet\u0103\u021benie)<\/strong>:<br\/>Cet\u0103\u021benii canadieni nu pot solicita un eTA. Ace\u0219tia trebuie s\u0103 c\u0103l\u0103toreasc\u0103 cu un pa\u0219aport canadian valabil. Cet\u0103\u021benii cu dubl\u0103 cet\u0103\u021benie trebuie, de asemenea, s\u0103 utilizeze pa\u0219aportul lor canadian atunci c\u00e2nd zboar\u0103 spre Canada.  <\/li>\n\n\n\n<li><strong>Reziden\u021bi permanen\u021bi canadieni<\/strong>:<br>Reziden\u021bii permanen\u021bi din Canada nu pot solicita o eTA. \u00cen schimb, ace\u0219tia trebuie s\u0103 c\u0103l\u0103toreasc\u0103 cu: \n<ul class=\"wp-block-list\">\n<li>Un card valabil de rezident permanent, SAU<\/li>\n\n\n\n<li>Un document de c\u0103l\u0103torie pentru rezident permanent.<\/li>\n<\/ul>\n<\/li>\n\n\n\n<li><strong>Reziden\u021bi permanen\u021bi legali ai Statelor Unite<\/strong>:<br>\u00cencep\u00e2nd cu 26 aprilie 2022, reziden\u021bii permanen\u021bi legali ai Statelor Unite sunt scuti\u021bi de cerin\u021ba eTA. Ace\u0219tia trebuie s\u0103 aib\u0103 asupra lor: \n<ul class=\"wp-block-list\">\n<li>un pa\u0219aport valabil din \u021bara lor de cet\u0103\u021benie; \u0219i<\/li>\n\n\n\n<li>O carte verde american\u0103 valabil\u0103 sau o dovad\u0103 echivalent\u0103 a statutului.<\/li>\n<\/ul>\n<\/li>\n<\/ul>\n\n<hr class=\"wp-block-separator has-alpha-channel-opacity\"\/>\n\n<h3 class=\"wp-block-heading\"><strong>Scenarii de c\u0103l\u0103torie \u0219i cerin\u021be privind documentele<\/strong><\/h3>\n\n<figure class=\"wp-block-table\"><table class=\"has-fixed-layout\"><thead><tr><th><strong>Cum c\u0103l\u0103tori\u021bi \u00een Canada<\/strong><\/th><th><strong>Document(e) necesar(e)<\/strong><\/th><\/tr><\/thead><tbody><tr><td>S\u0103 zboare c\u0103tre sau s\u0103 tranziteze un aeroport canadian \u0219i s\u0103 fie eligibil pentru un eTA<\/td><td>eTA sau viz\u0103 de vizitator<\/td><\/tr><tr><td>S\u0103 zboare c\u0103tre sau s\u0103 tranziteze un aeroport canadian \u0219i s\u0103 NU fie eligibil pentru un eTA<\/td><td>Viza de vizitator<\/td><\/tr><tr><td>Sosirea cu ma\u0219ina, autobuzul, trenul sau vaporul (inclusiv navele de croazier\u0103)<\/td><td>Viza de vizitator<\/td><\/tr><tr><td>C\u0103l\u0103tori\u021bi \u00een Canada cu o viz\u0103 canadian\u0103 valabil\u0103<\/td><td>Nu este necesar eTA &#8211; utiliza\u021bi viza<\/td><\/tr><tr><td>Zborul \u00eenapoi \u00een Canada dup\u0103 re\u00eennoirea permisului de munc\u0103 sau de studii<\/td><td>eTA furnizat\u0103 odat\u0103 cu re\u00eennoirea permisului<\/td><\/tr><tr><td>C\u0103l\u0103tori\u021bi \u00een Canada pentru a lucra sau a studia pentru mai mult de 6 luni<\/td><td>Permis de munc\u0103 sau de studii (include o viz\u0103)<\/td><\/tr><\/tbody><\/table><\/figure>\n\n<hr class=\"wp-block-separator has-alpha-channel-opacity\"\/>\n\n<h3 class=\"wp-block-heading\"><strong>Considera\u021bii importante<\/strong><\/h3>\n\n<ul class=\"wp-block-list\">\n<li><strong>Cerin\u021be de baz\u0103<\/strong>: Pentru a intra \u00een Canada, trebuie s\u0103 \u00eendeplini\u021bi criteriile generale de intrare, inclusiv documente de c\u0103l\u0103torie valabile, s\u0103n\u0103tate bun\u0103, sprijin financiar \u0219i leg\u0103turi puternice cu \u021bara de origine.<\/li>\n\n\n\n<li><strong>Inadmisibilitate<\/strong>: Persoanele implicate \u00een activit\u0103\u021bi infrac\u021bionale, amenin\u021b\u0103ri la adresa securit\u0103\u021bii sau anumite probleme financiare \u0219i de s\u0103n\u0103tate pot fi considerate inadmisibile \u00een Canada, chiar \u0219i cu un eTA valabil.<\/li>\n<\/ul>\n\n<p>eTA este conceput pentru a simplifica c\u0103l\u0103toria cu avionul c\u0103tre Canada pentru persoanele eligibile. Asigura\u021bi-v\u0103 c\u0103 analiza\u021bi cu aten\u021bie cerin\u021bele \u0219i depune\u021bi cererea cu mult timp \u00eenainte de c\u0103l\u0103toria planificat\u0103. <\/p>\n","protected":false},"excerpt":{"rendered":"<p>Cine poate solicita o autoriza\u021bie electronic\u0103 de c\u0103l\u0103torie (eTA) Autoriza\u021bia electronic\u0103 de c\u0103l\u0103torie (eTA) este o cerin\u021b\u0103 de c\u0103l\u0103torie pentru [&hellip;]<\/p>\n","protected":false},"author":1,"featured_media":0,"parent":0,"menu_order":0,"comment_status":"closed","ping_status":"closed","template":"","meta":{"_uag_custom_page_level_css":"","site-sidebar-layout":"default","site-content-layout":"","ast-site-content-layout":"","site-content-style":"default","site-sidebar-style":"default","ast-global-header-display":"","ast-banner-title-visibility":"","ast-main-header-display":"","ast-hfb-above-header-display":"","ast-hfb-below-header-display":"","ast-hfb-mobile-header-display":"","site-post-title":"","ast-breadcrumbs-content":"","ast-featured-img":"","footer-sml-layout":"","theme-transparent-header-meta":"","adv-header-id-meta":"","stick-header-meta":"","header-above-stick-meta":"","header-main-stick-meta":"","header-below-stick-meta":"","astra-migrate-meta-layouts":"default","ast-page-background-enabled":"default","ast-page-background-meta":{"desktop":{"background-color":"var(--ast-global-color-4)","background-image":"","background-repeat":"repeat","background-position":"center center","background-size":"auto","background-attachment":"scroll","background-type":"","background-media":"","overlay-type":"","overlay-color":"","overlay-opacity":"","overlay-gradient":""},"tablet":{"background-color":"","background-image":"","background-repeat":"repeat","background-position":"center center","background-size":"auto","background-attachment":"scroll","background-type":"","background-media":"","overlay-type":"","overlay-color":"","overlay-opacity":"","overlay-gradient":""},"mobile":{"background-color":"","background-image":"","background-repeat":"repeat","background-position":"center center","background-size":"auto","background-attachment":"scroll","background-type":"","background-media":"","overlay-type":"","overlay-color":"","overlay-opacity":"","overlay-gradient":""}},"ast-content-background-meta":{"desktop":{"background-color":"var(--ast-global-color-5)","background-image":"","background-repeat":"repeat","background-position":"center center","background-size":"auto","background-attachment":"scroll","background-type":"","background-media":"","overlay-type":"","overlay-color":"","overlay-opacity":"","overlay-gradient":""},"tablet":{"background-color":"var(--ast-global-color-5)","background-image":"","background-repeat":"repeat","background-position":"center center","background-size":"auto","background-attachment":"scroll","background-type":"","background-media":"","overlay-type":"","overlay-color":"","overlay-opacity":"","overlay-gradient":""},"mobile":{"background-color":"var(--ast-global-color-5)","background-image":"","background-repeat":"repeat","background-position":"center center","background-size":"auto","background-attachment":"scroll","background-type":"","background-media":"","overlay-type":"","overlay-color":"","overlay-opacity":"","overlay-gradient":""}},"footnotes":""},"categories":[],"tags":[],"class_list":["post-1509","page","type-page","status-publish","hentry"],"uagb_featured_image_src":{"full":false,"thumbnail":false,"medium":false,"medium_large":false,"large":false,"1536x1536":false,"2048x2048":false},"uagb_author_info":{"display_name":"admin","author_link":"https:\/\/www.etafast.org\/ro\/author\/admin\/"},"uagb_comment_info":0,"uagb_excerpt":"Cine poate solicita o autoriza\u021bie electronic\u0103 de c\u0103l\u0103torie (eTA) Autoriza\u021bia electronic\u0103 de c\u0103l\u0103torie (eTA) este o cerin\u021b\u0103 de c\u0103l\u0103torie pentru [&hellip;]","_links":{"self":[{"href":"https:\/\/www.etafast.org\/ro\/wp-json\/wp\/v2\/pages\/1509","targetHints":{"allow":["GET"]}}],"collection":[{"href":"https:\/\/www.etafast.org\/ro\/wp-json\/wp\/v2\/pages"}],"about":[{"href":"https:\/\/www.etafast.org\/ro\/wp-json\/wp\/v2\/types\/page"}],"author":[{"embeddable":true,"href":"https:\/\/www.etafast.org\/ro\/wp-json\/wp\/v2\/users\/1"}],"replies":[{"embeddable":true,"href":"https:\/\/www.etafast.org\/ro\/wp-json\/wp\/v2\/comments?post=1509"}],"version-history":[{"count":1,"href":"https:\/\/www.etafast.org\/ro\/wp-json\/wp\/v2\/pages\/1509\/revisions"}],"predecessor-version":[{"id":1510,"href":"https:\/\/www.etafast.org\/ro\/wp-json\/wp\/v2\/pages\/1509\/revisions\/1510"}],"wp:attachment":[{"href":"https:\/\/www.etafast.org\/ro\/wp-json\/wp\/v2\/media?parent=1509"}],"wp:term":[{"taxonomy":"category","embeddable":true,"href":"https:\/\/www.etafast.org\/ro\/wp-json\/wp\/v2\/categories?post=1509"},{"taxonomy":"post_tag","embeddable":true,"href":"https:\/\/www.etafast.org\/ro\/wp-json\/wp\/v2\/tags?post=1509"}],"curies":[{"name":"wp","href":"https:\/\/api.w.org\/{rel}","templated":true}]}}